{"id":34052,"date":"2020-09-13T17:47:27","date_gmt":"2020-09-13T09:47:27","guid":{"rendered":"https:\/\/mairsturnstile.com\/product\/portao-de-catraca-tripe-portatil-mt122"},"modified":"2024-11-03T13:36:10","modified_gmt":"2024-11-03T05:36:10","slug":"catraca-portatil","status":"publish","type":"product","link":"https:\/\/mairsturnstile.com\/pt\/product\/catraca-portatil","title":{"rendered":"TORNIQUETE PORT\u00c1TIL TORNIQUETE DE TRIP\u00c9 PORT\u00c1TIL"},"content":{"rendered":"        <!-- 3D Model html -->\r\n        <div class=\"bp_grand wrapper_25995\">   \r\n        <div class=\"bp_model_parent\">\r\n            <model-viewer class=\"model\" id=\"bp_model_id_25995\" src=\"http:\/\/mairsturnstile.com\/wp-content\/uploads\/2024\/10\/portable-turnstile.glb\" alt=\"portable turnstile\" camera-controls  loading=\"auto\" auto-rotate                        >\r\n            <\/model-viewer>\r\n        \r\n            <!-- Button -->\r\n            <svg id=\"openBtn\" width=\"30px\" height=\"30px\" viewBox=\"0 0 16 16\" xmlns=\"http:\/\/www.w3.org\/2000\/svg\" fill=\"#f2f2f2\" class=\"bi bi-arrows-fullscreen model-icon\">\r\n                <path fill-rule=\"evenodd\" d=\"M5.828 10.172a.5.5 0 0 0-.707 0l-4.096 4.096V11.5a.5.5 0 0 0-1 0v3.975a.5.5 0 0 0 .5.5H4.5a.5.5 0 0 0 0-1H1.732l4.096-4.096a.5.5 0 0 0 0-.707zm4.344 0a.5.5 0 0 1 .707 0l4.096 4.096V11.5a.5.5 0 1 1 1 0v3.975a.5.5 0 0 1-.5.5H11.5a.5.5 0 0 1 0-1h2.768l-4.096-4.096a.5.5 0 0 1 0-.707zm0-4.344a.5.5 0 0 0 .707 0l4.096-4.096V4.5a.5.5 0 1 0 1 0V.525a.5.5 0 0 0-.5-.5H11.5a.5.5 0 0 0 0 1h2.768l-4.096 4.096a.5.5 0 0 0 0 .707zm-4.344 0a.5.5 0 0 1-.707 0L1.025 1.732V4.5a.5.5 0 0 1-1 0V.525a.5.5 0 0 1 .5-.5H4.5a.5.5 0 0 1 0 1H1.732l4.096 4.096a.5.5 0 0 1 0 .707z\"\/>\r\n            <\/svg>\r\n        \r\n            <svg id=\"closeBtn\" class=\"model-icon\" width=\"34px\" height=\"34px\" viewBox=\"0 0 24 24\" xmlns=\"http:\/\/www.w3.org\/2000\/svg\">\r\n                <path fill=\"none\" stroke=\"#f2f2f2\" stroke-width=\"2\" d=\"M7,7 L17,17 M7,17 L17,7\"\/>\r\n            <\/svg>\r\n        \r\n        <\/div>\r\n        <\/div> \r\n\r\n        <!-- Model Viewer Style -->\r\n        <style>\r\n            \r\n            .wrapper_25995 .bp_model_parent, #bp_model_id_25995 {\r\n                width: 1150px;\r\n                max-width: 100%;\r\n                                            }\r\n            #bp_model_id_25995 {\r\n                height:700px;\r\n                background-color: #f9f9f9;\r\n            }\r\n            .fullscreen #bp_model_id_25995{\r\n            height: 100%;\r\n            width: 100%;\r\n            }\r\n            .wrapper_25995 .bp_model_parent{\r\n                justify-content: start            }\r\n            model-viewer.model {\r\n                --poster-color: transparent;\r\n            }\r\n        <\/style>\r\n        \r\n        \n<h2>A PORTA PORT\u00c1TIL TURNSTILE TRIPOD TURNSTILE tem uma garantia de 2 anos e um suporte duradouro para manuten\u00e7\u00e3o e repara\u00e7\u00e3o.<\/h2>\n<p>O torniquete port\u00e1til \u00e9 um torniquete m\u00f3vel para pe\u00f5es que pode ser utilizado para controlar o tr\u00e1fego de pe\u00f5es e gerir pontos de acesso, composto por um torniquete normal instalado numa base m\u00f3vel. A base m\u00f3vel est\u00e1 equipada com quatro rodas. As rodas podem ser ajustadas. Quando a catraca port\u00e1til precisa se mover, as rodas podem ser ajustadas para baixo para empurrar a catraca port\u00e1til at\u00e9 o local desejado. Quando fixada, as rodas podem ser puxadas para tr\u00e1s, a catraca port\u00e1til pode ser fixada e usada normalmente. Um torniquete port\u00e1til \u00e9 moderno, m\u00f3vel e pode ser personalizado.<\/p>\n<p>A placa de base \u00e9 geralmente feita de a\u00e7o inoxid\u00e1vel 201 com textura antiderrapante para evitar escorreg\u00f5es durante a passagem. Pode ser reaproveitado para que se um local n\u00e3o precisar mais, voc\u00ea possa mudar para outro local onde seja necess\u00e1ria a catraca port\u00e1til. A maioria deles \u00e9 para alugar, ou alguns eventos esportivos, shows e assim por diante. Suas vantagens s\u00e3o mobilidade e portabilidade. A catraca port\u00e1til \u00e9 econ\u00f4mica e pr\u00e1tica, aplic\u00e1vel nos mais diversos locais, sendo utilizada principalmente em locais de m\u00e3o \u00fanica sem autoriza\u00e7\u00e3o. Instala\u00e7\u00e3o conveniente e longa vida \u00fatil.<\/p>\n<p>Tamb\u00e9m podemos criar uma renderiza\u00e7\u00e3o para voc\u00ea em poucos minutos com base no seu cen\u00e1rio real. Tamb\u00e9m fornecemos layouts e desenhos detalhados, bem como desenhos de instala\u00e7\u00e3o.<\/p>\n\n        \t\n\t<style type=\"text\/css\">\n\t\t.slider-info-25996.bafg-slider-info .bafg-slider-title {\n\t\t\t\t\t\tfont-size: 22px;\n\t\t\t\t\t\t\n\t\t\t\n\t\t\t\t\t}\n\n\t\t.slider-info-25996.bafg-slider-info .bafg-slider-description {\n\t\t\t\n\t\t\t\n\t\t\t\t\t}\n\n\t\t.slider-info-25996.bafg-slider-info .bafg_slider_readmore_button {\n\t\t\t\n\t\t\t\n\t\t\t\n\t\t\t\n\t\t\t\n\t\t\ttext-align: center;\n\n\t\t\t\n\t\t\t\n\t\t\t\n\t\t\t\n\t\t\t\n\t\t\t\n\t\t\t\t\t}\n\n\t\t.slider-info-25996.bafg-slider-info .bafg_slider_readmore_button:hover {\n\n\t\t\t\n\t\t\t\n\t\t\t\t\t}\n\n\t<\/style>\n\t\n        <div class=\"bafg-twentytwenty-container slider-25996 \" bafg-orientation=\"horizontal\" bafg-default-offset=\"0.5\" bafg-before-label=\"Before\" bafg-after-label=\"After\" bafg-overlay=\"yes\" bafg-move-slider-on-hover=\"yes\" bafg-click-to-move=\"no\">\n              \n            <img decoding=\"async\" class=\"skip-lazy\" src=\"http:\/\/mairsturnstile.com\/wp-content\/uploads\/2020\/09\/portable-turnstile-7.jpg\" alt=\"portable turnstile\" data-skip-lazy title=\"\">\n            <img decoding=\"async\" class=\"skip-lazy\" src=\"http:\/\/mairsturnstile.com\/wp-content\/uploads\/2020\/09\/portable-turnstile-8.jpg\" alt=\"portable turnstile\" data-skip-lazy title=\"\">\n           \n        <\/div>\n\n        \t<div class=\"bafg-slider-info-wraper\">\n\t\t<div style=\"\" class=\"slider-info-25996 bafg-slider-info\">\n\t\t\t\t\t<\/div>\n\t<\/div>\n\t\n        <style type=\"text\/css\">\n            \n        <\/style>\n        \n<p>Basicamente, todos os modelos dos nossos produtos podem ser transformados neste torniquete port\u00e1til, mas geralmente, a maioria dos clientes escolher\u00e1 o <a href=\"https:\/\/mairsturnstile.com\/tripod-turnstile.html\" target=\"_blank\" rel=\"noopener\">torniquete de trip\u00e9<\/a>, <a href=\"https:\/\/mairsturnstile.com\/what-is-flap-barrier.html\" target=\"_blank\" rel=\"noopener\">o torniquete de barreira de aba<\/a> ou o <a href=\"https:\/\/mairsturnstile.com\/swing-turnstile-gate.html\" target=\"_blank\" rel=\"noopener\">torniquete de balan\u00e7o<\/a>. Caso tenha outras necessidades, tamb\u00e9m podemos personaliz\u00e1-las de acordo com suas necessidades. Com o desenvolvimento da sociedade, o progresso da ci\u00eancia e da tecnologia e as pessoas prestando mais aten\u00e7\u00e3o \u00e0 seguran\u00e7a dos locais p\u00fablicos, MairsTurnstile acreditava que tais produtos port\u00e1teis seriam cada vez mais utilizados.<\/p>\n<p>As catracas port\u00e1teis tamb\u00e9m s\u00e3o chamadas de catracas tempor\u00e1rias porque geralmente s\u00e3o usadas em alguns locais tempor\u00e1rios. Geralmente \u00e9 usado em locais onde \u00e9 inconveniente perfurar e conectar fios, ou onde a administra\u00e7\u00e3o da propriedade n\u00e3o permite danos ao solo, ou em locais tempor\u00e1rios onde equipamentos de gerenciamento de controle de acesso s\u00e3o necess\u00e1rios por um curto per\u00edodo de tempo, como alguns concertos, palcos de apresenta\u00e7\u00f5es \u00e9 claro que, devido \u00e0 sua mobilidade, podemos continuar a utiliz\u00e1-lo em diferentes locais. Esta \u00e9 tamb\u00e9m uma raz\u00e3o importante pela qual muitas pessoas precisam dele. Ent\u00e3o, em alguns lugares, as pessoas est\u00e3o mais dispostas a ligar para catracas tempor\u00e1rias.<\/p>\n<p>De facto, um torniquete port\u00e1til \u00e9 adicionado a uma placa de base de a\u00e7o inoxid\u00e1vel em produtos normais comuns. Claro, deve ser fabricado de acordo com o tamanho de uma catraca comum. Tamb\u00e9m podemos personalizar a base de acordo com a largura do seu canal ou outras necessidades. Nossa placa de base foi testada in\u00fameras vezes para garantir sua firmeza, podendo suportar peso al\u00e9m do escopo de uso.<\/p>\n<p>Atrav\u00e9s do v\u00eddeo a seguir, voc\u00ea pode ver todos os detalhes deste produto, como o teste do produto, o teste da placa de base e at\u00e9 2 a 3 adultos pulando sobre ele sem tremer, o que \u00e9 suficiente para provar que ele suporta peso suficiente. A instala\u00e7\u00e3o da placa de base e da catraca port\u00e1til tamb\u00e9m \u00e9 muito simples. Geralmente um adulto pode conclu\u00ed-lo facilmente em poucos minutos. Por fim, tamb\u00e9m mostra nossa embalagem e entrega dos produtos.<\/p>\n<p>Claro, o produto no v\u00eddeo \u00e9 uma catraca de barreira de aba m\u00f3vel, e seu princ\u00edpio \u00e9 o mesmo da catraca de trip\u00e9 m\u00f3vel. Se precisar deste produto no v\u00eddeo, consulte outro produto: <a href=\"https:\/\/mairsturnstile.com\/product\/mobile-turnstile\" target=\"_blank\" rel=\"noopener\">Torniquete de barreira basculante torniquete m\u00f3vel<\/a><\/p>\n<p><span style=\"font-weight: 400;\"><span style=\"font-style: inherit; font-weight: inherit;\">A catraca port\u00e1til com trip\u00e9 representa uma forma cl\u00e1ssica e segura de proteger suas instala\u00e7\u00f5es. A catraca trip\u00e9 \u00e9 utilizada em diversas aplica\u00e7\u00f5es em ambientes internos e externos. Adaptam-se perfeitamente como uma op\u00e7\u00e3o econ\u00f3mica em edif\u00edcios de escrit\u00f3rios e outros edif\u00edcios relacionados. <\/span><\/span><span style=\"font-weight: 400;\"><span style=\"font-style: inherit; font-weight: inherit;\">formul\u00e1rios.<\/span><\/span><\/p>\n<ul>\n<li>O torniquete port\u00e1til com trip\u00e9 \u00e9 uma solu\u00e7\u00e3o de entrada compacta e econ\u00f3mica.<\/li>\n<li>O torniquete de trip\u00e9 m\u00f3vel tem uma caixa de a\u00e7o inoxid\u00e1vel 304 totalmente imperme\u00e1vel \u00e0 chuva, que \u00e9 resistente \u00e0 ferrugem, s\u00f3lida e dur\u00e1vel.<\/li>\n<li>A catraca port\u00e1til pode ser montada em locais internos e externos. A taxa de IP \u00e9 54.<\/li>\n<li>Possui uma sa\u00edda de rel\u00e9 de padr\u00e3o internacional, que pode ser facilmente integrada com todos os tipos de sistemas de controle de acesso de terceiros (ou seja, RFID, impress\u00e3o digital, <a href=\"https:\/\/en.wikipedia.org\/wiki\/Facial_recognition\" target=\"_blank\" rel=\"noopener\">reconhecimento facial<\/a>, c\u00f3digo de barras, term\u00f4metro infravermelho).<\/li>\n<li>A catraca trip\u00e9 port\u00e1til \u00e9 semiautom\u00e1tica. Voc\u00ea precisar\u00e1 empurrar levemente o bra\u00e7o para abrir o port\u00e3o quando o acesso for concedido.<\/li>\n<li>A conce\u00e7\u00e3o razo\u00e1vel e o elevado desempenho destinam-se a garantir que os port\u00f5es se movem com rapidez e precis\u00e3o, de forma est\u00e1vel e silenciosa; com baixo consumo de energia, conserva\u00e7\u00e3o de energia e prote\u00e7\u00e3o do ambiente.<\/li>\n<li>Mecanismo de molde dur\u00e1vel, resistente \u00e0 corros\u00e3o e resistente para maior vida \u00fatil<\/li>\n<li>O mecanismo \u00e9 concebido por molde. Todos os componentes s\u00e3o precisos. Faz com que o sistema de port\u00e3o funcione suavemente e com baixo ru\u00eddo. Um amortecedor hidr\u00e1ulico pode ser adicionado.<\/li>\n<li>O design da catraca trip\u00e9 faz com que apenas uma pessoa passe por vez.<\/li>\n<li>Unidirecional ou bidirecional \u00e9 uma op\u00e7\u00e3o.<\/li>\n<li>Luz indicadora direcional LED na parte superior<\/li>\n<li>Fun\u00e7\u00e3o de rel\u00f3gio autom\u00e1tico: caso seja recebido sinal de abertura, mas o visitante n\u00e3o passe pelo port\u00e3o em um hor\u00e1rio espec\u00edfico (padr\u00e3o 5s), o bra\u00e7o da catraca travar\u00e1 automaticamente.<\/li>\n<li>Quando a energia estiver desligada, os bra\u00e7os da catraca do trip\u00e9 cair\u00e3o automaticamente para permitir a passagem livre, o que est\u00e1 em conformidade com os requisitos de seguran\u00e7a contra inc\u00eandio.<\/li>\n<\/ul>\n<p>Podemos fornecer toda a solu\u00e7\u00e3o de controle de acesso de seguran\u00e7a. Se voc\u00ea possui seu pr\u00f3prio sistema de controle de acesso, pode utilizar diretamente nossa catraca. Se voc\u00ea n\u00e3o tiver um, tamb\u00e9m fornecemos uma solu\u00e7\u00e3o completa de controle de acesso de seguran\u00e7a. Consulte o v\u00eddeo abaixo para obter detalhes.<\/p>\n","protected":false},"excerpt":{"rendered":"<p>1. Tamanho: 500*290*980 mm (pode ser personalizado)<\/p>\n<p>2. Largura da pista: 550 mm (pode ser personalizado)<\/p>\n<p>3. Velocidade de passagem: 35 pessoas\/min<\/p>\n<p>4. Fonte de alimenta\u00e7\u00e3o: 110V\/220V 50\/60hz<\/p>\n<p>5. Peso: 40kg<\/p>\n<p>6. Sinal de port\u00e3o aberto: contato seco\/rel\u00e9<\/p>\n<p>7. Material da caixa: a\u00e7o inoxid\u00e1vel 304<\/p>\n<p>8. Confiabilidade do mecanismo: 3 milh\u00f5es, sem culpa<\/p>\n<p>9. Modo de opera\u00e7\u00e3o: semiautom\u00e1tico<\/p>\n<p><strong><a title=\"Torniquete de trip\u00e9 com certifica\u00e7\u00e3o CE da Mairs\" href=\"http:\/\/mairsturnstile.com\/wp-content\/uploads\/2022\/09\/Mairs-CE-Certificate-Tripod-Turnstile.pdf\" target=\"_blank\" rel=\"noopener noreferrer\">Certificado CE,<\/a> <a title=\"Certificado Mairs ISO9001\" href=\"http:\/\/mairsturnstile.com\/wp-content\/uploads\/2022\/09\/Mairs-Registration-Certificate-ISO9001.pdf\" target=\"_blank\" rel=\"noopener noreferrer\">Certificado ISO9001.<\/a><\/strong><\/p>\n","protected":false},"featured_media":56776,"comment_status":"closed","ping_status":"closed","template":"","meta":{"neve_meta_sidebar":"","neve_meta_container":"","neve_meta_enable_content_width":"off","neve_meta_content_width":0,"neve_meta_title_alignment":"","neve_meta_author_avatar":"","neve_post_elements_order":"","neve_meta_disable_header":"","neve_meta_disable_footer":"","neve_meta_disable_title":"","_ti_tpc_template_sync":false,"_ti_tpc_template_id":""},"product_cat":[2021,2017],"product_tag":[2507,2464,2466,2465,2446,2138],"class_list":["post-34052","product","type-product","status-publish","has-post-thumbnail","hentry","product_cat-torniquete-de-tripe","product_cat-torniquetes-de-seguranca","product_tag-catraca-movel","product_tag-catraca-portatil","product_tag-catracas-de-seguranca-portateis","product_tag-catracas-portateis","product_tag-controle-de-acesso-de-catraca","product_tag-torniquete-de-tripe"],"_links":{"self":[{"href":"https:\/\/mairsturnstile.com\/pt\/wp-json\/wp\/v2\/product\/34052","targetHints":{"allow":["GET"]}}],"collection":[{"href":"https:\/\/mairsturnstile.com\/pt\/wp-json\/wp\/v2\/product"}],"about":[{"href":"https:\/\/mairsturnstile.com\/pt\/wp-json\/wp\/v2\/types\/product"}],"replies":[{"embeddable":true,"href":"https:\/\/mairsturnstile.com\/pt\/wp-json\/wp\/v2\/comments?post=34052"}],"version-history":[{"count":0,"href":"https:\/\/mairsturnstile.com\/pt\/wp-json\/wp\/v2\/product\/34052\/revisions"}],"wp:featuredmedia":[{"embeddable":true,"href":"https:\/\/mairsturnstile.com\/pt\/wp-json\/wp\/v2\/media\/56776"}],"wp:attachment":[{"href":"https:\/\/mairsturnstile.com\/pt\/wp-json\/wp\/v2\/media?parent=34052"}],"wp:term":[{"taxonomy":"product_cat","embeddable":true,"href":"https:\/\/mairsturnstile.com\/pt\/wp-json\/wp\/v2\/product_cat?post=34052"},{"taxonomy":"product_tag","embeddable":true,"href":"https:\/\/mairsturnstile.com\/pt\/wp-json\/wp\/v2\/product_tag?post=34052"}],"curies":[{"name":"wp","href":"https:\/\/api.w.org\/{rel}","templated":true}]}}