{"id":34070,"date":"2020-09-13T17:27:42","date_gmt":"2020-09-13T09:27:42","guid":{"rendered":"https:\/\/mairsturnstile.com\/product\/torniquetes-opticas-de-vidro-oscilante-mt345"},"modified":"2024-11-01T16:20:27","modified_gmt":"2024-11-01T08:20:27","slug":"catracas-opticas","status":"publish","type":"product","link":"https:\/\/mairsturnstile.com\/pt\/product\/catracas-opticas","title":{"rendered":"Torniquetes \u00f3pticas de vidro oscilante MT345"},"content":{"rendered":"        <!-- 3D Model html -->\r\n        <div class=\"bp_grand wrapper_23475\">   \r\n        <div class=\"bp_model_parent\">\r\n            <model-viewer class=\"model\" id=\"bp_model_id_23475\" src=\"http:\/\/mairsturnstile.com\/wp-content\/uploads\/2023\/06\/MT345.glb\" alt=\"MT345\" camera-controls  loading=\"auto\" auto-rotate                        >\r\n            <\/model-viewer>\r\n        \r\n            <!-- Button -->\r\n            <svg id=\"openBtn\" width=\"30px\" height=\"30px\" viewBox=\"0 0 16 16\" xmlns=\"http:\/\/www.w3.org\/2000\/svg\" fill=\"#f2f2f2\" class=\"bi bi-arrows-fullscreen model-icon\">\r\n                <path fill-rule=\"evenodd\" d=\"M5.828 10.172a.5.5 0 0 0-.707 0l-4.096 4.096V11.5a.5.5 0 0 0-1 0v3.975a.5.5 0 0 0 .5.5H4.5a.5.5 0 0 0 0-1H1.732l4.096-4.096a.5.5 0 0 0 0-.707zm4.344 0a.5.5 0 0 1 .707 0l4.096 4.096V11.5a.5.5 0 1 1 1 0v3.975a.5.5 0 0 1-.5.5H11.5a.5.5 0 0 1 0-1h2.768l-4.096-4.096a.5.5 0 0 1 0-.707zm0-4.344a.5.5 0 0 0 .707 0l4.096-4.096V4.5a.5.5 0 1 0 1 0V.525a.5.5 0 0 0-.5-.5H11.5a.5.5 0 0 0 0 1h2.768l-4.096 4.096a.5.5 0 0 0 0 .707zm-4.344 0a.5.5 0 0 1-.707 0L1.025 1.732V4.5a.5.5 0 0 1-1 0V.525a.5.5 0 0 1 .5-.5H4.5a.5.5 0 0 1 0 1H1.732l4.096 4.096a.5.5 0 0 1 0 .707z\"\/>\r\n            <\/svg>\r\n        \r\n            <svg id=\"closeBtn\" class=\"model-icon\" width=\"34px\" height=\"34px\" viewBox=\"0 0 24 24\" xmlns=\"http:\/\/www.w3.org\/2000\/svg\">\r\n                <path fill=\"none\" stroke=\"#f2f2f2\" stroke-width=\"2\" d=\"M7,7 L17,17 M7,17 L17,7\"\/>\r\n            <\/svg>\r\n        \r\n        <\/div>\r\n        <\/div> \r\n\r\n        <!-- Model Viewer Style -->\r\n        <style>\r\n            \r\n            .wrapper_23475 .bp_model_parent, #bp_model_id_23475 {\r\n                width: 1150px;\r\n                max-width: 100%;\r\n                                            }\r\n            #bp_model_id_23475 {\r\n                height:700px;\r\n                background-color: #f2f2f2;\r\n            }\r\n            .fullscreen #bp_model_id_23475{\r\n            height: 100%;\r\n            width: 100%;\r\n            }\r\n            .wrapper_23475 .bp_model_parent{\r\n                justify-content: start            }\r\n            model-viewer.model {\r\n                --poster-color: transparent;\r\n            }\r\n        <\/style>\r\n        \r\n        \n<h2>As torniquetes \u00f3pticas t\u00eam 2 anos de garantia e suporte dur\u00e1vel de manuten\u00e7\u00e3o e reparo.<\/h2>\n<p>We can provide OEM and ODM services. Temos designers experientes que podem realizar uma personaliza\u00e7\u00e3o profunda de acordo com qualquer uma de suas necessidades. Forneceremos uma s\u00e9rie de materiais, como renderiza\u00e7\u00f5es 3D, desenhos dimensionais, etc. Tamb\u00e9m fornecemos dispositivos biom\u00e9tricos, como leitores de cart\u00f5es IC\/ID, leitores de impress\u00e3o digital, leitores de c\u00f3digo QR, c\u00e2meras de reconhecimento facial e assim por diante. Se precisar de integrar estes dispositivos no torniquete de altura total ou se tiver alguma d\u00favida, <a href=\"https:\/\/mairsturnstile.com\/contact\">contacte-nos<\/a><\/p>\n<p><strong>A catraca \u00f3ptica \u00e9 uma esp\u00e9cie de catraca de seguran\u00e7a controlada por sensores, que inclui v\u00e1rios sensores que incorporam uma matriz de feixes de detec\u00e7\u00e3o.<\/strong> A faixa de passagem ser\u00e1 controlada pela l\u00f3gica dos sensores. Somente quando a catraca \u00f3ptica recebe o sinal de abertura o acesso fica livre. Caso contr\u00e1rio, o sensor acionar\u00e1 o alarme. Uma catraca \u00f3ptica pode prevenir eficazmente a utiliza\u00e7\u00e3o n\u00e3o autorizada. Se algu\u00e9m acessar com cart\u00e3o v\u00e1lido, o alarme alertar\u00e1 o pessoal de seguran\u00e7a. As catracas \u00f3pticas s\u00e3o op\u00e7\u00f5es perfeitas se voc\u00ea precisa que seu espa\u00e7o tenha um visual aberto. Isso pode acelerar o processo de entrada. Eles podem estar funcionando em ambas as dire\u00e7\u00f5es.<\/p>\n<p>O sensor comumente utilizado pelas catracas \u00f3pticas \u00e9 um sensor fotoel\u00e9trico oposto, que pode detectar com mais precis\u00e3o o corpo humano. Uma catraca \u00f3ptica \u00e9 equipada com v\u00e1rios grupos de sensores de radia\u00e7\u00e3o para realizar a detec\u00e7\u00e3o de entrada e sa\u00edda de pessoas. \u00c9 principalmente na entrada do port\u00e3o, no setor da haste da asa e na sa\u00edda do port\u00e3o. Para uma detec\u00e7\u00e3o precisa, algumas catracas \u00f3pticas instalam sensores em diferentes alturas de cada pe\u00e7a.<\/p>\n<p>Esta <strong>catraca \u00f3ptica<\/strong> \u00e9 uma catraca girat\u00f3ria fina. O rel\u00e9 padr\u00e3o e a interface RS485 fazem com que seja compat\u00edvel com todos os sistemas de controlo de acesso, como o sistema de cart\u00f5es RFID, <a href=\"https:\/\/en.wikipedia.org\/wiki\/Facial_recognition\" target=\"_blank\" rel=\"noopener\">reconhecimento facial<\/a>, sistema de verifica\u00e7\u00e3o de temperatura, sistema operado por moedas, sistema de c\u00f3digo de barras, controlo de acesso ESD Tester. O <a href=\"https:\/\/mairsturnstile.com\/category\/swing-turnstile-gate\">torniquete gir at\u00f3rio \u00e9 uma<\/a> solu\u00e7\u00e3o de entrada compacta e econ\u00f3mica.<\/p>\n<p>Tamb\u00e9m podemos criar uma renderiza\u00e7\u00e3o para voc\u00ea em poucos minutos com base no seu cen\u00e1rio real. Tamb\u00e9m fornecemos layout e desenhos detalhados, bem como desenhos de instala\u00e7\u00e3o.<\/p>\n\n        \t\n\t<style type=\"text\/css\">\n\t\t.slider-info-23486.bafg-slider-info .bafg-slider-title {\n\t\t\t\t\t\tfont-size: 22px;\n\t\t\t\t\t\t\n\t\t\t\n\t\t\t\t\t}\n\n\t\t.slider-info-23486.bafg-slider-info .bafg-slider-description {\n\t\t\t\n\t\t\t\n\t\t\t\t\t}\n\n\t\t.slider-info-23486.bafg-slider-info .bafg_slider_readmore_button {\n\t\t\t\n\t\t\t\n\t\t\t\n\t\t\t\n\t\t\t\n\t\t\ttext-align: center;\n\n\t\t\t\n\t\t\t\n\t\t\t\n\t\t\t\n\t\t\t\n\t\t\t\n\t\t\t\t\t}\n\n\t\t.slider-info-23486.bafg-slider-info .bafg_slider_readmore_button:hover {\n\n\t\t\t\n\t\t\t\n\t\t\t\t\t}\n\n\t<\/style>\n\t\n        <div class=\"bafg-twentytwenty-container slider-23486 \" bafg-orientation=\"horizontal\" bafg-default-offset=\"0.5\" bafg-before-label=\"Before\" bafg-after-label=\"After\" bafg-overlay=\"yes\" bafg-move-slider-on-hover=\"yes\" bafg-click-to-move=\"no\">\n              \n            <img decoding=\"async\" class=\"skip-lazy\" src=\"http:\/\/mairsturnstile.com\/wp-content\/uploads\/2023\/06\/optical-turnstiles_4.jpg\" alt=\"\" data-skip-lazy title=\"\">\n            <img decoding=\"async\" class=\"skip-lazy\" src=\"http:\/\/mairsturnstile.com\/wp-content\/uploads\/2023\/06\/optical-turnstiles_5.jpg\" alt=\"\" data-skip-lazy title=\"\">\n           \n        <\/div>\n\n        \t<div class=\"bafg-slider-info-wraper\">\n\t\t<div style=\"\" class=\"slider-info-23486 bafg-slider-info\">\n\t\t\t\t\t<\/div>\n\t<\/div>\n\t\n        <style type=\"text\/css\">\n            \n        <\/style>\n        \n<p>Todos os modelos de catracas \u00f3pticas girat\u00f3rias e port\u00f5es r\u00e1pidos podem ser personalizados de acordo com suas necessidades reais. Alguns modelos de torniquete de port\u00e3o girat\u00f3rio e <a href=\"https:\/\/mairsturnstile.com\/product\/sliding-turnstile\">torniquete de port\u00e3o deslizante<\/a> tamb\u00e9m podem ter uma largura de passagem de 900 mm. <span style=\"font-style: inherit; font-weight: inherit;\">Controlo de acesso Torniquete de seguran\u00e7a para pe\u00f5es Torniquetes \u00f3pticos de vidro Port\u00e3o de velocidade.<\/span><\/p>\n<ul>\n<li>Em caso de emerg\u00eancia, corte a energia, as catracas \u00f3pticas de vidro girat\u00f3rio Slim abrir\u00e3o automaticamente para permitir a passagem livre, atendendo aos requisitos de seguran\u00e7a contra inc\u00eandio. Mas tem que vir com bateria. As for export, the battery is sensitive, we can use the capacitor to replace<\/li>\n<li>As catracas \u00f3pticas s\u00e3o adequadas para solu\u00e7\u00f5es de entrada luxuosas e sofisticadas.<\/li>\n<li>Todo o sistema funciona sem problemas, com baixo ru\u00eddo e alta velocidade.<\/li>\n<li>Alarm function, if there is an illegal intrusion and reverse intrusion, the gate will alarm and the door will lock.<\/li>\n<li>H\u00e1 um total de 5 pares de sensores infravermelhos. O sensor do meio serve para evitar beliscar pedestres.<\/li>\n<li>Fun\u00e7\u00e3o anti-cauda, uma pessoa pode passar de cada vez. Se algu\u00e9m seguir as pessoas da frente, o port\u00e3o ir\u00e1 alarmar<\/li>\n<li>Indicador LED. Cruz Vermelha e Arqueiro Verde. Existem tamb\u00e9m indicadores LED no poste frontal. The LED light can be added to the arms.<\/li>\n<li>O acesso bidirecional reduz a necessidade de mais port\u00f5es. \u00c9 acomodado para cadeira de rodas, carrinho de compras aumenta a efici\u00eancia de passagem.<\/li>\n<li>Fun\u00e7\u00e3o de reinicializa\u00e7\u00e3o autom\u00e1tica. Caso as pessoas n\u00e3o passem dentro do tempo predefinido (o tempo padr\u00e3o \u00e9 5 segundos), o sistema cancelar\u00e1 a autoridade do usu\u00e1rio e fechar\u00e1 automaticamente<\/li>\n<li>Anti-colis\u00e3o, Anti bra\u00e7adeira, As catracas \u00f3pticas v\u00eam com motor sem escova. Durante a opera\u00e7\u00e3o, se algu\u00e9m bater no bra\u00e7o, o port\u00e3o ser\u00e1 reiniciado automaticamente. Esta fun\u00e7\u00e3o evita eficazmente que os pe\u00f5es, especialmente as crian\u00e7as, colidam, cortem, batam, etc.<\/li>\n<\/ul>\n<p>Podemos fornecer toda a solu\u00e7\u00e3o de controle de acesso de seguran\u00e7a. Se voc\u00ea possui seu pr\u00f3prio sistema de controle de acesso, pode utilizar diretamente nossa catraca. Se voc\u00ea n\u00e3o tiver um, tamb\u00e9m fornecemos uma solu\u00e7\u00e3o completa de controle de acesso de seguran\u00e7a. Consulte o v\u00eddeo abaixo para obter detalhes.<\/p>\n<p><iframe title=\"Torniquete girat\u00f3rio \u00f3ptico, Torniquete com barreira girat\u00f3ria, Torniquete girat\u00f3rio - MairsTurnstile\" src=\"https:\/\/www.youtube.com\/embed\/hdoBSoM85u4\" width=\"1150\" height=\"650\" frameborder=\"0\" allowfullscreen=\"allowfullscreen\"><\/iframe><\/p>\n","protected":false},"excerpt":{"rendered":"<p>1. Tamanho: 1400*180*980 mm (pode ser personalizado)<\/p>\n<p>2. Largura da pista: 600 mm (padr\u00e3o) 900 mm (para deficientes)<\/p>\n<p>3. Material dos bra\u00e7os: Acr\u00edlico<\/p>\n<p>4. Velocidade de passagem: 40 pessoas\/min<\/p>\n<p>5. Fonte de alimenta\u00e7\u00e3o: 110 V\/220 V 50\/60 Hz<\/p>\n<p>6. Motor sem escova<\/p>\n<p>7. Sinal de port\u00e3o aberto: contato seco\/rel\u00e9<\/p>\n<p>8. Motor de acionamento da catraca de vidro: 24 V<\/p>\n<p>9. O tamanho e a espessura do material podem ser personalizados<\/p>\n<p><strong><a title=\"Port\u00e3o de torniquete girat\u00f3rio com certifica\u00e7\u00e3o CE Mairs\" href=\"http:\/\/mairsturnstile.com\/wp-content\/uploads\/2022\/09\/Mairs-CE-Certificate-Swing-Turnstile-Gate.pdf\" target=\"_blank\" rel=\"noopener noreferrer\">Certificado CE,<\/a> <a title=\"Certificado Mairs ISO9001\" href=\"http:\/\/mairsturnstile.com\/wp-content\/uploads\/2022\/09\/Mairs-Registration-Certificate-ISO9001.pdf\" target=\"_blank\" rel=\"noopener noreferrer\">Certificado ISO9001.<\/a><\/strong><\/p>\n<p><a title=\"Folheto de catracas \u00f3pticas\" href=\"http:\/\/mairsturnstile.com\/wp-content\/uploads\/2023\/12\/MT345-brochure.pdf\" target=\"_blank\" rel=\"noopener noreferrer\"><img decoding=\"async\" class=\"alignnone size-full wp-image-11034\" src=\"http:\/\/mairsturnstile.com\/wp-content\/uploads\/2022\/09\/pdf-MairsTurnstile.png\" alt=\"\" width=\"32\" height=\"32\"><span style=\"color: #0000ff;\"><strong>Folheto sobre catracas \u00f3pticas MT345<\/strong><\/span><\/a><\/p>\n","protected":false},"featured_media":62359,"comment_status":"closed","ping_status":"closed","template":"","meta":{"neve_meta_sidebar":"","neve_meta_container":"","neve_meta_enable_content_width":"off","neve_meta_content_width":0,"neve_meta_title_alignment":"","neve_meta_author_avatar":"","neve_post_elements_order":"","neve_meta_disable_header":"","neve_meta_disable_footer":"","neve_meta_disable_title":"","_ti_tpc_template_sync":false,"_ti_tpc_template_id":""},"product_cat":[2020,2017],"product_tag":[2101,2102,2115,2100,2117],"class_list":["post-34070","product","type-product","status-publish","has-post-thumbnail","hentry","product_cat-portao-giratorio-giratorio","product_cat-torniquetes-de-seguranca","product_tag-catraca-optica","product_tag-catracas-opticas","product_tag-quanto-custa-uma-catraca","product_tag-torniquete-giratorio-pt","product_tag-turnstile-cost-pt"],"_links":{"self":[{"href":"https:\/\/mairsturnstile.com\/pt\/wp-json\/wp\/v2\/product\/34070","targetHints":{"allow":["GET"]}}],"collection":[{"href":"https:\/\/mairsturnstile.com\/pt\/wp-json\/wp\/v2\/product"}],"about":[{"href":"https:\/\/mairsturnstile.com\/pt\/wp-json\/wp\/v2\/types\/product"}],"replies":[{"embeddable":true,"href":"https:\/\/mairsturnstile.com\/pt\/wp-json\/wp\/v2\/comments?post=34070"}],"version-history":[{"count":0,"href":"https:\/\/mairsturnstile.com\/pt\/wp-json\/wp\/v2\/product\/34070\/revisions"}],"wp:featuredmedia":[{"embeddable":true,"href":"https:\/\/mairsturnstile.com\/pt\/wp-json\/wp\/v2\/media\/62359"}],"wp:attachment":[{"href":"https:\/\/mairsturnstile.com\/pt\/wp-json\/wp\/v2\/media?parent=34070"}],"wp:term":[{"taxonomy":"product_cat","embeddable":true,"href":"https:\/\/mairsturnstile.com\/pt\/wp-json\/wp\/v2\/product_cat?post=34070"},{"taxonomy":"product_tag","embeddable":true,"href":"https:\/\/mairsturnstile.com\/pt\/wp-json\/wp\/v2\/product_tag?post=34070"}],"curies":[{"name":"wp","href":"https:\/\/api.w.org\/{rel}","templated":true}]}}