{"id":34106,"date":"2020-09-13T17:14:29","date_gmt":"2020-09-13T09:14:29","guid":{"rendered":"https:\/\/mairsturnstile.com\/product\/portao-de-balanco-pedonal-servo-motor-mt310"},"modified":"2025-04-08T15:14:26","modified_gmt":"2025-04-08T07:14:26","slug":"portao-giratorio-para-pedestres","status":"publish","type":"product","link":"https:\/\/mairsturnstile.com\/pt\/product\/portao-giratorio-para-pedestres","title":{"rendered":"PORT\u00c3O DE BALAN\u00c7O PEDONAL SERVO MOTOR MT310"},"content":{"rendered":"        <!-- 3D Model html -->\r\n        <div class=\"bp_grand wrapper_25053\">   \r\n        <div class=\"bp_model_parent\">\r\n            <model-viewer class=\"model\" id=\"bp_model_id_25053\" src=\"http:\/\/mairsturnstile.com\/wp-content\/uploads\/2024\/05\/MT310-B-\u706f\u5e26\u52a0\u9ad8\u52a0\u4eba\u8138.glb\" alt=\"MT310-B \u706f\u5e26\u52a0\u9ad8\u52a0\u4eba\u8138\" camera-controls  loading=\"auto\" auto-rotate                        >\r\n            <\/model-viewer>\r\n        \r\n            <!-- Button -->\r\n            <svg id=\"openBtn\" width=\"30px\" height=\"30px\" viewBox=\"0 0 16 16\" xmlns=\"http:\/\/www.w3.org\/2000\/svg\" fill=\"#f2f2f2\" class=\"bi bi-arrows-fullscreen model-icon\">\r\n                <path fill-rule=\"evenodd\" d=\"M5.828 10.172a.5.5 0 0 0-.707 0l-4.096 4.096V11.5a.5.5 0 0 0-1 0v3.975a.5.5 0 0 0 .5.5H4.5a.5.5 0 0 0 0-1H1.732l4.096-4.096a.5.5 0 0 0 0-.707zm4.344 0a.5.5 0 0 1 .707 0l4.096 4.096V11.5a.5.5 0 1 1 1 0v3.975a.5.5 0 0 1-.5.5H11.5a.5.5 0 0 1 0-1h2.768l-4.096-4.096a.5.5 0 0 1 0-.707zm0-4.344a.5.5 0 0 0 .707 0l4.096-4.096V4.5a.5.5 0 1 0 1 0V.525a.5.5 0 0 0-.5-.5H11.5a.5.5 0 0 0 0 1h2.768l-4.096 4.096a.5.5 0 0 0 0 .707zm-4.344 0a.5.5 0 0 1-.707 0L1.025 1.732V4.5a.5.5 0 0 1-1 0V.525a.5.5 0 0 1 .5-.5H4.5a.5.5 0 0 1 0 1H1.732l4.096 4.096a.5.5 0 0 1 0 .707z\"\/>\r\n            <\/svg>\r\n        \r\n            <svg id=\"closeBtn\" class=\"model-icon\" width=\"34px\" height=\"34px\" viewBox=\"0 0 24 24\" xmlns=\"http:\/\/www.w3.org\/2000\/svg\">\r\n                <path fill=\"none\" stroke=\"#f2f2f2\" stroke-width=\"2\" d=\"M7,7 L17,17 M7,17 L17,7\"\/>\r\n            <\/svg>\r\n        \r\n        <\/div>\r\n        <\/div> \r\n\r\n        <!-- Model Viewer Style -->\r\n        <style>\r\n            \r\n            .wrapper_25053 .bp_model_parent, #bp_model_id_25053 {\r\n                width: 1150px;\r\n                max-width: 100%;\r\n                                            }\r\n            #bp_model_id_25053 {\r\n                height:700px;\r\n                background-color: #f9f9f9;\r\n            }\r\n            .fullscreen #bp_model_id_25053{\r\n            height: 100%;\r\n            width: 100%;\r\n            }\r\n            .wrapper_25053 .bp_model_parent{\r\n                justify-content: start            }\r\n            model-viewer.model {\r\n                --poster-color: transparent;\r\n            }\r\n        <\/style>\r\n        \r\n        \n<h4>As portas de velocidade cil\u00edndrica do servo motor MT310 t\u00eam uma garantia de 2 anos e um suporte duradouro de manuten\u00e7\u00e3o e repara\u00e7\u00e3o.<\/h4>\n<p>We can provide OEM and ODM services. Tamb\u00e9m podemos personalizar essas catracas de sa\u00edda de acordo com suas necessidades. Por exemplo, podemos personalizar a largura especial do canal. Tamb\u00e9m fornecemos dispositivos biom\u00e9tricos, como leitores de cart\u00f5es IC\/ID, leitores de impress\u00e3o digital, leitores de c\u00f3digo QR, c\u00e2meras de reconhecimento facial e assim por diante. Se precisar de integrar estes dispositivos no torniquete de altura total ou se tiver alguma d\u00favida, <a href=\"https:\/\/mairsturnstile.com\/contact\" target=\"_blank\" rel=\"noopener\">contacte-nos<\/a><\/p>\n<p><strong><b>Os port\u00f5es de velocidade cil\u00edndricos s\u00e3o uma esp\u00e9cie de torniquete de velocidade pequeno e de conce\u00e7\u00e3o requintada, normalmente utilizado em passagens de emerg\u00eancia ou para deficientes.<\/b><\/strong><strong> Em alguns locais, h\u00e1 alto fluxo de tr\u00e1fego. Para evitar bloqueios de tr\u00e2nsito, voc\u00ea pode definir a faixa de entrada e a faixa de sa\u00edda separadamente. Portanto, esta catraca de port\u00e3o girat\u00f3rio para pedestres pode funcionar em uma \u00fanica dire\u00e7\u00e3o. Tamb\u00e9m pode ser usado para cadeiras de rodas para deficientes e controle de acesso de pedestres para deficientes.<\/strong><\/p>\n<p>Os port\u00f5es de velocidade cil\u00edndricos SERVO MOTOR s\u00e3o torniquetes de velocidade para pe\u00f5es muito populares. Muitos clientes gostam muito dele e \u00e9 amplamente utilizado, devido \u00e0 sua apar\u00eancia bonita, simples e generosa, e desempenho de alto custo. Os torniquetes cil\u00edndricos para pe\u00f5es utilizam um servomotor \u00fanico, que pode dar pleno desempenho ao seu desempenho.   Tamb\u00e9m podemos personalizar essas catracas de sa\u00edda de acordo com as necessidades dos clientes. Por exemplo, podemos personalizar a largura especial do canal. Essas lindas catracas eletr\u00f4nicas da Mairs podem ser usadas principalmente em supermercados, armaz\u00e9ns, sagu\u00f5es de edif\u00edcios e outros locais de edif\u00edcios de escrit\u00f3rios.<\/p>\n<p><a href=\"https:\/\/mairsturnstile.com\/category\/security-turnstiles\/\" target=\"_blank\" rel=\"noopener\">Torniquetes de seguran\u00e7a<\/a> de fabricantes de torniquetes -Mairs \u00e9 um produto ideal para a gest\u00e3o do acesso pedonal. A porta de velocidade cil\u00edndrica proporciona uma via r\u00e1pida para os passageiros, especialmente os que transportam bagagem e os deficientes. \u00c9 usado principalmente em edif\u00edcios residenciais de alto padr\u00e3o, lojas, supermercados, armaz\u00e9ns e etc. Uma vez que \u00e9 fornecido com um servomotor, o comprimento do bra\u00e7o do speed gate cil\u00edndrico \u00e9 muito maior do que o de outros speed gates.<\/p>\n<p>Tamb\u00e9m podemos criar uma renderiza\u00e7\u00e3o para voc\u00ea em poucos minutos com base no seu cen\u00e1rio real. Tamb\u00e9m fornecemos layouts e desenhos detalhados, bem como desenhos de instala\u00e7\u00e3o.<\/p>\n\n        \t\n\t<style type=\"text\/css\">\n\t\t.slider-info-25609.bafg-slider-info .bafg-slider-title {\n\t\t\t\t\t\tfont-size: 22px;\n\t\t\t\t\t\t\n\t\t\t\n\t\t\t\t\t}\n\n\t\t.slider-info-25609.bafg-slider-info .bafg-slider-description {\n\t\t\t\n\t\t\t\n\t\t\t\t\t}\n\n\t\t.slider-info-25609.bafg-slider-info .bafg_slider_readmore_button {\n\t\t\t\n\t\t\t\n\t\t\t\n\t\t\t\n\t\t\t\n\t\t\ttext-align: center;\n\n\t\t\t\n\t\t\t\n\t\t\t\n\t\t\t\n\t\t\t\n\t\t\t\n\t\t\t\t\t}\n\n\t\t.slider-info-25609.bafg-slider-info .bafg_slider_readmore_button:hover {\n\n\t\t\t\n\t\t\t\n\t\t\t\t\t}\n\n\t<\/style>\n\t\n        <div class=\"bafg-twentytwenty-container slider-25609 \" bafg-orientation=\"horizontal\" bafg-default-offset=\"0.5\" bafg-before-label=\"Before\" bafg-after-label=\"After\" bafg-overlay=\"yes\" bafg-move-slider-on-hover=\"yes\" bafg-click-to-move=\"no\">\n              \n            <img decoding=\"async\" class=\"skip-lazy\" src=\"http:\/\/mairsturnstile.com\/wp-content\/uploads\/2023\/07\/pedestrian-swing-gate_4.jpg\" alt=\"\" data-skip-lazy title=\"\">\n            <img decoding=\"async\" class=\"skip-lazy\" src=\"http:\/\/mairsturnstile.com\/wp-content\/uploads\/2023\/07\/pedestrian-swing-gate_5.jpg\" alt=\"\" data-skip-lazy title=\"\">\n           \n        <\/div>\n\n        \t<div class=\"bafg-slider-info-wraper\">\n\t\t<div style=\"\" class=\"slider-info-25609 bafg-slider-info\">\n\t\t\t\t\t<\/div>\n\t<\/div>\n\t\n        <style type=\"text\/css\">\n            \n        <\/style>\n        \n<p>Estes port\u00f5es pedonais de velocidade cil\u00edndrica s\u00e3o um popular port\u00e3o de torniquete girat\u00f3rio, que \u00e9 usado principalmente em supermercados, armaz\u00e9ns, passagens pedonais, salas de constru\u00e7\u00e3o, escrit\u00f3rios e outros locais. Sobre o v\u00eddeo mostra principalmente dois tipos diferentes de port\u00f5es girat\u00f3rios personalizados para pedestres, que se refletem principalmente no tamanho e no bra\u00e7o oscilante desta catraca girat\u00f3ria. Percebe-se que os bra\u00e7os oscilantes dos dois produtos s\u00e3o diferentes, podendo ser em forma de hastes de bloqueio de acr\u00edlico ou metal.<\/p>\n<p>Muitos dos nossos clientes tamb\u00e9m informaram que esta porta r\u00e1pida cil\u00edndrica \u00e9 dur\u00e1vel, bonita e econ\u00f3mica. Se voc\u00ea precisar personalizar um port\u00e3o girat\u00f3rio para pedestres semelhante, n\u00e3o hesite em nos contatar. Se voc\u00ea quiser conferir essa catraca girat\u00f3ria com hastes de bloqueio em acr\u00edlico, confira o v\u00eddeo a seguir:<\/p>\n<ul>\n<li>Em caso de emerg\u00eancia, \u00e9 favor cortar a corrente, os port\u00f5es de velocidade do cilindro abrir-se-\u00e3o automaticamente para permitir a passagem livre, o que est\u00e1 em conformidade com os requisitos de seguran\u00e7a contra inc\u00eandios.<\/li>\n<li>O <a href=\"https:\/\/en.wikipedia.org\/wiki\/Optical_turnstile\" target=\"_blank\" rel=\"noopener\">torniquete \u00f3tico<\/a> \u00e9 muito utilizado para as sa\u00eddas de emerg\u00eancia.<\/li>\n<li>Todo o sistema funciona perfeitamente, com baixo ru\u00eddo.<\/li>\n<li>Ele vem com servo motor de alta pot\u00eancia que funciona suavemente e com alto desempenho.<\/li>\n<li>O bra\u00e7o dos port\u00f5es de velocidade cil\u00edndrica pode ser um bra\u00e7o de vidro temperado de 500 mm ou um bra\u00e7o de acr\u00edlico de 800 mm.<\/li>\n<li>Luzes LED nos bra\u00e7os est\u00e3o dispon\u00edveis quando o bra\u00e7o de acr\u00edlico \u00e9 usado.<\/li>\n<li>Sinal de abertura dos port\u00f5es de velocidade do cilindro: Contacto seco\/rel\u00e9<\/li>\n<li>O design \u00e9 pequeno e requintado e \u00e9 amplamente utilizado em lobbies de edif\u00edcios de escrit\u00f3rios.<\/li>\n<li>A luz LED pode ser adicionada ao bra\u00e7o para indicar o status da pista.<\/li>\n<li>O acesso bidirecional reduz a necessidade de mais port\u00f5es. \u00c9 acomodado para cadeira de rodas e carrinho de compras aumentando a efici\u00eancia de passagem.<\/li>\n<li>Fun\u00e7\u00e3o de reinicializa\u00e7\u00e3o autom\u00e1tica. Caso as pessoas n\u00e3o passem dentro do tempo predefinido (o tempo padr\u00e3o \u00e9 5 segundos), o sistema cancelar\u00e1 a autoridade do usu\u00e1rio e fechar\u00e1 automaticamente.<\/li>\n<\/ul>\n<p>Podemos fornecer toda a solu\u00e7\u00e3o de controle de acesso de seguran\u00e7a. Se voc\u00ea possui seu pr\u00f3prio sistema de controle de acesso, pode utilizar diretamente nossa catraca. Se voc\u00ea n\u00e3o tiver um, tamb\u00e9m fornecemos uma solu\u00e7\u00e3o completa de controle de acesso de seguran\u00e7a. Consulte o v\u00eddeo abaixo para obter detalhes.<\/p>\n<p><iframe title=\"Reprodutor de v\u00eddeo do YouTube\" src=\"https:\/\/www.youtube.com\/embed\/Z69v4_4BlEA?si=IwoZ07dF4lXe-bmN\" width=\"1150\" height=\"650\" frameborder=\"0\" allowfullscreen=\"allowfullscreen\"><span data-mce-type=\"bookmark\" style=\"display: inline-block; width: 0px; overflow: hidden; line-height: 0;\" class=\"mce_SELRES_start\"><\/span><\/iframe><\/p>\n","protected":false},"excerpt":{"rendered":"<p>1. Tamanho: 168*1000 mm (pode ser personalizado)<\/p>\n<p>2. Largura da pista padr\u00e3o: 600 mm (pode ser personalizada)<\/p>\n<p>3. Servo motor<\/p>\n<p>4. Fonte de alimenta\u00e7\u00e3o: 110 V\/220 V 50\/60 Hz<\/p>\n<p>5. Material dos bra\u00e7os: Acr\u00edlico ou vidro temperado<\/p>\n<p>6. Comprimento do bra\u00e7o: Acr\u00edlico-800 mm ou vidro temperado-500 mm<\/p>\n<p>7. Motor de acionamento: 24 V<\/p>\n<p>8. Peso dos port\u00f5es de entrada da catraca: 30 kg\/p\u00e7s<\/p>\n<p>9. Material da caixa: a\u00e7o inoxid\u00e1vel 304<\/p>\n<p><span style=\"color: #0000ff;\"><strong><a style=\"color: #0000ff;\" title=\"Port\u00e3o girat\u00f3rio para pedestres com certifica\u00e7\u00e3o CE Mairs\" href=\"http:\/\/mairsturnstile.com\/wp-content\/uploads\/2022\/09\/Mairs-CE-Certificate-MT310.pdf\" target=\"_blank\" rel=\"noopener noreferrer\">Certificado CE,<\/a> <a style=\"color: #0000ff;\" title=\"Certificado Mairs ISO9001\" href=\"http:\/\/mairsturnstile.com\/wp-content\/uploads\/2022\/09\/Mairs-Registration-Certificate-ISO9001.pdf\" target=\"_blank\" rel=\"noopener noreferrer\">Certificado ISO9001.<\/a><\/strong><\/span><\/p>\n<p><a title=\"Port\u00e3o girat\u00f3rio para pedestres com servo motor\" href=\"http:\/\/mairsturnstile.com\/wp-content\/uploads\/2023\/12\/MT310-brochure.pdf\" target=\"_blank\" rel=\"noopener noreferrer\" data-wp-editing=\"1\"><img decoding=\"async\" class=\"alignnone size-full wp-image-11034\" src=\"http:\/\/mairsturnstile.com\/wp-content\/uploads\/2022\/09\/pdf-MairsTurnstile.png\" alt=\"\" width=\"32\" height=\"32\"><strong><span style=\"color: #0000ff;\">Folheto de port\u00e3o girat\u00f3rio pedestre com servo motor MT310<\/span><\/strong><\/a><\/p>\n","protected":false},"featured_media":58081,"comment_status":"closed","ping_status":"closed","template":"","meta":{"neve_meta_sidebar":"","neve_meta_container":"","neve_meta_enable_content_width":"off","neve_meta_content_width":0,"neve_meta_title_alignment":"","neve_meta_author_avatar":"","neve_post_elements_order":"","neve_meta_disable_header":"","neve_meta_disable_footer":"","neve_meta_disable_title":"","_ti_tpc_template_sync":false,"_ti_tpc_template_id":""},"product_cat":[2020,2017],"product_tag":[2104,2101,2103,3295,2109,2469,2471,3294,2100],"class_list":["post-34106","product","type-product","status-publish","has-post-thumbnail","hentry","product_cat-portao-giratorio-giratorio","product_cat-torniquetes-de-seguranca","product_tag-catraca-de-saida","product_tag-catraca-optica","product_tag-optical-turnstile-gate-pt","product_tag-porta-de-velocidade-cilindrica","product_tag-portao-de-catraca","product_tag-portao-giratorio-giratorio","product_tag-portao-giratorio-para-pedestres","product_tag-portas-de-velocidade-do-cilindro","product_tag-torniquete-giratorio-pt"],"_links":{"self":[{"href":"https:\/\/mairsturnstile.com\/pt\/wp-json\/wp\/v2\/product\/34106","targetHints":{"allow":["GET"]}}],"collection":[{"href":"https:\/\/mairsturnstile.com\/pt\/wp-json\/wp\/v2\/product"}],"about":[{"href":"https:\/\/mairsturnstile.com\/pt\/wp-json\/wp\/v2\/types\/product"}],"replies":[{"embeddable":true,"href":"https:\/\/mairsturnstile.com\/pt\/wp-json\/wp\/v2\/comments?post=34106"}],"version-history":[{"count":0,"href":"https:\/\/mairsturnstile.com\/pt\/wp-json\/wp\/v2\/product\/34106\/revisions"}],"wp:featuredmedia":[{"embeddable":true,"href":"https:\/\/mairsturnstile.com\/pt\/wp-json\/wp\/v2\/media\/58081"}],"wp:attachment":[{"href":"https:\/\/mairsturnstile.com\/pt\/wp-json\/wp\/v2\/media?parent=34106"}],"wp:term":[{"taxonomy":"product_cat","embeddable":true,"href":"https:\/\/mairsturnstile.com\/pt\/wp-json\/wp\/v2\/product_cat?post=34106"},{"taxonomy":"product_tag","embeddable":true,"href":"https:\/\/mairsturnstile.com\/pt\/wp-json\/wp\/v2\/product_tag?post=34106"}],"curies":[{"name":"wp","href":"https:\/\/api.w.org\/{rel}","templated":true}]}}