{"id":34187,"date":"2020-09-13T17:06:48","date_gmt":"2020-09-13T09:06:48","guid":{"rendered":"https:\/\/mairsturnstile.com\/product\/torniquete-de-handicap-de-altura-total-mt451-c"},"modified":"2026-05-06T23:25:01","modified_gmt":"2026-05-06T15:25:01","slug":"catraca-para-deficientes","status":"publish","type":"product","link":"https:\/\/mairsturnstile.com\/pt\/product\/catraca-para-deficientes","title":{"rendered":"TORNIQUETE DE ALTURA TOTAL PARA DEFICIENTES"},"content":{"rendered":"        <!-- 3D Model html -->\r\n        <div class=\"bp_grand wrapper_51818\">   \r\n        <div class=\"bp_model_parent\">\r\n            <model-viewer class=\"model\" id=\"bp_model_id_51818\" src=\"http:\/\/mairsturnstile.com\/wp-content\/uploads\/2024\/09\/MT-XW400C.glb\" alt=\"MT-XW400C\" camera-controls  loading=\"auto\" auto-rotate                        >\r\n            <\/model-viewer>\r\n        \r\n            <!-- Button -->\r\n            <svg id=\"openBtn\" width=\"30px\" height=\"30px\" viewBox=\"0 0 16 16\" xmlns=\"http:\/\/www.w3.org\/2000\/svg\" fill=\"#f2f2f2\" class=\"bi bi-arrows-fullscreen model-icon\">\r\n                <path fill-rule=\"evenodd\" d=\"M5.828 10.172a.5.5 0 0 0-.707 0l-4.096 4.096V11.5a.5.5 0 0 0-1 0v3.975a.5.5 0 0 0 .5.5H4.5a.5.5 0 0 0 0-1H1.732l4.096-4.096a.5.5 0 0 0 0-.707zm4.344 0a.5.5 0 0 1 .707 0l4.096 4.096V11.5a.5.5 0 1 1 1 0v3.975a.5.5 0 0 1-.5.5H11.5a.5.5 0 0 1 0-1h2.768l-4.096-4.096a.5.5 0 0 1 0-.707zm0-4.344a.5.5 0 0 0 .707 0l4.096-4.096V4.5a.5.5 0 1 0 1 0V.525a.5.5 0 0 0-.5-.5H11.5a.5.5 0 0 0 0 1h2.768l-4.096 4.096a.5.5 0 0 0 0 .707zm-4.344 0a.5.5 0 0 1-.707 0L1.025 1.732V4.5a.5.5 0 0 1-1 0V.525a.5.5 0 0 1 .5-.5H4.5a.5.5 0 0 1 0 1H1.732l4.096 4.096a.5.5 0 0 1 0 .707z\"\/>\r\n            <\/svg>\r\n        \r\n            <svg id=\"closeBtn\" class=\"model-icon\" width=\"34px\" height=\"34px\" viewBox=\"0 0 24 24\" xmlns=\"http:\/\/www.w3.org\/2000\/svg\">\r\n                <path fill=\"none\" stroke=\"#f2f2f2\" stroke-width=\"2\" d=\"M7,7 L17,17 M7,17 L17,7\"\/>\r\n            <\/svg>\r\n        \r\n        <\/div>\r\n        <\/div> \r\n\r\n        <!-- Model Viewer Style -->\r\n        <style>\r\n            \r\n            .wrapper_51818 .bp_model_parent, #bp_model_id_51818 {\r\n                width: 1150px;\r\n                max-width: 100%;\r\n                                            }\r\n            #bp_model_id_51818 {\r\n                height:700px;\r\n                background-color: #f9f9f9;\r\n            }\r\n            .fullscreen #bp_model_id_51818{\r\n            height: 100%;\r\n            width: 100%;\r\n            }\r\n            .wrapper_51818 .bp_model_parent{\r\n                justify-content: start            }\r\n            model-viewer.model {\r\n                --poster-color: transparent;\r\n            }\r\n        <\/style>\r\n        \r\n        \n<h4>PORT\u00c3O DE CATRACAS DE HANDICAP tem garantia de 2 anos e suporte dur\u00e1vel de manuten\u00e7\u00e3o e reparo.<\/h4>\n<p> Torniquete para deficientes motores, em conformidade com a ADA, com altura total para acesso de cadeiras de rodas. Descubra o nosso torniquete para deficientes com design exclusivo. Ampla gama para acesso de cadeiras de rodas, em conformidade com a ADA, seguran\u00e7a a toda a altura com acabamento premium em a\u00e7o inoxid\u00e1vel. Fabricante de torniquetes para deficientes motores, port\u00e3o em conformidade com a ADA com design amig\u00e1vel para cadeiras de rodas. O nosso torniquete para deficientes possui uma passagem de 91 cm de largura para acesso de cadeiras de rodas e carrinhos de beb\u00e9. Apar\u00eancia \u00fanica, alta seguran\u00e7a e constru\u00e7\u00e3o em a\u00e7o inoxid\u00e1vel 304. Roquete para deficientes motores que poupa espa\u00e7o, design compacto de altura total para \u00e1reas limitadas. Ao contr\u00e1rio das unidades tradicionais volumosas, a nossa catraca para deficientes apresenta um corpo aerodin\u00e2mico \u00fanico com uma faixa acess\u00edvel para cadeiras de rodas de 81 cm. Perfeita para lobbies de escrit\u00f3rios e condom\u00ednios residenciais.     <\/p>\n<p>Podemos fornecer servi\u00e7os OEM e ODM. Temos designers experientes que podem realizar uma personaliza\u00e7\u00e3o profunda de acordo com qualquer uma de suas necessidades. Forneceremos uma s\u00e9rie de materiais, como renderiza\u00e7\u00f5es 3D, desenhos dimensionais, etc. Se voc\u00ea tiver alguma necessidade especial e precisar customizar o produto, basta fornecer fotos e par\u00e2metros relevantes. Tamb\u00e9m fornecemos dispositivos biom\u00e9tricos, como leitores de cart\u00f5es IC\/ID, leitores de impress\u00e3o digital, leitores de c\u00f3digo QR, c\u00e2meras de reconhecimento facial e assim por diante. A melhor roquete para deficientes motores para uso no exterior, resistente \u00e0s intemp\u00e9ries e em conformidade com a ADA. A nossa roquete para deficientes \u00e9 constru\u00edda para ambientes agressivos com classifica\u00e7\u00e3o IP66 e a\u00e7o inoxid\u00e1vel 316 resistente \u00e0 corros\u00e3o. Design est\u00e9tico exclusivo para est\u00e1dios e espa\u00e7os p\u00fablicos. <\/p>\n<p>Lan\u00e7\u00e1mos tamb\u00e9m uma nova s\u00e9rie de torniquetes de altura total com um aspeto elegante e uma estrutura robusta. Verificar:<span style=\"color: #0000ff;\"> <a style=\"color: #0000ff;\" href=\"https:\/\/mairsturnstile.com\/full-height-series-turnstile\" target=\"_blank\" rel=\"noopener\">s\u00e9rie de torniquetes de altura total<\/a><\/span> <\/p>\n<p><strong>A catraca para deficientes f\u00edsicos \u00e9 uma esp\u00e9cie de catraca para pedestres usada para controle de acesso de cadeiras de rodas para deficientes f\u00edsicos, cuja largura da pista deve ser de pelo menos 900 mm. A catraca para deficientes f\u00edsicos geralmente \u00e9 projetada para pessoas com defici\u00eancia, o que facilita o deslocamento dos deficientes.<\/strong> Os deficientes e as cadeiras de rodas podem passar facilmente. A catraca para deficientes f\u00edsicos \u00e9 diferente da catraca tradicional com barreira de aba e da catraca trip\u00e9. O acesso n\u00e3o \u00e9 restrito por meios f\u00edsicos, como placa lateral e haste de bloqueio. A catraca para deficientes f\u00edsicos n\u00e3o possui princ\u00edpio de movimento, apenas uma fun\u00e7\u00e3o de reconhecimento indutivo.<\/p>\n<p>Combine high security with accessibility. Our handicap turnstile features a retractable arm or companion swing gate for wheelchairs. Request a quote. Perfect for disabled users. Our handicap turnstile uses facial recognition \u2013 no cards or fingerprints. Contactless, hygienic &#038; accessible. Smooth operation for all. Our handicap turnstile features a servo motor with adjustable opening force. Meets ADA guidelines. Handciap Turnstile Factory Direct, Customizable Colors and Finish Available, Save with factory pricing on our handicap turnstile. RAL color customization, powder coated finish, and 316 marine grade stainless steel options. Get a quote in 24 hours.           <\/p>\n<p>Existem muitos estilos de catracas para deficientes f\u00edsicos, que tamb\u00e9m podem ser customizadas de acordo com suas reais necessidades. Todos os nossos port\u00f5es girat\u00f3rios e port\u00f5es r\u00e1pidos podem ser especialmente projetados para pessoas com defici\u00eancia e deficientes. Todos os modelos de catracas girat\u00f3rias e port\u00f5es r\u00e1pidos podem ser utilizados para acesso de deficientes. Alguns modelos de barreira de aba retr\u00e1til dupla e catraca de port\u00e3o deslizante tamb\u00e9m podem ter largura de passagem de 900 mm. Est\u00e1 em conformidade com a ADA (Lei dos Americanos com Defici\u00eancias). Se precisar de qualquer tipo de torniquete para deficientes, <a href=\"https:\/\/mairsturnstile.com\/contact\">contacte-nos<\/a><\/p>\n<p>Sobre este produto de catraca ADA ou catraca para deficientes f\u00edsicos, devido aos fatores do ambiente de instala\u00e7\u00e3o no local ou aos requisitos de acesso ao local e ao local, muitos clientes podem precisar apenas da vers\u00e3o simples da catraca ADA. Se voc\u00ea tiver alguma necessidade nesse sentido, tamb\u00e9m pode entrar em contato conosco para personaliz\u00e1-lo. Por exemplo, as duas vers\u00f5es simples a seguir da catraca girat\u00f3ria de altura total s\u00e3o personalizadas por nossos clientes. Esta catraca girat\u00f3ria de altura total resolve o problema de que as catracas de altura total n\u00e3o podem passar por bicicletas e cadeiras de rodas. A vers\u00e3o simples da catraca girat\u00f3ria \u00e9 totalmente projetada para a passagem de bicicletas ou pessoas com defici\u00eancia.<\/p>\n<p>Tamb\u00e9m podemos criar uma renderiza\u00e7\u00e3o para voc\u00ea em poucos minutos com base no seu cen\u00e1rio real. Tamb\u00e9m fornecemos layout e desenhos detalhados, bem como desenhos de instala\u00e7\u00e3o.<\/p>\n\n        \t\n\t<style type=\"text\/css\">\n\t\t.slider-info-53264.bafg-slider-info .bafg-slider-title {\n\t\t\t\t\t\tfont-size: 22px;\n\t\t\t\t\t\t\n\t\t\t\n\t\t\t\t\t}\n\n\t\t.slider-info-53264.bafg-slider-info .bafg-slider-description {\n\t\t\t\n\t\t\t\n\t\t\t\t\t}\n\n\t\t.slider-info-53264.bafg-slider-info .bafg_slider_readmore_button {\n\t\t\t\n\t\t\t\n\t\t\t\n\t\t\t\n\t\t\t\n\t\t\ttext-align: center;\n\n\t\t\t\n\t\t\t\n\t\t\t\n\t\t\t\n\t\t\t\n\t\t\t\n\t\t\t\t\t}\n\n\t\t.slider-info-53264.bafg-slider-info .bafg_slider_readmore_button:hover {\n\n\t\t\t\n\t\t\t\n\t\t\t\t\t}\n\n\t<\/style>\n\t\n        <div class=\"bafg-twentytwenty-container slider-53264 \" bafg-orientation=\"horizontal\" bafg-default-offset=\"0.5\" bafg-before-label=\"Before\" bafg-after-label=\"After\" bafg-overlay=\"yes\" bafg-move-slider-on-hover=\"yes\" bafg-click-to-move=\"no\">\n              \n            <img decoding=\"async\" class=\"skip-lazy\" src=\"http:\/\/mairsturnstile.com\/wp-content\/uploads\/2024\/09\/xw-series-full-height-handicap-turnstile-XW400-C.jpg\" alt=\"\" data-skip-lazy title=\"\">\n            <img decoding=\"async\" class=\"skip-lazy\" src=\"http:\/\/mairsturnstile.com\/wp-content\/uploads\/2024\/09\/xw-series-full-height-handicap-turnstile-XW400-C-1.jpg\" alt=\"\" data-skip-lazy title=\"\">\n           \n        <\/div>\n\n        \t<div class=\"bafg-slider-info-wraper\">\n\t\t<div style=\"\" class=\"slider-info-53264 bafg-slider-info\">\n\t\t\t\t\t<\/div>\n\t<\/div>\n\t\n        <style type=\"text\/css\">\n            \n        <\/style>\n        \n<p>H\u00e1 um sem\u00e1foro na tampa superior do produto, e um sem\u00e1foro LED \u00e9 feito de acordo com a necessidade do cliente. Podemos atender \u00e0s necessidades de qualquer OEM ou ODM.<\/p>\n<p>A catraca para deficientes f\u00edsicos pode julgar com rapidez e precis\u00e3o a identidade ilegal do pessoal ao passar pelo equipamento, emitir sinais de alarme e tirar fotos. Al\u00e9m disso, o sistema de controle de acesso pode usar tecnologia de compara\u00e7\u00e3o de imagens para rastrear registros de acesso suspeitos ou informa\u00e7\u00f5es pessoais suspeitas em per\u00edodos sens\u00edveis.<\/p>\n<p>A catraca para deficientes avalia se h\u00e1 pessoas e mercadorias dentro e fora do canal por meio da tecnologia RFID e infravermelha, avalia a legitimidade de pessoas e mercadorias dentro e fora do canal em combina\u00e7\u00e3o com a tecnologia de aquisi\u00e7\u00e3o de dados sem fio de longa dist\u00e2ncia e lembra-lhes por meio de indica\u00e7\u00e3o sonora e visual.<\/p>\n<p>A catraca para deficientes f\u00edsicos \u00e9 caracterizada pela tecnologia de aquisi\u00e7\u00e3o de dados sem fio de longa dist\u00e2ncia. O pessoal que entra e sai do canal n\u00e3o precisa mostrar ativamente seus documentos de identidade, mas apenas conhecer suas informa\u00e7\u00f5es de identidade e legitimidade atrav\u00e9s do canal.<\/p>\n<p>A catraca para deficientes f\u00edsicos \u00e9 composta por um chassi e um m\u00f3dulo de controle el\u00e9trico. A placa-m\u00e3e de controle da catraca detecta a passagem de pessoas com defici\u00eancia atrav\u00e9s de um detector infravermelho, e as pessoas com defici\u00eancia\/defici\u00eancia podem passar com autoriza\u00e7\u00e3o legal; Caso um pedestre entre na passagem sem autoriza\u00e7\u00e3o, o alarme sonoro e visual ser\u00e1 acionado para avisar que o pedestre n\u00e3o poder\u00e1 passar sem autoriza\u00e7\u00e3o.<\/p>\n<p style=\"font-weight: 400;\">Torniquete RFID de reconhecimento facial de controle de acesso de catraca para deficientes para pr\u00e9dio de escrit\u00f3rios. As interfaces de entrada de sinal padr\u00e3o s\u00e3o geralmente configuradas, como RS485 \/ RS232 ou interface TCP \/ IP, que podem ser integradas com v\u00e1rios softwares de terceiros, equipamentos biom\u00e9tricos e controladores de controle de acesso. \u00c9 adequado para v\u00e1rias ocasi\u00f5es internas, como edif\u00edcios comerciais, edif\u00edcios de escrit\u00f3rios, salas de exposi\u00e7\u00f5es e assim por diante.<\/p>\n<p>A catraca para deficientes f\u00edsicos de altura total controla as pessoas que entram ou saem da \u00e1rea restrita. A caixa \u00e9 de a\u00e7o inoxid\u00e1vel 304 escovado de alta qualidade. O mecanismo utiliza tecnologia de ponta para diminuir o tamanho, mas garante alto desempenho. Eles tamb\u00e9m s\u00e3o equipados com um motor DC sem escova de marca famosa e um sensor sofisticado. O <a href=\"https:\/\/mairsturnstile.com\/swing-turnstile-gate.html\" target=\"_blank\" rel=\"noopener\">torniquete de balan\u00e7o<\/a> tem uma sa\u00edda de rel\u00e9 padr\u00e3o, que pode ser facilmente integrada com todos os tipos de sistemas de controlo de acesso de terceiros (ou seja, RFID, impress\u00e3o digital, rosto, c\u00f3digo de barras, <a href=\"https:\/\/en.wikipedia.org\/wiki\/Thermometer\" target=\"_blank\" rel=\"noopener\">term\u00f3metro<\/a> IR). \u00c9 f\u00e1cil configurar v\u00e1rias pistas. Mairs oferece a melhor catraca para deficientes f\u00edsicos pelo pre\u00e7o mais barato online. Torniquete para deficientes f\u00edsicos, pessoas com defici\u00eancia e deficientes.<\/p>\n<ul>\n<li style=\"list-style-type: none;\">\n<ul>\n<li>Em caso de emerg\u00eancia, corte a energia, a catraca para deficientes f\u00edsicos abrir\u00e1 automaticamente para permitir a passagem livre, atendendo aos requisitos de seguran\u00e7a contra inc\u00eandio. Mas tem que vir com bateria. Quanto \u00e0 exporta\u00e7\u00e3o, a bateria \u00e9 sens\u00edvel, podemos usar o capacitor para substitu\u00ed-la.<\/li>\n<li>A catraca de altura total para deficientes \u00e9 adequada para solu\u00e7\u00f5es de entrada luxuosas e sofisticadas.<\/li>\n<li>Todo o sistema funciona sem problemas, com baixo ru\u00eddo e alta velocidade.<\/li>\n<li>Alarm function, if there is an illegal intrusion and reverse intrusion, the gate will alarm and the door will lock.<\/li>\n<li>H\u00e1 um total de 6 pares de sensores infravermelhos. O sensor do meio serve para evitar beliscar pedestres.<\/li>\n<li>Fun\u00e7\u00e3o anti-cauda, uma pessoa pode passar de cada vez. Se algu\u00e9m seguir as pessoas da frente, o port\u00e3o ir\u00e1 alarmar<\/li>\n<li>Indicador LED. Cruz Vermelha e Arqueiro Verde. Existem tamb\u00e9m indicadores LED no poste frontal. The LED light can be added to the arms.<\/li>\n<li>O acesso bidirecional reduz a necessidade de mais port\u00f5es. \u00c9 acomodado para cadeira de rodas, carrinho de compras aumenta a efici\u00eancia de passagem.<\/li>\n<li>Fun\u00e7\u00e3o de reinicializa\u00e7\u00e3o autom\u00e1tica. Caso as pessoas n\u00e3o passem dentro do tempo predefinido (o tempo padr\u00e3o \u00e9 5 segundos), o sistema cancelar\u00e1 a autoridade do usu\u00e1rio e fechar\u00e1 automaticamente<\/li>\n<li>Anti-colis\u00e3o, Anti bra\u00e7adeira, Os port\u00f5es v\u00eam com motor sem escova. Durante a opera\u00e7\u00e3o, se algu\u00e9m bater no bra\u00e7o, o port\u00e3o ser\u00e1 reiniciado automaticamente. Esta fun\u00e7\u00e3o evita eficazmente que os pe\u00f5es, especialmente as crian\u00e7as, colidam, cortem, batam, etc.<\/li>\n<li>Mecanismo: o port\u00e3o para deficientes \u00e9 autom\u00e1tico com motor Brushless<\/li>\n<li> Altura total semiautom\u00e1tica para acesso regular (autom\u00e1tico opcional)<\/li>\n<li>O sentido de rota\u00e7\u00e3o: bidirecional\/\u00fanico direcional<\/li>\n<li>Situa\u00e7\u00e3o de emerg\u00eancia: Em caso de emerg\u00eancia ou isolamento da fonte de alimenta\u00e7\u00e3o, a porta girat\u00f3ria pode ser configurada para Fail-Safe, ou seja, gira livremente ou Fail-Lock<\/li>\n<li>Umidade: \u226495%<\/li>\n<li>Acionamento: Operado semiautom\u00e1tico<\/li>\n<li>Working temperature:-25\u2103\uff5e60\u2103<\/li>\n<li>Recurso opcional: leitor IC\/ID, leitor de c\u00f3digo de barras, reconhecimento facial, impress\u00e3o digital, outros equipamentos de controle de acesso, UPS, etc.<\/li>\n<li>Communication distance: \u22641200 m<\/li>\n<li>Communication interface: RS485<\/li>\n<li>Tempo necess\u00e1rio para abertura: 0,2 s<\/li>\n<li>Ambiente de trabalho: Interior ou exterior<\/li>\n<li>Faixa de aplica\u00e7\u00e3o: Comunidade, F\u00e1brica, Canteiro de Obras, Escola, Local do resort, Instala\u00e7\u00e3o governamental, etc.<\/li>\n<\/ul>\n<\/li>\n<\/ul>\n<p>Podemos fornecer toda a solu\u00e7\u00e3o de controle de acesso de seguran\u00e7a. Se voc\u00ea possui seu pr\u00f3prio sistema de controle de acesso, pode utilizar diretamente nossa catraca. Se voc\u00ea n\u00e3o tiver um, tamb\u00e9m fornecemos uma solu\u00e7\u00e3o completa de controle de acesso de seguran\u00e7a. Consulte o v\u00eddeo abaixo para obter detalhes.<\/p>\n<p><iframe title=\"Reprodutor de v\u00eddeo do YouTube\" src=\"https:\/\/www.youtube.com\/embed\/Gl9Rl2PVJVQ?si=cuTX95KQ3zFpweRt&#038;start=1\" width=\"1150\" height=\"650\" frameborder=\"0\" allowfullscreen=\"allowfullscreen\"><span data-mce-type=\"bookmark\" style=\"display: inline-block; width: 0px; overflow: hidden; line-height: 0;\" class=\"mce_SELRES_start\"><\/span><\/iframe><\/p>\n","protected":false},"excerpt":{"rendered":"<p>1. Tamanho:2650*1500*2200 mm (pode ser personalizado)<\/p>\n<p>2. Largura da pista: 650 mm (rotor) 900 mm (deficientes)<\/p>\n<p>3. Material: a\u00e7o inoxid\u00e1vel 304 ou a\u00e7o inoxid\u00e1vel 316<\/p>\n<p>4. Passing speed: 25 person\/min<\/p>\n<p>5. Fonte de alimenta\u00e7\u00e3o: 110V\/220V 50\/60hz<\/p>\n<p>6. V\u00e1lvula solen\u00f3ide: DC24V<\/p>\n<p>7. Sinal de port\u00e3o aberto: contato seco\/rel\u00e9<\/p>\n<p>8. Confiabilidade do mecanismo: 5 milh\u00f5es, sem culpa<\/p>\n<p>9. Mecanismo com amortecedor hidr\u00e1ulico para absor\u00e7\u00e3o de choque<\/p>\n<p><span style=\"color: #000000;\"><strong><a style=\"color: #000000;\" title=\"Torniquete de altura total com certifica\u00e7\u00e3o CE Mairs\" href=\"http:\/\/mairsturnstile.com\/wp-content\/uploads\/2022\/09\/Mairs-CE-Certificate-Full-Height-Turnstile.pdf\" target=\"_blank\" rel=\"noopener noreferrer\">Certificado CE,<\/a> <a style=\"color: #000000;\" title=\"Certificado Mairs ISO9001\" href=\"http:\/\/mairsturnstile.com\/wp-content\/uploads\/2022\/09\/Mairs-Registration-Certificate-ISO9001.pdf\" target=\"_blank\" rel=\"noopener noreferrer\">Certificado ISO9001.<\/a><\/strong><\/span><\/p>\n<p><a title=\"Manual de instala\u00e7\u00e3o da catraca de altura total\" href=\"http:\/\/mairsturnstile.com\/wp-content\/uploads\/2023\/09\/Full-height-turnstile-installation-manual.pdf\" target=\"_blank\" rel=\"noopener noreferrer\"><strong><span style=\"color: #fcaf3b;\">Download Full Height Turnstile User &#038; Installation Manual<\/span><\/strong><\/a><\/p>\n<p><a title=\"XW Series Full Hegiht Turnstile\" href=\"https:\/\/mairsturnstile-online.com\/flipbook\/xw-series-full-height-turnstile\" target=\"_blank\" rel=\"noopener noreferrer\"><span style=\"color: #fcaf3b;\"><strong>Download XW Series Full Hegiht Turnstile<\/strong><\/span><\/a><\/p>\n","protected":false},"featured_media":56877,"comment_status":"closed","ping_status":"closed","template":"","meta":{"neve_meta_sidebar":"","neve_meta_container":"","neve_meta_enable_content_width":"off","neve_meta_content_width":0,"neve_meta_title_alignment":"","neve_meta_author_avatar":"","neve_post_elements_order":"","neve_meta_disable_header":"","neve_meta_disable_footer":"","neve_meta_disable_title":"","_ti_tpc_template_sync":false,"_ti_tpc_template_id":""},"product_cat":[2014,2017],"product_tag":[2486,2487,2484,2485],"class_list":["post-34187","product","type-product","status-publish","has-post-thumbnail","hentry","product_cat-torniquetes-de-altura-total","product_cat-torniquetes-de-seguranca","product_tag-catraca-ada","product_tag-catraca-desabilitada","product_tag-catraca-para-deficientes-fisicos","product_tag-portao-de-torniquete-para-deficientes-fisicos"],"_links":{"self":[{"href":"https:\/\/mairsturnstile.com\/pt\/wp-json\/wp\/v2\/product\/34187","targetHints":{"allow":["GET"]}}],"collection":[{"href":"https:\/\/mairsturnstile.com\/pt\/wp-json\/wp\/v2\/product"}],"about":[{"href":"https:\/\/mairsturnstile.com\/pt\/wp-json\/wp\/v2\/types\/product"}],"replies":[{"embeddable":true,"href":"https:\/\/mairsturnstile.com\/pt\/wp-json\/wp\/v2\/comments?post=34187"}],"version-history":[{"count":1,"href":"https:\/\/mairsturnstile.com\/pt\/wp-json\/wp\/v2\/product\/34187\/revisions"}],"predecessor-version":[{"id":72674,"href":"https:\/\/mairsturnstile.com\/pt\/wp-json\/wp\/v2\/product\/34187\/revisions\/72674"}],"wp:featuredmedia":[{"embeddable":true,"href":"https:\/\/mairsturnstile.com\/pt\/wp-json\/wp\/v2\/media\/56877"}],"wp:attachment":[{"href":"https:\/\/mairsturnstile.com\/pt\/wp-json\/wp\/v2\/media?parent=34187"}],"wp:term":[{"taxonomy":"product_cat","embeddable":true,"href":"https:\/\/mairsturnstile.com\/pt\/wp-json\/wp\/v2\/product_cat?post=34187"},{"taxonomy":"product_tag","embeddable":true,"href":"https:\/\/mairsturnstile.com\/pt\/wp-json\/wp\/v2\/product_tag?post=34187"}],"curies":[{"name":"wp","href":"https:\/\/api.w.org\/{rel}","templated":true}]}}