{"id":34239,"date":"2020-09-13T16:57:45","date_gmt":"2020-09-13T08:57:45","guid":{"rendered":"https:\/\/mairsturnstile.com\/product\/portao-de-catraca-com-reconhecimento-face-mt365"},"modified":"2023-11-01T11:03:51","modified_gmt":"2023-11-01T03:03:51","slug":"catraca-gate-indonesia","status":"publish","type":"product","link":"https:\/\/mairsturnstile.com\/pt\/product\/catraca-gate-indonesia","title":{"rendered":"PORT\u00c3O DE CATRACA COM RECONHECIMENTO FACE MT365"},"content":{"rendered":"        <!-- 3D Model html -->\r\n        <div class=\"bp_grand wrapper_24274\">   \r\n        <div class=\"bp_model_parent\">\r\n            <model-viewer class=\"model\" id=\"bp_model_id_24274\" src=\"http:\/\/mairsturnstile.com\/wp-content\/uploads\/2023\/07\/MT365.glb\" alt=\"MT365\" camera-controls  loading=\"auto\" auto-rotate                        >\r\n            <\/model-viewer>\r\n        \r\n            <!-- Button -->\r\n            <svg id=\"openBtn\" width=\"30px\" height=\"30px\" viewBox=\"0 0 16 16\" xmlns=\"http:\/\/www.w3.org\/2000\/svg\" fill=\"#f2f2f2\" class=\"bi bi-arrows-fullscreen model-icon\">\r\n                <path fill-rule=\"evenodd\" d=\"M5.828 10.172a.5.5 0 0 0-.707 0l-4.096 4.096V11.5a.5.5 0 0 0-1 0v3.975a.5.5 0 0 0 .5.5H4.5a.5.5 0 0 0 0-1H1.732l4.096-4.096a.5.5 0 0 0 0-.707zm4.344 0a.5.5 0 0 1 .707 0l4.096 4.096V11.5a.5.5 0 1 1 1 0v3.975a.5.5 0 0 1-.5.5H11.5a.5.5 0 0 1 0-1h2.768l-4.096-4.096a.5.5 0 0 1 0-.707zm0-4.344a.5.5 0 0 0 .707 0l4.096-4.096V4.5a.5.5 0 1 0 1 0V.525a.5.5 0 0 0-.5-.5H11.5a.5.5 0 0 0 0 1h2.768l-4.096 4.096a.5.5 0 0 0 0 .707zm-4.344 0a.5.5 0 0 1-.707 0L1.025 1.732V4.5a.5.5 0 0 1-1 0V.525a.5.5 0 0 1 .5-.5H4.5a.5.5 0 0 1 0 1H1.732l4.096 4.096a.5.5 0 0 1 0 .707z\"\/>\r\n            <\/svg>\r\n        \r\n            <svg id=\"closeBtn\" class=\"model-icon\" width=\"34px\" height=\"34px\" viewBox=\"0 0 24 24\" xmlns=\"http:\/\/www.w3.org\/2000\/svg\">\r\n                <path fill=\"none\" stroke=\"#f2f2f2\" stroke-width=\"2\" d=\"M7,7 L17,17 M7,17 L17,7\"\/>\r\n            <\/svg>\r\n        \r\n        <\/div>\r\n        <\/div> \r\n\r\n        <!-- Model Viewer Style -->\r\n        <style>\r\n            \r\n            .wrapper_24274 .bp_model_parent, #bp_model_id_24274 {\r\n                width: 1150px;\r\n                max-width: 100%;\r\n                                            }\r\n            #bp_model_id_24274 {\r\n                height:700px;\r\n                background-color: #f2f2f2;\r\n            }\r\n            .fullscreen #bp_model_id_24274{\r\n            height: 100%;\r\n            width: 100%;\r\n            }\r\n            .wrapper_24274 .bp_model_parent{\r\n                justify-content: start            }\r\n            model-viewer.model {\r\n                --poster-color: transparent;\r\n            }\r\n        <\/style>\r\n        \r\n        \n<h4>PORT\u00c3O DE CATRACA INDON\u00c9SIA tem 2 anos de garantia e suporte dur\u00e1vel de manuten\u00e7\u00e3o e reparo.<\/h4>\n<p>Podemos fornecer servi\u00e7os OEM e ODM. Temos designers experientes que podem realizar uma personaliza\u00e7\u00e3o profunda de acordo com qualquer uma de suas necessidades. Forneceremos uma s\u00e9rie de materiais, como renderiza\u00e7\u00f5es 3D, desenhos dimensionais, etc. Tamb\u00e9m fornecemos dispositivos biom\u00e9tricos, tais como leitores de cart\u00f5es IC\/ID, scanners de impress\u00f5es digitais, scanners de c\u00f3digo QR, <a href=\"https:\/\/mairsturnstile.com\/product\/face-recognition-camera\">c\u00e2mara de reconhecimento facial<\/a>, etc.<\/p>\n<p>O port\u00e3o da catraca da Indon\u00e9sia \u00e9 um port\u00e3o de design elegante e elegante. Ele controla as pessoas para entrar ou sair da \u00e1rea restrita.<\/p>\n<p>A caixa \u00e9 de a\u00e7o inoxid\u00e1vel 304 escovado de alta qualidade.<\/p>\n<p>O mecanismo utiliza tecnologia de ponta para reduzir o tamanho, mas garante um elevado desempenho. <a href=\"https:\/\/mairsturnstile.com\/\">A Mairs<\/a> oferece-lhe o melhor torniquete de port\u00e3o da Indon\u00e9sia.<\/p>\n<p>Eles tamb\u00e9m s\u00e3o equipados com um motor DC sem escova de marca famosa e um sensor sofisticado.<\/p>\n<p>Dependendo de sua prefer\u00eancia ou necessidade, a largura da pista pode ser definida para 600-900 mm. 600 mm \u00e9 o acesso padr\u00e3o. 900 mm \u00e9 acess\u00edvel para deficientes.<\/p>\n<p>O torniquete da Indon\u00e9sia est\u00e1 equipado com 6 pares de sensores de infravermelhos para garantir a seguran\u00e7a da passagem com elevada precis\u00e3o.<\/p>\n<p>Tem uma sa\u00edda de rel\u00e9 padr\u00e3o, que pode ser facilmente integrada com todos os tipos de sistemas de controlo de acesso de terceiros (ou seja, RFID, <a href=\"https:\/\/en.wikipedia.org\/wiki\/Fingerprint\" target=\"_blank\" rel=\"noopener\">impress\u00e3o digital<\/a>, reconhecimento facial, c\u00f3digo de barras, term\u00f3metro IR).<\/p>\n<p>O design razo\u00e1vel e a alta configura\u00e7\u00e3o garantem que os port\u00f5es possam se mover com precis\u00e3o e sil\u00eancio.<\/p>\n<p>\u00c9 um baixo consumo de energia, economia de energia e ecologicamente correto. Mairsturnstile \u00e9 um fabricante profissional de catracas para port\u00f5es r\u00e1pidos.<\/p>\n<p>Tamb\u00e9m podemos criar uma renderiza\u00e7\u00e3o para voc\u00ea em poucos minutos com base no seu cen\u00e1rio real. Tamb\u00e9m fornecemos layout e desenhos detalhados, bem como desenhos de instala\u00e7\u00e3o.<\/p>\n\n        \t\n\t<style type=\"text\/css\">\n\t\t.slider-info-24284.bafg-slider-info .bafg-slider-title {\n\t\t\t\t\t\tfont-size: 22px;\n\t\t\t\t\t\t\n\t\t\t\n\t\t\t\t\t}\n\n\t\t.slider-info-24284.bafg-slider-info .bafg-slider-description {\n\t\t\t\n\t\t\t\n\t\t\t\t\t}\n\n\t\t.slider-info-24284.bafg-slider-info .bafg_slider_readmore_button {\n\t\t\t\n\t\t\t\n\t\t\t\n\t\t\t\n\t\t\t\n\t\t\ttext-align: center;\n\n\t\t\t\n\t\t\t\n\t\t\t\n\t\t\t\n\t\t\t\n\t\t\t\n\t\t\t\t\t}\n\n\t\t.slider-info-24284.bafg-slider-info .bafg_slider_readmore_button:hover {\n\n\t\t\t\n\t\t\t\n\t\t\t\t\t}\n\n\t<\/style>\n\t\n        <div class=\"bafg-twentytwenty-container slider-24284 \" bafg-orientation=\"horizontal\" bafg-default-offset=\"0.5\" bafg-before-label=\"Before\" bafg-after-label=\"After\" bafg-overlay=\"yes\" bafg-move-slider-on-hover=\"yes\" bafg-click-to-move=\"no\">\n              \n            <img decoding=\"async\" class=\"skip-lazy\" src=\"http:\/\/mairsturnstile.com\/wp-content\/uploads\/2023\/06\/optical-turnstiles_4.jpg\" alt=\"optical turnstiles\" data-skip-lazy title=\"\">\n            <img decoding=\"async\" class=\"skip-lazy\" src=\"http:\/\/mairsturnstile.com\/wp-content\/uploads\/2023\/07\/turnstile-gate-indonesia_5.jpg\" alt=\"\" data-skip-lazy title=\"\">\n           \n        <\/div>\n\n        \t<div class=\"bafg-slider-info-wraper\">\n\t\t<div style=\"\" class=\"slider-info-24284 bafg-slider-info\">\n\t\t\t\t\t<\/div>\n\t<\/div>\n\t\n        <style type=\"text\/css\">\n            \n        <\/style>\n        \n<ul>\n<li>Em caso de emerg\u00eancia, desligue a alimenta\u00e7\u00e3o el\u00e9ctrica e o <strong>torniquete do port\u00e3o da Indon\u00e9sia<\/strong> abrir-se-\u00e1 automaticamente para permitir a passagem livre, em conformidade com os requisitos de seguran\u00e7a contra inc\u00eandios. Mas tem que vir com bateria. As for export, the battery is sensitive, we can use the capacitor to replace<\/li>\n<li>As catracas \u00f3pticas s\u00e3o adequadas para solu\u00e7\u00f5es de entrada luxuosas e sofisticadas.<\/li>\n<li>Todo o sistema funciona sem problemas, com baixo ru\u00eddo e alta velocidade.<\/li>\n<li>LED no aparador \u00e9 opcional<\/li>\n<li>Ambiente de trabalho: Dentro de casa<\/li>\n<li>Fun\u00e7\u00e3o de alarme, se houver uma intrus\u00e3o ilegal ou reversa, o port\u00e3o ir\u00e1 soar um alarme e a porta ser\u00e1 travada.<\/li>\n<li>H\u00e1 um total de 6 pares de sensores infravermelhos. O sensor do meio serve para evitar beliscar pedestres.<\/li>\n<li>Fun\u00e7\u00e3o anti-cauda, uma pessoa pode passar de cada vez. Se algu\u00e9m seguir as pessoas da frente, o port\u00e3o ir\u00e1 alarmar<\/li>\n<li>Indicador LED. Cruz Vermelha e Arqueiro Verde. Existem tamb\u00e9m indicadores LED no poste frontal. The LED light can be added to the arms.<\/li>\n<li>O acesso bidirecional reduz a necessidade de mais port\u00f5es. \u00c9 acomodado para cadeira de rodas e carrinho de compras aumentando a efici\u00eancia de passagem.<\/li>\n<li>Fun\u00e7\u00e3o de reinicializa\u00e7\u00e3o autom\u00e1tica. Se as pessoas passaram dentro do tempo predefinido (o tempo padr\u00e3o \u00e9 5 segundos), o sistema cancelar\u00e1 a autoridade do usu\u00e1rio e fechar\u00e1 automaticamente.<\/li>\n<li>Anti-colis\u00e3o, Anti bra\u00e7adeira, Os port\u00f5es v\u00eam com motor sem escova. Durante a opera\u00e7\u00e3o, se algu\u00e9m bater no bra\u00e7o, o port\u00e3o ser\u00e1 reiniciado automaticamente. Esta fun\u00e7\u00e3o evita eficazmente que os pe\u00f5es, especialmente as crian\u00e7as, colidam, cortem, batam, etc.<\/li>\n<\/ul>\n<p>Podemos fornecer toda a solu\u00e7\u00e3o de controle de acesso de seguran\u00e7a. Se voc\u00ea possui seu pr\u00f3prio sistema de controle de acesso, pode utilizar diretamente nossa catraca. Se voc\u00ea n\u00e3o tiver um, tamb\u00e9m fornecemos uma solu\u00e7\u00e3o completa de controle de acesso de seguran\u00e7a. Consulte o v\u00eddeo abaixo para obter detalhes.<\/p>\n<p><iframe title=\"Torniquete de aeroporto, catraca de port\u00e3o r\u00e1pido para aeroporto, esta\u00e7\u00e3o de metr\u00f4 - MairsTurnstile.com\" src=\"https:\/\/www.youtube.com\/embed\/rR_US2dIKU8\" width=\"1150\" height=\"650\" frameborder=\"0\" allowfullscreen=\"allowfullscreen\"><\/iframe><\/p>\n","protected":false},"excerpt":{"rendered":"<p>1. Tamanho: 1400*120*980 mm (pode ser personalizado)<\/p>\n<p>2. Largura da pista: 600 mm (padr\u00e3o) 900 mm (para deficientes)<\/p>\n<p>3. Material do bra\u00e7o: Acr\u00edlico<\/p>\n<p>4. Velocidade de passagem: 40 pessoas\/min<\/p>\n<p>5. Fonte de alimenta\u00e7\u00e3o: 110 V\/220 V 50\/60 Hz<\/p>\n<p>6. Motor sem escova<\/p>\n<p>7. Um mecanismo anti-hit, reiniciado automaticamente quando encontra impacto de for\u00e7a<\/p>\n<p>8. Motor de acionamento da catraca do port\u00e3o de velocidade: 24V<\/p>\n<p>9. Material da caixa: a\u00e7o inoxid\u00e1vel 304<\/p>\n<p><span style=\"color: #0000ff;\"><strong><a style=\"color: #0000ff;\" title=\"Torniquete de porta r\u00e1pida com certifica\u00e7\u00e3o CE Mairs\" href=\"http:\/\/mairsturnstile.com\/wp-content\/uploads\/2022\/09\/Mairs-CE-Certificate-Speed-Gate-Turnstile.pdf\" target=\"_blank\" rel=\"noopener noreferrer\">Certificado CE,<\/a> <a style=\"color: #0000ff;\" title=\"Certificado Mairs ISO9001\" href=\"http:\/\/mairsturnstile.com\/wp-content\/uploads\/2022\/09\/Mairs-Registration-Certificate-ISO9001.pdf\" target=\"_blank\" rel=\"noopener noreferrer\">Certificado ISO9001.<\/a><\/strong><\/span><\/p>\n","protected":false},"featured_media":34240,"comment_status":"closed","ping_status":"closed","template":"","meta":{"neve_meta_sidebar":"","neve_meta_container":"","neve_meta_enable_content_width":"off","neve_meta_content_width":0,"neve_meta_title_alignment":"","neve_meta_author_avatar":"","neve_post_elements_order":"","neve_meta_disable_header":"","neve_meta_disable_footer":"","neve_meta_disable_title":"","_ti_tpc_template_sync":false,"_ti_tpc_template_id":""},"product_cat":[2019,2017],"product_tag":[2493,2478,2110,2109,2186,2134],"class_list":["post-34239","product","type-product","status-publish","has-post-thumbnail","hentry","product_cat-portoes-rapidos-pt","product_cat-torniquetes-de-seguranca","product_tag-catraca-portao-indonesia","product_tag-catracas-da-biblioteca","product_tag-catracas-de-seguranca","product_tag-portao-de-catraca","product_tag-portao-de-catraca-de-seguranca","product_tag-portoes-de-entrada-catraca"],"_links":{"self":[{"href":"https:\/\/mairsturnstile.com\/pt\/wp-json\/wp\/v2\/product\/34239","targetHints":{"allow":["GET"]}}],"collection":[{"href":"https:\/\/mairsturnstile.com\/pt\/wp-json\/wp\/v2\/product"}],"about":[{"href":"https:\/\/mairsturnstile.com\/pt\/wp-json\/wp\/v2\/types\/product"}],"replies":[{"embeddable":true,"href":"https:\/\/mairsturnstile.com\/pt\/wp-json\/wp\/v2\/comments?post=34239"}],"version-history":[{"count":0,"href":"https:\/\/mairsturnstile.com\/pt\/wp-json\/wp\/v2\/product\/34239\/revisions"}],"wp:featuredmedia":[{"embeddable":true,"href":"https:\/\/mairsturnstile.com\/pt\/wp-json\/wp\/v2\/media\/34240"}],"wp:attachment":[{"href":"https:\/\/mairsturnstile.com\/pt\/wp-json\/wp\/v2\/media?parent=34239"}],"wp:term":[{"taxonomy":"product_cat","embeddable":true,"href":"https:\/\/mairsturnstile.com\/pt\/wp-json\/wp\/v2\/product_cat?post=34239"},{"taxonomy":"product_tag","embeddable":true,"href":"https:\/\/mairsturnstile.com\/pt\/wp-json\/wp\/v2\/product_tag?post=34239"}],"curies":[{"name":"wp","href":"https:\/\/api.w.org\/{rel}","templated":true}]}}