{"id":34261,"date":"2020-09-13T16:01:00","date_gmt":"2020-09-13T08:01:00","guid":{"rendered":"https:\/\/mairsturnstile.com\/product\/torniquete-de-balanco-de-reconhecimento-facial-mt342"},"modified":"2024-11-01T16:43:17","modified_gmt":"2024-11-01T08:43:17","slug":"catraca-de-reconhecimento-facial","status":"publish","type":"product","link":"https:\/\/mairsturnstile.com\/pt\/product\/catraca-de-reconhecimento-facial","title":{"rendered":"Torniquete de balan\u00e7o de reconhecimento facial MT342"},"content":{"rendered":"        <!-- 3D Model html -->\r\n        <div class=\"bp_grand wrapper_23473\">   \r\n        <div class=\"bp_model_parent\">\r\n            <model-viewer class=\"model\" id=\"bp_model_id_23473\" src=\"http:\/\/mairsturnstile.com\/wp-content\/uploads\/2024\/01\/MT342-1.glb\" alt=\"MT342-1\" camera-controls  loading=\"auto\" auto-rotate                        >\r\n            <\/model-viewer>\r\n        \r\n            <!-- Button -->\r\n            <svg id=\"openBtn\" width=\"30px\" height=\"30px\" viewBox=\"0 0 16 16\" xmlns=\"http:\/\/www.w3.org\/2000\/svg\" fill=\"#f2f2f2\" class=\"bi bi-arrows-fullscreen model-icon\">\r\n                <path fill-rule=\"evenodd\" d=\"M5.828 10.172a.5.5 0 0 0-.707 0l-4.096 4.096V11.5a.5.5 0 0 0-1 0v3.975a.5.5 0 0 0 .5.5H4.5a.5.5 0 0 0 0-1H1.732l4.096-4.096a.5.5 0 0 0 0-.707zm4.344 0a.5.5 0 0 1 .707 0l4.096 4.096V11.5a.5.5 0 1 1 1 0v3.975a.5.5 0 0 1-.5.5H11.5a.5.5 0 0 1 0-1h2.768l-4.096-4.096a.5.5 0 0 1 0-.707zm0-4.344a.5.5 0 0 0 .707 0l4.096-4.096V4.5a.5.5 0 1 0 1 0V.525a.5.5 0 0 0-.5-.5H11.5a.5.5 0 0 0 0 1h2.768l-4.096 4.096a.5.5 0 0 0 0 .707zm-4.344 0a.5.5 0 0 1-.707 0L1.025 1.732V4.5a.5.5 0 0 1-1 0V.525a.5.5 0 0 1 .5-.5H4.5a.5.5 0 0 1 0 1H1.732l4.096 4.096a.5.5 0 0 1 0 .707z\"\/>\r\n            <\/svg>\r\n        \r\n            <svg id=\"closeBtn\" class=\"model-icon\" width=\"34px\" height=\"34px\" viewBox=\"0 0 24 24\" xmlns=\"http:\/\/www.w3.org\/2000\/svg\">\r\n                <path fill=\"none\" stroke=\"#f2f2f2\" stroke-width=\"2\" d=\"M7,7 L17,17 M7,17 L17,7\"\/>\r\n            <\/svg>\r\n        \r\n        <\/div>\r\n        <\/div> \r\n\r\n        <!-- Model Viewer Style -->\r\n        <style>\r\n            \r\n            .wrapper_23473 .bp_model_parent, #bp_model_id_23473 {\r\n                width: 1150px;\r\n                max-width: 100%;\r\n                                            }\r\n            #bp_model_id_23473 {\r\n                height:700px;\r\n                background-color: #f2f2f2;\r\n            }\r\n            .fullscreen #bp_model_id_23473{\r\n            height: 100%;\r\n            width: 100%;\r\n            }\r\n            .wrapper_23473 .bp_model_parent{\r\n                justify-content: start            }\r\n            model-viewer.model {\r\n                --poster-color: transparent;\r\n            }\r\n        <\/style>\r\n        \r\n        \n<h4>PORT\u00c3O DE CATRACA DE BALAN\u00c7O DE RECONHECIMENTO FACIAL tem garantia de 2 anos e suporte dur\u00e1vel de manuten\u00e7\u00e3o e reparo.<\/h4>\n<p>We can provide OEM and ODM services. A Mairs oferece-lhe o melhor torniquete de <a href=\"https:\/\/en.wikipedia.org\/wiki\/Facial_recognition\" target=\"_blank\" rel=\"noopener\">reconhecimento facial<\/a> para venda. Tamb\u00e9m fornecemos dispositivos biom\u00e9tricos, como leitores de cart\u00f5es IC\/ID, leitores de impress\u00e3o digital, leitores de c\u00f3digo QR, c\u00e2meras de reconhecimento facial e assim por diante.<\/p>\n<p><strong>O torniquete de reconhecimento facial \u00e9 um tipo de torniquete para pe\u00f5es que est\u00e1 integrado com uma c\u00e2mara de <a href=\"https:\/\/mairsturnstile.com\/product\/face-recognition-camera\">reconhecimento facial<\/a>.<\/strong> <strong>Normalmente, todos os tipos de torniquetes podem ser integrados com uma c\u00e2mara de reconhecimento facial.<\/strong> Naturalmente, uma c\u00e2mara de reconhecimento facial tamb\u00e9m pode ser integrada com a fun\u00e7\u00e3o de medi\u00e7\u00e3o da temperatura. Com o desenvolvimento da sociedade e o progresso da ci\u00eancia e da tecnologia, a catraca de reconhecimento facial ser\u00e1 cada vez mais utilizada. Se precisar de qualquer tipo de torniquete com c\u00e2mara de reconhecimento facial, <a href=\"https:\/\/mairsturnstile.com\/contact\">contacte-nos<\/a><\/p>\n<p>A catraca de reconhecimento facial \u00e9 composta por duas partes: o terminal da c\u00e2mera de reconhecimento facial e a catraca de pedestres. A diferen\u00e7a entre a catraca de reconhecimento facial e a catraca usada sozinha \u00e9 que a catraca de reconhecimento facial pode n\u00e3o apenas controlar a catraca por meio de passagem de cart\u00e3o e c\u00f3digo QR, mas tamb\u00e9m controlar a abertura da catraca por meio de reconhecimento facial (escova\u00e7\u00e3o facial), o que faz n\u00e3o s\u00f3 melhora a experi\u00eancia dos pedestres que entram e saem, mas tamb\u00e9m melhora a seguran\u00e7a do local.<\/p>\n<p>O reconhecimento facial \u00e9 visual e est\u00e1 de acordo com os h\u00e1bitos de pensamento das pessoas. At\u00e9 certo ponto, \u00e9 mais conveniente, seguro e confi\u00e1vel do que senhas e chaves. A catraca de reconhecimento facial din\u00e2mico integra as fun\u00e7\u00f5es de coleta de rosto no local, verifica\u00e7\u00e3o de identidade, aviso pr\u00e9vio de lista negra e assim por diante. Desde a leitura de informa\u00e7\u00f5es de cart\u00f5es de identifica\u00e7\u00e3o at\u00e9 a coleta de fotos faciais no local e a compara\u00e7\u00e3o e obten\u00e7\u00e3o de resultados, todo o processo \u00e9 automatizado sem adi\u00e7\u00e3o de configura\u00e7\u00e3o de hardware perif\u00e9rico. O processo de opera\u00e7\u00e3o n\u00e3o requer interven\u00e7\u00e3o manual, e as informa\u00e7\u00f5es coletadas e os resultados da compara\u00e7\u00e3o podem ser carregados na plataforma de aquisi\u00e7\u00e3o de big data em tempo real.<\/p>\n<p>Nos \u00faltimos anos, a aplica\u00e7\u00e3o da catraca de reconhecimento facial \u00e9 cada vez mais ampla. Muitos pr\u00e9dios de escrit\u00f3rios, esta\u00e7\u00f5es ferrovi\u00e1rias e outros locais lotados usam catracas de reconhecimento facial. A catraca de reconhecimento facial pode n\u00e3o apenas comparar rapidamente as pessoas que entram e saem, mas tamb\u00e9m melhorar efetivamente a seguran\u00e7a do local e a efici\u00eancia do tr\u00e1fego.<\/p>\n<p>Com base na catraca de hardware, a catraca de reconhecimento facial adiciona um m\u00f3dulo de reconhecimento facial. Depois de coletar as informa\u00e7\u00f5es faciais do visitante e julgar a autoridade visitante por meio de determinado processamento de algoritmo, elas s\u00e3o frequentemente usadas em locais p\u00fablicos para substituir auditorias manuais.<\/p>\n<p>Tamb\u00e9m podemos criar uma renderiza\u00e7\u00e3o para voc\u00ea em poucos minutos com base no seu cen\u00e1rio real. Tamb\u00e9m fornecemos layouts e desenhos detalhados, bem como desenhos de instala\u00e7\u00e3o.<\/p>\n\n        \t\n\t<style type=\"text\/css\">\n\t\t.slider-info-23490.bafg-slider-info .bafg-slider-title {\n\t\t\t\t\t\tfont-size: 22px;\n\t\t\t\t\t\t\n\t\t\t\n\t\t\t\t\t}\n\n\t\t.slider-info-23490.bafg-slider-info .bafg-slider-description {\n\t\t\t\n\t\t\t\n\t\t\t\t\t}\n\n\t\t.slider-info-23490.bafg-slider-info .bafg_slider_readmore_button {\n\t\t\t\n\t\t\t\n\t\t\t\n\t\t\t\n\t\t\t\n\t\t\ttext-align: center;\n\n\t\t\t\n\t\t\t\n\t\t\t\n\t\t\t\n\t\t\t\n\t\t\t\n\t\t\t\t\t}\n\n\t\t.slider-info-23490.bafg-slider-info .bafg_slider_readmore_button:hover {\n\n\t\t\t\n\t\t\t\n\t\t\t\t\t}\n\n\t<\/style>\n\t\n        <div class=\"bafg-twentytwenty-container slider-23490 \" bafg-orientation=\"horizontal\" bafg-default-offset=\"0.5\" bafg-before-label=\"Before\" bafg-after-label=\"After\" bafg-overlay=\"yes\" bafg-move-slider-on-hover=\"yes\" bafg-click-to-move=\"no\">\n              \n            <img decoding=\"async\" class=\"skip-lazy\" src=\"http:\/\/mairsturnstile.com\/wp-content\/uploads\/2023\/06\/turnstile-swing-gate_6.jpg\" alt=\"turnstile swing gate\" data-skip-lazy title=\"\">\n            <img decoding=\"async\" class=\"skip-lazy\" src=\"http:\/\/mairsturnstile.com\/wp-content\/uploads\/2020\/09\/face-recognition-turnstile-5.jpg\" alt=\"face recognition turnstile\" data-skip-lazy title=\"\">\n           \n        <\/div>\n\n        \t<div class=\"bafg-slider-info-wraper\">\n\t\t<div style=\"\" class=\"slider-info-23490 bafg-slider-info\">\n\t\t\t\t\t<\/div>\n\t<\/div>\n\t\n        <style type=\"text\/css\">\n            \n        <\/style>\n        \n<h3>Princ\u00edpio da catraca de reconhecimento facial:<\/h3>\n<p>Em primeiro lugar, colete as informa\u00e7\u00f5es faciais da pessoa que passa pela catraca atrav\u00e9s da c\u00e2mera de reconhecimento facial e, em seguida, compare-as com as informa\u00e7\u00f5es pessoais no banco de dados do sistema. Se a compara\u00e7\u00e3o de reconhecimento facial for aprovada, envie o sinal de abertura do port\u00e3o para a catraca e o pedestre poder\u00e1 passar pelo port\u00e3o. Se n\u00e3o houver no banco de dados os dados do rosto da pessoa que passa pelo port\u00e3o, ela pode passar passando o cart\u00e3o.<\/p>\n<p>Em caso de intrus\u00e3o ilegal, o defletor traseiro com detec\u00e7\u00e3o do port\u00e3o da catraca travar\u00e1 automaticamente e emitir\u00e1 um alarme. Em caso de acompanhamento, a catraca acender\u00e1 a luz vermelha e dar\u00e1 alarme. Anti retr\u00f3grado. Ap\u00f3s o reconhecimento facial, caso um funcion\u00e1rio da outra parte esteja retr\u00f3grado, a haste do freio da catraca ser\u00e1 automaticamente fechada e travada.<\/p>\n<p>O torniquete de reconhecimento facial \u00e9 elegante e eficaz. \u00c9 amplamente utilizado em lobby de hot\u00e9is, pr\u00e9dios de escrit\u00f3rios, bancos e outros locais p\u00fablicos.<\/p>\n<p>O administrador pode controlar efetivamente a entrada e a sa\u00edda. \u00c9 uma velocidade r\u00e1pida e pode responder rapidamente a ocasi\u00f5es de alto tr\u00e1fego.<\/p>\n<p>\u00c9 f\u00e1cil configurar o multiacesso com base na largura de entrada. A largura da pista pode ser de 900 mm para acesso de deficientes f\u00edsicos ou bagagem. Se pretender comprar um torniquete, consulte a nossa <a href=\"https:\/\/mairsturnstile.com\/category\/security-turnstiles\">p\u00e1gina de produtos.<\/a><\/p>\n<ul>\n<li>Torniquete de reconhecimento facial com alta velocidade de tr\u00e2nsito, que normalmente \u00e9 aplicado em locais com alto fluxo de tr\u00e2nsito em circula\u00e7\u00e3o bidirecional.<\/li>\n<li>O chassi \u00e9 feito de a\u00e7o inoxid\u00e1vel 304 com textura fina, o que cria um ponto de acesso elegante e perfeito para combinar com a maioria dos ambientes internos.<\/li>\n<li>Esta catraca de reconhecimento facial vem com padr\u00e3o internacional RS485 e rel\u00e9s, o que a torna amplamente compat\u00edvel com todos os softwares existentes na ind\u00fastria e quase todo o controle de acesso, como sistemas RFID, sistemas de c\u00f3digos de barras, sistemas de reconhecimento facial, sistemas de impress\u00e3o digital, etc.<\/li>\n<li>Em caso de emerg\u00eancia, corte a energia, a catraca girat\u00f3ria Slim abrir\u00e1 automaticamente para permitir a passagem livre atendendo aos requisitos de seguran\u00e7a contra inc\u00eandio. Mas tem que vir com bateria. As for export, the battery is sensitive, we can use the capacitor to replace<\/li>\n<li>A porta girat\u00f3ria da catraca de reconhecimento facial \u00e9 adequada para solu\u00e7\u00f5es de entrada luxuosas e sofisticadas.<\/li>\n<li>Todo o sistema funciona sem problemas, com baixo ru\u00eddo e alta velocidade.<\/li>\n<li>Communication interface: RS485<\/li>\n<li>Alarm function, if there is an illegal intrusion and reverse intrusion, the gate will alarm and the door will lock.<\/li>\n<li>H\u00e1 um total de 5 pares de sensores infravermelhos. Os sensores intermedi\u00e1rios servem para evitar belisc\u00f5es de pedestres.<\/li>\n<li>Fun\u00e7\u00e3o anti-cauda, uma pessoa pode passar de cada vez. Se algu\u00e9m seguir as pessoas da frente, o port\u00e3o ir\u00e1 soar um alarme.<\/li>\n<li>Indicador LED. Cruz Vermelha e Arqueiro Verde. Existem tamb\u00e9m indicadores LED no poste frontal. The LED light can be added to the arms.<\/li>\n<li>O acesso bidirecional reduz a necessidade de mais port\u00f5es. \u00c9 acomodado para cadeira de rodas, carrinho de compras aumenta a efici\u00eancia de passagem.<\/li>\n<li>Fun\u00e7\u00e3o de reinicializa\u00e7\u00e3o autom\u00e1tica. Se as pessoas passaram dentro do tempo predefinido (o tempo padr\u00e3o \u00e9 5 segundos), o sistema cancelar\u00e1 a autoridade do usu\u00e1rio e fechar\u00e1 automaticamente.<\/li>\n<li>Anti-colis\u00e3o, Anti bra\u00e7adeira, Os port\u00f5es v\u00eam sem escova. Durante a opera\u00e7\u00e3o, se algu\u00e9m bater no bra\u00e7o, o port\u00e3o ser\u00e1 reiniciado automaticamente. Esta fun\u00e7\u00e3o evita eficazmente que os pe\u00f5es, especialmente as crian\u00e7as, colidam, cortem, batam, etc.<\/li>\n<\/ul>\n<p>Podemos fornecer toda a solu\u00e7\u00e3o de controle de acesso de seguran\u00e7a. Se voc\u00ea possui seu pr\u00f3prio sistema de controle de acesso, pode utilizar diretamente nossa catraca. Se voc\u00ea n\u00e3o tiver um, tamb\u00e9m fornecemos uma solu\u00e7\u00e3o completa de controle de acesso de seguran\u00e7a. Consulte o v\u00eddeo abaixo para obter detalhes.<\/p>\n<p><iframe title=\"Torniquete de aeroporto, catraca de port\u00e3o r\u00e1pido para aeroporto, esta\u00e7\u00e3o de metr\u00f4 - MairsTurnstile.com\" src=\"https:\/\/www.youtube.com\/embed\/rR_US2dIKU8\" width=\"1150\" height=\"650\" frameborder=\"0\" allowfullscreen=\"allowfullscreen\"><\/iframe><\/p>\n","protected":false},"excerpt":{"rendered":"<p>1. Tamanho: 1400*180*1000 mm (pode ser personalizado)<\/p>\n<p>2. Largura da pista: 600 mm (padr\u00e3o) 900 mm (deficientes)<\/p>\n<p>3. Material do bra\u00e7o: Acr\u00edlico<\/p>\n<p>4. Velocidade de passagem: 40 pessoas\/min<\/p>\n<p>5. Power supply: 110V\/220V 50\/60Hz<\/p>\n<p>6. Motor sem escova<\/p>\n<p>7. Sinal de port\u00e3o aberto: contato seco\/rel\u00e9<\/p>\n<p>8. Motor de acionamento da catraca do port\u00e3o girat\u00f3rio: 24V<\/p>\n<p>9. A luz LED nos bra\u00e7os \u00e9 opcional<\/p>\n<p><strong><a title=\"Port\u00e3o de torniquete girat\u00f3rio com certifica\u00e7\u00e3o CE Mairs\" href=\"http:\/\/mairsturnstile.com\/wp-content\/uploads\/2022\/09\/Mairs-CE-Certificate-Swing-Turnstile-Gate.pdf\" target=\"_blank\" rel=\"noopener noreferrer\">Certificado CE,<\/a> <a title=\"Certificado Mairs ISO9001\" href=\"http:\/\/mairsturnstile.com\/wp-content\/uploads\/2022\/09\/Mairs-Registration-Certificate-ISO9001.pdf\" target=\"_blank\" rel=\"noopener noreferrer\">Certificado ISO9001.<\/a><\/strong><\/p>\n<p><a title=\"Folheto da catraca de reconhecimento facial\" href=\"http:\/\/mairsturnstile.com\/wp-content\/uploads\/2023\/12\/MT342-brochure.pdf\" target=\"_blank\" rel=\"noopener noreferrer\"><img decoding=\"async\" class=\"alignnone size-full wp-image-11034\" src=\"http:\/\/mairsturnstile.com\/wp-content\/uploads\/2022\/09\/pdf-MairsTurnstile.png\" alt=\"\" width=\"32\" height=\"32\"><strong><span style=\"color: #0000ff;\">Folheto da catraca de reconhecimento facial MT342<\/span><\/strong><\/a><\/p>\n","protected":false},"featured_media":44277,"comment_status":"closed","ping_status":"closed","template":"","meta":{"neve_meta_sidebar":"","neve_meta_container":"","neve_meta_enable_content_width":"off","neve_meta_content_width":0,"neve_meta_title_alignment":"","neve_meta_author_avatar":"","neve_post_elements_order":"","neve_meta_disable_header":"","neve_meta_disable_footer":"","neve_meta_disable_title":"","_ti_tpc_template_sync":false,"_ti_tpc_template_id":""},"product_cat":[2020,2017],"product_tag":[2498,2104,2497,2469],"class_list":["post-34261","product","type-product","status-publish","has-post-thumbnail","hentry","product_cat-portao-giratorio-giratorio","product_cat-torniquetes-de-seguranca","product_tag-catraca-de-reconhecimento-facial","product_tag-catraca-de-saida","product_tag-portao-catraca-com-reconhecimento-facial","product_tag-portao-giratorio-giratorio"],"_links":{"self":[{"href":"https:\/\/mairsturnstile.com\/pt\/wp-json\/wp\/v2\/product\/34261","targetHints":{"allow":["GET"]}}],"collection":[{"href":"https:\/\/mairsturnstile.com\/pt\/wp-json\/wp\/v2\/product"}],"about":[{"href":"https:\/\/mairsturnstile.com\/pt\/wp-json\/wp\/v2\/types\/product"}],"replies":[{"embeddable":true,"href":"https:\/\/mairsturnstile.com\/pt\/wp-json\/wp\/v2\/comments?post=34261"}],"version-history":[{"count":0,"href":"https:\/\/mairsturnstile.com\/pt\/wp-json\/wp\/v2\/product\/34261\/revisions"}],"wp:featuredmedia":[{"embeddable":true,"href":"https:\/\/mairsturnstile.com\/pt\/wp-json\/wp\/v2\/media\/44277"}],"wp:attachment":[{"href":"https:\/\/mairsturnstile.com\/pt\/wp-json\/wp\/v2\/media?parent=34261"}],"wp:term":[{"taxonomy":"product_cat","embeddable":true,"href":"https:\/\/mairsturnstile.com\/pt\/wp-json\/wp\/v2\/product_cat?post=34261"},{"taxonomy":"product_tag","embeddable":true,"href":"https:\/\/mairsturnstile.com\/pt\/wp-json\/wp\/v2\/product_tag?post=34261"}],"curies":[{"name":"wp","href":"https:\/\/api.w.org\/{rel}","templated":true}]}}