{"id":34280,"date":"2020-09-13T00:48:49","date_gmt":"2020-09-12T16:48:49","guid":{"rendered":"https:\/\/mairsturnstile.com\/product\/torniquete-deslizante-de-altura-total-super-mudo-mt247"},"modified":"2026-05-11T12:02:24","modified_gmt":"2026-05-11T04:02:24","slug":"catraca-deslizante","status":"publish","type":"product","link":"https:\/\/mairsturnstile.com\/pt\/product\/catraca-deslizante","title":{"rendered":"NOVO DESIGN TORNADA DESLIZANTE DE ALTURA COMPLETA MT237-P"},"content":{"rendered":"        <!-- 3D Model html -->\r\n        <div class=\"bp_grand wrapper_37634\">   \r\n        <div class=\"bp_model_parent\">\r\n            <model-viewer class=\"model\" id=\"bp_model_id_37634\" src=\"http:\/\/mairsturnstile.com\/wp-content\/uploads\/2023\/11\/MT237-p.glb\" alt=\"MT237-p\" camera-controls  loading=\"auto\" auto-rotate                        >\r\n            <\/model-viewer>\r\n        \r\n            <!-- Button -->\r\n            <svg id=\"openBtn\" width=\"30px\" height=\"30px\" viewBox=\"0 0 16 16\" xmlns=\"http:\/\/www.w3.org\/2000\/svg\" fill=\"#f2f2f2\" class=\"bi bi-arrows-fullscreen model-icon\">\r\n                <path fill-rule=\"evenodd\" d=\"M5.828 10.172a.5.5 0 0 0-.707 0l-4.096 4.096V11.5a.5.5 0 0 0-1 0v3.975a.5.5 0 0 0 .5.5H4.5a.5.5 0 0 0 0-1H1.732l4.096-4.096a.5.5 0 0 0 0-.707zm4.344 0a.5.5 0 0 1 .707 0l4.096 4.096V11.5a.5.5 0 1 1 1 0v3.975a.5.5 0 0 1-.5.5H11.5a.5.5 0 0 1 0-1h2.768l-4.096-4.096a.5.5 0 0 1 0-.707zm0-4.344a.5.5 0 0 0 .707 0l4.096-4.096V4.5a.5.5 0 1 0 1 0V.525a.5.5 0 0 0-.5-.5H11.5a.5.5 0 0 0 0 1h2.768l-4.096 4.096a.5.5 0 0 0 0 .707zm-4.344 0a.5.5 0 0 1-.707 0L1.025 1.732V4.5a.5.5 0 0 1-1 0V.525a.5.5 0 0 1 .5-.5H4.5a.5.5 0 0 1 0 1H1.732l4.096 4.096a.5.5 0 0 1 0 .707z\"\/>\r\n            <\/svg>\r\n        \r\n            <svg id=\"closeBtn\" class=\"model-icon\" width=\"34px\" height=\"34px\" viewBox=\"0 0 24 24\" xmlns=\"http:\/\/www.w3.org\/2000\/svg\">\r\n                <path fill=\"none\" stroke=\"#f2f2f2\" stroke-width=\"2\" d=\"M7,7 L17,17 M7,17 L17,7\"\/>\r\n            <\/svg>\r\n        \r\n        <\/div>\r\n        <\/div> \r\n\r\n        <!-- Model Viewer Style -->\r\n        <style>\r\n            \r\n            .wrapper_37634 .bp_model_parent, #bp_model_id_37634 {\r\n                width: 1150px;\r\n                max-width: 100%;\r\n                                            }\r\n            #bp_model_id_37634 {\r\n                height:700px;\r\n                background-color: #f9f9f9;\r\n            }\r\n            .fullscreen #bp_model_id_37634{\r\n            height: 100%;\r\n            width: 100%;\r\n            }\r\n            .wrapper_37634 .bp_model_parent{\r\n                justify-content: start            }\r\n            model-viewer.model {\r\n                --poster-color: transparent;\r\n            }\r\n        <\/style>\r\n        \r\n        \n<p>Torniquete deslizante super mudo de altura total, torniquete deslizante de barreira, torniquete deslizante de port\u00e3o para venda. Roquete deslizante compacto, com um design moderno e elegante. A sua estrutura esbelta em a\u00e7o inoxid\u00e1vel e o motor servo silencioso garantem uma entrada segura e de alta velocidade, sem comprometer o espa\u00e7o do seu \u00e1trio. Proteja as suas instala\u00e7\u00f5es de alto padr\u00e3o com esta roquete deslizante de alta seguran\u00e7a. Equipada com sensores anti-boleia e preparada para integra\u00e7\u00e3o biom\u00e9trica, oferece uma gest\u00e3o de fluxo de pe\u00f5es dur\u00e1vel e \u00e0 prova de falhas.   <\/p>\n<p>Torniquete Deslizante para Lobbies Corporativos e Edif\u00edcios Comerciais: modernize o controlo de acessos da sua entrada com o nosso elegante torniquete deslizante. Ideal para escrit\u00f3rios, aeroportos, gin\u00e1sios e edif\u00edcios governamentais. Fluxo r\u00e1pido e est\u00e9tica moderna. Roquete Deslizante de Alta Velocidade | Caudal de 35 a 60 Pessoas por Minuto: a nossa roquete deslizante proporciona uma passagem r\u00e1pida com dete\u00e7\u00e3o precisa, sistema anti-boleia e tecnologia fi\u00e1vel de servomotor *brushless*. Perfeita para ambientes de grande tr\u00e1fego. Roquete deslizante de design arquitet\u00f3nico, apresentando um tampo exclusivo em vidro temperado e um chassis esbelto em a\u00e7o inoxid\u00e1vel. Combina a seguran\u00e7a com o design art\u00edstico contempor\u00e2neo.      <\/p>\n<p>A CATRACA DE PORT\u00c3O DESLIZANTE DE ALTURA COMPLETA tem garantia de 2 anos e suporte dur\u00e1vel de manuten\u00e7\u00e3o e reparo. Experimente um controlo de acessos silencioso e fluido com este port\u00e3o de roquete deslizante premium. Concebido para ambientes de grande tr\u00e1fego, conformidade com as normas de acessibilidade (ADA) e uma est\u00e9tica interior luxuosa. Precisa de um port\u00e3o deslizante de roquete para o \u00e1trio da sua empresa? Compare modelos deslizantes e pivotantes, verifique as especifica\u00e7\u00f5es de design e solicite um or\u00e7amento direto de f\u00e1brica para roquetes deslizantes de gama alta.   <\/p>\n<p>Roquete Deslizante Personalizado \u2014 Op\u00e7\u00f5es de log\u00f3tipo, cor e tamanho (OEM). Uma roquete deslizante de luxo totalmente personaliz\u00e1vel, permitindo a escolha da cor, log\u00f3tipo, altura do painel e sistema de acesso. Desenvolvida \u00e0 medida para atender \u00e0s suas necessidades arquitet\u00f3nicas. Integre sistemas de reconhecimento facial, impress\u00e3o digital, QR Code ou RFID na nossa roquete deslizante. Controlo de acessos fluido e eficiente para edif\u00edcios modernos. Roquete deslizante patenteado com sistema anti-boleia (anti-tailgating), equipado com 12 sensores infravermelhos e controlo de passagem individual (uma pessoa de cada vez). Design slim (280 mm de largura), em conformidade com as normas de distanciamento social. Entre em contacto direto com a f\u00e1brica para obter solu\u00e7\u00f5es ODM.      <\/p>\n<p>A catraca deslizante \u00e9 uma esp\u00e9cie de catraca de controle de acesso de pedestres baseada no movimento linear paralelo de dois defletores na mesma ou em dire\u00e7\u00f5es diferentes para abrir e fechar a porta. O torniquete de port\u00e3o deslizante \u00e9 um <a href=\"https:\/\/mairsturnstile.com\/product\/automated-turnstiles\" target=\"_blank\" rel=\"noopener\">port\u00e3o automatizado<\/a> com comando el\u00e9trico, que pode ser aberto e fechado manualmente \u2014 atrav\u00e9s de bot\u00f5es, leitura de cart\u00f5es ou comando \u00e0 dist\u00e2ncia \u2014 ou de forma totalmente autom\u00e1tica, atrav\u00e9s de reconhecimento facial e dete\u00e7\u00e3o de presen\u00e7a humana. Atualmente, \u00e9 comumente utilizado no port\u00e3o de entrada de diversas \u00e1reas residenciais, empreendimentos, f\u00e1bricas e outros locais, sendo especialmente utilizado para controlar o acesso de pedestres.<\/p>\n<p>A catraca deslizante \u00e9 composta por um chassi e duas portinholas m\u00f3veis, que podem ser estendidas e retra\u00eddas para dissuadir ou liberar. Este novo modelo de roquete deslizante de altura total MT237-P adota o design mais recente e apresenta um formato elegante. A sele\u00e7\u00e3o da aplica\u00e7\u00e3o da catraca para port\u00e3o de correr \u00e9 determinada de acordo com o tamanho e \u00e1rea do local. Sua portinhola \u00e9 mais alta que a catraca girat\u00f3ria e a catraca de barreira de aba. Geralmente \u00e9 projetado para ter 1,6 m de altura. A largura do canal \u00e9 igual \u00e0 do canal da catraca girat\u00f3ria. A largura de 0,55 M \u00e9 suficiente para atingir o objetivo da passagem de uma pessoa.<\/p>\n<p>Para algumas ag\u00eancias e unidades governamentais, ou locais com rigorosos requisitos de confidencialidade e elevada seguran\u00e7a, a catraca de port\u00e3o deslizante pode ser selecionada como o principal equipamento de gest\u00e3o de controlo de acessos, oferecendo uma gest\u00e3o de acessos mais rigorosa e medidas de seguran\u00e7a mais robustas. As medidas de seguran\u00e7a refletem-se principalmente no seu design. O bra\u00e7o deslizante \u00e9 relativamente alto para evitar perfura\u00e7\u00e3o e escalada, e o material principal \u00e9 o vidro acr\u00edlico. A vis\u00e3o deste canal n\u00e3o ser\u00e1 limitada. Est\u00e1 colocado no hall do pr\u00e9dio de escrit\u00f3rios, e o todo ainda \u00e9 transparente e claro.<\/p>\n<p>A catraca de barreira deslizante \u00e9 diferente da catraca de trip\u00e9, da catraca girat\u00f3ria e da catraca de aba. \u00c9 uma esp\u00e9cie de equipamento de catraca para pedestres que n\u00e3o \u00e9 comumente utilizado e precisa ser estritamente impedido de entrar e sair. Como a barreira de bloqueio em ambos os lados \u00e9 do tipo tradu\u00e7\u00e3o e adota controle autom\u00e1tico, ela n\u00e3o prender\u00e1 facilmente as pessoas. O desenho de uma barreira de alto bloqueio evita a possibilidade de travessias e subidas n\u00e3o autorizadas, pelo que a alta seguran\u00e7a \u00e9 o seu sinal mais importante. A barreira de bloqueio \u00e9 fina e pode ser feita em forma de duas portas, que \u00e9 mais refor\u00e7ada para seguran\u00e7a e segura e flex\u00edvel.<\/p>\n<p>\u00c9 usado principalmente em locais onde a efici\u00eancia da seguran\u00e7a precisa ser melhorada, como edif\u00edcios de escrit\u00f3rios de alto padr\u00e3o, empresas de grupo, corredores ou elevadores de edif\u00edcios comerciais, escadas, etc. Optimize crowd flow with intelligent sliding turnstile gate using servo motor &#038; 12 IR sensors for precise anti-tailgating. PDF spec sheet download. Leading turnstile manufacturer.  <\/p>\n<p>Tamb\u00e9m podemos criar uma renderiza\u00e7\u00e3o para voc\u00ea em poucos minutos com base no seu cen\u00e1rio real. Tamb\u00e9m fornecemos layouts e desenhos detalhados, bem como desenhos de instala\u00e7\u00e3o.<\/p>\n\n        \t\n\t<style type=\"text\/css\">\n\t\t.slider-info-37633.bafg-slider-info .bafg-slider-title {\n\t\t\t\t\t\tfont-size: 22px;\n\t\t\t\t\t\t\n\t\t\t\n\t\t\t\t\t}\n\n\t\t.slider-info-37633.bafg-slider-info .bafg-slider-description {\n\t\t\t\n\t\t\t\n\t\t\t\t\t}\n\n\t\t.slider-info-37633.bafg-slider-info .bafg_slider_readmore_button {\n\t\t\t\n\t\t\t\n\t\t\t\n\t\t\t\n\t\t\t\n\t\t\ttext-align: center;\n\n\t\t\t\n\t\t\t\n\t\t\t\n\t\t\t\n\t\t\t\n\t\t\t\n\t\t\t\t\t}\n\n\t\t.slider-info-37633.bafg-slider-info .bafg_slider_readmore_button:hover {\n\n\t\t\t\n\t\t\t\n\t\t\t\t\t}\n\n\t<\/style>\n\t\n        <div class=\"bafg-twentytwenty-container slider-37633 \" bafg-orientation=\"horizontal\" bafg-default-offset=\"0.5\" bafg-before-label=\"Before\" bafg-after-label=\"After\" bafg-overlay=\"yes\" bafg-move-slider-on-hover=\"yes\" bafg-click-to-move=\"no\">\n              \n            <img decoding=\"async\" class=\"skip-lazy\" src=\"http:\/\/mairsturnstile.com\/wp-content\/uploads\/2024\/10\/sliding-turnstile-7.jpg\" alt=\"sliding turnstile\" data-skip-lazy title=\"\">\n            <img decoding=\"async\" class=\"skip-lazy\" src=\"http:\/\/mairsturnstile.com\/wp-content\/uploads\/2020\/09\/sliding-turnstile-5-1.jpg\" alt=\"sliding turnstile\" data-skip-lazy title=\"\">\n           \n        <\/div>\n\n        \t<div class=\"bafg-slider-info-wraper\">\n\t\t<div style=\"\" class=\"slider-info-37633 bafg-slider-info\">\n\t\t\t\t\t<\/div>\n\t<\/div>\n\t\n        <style type=\"text\/css\">\n            \n        <\/style>\n        \n<p><strong>Precau\u00e7\u00f5es de utiliza\u00e7\u00e3o :<\/strong><\/p>\n<p>No processo de utiliza\u00e7\u00e3o da catraca com barreira deslizante, o pessoal que passa deve obedecer ao princ\u00edpio de passagem de &#8220;passar o cart\u00e3o fora da linha amarela ou identifica\u00e7\u00e3o sem sentido, sem rastreamento e passagem reversa&#8221;.<\/p>\n<p>Observa\u00e7\u00e3o: os pedestres passam seus cart\u00f5es fora da linha amarela na parte externa da passagem. Apenas uma pessoa pode passar por um cart\u00e3o v\u00e1lido por vez. \u00c9 proibido aos pedestres que est\u00e3o atr\u00e1s seguir e passar na dire\u00e7\u00e3o oposta sem passar o cart\u00e3o. &#8220;.<\/p>\n<p>Preste aten\u00e7\u00e3o \u00e0 limpeza e manuten\u00e7\u00e3o di\u00e1ria durante a utiliza\u00e7\u00e3o da catraca com barreira deslizante. A inspe\u00e7\u00e3o regular pode prevenir eficazmente o envelhecimento do equipamento, e a manuten\u00e7\u00e3o oportuna pode efetivamente prolongar a vida \u00fatil do equipamento. Na aplica\u00e7\u00e3o pr\u00e1tica da catraca com barreira deslizante, a apar\u00eancia e a fun\u00e7\u00e3o podem ser customizadas de acordo com a demanda.<\/p>\n<p>Podemos fornecer servi\u00e7os OEM e ODM. Tamb\u00e9m fornecemos dispositivos biom\u00e9tricos, como leitores de cart\u00f5es IC\/ID, leitores de impress\u00e3o digital, leitores de c\u00f3digo QR, c\u00e2meras de reconhecimento facial e assim por diante. Se precisar de integrar estes dispositivos no port\u00e3o do torniquete ou se tiver alguma d\u00favida, <a href=\"https:\/\/mairsturnstile.com\/contact\" target=\"_blank\" rel=\"noopener\">contacte-nos<\/a><\/p>\n<p>O primeiro v\u00eddeo \u00e9 uma catraca deslizante comum, ultrassilenciosa e linda. O v\u00eddeo a seguir \u00e9 uma catraca deslizante personalizada. N\u00e3o importa o tamanho ou apar\u00eancia da catraca deslizante, ela \u00e9 customizada de acordo com a real necessidade do cliente. Se precisar de personalizar um torniquete de port\u00e3o deslizante semelhante, tamb\u00e9m pode contactar-nos.<\/p>\n<p>A <strong>porta deslizante CATRACA<\/strong>apresenta um design elegante, alta velocidade, alta seguran\u00e7a, funcionamento com pouco ru\u00eddo, funcionamento suave e uma longa vida \u00fatil. \u00c9 altamente integrado para ser compat\u00edvel com scanners de temperatura de <a href=\"https:\/\/en.wikipedia.org\/wiki\/Facial_recognition\" target=\"_blank\" rel=\"noopener\">reconhecimento facial<\/a>, controle de acesso por impress\u00e3o digital, sistemas QR, controle de acesso ESD RFID, etc. Sendo a <a href=\"https:\/\/mairsturnstile.com\/what-is-flap-barrier.html\" target=\"_blank\" rel=\"noopener\">barreira do flap<\/a> de velocidade, o defletor girat\u00f3rio abre automaticamente quando a energia \u00e9 desligada, livre para passagem para requisitos de sa\u00edda de inc\u00eandio\/emerg\u00eancia.<\/p>\n<ul>\n<li><strong>A CATRACA DESLIZANTE<\/strong> \u00e9 constru\u00edda para controlar a entrada ou sa\u00edda de pessoas da \u00e1rea restrita. Geralmente \u00e9 usado em locais de alto fluxo de pedestres em ambas as dire\u00e7\u00f5es.<\/li>\n<li>A caixa do port\u00e3o da catraca com barreira deslizante \u00e9 feita de a\u00e7o inoxid\u00e1vel 304 escovado, o que cria um sistema de entrada perfeito e agrad\u00e1vel para se misturar \u00e0 maioria dos ambientes internos.<\/li>\n<li>Pode ser integrado com todos os sistemas de controle de acesso de terceiros (ex.: sistema de acesso RFID, Push the button, impress\u00e3o digital e reconhecimento facial com verifica\u00e7\u00e3o de temperatura).<\/li>\n<li>Em caso de emerg\u00eancia, o bra\u00e7o da catraca deslizante abrir\u00e1 automaticamente conectando-se \u00e0 bateria ou capacitor para permitir a passagem livre.<\/li>\n<li>A catraca deslizante \u00f3ptica \u00e9 adequada para solu\u00e7\u00f5es de entrada luxuosas e elegantes.<\/li>\n<li>A catraca para port\u00e3o deslizante apresenta velocidade r\u00e1pida, longa vida \u00fatil, alto desempenho e alta confiabilidade de opera\u00e7\u00e3o.<\/li>\n<li> Fun\u00e7\u00e3o de alarme, em caso de intrus\u00e3o ilegal e intrus\u00e3o reversa.<\/li>\n<li>O sensor infravermelho ir\u00e1 soar um alarme e a luz LED piscar\u00e1 para evitar beliscar os pedestres.<\/li>\n<li>Fun\u00e7\u00e3o de reinicializa\u00e7\u00e3o autom\u00e1tica: os bra\u00e7os deslizantes fechar\u00e3o automaticamente dentro de 5s por padr\u00e3o (pode ser definido) se um passageiro atrasar para<\/li>\n<li>A catraca do port\u00e3o deslizante permanecer\u00e1 na fechadura se algu\u00e9m quiser entrar sem passar o cart\u00e3o RFID.<\/li>\n<li>Um indicador direcional LED na coluna superior e frontal<\/li>\n<li>Material da embalagem: a\u00e7o inoxid\u00e1vel 304<\/li>\n<li>Fun\u00e7\u00e3o anti-reversa, a catraca avisa caso algu\u00e9m queira entrar no sentido inverso.<\/li>\n<li>A corrida bidirecional ou unidirecional s\u00e3o op\u00e7\u00f5es<\/li>\n<\/ul>\n<p>Podemos fornecer toda a solu\u00e7\u00e3o de controle de acesso de seguran\u00e7a. Se voc\u00ea possui seu pr\u00f3prio sistema de controle de acesso, pode utilizar diretamente nossa catraca. Se voc\u00ea n\u00e3o tiver um, tamb\u00e9m fornecemos uma solu\u00e7\u00e3o completa de controle de acesso de seguran\u00e7a. Consulte o v\u00eddeo abaixo para obter detalhes.<\/p>\n<p><iframe title=\"Torniquete deslizante, Torniquete para port\u00e3o deslizante, Torniquete deslizante super deve de altura total - MairsTurnstile\" src=\"https:\/\/www.youtube.com\/embed\/NWiaz1Su7BI\" width=\"1150\" height=\"650\" frameborder=\"0\" allowfullscreen=\"allowfullscreen\"><\/iframe><\/p>\n","protected":false},"excerpt":{"rendered":"<p>1. Tamanho: 1420*340*1000 mm (pode ser personalizado)<\/p>\n<p>2. Largura da pista: 600 mm (padr\u00e3o) 900 mm (deficientes)<\/p>\n<p>3. Velocidade de passagem: 40 pessoas\/min<\/p>\n<p>4. Fonte de alimenta\u00e7\u00e3o: 110 V\/220 V 50\/60 Hz<\/p>\n<p>5. Motor de acionamento: 90 W<\/p>\n<p>6. Entrada: Contato Seco<\/p>\n<p>7. Motor de condu\u00e7\u00e3o: DC24V<\/p>\n<p>8. Peso da porta da barreira do torniquete: 70 kg\/p\u00e7s<\/p>\n<p>9. Altura do bra\u00e7o 1800 mm (pode ser personalizado)<\/p>\n<p><span style=\"color: #fcaf3b;\"><strong><a style=\"color: #fcaf3b;\" title=\"Torniquete de barreira de aba com certifica\u00e7\u00e3o CE Mairs\" href=\"http:\/\/mairsturnstile.com\/wp-content\/uploads\/2022\/09\/Mairs-CE-Certificate-Flap-Barrier-Turnstile.pdf\" target=\"_blank\" rel=\"noopener noreferrer\">Certificado CE,<\/a> <a style=\"color: #fcaf3b;\" title=\"Certificado Mairs ISO9001\" href=\"http:\/\/mairsturnstile.com\/wp-content\/uploads\/2022\/09\/Mairs-Registration-Certificate-ISO9001.pdf\" target=\"_blank\" rel=\"noopener noreferrer\">Certificado ISO9001.<\/a><\/strong><\/span><\/p>\n<p><a title=\"Folheto do port\u00e3o de torniquete deslizante\" href=\"https:\/\/mairsturnstile-online.com\/flipbook\/mt237-p-sliding-turnstile-brochure\" target=\"  rel=\" rel=\"noopener\"><span style=\"color: #fcaf3b;\"><strong>Download Sliding Turnstile Gate MT237-P Brochure<\/strong><\/span><\/a><\/p>\n","protected":false},"featured_media":37566,"comment_status":"closed","ping_status":"closed","template":"","meta":{"neve_meta_sidebar":"","neve_meta_container":"","neve_meta_enable_content_width":"off","neve_meta_content_width":0,"neve_meta_title_alignment":"","neve_meta_author_avatar":"","neve_post_elements_order":"","neve_meta_disable_header":"","neve_meta_disable_footer":"","neve_meta_disable_title":"","_ti_tpc_template_sync":false,"_ti_tpc_template_id":""},"product_cat":[2018,2017],"product_tag":[2104,2483,2499,2501,2111,2203,2500,2128],"class_list":["post-34280","product","type-product","status-publish","has-post-thumbnail","hentry","product_cat-torniquete-deslizante-pt","product_cat-torniquetes-de-seguranca","product_tag-catraca-de-saida","product_tag-catraca-de-vidro","product_tag-catraca-deslizante","product_tag-catraca-para-portao-deslizante","product_tag-catracas-de-ginastica","product_tag-catracas-de-vidro","product_tag-porta-deslizante-da-barreira-do-torniquete","product_tag-torniquete-deslizante-de-altura-total"],"_links":{"self":[{"href":"https:\/\/mairsturnstile.com\/pt\/wp-json\/wp\/v2\/product\/34280","targetHints":{"allow":["GET"]}}],"collection":[{"href":"https:\/\/mairsturnstile.com\/pt\/wp-json\/wp\/v2\/product"}],"about":[{"href":"https:\/\/mairsturnstile.com\/pt\/wp-json\/wp\/v2\/types\/product"}],"replies":[{"embeddable":true,"href":"https:\/\/mairsturnstile.com\/pt\/wp-json\/wp\/v2\/comments?post=34280"}],"version-history":[{"count":1,"href":"https:\/\/mairsturnstile.com\/pt\/wp-json\/wp\/v2\/product\/34280\/revisions"}],"predecessor-version":[{"id":73055,"href":"https:\/\/mairsturnstile.com\/pt\/wp-json\/wp\/v2\/product\/34280\/revisions\/73055"}],"wp:featuredmedia":[{"embeddable":true,"href":"https:\/\/mairsturnstile.com\/pt\/wp-json\/wp\/v2\/media\/37566"}],"wp:attachment":[{"href":"https:\/\/mairsturnstile.com\/pt\/wp-json\/wp\/v2\/media?parent=34280"}],"wp:term":[{"taxonomy":"product_cat","embeddable":true,"href":"https:\/\/mairsturnstile.com\/pt\/wp-json\/wp\/v2\/product_cat?post=34280"},{"taxonomy":"product_tag","embeddable":true,"href":"https:\/\/mairsturnstile.com\/pt\/wp-json\/wp\/v2\/product_tag?post=34280"}],"curies":[{"name":"wp","href":"https:\/\/api.w.org\/{rel}","templated":true}]}}