{"id":34398,"date":"2020-09-12T18:17:59","date_gmt":"2020-09-12T10:17:59","guid":{"rendered":"https:\/\/mairsturnstile.com\/product\/torniquetes-de-pedestre-de-altura-total-mt402"},"modified":"2023-11-02T11:48:01","modified_gmt":"2023-11-02T03:48:01","slug":"catracas-para-pedestres-de-altura-total","status":"publish","type":"product","link":"https:\/\/mairsturnstile.com\/pt\/product\/catracas-para-pedestres-de-altura-total","title":{"rendered":"Torniquetes de pedestre de altura total MT402"},"content":{"rendered":"        <!-- 3D Model html -->\r\n        <div class=\"bp_grand wrapper_19978\">   \r\n        <div class=\"bp_model_parent\">\r\n            <model-viewer class=\"model\" id=\"bp_model_id_19978\" src=\"http:\/\/mairsturnstile.com\/wp-content\/uploads\/2023\/07\/MT402.glb\" alt=\"MT402\" camera-controls  loading=\"auto\" auto-rotate                        >\r\n            <\/model-viewer>\r\n        \r\n            <!-- Button -->\r\n            <svg id=\"openBtn\" width=\"30px\" height=\"30px\" viewBox=\"0 0 16 16\" xmlns=\"http:\/\/www.w3.org\/2000\/svg\" fill=\"#f2f2f2\" class=\"bi bi-arrows-fullscreen model-icon\">\r\n                <path fill-rule=\"evenodd\" d=\"M5.828 10.172a.5.5 0 0 0-.707 0l-4.096 4.096V11.5a.5.5 0 0 0-1 0v3.975a.5.5 0 0 0 .5.5H4.5a.5.5 0 0 0 0-1H1.732l4.096-4.096a.5.5 0 0 0 0-.707zm4.344 0a.5.5 0 0 1 .707 0l4.096 4.096V11.5a.5.5 0 1 1 1 0v3.975a.5.5 0 0 1-.5.5H11.5a.5.5 0 0 1 0-1h2.768l-4.096-4.096a.5.5 0 0 1 0-.707zm0-4.344a.5.5 0 0 0 .707 0l4.096-4.096V4.5a.5.5 0 1 0 1 0V.525a.5.5 0 0 0-.5-.5H11.5a.5.5 0 0 0 0 1h2.768l-4.096 4.096a.5.5 0 0 0 0 .707zm-4.344 0a.5.5 0 0 1-.707 0L1.025 1.732V4.5a.5.5 0 0 1-1 0V.525a.5.5 0 0 1 .5-.5H4.5a.5.5 0 0 1 0 1H1.732l4.096 4.096a.5.5 0 0 1 0 .707z\"\/>\r\n            <\/svg>\r\n        \r\n            <svg id=\"closeBtn\" class=\"model-icon\" width=\"34px\" height=\"34px\" viewBox=\"0 0 24 24\" xmlns=\"http:\/\/www.w3.org\/2000\/svg\">\r\n                <path fill=\"none\" stroke=\"#f2f2f2\" stroke-width=\"2\" d=\"M7,7 L17,17 M7,17 L17,7\"\/>\r\n            <\/svg>\r\n        \r\n        <\/div>\r\n        <\/div> \r\n\r\n        <!-- Model Viewer Style -->\r\n        <style>\r\n            \r\n            .wrapper_19978 .bp_model_parent, #bp_model_id_19978 {\r\n                width: 1150px;\r\n                max-width: 100%;\r\n                                            }\r\n            #bp_model_id_19978 {\r\n                height:700px;\r\n                background-color: #f2f2f2;\r\n            }\r\n            .fullscreen #bp_model_id_19978{\r\n            height: 100%;\r\n            width: 100%;\r\n            }\r\n            .wrapper_19978 .bp_model_parent{\r\n                justify-content: start            }\r\n            model-viewer.model {\r\n                --poster-color: transparent;\r\n            }\r\n        <\/style>\r\n        \r\n        \n<h2>As catracas para pedestres de altura total t\u00eam 2 anos de garantia e suporte dur\u00e1vel para manuten\u00e7\u00e3o e reparo.<\/h2>\n<p>Podemos fornecer servi\u00e7os OEM e ODM. Tamb\u00e9m fornecemos dispositivos biom\u00e9tricos, como leitores de cart\u00f5es IC\/ID, leitores de impress\u00e3o digital, leitores de c\u00f3digo QR, c\u00e2meras de reconhecimento facial e assim por diante.<\/p>\n<p><strong>A catraca de altura total \u00e9 um produto atualizado das catracas tradicionais para pedestres com o melhor desempenho de seguran\u00e7a, que \u00e9 muito mais alta e mais larga do que uma catraca comum e tem vantagens de seguran\u00e7a \u00f3bvias. <\/strong>A catraca de altura total pode formar um espa\u00e7o de passagem fechado e o pessoal passa ordenadamente passando cart\u00f5es e outros m\u00e9todos. As catracas de altura total podem ser aut\u00f4nomas e t\u00eam alto valor de aplica\u00e7\u00e3o em alguns locais com medidas r\u00edgidas de seguran\u00e7a. \u00c9 composto por chassi e 3 ou 4 fileiras de hastes rotativas. Os torniquetes de altura total s\u00e3o desenvolvidos com base numa <a href=\"https:\/\/mairsturnstile.com\/product\/tripod-security-gate\">porta de torniquete de trip\u00e9<\/a>. Ele pode ser dissuadido ou liberado girando 120\u00b0 ou 90\u00b0 de cada vez.<\/p>\n<p><strong>As catracas para pedestres de altura total s\u00e3o projetadas para controlar a entrada e sa\u00edda de pedestres, adequadas para uso interno e externo.<\/strong><\/p>\n<p>Geralmente, as catracas de altura total s\u00e3o de pista \u00fanica ou pista dupla. Tr\u00eas e quatro pistas podem ser personalizadas de acordo com as necessidades do cliente. As catracas para pedestres de altura total podem ser usadas em todos os tipos de ambientes de constru\u00e7\u00e3o e podem resolver todos os problemas de controle de passagens de entrada e sa\u00edda de pedestres, controlar se o port\u00e3o est\u00e1 trancado ou desbloqueado a qualquer momento e at\u00e9 20 interfaces de sinal para facilitar aos usu\u00e1rios a expans\u00e3o especial fun\u00e7\u00f5es.<\/p>\n<p>Os torniquetes de altura total s\u00e3o fabricados em <a class=\"rank-math-link\" href=\"https:\/\/simple.wikipedia.org\/wiki\/Stainless_steel\" target=\"_blank\" rel=\"noopener noreferrer\">a\u00e7o inoxid\u00e1vel<\/a> SUS304 ou a\u00e7o inoxid\u00e1vel 316. Ele adota a mais avan\u00e7ada tecnologia de controle de acionamento, que pode alterar o design em uma ampla faixa para atender aos v\u00e1rios requisitos de diferentes estilos de edif\u00edcios modernos para sistemas inteligentes de controle de acesso de pedestres.<\/p>\n<p>A catraca de altura total \u00e9 adequada para ocasi\u00f5es aut\u00f4nomas e com requisitos de alta seguran\u00e7a, bem como para algumas ocasi\u00f5es ao ar livre em um ambiente hostil. A catraca de altura total \u00e9 geralmente usada em \u00e1reas de controle mais rigorosas, como \u00e1reas de gerenciamento militar, f\u00e1bricas de produtos qu\u00edmicos, canteiros de obras, pris\u00f5es, bancos, tropas e outros locais altamente confidenciais do estado, por meio de reconhecimento e compara\u00e7\u00e3o facial, tamb\u00e9m sistema de captura eletr\u00f4nica, verdadeiramente e efetivamente um registro da passagem de pedestres, melhora o fator de seguran\u00e7a.<\/p>\n<p>Em alguns locais espec\u00edficos, como algumas passagens especiais na esta\u00e7\u00e3o, ou locais com requisitos r\u00edgidos de seguran\u00e7a, como pris\u00f5es ou gin\u00e1sios, as catracas gerais n\u00e3o atendem aos requisitos de seguran\u00e7a. Neste momento, catracas de pedestres de altura total ser\u00e3o utilizadas para gerenciamento de controle de acesso, pois as catracas de pedestres de altura total s\u00e3o os equipamentos de controle de acesso de seguran\u00e7a mais dur\u00e1veis, robustos e de alto n\u00edvel, s\u00e3o adequadas para locais desacompanhados com altos requisitos de seguran\u00e7a, como bem como alguns locais ao ar livre com ambientes agressivos.<\/p>\n<p>Tamb\u00e9m podemos criar uma renderiza\u00e7\u00e3o para voc\u00ea em poucos minutos com base no seu cen\u00e1rio real. Tamb\u00e9m fornecemos layout e desenhos detalhados, bem como desenhos de instala\u00e7\u00e3o.<\/p>\n\n        \t\n\t<style type=\"text\/css\">\n\t\t.slider-info-19704.bafg-slider-info .bafg-slider-title {\n\t\t\t\t\t\tfont-size: 22px;\n\t\t\t\t\t\t\n\t\t\t\n\t\t\t\t\t}\n\n\t\t.slider-info-19704.bafg-slider-info .bafg-slider-description {\n\t\t\t\n\t\t\t\n\t\t\t\t\t}\n\n\t\t.slider-info-19704.bafg-slider-info .bafg_slider_readmore_button {\n\t\t\t\n\t\t\t\n\t\t\t\n\t\t\t\n\t\t\t\n\t\t\ttext-align: center;\n\n\t\t\t\n\t\t\t\n\t\t\t\n\t\t\t\n\t\t\t\n\t\t\t\n\t\t\t\t\t}\n\n\t\t.slider-info-19704.bafg-slider-info .bafg_slider_readmore_button:hover {\n\n\t\t\t\n\t\t\t\n\t\t\t\t\t}\n\n\t<\/style>\n\t\n        <div class=\"bafg-twentytwenty-container slider-19704 \" bafg-orientation=\"horizontal\" bafg-default-offset=\"0.5\" bafg-before-label=\"Before\" bafg-after-label=\"After\" bafg-overlay=\"yes\" bafg-move-slider-on-hover=\"yes\" bafg-click-to-move=\"yes\">\n              \n            <img decoding=\"async\" class=\"skip-lazy\" src=\"http:\/\/mairsturnstile.com\/wp-content\/uploads\/2023\/07\/full-height-pedestrian-turnstiles_4.jpg\" alt=\"\" data-skip-lazy title=\"\">\n            <img decoding=\"async\" class=\"skip-lazy\" src=\"http:\/\/mairsturnstile.com\/wp-content\/uploads\/2023\/07\/full-height-pedestrian-turnstiles_5.jpg\" alt=\"\" data-skip-lazy title=\"\">\n           \n        <\/div>\n\n        \t<div class=\"bafg-slider-info-wraper\">\n\t\t<div style=\"\" class=\"slider-info-19704 bafg-slider-info\">\n\t\t\t\t\t<\/div>\n\t<\/div>\n\t\n        <style type=\"text\/css\">\n            \n        <\/style>\n        \n<p><span style=\"font-weight: 400;\">Utilizando a interface el\u00e9ctrica padr\u00e3o, compat\u00edvel com cart\u00f5es ID\/IC, impress\u00f5es digitais, <a href=\"https:\/\/en.wikipedia.org\/wiki\/Facial_recognition\" target=\"_blank\" rel=\"noopener\">reconhecimento facial<\/a>, um detetor de infravermelhos, controlador de temperatura, c\u00f3digo de barras\/QR, aplica\u00e7\u00e3o telef\u00f3nica, sistema ESD, sistema de visitantes, etc. <\/span><\/p>\n<p><span style=\"font-weight: 400;\">A catraca de altura total \u00e9 integrada a um mecanismo, el\u00e9trico e microcontrolador, e v\u00e1rios tipos de tecnologias de identifica\u00e7\u00e3o, compat\u00edveis com IC, ID, c\u00f3digo de barras, leitor de impress\u00e3o digital e assim por diante para fornecer controle e gerenciamento inteligentes para controle de fluxo. <\/span><\/p>\n<ul>\n<li style=\"list-style-type: none;\">\n<ul>\n<li>As catracas para pedestres de altura total s\u00e3o frequentemente usadas para solu\u00e7\u00f5es de controle de acesso de alta seguran\u00e7a.<\/li>\n<li>As catracas para pedestres de altura total s\u00e3o feitas de a\u00e7o inoxid\u00e1vel 304, que \u00e9 antiferrugem, robusto e r\u00edgido.<\/li>\n<li>As catracas para pedestres de altura total s\u00e3o ideais para ambientes internos e externos.<\/li>\n<li>As catracas de seguran\u00e7a de altura total podem ser integradas a qualquer tipo de sistema de controle de acesso (ex.: dispositivo RFID, impress\u00e3o digital e dispositivo biom\u00e9trico).<\/li>\n<li data-spm-anchor-id=\"a2700.details.pronpeci14.i0.58226f8fLZmm5D\">A porta da catraca abrir\u00e1 automaticamente quando a energia estiver desligada. \u00c9 muito seguro, para atender aos requisitos de passagem de controle de inc\u00eandio.<\/li>\n<li>Com a fun\u00e7\u00e3o anti-reversa, pare a dire\u00e7\u00e3o invertida.<\/li>\n<li>O mecanismo est\u00e1 equipado com um dispositivo amortecedor hidr\u00e1ulico regulado automaticamente. Nenhum ru\u00eddo e impacto durante a execu\u00e7\u00e3o.<\/li>\n<li>Fun\u00e7\u00e3o de auto-restaura\u00e7\u00e3o, quando a energia estiver ligada, o sistema ser\u00e1 reiniciado automaticamente.<\/li>\n<li>Confiabilidade do mecanismo: 5 milh\u00f5es, sem culpa<\/li>\n<li>Dispositivos de rolamento duplo, mant\u00eam o port\u00e3o em equil\u00edbrio quando h\u00e1 uma for\u00e7a externa.<\/li>\n<li>\u00danico direcional ou bidirecional \u00e9 opcional.<\/li>\n<li>Com luz indicadora LED.<\/li>\n<li>Torniquetes de seguran\u00e7a de altura total podem ser personalizadas para atender aos diferentes requisitos de diferentes locais.<\/li>\n<li>Atrav\u00e9s do pequeno teclado integrado na central, com dispositivos program\u00e1veis para gerenciar o estado de funcionamento.<\/li>\n<\/ul>\n<\/li>\n<\/ul>\n<p><a href=\"https:\/\/mairsturnstile.com\/full-height-turnstiles.html\">Os torniquetes de altura total<\/a> podem ser utilizados no interior e no exterior. Tem bom desempenho \u00e0 prova d&#8217;\u00e1gua. Como o melhor <strong>torniquete de altura total na Mal\u00e1sia<\/strong>, \u00e9 amplamente utilizado para esta\u00e7\u00f5es de comboio, bibliotecas escolares, instala\u00e7\u00f5es governamentais, parques de divers\u00f5es, pris\u00f5es, est\u00e1dios de futebol, apartamentos, museus e f\u00e1bricas, etc.<\/p>\n<p>Esta catraca de altura total \u00e9 uma catraca \u00fanica de altura total, <strong>o que \u00e9 uma catraca \u00fanica de altura total? Diferente de um torniquete <a href=\"https:\/\/mairsturnstile.com\/product\/full-height-double-turnstile\">duplo de altura total<\/a>, um torniquete simples de altura total \u00e9 composto por um mecanismo de controlo e uma barra de bloqueio em a\u00e7o inoxid\u00e1vel, que tem apenas um canal. <\/strong>Podemos fornecer toda a solu\u00e7\u00e3o de controle de acesso de seguran\u00e7a, confira o v\u00eddeo:<\/p>\n<p><iframe title=\"Reprodutor de v\u00eddeo do YouTube\" src=\"https:\/\/www.youtube.com\/embed\/cy4ZzmrIfx0\" width=\"1150\" height=\"650\" frameborder=\"0\" allowfullscreen=\"allowfullscreen\"><span data-mce-type=\"bookmark\" style=\"display: inline-block; width: 0px; overflow: hidden; line-height: 0;\" class=\"mce_SELRES_start\"><\/span><\/iframe><\/p>\n","protected":false},"excerpt":{"rendered":"<p>1. Tamanho: 1630*1500*2310 mm (pode ser personalizado)<\/p>\n<p>2. Lane Width: 650 mm (can be customized)<\/p>\n<p>3. Material da caixa: a\u00e7o inoxid\u00e1vel 304 ou a\u00e7o inoxid\u00e1vel 316<\/p>\n<p>4. Passing speed: 30 person\/min<\/p>\n<p>5. Fonte de alimenta\u00e7\u00e3o: 110 V\/220 V 50\/60 Hz<\/p>\n<p>6. Solen\u00f3ide de catracas para pedestres de altura total: DC24V<\/p>\n<p>7. Entrada de port\u00e3o aberto: contato seco\/rel\u00e9<\/p>\n<p>8. Logic Voltage: DC24V<\/p>\n<p>9. Acionamento: Funcionamento semi-autom\u00e1tico<\/p>\n<p><strong><a title=\"Torniquete de altura total com certifica\u00e7\u00e3o CE Mairs\" href=\"http:\/\/mairsturnstile.com\/wp-content\/uploads\/2022\/09\/Mairs-CE-Certificate-Full-Height-Turnstile.pdf\" target=\"_blank\" rel=\"noopener noreferrer\">Certificado CE,<\/a> <a title=\"Certificado Mairs ISO9001\" href=\"http:\/\/mairsturnstile.com\/wp-content\/uploads\/2022\/09\/Mairs-Registration-Certificate-ISO9001.pdf\" target=\"_blank\" rel=\"noopener noreferrer\">Certificado ISO9001.<\/a><\/strong><\/p>\n<p><a title=\"Folheto de catracas para pedestres de altura total\" href=\"http:\/\/mairsturnstile.com\/wp-content\/uploads\/2022\/09\/MT402-Full-Height-Pedestrian-Turnstiles-Brochure.pdf\" target=\"_blank\" rel=\"noopener noreferrer\"><img decoding=\"async\" class=\"alignnone size-full wp-image-11034\" src=\"http:\/\/mairsturnstile.com\/wp-content\/uploads\/2022\/09\/pdf-MairsTurnstile.png\" alt=\"\" width=\"32\" height=\"32\"><strong><span style=\"color: #0000ff;\">Folheto de catracas para pedestres de altura total MT402<\/span><\/strong><br \/>\n<\/a><\/p>\n<p><a title=\"Manual de instala\u00e7\u00e3o da catraca de altura total\" href=\"http:\/\/mairsturnstile.com\/wp-content\/uploads\/2023\/09\/Full-height-turnstile-installation-manual.pdf\" target=\"_blank\" rel=\"noopener noreferrer\"><img decoding=\"async\" class=\"alignnone size-full wp-image-11034\" src=\"http:\/\/mairsturnstile.com\/wp-content\/uploads\/2022\/09\/pdf-MairsTurnstile.png\" alt=\"\" width=\"32\" height=\"32\"><strong><span style=\"color: #0000ff;\"> Manual de instala\u00e7\u00e3o e usu\u00e1rio da catraca de altura total<\/span><\/strong><\/a><\/p>\n","protected":false},"featured_media":57308,"comment_status":"closed","ping_status":"closed","template":"","meta":{"neve_meta_sidebar":"","neve_meta_container":"","neve_meta_enable_content_width":"off","neve_meta_content_width":0,"neve_meta_title_alignment":"","neve_meta_author_avatar":"","neve_post_elements_order":"","neve_meta_disable_header":"","neve_meta_disable_footer":"","neve_meta_disable_title":"","_ti_tpc_template_sync":false,"_ti_tpc_template_id":""},"product_cat":[2014,2017],"product_tag":[2196,2662,2660,2458,2661,2436],"class_list":["post-34398","product","type-product","status-publish","has-post-thumbnail","hentry","product_cat-torniquetes-de-altura-total","product_cat-torniquetes-de-seguranca","product_tag-catraca-de-altura-total","product_tag-catracas-de-seguranca-de-altura-total","product_tag-catracas-para-pedestres-de-altura-total","product_tag-portao-de-catraca-malasia","product_tag-torniquete-de-altura-total-na-malasia","product_tag-torniquete-de-codigo-qr-pt"],"_links":{"self":[{"href":"https:\/\/mairsturnstile.com\/pt\/wp-json\/wp\/v2\/product\/34398","targetHints":{"allow":["GET"]}}],"collection":[{"href":"https:\/\/mairsturnstile.com\/pt\/wp-json\/wp\/v2\/product"}],"about":[{"href":"https:\/\/mairsturnstile.com\/pt\/wp-json\/wp\/v2\/types\/product"}],"replies":[{"embeddable":true,"href":"https:\/\/mairsturnstile.com\/pt\/wp-json\/wp\/v2\/comments?post=34398"}],"version-history":[{"count":0,"href":"https:\/\/mairsturnstile.com\/pt\/wp-json\/wp\/v2\/product\/34398\/revisions"}],"wp:featuredmedia":[{"embeddable":true,"href":"https:\/\/mairsturnstile.com\/pt\/wp-json\/wp\/v2\/media\/57308"}],"wp:attachment":[{"href":"https:\/\/mairsturnstile.com\/pt\/wp-json\/wp\/v2\/media?parent=34398"}],"wp:term":[{"taxonomy":"product_cat","embeddable":true,"href":"https:\/\/mairsturnstile.com\/pt\/wp-json\/wp\/v2\/product_cat?post=34398"},{"taxonomy":"product_tag","embeddable":true,"href":"https:\/\/mairsturnstile.com\/pt\/wp-json\/wp\/v2\/product_tag?post=34398"}],"curies":[{"name":"wp","href":"https:\/\/api.w.org\/{rel}","templated":true}]}}