{"id":34431,"date":"2020-09-12T18:37:24","date_gmt":"2020-09-12T10:37:24","guid":{"rendered":"https:\/\/mairsturnstile.com\/product\/portao-de-catraca-de-altura-total-mt404"},"modified":"2023-11-02T11:47:10","modified_gmt":"2023-11-02T03:47:10","slug":"catracas-australia","status":"publish","type":"product","link":"https:\/\/mairsturnstile.com\/pt\/product\/catracas-australia","title":{"rendered":"PORT\u00c3O DE CATRACA DE ALTURA TOTAL MT404"},"content":{"rendered":"        <!-- 3D Model html -->\r\n        <div class=\"bp_grand wrapper_19986\">   \r\n        <div class=\"bp_model_parent\">\r\n            <model-viewer class=\"model\" id=\"bp_model_id_19986\" src=\"http:\/\/mairsturnstile.com\/wp-content\/uploads\/2023\/06\/MT404.glb\" alt=\"MT404\" camera-controls  loading=\"auto\" auto-rotate                        >\r\n            <\/model-viewer>\r\n        \r\n            <!-- Button -->\r\n            <svg id=\"openBtn\" width=\"30px\" height=\"30px\" viewBox=\"0 0 16 16\" xmlns=\"http:\/\/www.w3.org\/2000\/svg\" fill=\"#f2f2f2\" class=\"bi bi-arrows-fullscreen model-icon\">\r\n                <path fill-rule=\"evenodd\" d=\"M5.828 10.172a.5.5 0 0 0-.707 0l-4.096 4.096V11.5a.5.5 0 0 0-1 0v3.975a.5.5 0 0 0 .5.5H4.5a.5.5 0 0 0 0-1H1.732l4.096-4.096a.5.5 0 0 0 0-.707zm4.344 0a.5.5 0 0 1 .707 0l4.096 4.096V11.5a.5.5 0 1 1 1 0v3.975a.5.5 0 0 1-.5.5H11.5a.5.5 0 0 1 0-1h2.768l-4.096-4.096a.5.5 0 0 1 0-.707zm0-4.344a.5.5 0 0 0 .707 0l4.096-4.096V4.5a.5.5 0 1 0 1 0V.525a.5.5 0 0 0-.5-.5H11.5a.5.5 0 0 0 0 1h2.768l-4.096 4.096a.5.5 0 0 0 0 .707zm-4.344 0a.5.5 0 0 1-.707 0L1.025 1.732V4.5a.5.5 0 0 1-1 0V.525a.5.5 0 0 1 .5-.5H4.5a.5.5 0 0 1 0 1H1.732l4.096 4.096a.5.5 0 0 1 0 .707z\"\/>\r\n            <\/svg>\r\n        \r\n            <svg id=\"closeBtn\" class=\"model-icon\" width=\"34px\" height=\"34px\" viewBox=\"0 0 24 24\" xmlns=\"http:\/\/www.w3.org\/2000\/svg\">\r\n                <path fill=\"none\" stroke=\"#f2f2f2\" stroke-width=\"2\" d=\"M7,7 L17,17 M7,17 L17,7\"\/>\r\n            <\/svg>\r\n        \r\n        <\/div>\r\n        <\/div> \r\n\r\n        <!-- Model Viewer Style -->\r\n        <style>\r\n            \r\n            .wrapper_19986 .bp_model_parent, #bp_model_id_19986 {\r\n                width: 1150px;\r\n                max-width: 100%;\r\n                                            }\r\n            #bp_model_id_19986 {\r\n                height:700px;\r\n                background-color: #f2f2f2;\r\n            }\r\n            .fullscreen #bp_model_id_19986{\r\n            height: 100%;\r\n            width: 100%;\r\n            }\r\n            .wrapper_19986 .bp_model_parent{\r\n                justify-content: start            }\r\n            model-viewer.model {\r\n                --poster-color: transparent;\r\n            }\r\n        <\/style>\r\n        \r\n        \n<p>Temos designers experientes que podem realizar uma personaliza\u00e7\u00e3o profunda de acordo com qualquer uma de suas necessidades. Forneceremos uma s\u00e9rie de materiais, como renderiza\u00e7\u00f5es 3D, desenhos dimensionais, etc.<\/p>\n<h4>Torniquetes de altura total AUSTR\u00c1LIA MT404 tem dois anos de garantia e suporte dur\u00e1vel de manuten\u00e7\u00e3o e reparo.<\/h4>\n<p>Podemos fornecer servi\u00e7os OEM e ODM. Tamb\u00e9m fornecemos dispositivos biom\u00e9tricos, como leitores de cart\u00f5es IC\/ID, leitores de impress\u00e3o digital, leitores de c\u00f3digo QR, c\u00e2meras de reconhecimento facial e assim por diante. Se precisar de integrar estes dispositivos no torniquete de altura total ou se tiver alguma d\u00favida, <a href=\"https:\/\/mairsturnstile.com\/contact\">contacte-nos<\/a><\/p>\n<p><strong>Os torniquetes de altura total <\/strong>s\u00e3o uma vers\u00e3o de alta seguran\u00e7a dos torniquetes. \u00c9 uma catraca de seguran\u00e7a bidirecional com controlador eletr\u00f4nico. As aberturas de 90\u00b0 permitem um <a href=\"https:\/\/en.wikipedia.org\/wiki\/Access_control\" target=\"_blank\" rel=\"noopener\">controlo de acesso<\/a> suave, f\u00e1cil e seguro para os pe\u00f5es. <a href=\"https:\/\/mairsturnstile.com\/full-height-turnstiles.html\">Os torniquetes de altura total<\/a> s\u00e3o amplamente utilizados em aplica\u00e7\u00f5es como o governo, parques, pris\u00f5es, est\u00e1dios, apartamentos, gin\u00e1sios, museus, esta\u00e7\u00f5es, bibliotecas, f\u00e1bricas, etc. As catracas de altura total fornecem uma maneira confi\u00e1vel e eficiente de garantir que apenas pessoas autorizadas tenham acesso a cada \u00e1rea de um edif\u00edcio.<\/p>\n<p><span data-spm-anchor-id=\"a2700.details.pronpeci14.i2.7635dcd1UidUpx\">Essas catracas de altura total s\u00e3o facilmente capazes de lidar com grandes volumes e condi\u00e7\u00f5es abusivas. <\/span>A unidade simplifica a constru\u00e7\u00e3o de uma configura\u00e7\u00e3o de m\u00faltiplas pistas, enquanto as cores simples permitem que voc\u00ea combine perfeitamente esta catraca com sua localiza\u00e7\u00e3o. Exportamos catracas de altura total para a Austr\u00e1lia a um pre\u00e7o acess\u00edvel.<\/p>\n<p data-spm-anchor-id=\"a2700.details.pronpeci14.i0.54a03579UBfc8K\"><span data-spm-anchor-id=\"a2700.details.pronpeci14.i2.7635dcd1UidUpx\">Trabalhando bem com cart\u00f5es IC, cart\u00f5es de identifica\u00e7\u00e3o, c\u00f3digos de barras, impress\u00f5es digitais e assim por diante, esses equipamentos de identifica\u00e7\u00e3o de leitura de cart\u00f5es fornecem uma passagem civilizada e sequencial para as pessoas e tamb\u00e9m ajudam as empresas a gerenciar seus funcion\u00e1rios de maneira eficaz.<\/span><\/p>\n<p data-spm-anchor-id=\"a2700.details.pronpeci14.i0.54a03579UBfc8K\">\n        \t\n\t<style type=\"text\/css\">\n\t\t.slider-info-19993.bafg-slider-info .bafg-slider-title {\n\t\t\t\t\t\tfont-size: 22px;\n\t\t\t\t\t\t\n\t\t\t\n\t\t\t\t\t}\n\n\t\t.slider-info-19993.bafg-slider-info .bafg-slider-description {\n\t\t\t\n\t\t\t\n\t\t\t\t\t}\n\n\t\t.slider-info-19993.bafg-slider-info .bafg_slider_readmore_button {\n\t\t\t\n\t\t\t\n\t\t\t\n\t\t\t\n\t\t\t\n\t\t\ttext-align: center;\n\n\t\t\t\n\t\t\t\n\t\t\t\n\t\t\t\n\t\t\t\n\t\t\t\n\t\t\t\t\t}\n\n\t\t.slider-info-19993.bafg-slider-info .bafg_slider_readmore_button:hover {\n\n\t\t\t\n\t\t\t\n\t\t\t\t\t}\n\n\t<\/style>\n\t\n        <div class=\"bafg-twentytwenty-container slider-19993 \" bafg-orientation=\"horizontal\" bafg-default-offset=\"0.5\" bafg-before-label=\"Before\" bafg-after-label=\"After\" bafg-overlay=\"yes\" bafg-move-slider-on-hover=\"yes\" bafg-click-to-move=\"no\">\n              \n            <img decoding=\"async\" class=\"skip-lazy\" src=\"http:\/\/mairsturnstile.com\/wp-content\/uploads\/2020\/09\/turnstile-gate-australia-6.jpg\" alt=\"turnstile gate australia\" data-skip-lazy title=\"\">\n            <img decoding=\"async\" class=\"skip-lazy\" src=\"http:\/\/mairsturnstile.com\/wp-content\/uploads\/2020\/09\/turnstile-gate-australia-5.jpg\" alt=\"turnstile gate australia\" data-skip-lazy title=\"\">\n           \n        <\/div>\n\n        \t<div class=\"bafg-slider-info-wraper\">\n\t\t<div style=\"\" class=\"slider-info-19993 bafg-slider-info\">\n\t\t\t\t\t<\/div>\n\t<\/div>\n\t\n        <style type=\"text\/css\">\n            \n        <\/style>\n        <\/p>\n<p>Tamb\u00e9m podemos criar uma renderiza\u00e7\u00e3o para voc\u00ea em poucos minutos com base no seu cen\u00e1rio real. Tamb\u00e9m fornecemos layout e desenhos detalhados, bem como desenhos de instala\u00e7\u00e3o.<\/p>\n<ul>\n<li>As catracas de altura total s\u00e3o frequentemente usadas para solu\u00e7\u00f5es de controle de acesso de alta seguran\u00e7a.<\/li>\n<li>O corpo \u00e9 feito de a\u00e7o inoxid\u00e1vel 304 escovado, que \u00e9 r\u00edgido, antiferrugem, robusto e dur\u00e1vel.<\/li>\n<li>As catracas de altura total da Austr\u00e1lia s\u00e3o adequadas para ambientes internos e externos.<\/li>\n<li>Com a fun\u00e7\u00e3o anti-reversa, pare a dire\u00e7\u00e3o invertida.<\/li>\n<li>Para atender aos requisitos de controle de emerg\u00eancia, a catraca abrir\u00e1 automaticamente quando a energia for desligada.<\/li>\n<li>Todo o sistema funciona perfeitamente, com desempenho de longa dura\u00e7\u00e3o, alta confiabilidade operacional e resposta r\u00e1pida.<\/li>\n<li>Pode ser uma dire\u00e7\u00e3o \u00fanica ou dupla.<\/li>\n<li>Confiabilidade do mecanismo: 5 milh\u00f5es, sem culpa<\/li>\n<li>Fun\u00e7\u00e3o de autoteste, quando a energia estiver ligada, o sistema ser\u00e1 restaurado automaticamente.<\/li>\n<li>Dispositivos de rolamento duplo, mant\u00eam o port\u00e3o em equil\u00edbrio quando h\u00e1 uma for\u00e7a externa.<\/li>\n<li>Unidirecional ou bidirecional \u00e9 selecion\u00e1vel.<\/li>\n<li>Com luz indicadora LED.<\/li>\n<li>Pode ser controlado por um controle remoto e gerenciado diretamente pelo computador.<\/li>\n<li>Quando a energia estiver desligada, a pista da catraca estar\u00e1 livre para passar, atendendo aos requisitos de seguran\u00e7a contra inc\u00eandio.<\/li>\n<li>O tamanho\/design do mainframe pode ser personalizado.<\/li>\n<li>O tamanho das catracas australianas pode ser ajustado para atender \u00e0s necessidades em diferentes locais.<\/li>\n<\/ul>\n<p><iframe title=\"Torniquete biom\u00e9trico de altura total, Torniquete de altura total com reconhecimento facial - MairsTurnstile\" src=\"https:\/\/www.youtube.com\/embed\/cy4ZzmrIfx0\" width=\"1150\" height=\"650\" frameborder=\"0\" allowfullscreen=\"allowfullscreen\"><\/iframe><\/p>\n","protected":false},"excerpt":{"rendered":"<p>1. Tamanho: 1450*1450*2300 mm (pode ser personalizado)<\/p>\n<p>2. Lane Width: 650 mm (can be customized)<\/p>\n<p>3. Material da caixa: a\u00e7o inoxid\u00e1vel 304 ou a\u00e7o inoxid\u00e1vel 316<\/p>\n<p>4. Passing speed: 30 person\/min<\/p>\n<p>5. Fonte de alimenta\u00e7\u00e3o: 110 V\/220 V 50\/60 Hz<\/p>\n<p>6. Solen\u00f3ide de port\u00e3o de catraca de altura total: DC24V<\/p>\n<p>7. Sinal de port\u00e3o aberto: contato seco\/rel\u00e9<\/p>\n<p>8. Logic Voltage: DC24V<\/p>\n<p>9. Acionamento: Funcionamento semi-autom\u00e1tico<\/p>\n<p><strong><a title=\"Torniquete de altura total com certifica\u00e7\u00e3o CE Mairs\" href=\"http:\/\/mairsturnstile.com\/wp-content\/uploads\/2022\/09\/Mairs-CE-Certificate-Full-Height-Turnstile.pdf\" target=\"_blank\" rel=\"noopener noreferrer\">Certificado CE,<\/a> <a title=\"Certificado Mairs ISO9001\" href=\"http:\/\/mairsturnstile.com\/wp-content\/uploads\/2022\/09\/Mairs-Registration-Certificate-ISO9001.pdf\" target=\"_blank\" rel=\"noopener noreferrer\">Certificado ISO9001.<\/a><\/strong><\/p>\n<p><a title=\"Folheto de catracas de altura total\" href=\"http:\/\/mairsturnstile.com\/wp-content\/uploads\/2022\/09\/MT404-Full-Height-Turnstiles-Brochure.pdf\" target=\"_blank\" rel=\"noopener noreferrer\"><img decoding=\"async\" class=\"alignnone size-full wp-image-11034\" src=\"http:\/\/mairsturnstile.com\/wp-content\/uploads\/2022\/09\/pdf-MairsTurnstile.png\" alt=\"\" width=\"32\" height=\"32\"><span style=\"color: #0000ff;\"><strong>Folheto de catracas de altura total MT404<\/strong><\/span><\/a><\/p>\n<p><a title=\"Manual de instala\u00e7\u00e3o da catraca de altura total\" href=\"http:\/\/mairsturnstile.com\/wp-content\/uploads\/2023\/09\/Full-height-turnstile-installation-manual.pdf\" target=\"_blank\" rel=\"noopener noreferrer\"><img decoding=\"async\" class=\"alignnone size-full wp-image-11034\" src=\"http:\/\/mairsturnstile.com\/wp-content\/uploads\/2022\/09\/pdf-MairsTurnstile.png\" alt=\"\" width=\"32\" height=\"32\"><strong><span style=\"color: #0000ff;\"> Manual de instala\u00e7\u00e3o e usu\u00e1rio da catraca de altura total<\/span><\/strong><\/a><\/p>\n","protected":false},"featured_media":58230,"comment_status":"closed","ping_status":"closed","template":"","meta":{"neve_meta_sidebar":"","neve_meta_container":"","neve_meta_enable_content_width":"off","neve_meta_content_width":0,"neve_meta_title_alignment":"","neve_meta_author_avatar":"","neve_post_elements_order":"","neve_meta_disable_header":"","neve_meta_disable_footer":"","neve_meta_disable_title":"","_ti_tpc_template_sync":false,"_ti_tpc_template_id":""},"product_cat":[2014,2017],"product_tag":[2188,2439,2143,2666,2665,2142],"class_list":["post-34431","product","type-product","status-publish","has-post-thumbnail","hentry","product_cat-torniquetes-de-altura-total","product_cat-torniquetes-de-seguranca","product_tag-catraca-de-altura-total-com-leitor-de-cartao","product_tag-catraca-unica-de-altura-total","product_tag-catracas-de-altura-total","product_tag-catracas-de-altura-total-australia","product_tag-fabricantes-de-catracas-na-australia","product_tag-portao-de-torniquete-de-altura-total"],"_links":{"self":[{"href":"https:\/\/mairsturnstile.com\/pt\/wp-json\/wp\/v2\/product\/34431","targetHints":{"allow":["GET"]}}],"collection":[{"href":"https:\/\/mairsturnstile.com\/pt\/wp-json\/wp\/v2\/product"}],"about":[{"href":"https:\/\/mairsturnstile.com\/pt\/wp-json\/wp\/v2\/types\/product"}],"replies":[{"embeddable":true,"href":"https:\/\/mairsturnstile.com\/pt\/wp-json\/wp\/v2\/comments?post=34431"}],"version-history":[{"count":0,"href":"https:\/\/mairsturnstile.com\/pt\/wp-json\/wp\/v2\/product\/34431\/revisions"}],"wp:featuredmedia":[{"embeddable":true,"href":"https:\/\/mairsturnstile.com\/pt\/wp-json\/wp\/v2\/media\/58230"}],"wp:attachment":[{"href":"https:\/\/mairsturnstile.com\/pt\/wp-json\/wp\/v2\/media?parent=34431"}],"wp:term":[{"taxonomy":"product_cat","embeddable":true,"href":"https:\/\/mairsturnstile.com\/pt\/wp-json\/wp\/v2\/product_cat?post=34431"},{"taxonomy":"product_tag","embeddable":true,"href":"https:\/\/mairsturnstile.com\/pt\/wp-json\/wp\/v2\/product_tag?post=34431"}],"curies":[{"name":"wp","href":"https:\/\/api.w.org\/{rel}","templated":true}]}}