{"id":34452,"date":"2020-09-12T18:39:07","date_gmt":"2020-09-12T10:39:07","guid":{"rendered":"https:\/\/mairsturnstile.com\/product\/torniquete-duplo-de-altura-total-mt402-2"},"modified":"2024-10-31T12:25:27","modified_gmt":"2024-10-31T04:25:27","slug":"catraca-de-altura-total-singapura","status":"publish","type":"product","link":"https:\/\/mairsturnstile.com\/pt\/product\/catraca-de-altura-total-singapura","title":{"rendered":"TORNIQUETE DUPLO DE ALTURA TOTAL"},"content":{"rendered":"        <!-- 3D Model html -->\r\n        <div class=\"bp_grand wrapper_19979\">   \r\n        <div class=\"bp_model_parent\">\r\n            <model-viewer class=\"model\" id=\"bp_model_id_19979\" src=\"http:\/\/mairsturnstile.com\/wp-content\/uploads\/2023\/07\/MT402-2.glb\" alt=\"MT402-2\" camera-controls  loading=\"auto\" auto-rotate                        >\r\n            <\/model-viewer>\r\n        \r\n            <!-- Button -->\r\n            <svg id=\"openBtn\" width=\"30px\" height=\"30px\" viewBox=\"0 0 16 16\" xmlns=\"http:\/\/www.w3.org\/2000\/svg\" fill=\"#f2f2f2\" class=\"bi bi-arrows-fullscreen model-icon\">\r\n                <path fill-rule=\"evenodd\" d=\"M5.828 10.172a.5.5 0 0 0-.707 0l-4.096 4.096V11.5a.5.5 0 0 0-1 0v3.975a.5.5 0 0 0 .5.5H4.5a.5.5 0 0 0 0-1H1.732l4.096-4.096a.5.5 0 0 0 0-.707zm4.344 0a.5.5 0 0 1 .707 0l4.096 4.096V11.5a.5.5 0 1 1 1 0v3.975a.5.5 0 0 1-.5.5H11.5a.5.5 0 0 1 0-1h2.768l-4.096-4.096a.5.5 0 0 1 0-.707zm0-4.344a.5.5 0 0 0 .707 0l4.096-4.096V4.5a.5.5 0 1 0 1 0V.525a.5.5 0 0 0-.5-.5H11.5a.5.5 0 0 0 0 1h2.768l-4.096 4.096a.5.5 0 0 0 0 .707zm-4.344 0a.5.5 0 0 1-.707 0L1.025 1.732V4.5a.5.5 0 0 1-1 0V.525a.5.5 0 0 1 .5-.5H4.5a.5.5 0 0 1 0 1H1.732l4.096 4.096a.5.5 0 0 1 0 .707z\"\/>\r\n            <\/svg>\r\n        \r\n            <svg id=\"closeBtn\" class=\"model-icon\" width=\"34px\" height=\"34px\" viewBox=\"0 0 24 24\" xmlns=\"http:\/\/www.w3.org\/2000\/svg\">\r\n                <path fill=\"none\" stroke=\"#f2f2f2\" stroke-width=\"2\" d=\"M7,7 L17,17 M7,17 L17,7\"\/>\r\n            <\/svg>\r\n        \r\n        <\/div>\r\n        <\/div> \r\n\r\n        <!-- Model Viewer Style -->\r\n        <style>\r\n            \r\n            .wrapper_19979 .bp_model_parent, #bp_model_id_19979 {\r\n                width: 1150px;\r\n                max-width: 100%;\r\n                                            }\r\n            #bp_model_id_19979 {\r\n                height:700px;\r\n                background-color: #f2f2f2;\r\n            }\r\n            .fullscreen #bp_model_id_19979{\r\n            height: 100%;\r\n            width: 100%;\r\n            }\r\n            .wrapper_19979 .bp_model_parent{\r\n                justify-content: start            }\r\n            model-viewer.model {\r\n                --poster-color: transparent;\r\n            }\r\n        <\/style>\r\n        \r\n        \n<h2>TORNADA DE ALTURA COMPLETA SINGAPURA tem 2 anos de garantia e manuten\u00e7\u00e3o dur\u00e1vel e suporte de reparo.<\/h2>\n<p>We can provide OEM and ODM services. Temos designers experientes que podem realizar uma personaliza\u00e7\u00e3o profunda de acordo com qualquer uma de suas necessidades. Forneceremos uma s\u00e9rie de materiais, como renderiza\u00e7\u00f5es 3D, desenhos dimensionais, etc. Lan\u00e7\u00e1mos tamb\u00e9m uma nova s\u00e9rie de torniquetes de altura total com um aspeto elegante e uma estrutura robusta. Verificar: <a href=\"https:\/\/mairsturnstile.com\/full-height-series-turnstile\" target=\"_blank\" rel=\"noopener\">s\u00e9rie de torniquetes de altura total<\/a> <\/p>\n<p>Tamb\u00e9m fornecemos dispositivos biom\u00e9tricos, como leitores de cart\u00f5es IC\/ID, leitores de impress\u00e3o digital, leitores de c\u00f3digo QR, c\u00e2meras de reconhecimento facial e assim por diante. Exportamos port\u00f5es de catraca de altura total para Cingapura a um pre\u00e7o acess\u00edvel. Caso necessite integrar estes dispositivos na catraca ou tenha alguma d\u00favida, entre em contato conosco.<\/p>\n<p>O torniquete de altura total de Singapura \u00e9 adequado para um <a href=\"https:\/\/en.wikipedia.org\/wiki\/Access_control\" target=\"_blank\" rel=\"noopener\">controlo de acesso<\/a> robusto e bem adaptado \u00e0 utiliza\u00e7\u00e3o exterior e interior em est\u00e1dios de futebol, instala\u00e7\u00f5es desportivas e locais de alto risco. Esta linha de produtos de catracas de altura total oferece aplica\u00e7\u00f5es de controle de acesso interno e externo. A Mairs exporta <a href=\"https:\/\/mairsturnstile.com\/full-height-turnstiles.html\" target=\"_blank\" rel=\"noopener\">torniquetes de altura total<\/a> para Singapura a um pre\u00e7o acess\u00edvel.<\/p>\n<p>Nossa linha de catracas vem com uma superf\u00edcie anticorrosiva de alta qualidade e garante uma opera\u00e7\u00e3o confi\u00e1vel sob condi\u00e7\u00f5es externas extremas.<\/p>\n\n        \t\n\t<style type=\"text\/css\">\n\t\t.slider-info-20004.bafg-slider-info .bafg-slider-title {\n\t\t\t\t\t\tfont-size: 22px;\n\t\t\t\t\t\t\n\t\t\t\n\t\t\t\t\t}\n\n\t\t.slider-info-20004.bafg-slider-info .bafg-slider-description {\n\t\t\t\n\t\t\t\n\t\t\t\t\t}\n\n\t\t.slider-info-20004.bafg-slider-info .bafg_slider_readmore_button {\n\t\t\t\n\t\t\t\n\t\t\t\n\t\t\t\n\t\t\t\n\t\t\ttext-align: center;\n\n\t\t\t\n\t\t\t\n\t\t\t\n\t\t\t\n\t\t\t\n\t\t\t\n\t\t\t\t\t}\n\n\t\t.slider-info-20004.bafg-slider-info .bafg_slider_readmore_button:hover {\n\n\t\t\t\n\t\t\t\n\t\t\t\t\t}\n\n\t<\/style>\n\t\n        <div class=\"bafg-twentytwenty-container slider-20004 \" bafg-orientation=\"horizontal\" bafg-default-offset=\"0.5\" bafg-before-label=\"Before\" bafg-after-label=\"After\" bafg-overlay=\"yes\" bafg-move-slider-on-hover=\"yes\" bafg-click-to-move=\"no\">\n              \n            <img decoding=\"async\" class=\"skip-lazy\" src=\"http:\/\/mairsturnstile.com\/wp-content\/uploads\/2024\/10\/full-height-turnstile-singapore-1.jpg\" alt=\"full height turnstile singapore\" data-skip-lazy title=\"\">\n            <img decoding=\"async\" class=\"skip-lazy\" src=\"http:\/\/mairsturnstile.com\/wp-content\/uploads\/2024\/10\/full-height-turnstile-singapore.jpg\" alt=\"full height turnstile singapore\" data-skip-lazy title=\"\">\n           \n        <\/div>\n\n        \t<div class=\"bafg-slider-info-wraper\">\n\t\t<div style=\"\" class=\"slider-info-20004 bafg-slider-info\">\n\t\t\t\t\t<\/div>\n\t<\/div>\n\t\n        <style type=\"text\/css\">\n            \n        <\/style>\n        \n<p>Tamb\u00e9m podemos criar uma renderiza\u00e7\u00e3o para voc\u00ea em poucos minutos com base no seu cen\u00e1rio real. Tamb\u00e9m fornecemos layout e desenhos detalhados, bem como desenhos de instala\u00e7\u00e3o.<\/p>\n<ul>\n<li>A catraca de altura total Singapura \u00e9 frequentemente usada para solu\u00e7\u00f5es de controle de acesso de alta seguran\u00e7a.<\/li>\n<li>A caixa \u00e9 feita de a\u00e7o inoxid\u00e1vel 304 de alta qualidade, robusto, r\u00edgido, antiferrugem e dur\u00e1vel.<\/li>\n<li>A catraca de altura total Singapura pode ser usada em ambientes externos e internos.<\/li>\n<li>A catraca de altura total \u00e9 a solu\u00e7\u00e3o de maior seguran\u00e7a em compara\u00e7\u00e3o com outras catracas<\/li>\n<li>Para atender aos requisitos de controle de emerg\u00eancia, a catraca abrir\u00e1 automaticamente quando a energia for desligada.<\/li>\n<li>Todo o sistema funciona perfeitamente, com desempenho de longa dura\u00e7\u00e3o, alta confiabilidade operacional e resposta r\u00e1pida.<\/li>\n<li>O mecanismo est\u00e1 equipado com um amortecedor hidr\u00e1ulico de alta qualidade. Com este dispositivo, o ru\u00eddo de funcionamento \u00e9 muito baixo e \u00e9 mais suave.<\/li>\n<li>Fun\u00e7\u00e3o de autoteste, o port\u00e3o ser\u00e1 restaurado automaticamente quando a energia estiver ligada.<\/li>\n<li>Possui uma sa\u00edda de rel\u00e9 padr\u00e3o, que pode ser facilmente integrada com todos os tipos de sistemas de controle de acesso de terceiros (ou seja, RFID, impress\u00e3o digital, reconhecimento facial, c\u00f3digo de barras, term\u00f4metro infravermelho).<\/li>\n<li>A melhor catraca de altura total em Cingapura \u00e0 venda.<\/li>\n<li>O design razo\u00e1vel e a alta configura\u00e7\u00e3o garantem que os port\u00f5es possam se mover com rapidez e precis\u00e3o, de forma est\u00e1vel e silenciosa; com baixo consumo de energia, conserva\u00e7\u00e3o de energia e prote\u00e7\u00e3o ambiental.<\/li>\n<li>Dispositivos de rolamento duplo, mantendo o port\u00e3o em equil\u00edbrio quando h\u00e1 uma for\u00e7a externa.<\/li>\n<li>O design da catraca de altura total faz com que apenas uma pessoa passe por vez.<\/li>\n<li>Confiabilidade do mecanismo: 5 milh\u00f5es, sem culpa<\/li>\n<li>A catraca de altura total \u00e9 adequada para \u00e1reas de alta seguran\u00e7a (ou seja, embaixada, est\u00e1dio, banco, pris\u00e3o, campo petrol\u00edfero, canteiro de obras, esta\u00e7\u00e3o)<\/li>\n<li>Pode ser controlado por um controle remoto e gerenciado diretamente pelo computador.<\/li>\n<li>A catraca de altura total pode funcionar como unidirecional e bidirecional de acordo com a necessidade do cliente.<\/li>\n<li>O tamanho\/desenho do port\u00e3o pode ser personalizado com base no desenho do cliente.<\/li>\n<li>O tamanho pode ser ajustado para atender aos requisitos em diferentes locais.<\/li>\n<\/ul>\n<p><iframe title=\"Reprodutor de v\u00eddeo do YouTube\" src=\"https:\/\/www.youtube.com\/embed\/XyxFKnS3Br0\" width=\"1150\" height=\"650\" frameborder=\"0\" allowfullscreen=\"allowfullscreen\"><span data-mce-type=\"bookmark\" style=\"display: inline-block; width: 0px; overflow: hidden; line-height: 0;\" class=\"mce_SELRES_start\"><\/span><\/iframe><\/p>\n","protected":false},"excerpt":{"rendered":"<p>1. Tamanho: 2400*1500*2310 mm (pode ser personalizado)<\/p>\n<p>2. Lane Width: 650 mm (can be customized)<\/p>\n<p>3. Material da caixa: a\u00e7o inoxid\u00e1vel 304 ou a\u00e7o inoxid\u00e1vel 316<\/p>\n<p>4. Passing speed: 30 person\/min<\/p>\n<p>5. Fonte de alimenta\u00e7\u00e3o: 110 V\/220 V 50\/60 Hz<\/p>\n<p>6. Solen\u00f3ide de catraca dupla de altura total: DC24V<\/p>\n<p>7. Sinal de port\u00e3o aberto: contato seco\/rel\u00e9<\/p>\n<p>8. Logic Voltage: DC24V<\/p>\n<p>9. Dire\u00e7\u00e3o de rota\u00e7\u00e3o: Bidirecional\/Simplesmente direcional<\/p>\n<p><strong><a title=\"Torniquete de altura total com certifica\u00e7\u00e3o CE Mairs\" href=\"http:\/\/mairsturnstile.com\/wp-content\/uploads\/2022\/09\/Mairs-CE-Certificate-Full-Height-Turnstile.pdf\" target=\"_blank\" rel=\"noopener noreferrer\">Certificado CE,<\/a> <a title=\"Certificado Mairs ISO9001\" href=\"http:\/\/mairsturnstile.com\/wp-content\/uploads\/2022\/09\/Mairs-Registration-Certificate-ISO9001.pdf\" target=\"_blank\" rel=\"noopener noreferrer\">Certificado ISO9001.<\/a><\/strong><\/p>\n<p><a title=\"Folheto de catraca dupla de altura total\" href=\"http:\/\/mairsturnstile.com\/wp-content\/uploads\/2023\/12\/MT402-2-brochure.pdf\" target=\"_blank\" rel=\"noopener noreferrer\"><img decoding=\"async\" class=\"alignnone size-full wp-image-11034\" src=\"http:\/\/mairsturnstile.com\/wp-content\/uploads\/2022\/09\/pdf-MairsTurnstile.png\" alt=\"\" width=\"32\" height=\"32\"><span style=\"color: #0000ff;\"><strong>Folheto da catraca dupla de altura total MT402-2<\/strong><\/span><\/a><\/p>\n<p><a title=\"Manual de instala\u00e7\u00e3o da catraca de altura total\" href=\"http:\/\/mairsturnstile.com\/wp-content\/uploads\/2023\/09\/Full-height-turnstile-installation-manual.pdf\" target=\"_blank\" rel=\"noopener noreferrer\"><img decoding=\"async\" class=\"alignnone size-full wp-image-11034\" src=\"http:\/\/mairsturnstile.com\/wp-content\/uploads\/2022\/09\/pdf-MairsTurnstile.png\" alt=\"\" width=\"32\" height=\"32\"><strong><span style=\"color: #0000ff;\"> Manual de instala\u00e7\u00e3o e usu\u00e1rio da catraca de altura total<\/span><\/strong><\/a><\/p>\n","protected":false},"featured_media":34453,"comment_status":"closed","ping_status":"closed","template":"","meta":{"neve_meta_sidebar":"","neve_meta_container":"","neve_meta_enable_content_width":"off","neve_meta_content_width":0,"neve_meta_title_alignment":"","neve_meta_author_avatar":"","neve_post_elements_order":"","neve_meta_disable_header":"","neve_meta_disable_footer":"","neve_meta_disable_title":"","_ti_tpc_template_sync":false,"_ti_tpc_template_id":""},"product_cat":[2014,2017],"product_tag":[2196,2667,2664,2669,2670,2668],"class_list":["post-34452","product","type-product","status-publish","has-post-thumbnail","hentry","product_cat-torniquetes-de-altura-total","product_cat-torniquetes-de-seguranca","product_tag-catraca-de-altura-total","product_tag-catraca-de-altura-total-singapura","product_tag-catracas-industriais","product_tag-portao-catraca-singapura","product_tag-torniquete-duplo-de-altura-total","product_tag-torniquetes-industriais-de-altura-total"],"_links":{"self":[{"href":"https:\/\/mairsturnstile.com\/pt\/wp-json\/wp\/v2\/product\/34452","targetHints":{"allow":["GET"]}}],"collection":[{"href":"https:\/\/mairsturnstile.com\/pt\/wp-json\/wp\/v2\/product"}],"about":[{"href":"https:\/\/mairsturnstile.com\/pt\/wp-json\/wp\/v2\/types\/product"}],"replies":[{"embeddable":true,"href":"https:\/\/mairsturnstile.com\/pt\/wp-json\/wp\/v2\/comments?post=34452"}],"version-history":[{"count":0,"href":"https:\/\/mairsturnstile.com\/pt\/wp-json\/wp\/v2\/product\/34452\/revisions"}],"wp:featuredmedia":[{"embeddable":true,"href":"https:\/\/mairsturnstile.com\/pt\/wp-json\/wp\/v2\/media\/34453"}],"wp:attachment":[{"href":"https:\/\/mairsturnstile.com\/pt\/wp-json\/wp\/v2\/media?parent=34452"}],"wp:term":[{"taxonomy":"product_cat","embeddable":true,"href":"https:\/\/mairsturnstile.com\/pt\/wp-json\/wp\/v2\/product_cat?post=34452"},{"taxonomy":"product_tag","embeddable":true,"href":"https:\/\/mairsturnstile.com\/pt\/wp-json\/wp\/v2\/product_tag?post=34452"}],"curies":[{"name":"wp","href":"https:\/\/api.w.org\/{rel}","templated":true}]}}