{"id":34464,"date":"2020-09-12T18:42:47","date_gmt":"2020-09-12T10:42:47","guid":{"rendered":"https:\/\/mairsturnstile.com\/product\/portao-de-catraca-de-altura-total-revestida-em-po-mt402-2-b"},"modified":"2024-10-31T12:22:00","modified_gmt":"2024-10-31T04:22:00","slug":"catraca-gate-mt402-2-b-de-altura-total","status":"publish","type":"product","link":"https:\/\/mairsturnstile.com\/pt\/product\/catraca-gate-mt402-2-b-de-altura-total","title":{"rendered":"NOVO TORNIQUETE DE ALTURA TOTAL"},"content":{"rendered":"        <!-- 3D Model html -->\r\n        <div class=\"bp_grand wrapper_51811\">   \r\n        <div class=\"bp_model_parent\">\r\n            <model-viewer class=\"model\" id=\"bp_model_id_51811\" src=\"http:\/\/mairsturnstile.com\/wp-content\/uploads\/2024\/09\/MT-LX400-2.glb\" alt=\"MT-LX400-2\" camera-controls  loading=\"auto\" auto-rotate                        >\r\n            <\/model-viewer>\r\n        \r\n            <!-- Button -->\r\n            <svg id=\"openBtn\" width=\"30px\" height=\"30px\" viewBox=\"0 0 16 16\" xmlns=\"http:\/\/www.w3.org\/2000\/svg\" fill=\"#f2f2f2\" class=\"bi bi-arrows-fullscreen model-icon\">\r\n                <path fill-rule=\"evenodd\" d=\"M5.828 10.172a.5.5 0 0 0-.707 0l-4.096 4.096V11.5a.5.5 0 0 0-1 0v3.975a.5.5 0 0 0 .5.5H4.5a.5.5 0 0 0 0-1H1.732l4.096-4.096a.5.5 0 0 0 0-.707zm4.344 0a.5.5 0 0 1 .707 0l4.096 4.096V11.5a.5.5 0 1 1 1 0v3.975a.5.5 0 0 1-.5.5H11.5a.5.5 0 0 1 0-1h2.768l-4.096-4.096a.5.5 0 0 1 0-.707zm0-4.344a.5.5 0 0 0 .707 0l4.096-4.096V4.5a.5.5 0 1 0 1 0V.525a.5.5 0 0 0-.5-.5H11.5a.5.5 0 0 0 0 1h2.768l-4.096 4.096a.5.5 0 0 0 0 .707zm-4.344 0a.5.5 0 0 1-.707 0L1.025 1.732V4.5a.5.5 0 0 1-1 0V.525a.5.5 0 0 1 .5-.5H4.5a.5.5 0 0 1 0 1H1.732l4.096 4.096a.5.5 0 0 1 0 .707z\"\/>\r\n            <\/svg>\r\n        \r\n            <svg id=\"closeBtn\" class=\"model-icon\" width=\"34px\" height=\"34px\" viewBox=\"0 0 24 24\" xmlns=\"http:\/\/www.w3.org\/2000\/svg\">\r\n                <path fill=\"none\" stroke=\"#f2f2f2\" stroke-width=\"2\" d=\"M7,7 L17,17 M7,17 L17,7\"\/>\r\n            <\/svg>\r\n        \r\n        <\/div>\r\n        <\/div> \r\n\r\n        <!-- Model Viewer Style -->\r\n        <style>\r\n            \r\n            .wrapper_51811 .bp_model_parent, #bp_model_id_51811 {\r\n                width: 1150px;\r\n                max-width: 100%;\r\n                                            }\r\n            #bp_model_id_51811 {\r\n                height:700px;\r\n                background-color: #f9f9f9;\r\n            }\r\n            .fullscreen #bp_model_id_51811{\r\n            height: 100%;\r\n            width: 100%;\r\n            }\r\n            .wrapper_51811 .bp_model_parent{\r\n                justify-content: start            }\r\n            model-viewer.model {\r\n                --poster-color: transparent;\r\n            }\r\n        <\/style>\r\n        \r\n        \n<h2>A catraca de altura total tem 2 anos de garantia e suporte dur\u00e1vel para manuten\u00e7\u00e3o e reparo.<\/h2>\n<p>Podemos fornecer servi\u00e7os OEM e ODM, incluindo personaliza\u00e7\u00e3o de cor, estilo, material, tamanho, etc. por exemplo, para uma cor especial, o cliente s\u00f3 precisa nos fornecer um n\u00famero <a href=\"https:\/\/en.wikipedia.org\/wiki\/Pantone\" target=\"_blank\" rel=\"noopener\">Pantone<\/a>, e ajustaremos a cor de acordo com o Pantone n\u00famero e pulverize o p\u00f3 na mesma cor. Caso o cliente tenha necessidades de ODM, tamb\u00e9m podemos projetar um estilo para este cliente de acordo com a apar\u00eancia e prefer\u00eancias de tamanho do cliente, sem vendas externas. Esta catraca especial ser\u00e1 o \u00fanico estilo exclusivo da sua empresa no mercado.<\/p>\n<p>Lan\u00e7\u00e1mos tamb\u00e9m uma nova s\u00e9rie de torniquetes de altura total com um aspeto elegante e uma estrutura robusta. Verificar: <a href=\"\" target=\"\" rel=\"noopener\">s\u00e9rie de torniquetes de altura total<\/a> <\/p>\n<p>Mairs promete usar apenas acess\u00f3rios e materiais de alta qualidade, e cada um de nossos acess\u00f3rios \u00e9 rigorosamente selecionado e com qualidade controlada. S\u00f3 assim podemos fazer uma catraca que realmente satisfa\u00e7a os clientes. Cada uma de nossas catracas de altura total adota a\u00e7o inoxid\u00e1vel 304 com espessura total de 1,0. Claro, se voc\u00ea tamb\u00e9m pode personalizar a\u00e7o inoxid\u00e1vel 316 ou a\u00e7o inoxid\u00e1vel de 1,2 espessura, o mecanismo da nossa catraca de altura total foi testado e verificado por n\u00f3s in\u00fameras vezes, o que tamb\u00e9m \u00e9 o requisito mais b\u00e1sico para garantirmos a qualidade.<\/p>\n<p>Cada parte de nossas catracas de altura total adota os mais altos padr\u00f5es do setor, e cada pe\u00e7a e material de nossos produtos pode ser exibido e testado separadamente para os clientes. Esta \u00e9 tamb\u00e9m uma premissa para garantirmos qualidade e servi\u00e7o.<\/p>\n<p>Todos os nossos produtos t\u00eam garantia de 2 anos e suporte dur\u00e1vel de manuten\u00e7\u00e3o e reparo. Tamb\u00e9m fornecemos dispositivos biom\u00e9tricos, como leitores de cart\u00f5es IC\/ID, leitores de impress\u00e3o digital, leitores de c\u00f3digo QR, c\u00e2meras de reconhecimento facial e assim por diante.<\/p>\n<h4><strong>Porta de torniquete de altura total<\/strong> Leitor de cart\u00f5es RFID Porta de torniquete de entrada rotativa de seguran\u00e7a para GYM.<\/h4>\n<p><strong>A catraca de altura total \u00e9 uma catraca para pedestres de alto custo com o melhor desempenho de seguran\u00e7a atualmente. Possui alta seguran\u00e7a e uma estrutura especial. Geralmente \u00e9 utilizado em locais com altos n\u00edveis de seguran\u00e7a, como pris\u00f5es e delegacias, etc. Um torniquete de altura total pode ser dividido em torniquete de altura total de via \u00fanica e torniquete de altura total de via dupla (tamb\u00e9m designado por torniquete duplo de altura total).<\/strong> Tamb\u00e9m podem ser feitos tr\u00eas canais ou mais, mas precisa ser customizado de acordo com a necessidade do site.<\/p>\n<p>Estes<a href=\"https:\/\/mairsturnstile.com\/full-height-turnstiles.html\" target=\"_blank\" rel=\"noopener\"> torniquetes de altura total<\/a> em a\u00e7o inoxid\u00e1vel 304 proporcionam uma forma est\u00e1vel e eficiente de garantir que apenas as pessoas autorizadas t\u00eam acesso a cada \u00e1rea de um edif\u00edcio. Fabricantes de catracas de altura total &#8211; Mairs oferece a melhor catraca de altura total pelo pre\u00e7o mais barato.<\/p>\n\n        \t\n\t<style type=\"text\/css\">\n\t\t.slider-info-52019.bafg-slider-info .bafg-slider-title {\n\t\t\t\t\t\tfont-size: 22px;\n\t\t\t\t\t\t\n\t\t\t\n\t\t\t\t\t}\n\n\t\t.slider-info-52019.bafg-slider-info .bafg-slider-description {\n\t\t\t\n\t\t\t\n\t\t\t\t\t}\n\n\t\t.slider-info-52019.bafg-slider-info .bafg_slider_readmore_button {\n\t\t\t\n\t\t\t\n\t\t\t\n\t\t\t\n\t\t\t\n\t\t\ttext-align: center;\n\n\t\t\t\n\t\t\t\n\t\t\t\n\t\t\t\n\t\t\t\n\t\t\t\n\t\t\t\t\t}\n\n\t\t.slider-info-52019.bafg-slider-info .bafg_slider_readmore_button:hover {\n\n\t\t\t\n\t\t\t\n\t\t\t\t\t}\n\n\t<\/style>\n\t\n        <div class=\"bafg-twentytwenty-container slider-52019 \" bafg-orientation=\"horizontal\" bafg-default-offset=\"0.5\" bafg-before-label=\"Before\" bafg-after-label=\"After\" bafg-overlay=\"yes\" bafg-move-slider-on-hover=\"yes\" bafg-click-to-move=\"no\">\n              \n            <img decoding=\"async\" class=\"skip-lazy\" src=\"http:\/\/mairsturnstile.com\/wp-content\/uploads\/2024\/09\/lx-series-full-height-double-turnstile-MT-LX402-6.jpg\" alt=\"\" data-skip-lazy title=\"\">\n            <img decoding=\"async\" class=\"skip-lazy\" src=\"http:\/\/mairsturnstile.com\/wp-content\/uploads\/2024\/09\/lx-series-full-height-double-turnstile-MT-LX402-5.jpg\" alt=\"\" data-skip-lazy title=\"\">\n           \n        <\/div>\n\n        \t<div class=\"bafg-slider-info-wraper\">\n\t\t<div style=\"\" class=\"slider-info-52019 bafg-slider-info\">\n\t\t\t\t\t<\/div>\n\t<\/div>\n\t\n        <style type=\"text\/css\">\n            \n        <\/style>\n        \n<p>Tamb\u00e9m podemos criar uma renderiza\u00e7\u00e3o para voc\u00ea em poucos minutos com base no seu cen\u00e1rio real. Tamb\u00e9m fornecemos layout e desenhos detalhados, bem como desenhos de instala\u00e7\u00e3o.<\/p>\n<p>A porta da catraca de altura total pode efetivamente resolver as lacunas no gerenciamento de controle de acesso de pedestres da porta da catraca do trip\u00e9 e evitar que as pessoas perfurem sob a haste. Como a haste de comuta\u00e7\u00e3o das catracas de altura total \u00e9 relativamente alta, os efeitos anti-escalada e anti-perfura\u00e7\u00e3o s\u00e3o relativamente bons.<\/p>\n<p>Devido \u00e0s suas vantagens \u00fanicas, as catracas de altura total s\u00e3o frequentemente utilizadas em \u00e1reas de controle mais r\u00edgidos. Torniquetes de altura total s\u00e3o usadas principalmente em f\u00e1bricas, canteiros de obras, pris\u00f5es, empresas, institui\u00e7\u00f5es, esta\u00e7\u00f5es ferrovi\u00e1rias, rodovi\u00e1rias, aeroportos e outros locais. Sua fun\u00e7\u00e3o anti-cauda \u00e9 particularmente forte. Ao mesmo tempo, \u00e9 muito alto. As pessoas n\u00e3o podem cruzar isso. A catraca de altura total possui grande seguran\u00e7a. A comunidade tamb\u00e9m pode utilizar catracas de altura total, que s\u00e3o relativamente est\u00e1veis.<\/p>\n<p>Este <strong>port\u00e3o com torniquete de altura total<\/strong> \u00e9 de via dupla, concebido para controlar a entrada e sa\u00edda de pe\u00f5es, e adopta ferro com tratamento de superf\u00edcie <a href=\"https:\/\/en.wikipedia.org\/wiki\/Powder_coating\" target=\"_blank\" rel=\"noopener\">de revestimento em p\u00f3<\/a> preto. \u00c9 um design \u00e0 prova de poeira, ferrugem e chuva, adequado para uso interno e externo. \u00c9 f\u00e1cil de integrar com outros dispositivos de leitura\/grava\u00e7\u00e3o e \u00e9 amplamente utilizado para aplica\u00e7\u00f5es como est\u00e1dios de eventos, apartamentos, academias, museus, esta\u00e7\u00f5es, comunidades e f\u00e1bricas, etc. Usando a interface el\u00e9trica padr\u00e3o, compat\u00edvel com cart\u00e3o ID\/IC, impress\u00e3o digital, reconhecimento facial, detector infravermelho, controlador de temperatura, c\u00f3digo de barras\/c\u00f3digo QR, aplicativo de telefone, sistema ESD, sistema de visitante, etc.<\/p>\n<ul>\n<li>O <strong>torniquete de altura total<\/strong> \u00e9 frequentemente utilizado para solu\u00e7\u00f5es de controlo de acesso de alta seguran\u00e7a.<\/li>\n<li>O material do corpo \u00e9 de a\u00e7o inoxid\u00e1vel 304, que \u00e9 antiferrugem, dur\u00e1vel e possui alta resist\u00eancia.<\/li>\n<li>O port\u00e3o torniquete de altura total \u00e9 adequado para ambientes internos e externos.<\/li>\n<li>Com fun\u00e7\u00e3o anti-reversa, pare a dire\u00e7\u00e3o invertida.<\/li>\n<li>Para atender aos requisitos de controle de emerg\u00eancia, a catraca abrir\u00e1 automaticamente quando a energia for desligada.<\/li>\n<li>Todo o sistema funciona perfeitamente, com desempenho de longa dura\u00e7\u00e3o, alta confiabilidade operacional e resposta r\u00e1pida.<\/li>\n<li>O mecanismo est\u00e1 equipado com um amortecedor hidr\u00e1ulico de alta qualidade. Com este dispositivo, o ru\u00eddo de funcionamento \u00e9 muito baixo e \u00e9 mais suave.<\/li>\n<li>Fun\u00e7\u00e3o de autoteste, o port\u00e3o ser\u00e1 restaurado automaticamente quando a energia estiver ligada.<\/li>\n<li>Sentido de rota\u00e7\u00e3o: dire\u00e7\u00e3o bidirecional\/\u00fanica<\/li>\n<li>Pode ser uma dire\u00e7\u00e3o \u00fanica ou dupla.<\/li>\n<li>\u00danico direcional ou bidirecional \u00e9 opcional.<\/li>\n<li>Com luz indicadora LED.<\/li>\n<li>Communication interface: RS485<\/li>\n<li>Pode ser controlado por um controle remoto e gerenciado diretamente pelo computador.<\/li>\n<li>Em caso de falha de energia, a pista da catraca ficar\u00e1 de livre acesso, atendendo \u00e0s exig\u00eancias de seguran\u00e7a contra inc\u00eandio.<\/li>\n<li>O tamanho\/desenho do port\u00e3o pode ser personalizado com base no desenho do cliente.<\/li>\n<li>O tamanho pode ser ajustado para atender aos requisitos em diferentes locais.<\/li>\n<\/ul>\n<p><iframe title=\"Reprodutor de v\u00eddeo do YouTube\" src=\"https:\/\/www.youtube.com\/embed\/XyxFKnS3Br0\" width=\"1150\" height=\"650\" frameborder=\"0\" allowfullscreen=\"allowfullscreen\"><\/iframe><\/p>\n","protected":false},"excerpt":{"rendered":"<p>1. Tamanho: 2400*1500*2350 mm (pode ser personalizado)<\/p>\n<p>2. Lane Width: 650 mm (can be customized)<\/p>\n<p>3. Material: a\u00e7o inoxid\u00e1vel 304 ou a\u00e7o inoxid\u00e1vel 316<\/p>\n<p>4. Passing speed: 30 person\/min<\/p>\n<p>5. Fonte de alimenta\u00e7\u00e3o: 110 V\/220 V 50\/60 Hz<\/p>\n<p>6. Solen\u00f3ide de port\u00e3o de catraca de altura total: DC24V<\/p>\n<p>7. Sinal de port\u00e3o aberto: contato seco\/rel\u00e9<\/p>\n<p>8. Logic Voltage: DC24V<\/p>\n<p>9. Material: Ferro com revestimento em p\u00f3 preto<\/p>\n<p><span style=\"color: #0000ff;\"><strong><a style=\"color: #0000ff;\" title=\"Torniquete de altura total com certifica\u00e7\u00e3o CE Mairs\" href=\"http:\/\/mairsturnstile.com\/wp-content\/uploads\/2022\/09\/Mairs-CE-Certificate-Full-Height-Turnstile.pdf\" target=\"_blank\" rel=\"noopener noreferrer\">Certificado CE,<\/a> <a style=\"color: #0000ff;\" title=\"Certificado Mairs ISO9001\" href=\"http:\/\/mairsturnstile.com\/wp-content\/uploads\/2022\/09\/Mairs-Registration-Certificate-ISO9001.pdf\" target=\"_blank\" rel=\"noopener noreferrer\">Certificado ISO9001.<\/a><\/strong><\/span><\/p>\n<p><a title=\"Manual de instala\u00e7\u00e3o da catraca de altura total\" href=\"http:\/\/mairsturnstile.com\/wp-content\/uploads\/2023\/09\/Full-height-turnstile-installation-manual.pdf\" target=\"_blank\" rel=\"noopener noreferrer\"><img decoding=\"async\" class=\"alignnone size-full wp-image-11034\" src=\"http:\/\/mairsturnstile.com\/wp-content\/uploads\/2022\/09\/pdf-MairsTurnstile.png\" alt=\"\" width=\"32\" height=\"32\"><strong><span style=\"color: #0000ff;\"> Manual de instala\u00e7\u00e3o e usu\u00e1rio da catraca de altura total<\/span><\/strong><\/a><\/p>\n","protected":false},"featured_media":57368,"comment_status":"closed","ping_status":"closed","template":"","meta":{"neve_meta_sidebar":"","neve_meta_container":"","neve_meta_enable_content_width":"off","neve_meta_content_width":0,"neve_meta_title_alignment":"","neve_meta_author_avatar":"","neve_post_elements_order":"","neve_meta_disable_header":"","neve_meta_disable_footer":"","neve_meta_disable_title":"","_ti_tpc_template_sync":false,"_ti_tpc_template_id":""},"product_cat":[2014,2017],"product_tag":[2671,2109,2142,2672,2115,2117,2657],"class_list":["post-34464","product","type-product","status-publish","has-post-thumbnail","hentry","product_cat-torniquetes-de-altura-total","product_cat-torniquetes-de-seguranca","product_tag-fabricantes-de-catracas-de-altura-total","product_tag-portao-de-catraca","product_tag-portao-de-torniquete-de-altura-total","product_tag-preco-de-catraca-de-altura-total","product_tag-quanto-custa-uma-catraca","product_tag-turnstile-cost-pt","product_tag-vendo-catraca-de-altura-total"],"_links":{"self":[{"href":"https:\/\/mairsturnstile.com\/pt\/wp-json\/wp\/v2\/product\/34464","targetHints":{"allow":["GET"]}}],"collection":[{"href":"https:\/\/mairsturnstile.com\/pt\/wp-json\/wp\/v2\/product"}],"about":[{"href":"https:\/\/mairsturnstile.com\/pt\/wp-json\/wp\/v2\/types\/product"}],"replies":[{"embeddable":true,"href":"https:\/\/mairsturnstile.com\/pt\/wp-json\/wp\/v2\/comments?post=34464"}],"version-history":[{"count":0,"href":"https:\/\/mairsturnstile.com\/pt\/wp-json\/wp\/v2\/product\/34464\/revisions"}],"wp:featuredmedia":[{"embeddable":true,"href":"https:\/\/mairsturnstile.com\/pt\/wp-json\/wp\/v2\/media\/57368"}],"wp:attachment":[{"href":"https:\/\/mairsturnstile.com\/pt\/wp-json\/wp\/v2\/media?parent=34464"}],"wp:term":[{"taxonomy":"product_cat","embeddable":true,"href":"https:\/\/mairsturnstile.com\/pt\/wp-json\/wp\/v2\/product_cat?post=34464"},{"taxonomy":"product_tag","embeddable":true,"href":"https:\/\/mairsturnstile.com\/pt\/wp-json\/wp\/v2\/product_tag?post=34464"}],"curies":[{"name":"wp","href":"https:\/\/api.w.org\/{rel}","templated":true}]}}