{"id":34475,"date":"2020-09-12T18:44:26","date_gmt":"2020-09-12T10:44:26","guid":{"rendered":"https:\/\/mairsturnstile.com\/product\/melhores-catracas-para-estadios-de-futebol-a-venda-mt402-3"},"modified":"2024-10-31T12:20:51","modified_gmt":"2024-10-31T04:20:51","slug":"catracas-de-estadio-de-futebol","status":"publish","type":"product","link":"https:\/\/mairsturnstile.com\/pt\/product\/catracas-de-estadio-de-futebol","title":{"rendered":"Port\u00e3o dos torniquetes do est\u00e1dio de futebol Quality"},"content":{"rendered":"        <!-- 3D Model html -->\r\n        <div class=\"bp_grand wrapper_19981\">   \r\n        <div class=\"bp_model_parent\">\r\n            <model-viewer class=\"model\" id=\"bp_model_id_19981\" src=\"http:\/\/mairsturnstile.com\/wp-content\/uploads\/2023\/06\/MT402-3.glb\" alt=\"MT402-3\" camera-controls  loading=\"auto\" auto-rotate                        >\r\n            <\/model-viewer>\r\n        \r\n            <!-- Button -->\r\n            <svg id=\"openBtn\" width=\"30px\" height=\"30px\" viewBox=\"0 0 16 16\" xmlns=\"http:\/\/www.w3.org\/2000\/svg\" fill=\"#f2f2f2\" class=\"bi bi-arrows-fullscreen model-icon\">\r\n                <path fill-rule=\"evenodd\" d=\"M5.828 10.172a.5.5 0 0 0-.707 0l-4.096 4.096V11.5a.5.5 0 0 0-1 0v3.975a.5.5 0 0 0 .5.5H4.5a.5.5 0 0 0 0-1H1.732l4.096-4.096a.5.5 0 0 0 0-.707zm4.344 0a.5.5 0 0 1 .707 0l4.096 4.096V11.5a.5.5 0 1 1 1 0v3.975a.5.5 0 0 1-.5.5H11.5a.5.5 0 0 1 0-1h2.768l-4.096-4.096a.5.5 0 0 1 0-.707zm0-4.344a.5.5 0 0 0 .707 0l4.096-4.096V4.5a.5.5 0 1 0 1 0V.525a.5.5 0 0 0-.5-.5H11.5a.5.5 0 0 0 0 1h2.768l-4.096 4.096a.5.5 0 0 0 0 .707zm-4.344 0a.5.5 0 0 1-.707 0L1.025 1.732V4.5a.5.5 0 0 1-1 0V.525a.5.5 0 0 1 .5-.5H4.5a.5.5 0 0 1 0 1H1.732l4.096 4.096a.5.5 0 0 1 0 .707z\"\/>\r\n            <\/svg>\r\n        \r\n            <svg id=\"closeBtn\" class=\"model-icon\" width=\"34px\" height=\"34px\" viewBox=\"0 0 24 24\" xmlns=\"http:\/\/www.w3.org\/2000\/svg\">\r\n                <path fill=\"none\" stroke=\"#f2f2f2\" stroke-width=\"2\" d=\"M7,7 L17,17 M7,17 L17,7\"\/>\r\n            <\/svg>\r\n        \r\n        <\/div>\r\n        <\/div> \r\n\r\n        <!-- Model Viewer Style -->\r\n        <style>\r\n            \r\n            .wrapper_19981 .bp_model_parent, #bp_model_id_19981 {\r\n                width: 1150px;\r\n                max-width: 100%;\r\n                                            }\r\n            #bp_model_id_19981 {\r\n                height:700px;\r\n                background-color: #f2f2f2;\r\n            }\r\n            .fullscreen #bp_model_id_19981{\r\n            height: 100%;\r\n            width: 100%;\r\n            }\r\n            .wrapper_19981 .bp_model_parent{\r\n                justify-content: start            }\r\n            model-viewer.model {\r\n                --poster-color: transparent;\r\n            }\r\n        <\/style>\r\n        \r\n        \n<p>Os torniquetes para est\u00e1dios de futebol s\u00e3o um tipo de dispositivo de controlo de acesso el\u00e9trico utilizado em campos de futebol, recintos desportivos ou outros eventos de grande escala. Pode efetivamente impedir a entrada ou sa\u00edda de pessoal n\u00e3o autorizado do est\u00e1dio.  Os torniquetes para est\u00e1dios de futebol s\u00e3o fornecidos em v\u00e1rios estilos, consistindo normalmente em dois ou tr\u00eas torniquetes rotativos de altura total com uma altura de 2,5 a 3 metros, formando v\u00e1rios canais. Os torniquetes para est\u00e1dios de futebol tamb\u00e9m podem ser utilizados em conjunto com muitos outros dispositivos de seguran\u00e7a, como o reconhecimento facial, leitores de cart\u00f5es, leitores de impress\u00f5es digitais, etc., para garantir um n\u00edvel de seguran\u00e7a mais elevado. <\/p>\n<p>We can provide OEM and ODM services. Tamb\u00e9m fornecemos dispositivos biom\u00e9tricos, como leitores de cart\u00f5es IC\/ID, leitores de impress\u00e3o digital, leitores de c\u00f3digo QR, c\u00e2meras de reconhecimento facial e assim por diante. Lan\u00e7\u00e1mos tamb\u00e9m uma nova s\u00e9rie de torniquetes de altura total com um aspeto elegante e uma estrutura robusta. Verificar: <a href=\"\" target=\"\" rel=\"noopener\">s\u00e9rie de torniquetes de altura total<\/a> <\/p>\n<p>O funcionamento do torniquete de futebol \u00e9 muito simples. Quando os espectadores ou o pessoal precisam de entrar no est\u00e1dio, t\u00eam de verificar a sua identidade fornecendo um c\u00f3digo QR, documentos de identifica\u00e7\u00e3o ou outros meios de identifica\u00e7\u00e3o. Em seguida, uma vez autorizado, o torniquete de futebol abre-se e estas pessoas podem entrar no recinto. O mesmo processo aplica-se \u00e0 sua sa\u00edda do recinto.   <\/p>\n<p>Estes<a href=\"https:\/\/mairsturnstile.com\/full-height-turnstiles.html\" target=\"_blank\" rel=\"noopener\"> torniquetes de altura total<\/a> em a\u00e7o inoxid\u00e1vel 304 proporcionam uma forma est\u00e1vel e eficiente de garantir que apenas as pessoas autorizadas t\u00eam acesso a cada \u00e1rea de um edif\u00edcio.<\/p>\n<p>Essas catracas para est\u00e1dios de futebol s\u00e3o de faixa dupla, projetadas para controlar a entrada e sa\u00edda de pedestres, adotando ferro com tratamento de superf\u00edcie com pintura eletrost\u00e1tica a p\u00f3 preto. \u00c9 um design \u00e0 prova de poeira, ferrugem e chuva, adequado para uso interno e externo. \u00c9 f\u00e1cil de integrar com outros dispositivos de leitura\/escrita, como uma c\u00e2mara <a href=\"https:\/\/en.wikipedia.org\/wiki\/Category:Face_recognition\" target=\"_blank\" rel=\"noopener\">de reconhecimento facial<\/a>, e \u00e9 amplamente utilizado para aplica\u00e7\u00f5es como est\u00e1dios para eventos, apartamentos, gin\u00e1sios, museus, esta\u00e7\u00f5es, comunidades e f\u00e1bricas, etc. A Mairs oferece as melhores catracas para est\u00e1dios de futebol.<\/p>\n\n        \t\n\t<style type=\"text\/css\">\n\t\t.slider-info-19992.bafg-slider-info .bafg-slider-title {\n\t\t\t\t\t\tfont-size: 22px;\n\t\t\t\t\t\t\n\t\t\t\n\t\t\t\t\t}\n\n\t\t.slider-info-19992.bafg-slider-info .bafg-slider-description {\n\t\t\t\n\t\t\t\n\t\t\t\t\t}\n\n\t\t.slider-info-19992.bafg-slider-info .bafg_slider_readmore_button {\n\t\t\t\n\t\t\t\n\t\t\t\n\t\t\t\n\t\t\t\n\t\t\ttext-align: center;\n\n\t\t\t\n\t\t\t\n\t\t\t\n\t\t\t\n\t\t\t\n\t\t\t\n\t\t\t\t\t}\n\n\t\t.slider-info-19992.bafg-slider-info .bafg_slider_readmore_button:hover {\n\n\t\t\t\n\t\t\t\n\t\t\t\t\t}\n\n\t<\/style>\n\t\n        <div class=\"bafg-twentytwenty-container slider-19992 \" bafg-orientation=\"horizontal\" bafg-default-offset=\"0.5\" bafg-before-label=\"Before\" bafg-after-label=\"After\" bafg-overlay=\"yes\" bafg-move-slider-on-hover=\"yes\" bafg-click-to-move=\"no\">\n              \n            <img decoding=\"async\" class=\"skip-lazy\" src=\"http:\/\/mairsturnstile.com\/wp-content\/uploads\/2024\/10\/construction-turnstiles-5.jpg\" alt=\"construction turnstiles\" data-skip-lazy title=\"\">\n            <img decoding=\"async\" class=\"skip-lazy\" src=\"http:\/\/mairsturnstile.com\/wp-content\/uploads\/2024\/10\/football-stadium-turnstiles-3.jpg\" alt=\"football stadium turnstiles\" data-skip-lazy title=\"\">\n           \n        <\/div>\n\n        \t<div class=\"bafg-slider-info-wraper\">\n\t\t<div style=\"\" class=\"slider-info-19992 bafg-slider-info\">\n\t\t\t\t\t<\/div>\n\t<\/div>\n\t\n        <style type=\"text\/css\">\n            \n        <\/style>\n        \n<p>Tamb\u00e9m podemos criar uma renderiza\u00e7\u00e3o para voc\u00ea em poucos minutos com base no seu cen\u00e1rio real. Tamb\u00e9m fornecemos layout e desenhos detalhados, bem como desenhos de instala\u00e7\u00e3o.<\/p>\n<ul>\n<li>Os torniquetes dos est\u00e1dios de futebol s\u00e3o frequentemente utilizados para solu\u00e7\u00f5es de controlo de acesso de alta seguran\u00e7a.<\/li>\n<li>O material do corpo \u00e9 de a\u00e7o inoxid\u00e1vel 304, que \u00e9 antiferrugem, dur\u00e1vel e possui alta resist\u00eancia. O bra\u00e7o \u00e9 do tipo U.<\/li>\n<li>As catracas de est\u00e1dios de futebol s\u00e3o adequadas para ambientes internos e externos.<\/li>\n<li>Pode ser uma dire\u00e7\u00e3o \u00fanica ou dupla.<\/li>\n<li>Para atender aos requisitos de controle de emerg\u00eancia, a catraca abrir\u00e1 automaticamente quando a energia for desligada.<\/li>\n<li>Todo o sistema funciona perfeitamente, com desempenho de longa dura\u00e7\u00e3o, alta confiabilidade operacional e resposta r\u00e1pida.<\/li>\n<li>O mecanismo est\u00e1 equipado com um amortecedor hidr\u00e1ulico de alta qualidade. Com este dispositivo, o ru\u00eddo de funcionamento \u00e9 muito baixo e \u00e9 mais suave.<\/li>\n<li>Fun\u00e7\u00e3o de autoteste, o port\u00e3o ser\u00e1 restaurado automaticamente quando a energia estiver ligada.<\/li>\n<li>O sentido de rota\u00e7\u00e3o: bidirecional\/\u00fanico direcional<\/li>\n<li>Pode ser controlado remotamente e gerenciado diretamente por um computador.<\/li>\n<li>As melhores catracas de est\u00e1dio de futebol \u00e0 venda.<\/li>\n<li>Unidirecional ou bidirecional \u00e9 opcional.<\/li>\n<li>Com luz indicadora LED.<\/li>\n<li>Pode ser controlado por um controle remoto e gerenciado diretamente por um computador.<\/li>\n<li>Em caso de falha de energia, a pista da catraca ficar\u00e1 de livre acesso, atendendo \u00e0s exig\u00eancias de seguran\u00e7a contra inc\u00eandio.<\/li>\n<li>O tamanho\/desenho do port\u00e3o pode ser personalizado com base no desenho do cliente.<\/li>\n<li>O tamanho pode ser ajustado para atender aos requisitos em diferentes locais.<\/li>\n<\/ul>\n<p>Podemos fornecer toda a solu\u00e7\u00e3o de controle de acesso de seguran\u00e7a. Se voc\u00ea possui seu pr\u00f3prio sistema de controle de acesso, pode utilizar diretamente nossa catraca. Se voc\u00ea n\u00e3o tiver um, tamb\u00e9m fornecemos uma solu\u00e7\u00e3o completa de controle de acesso de seguran\u00e7a. Consulte o v\u00eddeo abaixo para obter detalhes.<\/p>\n<p><iframe title=\"Reprodutor de v\u00eddeo do YouTube\" src=\"https:\/\/www.youtube.com\/embed\/XyxFKnS3Br0\" width=\"1150\" height=\"650\" frameborder=\"0\" allowfullscreen=\"allowfullscreen\"><span data-mce-type=\"bookmark\" style=\"display: inline-block; width: 0px; overflow: hidden; line-height: 0;\" class=\"mce_SELRES_start\"><\/span><\/iframe><\/p>\n","protected":false},"excerpt":{"rendered":"<p>1. Tamanho: 2400*1500*2310 mm (pode ser personalizado)<\/p>\n<p>2. Lane Width: 650 mm (can be customized)<\/p>\n<p>3. Velocidade de passagem: 30 pessoas\/min<\/p>\n<p>4. Fonte de alimenta\u00e7\u00e3o: 110 V\/220 V 50\/60 Hz<\/p>\n<p>5. Solen\u00f3ide de catraca de altura total: DC24V<\/p>\n<p>6. Sinal de port\u00e3o aberto: contato seco\/rel\u00e9<\/p>\n<p>7. Tens\u00e3o L\u00f3gica: DC24V<\/p>\n<p>8. Material da caixa: a\u00e7o inoxid\u00e1vel 304 ou a\u00e7o inoxid\u00e1vel 316<\/p>\n<p>9. Confiabilidade do mecanismo: 5 milh\u00f5es, sem culpa<\/p>\n<p><strong><a title=\"Torniquete de altura total com certifica\u00e7\u00e3o CE Mairs\" href=\"http:\/\/mairsturnstile.com\/wp-content\/uploads\/2022\/09\/Mairs-CE-Certificate-Full-Height-Turnstile.pdf\" target=\"_blank\" rel=\"noopener noreferrer\">Certificado CE,<\/a> <a title=\"Certificado Mairs ISO9001\" href=\"http:\/\/mairsturnstile.com\/wp-content\/uploads\/2022\/09\/Mairs-Registration-Certificate-ISO9001.pdf\" target=\"_blank\" rel=\"noopener noreferrer\">Certificado ISO9001.<\/a><\/strong><\/p>\n<p><a title=\"Folheto da porta do torniquete de altura total revestido a p\u00f3\" href=\"http:\/\/mairsturnstile.com\/wp-content\/uploads\/2023\/12\/MT402-3-brochure.pdf\" target=\"_blank\" rel=\"noopener noreferrer\"><img decoding=\"async\" class=\"alignnone size-full wp-image-11034\" src=\"http:\/\/mairsturnstile.com\/wp-content\/uploads\/2022\/09\/pdf-MairsTurnstile.png\" alt=\"\" width=\"32\" height=\"32\"><strong><span style=\"color: #0000ff;\">MT402-3 Folheto do torniquete duplo de altura total<\/span><\/strong><\/a><\/p>\n<p><a title=\"Manual de instala\u00e7\u00e3o da catraca de altura total\" href=\"http:\/\/mairsturnstile.com\/wp-content\/uploads\/2023\/09\/Full-height-turnstile-installation-manual.pdf\" target=\"_blank\" rel=\"noopener noreferrer\"><img decoding=\"async\" class=\"alignnone size-full wp-image-11034\" src=\"http:\/\/mairsturnstile.com\/wp-content\/uploads\/2022\/09\/pdf-MairsTurnstile.png\" alt=\"\" width=\"32\" height=\"32\"><strong><span style=\"color: #0000ff;\"> Manual de instala\u00e7\u00e3o e usu\u00e1rio da catraca de altura total<\/span><\/strong><\/a><\/p>\n","protected":false},"featured_media":34480,"comment_status":"closed","ping_status":"closed","template":"","meta":{"neve_meta_sidebar":"","neve_meta_container":"","neve_meta_enable_content_width":"off","neve_meta_content_width":0,"neve_meta_title_alignment":"","neve_meta_author_avatar":"","neve_post_elements_order":"","neve_meta_disable_header":"","neve_meta_disable_footer":"","neve_meta_disable_title":"","_ti_tpc_template_sync":false,"_ti_tpc_template_id":""},"product_cat":[2014,2017],"product_tag":[2143,2673,2674,2675],"class_list":["post-34475","product","type-product","status-publish","has-post-thumbnail","hentry","product_cat-torniquetes-de-altura-total","product_cat-torniquetes-de-seguranca","product_tag-catracas-de-altura-total","product_tag-catracas-de-estadio-de-futebol","product_tag-catracas-de-futebol","product_tag-catracas-de-futebol-a-venda"],"_links":{"self":[{"href":"https:\/\/mairsturnstile.com\/pt\/wp-json\/wp\/v2\/product\/34475","targetHints":{"allow":["GET"]}}],"collection":[{"href":"https:\/\/mairsturnstile.com\/pt\/wp-json\/wp\/v2\/product"}],"about":[{"href":"https:\/\/mairsturnstile.com\/pt\/wp-json\/wp\/v2\/types\/product"}],"replies":[{"embeddable":true,"href":"https:\/\/mairsturnstile.com\/pt\/wp-json\/wp\/v2\/comments?post=34475"}],"version-history":[{"count":0,"href":"https:\/\/mairsturnstile.com\/pt\/wp-json\/wp\/v2\/product\/34475\/revisions"}],"wp:featuredmedia":[{"embeddable":true,"href":"https:\/\/mairsturnstile.com\/pt\/wp-json\/wp\/v2\/media\/34480"}],"wp:attachment":[{"href":"https:\/\/mairsturnstile.com\/pt\/wp-json\/wp\/v2\/media?parent=34475"}],"wp:term":[{"taxonomy":"product_cat","embeddable":true,"href":"https:\/\/mairsturnstile.com\/pt\/wp-json\/wp\/v2\/product_cat?post=34475"},{"taxonomy":"product_tag","embeddable":true,"href":"https:\/\/mairsturnstile.com\/pt\/wp-json\/wp\/v2\/product_tag?post=34475"}],"curies":[{"name":"wp","href":"https:\/\/api.w.org\/{rel}","templated":true}]}}