{"id":34506,"date":"2020-09-12T18:49:25","date_gmt":"2020-09-12T10:49:25","guid":{"rendered":"https:\/\/mairsturnstile.com\/product\/tornica-de-entrada-de-funcionarios-mt408"},"modified":"2024-10-31T12:15:24","modified_gmt":"2024-10-31T04:15:24","slug":"catraca-de-entrada-de-funcionarios","status":"publish","type":"product","link":"https:\/\/mairsturnstile.com\/pt\/product\/catraca-de-entrada-de-funcionarios","title":{"rendered":"PORT\u00c3O DO TORNIQUETE DE ENTRADA DOS EMPREGADOS"},"content":{"rendered":"        <!-- 3D Model html -->\r\n        <div class=\"bp_grand wrapper_21819\">   \r\n        <div class=\"bp_model_parent\">\r\n            <model-viewer class=\"model\" id=\"bp_model_id_21819\" src=\"http:\/\/mairsturnstile.com\/wp-content\/uploads\/2023\/06\/MT408.glb\" alt=\"MT408\" camera-controls  loading=\"auto\" auto-rotate                        >\r\n            <\/model-viewer>\r\n        \r\n            <!-- Button -->\r\n            <svg id=\"openBtn\" width=\"30px\" height=\"30px\" viewBox=\"0 0 16 16\" xmlns=\"http:\/\/www.w3.org\/2000\/svg\" fill=\"#f2f2f2\" class=\"bi bi-arrows-fullscreen model-icon\">\r\n                <path fill-rule=\"evenodd\" d=\"M5.828 10.172a.5.5 0 0 0-.707 0l-4.096 4.096V11.5a.5.5 0 0 0-1 0v3.975a.5.5 0 0 0 .5.5H4.5a.5.5 0 0 0 0-1H1.732l4.096-4.096a.5.5 0 0 0 0-.707zm4.344 0a.5.5 0 0 1 .707 0l4.096 4.096V11.5a.5.5 0 1 1 1 0v3.975a.5.5 0 0 1-.5.5H11.5a.5.5 0 0 1 0-1h2.768l-4.096-4.096a.5.5 0 0 1 0-.707zm0-4.344a.5.5 0 0 0 .707 0l4.096-4.096V4.5a.5.5 0 1 0 1 0V.525a.5.5 0 0 0-.5-.5H11.5a.5.5 0 0 0 0 1h2.768l-4.096 4.096a.5.5 0 0 0 0 .707zm-4.344 0a.5.5 0 0 1-.707 0L1.025 1.732V4.5a.5.5 0 0 1-1 0V.525a.5.5 0 0 1 .5-.5H4.5a.5.5 0 0 1 0 1H1.732l4.096 4.096a.5.5 0 0 1 0 .707z\"\/>\r\n            <\/svg>\r\n        \r\n            <svg id=\"closeBtn\" class=\"model-icon\" width=\"34px\" height=\"34px\" viewBox=\"0 0 24 24\" xmlns=\"http:\/\/www.w3.org\/2000\/svg\">\r\n                <path fill=\"none\" stroke=\"#f2f2f2\" stroke-width=\"2\" d=\"M7,7 L17,17 M7,17 L17,7\"\/>\r\n            <\/svg>\r\n        \r\n        <\/div>\r\n        <\/div> \r\n\r\n        <!-- Model Viewer Style -->\r\n        <style>\r\n            \r\n            .wrapper_21819 .bp_model_parent, #bp_model_id_21819 {\r\n                width: 1150px;\r\n                max-width: 100%;\r\n                                            }\r\n            #bp_model_id_21819 {\r\n                height:700px;\r\n                background-color: #f2f2f2;\r\n            }\r\n            .fullscreen #bp_model_id_21819{\r\n            height: 100%;\r\n            width: 100%;\r\n            }\r\n            .wrapper_21819 .bp_model_parent{\r\n                justify-content: start            }\r\n            model-viewer.model {\r\n                --poster-color: transparent;\r\n            }\r\n        <\/style>\r\n        \r\n        \n<h2>A catraca de entrada de funcion\u00e1rios tem 2 anos de garantia e suporte dur\u00e1vel de manuten\u00e7\u00e3o e reparo.<\/h2>\n<p>We can provide OEM and ODM services. Temos designers experientes que podem realizar uma personaliza\u00e7\u00e3o profunda de acordo com qualquer uma de suas necessidades. Forneceremos uma s\u00e9rie de materiais, como renderiza\u00e7\u00f5es 3D, desenhos dimensionais, etc. Tamb\u00e9m fornecemos dispositivos biom\u00e9tricos, como leitores de cart\u00f5es IC\/ID, leitores de impress\u00e3o digital, leitores de c\u00f3digo QR, c\u00e2meras de reconhecimento facial e assim por diante. Lan\u00e7\u00e1mos tamb\u00e9m uma nova s\u00e9rie de torniquetes de altura total com um aspeto elegante e uma estrutura robusta. Verificar: <a href=\"\" target=\"\" rel=\"noopener\">s\u00e9rie de torniquetes de altura total<\/a> <\/p>\n<p>Pre\u00e7o de f\u00e1brica do <strong>torniquete de entrada para funcion\u00e1rios<\/strong> que \u00e9 feito de a\u00e7o inoxid\u00e1vel 304 ou a\u00e7o inoxid\u00e1vel 316.<\/p>\n<p data-spm-anchor-id=\"a2700.details.pronpeci14.i0.29abf16fjDZQVI\">O produto para catracas de altura total oferece aplica\u00e7\u00f5es de controle de acesso internas e externas. Nossa linha de catracas de altura total para entrada de funcion\u00e1rios vem com uma superf\u00edcie anticorrosiva de alta qualidade e garante uma opera\u00e7\u00e3o confi\u00e1vel sob condi\u00e7\u00f5es externas extremas. Tamb\u00e9m podemos personalizar <a href=\"https:\/\/mairsturnstile.com\/full-height-turnstiles.html\" target=\"_blank\" rel=\"noopener\">torniquetes de altura total<\/a> de acordo com os seus requisitos. Nossa catraca de entrada de funcion\u00e1rios pode ser integrada com todos os tipos de dispositivos biom\u00e9tricos. como os leitores de cart\u00f5es, o reconhecimento facial e o leitor <a href=\"https:\/\/en.wikipedia.org\/wiki\/QR_code\" target=\"_blank\" rel=\"noopener\">de c\u00f3digos QR<\/a>. Se quiser saber mais detalhes, <a href=\"https:\/\/mairsturnstile.com\/contact\" target=\"_blank\" rel=\"noopener\">contacte-nos<\/a>.<\/p>\n<p data-spm-anchor-id=\"a2700.details.pronpeci14.i0.29abf16fjDZQVI\">Esta catraca de entrada de funcion\u00e1rios \u00e9 usada em aplica\u00e7\u00f5es que incluem est\u00e1dios e arenas, seguran\u00e7a perimetral e interna, parques recreativos e de divers\u00f5es, controle de multid\u00f5es no varejo, cobran\u00e7a de tarifas de tr\u00e2nsito e sagu\u00f5es, pris\u00f5es ou alguns locais de alta seguran\u00e7a.<\/p>\n<p data-spm-anchor-id=\"a2700.details.pronpeci14.i0.29abf16fjDZQVI\">Tamb\u00e9m podemos criar uma renderiza\u00e7\u00e3o para voc\u00ea em poucos minutos com base no seu cen\u00e1rio real. Tamb\u00e9m fornecemos layout e desenhos detalhados, bem como desenhos de instala\u00e7\u00e3o.<\/p>\n<p data-spm-anchor-id=\"a2700.details.pronpeci14.i0.29abf16fjDZQVI\">\n        \t\n\t<style type=\"text\/css\">\n\t\t.slider-info-21846.bafg-slider-info .bafg-slider-title {\n\t\t\t\t\t\tfont-size: 22px;\n\t\t\t\t\t\t\n\t\t\t\n\t\t\t\t\t}\n\n\t\t.slider-info-21846.bafg-slider-info .bafg-slider-description {\n\t\t\t\n\t\t\t\n\t\t\t\t\t}\n\n\t\t.slider-info-21846.bafg-slider-info .bafg_slider_readmore_button {\n\t\t\t\n\t\t\t\n\t\t\t\n\t\t\t\n\t\t\t\n\t\t\ttext-align: center;\n\n\t\t\t\n\t\t\t\n\t\t\t\n\t\t\t\n\t\t\t\n\t\t\t\n\t\t\t\t\t}\n\n\t\t.slider-info-21846.bafg-slider-info .bafg_slider_readmore_button:hover {\n\n\t\t\t\n\t\t\t\n\t\t\t\t\t}\n\n\t<\/style>\n\t\n        <div class=\"bafg-twentytwenty-container slider-21846 \" bafg-orientation=\"horizontal\" bafg-default-offset=\"0.5\" bafg-before-label=\"Before\" bafg-after-label=\"After\" bafg-overlay=\"yes\" bafg-move-slider-on-hover=\"yes\" bafg-click-to-move=\"no\">\n              \n            <img decoding=\"async\" class=\"skip-lazy\" src=\"http:\/\/mairsturnstile.com\/wp-content\/uploads\/2023\/06\/employee-entrance-turnstile_5.jpg\" alt=\"\" data-skip-lazy title=\"\">\n            <img decoding=\"async\" class=\"skip-lazy\" src=\"http:\/\/mairsturnstile.com\/wp-content\/uploads\/2023\/06\/employee-entrance-turnstile_4.jpg\" alt=\"\" data-skip-lazy title=\"\">\n           \n        <\/div>\n\n        \t<div class=\"bafg-slider-info-wraper\">\n\t\t<div style=\"\" class=\"slider-info-21846 bafg-slider-info\">\n\t\t\t\t\t<\/div>\n\t<\/div>\n\t\n        <style type=\"text\/css\">\n            \n        <\/style>\n        <\/p>\n<ul>\n<li>A catraca de entrada de funcion\u00e1rios \u00e9 frequentemente usada para solu\u00e7\u00f5es de controle de acesso de alta seguran\u00e7a.<\/li>\n<li>O material do corpo \u00e9 de a\u00e7o inoxid\u00e1vel 304, que \u00e9 antiferrugem, dur\u00e1vel e possui alta resist\u00eancia. O bra\u00e7o \u00e9 do tipo U.<\/li>\n<li>Com a fun\u00e7\u00e3o anti-reversa, pare a dire\u00e7\u00e3o invertida.<\/li>\n<li>A catraca de entrada de funcion\u00e1rios \u00e9 adequada para ambientes internos e externos.<\/li>\n<li>Para atender aos requisitos de controle de emerg\u00eancia, a catraca abrir\u00e1 automaticamente quando a energia for desligada.<\/li>\n<li>Todo o sistema funciona perfeitamente, com desempenho de longa dura\u00e7\u00e3o, alta confiabilidade operacional e resposta r\u00e1pida.<\/li>\n<li>O mecanismo est\u00e1 equipado com um amortecedor hidr\u00e1ulico de alta qualidade. Com este dispositivo, o ru\u00eddo de funcionamento \u00e9 muito baixo e \u00e9 mais suave.<\/li>\n<li>Fun\u00e7\u00e3o de autoteste, o port\u00e3o ser\u00e1 restaurado automaticamente quando a energia estiver ligada.<\/li>\n<li>Dispositivos de rolamento duplo, mantendo o port\u00e3o em equil\u00edbrio quando h\u00e1 uma for\u00e7a externa.<\/li>\n<li>\u00danico direcional ou bidirecional \u00e9 opcional.<\/li>\n<li>Communication distance: \u22641200 m<\/li>\n<li>Indicador LED.<\/li>\n<li>Pode ser controlado por um controle remoto e gerenciado diretamente por um computador.<\/li>\n<li>Em caso de falha de energia, a pista da catraca ficar\u00e1 de livre acesso, atendendo \u00e0s exig\u00eancias de seguran\u00e7a contra inc\u00eandio.<\/li>\n<li>O tamanho\/design do port\u00e3o pode ser personalizado com base no desenho do cliente<\/li>\n<li>O tamanho pode ser ajustado para atender aos requisitos em diferentes locais.<\/li>\n<\/ul>\n<p>Podemos fornecer toda a solu\u00e7\u00e3o de controle de acesso de seguran\u00e7a. Se voc\u00ea possui seu pr\u00f3prio sistema de controle de acesso, pode utilizar diretamente nossa catraca. Se voc\u00ea n\u00e3o tiver um, tamb\u00e9m fornecemos uma solu\u00e7\u00e3o completa de controle de acesso de seguran\u00e7a. Consulte o v\u00eddeo abaixo para obter detalhes.<br \/>\n<iframe title=\"Reprodutor de v\u00eddeo do YouTube\" src=\"https:\/\/www.youtube.com\/embed\/XyxFKnS3Br0\" width=\"1150\" height=\"650\" frameborder=\"0\" allowfullscreen=\"allowfullscreen\"><span data-mce-type=\"bookmark\" style=\"display: inline-block; width: 0px; overflow: hidden; line-height: 0;\" class=\"mce_SELRES_start\"><\/span><\/iframe><\/p>\n","protected":false},"excerpt":{"rendered":"<p>1. Tamanho: 4450*1450*2300 mm (pode ser personalizado)<\/p>\n<p>2. Lane Width: 650 mm (can be customized)<\/p>\n<p>3. Velocidade de passagem: 30 pessoas\/min<\/p>\n<p>4. Fonte de alimenta\u00e7\u00e3o: 110 V\/220 V 50\/60 Hz<\/p>\n<p>5. Solen\u00f3ide de port\u00e3o de catracas de altura total: DC24V<\/p>\n<p>6. Sinal de port\u00e3o aberto: contato seco\/rel\u00e9<\/p>\n<p>7. Tens\u00e3o L\u00f3gica: DC24V<\/p>\n<p>8. Material: a\u00e7o inoxid\u00e1vel 304 ou a\u00e7o inoxid\u00e1vel 316<\/p>\n<p>9. Temperatura de trabalho:-25\u00b0C~60\u00b0C<\/p>\n<p><strong><a title=\"Torniquete de altura total com certifica\u00e7\u00e3o CE Mairs\" href=\"http:\/\/mairsturnstile.com\/wp-content\/uploads\/2022\/09\/Mairs-CE-Certificate-Full-Height-Turnstile.pdf\" target=\"_blank\" rel=\"noopener noreferrer\">Certificado CE,<\/a> <a title=\"Certificado Mairs ISO9001\" href=\"http:\/\/mairsturnstile.com\/wp-content\/uploads\/2022\/09\/Mairs-Registration-Certificate-ISO9001.pdf\" target=\"_blank\" rel=\"noopener noreferrer\">Certificado ISO9001.<\/a><\/strong><\/p>\n<p><a title=\"Brochura do torniquete de altura total de tr\u00eas vias\" href=\"http:\/\/mairsturnstile.com\/wp-content\/uploads\/2023\/12\/MT408-brochure.pdf\" target=\"_blank\" rel=\"noopener noreferrer\"><img decoding=\"async\" class=\"alignnone size-full wp-image-11034\" src=\"http:\/\/mairsturnstile.com\/wp-content\/uploads\/2022\/09\/pdf-MairsTurnstile.png\" alt=\"\" width=\"32\" height=\"32\"><span style=\"color: #0000ff;\"><strong>Folheto do torniquete de altura total de tr\u00eas vias MT408<\/strong><\/span><\/a><\/p>\n<p><a title=\"Manual de instala\u00e7\u00e3o da catraca de altura total\" href=\"http:\/\/mairsturnstile.com\/wp-content\/uploads\/2023\/09\/Full-height-turnstile-installation-manual.pdf\" target=\"_blank\" rel=\"noopener noreferrer\"><img decoding=\"async\" class=\"alignnone size-full wp-image-11034\" src=\"http:\/\/mairsturnstile.com\/wp-content\/uploads\/2022\/09\/pdf-MairsTurnstile.png\" alt=\"\" width=\"32\" height=\"32\"><strong><span style=\"color: #0000ff;\"> Manual de instala\u00e7\u00e3o e usu\u00e1rio da catraca de altura total<\/span><\/strong><\/a><\/p>\n","protected":false},"featured_media":34507,"comment_status":"closed","ping_status":"closed","template":"","meta":{"neve_meta_sidebar":"","neve_meta_container":"","neve_meta_enable_content_width":"off","neve_meta_content_width":0,"neve_meta_title_alignment":"","neve_meta_author_avatar":"","neve_post_elements_order":"","neve_meta_disable_header":"","neve_meta_disable_footer":"","neve_meta_disable_title":"","_ti_tpc_template_sync":false,"_ti_tpc_template_id":""},"product_cat":[2014,2017],"product_tag":[2678,2143,2679,2668,2144],"class_list":["post-34506","product","type-product","status-publish","has-post-thumbnail","hentry","product_cat-torniquetes-de-altura-total","product_cat-torniquetes-de-seguranca","product_tag-catraca-de-entrada-de-funcionarios","product_tag-catracas-de-altura-total","product_tag-catracas-de-funcionarios","product_tag-torniquetes-industriais-de-altura-total","product_tag-turn-style-gate-pt"],"_links":{"self":[{"href":"https:\/\/mairsturnstile.com\/pt\/wp-json\/wp\/v2\/product\/34506","targetHints":{"allow":["GET"]}}],"collection":[{"href":"https:\/\/mairsturnstile.com\/pt\/wp-json\/wp\/v2\/product"}],"about":[{"href":"https:\/\/mairsturnstile.com\/pt\/wp-json\/wp\/v2\/types\/product"}],"replies":[{"embeddable":true,"href":"https:\/\/mairsturnstile.com\/pt\/wp-json\/wp\/v2\/comments?post=34506"}],"version-history":[{"count":0,"href":"https:\/\/mairsturnstile.com\/pt\/wp-json\/wp\/v2\/product\/34506\/revisions"}],"wp:featuredmedia":[{"embeddable":true,"href":"https:\/\/mairsturnstile.com\/pt\/wp-json\/wp\/v2\/media\/34507"}],"wp:attachment":[{"href":"https:\/\/mairsturnstile.com\/pt\/wp-json\/wp\/v2\/media?parent=34506"}],"wp:term":[{"taxonomy":"product_cat","embeddable":true,"href":"https:\/\/mairsturnstile.com\/pt\/wp-json\/wp\/v2\/product_cat?post=34506"},{"taxonomy":"product_tag","embeddable":true,"href":"https:\/\/mairsturnstile.com\/pt\/wp-json\/wp\/v2\/product_tag?post=34506"}],"curies":[{"name":"wp","href":"https:\/\/api.w.org\/{rel}","templated":true}]}}