{"id":34519,"date":"2020-09-12T18:51:17","date_gmt":"2020-09-12T10:51:17","guid":{"rendered":"https:\/\/mairsturnstile.com\/product\/torniquetes-de-construcao-torniquetes-de-altura-total-mt404-2"},"modified":"2024-10-31T12:12:49","modified_gmt":"2024-10-31T04:12:49","slug":"catracas-de-construcao","status":"publish","type":"product","link":"https:\/\/mairsturnstile.com\/pt\/product\/catracas-de-construcao","title":{"rendered":"TORNIQUETES DE CONSTRU\u00c7\u00c3O A TODA A ALTURA"},"content":{"rendered":"        <!-- 3D Model html -->\r\n        <div class=\"bp_grand wrapper_19987\">   \r\n        <div class=\"bp_model_parent\">\r\n            <model-viewer class=\"model\" id=\"bp_model_id_19987\" src=\"http:\/\/mairsturnstile.com\/wp-content\/uploads\/2023\/07\/MT404-2.glb\" alt=\"MT404-2\" camera-controls  loading=\"auto\" auto-rotate                        >\r\n            <\/model-viewer>\r\n        \r\n            <!-- Button -->\r\n            <svg id=\"openBtn\" width=\"30px\" height=\"30px\" viewBox=\"0 0 16 16\" xmlns=\"http:\/\/www.w3.org\/2000\/svg\" fill=\"#f2f2f2\" class=\"bi bi-arrows-fullscreen model-icon\">\r\n                <path fill-rule=\"evenodd\" d=\"M5.828 10.172a.5.5 0 0 0-.707 0l-4.096 4.096V11.5a.5.5 0 0 0-1 0v3.975a.5.5 0 0 0 .5.5H4.5a.5.5 0 0 0 0-1H1.732l4.096-4.096a.5.5 0 0 0 0-.707zm4.344 0a.5.5 0 0 1 .707 0l4.096 4.096V11.5a.5.5 0 1 1 1 0v3.975a.5.5 0 0 1-.5.5H11.5a.5.5 0 0 1 0-1h2.768l-4.096-4.096a.5.5 0 0 1 0-.707zm0-4.344a.5.5 0 0 0 .707 0l4.096-4.096V4.5a.5.5 0 1 0 1 0V.525a.5.5 0 0 0-.5-.5H11.5a.5.5 0 0 0 0 1h2.768l-4.096 4.096a.5.5 0 0 0 0 .707zm-4.344 0a.5.5 0 0 1-.707 0L1.025 1.732V4.5a.5.5 0 0 1-1 0V.525a.5.5 0 0 1 .5-.5H4.5a.5.5 0 0 1 0 1H1.732l4.096 4.096a.5.5 0 0 1 0 .707z\"\/>\r\n            <\/svg>\r\n        \r\n            <svg id=\"closeBtn\" class=\"model-icon\" width=\"34px\" height=\"34px\" viewBox=\"0 0 24 24\" xmlns=\"http:\/\/www.w3.org\/2000\/svg\">\r\n                <path fill=\"none\" stroke=\"#f2f2f2\" stroke-width=\"2\" d=\"M7,7 L17,17 M7,17 L17,7\"\/>\r\n            <\/svg>\r\n        \r\n        <\/div>\r\n        <\/div> \r\n\r\n        <!-- Model Viewer Style -->\r\n        <style>\r\n            \r\n            .wrapper_19987 .bp_model_parent, #bp_model_id_19987 {\r\n                width: 1150px;\r\n                max-width: 100%;\r\n                                            }\r\n            #bp_model_id_19987 {\r\n                height:700px;\r\n                background-color: #f2f2f2;\r\n            }\r\n            .fullscreen #bp_model_id_19987{\r\n            height: 100%;\r\n            width: 100%;\r\n            }\r\n            .wrapper_19987 .bp_model_parent{\r\n                justify-content: start            }\r\n            model-viewer.model {\r\n                --poster-color: transparent;\r\n            }\r\n        <\/style>\r\n        \r\n        \n<p>We can provide OEM and ODM services. Temos designers experientes que podem realizar uma personaliza\u00e7\u00e3o profunda de acordo com qualquer uma de suas necessidades. Forneceremos uma s\u00e9rie de materiais, como renderiza\u00e7\u00f5es 3D, desenhos dimensionais, etc. Tamb\u00e9m fornecemos dispositivos biom\u00e9tricos, como leitor de cart\u00e3o IC\/ID, leitor de impress\u00e3o digital, leitor de c\u00f3digo QR, c\u00e2mera de reconhecimento facial e assim por diante. Lan\u00e7\u00e1mos tamb\u00e9m uma nova s\u00e9rie de torniquetes de altura total com um aspeto elegante e uma estrutura robusta. Verificar: <a href=\"https:\/\/mairsturnstile.com\/full-height-series-turnstile\" target=\"_blank\" rel=\"noopener\">s\u00e9rie de torniquetes de altura total<\/a> <\/p>\n<h2><b data-spm-anchor-id=\"a2700.details.pronpeci14.i2.770ea594C5VqRv\">Torniquetes de constru\u00e7\u00e3o Torniquetes de altura total, Torniquetes de constru\u00e7\u00e3o de pista dupla Port\u00e3o de torniquete pedestre de altura total.<\/b><\/h2>\n<p>Torniquetes de constru\u00e7\u00e3o O port\u00e3o <a href=\"https:\/\/mairsturnstile.com\/full-height-turnstiles.html\" target=\"_blank\" rel=\"noopener\">de torniquetes de altura total<\/a> tem uma garantia de 2 anos e um suporte duradouro de manuten\u00e7\u00e3o e repara\u00e7\u00e3o.<\/p>\n<p><strong>A catraca de constru\u00e7\u00e3o \u00e9 uma esp\u00e9cie de catraca de pedestres utilizada para gerenciamento de controle de acesso de pessoal no canteiro de obras, que \u00e9 o principal equipamento de controle do controle de acesso de pedestres no canteiro de obras. <\/strong>Ao mesmo tempo, de acordo com as exig\u00eancias ambientais do canteiro de obras, as catracas de constru\u00e7\u00e3o precisam ter bom desempenho \u00e0 prova d&#8217;\u00e1gua e de ilumina\u00e7\u00e3o e realizar as fun\u00e7\u00f5es de controle de acesso e atendimento, patrulhamento no local, sinaliza\u00e7\u00e3o de reuni\u00f5es, gerenciamento de viola\u00e7\u00f5es, relat\u00f3rio estat\u00edstico e gerenciamento de sistema por meio de reconhecimento facial, cart\u00e3o RFID, etc.<\/p>\n<p>A catraca do canteiro de obras \u00e9 geralmente uma catraca trip\u00e9 e uma catraca de altura total, pois seu design \u00e9 muito adequado para o canteiro de obras. A catraca de altura total tem maior desempenho de seguran\u00e7a, a catraca do canteiro de obras pode n\u00e3o s\u00f3 impedir a entrada e sa\u00edda de pessoal estrangeiro, mas tamb\u00e9m ser equipada com um sistema de atendimento para registrar o status de atendimento dos trabalhadores. O uso de catracas de constru\u00e7\u00e3o pode fazer com que o fluxo de pessoas no canteiro de obras passe de forma ordenada pelo canal.<\/p>\n<p>As catracas de constru\u00e7\u00e3o t\u00eam a fun\u00e7\u00e3o de prevenir danos humanos; As catracas de constru\u00e7\u00e3o s\u00e3o utilizadas para proteger a seguran\u00e7a de pessoas e bens; Certifique-se de que o im\u00f3vel no canteiro de obras n\u00e3o seja f\u00e1cil de ser perdido.<\/p>\n<p>Apenas uma pessoa pode passar pela catraca do canteiro de obras por vez, o que tamb\u00e9m pode evitar acidentes por congestionamentos. Quando ocorre um grande evento no canteiro de obras, a administradora corta a energia da catraca, e a cancela ser\u00e1 aberta, para que os pedestres possam passar sozinhos, a fim de agilizar a evacua\u00e7\u00e3o da multid\u00e3o.<\/p>\n<p>Este torniquete de constru\u00e7\u00e3o de port\u00e3o de altura total \u00e9 de duas pistas, que \u00e9 projetado para controlar a entrada e sa\u00edda de pedestres, adota a\u00e7o inoxid\u00e1vel # 304, tratamento de superf\u00edcie escovado duplo,<a href=\"https:\/\/en.wiktionary.org\/wiki\/dustproof\" target=\"_blank\" rel=\"noopener\"> \u00e0 prova de poeira<\/a>, \u00e0 prova de ferrugem, design \u00e0 prova de chuva, adequado para uso interno e externo, f\u00e1cil de integrar com outros dispositivos de leitura \/ grava\u00e7\u00e3o e amplamente utilizado para aplica\u00e7\u00f5es como um est\u00e1dio, apartamento, gin\u00e1sio, museu, esta\u00e7\u00e3o, biblioteca e f\u00e1brica, etc.<\/p>\n\n        \t\n\t<style type=\"text\/css\">\n\t\t.slider-info-19991.bafg-slider-info .bafg-slider-title {\n\t\t\t\t\t\tfont-size: 22px;\n\t\t\t\t\t\t\n\t\t\t\n\t\t\t\t\t}\n\n\t\t.slider-info-19991.bafg-slider-info .bafg-slider-description {\n\t\t\t\n\t\t\t\n\t\t\t\t\t}\n\n\t\t.slider-info-19991.bafg-slider-info .bafg_slider_readmore_button {\n\t\t\t\n\t\t\t\n\t\t\t\n\t\t\t\n\t\t\t\n\t\t\ttext-align: center;\n\n\t\t\t\n\t\t\t\n\t\t\t\n\t\t\t\n\t\t\t\n\t\t\t\n\t\t\t\t\t}\n\n\t\t.slider-info-19991.bafg-slider-info .bafg_slider_readmore_button:hover {\n\n\t\t\t\n\t\t\t\n\t\t\t\t\t}\n\n\t<\/style>\n\t\n        <div class=\"bafg-twentytwenty-container slider-19991 \" bafg-orientation=\"horizontal\" bafg-default-offset=\"0.5\" bafg-before-label=\"Before\" bafg-after-label=\"After\" bafg-overlay=\"yes\" bafg-move-slider-on-hover=\"yes\" bafg-click-to-move=\"no\">\n              \n            <img decoding=\"async\" class=\"skip-lazy\" src=\"http:\/\/mairsturnstile.com\/wp-content\/uploads\/2024\/10\/construction-turnstiles-5.jpg\" alt=\"construction turnstiles\" data-skip-lazy title=\"\">\n            <img decoding=\"async\" class=\"skip-lazy\" src=\"http:\/\/mairsturnstile.com\/wp-content\/uploads\/2020\/09\/construction-turnstiles-6.jpg\" alt=\"construction turnstiles \" data-skip-lazy title=\"\">\n           \n        <\/div>\n\n        \t<div class=\"bafg-slider-info-wraper\">\n\t\t<div style=\"\" class=\"slider-info-19991 bafg-slider-info\">\n\t\t\t\t\t<\/div>\n\t<\/div>\n\t\n        <style type=\"text\/css\">\n            \n        <\/style>\n        \n<p>Tamb\u00e9m podemos criar uma renderiza\u00e7\u00e3o para voc\u00ea em poucos minutos com base no seu cen\u00e1rio real. Tamb\u00e9m fornecemos layouts e desenhos detalhados, bem como desenhos de instala\u00e7\u00e3o. Deixe voc\u00ea n\u00e3o se preocupar com a instala\u00e7\u00e3o. Baixe nosso arquivo PDF correspondente para dimens\u00f5es espec\u00edficas e dimens\u00f5es de instala\u00e7\u00e3o.<\/p>\n<p>Nossas catracas de alta seguran\u00e7a s\u00e3o projetadas para atender aos mais exigentes requisitos de seguran\u00e7a e controle e s\u00e3o ideais para situa\u00e7\u00f5es de espa\u00e7os apertados onde um grande n\u00famero de pessoas precisa ser autenticado para entrar. As pistas duplas s\u00e3o essencialmente duas catracas simples em uma \u00fanica estrutura, o que melhora a efici\u00eancia e economiza espa\u00e7o significativo.<\/p>\n<ul>\n<li>O port\u00e3o de catracas de altura total para catracas de constru\u00e7\u00e3o \u00e9 frequentemente usado para solu\u00e7\u00f5es de controle de acesso de alta seguran\u00e7a.<\/li>\n<li>O material do corpo \u00e9 de a\u00e7o inoxid\u00e1vel 304, que \u00e9 antiferrugem, dur\u00e1vel e possui alta resist\u00eancia. O bra\u00e7o \u00e9 do tipo U.<\/li>\n<li>O port\u00e3o de catracas de constru\u00e7\u00e3o \u00e9 adequado tanto para ambientes internos quanto externos.<\/li>\n<li>Com a fun\u00e7\u00e3o anti-reversa, pare a dire\u00e7\u00e3o invertida.<\/li>\n<li>Para atender aos requisitos de controle de emerg\u00eancia, a catraca abrir\u00e1 automaticamente quando a energia for desligada.<\/li>\n<li>O sistema completo funciona muito bem, com longa vida \u00fatil e alto desempenho, alta confiabilidade operacional e resposta r\u00e1pida.<\/li>\n<li>O mecanismo est\u00e1 equipado com um amortecedor hidr\u00e1ulico de alta qualidade. Com este dispositivo, o ru\u00eddo de funcionamento \u00e9 muito baixo e \u00e9 mais suave.<\/li>\n<li>Fun\u00e7\u00e3o de autoteste, o port\u00e3o ser\u00e1 restaurado automaticamente quando a energia estiver ligada.<\/li>\n<li>Dispositivos de rolamento duplo, mant\u00eam o port\u00e3o em equil\u00edbrio quando h\u00e1 uma for\u00e7a externa.<\/li>\n<li>Unidirecional ou bidirecional \u00e9 opcional.<\/li>\n<li>Com luz indicadora LED.<\/li>\n<li>Acionamento: Operado semiautom\u00e1tico<\/li>\n<li>Pode ser controlado por um controle remoto e gerenciado diretamente pelo computador.<\/li>\n<li>Em caso de falta de energia, a faixa da catraca ficar\u00e1 de livre acesso, atendendo \u00e0s exig\u00eancias de seguran\u00e7a contra inc\u00eandio.<\/li>\n<li>O tamanho\/desenho do port\u00e3o pode ser personalizado com base no desenho do cliente.<\/li>\n<li>O tamanho pode ser ajustado para atender aos requisitos em diferentes locais.<\/li>\n<\/ul>\n<p>Podemos fornecer toda a solu\u00e7\u00e3o de controle de acesso de seguran\u00e7a. Se voc\u00ea possui seu pr\u00f3prio sistema de controle de acesso, pode utilizar diretamente nossa catraca. Se voc\u00ea n\u00e3o tiver um, tamb\u00e9m fornecemos uma solu\u00e7\u00e3o completa de controle de acesso de seguran\u00e7a. Consulte o v\u00eddeo abaixo para obter detalhes.<\/p>\n<p><iframe title=\"Torniquete de altura total de pista dupla com leitor de cart\u00e3o, c\u00f3digo QR, solu\u00e7\u00e3o de controle remoto - MairsTurnstile\" src=\"https:\/\/www.youtube.com\/embed\/XyxFKnS3Br0\" width=\"1150\" height=\"650\" frameborder=\"0\" allowfullscreen=\"allowfullscreen\"><\/iframe><\/p>\n","protected":false},"excerpt":{"rendered":"<p>1. Tamanho: 2300*1450*2300 mm (pode ser personalizado)<\/p>\n<p>2. Lane Width: 650 mm (can be customized)<\/p>\n<p>3. Velocidade de passagem: 30 pessoas\/min<\/p>\n<p>4. Fonte de alimenta\u00e7\u00e3o: 110 V\/220 V 50\/60 Hz<\/p>\n<p>5. Torniquete de altura total para venda Solen\u00f3ide: DC24V<\/p>\n<p>6. Sinal de port\u00e3o aberto: contato seco\/rel\u00e9<\/p>\n<p>7. Tens\u00e3o L\u00f3gica: DC24V<\/p>\n<p>8. Material: a\u00e7o inoxid\u00e1vel 304 ou a\u00e7o inoxid\u00e1vel 316<\/p>\n<p>9. Interface de comunica\u00e7\u00e3o: RS485<\/p>\n<p><strong><a title=\"Torniquete de altura total com certifica\u00e7\u00e3o CE Mairs\" href=\"http:\/\/mairsturnstile.com\/wp-content\/uploads\/2022\/09\/Mairs-CE-Certificate-Full-Height-Turnstile.pdf\" target=\"_blank\" rel=\"noopener noreferrer\">Certificado CE,<\/a> <a title=\"Certificado Mairs ISO9001\" href=\"http:\/\/mairsturnstile.com\/wp-content\/uploads\/2022\/09\/Mairs-Registration-Certificate-ISO9001.pdf\" target=\"_blank\" rel=\"noopener noreferrer\">Certificado ISO9001.<\/a><\/strong><\/p>\n<p><a title=\"Folheto de catraca dupla de altura total\" href=\"http:\/\/mairsturnstile.com\/wp-content\/uploads\/2023\/12\/MT404-2-brochure.pdf\" target=\"_blank\" rel=\"noopener noreferrer\"><img decoding=\"async\" class=\"alignnone size-full wp-image-11034\" src=\"http:\/\/mairsturnstile.com\/wp-content\/uploads\/2022\/09\/pdf-MairsTurnstile.png\" alt=\"\" width=\"32\" height=\"32\"><span style=\"color: #0000ff;\"><strong>Folheto da catraca dupla de altura total MT404-2<\/strong><\/span><\/a><\/p>\n<p><a title=\"Manual de instala\u00e7\u00e3o da catraca de altura total\" href=\"http:\/\/mairsturnstile.com\/wp-content\/uploads\/2023\/09\/Full-height-turnstile-installation-manual.pdf\" target=\"_blank\" rel=\"noopener noreferrer\"><img decoding=\"async\" class=\"alignnone size-full wp-image-11034\" src=\"http:\/\/mairsturnstile.com\/wp-content\/uploads\/2022\/09\/pdf-MairsTurnstile.png\" alt=\"\" width=\"32\" height=\"32\"><strong><span style=\"color: #0000ff;\"> Manual de instala\u00e7\u00e3o e usu\u00e1rio da catraca de altura total<\/span><\/strong><\/a><\/p>\n","protected":false},"featured_media":58157,"comment_status":"closed","ping_status":"closed","template":"","meta":{"neve_meta_sidebar":"","neve_meta_container":"","neve_meta_enable_content_width":"off","neve_meta_content_width":0,"neve_meta_title_alignment":"","neve_meta_author_avatar":"","neve_post_elements_order":"","neve_meta_disable_header":"","neve_meta_disable_footer":"","neve_meta_disable_title":"","_ti_tpc_template_sync":false,"_ti_tpc_template_id":""},"product_cat":[2014,2017],"product_tag":[2143,2680,2682,2683,2681,2670],"class_list":["post-34519","product","type-product","status-publish","has-post-thumbnail","hentry","product_cat-torniquetes-de-altura-total","product_cat-torniquetes-de-seguranca","product_tag-catracas-de-altura-total","product_tag-catracas-de-construcao","product_tag-catracas-de-seguranca-para-canteiros-de-obras","product_tag-catracas-para-canteiros-de-obras","product_tag-torniquete-do-canteiro-de-obras","product_tag-torniquete-duplo-de-altura-total"],"_links":{"self":[{"href":"https:\/\/mairsturnstile.com\/pt\/wp-json\/wp\/v2\/product\/34519","targetHints":{"allow":["GET"]}}],"collection":[{"href":"https:\/\/mairsturnstile.com\/pt\/wp-json\/wp\/v2\/product"}],"about":[{"href":"https:\/\/mairsturnstile.com\/pt\/wp-json\/wp\/v2\/types\/product"}],"replies":[{"embeddable":true,"href":"https:\/\/mairsturnstile.com\/pt\/wp-json\/wp\/v2\/comments?post=34519"}],"version-history":[{"count":0,"href":"https:\/\/mairsturnstile.com\/pt\/wp-json\/wp\/v2\/product\/34519\/revisions"}],"wp:featuredmedia":[{"embeddable":true,"href":"https:\/\/mairsturnstile.com\/pt\/wp-json\/wp\/v2\/media\/58157"}],"wp:attachment":[{"href":"https:\/\/mairsturnstile.com\/pt\/wp-json\/wp\/v2\/media?parent=34519"}],"wp:term":[{"taxonomy":"product_cat","embeddable":true,"href":"https:\/\/mairsturnstile.com\/pt\/wp-json\/wp\/v2\/product_cat?post=34519"},{"taxonomy":"product_tag","embeddable":true,"href":"https:\/\/mairsturnstile.com\/pt\/wp-json\/wp\/v2\/product_tag?post=34519"}],"curies":[{"name":"wp","href":"https:\/\/api.w.org\/{rel}","templated":true}]}}