{"id":34585,"date":"2020-09-13T00:02:12","date_gmt":"2020-09-12T16:02:12","guid":{"rendered":"https:\/\/mairsturnstile.com\/product\/catraca-de-acesso-com-barreira-de-aba-com-novo-design-mt257"},"modified":"2023-11-01T21:37:35","modified_gmt":"2023-11-01T13:37:35","slug":"catraca-de-acesso","status":"publish","type":"product","link":"https:\/\/mairsturnstile.com\/pt\/product\/catraca-de-acesso","title":{"rendered":"catraca de acesso com barreira de aba com novo design MT257"},"content":{"rendered":"        <!-- 3D Model html -->\r\n        <div class=\"bp_grand wrapper_22553\">   \r\n        <div class=\"bp_model_parent\">\r\n            <model-viewer class=\"model\" id=\"bp_model_id_22553\" src=\"http:\/\/mairsturnstile.com\/wp-content\/uploads\/2023\/06\/MT257.glb\" alt=\"MT257\" camera-controls  loading=\"auto\" auto-rotate                        >\r\n            <\/model-viewer>\r\n        \r\n            <!-- Button -->\r\n            <svg id=\"openBtn\" width=\"30px\" height=\"30px\" viewBox=\"0 0 16 16\" xmlns=\"http:\/\/www.w3.org\/2000\/svg\" fill=\"#f2f2f2\" class=\"bi bi-arrows-fullscreen model-icon\">\r\n                <path fill-rule=\"evenodd\" d=\"M5.828 10.172a.5.5 0 0 0-.707 0l-4.096 4.096V11.5a.5.5 0 0 0-1 0v3.975a.5.5 0 0 0 .5.5H4.5a.5.5 0 0 0 0-1H1.732l4.096-4.096a.5.5 0 0 0 0-.707zm4.344 0a.5.5 0 0 1 .707 0l4.096 4.096V11.5a.5.5 0 1 1 1 0v3.975a.5.5 0 0 1-.5.5H11.5a.5.5 0 0 1 0-1h2.768l-4.096-4.096a.5.5 0 0 1 0-.707zm0-4.344a.5.5 0 0 0 .707 0l4.096-4.096V4.5a.5.5 0 1 0 1 0V.525a.5.5 0 0 0-.5-.5H11.5a.5.5 0 0 0 0 1h2.768l-4.096 4.096a.5.5 0 0 0 0 .707zm-4.344 0a.5.5 0 0 1-.707 0L1.025 1.732V4.5a.5.5 0 0 1-1 0V.525a.5.5 0 0 1 .5-.5H4.5a.5.5 0 0 1 0 1H1.732l4.096 4.096a.5.5 0 0 1 0 .707z\"\/>\r\n            <\/svg>\r\n        \r\n            <svg id=\"closeBtn\" class=\"model-icon\" width=\"34px\" height=\"34px\" viewBox=\"0 0 24 24\" xmlns=\"http:\/\/www.w3.org\/2000\/svg\">\r\n                <path fill=\"none\" stroke=\"#f2f2f2\" stroke-width=\"2\" d=\"M7,7 L17,17 M7,17 L17,7\"\/>\r\n            <\/svg>\r\n        \r\n        <\/div>\r\n        <\/div> \r\n\r\n        <!-- Model Viewer Style -->\r\n        <style>\r\n            \r\n            .wrapper_22553 .bp_model_parent, #bp_model_id_22553 {\r\n                width: 1150px;\r\n                max-width: 100%;\r\n                                            }\r\n            #bp_model_id_22553 {\r\n                height:700px;\r\n                background-color: #f2f2f2;\r\n            }\r\n            .fullscreen #bp_model_id_22553{\r\n            height: 100%;\r\n            width: 100%;\r\n            }\r\n            .wrapper_22553 .bp_model_parent{\r\n                justify-content: start            }\r\n            model-viewer.model {\r\n                --poster-color: transparent;\r\n            }\r\n        <\/style>\r\n        \r\n        \n<h4>A catraca de barreira de aba da catraca de acesso MT249 tem 2 anos de garantia e manuten\u00e7\u00e3o dur\u00e1vel e suporte de reparo.<\/h4>\n<p>Podemos fornecer servi\u00e7os OEM e ODM. Temos designers experientes que podem realizar uma personaliza\u00e7\u00e3o profunda de acordo com qualquer uma de suas necessidades. Forneceremos uma s\u00e9rie de materiais, como renderiza\u00e7\u00f5es 3D, desenhos dimensionais, etc. Tamb\u00e9m fornecemos dispositivos biom\u00e9tricos, como leitores de cart\u00f5es IC\/ID, leitores de impress\u00e3o digital, leitores de c\u00f3digo QR, c\u00e2meras de reconhecimento facial e assim por diante. <span style=\"font-style: inherit; font-weight: inherit;\">304 portas autom\u00e1ticas de a\u00e7o inoxid\u00e1vel da barreira da aleta do torniquete para o sistema de controle de acesso.<\/span><\/p>\n<p><strong>Uma catraca de acesso \u00e9 uma esp\u00e9cie de equipamento de gerenciamento de controle de acesso de seguran\u00e7a utilizado em diversas entradas e sa\u00eddas. Combinado com v\u00e1rios dispositivos biom\u00e9tricos, pode efetivamente realizar o controle e gerenciamento de todos os tipos de acesso.<\/strong> A catraca de acesso pode selecionar v\u00e1rios tipos de catracas de acordo com a situa\u00e7\u00e3o real de acesso. Por exemplo, para o acesso ao escrit\u00f3rio, pode optar por um <a href=\"https:\/\/mairsturnstile.com\/what-is-flap-barrier.html\">torniquete de barreira<\/a> basculante ou por <a href=\"https:\/\/mairsturnstile.com\/speed-gate-turnstile.html\">port\u00f5es r\u00e1pidos<\/a>. Para o acesso ao exterior, pode optar por um <a href=\"https:\/\/mairsturnstile.com\/product\/outdoor-turnstile\">torniquete exterior<\/a>. Para acessos com requisitos de desempenho de alta seguran\u00e7a, pode optar por <a href=\"https:\/\/mairsturnstile.com\/full-height-turnstiles.html\">torniquetes de altura total<\/a>.<\/p>\n<p>Se este torniquete de controlo de acesso n\u00e3o for o que precisa, pode clicar na nossa p\u00e1gina de <a href=\"https:\/\/mairsturnstile.com\/category\/security-turnstiles\">torniquetes de seguran\u00e7a<\/a> para selecionar mais estilos de torniquetes de acesso. Claro, temos mais catracas de controle de acesso mais bonitas, que certamente podem atender \u00e0s suas necessidades. Tamb\u00e9m podemos personalizar port\u00f5es de catraca para pedestres com tamanhos e apar\u00eancias especiais de acordo com suas necessidades reais.<\/p>\n<p>A catraca de acesso tamb\u00e9m pode ser customizada de acordo com a situa\u00e7\u00e3o real e largura do canal do seu site. Se o seu canal de site precisa de um torniquete de controlo de acesso personalizado especial, ou se n\u00e3o sabe como escolher o torniquete de controlo de acesso, n\u00e3o hesite em <a href=\"https:\/\/mairsturnstile.com\/contact\">contactar-nos<\/a>, e n\u00f3s iremos fornecer-lhe o torniquete de controlo de acesso de alta qualidade e a solu\u00e7\u00e3o de torniquete de seguran\u00e7a mais adequada para poupar os seus custos.<\/p>\n<p>A CATRACA DE ACESSO PORT\u00c3O DE BARREIRA DE ABA foi projetada para uso em aplica\u00e7\u00f5es com tr\u00e1fego de pedestres de alto volume que exigem acesso r\u00e1pido. A seguran\u00e7a \u00e9 sempre a prioridade, n\u00e3o importa em que situa\u00e7\u00e3o. O torniquete <a href=\"https:\/\/mairsturnstile.com\/what-is-flap-barrier.html\">de barreira basculante<\/a> \u00e9 um port\u00e3o totalmente autom\u00e1tico. O movimento do pessoal \u00e9 monitorado por v\u00e1rios sensores de seguran\u00e7a constru\u00eddos dentro da caixa. A for\u00e7a de fechamento da aba \u00e9 controlada pelo sensor antiesmagamento evitando ferimentos aos pedestres. Mairs fornece os melhores port\u00f5es de barreira de catraca de acesso.<\/p>\n<p>Tamb\u00e9m podemos criar uma renderiza\u00e7\u00e3o para voc\u00ea em poucos minutos com base no seu cen\u00e1rio real. Tamb\u00e9m fornecemos layout e desenhos detalhados, bem como desenhos de instala\u00e7\u00e3o.<\/p>\n\n        \t\n\t<style type=\"text\/css\">\n\t\t.slider-info-22567.bafg-slider-info .bafg-slider-title {\n\t\t\t\t\t\tfont-size: 22px;\n\t\t\t\t\t\t\n\t\t\t\n\t\t\t\t\t}\n\n\t\t.slider-info-22567.bafg-slider-info .bafg-slider-description {\n\t\t\t\n\t\t\t\n\t\t\t\t\t}\n\n\t\t.slider-info-22567.bafg-slider-info .bafg_slider_readmore_button {\n\t\t\t\n\t\t\t\n\t\t\t\n\t\t\t\n\t\t\t\n\t\t\ttext-align: center;\n\n\t\t\t\n\t\t\t\n\t\t\t\n\t\t\t\n\t\t\t\n\t\t\t\n\t\t\t\t\t}\n\n\t\t.slider-info-22567.bafg-slider-info .bafg_slider_readmore_button:hover {\n\n\t\t\t\n\t\t\t\n\t\t\t\t\t}\n\n\t<\/style>\n\t\n        <div class=\"bafg-twentytwenty-container slider-22567 \" bafg-orientation=\"horizontal\" bafg-default-offset=\"0.5\" bafg-before-label=\"Before\" bafg-after-label=\"After\" bafg-overlay=\"yes\" bafg-move-slider-on-hover=\"yes\" bafg-click-to-move=\"no\">\n              \n            <img decoding=\"async\" class=\"skip-lazy\" src=\"http:\/\/mairsturnstile.com\/wp-content\/uploads\/2023\/06\/access-turnstile_4.jpg\" alt=\"\" data-skip-lazy title=\"\">\n            <img decoding=\"async\" class=\"skip-lazy\" src=\"http:\/\/mairsturnstile.com\/wp-content\/uploads\/2023\/06\/access-turnstile_5.jpg\" alt=\"\" data-skip-lazy title=\"\">\n           \n        <\/div>\n\n        \t<div class=\"bafg-slider-info-wraper\">\n\t\t<div style=\"\" class=\"slider-info-22567 bafg-slider-info\">\n\t\t\t\t\t<\/div>\n\t<\/div>\n\t\n        <style type=\"text\/css\">\n            \n        <\/style>\n        \n<ul>\n<li>Uma catraca de acesso ao port\u00e3o Flap Barrier \u00e9 constru\u00edda para controlar a entrada ou sa\u00edda de pessoas na \u00e1rea restrita. Geralmente \u00e9 usado em locais de alto fluxo de pedestres em ambas as dire\u00e7\u00f5es.<\/li>\n<li>O inv\u00f3lucro da barreira da aba \u00e9 feito de a\u00e7o inoxid\u00e1vel 304 escovado, o que cria um sistema de entrada perfeito e agrad\u00e1vel para se misturar \u00e0 maioria dos ambientes internos.<\/li>\n<li>Pode ser integrado com todos os sistemas de controle de acesso de terceiros (ex.: sistema de acesso RFID, Push the button, <a href=\"https:\/\/en.wikipedia.org\/wiki\/Fingerprint\" target=\"_blank\" rel=\"noopener\">impress\u00e3o digital<\/a> e reconhecimento facial com verifica\u00e7\u00e3o de temperatura).<\/li>\n<li>Em caso de emerg\u00eancia, o bra\u00e7o FlapTurnstile abrir\u00e1 automaticamente conectando-se \u00e0 bateria ou capacitor para permitir a passagem livre.<\/li>\n<li>A catraca de acesso com barreira de aba \u00e9 adequada para solu\u00e7\u00f5es de entrada luxuosas e elegantes.<\/li>\n<li>A catraca de acesso com barreira de aba apresenta velocidade r\u00e1pida, longa vida \u00fatil, alto desempenho e alta confiabilidade de opera\u00e7\u00e3o<\/li>\n<li>Fun\u00e7\u00e3o de alarme, em caso de intrus\u00e3o ilegal e intrus\u00e3o reversa.<\/li>\n<li>O sensor infravermelho ir\u00e1 soar um alarme e a luz LED piscar\u00e1 para evitar beliscar os pedestres.<\/li>\n<li>Fun\u00e7\u00e3o de reinicializa\u00e7\u00e3o autom\u00e1tica: os bra\u00e7os da aba fechar\u00e3o automaticamente dentro de 5s por padr\u00e3o (pode ser definido) se um passageiro atrasar para<\/li>\n<li>A catraca da aba permanecer\u00e1 na fechadura se algu\u00e9m quiser entrar sem passar o cart\u00e3o RFID.<\/li>\n<li>O indicador direcional LED nos postes superior e frontal.<\/li>\n<li>Fornecedor de port\u00e3o de catraca nos Emirados \u00c1rabes Unidos.<\/li>\n<li>Fun\u00e7\u00e3o anti-reversa, a catraca avisa caso algu\u00e9m queira entrar no sentido inverso.<\/li>\n<li>A corrida bidirecional ou unidirecional s\u00e3o op\u00e7\u00f5es<\/li>\n<\/ul>\n<p>Podemos fornecer toda a solu\u00e7\u00e3o de controle de acesso de seguran\u00e7a. Se voc\u00ea possui seu pr\u00f3prio sistema de controle de acesso, pode utilizar diretamente nossa catraca. Se voc\u00ea n\u00e3o tiver um, tamb\u00e9m fornecemos uma solu\u00e7\u00e3o completa de controle de acesso de seguran\u00e7a. Consulte o v\u00eddeo abaixo para obter detalhes.<\/p>\n<p><iframe title=\"Torniquete de barreira de aba, Port\u00e3o de barreira de aba, Torniquete de aba \u00f3ptica - MairsTurnstile\" src=\"https:\/\/www.youtube.com\/embed\/nK1a72Ax-jQ\" width=\"1150\" height=\"650\" frameborder=\"0\" allowfullscreen=\"allowfullscreen\"><\/iframe><\/p>\n","protected":false},"excerpt":{"rendered":"<p>1. Tamanho: 1400*300*980 mm (pode ser personalizado)<\/p>\n<p>2. Largura da pista: 550 mm (pode ser personalizado)<\/p>\n<p>3. Velocidade de passagem: 40 pessoas\/min<\/p>\n<p>4. Fonte de alimenta\u00e7\u00e3o: 110 V\/220 V 50\/60 Hz<\/p>\n<p>5. Motor de acionamento: 20 W<\/p>\n<p>6. Sinal de port\u00e3o aberto: contato seco\/rel\u00e9<\/p>\n<p>7. Motor de condu\u00e7\u00e3o: DC24V<\/p>\n<p>8. Peso: 70 kg\/p\u00e7s<\/p>\n<p>9. Material do bra\u00e7o da aba: Acr\u00edlico<\/p>\n<p>10. Material da caixa: a\u00e7o inoxid\u00e1vel 304<\/p>\n","protected":false},"featured_media":34586,"comment_status":"closed","ping_status":"closed","template":"","meta":{"neve_meta_sidebar":"","neve_meta_container":"","neve_meta_enable_content_width":"off","neve_meta_content_width":0,"neve_meta_title_alignment":"","neve_meta_author_avatar":"","neve_post_elements_order":"","neve_meta_disable_header":"","neve_meta_disable_footer":"","neve_meta_disable_title":"","_ti_tpc_template_sync":false,"_ti_tpc_template_id":""},"product_cat":[2013,2017],"product_tag":[2697,2113,2124,2216,2695],"class_list":["post-34585","product","type-product","status-publish","has-post-thumbnail","hentry","product_cat-barreira-de-flap","product_cat-torniquetes-de-seguranca","product_tag-catraca-de-acesso","product_tag-catraca-de-controle-de-acesso","product_tag-portao-de-barreira-de-catraca","product_tag-portao-de-catraca-com-barreira-de-aba","product_tag-solucoes-de-seguranca-para-catracas"],"_links":{"self":[{"href":"https:\/\/mairsturnstile.com\/pt\/wp-json\/wp\/v2\/product\/34585","targetHints":{"allow":["GET"]}}],"collection":[{"href":"https:\/\/mairsturnstile.com\/pt\/wp-json\/wp\/v2\/product"}],"about":[{"href":"https:\/\/mairsturnstile.com\/pt\/wp-json\/wp\/v2\/types\/product"}],"replies":[{"embeddable":true,"href":"https:\/\/mairsturnstile.com\/pt\/wp-json\/wp\/v2\/comments?post=34585"}],"version-history":[{"count":0,"href":"https:\/\/mairsturnstile.com\/pt\/wp-json\/wp\/v2\/product\/34585\/revisions"}],"wp:featuredmedia":[{"embeddable":true,"href":"https:\/\/mairsturnstile.com\/pt\/wp-json\/wp\/v2\/media\/34586"}],"wp:attachment":[{"href":"https:\/\/mairsturnstile.com\/pt\/wp-json\/wp\/v2\/media?parent=34585"}],"wp:term":[{"taxonomy":"product_cat","embeddable":true,"href":"https:\/\/mairsturnstile.com\/pt\/wp-json\/wp\/v2\/product_cat?post=34585"},{"taxonomy":"product_tag","embeddable":true,"href":"https:\/\/mairsturnstile.com\/pt\/wp-json\/wp\/v2\/product_tag?post=34585"}],"curies":[{"name":"wp","href":"https:\/\/api.w.org\/{rel}","templated":true}]}}