{"id":34594,"date":"2020-09-13T00:14:00","date_gmt":"2020-09-12T16:14:00","guid":{"rendered":"https:\/\/mairsturnstile.com\/product\/melhor-portao-de-barreira-flap-para-venda-mt244"},"modified":"2023-11-01T21:36:23","modified_gmt":"2023-11-01T13:36:23","slug":"flap-barrier-gate-malasia","status":"publish","type":"product","link":"https:\/\/mairsturnstile.com\/pt\/product\/flap-barrier-gate-malasia","title":{"rendered":"MELHOR PORT\u00c3O DE BARREIRA FLAP PARA VENDA MT244"},"content":{"rendered":"        <!-- 3D Model html -->\r\n        <div class=\"bp_grand wrapper_22554\">   \r\n        <div class=\"bp_model_parent\">\r\n            <model-viewer class=\"model\" id=\"bp_model_id_22554\" src=\"http:\/\/mairsturnstile.com\/wp-content\/uploads\/2023\/06\/MT258.glb\" alt=\"MT258\" camera-controls  loading=\"auto\" auto-rotate                        >\r\n            <\/model-viewer>\r\n        \r\n            <!-- Button -->\r\n            <svg id=\"openBtn\" width=\"30px\" height=\"30px\" viewBox=\"0 0 16 16\" xmlns=\"http:\/\/www.w3.org\/2000\/svg\" fill=\"#f2f2f2\" class=\"bi bi-arrows-fullscreen model-icon\">\r\n                <path fill-rule=\"evenodd\" d=\"M5.828 10.172a.5.5 0 0 0-.707 0l-4.096 4.096V11.5a.5.5 0 0 0-1 0v3.975a.5.5 0 0 0 .5.5H4.5a.5.5 0 0 0 0-1H1.732l4.096-4.096a.5.5 0 0 0 0-.707zm4.344 0a.5.5 0 0 1 .707 0l4.096 4.096V11.5a.5.5 0 1 1 1 0v3.975a.5.5 0 0 1-.5.5H11.5a.5.5 0 0 1 0-1h2.768l-4.096-4.096a.5.5 0 0 1 0-.707zm0-4.344a.5.5 0 0 0 .707 0l4.096-4.096V4.5a.5.5 0 1 0 1 0V.525a.5.5 0 0 0-.5-.5H11.5a.5.5 0 0 0 0 1h2.768l-4.096 4.096a.5.5 0 0 0 0 .707zm-4.344 0a.5.5 0 0 1-.707 0L1.025 1.732V4.5a.5.5 0 0 1-1 0V.525a.5.5 0 0 1 .5-.5H4.5a.5.5 0 0 1 0 1H1.732l4.096 4.096a.5.5 0 0 1 0 .707z\"\/>\r\n            <\/svg>\r\n        \r\n            <svg id=\"closeBtn\" class=\"model-icon\" width=\"34px\" height=\"34px\" viewBox=\"0 0 24 24\" xmlns=\"http:\/\/www.w3.org\/2000\/svg\">\r\n                <path fill=\"none\" stroke=\"#f2f2f2\" stroke-width=\"2\" d=\"M7,7 L17,17 M7,17 L17,7\"\/>\r\n            <\/svg>\r\n        \r\n        <\/div>\r\n        <\/div> \r\n\r\n        <!-- Model Viewer Style -->\r\n        <style>\r\n            \r\n            .wrapper_22554 .bp_model_parent, #bp_model_id_22554 {\r\n                width: 1150px;\r\n                max-width: 100%;\r\n                                            }\r\n            #bp_model_id_22554 {\r\n                height:700px;\r\n                background-color: #f2f2f2;\r\n            }\r\n            .fullscreen #bp_model_id_22554{\r\n            height: 100%;\r\n            width: 100%;\r\n            }\r\n            .wrapper_22554 .bp_model_parent{\r\n                justify-content: start            }\r\n            model-viewer.model {\r\n                --poster-color: transparent;\r\n            }\r\n        <\/style>\r\n        \r\n        \n<h4>FLAP BARREIRA PORT\u00c3O MAL\u00c1SIA MT244 tem 2 anos de garantia e suporte dur\u00e1vel de manuten\u00e7\u00e3o e reparo.<\/h4>\n<p>Podemos fornecer servi\u00e7os OEM e ODM. Temos designers experientes que podem realizar uma personaliza\u00e7\u00e3o profunda de acordo com qualquer uma de suas necessidades. Forneceremos uma s\u00e9rie de materiais, como renderiza\u00e7\u00f5es 3D, desenhos dimensionais, etc. Tamb\u00e9m fornecemos dispositivos biom\u00e9tricos, como leitores de cart\u00f5es IC\/ID, leitores de impress\u00e3o digital, leitores de c\u00f3digo QR, c\u00e2meras de reconhecimento facial e assim por diante.<\/p>\n<h4 style=\"font-weight: 400;\"><span style=\"font-style: inherit; font-weight: inherit;\">Flap Barrier Gate Mal\u00e1sia Sistema de controle de acesso RFID para metr\u00f4 MRT.<\/span><\/h4>\n<p>PORT\u00c3O DE BARREIRA FLAP Mal\u00e1sia MT221<span style=\"font-style: inherit; font-weight: inherit;\"> oferece um m\u00e9todo confi\u00e1vel e eficiente para garantir que apenas usu\u00e1rios autorizados tenham acesso a cada \u00e1rea de um edif\u00edcio. Um indicador de dire\u00e7\u00e3o mostrou que o acesso de pedestres ao status atual e orienta a passagem correta e suave dos pedestres. Estes <a href=\"https:\/\/mairsturnstile.com\/category\/security-turnstiles\/\">torniquetes de seguran\u00e7a<\/a> s\u00e3o altamente<\/span> integrados em todos os sistemas de controlo de acesso, tais como dispositivos <a href=\"https:\/\/en.wikipedia.org\/wiki\/Facial_recognition\" target=\"_blank\" rel=\"noopener\">de reconhecimento facial<\/a>, impress\u00f5es digitais, leitores QR, sistemas RFID, etc.<\/p>\n<p>Tamb\u00e9m podemos criar uma renderiza\u00e7\u00e3o para voc\u00ea em poucos minutos com base no seu cen\u00e1rio real. Tamb\u00e9m fornecemos layout e desenhos detalhados, bem como desenhos de instala\u00e7\u00e3o.<\/p>\n\n        \t\n\t<style type=\"text\/css\">\n\t\t.slider-info-22565.bafg-slider-info .bafg-slider-title {\n\t\t\t\t\t\tfont-size: 22px;\n\t\t\t\t\t\t\n\t\t\t\n\t\t\t\t\t}\n\n\t\t.slider-info-22565.bafg-slider-info .bafg-slider-description {\n\t\t\t\n\t\t\t\n\t\t\t\t\t}\n\n\t\t.slider-info-22565.bafg-slider-info .bafg_slider_readmore_button {\n\t\t\t\n\t\t\t\n\t\t\t\n\t\t\t\n\t\t\t\n\t\t\ttext-align: center;\n\n\t\t\t\n\t\t\t\n\t\t\t\n\t\t\t\n\t\t\t\n\t\t\t\n\t\t\t\t\t}\n\n\t\t.slider-info-22565.bafg-slider-info .bafg_slider_readmore_button:hover {\n\n\t\t\t\n\t\t\t\n\t\t\t\t\t}\n\n\t<\/style>\n\t\n        <div class=\"bafg-twentytwenty-container slider-22565 \" bafg-orientation=\"horizontal\" bafg-default-offset=\"0.5\" bafg-before-label=\"Before\" bafg-after-label=\"After\" bafg-overlay=\"yes\" bafg-move-slider-on-hover=\"yes\" bafg-click-to-move=\"no\">\n              \n            <img decoding=\"async\" class=\"skip-lazy\" src=\"http:\/\/mairsturnstile.com\/wp-content\/uploads\/2023\/06\/flap-barrier-gate-malaysia_4.jpg\" alt=\"\" data-skip-lazy title=\"\">\n            <img decoding=\"async\" class=\"skip-lazy\" src=\"http:\/\/mairsturnstile.com\/wp-content\/uploads\/2023\/06\/flap-barrier-gate-malaysia_5.jpg\" alt=\"\" data-skip-lazy title=\"\">\n           \n        <\/div>\n\n        \t<div class=\"bafg-slider-info-wraper\">\n\t\t<div style=\"\" class=\"slider-info-22565 bafg-slider-info\">\n\t\t\t\t\t<\/div>\n\t<\/div>\n\t\n        <style type=\"text\/css\">\n            \n        <\/style>\n        \n<ul>\n<li><strong>O port\u00e3o de barreira basculante Mal\u00e1sia<\/strong> \u00e9 constru\u00eddo para controlar as pessoas que entram ou saem da \u00e1rea restrita. Geralmente \u00e9 usado em locais de alto fluxo de pedestres em ambas as dire\u00e7\u00f5es.<\/li>\n<li>O inv\u00f3lucro da barreira da aba \u00e9 feito de a\u00e7o inoxid\u00e1vel 304 escovado, o que cria um sistema de entrada perfeito e agrad\u00e1vel para se misturar \u00e0 maioria dos ambientes internos.<\/li>\n<li>Pode ser integrado com todos os sistemas de controle de acesso de terceiros (ex.: sistema de acesso RFID, Push the button, impress\u00e3o digital e reconhecimento facial com verifica\u00e7\u00e3o de temperatura).<\/li>\n<li>Em caso de emerg\u00eancia, o bra\u00e7o FlapTurnstile abrir\u00e1 automaticamente conectando-se \u00e0 bateria ou capacitor para permitir a passagem livre.<\/li>\n<li>As catracas de aba \u00f3ptica s\u00e3o adequadas para solu\u00e7\u00f5es de entrada luxuosas e elegantes.<\/li>\n<li>A catraca flap apresenta velocidade r\u00e1pida, longa vida \u00fatil, alto desempenho e alta confiabilidade de opera\u00e7\u00e3o.<\/li>\n<li> Fun\u00e7\u00e3o de alarme, em caso de intrus\u00e3o ilegal e intrus\u00e3o reversa.<\/li>\n<li>O sensor infravermelho ir\u00e1 soar um alarme e a luz LED piscar\u00e1 para evitar beliscar os pedestres.<\/li>\n<li>Fun\u00e7\u00e3o de reinicializa\u00e7\u00e3o autom\u00e1tica: os bra\u00e7os da aba fechar\u00e3o automaticamente dentro de 5s por padr\u00e3o (pode ser definido) se um passageiro atrasar para<\/li>\n<li>A catraca da aba permanecer\u00e1 na fechadura se algu\u00e9m quiser entrar sem passar o cart\u00e3o RFID.<\/li>\n<li>Indicador direcional LED na coluna superior e frontal<\/li>\n<li>Fun\u00e7\u00e3o anti-reversa, a catraca avisa caso algu\u00e9m queira entrar no sentido inverso.<\/li>\n<li>A corrida bidirecional ou unidirecional s\u00e3o op\u00e7\u00f5es<\/li>\n<\/ul>\n<p>Podemos fornecer toda a solu\u00e7\u00e3o de controle de acesso de seguran\u00e7a. Se voc\u00ea possui seu pr\u00f3prio sistema de controle de acesso, pode utilizar diretamente nossa catraca. Se voc\u00ea n\u00e3o tiver um, tamb\u00e9m fornecemos uma solu\u00e7\u00e3o completa de controle de acesso de seguran\u00e7a. Consulte o v\u00eddeo abaixo para obter detalhes.<\/p>\n<p><iframe title=\"Torniquete de barreira de aba, Port\u00e3o de barreira de aba, Torniquete de aba \u00f3ptica - MairsTurnstile\" src=\"https:\/\/www.youtube.com\/embed\/nK1a72Ax-jQ\" width=\"1150\" height=\"650\" frameborder=\"0\" allowfullscreen=\"allowfullscreen\"><\/iframe><\/p>\n","protected":false},"excerpt":{"rendered":"<p>1. Tamanho: 1400*300*980 mm (pode ser personalizado)<\/p>\n<p>2. Largura da pista: 550 mm (pode ser personalizado)<\/p>\n<p>3. Velocidade de passagem: 40 pessoas\/min<\/p>\n<p>4. Fonte de alimenta\u00e7\u00e3o: 110 V\/220 V<\/p>\n<p>5. Motor de acionamento: 20 W<\/p>\n<p>6. Sinal de port\u00e3o aberto: contato seco\/rel\u00e9<\/p>\n<p>7. Motor de condu\u00e7\u00e3o: DC24V<\/p>\n<p>8. Belo port\u00e3o de barreira de aba Peso: 60 kg\/p\u00e7s<\/p>\n<p>9. Confiabilidade do mecanismo: 3 milh\u00f5es, sem culpa<\/p>\n<p><span style=\"color: #0000ff;\"><strong><a style=\"color: #0000ff;\" title=\"Torniquete de barreira de aba com certifica\u00e7\u00e3o CE Mairs\" href=\"http:\/\/mairsturnstile.com\/wp-content\/uploads\/2022\/09\/Mairs-CE-Certificate-Flap-Barrier-Turnstile.pdf\" target=\"_blank\" rel=\"noopener noreferrer\">Certificado CE,<\/a> <a style=\"color: #0000ff;\" title=\"Certificado Mairs ISO9001\" href=\"http:\/\/mairsturnstile.com\/wp-content\/uploads\/2022\/09\/Mairs-Registration-Certificate-ISO9001.pdf\" target=\"_blank\" rel=\"noopener noreferrer\">Certificado ISO9001.<\/a><\/strong><\/span><\/p>\n","protected":false},"featured_media":34595,"comment_status":"closed","ping_status":"closed","template":"","meta":{"neve_meta_sidebar":"","neve_meta_container":"","neve_meta_enable_content_width":"off","neve_meta_content_width":0,"neve_meta_title_alignment":"","neve_meta_author_avatar":"","neve_post_elements_order":"","neve_meta_disable_header":"","neve_meta_disable_footer":"","neve_meta_disable_title":"","_ti_tpc_template_sync":false,"_ti_tpc_template_id":""},"product_cat":[2013,2017],"product_tag":[2699,2130,2698,2458,2214],"class_list":["post-34594","product","type-product","status-publish","has-post-thumbnail","hentry","product_cat-barreira-de-flap","product_cat-torniquetes-de-seguranca","product_tag-barreira-de-retalho-malasia","product_tag-flap-barrier-turnstile-pt","product_tag-portao-de-barreira-de-aba-malasia","product_tag-portao-de-catraca-malasia","product_tag-sistema-de-barreira-de-aba"],"_links":{"self":[{"href":"https:\/\/mairsturnstile.com\/pt\/wp-json\/wp\/v2\/product\/34594","targetHints":{"allow":["GET"]}}],"collection":[{"href":"https:\/\/mairsturnstile.com\/pt\/wp-json\/wp\/v2\/product"}],"about":[{"href":"https:\/\/mairsturnstile.com\/pt\/wp-json\/wp\/v2\/types\/product"}],"replies":[{"embeddable":true,"href":"https:\/\/mairsturnstile.com\/pt\/wp-json\/wp\/v2\/comments?post=34594"}],"version-history":[{"count":0,"href":"https:\/\/mairsturnstile.com\/pt\/wp-json\/wp\/v2\/product\/34594\/revisions"}],"wp:featuredmedia":[{"embeddable":true,"href":"https:\/\/mairsturnstile.com\/pt\/wp-json\/wp\/v2\/media\/34595"}],"wp:attachment":[{"href":"https:\/\/mairsturnstile.com\/pt\/wp-json\/wp\/v2\/media?parent=34594"}],"wp:term":[{"taxonomy":"product_cat","embeddable":true,"href":"https:\/\/mairsturnstile.com\/pt\/wp-json\/wp\/v2\/product_cat?post=34594"},{"taxonomy":"product_tag","embeddable":true,"href":"https:\/\/mairsturnstile.com\/pt\/wp-json\/wp\/v2\/product_tag?post=34594"}],"curies":[{"name":"wp","href":"https:\/\/api.w.org\/{rel}","templated":true}]}}