{"id":30639,"date":"2021-06-10T16:00:22","date_gmt":"2021-06-10T08:00:22","guid":{"rendered":"https:\/\/mairsturnstile.com\/nakliye"},"modified":"2025-11-27T17:34:12","modified_gmt":"2025-11-27T09:34:12","slug":"nakliye","status":"publish","type":"page","link":"https:\/\/mairsturnstile.com\/tr\/nakliye","title":{"rendered":"Nakliye"},"content":{"rendered":"\t\t<div data-elementor-type=\"wp-page\" data-elementor-id=\"30639\" class=\"elementor elementor-30639 elementor-3036\" data-elementor-post-type=\"page\">\n\t\t\t\t\t\t<section class=\"elementor-section elementor-top-section elementor-element elementor-element-3266d83 elementor-section-height-min-height elementor-section-content-middle elementor-section-boxed elementor-section-height-default elementor-section-items-middle\" data-id=\"3266d83\" data-element_type=\"section\" data-settings=\"{&quot;background_background&quot;:&quot;classic&quot;,&quot;shape_divider_bottom&quot;:&quot;opacity-tilt&quot;}\">\n\t\t\t\t\t\t\t<div class=\"elementor-background-overlay\"><\/div>\n\t\t\t\t\t\t<div class=\"elementor-shape elementor-shape-bottom\" data-negative=\"false\">\n\t\t\t<svg xmlns=\"http:\/\/www.w3.org\/2000\/svg\" viewBox=\"0 0 2600 131.1\" preserveAspectRatio=\"none\">\n\t<path class=\"elementor-shape-fill\" d=\"M0 0L2600 0 2600 69.1 0 0z\"\/>\n\t<path class=\"elementor-shape-fill\" style=\"opacity:0.5\" d=\"M0 0L2600 0 2600 69.1 0 69.1z\"\/>\n\t<path class=\"elementor-shape-fill\" style=\"opacity:0.25\" d=\"M2600 0L0 0 0 130.1 2600 69.1z\"\/>\n<\/svg>\t\t<\/div>\n\t\t\t\t\t<div class=\"elementor-container elementor-column-gap-default\">\n\t\t\t\t\t<div class=\"elementor-column elementor-col-100 elementor-top-column elementor-element elementor-element-fc698e7\" data-id=\"fc698e7\" data-element_type=\"column\">\n\t\t\t<div class=\"elementor-widget-wrap elementor-element-populated\">\n\t\t\t\t\t\t<div class=\"elementor-element elementor-element-9416d4b elementor-widget-mobile__width-initial elementor-invisible elementor-widget elementor-widget-heading\" data-id=\"9416d4b\" data-element_type=\"widget\" data-settings=\"{&quot;_animation&quot;:&quot;fadeInDown&quot;}\" data-widget_type=\"heading.default\">\n\t\t\t\t<div class=\"elementor-widget-container\">\n\t\t\t<h2 class=\"elementor-heading-title elementor-size-default\">Yaln\u0131zca size ait olan turnikeleri pazar ve proje ihtiya\u00e7lar\u0131n\u0131za g\u00f6re \u00f6zelle\u015ftirin<\/h2>\t\t<\/div>\n\t\t\t\t<\/div>\n\t\t\t\t<div class=\"elementor-element elementor-element-9293aff elementor-widget-mobile__width-initial elementor-invisible elementor-widget elementor-widget-text-editor\" data-id=\"9293aff\" data-element_type=\"widget\" data-settings=\"{&quot;_animation&quot;:&quot;fadeInLeft&quot;}\" data-widget_type=\"text-editor.default\">\n\t\t\t\t<div class=\"elementor-widget-container\">\n\t\t\t\t\t\t\t<p>Avantaj\u0131m\u0131z, ihtiya\u00e7lar\u0131n\u0131z\u0131 kar\u015f\u0131layan bir kap\u0131y\u0131 h\u0131zl\u0131 bir \u015fekilde \u00f6zelle\u015ftirebilmemiz ve ayr\u0131ca size k\u0131sa bir s\u00fcre i\u00e7inde ger\u00e7ek kaplamalar\u0131 ve kurulum boyutlar\u0131n\u0131 sunabilmemizdir.<\/p>\n\t\t\t\t\t\t<\/div>\n\t\t\t\t<\/div>\n\t\t\t\t<div class=\"elementor-element elementor-element-65ab60c elementor-widget-mobile__width-initial elementor-invisible elementor-widget elementor-widget-button\" data-id=\"65ab60c\" data-element_type=\"widget\" data-settings=\"{&quot;_animation&quot;:&quot;fadeInRight&quot;}\" data-widget_type=\"button.default\">\n\t\t\t\t<div class=\"elementor-widget-container\">\n\t\t\t\t\t\t\t\t<a class=\"elementor-button elementor-button-link elementor-size-md elementor-animation-grow\" href=\"https:\/\/mairsturnstile.com\/m-series-turnstile\" target=\"_blank\">\n\t\t\t\t\t\t<span class=\"elementor-button-content-wrapper\">\n\t\t\t\t\t\t<span class=\"elementor-button-icon\">\n\t\t\t\t<i aria-hidden=\"true\" class=\"fas fa-arrow-circle-right\"><\/i>\t\t\t<\/span>\n\t\t\t\t\t\t\t\t\t<span class=\"elementor-button-text\">Devam\u0131n\u0131 oku<\/span>\n\t\t\t\t\t<\/span>\n\t\t\t\t\t<\/a>\n\t\t\t\t\t\t<\/div>\n\t\t\t\t<\/div>\n\t\t\t\t\t<\/div>\n\t\t<\/div>\n\t\t\t\t\t<\/div>\n\t\t<\/section>\n\t\t\t\t<section class=\"elementor-section elementor-top-section elementor-element elementor-element-b31da81 elementor-section-content-middle elementor-section-boxed elementor-section-height-default elementor-section-height-default\" data-id=\"b31da81\" data-element_type=\"section\">\n\t\t\t\t\t\t<div class=\"elementor-container elementor-column-gap-no\">\n\t\t\t\t\t<div class=\"elementor-column elementor-col-100 elementor-top-column elementor-element elementor-element-cf518fe\" data-id=\"cf518fe\" data-element_type=\"column\">\n\t\t\t<div class=\"elementor-widget-wrap elementor-element-populated\">\n\t\t\t\t\t\t<div class=\"elementor-element elementor-element-cfa8a16 elementor-widget elementor-widget-heading\" data-id=\"cfa8a16\" data-element_type=\"widget\" data-widget_type=\"heading.default\">\n\t\t\t\t<div class=\"elementor-widget-container\">\n\t\t\t<h3 class=\"elementor-heading-title elementor-size-default\">Nakliye<\/h3>\t\t<\/div>\n\t\t\t\t<\/div>\n\t\t\t\t<div class=\"elementor-element elementor-element-28d5005 elementor-widget elementor-widget-text-editor\" data-id=\"28d5005\" data-element_type=\"widget\" data-widget_type=\"text-editor.default\">\n\t\t\t\t<div class=\"elementor-widget-container\">\n\t\t\t\t\t\t\t<p><strong>D\u00fcnya \u00c7ap\u0131nda Nakliye:<\/strong><br \/>D\u00fcnyan\u0131n her yerindeki t\u00fcm \u00fclkelere <a href=\"https:\/\/mairsturnstile.com\/tr\" target=\"_blank\" rel=\"noopener\">turnike kap\u0131s\u0131<\/a> ihra\u00e7 ediyoruz. Maliyetten tasarruf etmek ve sorununuzu \u00e7\u00f6zmek bizim aray\u0131\u015f\u0131m\u0131zd\u0131r.<br \/><strong>\u00d6nc\u00fc zaman:<\/strong><br \/>Standart \u00fcr\u00fcnler i\u00e7in, 30 adet i\u00e7inde, \u00fcretilmesi genellikle bir hafta s\u00fcrer.<br \/>\u00d6zelle\u015ftirilmi\u015f \u00fcr\u00fcnler i\u00e7in daha fazla zaman alacakt\u0131r. Ayr\u0131nt\u0131lar i\u00e7in l\u00fctfen sat\u0131\u015f ekibimizle ileti\u015fime ge\u00e7in.<br \/><strong>Teslim s\u00fcresi:<\/strong><br \/>Ger\u00e7ek ihtiya\u00e7lar\u0131n\u0131za g\u00f6re ekspres, deniz ve hava yoluyla g\u00f6ndermeyi ayarlayabiliriz. Baz\u0131 \u00fclkelere DDU ve DDP hizmeti de bulunmaktad\u0131r. <br \/>By express and air is a faster way but costly. Deniz yoluyla daha ucuz ama zaman al\u0131yor.<br \/><strong>Nakliye Maliyeti:<\/strong><br \/>Farkl\u0131 b\u00f6lgeler, farkl\u0131 yollar, farkl\u0131 navlun oranlar\u0131 ve navlun de\u011fi\u015fmez de\u011fildir, l\u00fctfen navlun oranlar\u0131n\u0131z\u0131 onaylamak i\u00e7in bize dan\u0131\u015fmaktan \u00e7ekinmeyin. What&#8217;s APP&amp;Tel: <a href=\"https:\/\/api.whatsapp.com\/send?phone=+8615323431686\" target=\"_blank\" rel=\"noopener\">+8615323431686<\/a> Email: <a href=\"mailto:info@mairsturnstile.com\">info@mairsturnstile.com<\/a><\/p>\n<p>M\u00fc\u015fterinin kargo hacmine g\u00f6re en uygun ta\u015f\u0131ma plan\u0131n\u0131 sa\u011flayaca\u011f\u0131z. T\u00fcm y\u0131l boyunca i\u015fbirli\u011fi yapt\u0131\u011f\u0131m\u0131z deneyimli nakliye \u015firketleri var ve ger\u00e7ek ihtiya\u00e7lar\u0131n\u0131z\u0131 birle\u015ftirerek, nakliye maliyetinizi ve zaman\u0131n\u0131zdan tasarruf etmek i\u00e7in piyasadaki en uygun nakliyeyi yap\u0131yoruz.<\/p>\n<p>Mallar\u0131m\u0131z\u0131n hacmi nispeten b\u00fcy\u00fckt\u00fcr, deniz veya demiryolu ile gitmek uygun maliyetlidir, ancak zaman\u0131nda nispeten yava\u015ft\u0131r. Limana deniz ula\u015f\u0131m\u0131 veya istasyona demiryolu ula\u015f\u0131m\u0131 ayarlayabiliriz. Kap\u0131dan kap\u0131ya servisimiz de vard\u0131r. Avrupa&#8217;ya, demiryolu ile istasyona, ard\u0131ndan kamyonla m\u00fc\u015fterinin adresine teslimat yapabiliriz. Kuzey Amerika, G\u00fcney Amerika, G\u00fcneydo\u011fu Asya, Avustralya&#8217;ya deniz yoluyla, ard\u0131ndan kamyonla m\u00fc\u015fterinin adresine g\u00f6nderebiliriz. Her iki yol da \u00e7ifte g\u00fcmr\u00fckleme ve ayr\u0131ca vergi i\u00e7erir.<\/p>\n<p>Mallar\u0131n acilen y\u00fcklenmesi gerekiyorsa, genellikle 5-7 g\u00fcn i\u00e7inde havaalan\u0131na ekspres (DHL, Fedex, UPS, vb.) baz\u0131 \u00fclkelere kamyonla kap\u0131.<\/p>\n<p>Tabii ki, m\u00fc\u015fterilerin kendi i\u015fbirli\u011fi yapan ve g\u00fcvenilir nakliye \u015firketi varsa, mallar\u0131 do\u011frudan kendi nakliye \u015firketinize de teslim edebiliriz ve nakliyeciye ihracat beyan\u0131 konular\u0131nda yard\u0131mc\u0131 oluruz.<\/p>\n\t\t\t\t\t\t<\/div>\n\t\t\t\t<\/div>\n\t\t\t\t\t<\/div>\n\t\t<\/div>\n\t\t\t\t\t<\/div>\n\t\t<\/section>\n\t\t\t\t<section class=\"elementor-section elementor-top-section elementor-element elementor-element-94c8335 elementor-section-height-min-height elementor-section-content-middle elementor-section-boxed elementor-section-height-default elementor-section-items-middle\" data-id=\"94c8335\" data-element_type=\"section\" data-settings=\"{&quot;background_background&quot;:&quot;classic&quot;,&quot;shape_divider_top&quot;:&quot;opacity-tilt&quot;}\">\n\t\t\t\t\t\t\t<div class=\"elementor-background-overlay\"><\/div>\n\t\t\t\t\t\t<div class=\"elementor-shape elementor-shape-top\" data-negative=\"false\">\n\t\t\t<svg xmlns=\"http:\/\/www.w3.org\/2000\/svg\" viewBox=\"0 0 2600 131.1\" preserveAspectRatio=\"none\">\n\t<path class=\"elementor-shape-fill\" d=\"M0 0L2600 0 2600 69.1 0 0z\"\/>\n\t<path class=\"elementor-shape-fill\" style=\"opacity:0.5\" d=\"M0 0L2600 0 2600 69.1 0 69.1z\"\/>\n\t<path class=\"elementor-shape-fill\" style=\"opacity:0.25\" d=\"M2600 0L0 0 0 130.1 2600 69.1z\"\/>\n<\/svg>\t\t<\/div>\n\t\t\t\t\t<div class=\"elementor-container elementor-column-gap-default\">\n\t\t\t\t\t<div class=\"elementor-column elementor-col-100 elementor-top-column elementor-element elementor-element-265d0e1\" data-id=\"265d0e1\" data-element_type=\"column\">\n\t\t\t<div class=\"elementor-widget-wrap elementor-element-populated\">\n\t\t\t\t\t\t<div class=\"elementor-element elementor-element-2e4f473 elementor-widget-tablet__width-initial elementor-widget-mobile__width-initial elementor-invisible elementor-widget elementor-widget-heading\" data-id=\"2e4f473\" data-element_type=\"widget\" data-settings=\"{&quot;_animation&quot;:&quot;fadeInLeft&quot;}\" data-widget_type=\"heading.default\">\n\t\t\t\t<div class=\"elementor-widget-container\">\n\t\t\t<h2 class=\"elementor-heading-title elementor-size-default\">E\u015fsiz ve Moda Tasar\u0131ml\u0131 Turnike<\/h2>\t\t<\/div>\n\t\t\t\t<\/div>\n\t\t\t\t<div class=\"elementor-element elementor-element-963edf3 elementor-widget-tablet__width-initial elementor-widget-mobile__width-initial elementor-invisible elementor-widget elementor-widget-heading\" data-id=\"963edf3\" data-element_type=\"widget\" data-settings=\"{&quot;_animation&quot;:&quot;fadeInLeft&quot;}\" data-widget_type=\"heading.default\">\n\t\t\t\t<div class=\"elementor-widget-container\">\n\t\t\t<h2 class=\"elementor-heading-title elementor-size-default\">Fabrika Do\u011frudan Sat\u0131\u015f<\/h2>\t\t<\/div>\n\t\t\t\t<\/div>\n\t\t\t\t<div class=\"elementor-element elementor-element-c5fe28f elementor-widget-tablet__width-initial elementor-widget-mobile__width-initial elementor-invisible elementor-widget elementor-widget-heading\" data-id=\"c5fe28f\" data-element_type=\"widget\" data-settings=\"{&quot;_animation&quot;:&quot;fadeInLeft&quot;}\" data-widget_type=\"heading.default\">\n\t\t\t\t<div class=\"elementor-widget-container\">\n\t\t\t<h2 class=\"elementor-heading-title elementor-size-default\">OEM ve ODM Hizmeti\n<\/h2>\t\t<\/div>\n\t\t\t\t<\/div>\n\t\t\t\t<div class=\"elementor-element elementor-element-6347606 elementor-widget-tablet__width-initial elementor-widget-mobile__width-initial elementor-invisible elementor-widget elementor-widget-heading\" data-id=\"6347606\" data-element_type=\"widget\" data-settings=\"{&quot;_animation&quot;:&quot;fadeInLeft&quot;}\" data-widget_type=\"heading.default\">\n\t\t\t\t<div class=\"elementor-widget-container\">\n\t\t\t<h2 class=\"elementor-heading-title elementor-size-default\">K\u00fcresel ve H\u0131zl\u0131 Teslimat\n<\/h2>\t\t<\/div>\n\t\t\t\t<\/div>\n\t\t\t\t<div class=\"elementor-element elementor-element-cc7ed2d e-transform e-transform elementor-widget-mobile__width-initial elementor-invisible elementor-widget elementor-widget-heading\" data-id=\"cc7ed2d\" data-element_type=\"widget\" data-settings=\"{&quot;_animation&quot;:&quot;fadeInLeft&quot;,&quot;_transform_translateX_effect_hover&quot;:{&quot;unit&quot;:&quot;px&quot;,&quot;size&quot;:&quot;&quot;,&quot;sizes&quot;:[]},&quot;_transform_translateX_effect_hover_tablet&quot;:{&quot;unit&quot;:&quot;px&quot;,&quot;size&quot;:&quot;&quot;,&quot;sizes&quot;:[]},&quot;_transform_translateX_effect_hover_mobile&quot;:{&quot;unit&quot;:&quot;px&quot;,&quot;size&quot;:&quot;&quot;,&quot;sizes&quot;:[]},&quot;_transform_translateY_effect_hover&quot;:{&quot;unit&quot;:&quot;px&quot;,&quot;size&quot;:&quot;&quot;,&quot;sizes&quot;:[]},&quot;_transform_translateY_effect_hover_tablet&quot;:{&quot;unit&quot;:&quot;px&quot;,&quot;size&quot;:&quot;&quot;,&quot;sizes&quot;:[]},&quot;_transform_translateY_effect_hover_mobile&quot;:{&quot;unit&quot;:&quot;px&quot;,&quot;size&quot;:&quot;&quot;,&quot;sizes&quot;:[]},&quot;_transform_skewX_effect_hover&quot;:{&quot;unit&quot;:&quot;px&quot;,&quot;size&quot;:&quot;&quot;,&quot;sizes&quot;:[]},&quot;_transform_skewX_effect_hover_tablet&quot;:{&quot;unit&quot;:&quot;deg&quot;,&quot;size&quot;:&quot;&quot;,&quot;sizes&quot;:[]},&quot;_transform_skewX_effect_hover_mobile&quot;:{&quot;unit&quot;:&quot;deg&quot;,&quot;size&quot;:&quot;&quot;,&quot;sizes&quot;:[]},&quot;_transform_skewY_effect_hover&quot;:{&quot;unit&quot;:&quot;px&quot;,&quot;size&quot;:&quot;&quot;,&quot;sizes&quot;:[]},&quot;_transform_skewY_effect_hover_tablet&quot;:{&quot;unit&quot;:&quot;deg&quot;,&quot;size&quot;:&quot;&quot;,&quot;sizes&quot;:[]},&quot;_transform_skewY_effect_hover_mobile&quot;:{&quot;unit&quot;:&quot;deg&quot;,&quot;size&quot;:&quot;&quot;,&quot;sizes&quot;:[]}}\" data-widget_type=\"heading.default\">\n\t\t\t\t<div class=\"elementor-widget-container\">\n\t\t\t<h2 class=\"elementor-heading-title elementor-size-default\">Mairs Turnstile<\/h2>\t\t<\/div>\n\t\t\t\t<\/div>\n\t\t\t\t\t<\/div>\n\t\t<\/div>\n\t\t\t\t\t<\/div>\n\t\t<\/section>\n\t\t\t\t<\/div>\n\t\t","protected":false},"excerpt":{"rendered":"<p>Yaln\u0131zca size ait olan turnikeleri pazar ve proje ihtiya\u00e7lar\u0131n\u0131za g\u00f6re \u00f6zelle\u015ftirin Avantaj\u0131m\u0131z, ihtiya\u00e7lar\u0131n\u0131z\u0131 kar\u015f\u0131layan bir kap\u0131y\u0131 h\u0131zl\u0131 bir \u015fekilde \u00f6zelle\u015ftirebilmemiz ve ayr\u0131ca size k\u0131sa bir s\u00fcre i\u00e7inde ger\u00e7ek kaplamalar\u0131 ve kurulum boyutlar\u0131n\u0131 sunabilmemizdir. Devam\u0131n\u0131 oku Nakliye D\u00fcnya \u00c7ap\u0131nda Nakliye:D\u00fcnyan\u0131n her yerindeki t\u00fcm \u00fclkelere turnike kap\u0131s\u0131 ihra\u00e7 ediyoruz. Maliyetten tasarruf etmek ve sorununuzu \u00e7\u00f6zmek bizim aray\u0131\u015f\u0131m\u0131zd\u0131r.\u00d6nc\u00fc&hellip;&nbsp;<a href=\"https:\/\/mairsturnstile.com\/tr\/nakliye\" class=\"\" rel=\"bookmark\">Daha fazlas\u0131n\u0131 oku &raquo;<span class=\"screen-reader-text\">Nakliye<\/span><\/a><\/p>\n","protected":false},"author":1,"featured_media":0,"parent":0,"menu_order":0,"comment_status":"closed","ping_status":"closed","template":"elementor_header_footer","meta":{"neve_meta_sidebar":"full-width","neve_meta_container":"","neve_meta_enable_content_width":"on","neve_meta_content_width":100,"neve_meta_title_alignment":"","neve_meta_author_avatar":"","neve_post_elements_order":"","neve_meta_disable_header":"","neve_meta_disable_footer":"","neve_meta_disable_title":"","_ti_tpc_template_sync":false,"_ti_tpc_template_id":"","footnotes":""},"class_list":["post-30639","page","type-page","status-publish","hentry"],"_links":{"self":[{"href":"https:\/\/mairsturnstile.com\/tr\/wp-json\/wp\/v2\/pages\/30639","targetHints":{"allow":["GET"]}}],"collection":[{"href":"https:\/\/mairsturnstile.com\/tr\/wp-json\/wp\/v2\/pages"}],"about":[{"href":"https:\/\/mairsturnstile.com\/tr\/wp-json\/wp\/v2\/types\/page"}],"author":[{"embeddable":true,"href":"https:\/\/mairsturnstile.com\/tr\/wp-json\/wp\/v2\/users\/1"}],"replies":[{"embeddable":true,"href":"https:\/\/mairsturnstile.com\/tr\/wp-json\/wp\/v2\/comments?post=30639"}],"version-history":[{"count":4,"href":"https:\/\/mairsturnstile.com\/tr\/wp-json\/wp\/v2\/pages\/30639\/revisions"}],"predecessor-version":[{"id":67172,"href":"https:\/\/mairsturnstile.com\/tr\/wp-json\/wp\/v2\/pages\/30639\/revisions\/67172"}],"wp:attachment":[{"href":"https:\/\/mairsturnstile.com\/tr\/wp-json\/wp\/v2\/media?parent=30639"}],"curies":[{"name":"wp","href":"https:\/\/api.w.org\/{rel}","templated":true}]}}