{"id":30662,"date":"2023-07-10T15:40:01","date_gmt":"2023-07-10T07:40:01","guid":{"rendered":"https:\/\/mairsturnstile.com\/product\/lobi-mt-h318-icin-cam-salincak-kapisi-turnike"},"modified":"2024-05-27T17:24:04","modified_gmt":"2024-05-27T09:24:04","slug":"cam-salincak-kapisi","status":"publish","type":"product","link":"https:\/\/mairsturnstile.com\/tr\/urun\/cam-salincak-kapisi","title":{"rendered":"Lobi MT-H318 i\u00e7in Cam Sal\u0131ncak Kap\u0131s\u0131 Turnike"},"content":{"rendered":"        <!-- 3D Model html -->\r\n        <div class=\"bp_grand wrapper_23471\">   \r\n        <div class=\"bp_model_parent\">\r\n            <model-viewer class=\"model\" id=\"bp_model_id_23471\" src=\"http:\/\/mairsturnstile.com\/wp-content\/uploads\/2023\/06\/MT326.glb\" alt=\"MT326\" camera-controls  loading=\"auto\" auto-rotate                        >\r\n            <\/model-viewer>\r\n        \r\n            <!-- Button -->\r\n            <svg id=\"openBtn\" width=\"30px\" height=\"30px\" viewBox=\"0 0 16 16\" xmlns=\"http:\/\/www.w3.org\/2000\/svg\" fill=\"#f2f2f2\" class=\"bi bi-arrows-fullscreen model-icon\">\r\n                <path fill-rule=\"evenodd\" d=\"M5.828 10.172a.5.5 0 0 0-.707 0l-4.096 4.096V11.5a.5.5 0 0 0-1 0v3.975a.5.5 0 0 0 .5.5H4.5a.5.5 0 0 0 0-1H1.732l4.096-4.096a.5.5 0 0 0 0-.707zm4.344 0a.5.5 0 0 1 .707 0l4.096 4.096V11.5a.5.5 0 1 1 1 0v3.975a.5.5 0 0 1-.5.5H11.5a.5.5 0 0 1 0-1h2.768l-4.096-4.096a.5.5 0 0 1 0-.707zm0-4.344a.5.5 0 0 0 .707 0l4.096-4.096V4.5a.5.5 0 1 0 1 0V.525a.5.5 0 0 0-.5-.5H11.5a.5.5 0 0 0 0 1h2.768l-4.096 4.096a.5.5 0 0 0 0 .707zm-4.344 0a.5.5 0 0 1-.707 0L1.025 1.732V4.5a.5.5 0 0 1-1 0V.525a.5.5 0 0 1 .5-.5H4.5a.5.5 0 0 1 0 1H1.732l4.096 4.096a.5.5 0 0 1 0 .707z\"\/>\r\n            <\/svg>\r\n        \r\n            <svg id=\"closeBtn\" class=\"model-icon\" width=\"34px\" height=\"34px\" viewBox=\"0 0 24 24\" xmlns=\"http:\/\/www.w3.org\/2000\/svg\">\r\n                <path fill=\"none\" stroke=\"#f2f2f2\" stroke-width=\"2\" d=\"M7,7 L17,17 M7,17 L17,7\"\/>\r\n            <\/svg>\r\n        \r\n        <\/div>\r\n        <\/div> \r\n\r\n        <!-- Model Viewer Style -->\r\n        <style>\r\n            \r\n            .wrapper_23471 .bp_model_parent, #bp_model_id_23471 {\r\n                width: 1150px;\r\n                max-width: 100%;\r\n                                            }\r\n            #bp_model_id_23471 {\r\n                height:700px;\r\n                background-color: #f2f2f2;\r\n            }\r\n            .fullscreen #bp_model_id_23471{\r\n            height: 100%;\r\n            width: 100%;\r\n            }\r\n            .wrapper_23471 .bp_model_parent{\r\n                justify-content: start            }\r\n            model-viewer.model {\r\n                --poster-color: transparent;\r\n            }\r\n        <\/style>\r\n        \r\n        \n<h4><strong><b>THIS GLASS SWING GATE TURNSTILE <\/b><\/strong><strong><b>carries <\/b><\/strong><strong><b>a 2 years warranty and durable maintenance and repair support.<\/b><\/strong><strong><b> <\/b><\/strong><\/h4>\n<h4><strong><b>Mairs, ihtiya\u00e7lar\u0131n\u0131za g\u00f6re cam sal\u0131ncak kap\u0131s\u0131 turnikesini \u00f6zelle\u015ftirebilir. IC\/ID kart okuyucular\u0131, parmak izi taray\u0131c\u0131lar\u0131, QR kodu taray\u0131c\u0131lar\u0131, y\u00fcz tan\u0131ma kameralar\u0131 vb. gibi biyometrik cihazlar da sa\u011fl\u0131yoruz.<\/b><\/strong><\/h4>\n<p>Cam d\u00f6ner kap\u0131 turnikesi <strong><b>Otomatik \u0130nce H\u0131zl\u0131 <a href=\"https:\/\/mairsturnstile.com\/speed-gates.html\">Kap\u0131lar <\/a><\/b><\/strong><strong><b>g\u00fcvenlik turnikeleri, lobiler i\u00e7in Avustralya&#8217;ya h\u0131z kap\u0131lar\u0131 ihra\u00e7 ediyoruz.<\/b><\/strong><\/p>\n<p><strong><b>Cam sal\u0131ncak kap\u0131s\u0131 turnikesi, Mairs&#8217;in insan v\u00fccudunun ge\u00e7i\u015f durumunu tam olarak alg\u0131layabilen, \u00fcst d\u00fczey bir ak\u0131ll\u0131 sal\u0131ncak bariyeri turnike \u00fcr\u00fcn\u00fcd\u00fcr. <\/b><\/strong><\/p>\n<p>Bu cam sal\u0131ncak kap\u0131s\u0131 g\u00f6vde malzemesi, paslanmaya kar\u015f\u0131 dayan\u0131kl\u0131, dayan\u0131kl\u0131 ve y\u00fcksek diren\u00e7li 304 paslanmaz \u00e7eliktir.<\/p>\n<p><strong><b>Anti-tag after, anti-hit against, RS485 Haberle\u015fme, DC F\u0131r\u00e7as\u0131z motor, <\/b><\/strong>Bu h\u0131z kap\u0131s\u0131 turnikesi <strong><b>Her t\u00fcrl\u00fc Ge\u00e7i\u015f <a href=\"https:\/\/en.wikipedia.org\/wiki\/Access_control\" target=\"_blank\" rel=\"noopener\">Kontrol<\/a> Sistemi ile uyumlu<\/b><\/strong><strong><b>.<\/b><\/strong><\/p>\n<p>Otogarlarda, limanlarda, metrolarda, fabrikalarda, konaklarda, yerle\u015fim yerlerinde, otellerde, \u015firketlerde vb. ak\u0131ll\u0131 ak\u0131\u015f kontrol\u00fc gerektiren her yerde h\u0131zl\u0131 ge\u00e7i\u015f g\u00fcvenlik turnikeleri yayg\u0131n olarak kullan\u0131lmaktad\u0131r.<\/p>\n<p>Ger\u00e7ek senaryonuza g\u00f6re birka\u00e7 dakika i\u00e7inde sizin i\u00e7in bir render da olu\u015fturabiliriz. Ayr\u0131ca ayr\u0131nt\u0131l\u0131 yerle\u015fim planlar\u0131 ve \u00e7izimlerin yan\u0131 s\u0131ra kurulum \u00e7izimleri de sa\u011fl\u0131yoruz.<\/p>\n\n        \t\n\t<style type=\"text\/css\">\n\t\t.slider-info-23480.bafg-slider-info .bafg-slider-title {\n\t\t\t\t\t\tfont-size: 22px;\n\t\t\t\t\t\t\n\t\t\t\n\t\t\t\t\t}\n\n\t\t.slider-info-23480.bafg-slider-info .bafg-slider-description {\n\t\t\t\n\t\t\t\n\t\t\t\t\t}\n\n\t\t.slider-info-23480.bafg-slider-info .bafg_slider_readmore_button {\n\t\t\t\n\t\t\t\n\t\t\t\n\t\t\t\n\t\t\t\n\t\t\ttext-align: center;\n\n\t\t\t\n\t\t\t\n\t\t\t\n\t\t\t\n\t\t\t\n\t\t\t\n\t\t\t\t\t}\n\n\t\t.slider-info-23480.bafg-slider-info .bafg_slider_readmore_button:hover {\n\n\t\t\t\n\t\t\t\n\t\t\t\t\t}\n\n\t<\/style>\n\t\n        <div class=\"bafg-twentytwenty-container slider-23480 \" bafg-orientation=\"horizontal\" bafg-default-offset=\"0.5\" bafg-before-label=\"Before\" bafg-after-label=\"After\" bafg-overlay=\"yes\" bafg-move-slider-on-hover=\"yes\" bafg-click-to-move=\"no\">\n              \n            <img decoding=\"async\" class=\"skip-lazy\" src=\"http:\/\/mairsturnstile.com\/wp-content\/uploads\/2023\/07\/glass-swing-gate_4.jpg\" alt=\"glass swing gate\" data-skip-lazy title=\"\">\n            <img decoding=\"async\" class=\"skip-lazy\" src=\"http:\/\/mairsturnstile.com\/wp-content\/uploads\/2023\/07\/glass-swing-gate_5.jpg\" alt=\"glass swing gate\" data-skip-lazy title=\"\">\n           \n        <\/div>\n\n        \t<div class=\"bafg-slider-info-wraper\">\n\t\t<div style=\"\" class=\"slider-info-23480 bafg-slider-info\">\n\t\t\t\t\t<\/div>\n\t<\/div>\n\t\n        <style type=\"text\/css\">\n            \n        <\/style>\n        \n<p>Kullan\u0131c\u0131lar\u0131n bak\u0131m\u0131 ve kullan\u0131m\u0131 i\u00e7in uygun olan kendi kendine ar\u0131za kontrol\u00fc ve alarm istemi i\u015flevine sahiptir.<\/p>\n<p>Herhangi bir kontrol sinyali veya d\u00fc\u011fmesi ile ba\u011flanabilir ve tek y\u00f6nl\u00fc ve iki y\u00f6nl\u00fc kontrol\u00fc ger\u00e7ekle\u015ftirmek i\u00e7in herhangi bir kontrol cihaz\u0131 taraf\u0131ndan \u00e7\u0131kar\u0131labilir.<\/p>\n<p>Tek y\u00f6nl\u00fc ve iki y\u00f6nl\u00fc serbest ge\u00e7i\u015f keyfi olarak ayarlanabilir.<\/p>\n<p>Ekipman a\u00e7\u0131ld\u0131\u011f\u0131nda veya yeniden ba\u015flat\u0131ld\u0131\u011f\u0131nda, kullan\u0131c\u0131lar\u0131n bak\u0131m\u0131 ve kullan\u0131m\u0131 i\u00e7in uygun olan ar\u0131za kendi kendini kontrol etme i\u015flevine sahiptir.<\/p>\n<p>Y\u00fcksek yo\u011funluklu trafik \u0131\u015f\u0131\u011f\u0131 durum g\u00f6stergesi. Biri takip ediyorsa, kap\u0131 otomatik olarak ters itme kilitlemeyi ba\u015flatacak ve bir alarm verecektir. Yang\u0131n alarm\u0131 sinyalini ba\u011flay\u0131n.<\/p>\n<h4><strong>Teknik parametre:<\/strong><\/h4>\n<ol>\n<li>Boyut: 1500*<em>120<\/em>*980mm<\/li>\n<li>G\u00fc\u00e7 giri\u015fi: AC100-240V,50\/60HZ<\/li>\n<li>Malzeme: 400# ince \u00e7izgili 1,2 mm SUS 304<\/li>\n<li>Silah malzemesi: 10mm Akrilik<\/li>\n<li>Ge\u00e7i\u015f Geni\u015fli\u011fi: 600mm-1100mm<\/li>\n<li>Ge\u00e7i\u015f y\u00f6n\u00fc: Tek y\u00f6nl\u00fc\/\u00c7ift y\u00f6nl\u00fc<\/li>\n<li>Ge\u00e7i\u015f h\u0131z\u0131: 35-40 ki\u015fi\/dakika<\/li>\n<li>\u00c7al\u0131\u015fma s\u00fcresi: 0,2 saniye<\/li>\n<li>\u00c7al\u0131\u015fma gerilimi: 24V<\/li>\n<li>\u00c7al\u0131\u015fma nemi: %30~%95<\/li>\n<li>\u00c7al\u0131\u015fma s\u0131cakl\u0131\u011f\u0131: -40\u2103~+70\u2103<\/li>\n<li>\u00c7al\u0131\u015fma ortam\u0131: \u0130\u00e7 mekan<\/li>\n<li>Giri\u015f arabirimi: RS485 Kuru kontak<\/li>\n<li>Mekanizma: DC F\u0131r\u00e7as\u0131z motor<\/li>\n<li>K\u0131z\u0131l\u00f6tesi sens\u00f6r: 6 \u00e7ift<\/li>\n<li>MCBF: 5.000.000 D\u00f6ng\u00fc<\/li>\n<li>Uygulama: Havaalanlar\u0131, Oteller, H\u00fck\u00fcmet Binalar\u0131, vb.<\/li>\n<\/ol>\n<p>T\u00fcm g\u00fcvenlik eri\u015fim kontrol\u00fc \u00e7\u00f6z\u00fcm\u00fcn\u00fc sa\u011flayabiliriz. Kendi ge\u00e7i\u015f kontrol sisteminiz varsa, do\u011frudan turnike kap\u0131m\u0131z\u0131 kullanabilirsiniz. E\u011fer yoksa, eksiksiz bir g\u00fcvenlik eri\u015fim kontrol\u00fc \u00e7\u00f6z\u00fcm\u00fc de sa\u011fl\u0131yoruz. Ayr\u0131nt\u0131lar i\u00e7in l\u00fctfen a\u015fa\u011f\u0131daki videoya bak\u0131n.<\/p>\n<p><iframe title=\"YouTube video oynat\u0131c\u0131\" src=\"https:\/\/www.youtube.com\/embed\/hdoBSoM85u4?si=ZND_0-eK_4JpsgUt\" width=\"1150\" height=\"650\" frameborder=\"0\" allowfullscreen=\"allowfullscreen\"><span data-mce-type=\"bookmark\" style=\"display: inline-block; width: 0px; overflow: hidden; line-height: 0;\" class=\"mce_SELRES_start\"><\/span><\/iframe><\/p>\n","protected":false},"excerpt":{"rendered":"<p>1. Boyut: 1500*120*980mm (\u00f6zelle\u015ftirilebilir)<\/p>\n<p>2. G\u00fc\u00e7 giri\u015fi: AC100-240V,50\/60HZ<\/p>\n<p>3. Malzeme: 1.2mm SUS 304, 400# sa\u00e7 \u00e7izgisi ile<\/p>\n<p>4. Kol malzemesi: 10mm Akrilik<\/p>\n<p>5. Ge\u00e7i\u015f Geni\u015fli\u011fi: 600mm-1100mm (\u00f6zelle\u015ftirilebilir)<\/p>\n<p>6. Ge\u00e7i\u015f y\u00f6n\u00fc: Tek y\u00f6nl\u00fc\/\u00c7ift y\u00f6nl\u00fc<\/p>\n<p>7. Ge\u00e7i\u015f h\u0131z\u0131: 35-40 ki\u015fi\/dakika<\/p>\n<p>8. \u00c7al\u0131\u015fma s\u00fcresi: 0,2 saniye<\/p>\n<p>9. \u00c7al\u0131\u015fma ortam\u0131: \u0130\u00e7 mekan<\/p>\n<p><span style=\"color: #0000ff;\"><strong><a style=\"color: #0000ff;\" title=\"Mairs CE Belgeli H\u0131zl\u0131 Ge\u00e7i\u015f Turnikesi\" href=\"http:\/\/mairsturnstile.com\/wp-content\/uploads\/2022\/09\/Mairs-CE-Certificate-Speed-Gate-Turnstile.pdf\" target=\"_blank\" rel=\"noopener noreferrer\">CE Belgeli,<\/a> <a style=\"color: #0000ff;\" title=\"Mairs ISO9001 Sertifikas\u0131\" href=\"http:\/\/mairsturnstile.com\/wp-content\/uploads\/2022\/09\/Mairs-Registration-Certificate-ISO9001.pdf\" target=\"_blank\" rel=\"noopener noreferrer\">ISO9001 Sertifikal\u0131.<\/a><\/strong><\/span><\/p>\n<p><a title=\"Cam Kanatl\u0131 Kap\u0131 Turnike Bro\u015f\u00fcr\u00fc\" href=\"http:\/\/mairsturnstile.com\/wp-content\/uploads\/2023\/12\/MT-H318-brochure.pdf\" target=\"_blank\" rel=\"noopener noreferrer\"><img decoding=\"async\" class=\"alignnone size-full wp-image-11034\" src=\"http:\/\/mairsturnstile.com\/wp-content\/uploads\/2022\/09\/pdf-MairsTurnstile.png\" alt=\"\" width=\"32\" height=\"32\"><strong><span style=\"color: #0000ff;\">MT-H318 Cam Kanatl\u0131 Kap\u0131 Bro\u015f\u00fcr\u00fc<\/span><\/strong><\/a><\/p>\n","protected":false},"featured_media":29832,"comment_status":"closed","ping_status":"closed","template":"","meta":{"neve_meta_sidebar":"","neve_meta_container":"","neve_meta_enable_content_width":"off","neve_meta_content_width":0,"neve_meta_title_alignment":"","neve_meta_author_avatar":"","neve_post_elements_order":"","neve_meta_disable_header":"","neve_meta_disable_footer":"","neve_meta_disable_title":"","_ti_tpc_template_sync":false,"_ti_tpc_template_id":""},"product_cat":[1916,1917],"product_tag":[1919,1920,1921,1918],"class_list":["post-30662","product","type-product","status-publish","has-post-thumbnail","hentry","product_cat-guvenlik-turnikeleri","product_cat-salincak-turnike-kapisi","product_tag-hiz-kapilari","product_tag-hiz-kapilari-avustralya","product_tag-hiz-kapilari-nedir","product_tag-hiz-kapisi-turnikesi"],"_links":{"self":[{"href":"https:\/\/mairsturnstile.com\/tr\/wp-json\/wp\/v2\/product\/30662","targetHints":{"allow":["GET"]}}],"collection":[{"href":"https:\/\/mairsturnstile.com\/tr\/wp-json\/wp\/v2\/product"}],"about":[{"href":"https:\/\/mairsturnstile.com\/tr\/wp-json\/wp\/v2\/types\/product"}],"replies":[{"embeddable":true,"href":"https:\/\/mairsturnstile.com\/tr\/wp-json\/wp\/v2\/comments?post=30662"}],"version-history":[{"count":0,"href":"https:\/\/mairsturnstile.com\/tr\/wp-json\/wp\/v2\/product\/30662\/revisions"}],"wp:featuredmedia":[{"embeddable":true,"href":"https:\/\/mairsturnstile.com\/tr\/wp-json\/wp\/v2\/media\/29832"}],"wp:attachment":[{"href":"https:\/\/mairsturnstile.com\/tr\/wp-json\/wp\/v2\/media?parent=30662"}],"wp:term":[{"taxonomy":"product_cat","embeddable":true,"href":"https:\/\/mairsturnstile.com\/tr\/wp-json\/wp\/v2\/product_cat?post=30662"},{"taxonomy":"product_tag","embeddable":true,"href":"https:\/\/mairsturnstile.com\/tr\/wp-json\/wp\/v2\/product_tag?post=30662"}],"curies":[{"name":"wp","href":"https:\/\/api.w.org\/{rel}","templated":true}]}}