{"id":30666,"date":"2022-10-14T16:12:09","date_gmt":"2022-10-14T08:12:09","guid":{"rendered":"https:\/\/mairsturnstile.com\/product\/manuel-sallanir-yaya-turnike-kapisi-m3"},"modified":"2025-04-07T18:08:24","modified_gmt":"2025-04-07T10:08:24","slug":"manuel-salincak-yaya-turnike-kapisi","status":"publish","type":"product","link":"https:\/\/mairsturnstile.com\/tr\/urun\/manuel-salincak-yaya-turnike-kapisi","title":{"rendered":"\u00c7ift Y\u00f6nl\u00fc Manuel A\u00e7\u0131l\u0131r Yaya Turnike Kap\u0131s\u0131"},"content":{"rendered":"        <!-- 3D Model html -->\r\n        <div class=\"bp_grand wrapper_25054\">   \r\n        <div class=\"bp_model_parent\">\r\n            <model-viewer class=\"model\" id=\"bp_model_id_25054\" src=\"http:\/\/mairsturnstile.com\/wp-content\/uploads\/2024\/11\/m6.glb\" alt=\"m6\" camera-controls  loading=\"auto\" auto-rotate                        >\r\n            <\/model-viewer>\r\n        \r\n            <!-- Button -->\r\n            <svg id=\"openBtn\" width=\"30px\" height=\"30px\" viewBox=\"0 0 16 16\" xmlns=\"http:\/\/www.w3.org\/2000\/svg\" fill=\"#f2f2f2\" class=\"bi bi-arrows-fullscreen model-icon\">\r\n                <path fill-rule=\"evenodd\" d=\"M5.828 10.172a.5.5 0 0 0-.707 0l-4.096 4.096V11.5a.5.5 0 0 0-1 0v3.975a.5.5 0 0 0 .5.5H4.5a.5.5 0 0 0 0-1H1.732l4.096-4.096a.5.5 0 0 0 0-.707zm4.344 0a.5.5 0 0 1 .707 0l4.096 4.096V11.5a.5.5 0 1 1 1 0v3.975a.5.5 0 0 1-.5.5H11.5a.5.5 0 0 1 0-1h2.768l-4.096-4.096a.5.5 0 0 1 0-.707zm0-4.344a.5.5 0 0 0 .707 0l4.096-4.096V4.5a.5.5 0 1 0 1 0V.525a.5.5 0 0 0-.5-.5H11.5a.5.5 0 0 0 0 1h2.768l-4.096 4.096a.5.5 0 0 0 0 .707zm-4.344 0a.5.5 0 0 1-.707 0L1.025 1.732V4.5a.5.5 0 0 1-1 0V.525a.5.5 0 0 1 .5-.5H4.5a.5.5 0 0 1 0 1H1.732l4.096 4.096a.5.5 0 0 1 0 .707z\"\/>\r\n            <\/svg>\r\n        \r\n            <svg id=\"closeBtn\" class=\"model-icon\" width=\"34px\" height=\"34px\" viewBox=\"0 0 24 24\" xmlns=\"http:\/\/www.w3.org\/2000\/svg\">\r\n                <path fill=\"none\" stroke=\"#f2f2f2\" stroke-width=\"2\" d=\"M7,7 L17,17 M7,17 L17,7\"\/>\r\n            <\/svg>\r\n        \r\n        <\/div>\r\n        <\/div> \r\n\r\n        <!-- Model Viewer Style -->\r\n        <style>\r\n            \r\n            .wrapper_25054 .bp_model_parent, #bp_model_id_25054 {\r\n                width: 1150px;\r\n                max-width: 100%;\r\n                                            }\r\n            #bp_model_id_25054 {\r\n                height:700px;\r\n                background-color: #f9f9f9;\r\n            }\r\n            .fullscreen #bp_model_id_25054{\r\n            height: 100%;\r\n            width: 100%;\r\n            }\r\n            .wrapper_25054 .bp_model_parent{\r\n                justify-content: start            }\r\n            model-viewer.model {\r\n                --poster-color: transparent;\r\n            }\r\n        <\/style>\r\n        \r\n        \n<h4>\u00c7ift y\u00f6nl\u00fc MANUEL D\u00d6NER YAYA GE\u00c7\u0130D\u0130 M6, 2 y\u0131l garanti ve dayan\u0131kl\u0131 bak\u0131m ve onar\u0131m deste\u011fi ta\u015f\u0131r.<\/h4>\n<p>OEM ve ODM hizmetleri sa\u011flayabiliriz. IC\/ID kart okuyucular\u0131, parmak izi taray\u0131c\u0131lar\u0131, QR kodu taray\u0131c\u0131lar\u0131, y\u00fcz tan\u0131ma kameralar\u0131 vb. gibi biyometrik cihazlar da sa\u011fl\u0131yoruz.<\/p>\n<p>Manuel d\u00f6ner yaya turnike kap\u0131s\u0131, manuel olarak kontrol edilebilen ve tek y\u00f6nl\u00fc veya iki y\u00f6nl\u00fc trafi\u011fi kontrol etmek i\u00e7in kullan\u0131lan basit, d\u00fc\u015f\u00fck maliyetli bir <a href=\"https:\/\/mairsturnstile.com\/swing-turnstile-gate.html\" target=\"_blank\" rel=\"noopener\">d\u00f6ner turnikedir<\/a>. \u00c7al\u0131\u015fma y\u00f6n\u00fcn\u00fc kontrol etmek i\u00e7in yerle\u015fik y\u00fcksek performansl\u0131 bir yaya sahiptir. Kolu manuel olarak itin, kap\u0131n\u0131n a\u00e7\u0131lmas\u0131 kolayd\u0131r ve yay kap\u0131y\u0131 otomatik olarak kapatacakt\u0131r.  <strong><br \/>\n<\/strong><\/p>\n<p>Manuel d\u00f6ner yaya turnike kap\u0131s\u0131 tek y\u00f6nl\u00fc veya \u00e7ift y\u00f6nl\u00fc trafik i\u00e7in ayarlanabilir ve bir g\u00fc\u00e7 kayna\u011f\u0131na ba\u011flanmadan \u00e7al\u0131\u015fabilir. 900 mm&#8217;lik sal\u0131n\u0131m kolu, engelli ki\u015filer, b\u00fcy\u00fck bagaj veya daha b\u00fcy\u00fck y\u00fck ta\u015f\u0131yanlar i\u00e7in uygundur. Sarka\u00e7 ayr\u0131ca 1800 mm&#8217;lik ultra geni\u015f bir kanal olu\u015fturabilir. S\u00fcpermarketlerde, depolarda vb. i\u00e7 ve d\u0131\u015f mekan giri\u015fleri i\u00e7in uygundur.   <\/p>\n<p>Manuel sallanan yaya turnike kap\u0131s\u0131, paslanmaya dayan\u0131kl\u0131 ve dayan\u0131kl\u0131 paslanmaz \u00e7elik sacdan yap\u0131lm\u0131\u015ft\u0131r. Ekipman\u0131n kullan\u0131m\u0131 basittir ve fazla bak\u0131m gerektirmez. A\u00e7\u0131k veya kapal\u0131 \u00e7al\u0131\u015fma ortamlar\u0131nda kullan\u0131labilir. Bir veya iki y\u00f6nde insan ak\u0131\u015f\u0131n\u0131 kontrol eden giri\u015f ve \u00e7\u0131k\u0131\u015f kanallar\u0131na uygulanabilir.<\/p>\n<p>Manuel sallanan yaya turnike kap\u0131s\u0131, esas olarak s\u00fcpermarketler, ma\u011fazalar, havaalanlar\u0131, istasyonlar, r\u0131ht\u0131mlar, fabrikalar, i\u015fletmeler ve kurumlar ve tek y\u00f6nl\u00fc kontrol trafi\u011fine sahip di\u011fer ticari yerlerde, esas olarak y\u00f6nlendirme i\u00e7in kullan\u0131l\u0131r. Ticari mekanlardaki yo\u011fun insan ak\u0131\u015f\u0131 ve sabit olmayan personel nedeniyle ge\u00e7i\u015f i\u00e7in kart kayd\u0131rma, y\u00fcz tan\u0131ma vb. \u00f6zellikleri kullanmak imkans\u0131zd\u0131r, bu da hem trafi\u011fin verimini d\u00fc\u015f\u00fcrmekte hem de trafi\u011fin y\u00f6n\u00fcn\u00fc de\u011fi\u015ftirememektedir. Manuel a\u00e7\u0131l\u0131r yaya turnikesi kap\u0131s\u0131 kurman\u0131n temel amac\u0131, ana giri\u015f ve \u00e7\u0131k\u0131\u015fta insanlar\u0131n ge\u00e7i\u015fini s\u0131n\u0131rlamak, giri\u015f ve \u00e7\u0131k\u0131\u015f y\u00f6nlerini y\u00f6nlendirmek ve ayr\u0131ca acil durumlarda serbest \u00e7\u0131k\u0131\u015fa izin vermektir.<\/p>\n<p>Ara s\u0131ra giri\u015f \u00e7\u0131k\u0131\u015f\u0131n yasak oldu\u011fu durumlar\u0131 g\u00f6z \u00f6n\u00fcnde bulundurarak vidal\u0131 kilit yapt\u0131k. Personel giri\u015f \u00e7\u0131k\u0131\u015f\u0131n\u0131 k\u0131s\u0131tlamak gerekti\u011finde viday\u0131 s\u0131k\u0131n, yay frenlenecek, giri\u015f \u00e7\u0131k\u0131\u015f engellenecektir. Tesis duruma g\u00f6re kolayca uyum sa\u011flayabilir.<\/p>\n<p>Ger\u00e7ek senaryonuza g\u00f6re birka\u00e7 dakika i\u00e7inde sizin i\u00e7in bir render da olu\u015fturabiliriz. Ayr\u0131ca ayr\u0131nt\u0131l\u0131 yerle\u015fim planlar\u0131 ve \u00e7izimlerin yan\u0131 s\u0131ra kurulum \u00e7izimleri de sa\u011fl\u0131yoruz.<\/p>\n\n        \t\n\t<style type=\"text\/css\">\n\t\t.slider-info-46017.bafg-slider-info .bafg-slider-title {\n\t\t\t\t\t\tfont-size: 22px;\n\t\t\t\t\t\t\n\t\t\t\n\t\t\t\t\t}\n\n\t\t.slider-info-46017.bafg-slider-info .bafg-slider-description {\n\t\t\t\n\t\t\t\n\t\t\t\t\t}\n\n\t\t.slider-info-46017.bafg-slider-info .bafg_slider_readmore_button {\n\t\t\t\n\t\t\t\n\t\t\t\n\t\t\t\n\t\t\t\n\t\t\ttext-align: center;\n\n\t\t\t\n\t\t\t\n\t\t\t\n\t\t\t\n\t\t\t\n\t\t\t\n\t\t\t\t\t}\n\n\t\t.slider-info-46017.bafg-slider-info .bafg_slider_readmore_button:hover {\n\n\t\t\t\n\t\t\t\n\t\t\t\t\t}\n\n\t<\/style>\n\t\n        <div class=\"bafg-twentytwenty-container slider-46017 \" bafg-orientation=\"horizontal\" bafg-default-offset=\"0.5\" bafg-before-label=\"Before\" bafg-after-label=\"After\" bafg-overlay=\"yes\" bafg-move-slider-on-hover=\"yes\" bafg-click-to-move=\"no\">\n              \n            <img decoding=\"async\" class=\"skip-lazy\" src=\"http:\/\/mairsturnstile.com\/wp-content\/uploads\/2022\/10\/manual-swing-pedestrian-turnstile-gate-9.jpg\" alt=\"manual swing pedestrian turnstile gate\" data-skip-lazy title=\"\">\n            <img decoding=\"async\" class=\"skip-lazy\" src=\"http:\/\/mairsturnstile.com\/wp-content\/uploads\/2022\/10\/manual-swing-pedestrian-turnstile-gate-10.jpg\" alt=\"manual swing pedestrian turnstile gate\" data-skip-lazy title=\"\">\n           \n        <\/div>\n\n        \t<div class=\"bafg-slider-info-wraper\">\n\t\t<div style=\"\" class=\"slider-info-46017 bafg-slider-info\">\n\t\t\t\t\t<\/div>\n\t<\/div>\n\t\n        <style type=\"text\/css\">\n            \n        <\/style>\n        \n<p>Manuel d\u00f6ner yaya turnike kap\u0131s\u0131, s\u00fcpermarket deposu yaya <a href=\"https:\/\/en.wikipedia.org\/wiki\/Access_control\" target=\"_blank\" rel=\"noopener\">eri\u015fim kontrol\u00fc<\/a> i\u00e7in yayg\u0131n olarak kullan\u0131lmaktad\u0131r. \u00dccretsiz eri\u015fim sa\u011flamak i\u00e7in \u00e7it her iki tarafa da eklenebilir. Yerden tasarruf edebilen minimum boyuttur. Acil \u00e7\u0131k\u0131\u015f olarak da kullan\u0131labilir. Mairsturnstile, \u00e7evrimi\u00e7i olarak en ucuz fiyata en kaliteli Swing turnike kap\u0131s\u0131n\u0131 sunar. Profesyonel turnike \u00fcreticisi Mairs, en ucuz s\u00fcpermarket sal\u0131ncak kap\u0131s\u0131 turnike bariyer kap\u0131s\u0131n\u0131 sunar.<\/p>\n<p>Bu manuel a\u00e7\u0131l\u0131r yaya turnike kap\u0131s\u0131, son derece etkili ancak ekonomik bir eri\u015fim g\u00fcvenli\u011fi \u00e7\u00f6z\u00fcm\u00fc sunar. Pratik oldu\u011fu kadar g\u00fcvenilir olan manuel a\u00e7\u0131l\u0131r yaya turnike kap\u0131s\u0131, giri\u015f\/\u00e7\u0131k\u0131\u015f ak\u0131\u015f\u0131n\u0131 pozitif olarak belirtmek i\u00e7in alanlarda kullan\u0131lmak \u00fczere tasarlanm\u0131\u015ft\u0131r ve \u00f6zellikle maksimum g\u00fcvenli\u011fin gerekli olmad\u0131\u011f\u0131 yerler i\u00e7in uygundur. Manuel kap\u0131 90 derece a\u00e7\u0131k olacak ve yay gerilimi alt\u0131nda kapal\u0131 konuma d\u00f6necek \u015fekilde tasarlanm\u0131\u015ft\u0131r.<\/p>\n<p>Bu manuel kap\u0131lar\u0131n standart bir \u00f6zelli\u011fi, acil \u00e7\u0131k\u0131\u015f kolayl\u0131\u011f\u0131 sa\u011flamak i\u00e7in sert v\u00fccut bas\u0131nc\u0131yla ters y\u00f6nde a\u00e7\u0131labilmesidir. Basit bir ayar, \u00e7\u0131k\u0131\u015f olarak kullan\u0131ld\u0131\u011f\u0131nda bu kolayl\u0131\u011f\u0131 ortadan kald\u0131r\u0131r. Giri\u015f-\u00e7\u0131k\u0131\u015f ve yaya ge\u00e7i\u015fleri yapmak i\u00e7in kullan\u0131labilirler, odalar\u0131 b\u00f6l\u00fcp bloke edebilirler, kibarca m\u00fc\u015fterileri giri\u015ften kasaya y\u00f6nlendirebilirler ve stoklad\u0131\u011f\u0131n\u0131z geni\u015f \u00fcr\u00fcn yelpazesi aras\u0131nda size y\u00f6n bulma imkan\u0131 sa\u011flarlar.<\/p>\n<p>Size: 89*89*1050mm(can be customized)<br \/>\nPower Supply: no need;<br \/>\nOperating Temperature: -40\u2103-70\u2103<br \/>\nRelative Humidity: \u226495%, No Condensation<br \/>\nPassage Width: standard 600mm max 900mm<br \/>\nPassage direction: Single directional<br \/>\nPass rate: 25-30 persons\/minute<br \/>\nOperating control: High-tension spring<br \/>\nPower input: None<br \/>\nManufacturing Technique: CNC laser cutting<br \/>\nWorking environment: indoor and outdoor(added the rain shed )<br \/>\nMaterial: SUS 304 Stainless steel(thickness is no less than 1.3mm)<br \/>\nColour: SSB(US32D)-Stainless Steel Brushed \/ Powder Coating(Optional), or other Colour you like<br \/>\nOperation Site: Subway Station, Hoverport, Tourism Sports, Exhibition, Swimming Hall, Residence Area, Enterprise\u2019s Entrance and Exit Attendance, Gateway Guard, Charge Management, Special Access Control<\/p>\n<p>T\u00fcm g\u00fcvenlik eri\u015fim kontrol\u00fc \u00e7\u00f6z\u00fcm\u00fcn\u00fc sa\u011flayabiliriz. Kendi ge\u00e7i\u015f kontrol sisteminiz varsa, do\u011frudan turnike kap\u0131m\u0131z\u0131 kullanabilirsiniz. E\u011fer yoksa, eksiksiz bir g\u00fcvenlik eri\u015fim kontrol\u00fc \u00e7\u00f6z\u00fcm\u00fc de sa\u011fl\u0131yoruz. Ayr\u0131nt\u0131lar i\u00e7in l\u00fctfen a\u015fa\u011f\u0131daki videoya bak\u0131n.<\/p>\n","protected":false},"excerpt":{"rendered":"<p>1. Boyut: 89*89*980 mm (\u00f6zelle\u015ftirilebilir)<\/p>\n<p>2. Malzeme: SUS 304 paslanmaz \u00e7elik<\/p>\n<p>3. Ge\u00e7i\u015f Geni\u015fli\u011fi: standart 600mm max 900mm<\/p>\n<p>4. Ge\u00e7i\u015f y\u00f6n\u00fc: Tek y\u00f6nl\u00fc<\/p>\n<p>5. Ge\u00e7i\u015f oran\u0131: 25-30 ki\u015fi\/dakika<\/p>\n<p>6. \u00c7al\u0131\u015ft\u0131rma kontrol\u00fc: Y\u00fcksek gerilim yay\u0131<\/p>\n<p>7. G\u00fc\u00e7 giri\u015fi: Yok<\/p>\n<p>8. \u00c7al\u0131\u015fma ortam\u0131: \u0130\u00e7 ve d\u0131\u015f mekan<\/p>\n<p>9. Working temperature: -40\u00b0C<em>~+70\u00b0C<\/em><\/p>\n<p><span style=\"color: #0000ff;\"><strong><a style=\"color: #0000ff;\" title=\"Mairs CE Belgeli Sal\u0131ncak Turnike Kap\u0131s\u0131\" href=\"http:\/\/mairsturnstile.com\/wp-content\/uploads\/2022\/09\/Mairs-CE-Certificate-Swing-Turnstile-Gate.pdf\" target=\"_blank\" rel=\"noopener noreferrer\">CE Belgeli,<\/a> <a style=\"color: #0000ff;\" title=\"Mairs ISO9001 Sertifikas\u0131\" href=\"http:\/\/mairsturnstile.com\/wp-content\/uploads\/2022\/09\/Mairs-Registration-Certificate-ISO9001.pdf\" target=\"_blank\" rel=\"noopener noreferrer\">ISO9001 Sertifikal\u0131.<\/a><\/strong><\/span><\/p>\n","protected":false},"featured_media":59931,"comment_status":"closed","ping_status":"closed","template":"","meta":{"neve_meta_sidebar":"","neve_meta_container":"","neve_meta_enable_content_width":"off","neve_meta_content_width":0,"neve_meta_title_alignment":"","neve_meta_author_avatar":"","neve_post_elements_order":"","neve_meta_disable_header":"","neve_meta_disable_footer":"","neve_meta_disable_title":"","_ti_tpc_template_sync":false,"_ti_tpc_template_id":""},"product_cat":[1916,1917],"product_tag":[1926,1928,1929,1930,1922,1927],"class_list":["post-30666","product","type-product","status-publish","has-post-thumbnail","hentry","product_cat-guvenlik-turnikeleri","product_cat-salincak-turnike-kapisi","product_tag-cikis-turnikesi","product_tag-manuel-salincak-yaya-turnike-kapisi","product_tag-manuel-turnike","product_tag-manuel-turnike-kapisi","product_tag-salincak-turnikesi","product_tag-supermarket-salincak-kapisi"],"_links":{"self":[{"href":"https:\/\/mairsturnstile.com\/tr\/wp-json\/wp\/v2\/product\/30666","targetHints":{"allow":["GET"]}}],"collection":[{"href":"https:\/\/mairsturnstile.com\/tr\/wp-json\/wp\/v2\/product"}],"about":[{"href":"https:\/\/mairsturnstile.com\/tr\/wp-json\/wp\/v2\/types\/product"}],"replies":[{"embeddable":true,"href":"https:\/\/mairsturnstile.com\/tr\/wp-json\/wp\/v2\/comments?post=30666"}],"version-history":[{"count":0,"href":"https:\/\/mairsturnstile.com\/tr\/wp-json\/wp\/v2\/product\/30666\/revisions"}],"wp:featuredmedia":[{"embeddable":true,"href":"https:\/\/mairsturnstile.com\/tr\/wp-json\/wp\/v2\/media\/59931"}],"wp:attachment":[{"href":"https:\/\/mairsturnstile.com\/tr\/wp-json\/wp\/v2\/media?parent=30666"}],"wp:term":[{"taxonomy":"product_cat","embeddable":true,"href":"https:\/\/mairsturnstile.com\/tr\/wp-json\/wp\/v2\/product_cat?post=30666"},{"taxonomy":"product_tag","embeddable":true,"href":"https:\/\/mairsturnstile.com\/tr\/wp-json\/wp\/v2\/product_tag?post=30666"}],"curies":[{"name":"wp","href":"https:\/\/api.w.org\/{rel}","templated":true}]}}