{"id":30667,"date":"2022-09-07T11:46:49","date_gmt":"2022-09-07T03:46:49","guid":{"rendered":"https:\/\/mairsturnstile.com\/product\/gecis-kontrol-turnikesi-hizli-kapilar-mt-s306"},"modified":"2024-05-27T17:27:22","modified_gmt":"2024-05-27T09:27:22","slug":"erisim-kontrol-turnikesi","status":"publish","type":"product","link":"https:\/\/mairsturnstile.com\/tr\/urun\/erisim-kontrol-turnikesi","title":{"rendered":"GE\u00c7\u0130\u015e KONTROL TURN\u0130KES\u0130 HIZLI KAPILAR MT-S306"},"content":{"rendered":"        <!-- 3D Model html -->\r\n        <div class=\"bp_grand wrapper_26320\">   \r\n        <div class=\"bp_model_parent\">\r\n            <model-viewer class=\"model\" id=\"bp_model_id_26320\" src=\"http:\/\/mairsturnstile.com\/wp-content\/uploads\/2023\/07\/MT-S306.glb\" alt=\"MT-S306\" camera-controls  loading=\"auto\" auto-rotate                        >\r\n            <\/model-viewer>\r\n        \r\n            <!-- Button -->\r\n            <svg id=\"openBtn\" width=\"30px\" height=\"30px\" viewBox=\"0 0 16 16\" xmlns=\"http:\/\/www.w3.org\/2000\/svg\" fill=\"#f2f2f2\" class=\"bi bi-arrows-fullscreen model-icon\">\r\n                <path fill-rule=\"evenodd\" d=\"M5.828 10.172a.5.5 0 0 0-.707 0l-4.096 4.096V11.5a.5.5 0 0 0-1 0v3.975a.5.5 0 0 0 .5.5H4.5a.5.5 0 0 0 0-1H1.732l4.096-4.096a.5.5 0 0 0 0-.707zm4.344 0a.5.5 0 0 1 .707 0l4.096 4.096V11.5a.5.5 0 1 1 1 0v3.975a.5.5 0 0 1-.5.5H11.5a.5.5 0 0 1 0-1h2.768l-4.096-4.096a.5.5 0 0 1 0-.707zm0-4.344a.5.5 0 0 0 .707 0l4.096-4.096V4.5a.5.5 0 1 0 1 0V.525a.5.5 0 0 0-.5-.5H11.5a.5.5 0 0 0 0 1h2.768l-4.096 4.096a.5.5 0 0 0 0 .707zm-4.344 0a.5.5 0 0 1-.707 0L1.025 1.732V4.5a.5.5 0 0 1-1 0V.525a.5.5 0 0 1 .5-.5H4.5a.5.5 0 0 1 0 1H1.732l4.096 4.096a.5.5 0 0 1 0 .707z\"\/>\r\n            <\/svg>\r\n        \r\n            <svg id=\"closeBtn\" class=\"model-icon\" width=\"34px\" height=\"34px\" viewBox=\"0 0 24 24\" xmlns=\"http:\/\/www.w3.org\/2000\/svg\">\r\n                <path fill=\"none\" stroke=\"#f2f2f2\" stroke-width=\"2\" d=\"M7,7 L17,17 M7,17 L17,7\"\/>\r\n            <\/svg>\r\n        \r\n        <\/div>\r\n        <\/div> \r\n\r\n        <!-- Model Viewer Style -->\r\n        <style>\r\n            \r\n            .wrapper_26320 .bp_model_parent, #bp_model_id_26320 {\r\n                width: 1150px;\r\n                max-width: 100%;\r\n                                            }\r\n            #bp_model_id_26320 {\r\n                height:700px;\r\n                background-color: #f9f9f9;\r\n            }\r\n            .fullscreen #bp_model_id_26320{\r\n            height: 100%;\r\n            width: 100%;\r\n            }\r\n            .wrapper_26320 .bp_model_parent{\r\n                justify-content: start            }\r\n            model-viewer.model {\r\n                --poster-color: transparent;\r\n            }\r\n        <\/style>\r\n        \r\n        \n<h2>Ge\u00e7i\u015f kontrol turnikesi kompakt tasar\u0131m h\u0131zl\u0131 kap\u0131lar MT-S306, 2 y\u0131l garanti ve kal\u0131c\u0131 bak\u0131m ve onar\u0131m deste\u011fi ta\u015f\u0131r.<\/h2>\n<p>OEM ve ODM hizmetleri sa\u011flayabiliriz. IC\/ID kart okuyucular\u0131, parmak izi taray\u0131c\u0131lar\u0131, QR kodu taray\u0131c\u0131lar\u0131, y\u00fcz tan\u0131ma kameralar\u0131 vb. gibi biyometrik cihazlar da sa\u011fl\u0131yoruz.<\/p>\n<p><strong>Eri\u015fim kontrol turnikesi, eri\u015fimi kontrol etmek ve y\u00f6netmek i\u00e7in kullan\u0131lan bir t\u00fcr yaya turnike kap\u0131s\u0131d\u0131r. Eri\u015fim kontrol\u00fc turnike kap\u0131s\u0131 h\u0131z kap\u0131s\u0131 turnikesi, insanlar\u0131n k\u0131s\u0131tl\u0131 alana girip \u00e7\u0131kmas\u0131n\u0131 kontrol eder.<\/strong> Kol y\u00fcksekli\u011fi 980 mm&#8217;dir, bu da insanlar\u0131n kap\u0131n\u0131n \u00fczerinden t\u0131rmanmas\u0131n\u0131 \u00f6nleyebilir. <a href=\"https:\/\/mairsturnstile.com\/swing-turnstile-gate.html\">Sal\u0131ncak bariyer turnikesi<\/a>, ofis binalar\u0131nda, banka lobilerinde vb. yayg\u0131n olarak kullan\u0131lan y\u00fcksek g\u00fcvenlikli ve h\u0131zl\u0131 h\u0131zl\u0131 kap\u0131d\u0131r.<\/p>\n<p>Ge\u00e7i\u015f kontrol turnikesi, esas olarak yaya kanallar\u0131n\u0131 kontrol etmek ve y\u00f6netmek i\u00e7in kullan\u0131l\u0131r. Di\u011fer eri\u015fim kontrol y\u00f6netim sistemleriyle birle\u015ftirildi\u011finde, \u00e7e\u015fitli kanallar\u0131 etkili bir \u015fekilde kontrol edip y\u00f6netebilir ve kurumsal m\u00fclklerin kanal y\u00f6netiminin bask\u0131s\u0131n\u0131 ve maliyetini azaltabilir. Eri\u015fim kontrol y\u00f6netiminin \u00e7e\u015fitli sorunlar\u0131n\u0131 etkili bir \u015fekilde \u00e7\u00f6zebildi\u011fi i\u00e7in m\u00fc\u015fteriler ve g\u00fcvenlik pazar\u0131 taraf\u0131ndan tercih edilmektedir.<\/p>\n<p>Ger\u00e7ek senaryonuza g\u00f6re birka\u00e7 dakika i\u00e7inde sizin i\u00e7in bir render da olu\u015fturabiliriz. Ayr\u0131ca ayr\u0131nt\u0131l\u0131 yerle\u015fim ve \u00e7izimlerin yan\u0131 s\u0131ra kurulum \u00e7izimleri de sa\u011fl\u0131yoruz.<\/p>\n\n        \t\n\t<style type=\"text\/css\">\n\t\t.slider-info-26321.bafg-slider-info .bafg-slider-title {\n\t\t\t\t\t\tfont-size: 22px;\n\t\t\t\t\t\t\n\t\t\t\n\t\t\t\t\t}\n\n\t\t.slider-info-26321.bafg-slider-info .bafg-slider-description {\n\t\t\t\n\t\t\t\n\t\t\t\t\t}\n\n\t\t.slider-info-26321.bafg-slider-info .bafg_slider_readmore_button {\n\t\t\t\n\t\t\t\n\t\t\t\n\t\t\t\n\t\t\t\n\t\t\ttext-align: center;\n\n\t\t\t\n\t\t\t\n\t\t\t\n\t\t\t\n\t\t\t\n\t\t\t\n\t\t\t\t\t}\n\n\t\t.slider-info-26321.bafg-slider-info .bafg_slider_readmore_button:hover {\n\n\t\t\t\n\t\t\t\n\t\t\t\t\t}\n\n\t<\/style>\n\t\n        <div class=\"bafg-twentytwenty-container slider-26321 \" bafg-orientation=\"horizontal\" bafg-default-offset=\"0.5\" bafg-before-label=\"Before\" bafg-after-label=\"After\" bafg-overlay=\"yes\" bafg-move-slider-on-hover=\"yes\" bafg-click-to-move=\"no\">\n              \n            <img decoding=\"async\" class=\"skip-lazy\" src=\"http:\/\/mairsturnstile.com\/wp-content\/uploads\/2023\/07\/access-control-turnstile_4.jpg\" alt=\"\" data-skip-lazy title=\"\">\n            <img decoding=\"async\" class=\"skip-lazy\" src=\"http:\/\/mairsturnstile.com\/wp-content\/uploads\/2023\/07\/access-control-turnstile_5.jpg\" alt=\"\" data-skip-lazy title=\"\">\n           \n        <\/div>\n\n        \t<div class=\"bafg-slider-info-wraper\">\n\t\t<div style=\"\" class=\"slider-info-26321 bafg-slider-info\">\n\t\t\t\t\t<\/div>\n\t<\/div>\n\t\n        <style type=\"text\/css\">\n            \n        <\/style>\n        \n<ul>\n<li>Eri\u015fim kontrol turnikesi, genellikle iki y\u00f6nl\u00fc \u00e7al\u0131\u015fan y\u00fcksek trafik ak\u0131\u015f\u0131na sahip bir yerde uygulanan bir t\u00fcr yaya kompakt tasar\u0131ml\u0131 h\u0131zl\u0131 kap\u0131 turnikesi, y\u00fcksek h\u0131zl\u0131 bir kap\u0131d\u0131r. Dijital turnike, elektronik turnike kap\u0131lar\u0131 veya elektronik turnikeler olarak da adland\u0131r\u0131l\u0131r.<\/li>\n<li>Ge\u00e7i\u015f kontrol turnikesi \u015fasisi, \u00e7o\u011fu i\u00e7 mekan ortam\u0131na uyacak \u015fekilde kesintisiz ve zarif bir eri\u015fim noktas\u0131 olu\u015fturan ince dokulu 304 <a href=\"https:\/\/en.wikipedia.org\/wiki\/Stainless_steel\" target=\"_blank\" rel=\"noopener\">paslanmaz \u00e7elikten<\/a> yap\u0131lm\u0131\u015ft\u0131r.<\/li>\n<li>Bu eri\u015fim kontrol turnikesi d\u00f6ner turnike kap\u0131s\u0131, end\u00fcstrideki t\u00fcm mevcut yaz\u0131l\u0131mlarla ve RFID sistemleri, Barkod sistemleri, Y\u00fcz tan\u0131ma sistemleri ve parmak izi sistemleri vb.<\/li>\n<li>Acil bir durumda elektri\u011fi kesin ve Slim turnike otomatik olarak a\u00e7\u0131larak yang\u0131n g\u00fcvenli\u011fi gerekliliklerine uygun serbest ge\u00e7i\u015fe izin verecektir. Ama bir pil ile gelmelidir. \u0130hracata gelince, pil hassast\u0131r, de\u011fi\u015ftirmek i\u00e7in kondansat\u00f6r\u00fc kullanabiliriz<\/li>\n<li>Optik ge\u00e7i\u015f kontrol turnikesi, l\u00fcks ve \u00fcst d\u00fczey giri\u015f \u00e7\u00f6z\u00fcmleri i\u00e7in uygundur.<\/li>\n<li>T\u00fcm sistem sorunsuz, d\u00fc\u015f\u00fck g\u00fcr\u00fclt\u00fcl\u00fc ve y\u00fcksek h\u0131zda \u00e7al\u0131\u015f\u0131r.<\/li>\n<li>Alarm fonksiyonu, yasad\u0131\u015f\u0131 bir izinsiz giri\u015f ve ters izinsiz giri\u015f varsa, kap\u0131 alarm verir ve kap\u0131 kilitlenir.<\/li>\n<li>Toplam 5 \u00e7ift k\u0131z\u0131l\u00f6tesi sens\u00f6r vard\u0131r. Ortadaki sens\u00f6rler yayalar\u0131n s\u0131k\u0131\u015fmas\u0131n\u0131 \u00f6nlemek i\u00e7indir.<\/li>\n<li>Kuyruk \u00f6nleme i\u015flevi, bir ki\u015fi ayn\u0131 anda ge\u00e7ebilir. Birisi \u00f6ndeki ki\u015filerin pe\u015finden ko\u015farsa, dijital turnike alarm verir.<\/li>\n<li>LED g\u00f6stergesi. K\u0131z\u0131l ha\u00e7 ve ye\u015fil ok. Ayr\u0131ca \u00f6n direk \u00fczerinde led g\u00f6stergeler bulunmaktad\u0131r. Kollara led \u0131\u015f\u0131k eklenebilir.<\/li>\n<li>\u00c7ift y\u00f6nl\u00fc eri\u015fim, daha fazla kap\u0131 ihtiyac\u0131n\u0131 azalt\u0131r. Tekerlekli sandalye i\u00e7in uygundur, al\u0131\u015fveri\u015f arabas\u0131 ge\u00e7i\u015f verimlili\u011fini art\u0131r\u0131r.<\/li>\n<li>Otomatik s\u0131f\u0131rlama i\u015flevi. Ki\u015filer \u00f6nceden ayarlanan s\u00fcre i\u00e7inde ge\u00e7erse (varsay\u0131lan s\u00fcre 5 saniyedir), sistem kullan\u0131c\u0131n\u0131n yetkisini iptal eder ve otomatik olarak kapan\u0131r.<\/li>\n<li>Darbe \u00f6nleyici, Kelep\u00e7e \u00f6nleyici, Kap\u0131lar f\u0131r\u00e7as\u0131z olarak gelir \u00c7al\u0131\u015fma s\u0131ras\u0131nda birisi kola \u00e7arparsa, kap\u0131 otomatik olarak s\u0131f\u0131rlan\u0131r. Bu i\u015flev, yayalar\u0131n \u00f6zellikle \u00e7ocuklar\u0131n \u00e7arpmas\u0131n\u0131, \u00e7arpmas\u0131n\u0131, \u00e7arpmas\u0131n\u0131 vb. etkili bir \u015fekilde \u00f6nler.<\/li>\n<li>\u00c7al\u0131\u015fma nemi: %30~%95<\/li>\n<li>\u00c7al\u0131\u015fma s\u0131cakl\u0131\u011f\u0131: -40\u2103~+70\u2103<\/li>\n<li>Giri\u015f arabirimi: RS485, Kuru kontak, R\u00f6le<\/li>\n<li>Vuru\u015f \u00f6nleme, otomatik s\u0131f\u0131rlama i\u00e7in kavramal\u0131 mekanizma<\/li>\n<li>K\u0131z\u0131l\u00f6tesi sens\u00f6r: 4 \u00e7ift<\/li>\n<li>MCBF: 5.000.000 D\u00f6ng\u00fc<\/li>\n<li>\u00d6zellik: yang\u0131n alarm\u0131 aray\u00fcz\u00fc ile, g\u00fc\u00e7 kapal\u0131yken kilidini a\u00e7\u0131n<\/li>\n<li>Uygulama: Ofis Binas\u0131, Oteller, H\u00fck\u00fcmet Binalar\u0131, vb.<\/li>\n<\/ul>\n<p>T\u00fcm g\u00fcvenlik eri\u015fim kontrol\u00fc \u00e7\u00f6z\u00fcm\u00fcn\u00fc sa\u011flayabiliriz. Kendi ge\u00e7i\u015f kontrol sisteminiz varsa, do\u011frudan turnike kap\u0131m\u0131z\u0131 kullanabilirsiniz. E\u011fer yoksa, eksiksiz bir g\u00fcvenlik eri\u015fim kontrol\u00fc \u00e7\u00f6z\u00fcm\u00fc de sa\u011fl\u0131yoruz. Ayr\u0131nt\u0131lar i\u00e7in l\u00fctfen a\u015fa\u011f\u0131daki videoya bak\u0131n.<\/p>\n<p><iframe title=\"YouTube video oynat\u0131c\u0131\" src=\"https:\/\/www.youtube.com\/embed\/YGzRnFxTroc?si=vzmVKnbhkfuUUg1n\" width=\"1150\" height=\"650\" frameborder=\"0\" allowfullscreen=\"allowfullscreen\"><span data-mce-type=\"bookmark\" style=\"display: inline-block; width: 0px; overflow: hidden; line-height: 0;\" class=\"mce_SELRES_start\"><\/span><\/iframe><\/p>\n","protected":false},"excerpt":{"rendered":"<p>1. Boyut: 600*130*980 mm (\u00f6zelle\u015ftirilebilir)<\/p>\n<p>2. Malzeme: Toz boya kapl\u0131 1,5 mm so\u011fuk haddelenmi\u015f \u00e7elik<\/p>\n<p>3. Kol malzemesi: 10 mm Akrilik (temperli cam se\u00e7ene\u011fi)<\/p>\n<p>4. Ge\u00e7i\u015f Geni\u015fli\u011fi: Standart 600 mm<\/p>\n<p>5. Mekanizma: \u00e7arpma ve s\u0131k\u0131\u015fma \u00f6nleme mekanizmas\u0131<\/p>\n<p>6. F\u0131r\u00e7as\u0131z motor 40W<\/p>\n<p>7. Ge\u00e7i\u015f y\u00f6n\u00fc: \u00c7ift y\u00f6nl\u00fc<\/p>\n<p>8. Ge\u00e7i\u015f h\u0131z\u0131: 30-35 ki\u015fi\/dakika<\/p>\n<p>9. \u00c7al\u0131\u015fma s\u00fcresi: 0,2 saniye<\/p>\n<p>10. Power input: AC100-240V,50\/60HZ<\/p>\n<p><span style=\"color: #0000ff;\"><strong><a style=\"color: #0000ff;\" title=\"Mairs CE Belgeli H\u0131zl\u0131 Ge\u00e7i\u015f Turnikesi\" href=\"http:\/\/mairsturnstile.com\/wp-content\/uploads\/2022\/09\/Mairs-CE-Certificate-Speed-Gate-Turnstile.pdf\" target=\"_blank\" rel=\"noopener noreferrer\">CE Belgeli,<\/a> <a style=\"color: #0000ff;\" title=\"Mairs ISO9001 Sertifikas\u0131\" href=\"http:\/\/mairsturnstile.com\/wp-content\/uploads\/2022\/09\/Mairs-Registration-Certificate-ISO9001.pdf\" target=\"_blank\" rel=\"noopener noreferrer\">ISO9001 Sertifikal\u0131.<\/a><\/strong><\/span><\/p>\n<p><a title=\"\u0130nce H\u0131zl\u0131 Kap\u0131 Turnike Bro\u015f\u00fcr\u00fc\" href=\"http:\/\/mairsturnstile.com\/wp-content\/uploads\/2023\/12\/MT-S306-brochure.pdf\" target=\"_blank\" rel=\"noopener noreferrer\"><img decoding=\"async\" class=\"alignnone size-full wp-image-11034\" src=\"http:\/\/mairsturnstile.com\/wp-content\/uploads\/2022\/09\/pdf-MairsTurnstile.png\" alt=\"\" width=\"32\" height=\"32\"><strong><span style=\"color: #0000ff;\">MT-S306 \u0130nce H\u0131zl\u0131 Kap\u0131 Turnike Bro\u015f\u00fcr\u00fc<\/span><\/strong><\/a><\/p>\n","protected":false},"featured_media":29927,"comment_status":"closed","ping_status":"closed","template":"","meta":{"neve_meta_sidebar":"","neve_meta_container":"","neve_meta_enable_content_width":"off","neve_meta_content_width":0,"neve_meta_title_alignment":"","neve_meta_author_avatar":"","neve_post_elements_order":"","neve_meta_disable_header":"","neve_meta_disable_footer":"","neve_meta_disable_title":"","_ti_tpc_template_sync":false,"_ti_tpc_template_id":""},"product_cat":[1916,1931],"product_tag":[1935,1936,1933,1934,1932],"class_list":["post-30667","product","type-product","status-publish","has-post-thumbnail","hentry","product_cat-guvenlik-turnikeleri","product_cat-hizli-kapilar","product_tag-barkot-okuyuculu-turnike-kapisi","product_tag-erisim-kontrol-turnikesi","product_tag-guvenlik-turnikeleri","product_tag-spor-salonu-turnikeleri","product_tag-turnike-kapisi"],"_links":{"self":[{"href":"https:\/\/mairsturnstile.com\/tr\/wp-json\/wp\/v2\/product\/30667","targetHints":{"allow":["GET"]}}],"collection":[{"href":"https:\/\/mairsturnstile.com\/tr\/wp-json\/wp\/v2\/product"}],"about":[{"href":"https:\/\/mairsturnstile.com\/tr\/wp-json\/wp\/v2\/types\/product"}],"replies":[{"embeddable":true,"href":"https:\/\/mairsturnstile.com\/tr\/wp-json\/wp\/v2\/comments?post=30667"}],"version-history":[{"count":0,"href":"https:\/\/mairsturnstile.com\/tr\/wp-json\/wp\/v2\/product\/30667\/revisions"}],"wp:featuredmedia":[{"embeddable":true,"href":"https:\/\/mairsturnstile.com\/tr\/wp-json\/wp\/v2\/media\/29927"}],"wp:attachment":[{"href":"https:\/\/mairsturnstile.com\/tr\/wp-json\/wp\/v2\/media?parent=30667"}],"wp:term":[{"taxonomy":"product_cat","embeddable":true,"href":"https:\/\/mairsturnstile.com\/tr\/wp-json\/wp\/v2\/product_cat?post=30667"},{"taxonomy":"product_tag","embeddable":true,"href":"https:\/\/mairsturnstile.com\/tr\/wp-json\/wp\/v2\/product_tag?post=30667"}],"curies":[{"name":"wp","href":"https:\/\/api.w.org\/{rel}","templated":true}]}}