{"id":30672,"date":"2022-06-19T23:32:14","date_gmt":"2022-06-19T15:32:14","guid":{"rendered":"https:\/\/mairsturnstile.com\/product\/tam-boy-surgulu-turnike-kapisi-mt224-p"},"modified":"2024-10-31T17:49:30","modified_gmt":"2024-10-31T09:49:30","slug":"turnike-kapi-tedarikci-in-bae","status":"publish","type":"product","link":"https:\/\/mairsturnstile.com\/tr\/urun\/turnike-kapi-tedarikci-in-bae","title":{"rendered":"TAM BOY S\u00dcRG\u00dcL\u00dc TURN\u0130KE KAPISI MT224-P"},"content":{"rendered":"        <!-- 3D Model html -->\r\n        <div class=\"bp_grand wrapper_58588\">   \r\n        <div class=\"bp_model_parent\">\r\n            <model-viewer class=\"model\" id=\"bp_model_id_58588\" src=\"http:\/\/mairsturnstile.com\/wp-content\/uploads\/2024\/10\/MT224p.glb\" alt=\"MT224p\" camera-controls  loading=\"auto\" auto-rotate                        >\r\n            <\/model-viewer>\r\n        \r\n            <!-- Button -->\r\n            <svg id=\"openBtn\" width=\"30px\" height=\"30px\" viewBox=\"0 0 16 16\" xmlns=\"http:\/\/www.w3.org\/2000\/svg\" fill=\"#f2f2f2\" class=\"bi bi-arrows-fullscreen model-icon\">\r\n                <path fill-rule=\"evenodd\" d=\"M5.828 10.172a.5.5 0 0 0-.707 0l-4.096 4.096V11.5a.5.5 0 0 0-1 0v3.975a.5.5 0 0 0 .5.5H4.5a.5.5 0 0 0 0-1H1.732l4.096-4.096a.5.5 0 0 0 0-.707zm4.344 0a.5.5 0 0 1 .707 0l4.096 4.096V11.5a.5.5 0 1 1 1 0v3.975a.5.5 0 0 1-.5.5H11.5a.5.5 0 0 1 0-1h2.768l-4.096-4.096a.5.5 0 0 1 0-.707zm0-4.344a.5.5 0 0 0 .707 0l4.096-4.096V4.5a.5.5 0 1 0 1 0V.525a.5.5 0 0 0-.5-.5H11.5a.5.5 0 0 0 0 1h2.768l-4.096 4.096a.5.5 0 0 0 0 .707zm-4.344 0a.5.5 0 0 1-.707 0L1.025 1.732V4.5a.5.5 0 0 1-1 0V.525a.5.5 0 0 1 .5-.5H4.5a.5.5 0 0 1 0 1H1.732l4.096 4.096a.5.5 0 0 1 0 .707z\"\/>\r\n            <\/svg>\r\n        \r\n            <svg id=\"closeBtn\" class=\"model-icon\" width=\"34px\" height=\"34px\" viewBox=\"0 0 24 24\" xmlns=\"http:\/\/www.w3.org\/2000\/svg\">\r\n                <path fill=\"none\" stroke=\"#f2f2f2\" stroke-width=\"2\" d=\"M7,7 L17,17 M7,17 L17,7\"\/>\r\n            <\/svg>\r\n        \r\n        <\/div>\r\n        <\/div> \r\n\r\n        <!-- Model Viewer Style -->\r\n        <style>\r\n            \r\n            .wrapper_58588 .bp_model_parent, #bp_model_id_58588 {\r\n                width: 1150px;\r\n                max-width: 100%;\r\n                                            }\r\n            #bp_model_id_58588 {\r\n                height:700px;\r\n                background-color: #f9f9f9;\r\n            }\r\n            .fullscreen #bp_model_id_58588{\r\n            height: 100%;\r\n            width: 100%;\r\n            }\r\n            .wrapper_58588 .bp_model_parent{\r\n                justify-content: start            }\r\n            model-viewer.model {\r\n                --poster-color: transparent;\r\n            }\r\n        <\/style>\r\n        \r\n        \n<h4>TAM BOY S\u00dcRG\u00dcL\u00dc TURN\u0130KE MT224-P 2 y\u0131l garantili olup, uzun s\u00fcreli bak\u0131m ve onar\u0131m deste\u011fine sahiptir.<\/h4>\n<p>BAE&#8217;deki Profesyonel Turnike Kap\u0131s\u0131 Tedarik\u00e7isi turnike kap\u0131s\u0131 \u00fcreticisi &#8211; MairsTurnstile, Dubai, BAE&#8217;ye en kaliteli g\u00fcvenlik turnike kap\u0131s\u0131n\u0131 ihra\u00e7 ediyor. Projeniz i\u00e7in bir g\u00fcvenlik turnike kap\u0131s\u0131 ar\u0131yorsan\u0131z, BAE&#8217;de profesyonel ve g\u00fcvenilir bir turnike kap\u0131s\u0131 tedarik\u00e7isi ar\u0131yorsan\u0131z, l\u00fctfen MairsTurnstile ile ileti\u015fime ge\u00e7in, Fabrikam\u0131zdan Dubai&#8217;ye ihtiyac\u0131n\u0131z olan g\u00fcvenlik turnike kap\u0131lar\u0131n\u0131n t\u00fcm sorumlulu\u011funu \u00fcstlenece\u011fiz, BAE olarak ayn\u0131 zamanda rekabet\u00e7i fiyatlar ve en iyi hizmeti sunuyoruz.<\/p>\n<p>OEM ve ODM hizmetleri sa\u011flayabiliriz. IC\/ID kart okuyucular\u0131, parmak izi taray\u0131c\u0131lar\u0131, QR kodu taray\u0131c\u0131lar\u0131, y\u00fcz tan\u0131ma kameralar\u0131 vb. gibi biyometrik cihazlar da sa\u011fl\u0131yoruz.<\/p>\n<p>Ayr\u0131ca di\u011fer turnike t\u00fcrleri de sa\u011fl\u0131yoruz. \u00d6rne\u011fin, zorlu d\u0131\u015f ortamlar i\u00e7in \u00f6zel <a href=\"https:\/\/mairsturnstile.com\/product\/outdoor-turnstile\">olarak yap\u0131lm\u0131\u015f d\u0131\u015f mekan turnikesi<\/a> ve <a href=\"https:\/\/mairsturnstile.com\/category\/full-height-turnstiles\">tam boy turnikelerimiz<\/a> var. Bu turnike kap\u0131lar\u0131n\u0131n malzemeleri de ihtiya\u00e7lar\u0131n\u0131za g\u00f6re \u00f6zelle\u015ftirilebilir. \u00d6zel ortamlara uyum sa\u011flamak i\u00e7in \u00f6zel olarak 316 malzemeden tam boy turnike kap\u0131lar\u0131 \u00fcreten m\u00fc\u015fterilerimiz oldu. BAE&#8217;de profesyonel bir turnike kap\u0131s\u0131 tedarik\u00e7isi olarak, m\u00fc\u015fterilerimizi memnun etmek i\u00e7in y\u00fcksek kaliteli turnikeler ve hizmetler sunmaktan sorumluyuz.<\/p>\n<h4><span style=\"font-style: inherit; font-weight: inherit;\"> E\u011flence Park\u0131 i\u00e7in RFID Eri\u015fim Kontrol Sistemli<\/span> TAM Y\u00dcKSEKL\u0130KTE S\u00dcRG\u00dcL\u00dc KAPI D\u00d6N\u00dc\u015e\u00dcM\u00dc.<\/h4>\n<p>TAM BOY S\u00dcRG\u00dcL\u00dc TURN\u0130KE MT224-P, bir binan\u0131n her alan\u0131na yaln\u0131zca yetkili kullan\u0131c\u0131lar\u0131n girmesine izin verilmesini sa\u011flamak i\u00e7in g\u00fcvenilir ve verimli bir y\u00f6ntem sunar. Bir y\u00f6n g\u00f6stergesi, yayalar\u0131n mevcut durumuna eri\u015fimini g\u00f6sterdi ve yayalar\u0131 do\u011fru ve d\u00fczg\u00fcn bir ge\u00e7i\u015fle y\u00f6nlendirdi. BAE&#8217;deki bir turnike kap\u0131s\u0131 tedarik\u00e7isinin <a href=\"https:\/\/mairsturnstile.com\/what-is-flap-barrier.html\">flap bariyer kap<\/a> \u0131s\u0131, s\u0131cakl\u0131k kontrol cihazlar\u0131, parmak izleri, <a href=\"https:\/\/en.wikipedia.org\/wiki\/QR_code\" target=\"_blank\" rel=\"noopener\">QR kod<\/a> okuyucular\u0131, RFID sistemleri vb. ile y\u00fcz tan\u0131ma gibi her eri\u015fim kontrol sistemi i\u00e7in son derece entegre edilmi\u015ftir.<\/p>\n<p>Ger\u00e7ek senaryonuza g\u00f6re birka\u00e7 dakika i\u00e7inde sizin i\u00e7in bir render da olu\u015fturabiliriz. Ayr\u0131ca ayr\u0131nt\u0131l\u0131 yerle\u015fim planlar\u0131 ve \u00e7izimlerin yan\u0131 s\u0131ra kurulum \u00e7izimleri de sa\u011fl\u0131yoruz.<\/p>\n\n        \t\n\t<style type=\"text\/css\">\n\t\t.slider-info-58587.bafg-slider-info .bafg-slider-title {\n\t\t\t\t\t\tfont-size: 22px;\n\t\t\t\t\t\t\n\t\t\t\n\t\t\t\t\t}\n\n\t\t.slider-info-58587.bafg-slider-info .bafg-slider-description {\n\t\t\t\n\t\t\t\n\t\t\t\t\t}\n\n\t\t.slider-info-58587.bafg-slider-info .bafg_slider_readmore_button {\n\t\t\t\n\t\t\t\n\t\t\t\n\t\t\t\n\t\t\t\n\t\t\ttext-align: center;\n\n\t\t\t\n\t\t\t\n\t\t\t\n\t\t\t\n\t\t\t\n\t\t\t\n\t\t\t\t\t}\n\n\t\t.slider-info-58587.bafg-slider-info .bafg_slider_readmore_button:hover {\n\n\t\t\t\n\t\t\t\n\t\t\t\t\t}\n\n\t<\/style>\n\t\n        <div class=\"bafg-twentytwenty-container slider-58587 \" bafg-orientation=\"horizontal\" bafg-default-offset=\"0.5\" bafg-before-label=\"Before\" bafg-after-label=\"After\" bafg-overlay=\"yes\" bafg-move-slider-on-hover=\"yes\" bafg-click-to-move=\"no\">\n              \n            <img decoding=\"async\" class=\"skip-lazy\" src=\"http:\/\/mairsturnstile.com\/wp-content\/uploads\/2024\/10\/sliding-turnstile-7.jpg\" alt=\"sliding turnstile\" data-skip-lazy title=\"\">\n            <img decoding=\"async\" class=\"skip-lazy\" src=\"http:\/\/mairsturnstile.com\/wp-content\/uploads\/2022\/06\/turnstile-gate-supplier-in-uae-5.jpg\" alt=\"turnstile gate supplier in uae\" data-skip-lazy title=\"\">\n           \n        <\/div>\n\n        \t<div class=\"bafg-slider-info-wraper\">\n\t\t<div style=\"\" class=\"slider-info-58587 bafg-slider-info\">\n\t\t\t\t\t<\/div>\n\t<\/div>\n\t\n        <style type=\"text\/css\">\n            \n        <\/style>\n        \n<ul>\n<li>Kanatl\u0131 bariyer kayar turnike kap\u0131s\u0131, k\u0131s\u0131tl\u0131 alana giren veya \u00e7\u0131kan insanlar\u0131 kontrol etmek i\u00e7in in\u015fa edilmi\u015ftir. Genellikle \u00e7ift y\u00f6nl\u00fc yaya trafi\u011finin yo\u011fun oldu\u011fu yerlerde kullan\u0131l\u0131r.<\/li>\n<li>Muhafaza Malzemesi: 304 paslanmaz \u00e7elik ve siyah akrilik<\/li>\n<li>Mekanizman\u0131n g\u00fcvenilirli\u011fi: 3 milyon-5 milyon, hatas\u0131z<\/li>\n<li>\u015eerit geni\u015fli\u011fi: 900 mm \u00f6zelle\u015ftirilebilir<\/li>\n<li>A\u011f\u0131rl\u0131k: 70 kg\/adet<\/li>\n<li>\u00c7al\u0131\u015fma Y\u00f6n\u00fc: \u00c7ift y\u00f6nl\u00fc\/Tek y\u00f6nl\u00fc<\/li>\n<li>BAE&#8217;de Profesyonel Turnike Kap\u0131s\u0131 Tedarik\u00e7isi<\/li>\n<li>Acil durum: bir kondansat\u00f6r ile elektrik kesildi\u011finde otomatik olarak a\u00e7\u0131l\u0131r<\/li>\n<li>BAE&#8217;de turnike kap\u0131s\u0131 tedarik\u00e7isi Nem: \u226490 \uff05<\/li>\n<li>Kol malzemesi: 10 mm akrilik (temperli cam se\u00e7ene\u011fi)<\/li>\n<li>6 \u00e7ift sens\u00f6r ile<\/li>\n<li>\u00c7al\u0131\u015fma s\u0131cakl\u0131\u011f\u0131: -20\u2103\uff5e60\u2103<\/li>\n<li>\u0130leti\u015fim mesafesi: \u22641200 m<\/li>\n<li>\u0130leti\u015fim arabirimi: RS485<\/li>\n<li>\u00d6zellik: IC\/ID okuyucu, Barkod Okuyucu, Y\u00fcz tan\u0131ma, Parmak izi, di\u011fer eri\u015fim kontrol ekipmanlar\u0131, UPS, vb.<\/li>\n<li>A\u00e7mak i\u00e7in gereken s\u00fcre: 0,2 sn<\/li>\n<li>\u00c7al\u0131\u015fma ortam\u0131: \u0130\u00e7 mekan<\/li>\n<li>Uygulama aral\u0131\u011f\u0131: Topluluk, ofis binas\u0131, Okul, Tatil yeri, devlet tesisi, vb.<\/li>\n<li>BAE&#8217;de G\u00fcvenilir Turnike Kap\u0131s\u0131 Tedarik\u00e7isi<\/li>\n<li>Bu kanatl\u0131 bariyer kayar kap\u0131 turnike kasas\u0131, \u00e7o\u011fu i\u00e7 ortama uyum sa\u011flamak i\u00e7in kesintisiz ve g\u00fczel bir giri\u015f sistemi olu\u015fturan f\u0131r\u00e7alanm\u0131\u015f 304 paslanmaz \u00e7elikten yap\u0131lm\u0131\u015ft\u0131r.<\/li>\n<li>T\u00fcm \u00fc\u00e7\u00fcnc\u00fc taraf kartl\u0131 ge\u00e7i\u015f sistemleriyle entegre edilebilir (\u00f6rn.: RFID eri\u015fim sistemi, D\u00fc\u011fmeye bas, Parmak izi ve s\u0131cakl\u0131k kontroll\u00fc y\u00fcz tan\u0131ma).<\/li>\n<li>Acil bir durumda FlapTurnike kolu ak\u00fc veya kondansat\u00f6re ba\u011flanarak otomatik olarak a\u00e7\u0131larak serbest ge\u00e7i\u015fe izin verir.<\/li>\n<li>Optik Kapakl\u0131 Bariyer Turnikeler l\u00fcks ve \u015f\u0131k giri\u015f \u00e7\u00f6z\u00fcmleri i\u00e7in uygundur.<\/li>\n<li>Kanatl\u0131 turnike, h\u0131zl\u0131 h\u0131z, uzun \u00f6m\u00fcr, y\u00fcksek performans ve y\u00fcksek \u00e7al\u0131\u015fma g\u00fcvenilirli\u011fi \u00f6zelliklerine sahiptir.<\/li>\n<li>Yasad\u0131\u015f\u0131 izinsiz giri\u015f ve ters izinsiz giri\u015f durumunda alarm fonksiyonu.<\/li>\n<li>K\u0131z\u0131l\u00f6tesi sens\u00f6r alarm verecek ve yayalar\u0131n s\u0131k\u0131\u015fmas\u0131n\u0131 \u00f6nlemek i\u00e7in LED \u0131\u015f\u0131k yan\u0131p s\u00f6necektir.<\/li>\n<li>Otomatik s\u0131f\u0131rlama fonksiyonu: Bir yolcu gecikme yaparsa kanat kollar\u0131 varsay\u0131lan olarak 5 saniye i\u00e7inde otomatik olarak kapanacakt\u0131r (ayarlanabilir).<\/li>\n<li>Birisi RFID kart\u0131n\u0131 kayd\u0131rmadan i\u00e7eri girmek isterse kanatl\u0131 turnike kilit i\u00e7inde kalacakt\u0131r.<\/li>\n<li>\u00dcst ve \u00f6n direkte LED y\u00f6n g\u00f6stergesi.<\/li>\n<li>BAE&#8217;deki En \u0130yi Turnike Kap\u0131s\u0131 Tedarik\u00e7isi<\/li>\n<li>Anti-ters fonksiyon, birisi ters y\u00f6nde girmek isterse turnike alarm verir.<\/li>\n<li>Bi-direction or single-direction running are options<\/li>\n<\/ul>\n<p>T\u00fcm g\u00fcvenlik eri\u015fim kontrol\u00fc \u00e7\u00f6z\u00fcm\u00fcn\u00fc sa\u011flayabiliriz. Kendi ge\u00e7i\u015f kontrol sisteminiz varsa, do\u011frudan turnike kap\u0131m\u0131z\u0131 kullanabilirsiniz. E\u011fer yoksa, eksiksiz bir g\u00fcvenlik eri\u015fim kontrol\u00fc \u00e7\u00f6z\u00fcm\u00fc de sa\u011fl\u0131yoruz. Ayr\u0131nt\u0131lar i\u00e7in l\u00fctfen a\u015fa\u011f\u0131daki videoya bak\u0131n.<\/p>\n<p><iframe title=\"Kayar turnike, Kayar kap\u0131 turnikesi, S\u00fcper zorunlu tam y\u00fckseklikte kayar turnike - MaersTurnstile\" src=\"https:\/\/www.youtube.com\/embed\/NWiaz1Su7BI\" width=\"1150\" height=\"650\" frameborder=\"0\" allowfullscreen=\"allowfullscreen\"><\/iframe><\/p>\n","protected":false},"excerpt":{"rendered":"<p>1. Boyut: 1000*300*1000 mm (\u00f6zelle\u015ftirilebilir)<\/p>\n<p>2. Kulvar geni\u015fli\u011fi: 550 mm (standart) \u00d6zelle\u015ftirilmi\u015f 900 mm (Engelli)<\/p>\n<p>3. Ge\u00e7i\u015f h\u0131z\u0131: 35 ki\u015fi\/dk<\/p>\n<p>4. G\u00fc\u00e7 kayna\u011f\u0131: 110V\/220V 50\/60Hz<\/p>\n<p>5. S\u00fcr\u00fc\u015f Motoru: 90W<\/p>\n<p>6. Giri\u015f: 12V Kuru Kontak r\u00f6lesi<\/p>\n<p>7. S\u00fcr\u00fc\u015f Motoru: DC24V<\/p>\n<p>8. Mekanizma: DC f\u0131r\u00e7alanm\u0131\u015f motor mekanizmas\u0131<\/p>\n<p>9. Yerden kol y\u00fcksekli\u011fi: standart 1500 mm (maks. 1800 mm)<\/p>\n<p><span style=\"color: #0000ff;\"><strong><a style=\"color: #0000ff;\" title=\"Mairs CE Belgeli Flap Bariyer Turnike\" href=\"http:\/\/mairsturnstile.com\/wp-content\/uploads\/2022\/09\/Mairs-CE-Certificate-Flap-Barrier-Turnstile.pdf\" target=\"_blank\" rel=\"noopener noreferrer\">CE Belgeli,<\/a> <a style=\"color: #0000ff;\" title=\"Mairs ISO9001 Sertifikas\u0131\" href=\"http:\/\/mairsturnstile.com\/wp-content\/uploads\/2022\/09\/Mairs-Registration-Certificate-ISO9001.pdf\" target=\"_blank\" rel=\"noopener noreferrer\">ISO9001 Sertifikal\u0131.<\/a><\/strong><\/span><\/p>\n","protected":false},"featured_media":58513,"comment_status":"closed","ping_status":"closed","template":"","meta":{"neve_meta_sidebar":"","neve_meta_container":"","neve_meta_enable_content_width":"off","neve_meta_content_width":0,"neve_meta_title_alignment":"","neve_meta_author_avatar":"","neve_post_elements_order":"","neve_meta_disable_header":"","neve_meta_disable_footer":"","neve_meta_disable_title":"","_ti_tpc_template_sync":false,"_ti_tpc_template_id":""},"product_cat":[1916,1937],"product_tag":[1949,1950,1934,1952,1948,1951,1953],"class_list":["post-30672","product","type-product","status-publish","has-post-thumbnail","hentry","product_cat-guvenlik-turnikeleri","product_cat-kayar-turnike","product_tag-baede-turnike-kapisi-tedarikcisi","product_tag-baede-turnike-tedarikcisi","product_tag-spor-salonu-turnikeleri","product_tag-tam-boy-kayar-turnike","product_tag-turnike-bariyer-kapisi","product_tag-turnike-kapilari-dubai","product_tag-turnike-kapisi-bae"],"_links":{"self":[{"href":"https:\/\/mairsturnstile.com\/tr\/wp-json\/wp\/v2\/product\/30672","targetHints":{"allow":["GET"]}}],"collection":[{"href":"https:\/\/mairsturnstile.com\/tr\/wp-json\/wp\/v2\/product"}],"about":[{"href":"https:\/\/mairsturnstile.com\/tr\/wp-json\/wp\/v2\/types\/product"}],"replies":[{"embeddable":true,"href":"https:\/\/mairsturnstile.com\/tr\/wp-json\/wp\/v2\/comments?post=30672"}],"version-history":[{"count":0,"href":"https:\/\/mairsturnstile.com\/tr\/wp-json\/wp\/v2\/product\/30672\/revisions"}],"wp:featuredmedia":[{"embeddable":true,"href":"https:\/\/mairsturnstile.com\/tr\/wp-json\/wp\/v2\/media\/58513"}],"wp:attachment":[{"href":"https:\/\/mairsturnstile.com\/tr\/wp-json\/wp\/v2\/media?parent=30672"}],"wp:term":[{"taxonomy":"product_cat","embeddable":true,"href":"https:\/\/mairsturnstile.com\/tr\/wp-json\/wp\/v2\/product_cat?post=30672"},{"taxonomy":"product_tag","embeddable":true,"href":"https:\/\/mairsturnstile.com\/tr\/wp-json\/wp\/v2\/product_tag?post=30672"}],"curies":[{"name":"wp","href":"https:\/\/api.w.org\/{rel}","templated":true}]}}