{"id":30674,"date":"2022-05-13T17:25:20","date_gmt":"2022-05-13T09:25:20","guid":{"rendered":"https:\/\/mairsturnstile.com\/product\/lobi-turnikeleri-hizli-kapi-turnikesi-mt381"},"modified":"2023-10-30T16:41:29","modified_gmt":"2023-10-30T08:41:29","slug":"lobi-turnikeleri","status":"publish","type":"product","link":"https:\/\/mairsturnstile.com\/tr\/urun\/lobi-turnikeleri","title":{"rendered":"LOB\u0130 TURN\u0130KELER\u0130 HIZLI KAPI TURN\u0130KES\u0130 MT381"},"content":{"rendered":"        <!-- 3D Model html -->\r\n        <div class=\"bp_grand wrapper_25606\">   \r\n        <div class=\"bp_model_parent\">\r\n            <model-viewer class=\"model\" id=\"bp_model_id_25606\" src=\"http:\/\/mairsturnstile.com\/wp-content\/uploads\/2024\/11\/MT382.glb\" alt=\"MT382\" camera-controls  loading=\"auto\" auto-rotate                        >\r\n            <\/model-viewer>\r\n        \r\n            <!-- Button -->\r\n            <svg id=\"openBtn\" width=\"30px\" height=\"30px\" viewBox=\"0 0 16 16\" xmlns=\"http:\/\/www.w3.org\/2000\/svg\" fill=\"#f2f2f2\" class=\"bi bi-arrows-fullscreen model-icon\">\r\n                <path fill-rule=\"evenodd\" d=\"M5.828 10.172a.5.5 0 0 0-.707 0l-4.096 4.096V11.5a.5.5 0 0 0-1 0v3.975a.5.5 0 0 0 .5.5H4.5a.5.5 0 0 0 0-1H1.732l4.096-4.096a.5.5 0 0 0 0-.707zm4.344 0a.5.5 0 0 1 .707 0l4.096 4.096V11.5a.5.5 0 1 1 1 0v3.975a.5.5 0 0 1-.5.5H11.5a.5.5 0 0 1 0-1h2.768l-4.096-4.096a.5.5 0 0 1 0-.707zm0-4.344a.5.5 0 0 0 .707 0l4.096-4.096V4.5a.5.5 0 1 0 1 0V.525a.5.5 0 0 0-.5-.5H11.5a.5.5 0 0 0 0 1h2.768l-4.096 4.096a.5.5 0 0 0 0 .707zm-4.344 0a.5.5 0 0 1-.707 0L1.025 1.732V4.5a.5.5 0 0 1-1 0V.525a.5.5 0 0 1 .5-.5H4.5a.5.5 0 0 1 0 1H1.732l4.096 4.096a.5.5 0 0 1 0 .707z\"\/>\r\n            <\/svg>\r\n        \r\n            <svg id=\"closeBtn\" class=\"model-icon\" width=\"34px\" height=\"34px\" viewBox=\"0 0 24 24\" xmlns=\"http:\/\/www.w3.org\/2000\/svg\">\r\n                <path fill=\"none\" stroke=\"#f2f2f2\" stroke-width=\"2\" d=\"M7,7 L17,17 M7,17 L17,7\"\/>\r\n            <\/svg>\r\n        \r\n        <\/div>\r\n        <\/div> \r\n\r\n        <!-- Model Viewer Style -->\r\n        <style>\r\n            \r\n            .wrapper_25606 .bp_model_parent, #bp_model_id_25606 {\r\n                width: 1150px;\r\n                max-width: 100%;\r\n                                            }\r\n            #bp_model_id_25606 {\r\n                height:700px;\r\n                background-color: #f9f9f9;\r\n            }\r\n            .fullscreen #bp_model_id_25606{\r\n            height: 100%;\r\n            width: 100%;\r\n            }\r\n            .wrapper_25606 .bp_model_parent{\r\n                justify-content: start            }\r\n            model-viewer.model {\r\n                --poster-color: transparent;\r\n            }\r\n        <\/style>\r\n        \r\n        \n<h4>LOB\u0130 TURN\u0130KELER\u0130 HIZLI KAPI TURN\u0130KES\u0130 MT353 2 y\u0131l garanti ve kal\u0131c\u0131 bak\u0131m onar\u0131m deste\u011fi ta\u015f\u0131maktad\u0131r.<\/h4>\n<p>OEM ve ODM hizmetleri sa\u011flayabiliriz. \u0130htiya\u00e7lar\u0131n\u0131zdan herhangi birine g\u00f6re derin \u00f6zelle\u015ftirmeyi tamamlayabilen deneyimli tasar\u0131mc\u0131lar\u0131m\u0131z var. 3D render, boyutlu \u00e7izimler gibi bir dizi malzemeyi en k\u0131sa s\u00fcrede sa\u011flayaca\u011f\u0131z. IC\/ID kart okuyucular\u0131, parmak izi taray\u0131c\u0131lar\u0131, QR kodu taray\u0131c\u0131lar\u0131, y\u00fcz tan\u0131ma kameralar\u0131 vb. gibi biyometrik cihazlar da sa\u011fl\u0131yoruz. Bu cihazlar\u0131 lobi g\u00fcvenlik turnike kap\u0131s\u0131na entegre etmeniz gerekiyorsa veya herhangi bir sorunuz varsa, l\u00fctfen <a href=\"https:\/\/mairsturnstile.com\/contact\">bizimle ileti\u015fime<\/a> ge\u00e7in<\/p>\n<p><strong>Lobi turnikeleri, \u00e7e\u015fitli binalar\u0131n lobilerinde personel giri\u015fini kontrol etmek ve y\u00f6netmek i\u00e7in kullan\u0131lan bir t\u00fcr yaya turnike kap\u0131s\u0131d\u0131r.<\/strong> Lobi turnikesinin kullan\u0131m\u0131, bina salonunun do\u011frulama verimlili\u011fini ve trafik verimlili\u011fini b\u00fcy\u00fck \u00f6l\u00e7\u00fcde iyile\u015ftirmi\u015ftir. Genel olarak, h\u0131z kap\u0131lar\u0131 ve d\u00f6ner turnikeler en yayg\u0131n lobi turnikeleridir ve baz\u0131 m\u00fc\u015fteriler lobi turnikeleri olarak ger\u00e7ek ihtiya\u00e7lar\u0131na g\u00f6re <a href=\"https:\/\/mairsturnstile.com\/what-is-flap-barrier.html\">flap bariyer turnikesini<\/a> se\u00e7erler.<\/p>\n<p>Tabii ki, <a href=\"https:\/\/mairsturnstile.com\/swing-turnstile-gate.html\">sal\u0131ncak turnike<\/a> kap\u0131s\u0131 ve <a href=\"https:\/\/mairsturnstile.com\/speed-gates.html\">h\u0131z kap\u0131s\u0131na<\/a> ek olarak, \u00e7ok say\u0131da \u00e7al\u0131\u015fan\u0131 ve \u00e7ok say\u0131da giri\u015f ve \u00e7\u0131k\u0131\u015f\u0131 olan ofis binalar\u0131 i\u00e7in, lobiye veya ofise ak\u0131ll\u0131 bir flap bariyer turnikesi kurmak da iyi bir se\u00e7imdir.<\/p>\n<p>Baz\u0131 devlet kurumlar\u0131 ve birimleri veya g\u00fc\u00e7l\u00fc gizlilik ve y\u00fcksek g\u00fcvenlik gereksinimleri olan yerler i\u00e7in, kayar turnike, daha kat\u0131 eri\u015fim y\u00f6netimi ve daha g\u00fc\u00e7l\u00fc g\u00fcvenlik \u00f6nlemlerine sahip olan ana eri\u015fim kontrol y\u00f6netim ekipman\u0131 olarak se\u00e7ilebilir. G\u00fcvenlik \u00f6nlemleri esas olarak tasar\u0131m\u0131na yans\u0131t\u0131lm\u0131\u015ft\u0131r. Kayar kol, delme ve t\u0131rmanmay\u0131 \u00f6nlemek i\u00e7in nispeten y\u00fcksektir ve ana malzeme akrilik camd\u0131r. Bu kanal\u0131n vizyonu s\u0131n\u0131rl\u0131 olmayacakt\u0131r. Ofis binas\u0131n\u0131n hol\u00fcne yerle\u015ftirilmi\u015f ve tamam\u0131 hala \u015feffaf ve parlak.<\/p>\n<p>Lobi turnikeleri, yaln\u0131zca bina eri\u015fiminin personel y\u00f6netimini etkili bir \u015fekilde ger\u00e7ekle\u015ftirmekle kalmaz ve m\u00fclk\u00fcn veya binan\u0131n personel y\u00f6netimi maliyetini d\u00fc\u015f\u00fcr\u00fcr, ayn\u0131 zamanda bina lobisinin g\u00fczelli\u011fini art\u0131r\u0131r ve t\u00fcm lobinin daha l\u00fcks g\u00f6r\u00fcnmesini sa\u011flar.<\/p>\n<p>Ger\u00e7ek senaryonuza g\u00f6re birka\u00e7 dakika i\u00e7inde sizin i\u00e7in bir render da olu\u015fturabiliriz. Ayr\u0131ca ayr\u0131nt\u0131l\u0131 yerle\u015fim ve \u00e7izimlerin yan\u0131 s\u0131ra kurulum \u00e7izimleri de sa\u011fl\u0131yoruz.<\/p>\n\n        \t\n\t<style type=\"text\/css\">\n\t\t.slider-info-25641.bafg-slider-info .bafg-slider-title {\n\t\t\t\t\t\tfont-size: 22px;\n\t\t\t\t\t\t\n\t\t\t\n\t\t\t\t\t}\n\n\t\t.slider-info-25641.bafg-slider-info .bafg-slider-description {\n\t\t\t\n\t\t\t\n\t\t\t\t\t}\n\n\t\t.slider-info-25641.bafg-slider-info .bafg_slider_readmore_button {\n\t\t\t\n\t\t\t\n\t\t\t\n\t\t\t\n\t\t\t\n\t\t\ttext-align: center;\n\n\t\t\t\n\t\t\t\n\t\t\t\n\t\t\t\n\t\t\t\n\t\t\t\n\t\t\t\t\t}\n\n\t\t.slider-info-25641.bafg-slider-info .bafg_slider_readmore_button:hover {\n\n\t\t\t\n\t\t\t\n\t\t\t\t\t}\n\n\t<\/style>\n\t\n        <div class=\"bafg-twentytwenty-container slider-25641 \" bafg-orientation=\"horizontal\" bafg-default-offset=\"0.5\" bafg-before-label=\"Before\" bafg-after-label=\"After\" bafg-overlay=\"yes\" bafg-move-slider-on-hover=\"yes\" bafg-click-to-move=\"no\">\n              \n            <img decoding=\"async\" class=\"skip-lazy\" src=\"http:\/\/mairsturnstile.com\/wp-content\/uploads\/2020\/09\/turnstile-gates-egypt-6.jpg\" alt=\"turnstile gates egypt\" data-skip-lazy title=\"\">\n            <img decoding=\"async\" class=\"skip-lazy\" src=\"http:\/\/mairsturnstile.com\/wp-content\/uploads\/2024\/11\/lobby-turnstiles.jpg\" alt=\"lobby turnstiles\" data-skip-lazy title=\"\">\n           \n        <\/div>\n\n        \t<div class=\"bafg-slider-info-wraper\">\n\t\t<div style=\"\" class=\"slider-info-25641 bafg-slider-info\">\n\t\t\t\t\t<\/div>\n\t<\/div>\n\t\n        <style type=\"text\/css\">\n            \n        <\/style>\n        \n<p>Fastlane lobi turnike kap\u0131s\u0131, ak\u0131ll\u0131 bir eri\u015fim kontrol g\u00fcvenlik sistemidir. Y\u00fcz parmak izi tan\u0131ma, RFID sistemleri, parmak izleri, <a href=\"https:\/\/en.wikipedia.org\/wiki\/QR_code\" target=\"_blank\" rel=\"noopener\">QR kodu<\/a> vb. her t\u00fcrl\u00fc eri\u015fim kontrol sistemi ile entegre olabilir.<\/p>\n<p>Y\u00fcksek h\u0131zl\u0131 mekanizma ve zarif g\u00f6r\u00fcn\u00fcm tasar\u0131m\u0131, onu bir ofis binas\u0131, \u00fcniversite, e\u011flence park\u0131 vb. i\u00e7in ideal bir se\u00e7im haline getirir. Sal\u0131n\u0131ml\u0131 bir turnike kap\u0131s\u0131, y\u00fcksek hacimli ve k\u00f6t\u00fc niyetli ko\u015fullar\u0131n \u00fcstesinden kolayca gelebilen, y\u00fcksek verimlili\u011fe sahip bir turnike kap\u0131s\u0131d\u0131r.<\/p>\n<ul>\n<li>Acil bir durumda elektri\u011fi kesin, Fastlane lobi turnikeleri otomatik olarak a\u00e7\u0131larak yang\u0131n g\u00fcvenli\u011fi gerekliliklerine uygun serbest ge\u00e7i\u015fe izin verecektir. Ama bir pil ile gelmelidir. \u0130hracata gelince, pil hassast\u0131r, de\u011fi\u015ftirmek i\u00e7in kondansat\u00f6r\u00fc kullanabiliriz<\/li>\n<li>Lobi Turnikeleri l\u00fcks ve \u00fcst d\u00fczey giri\u015f \u00e7\u00f6z\u00fcmleri i\u00e7in uygundur.<\/li>\n<li>T\u00fcm sistem sorunsuz, d\u00fc\u015f\u00fck g\u00fcr\u00fclt\u00fcl\u00fc ve y\u00fcksek h\u0131zda \u00e7al\u0131\u015f\u0131r.<\/li>\n<li>Alarm fonksiyonu, yasa d\u0131\u015f\u0131 bir sald\u0131r\u0131 veya ters sald\u0131r\u0131 varsa, kap\u0131 alarm verir ve kap\u0131 kilitlenir.<\/li>\n<li>Toplam 6 \u00e7ift k\u0131z\u0131l\u00f6tesi sens\u00f6r vard\u0131r. Ortadaki sens\u00f6r yayalar\u0131n s\u0131k\u0131\u015fmas\u0131n\u0131 \u00f6nlemek i\u00e7indir.<\/li>\n<li>Kuyruk \u00f6nleme i\u015flevi, bir ki\u015fi ayn\u0131 anda ge\u00e7ebilir. Birisi \u00f6ndekilerin pe\u015finden ko\u015farsa, kap\u0131 alarm verecektir.<\/li>\n<li>LED g\u00f6stergesi. K\u0131z\u0131l ha\u00e7 ve ye\u015fil ok. Ayr\u0131ca \u00f6n direk \u00fczerinde led g\u00f6stergeler bulunmaktad\u0131r. Kollara led \u0131\u015f\u0131k eklenebilir.<\/li>\n<li>\u00c7ift y\u00f6nl\u00fc eri\u015fim, daha fazla kap\u0131 ihtiyac\u0131n\u0131 azalt\u0131r. Tekerlekli sandalye i\u00e7in uygundur, al\u0131\u015fveri\u015f arabas\u0131 ge\u00e7i\u015f verimlili\u011fini art\u0131r\u0131r.<\/li>\n<li>Otomatik s\u0131f\u0131rlama i\u015flevi. Ki\u015filer \u00f6nceden ayarlanan s\u00fcre i\u00e7inde (varsay\u0131lan s\u00fcre 5 saniyedir) ge\u00e7mezse, sistem kullan\u0131c\u0131n\u0131n yetkisini iptal eder ve otomatik olarak kapan\u0131r.<\/li>\n<li>Darbe \u00f6nleyici, Kelep\u00e7e \u00f6nleyici, Kap\u0131lar f\u0131r\u00e7as\u0131z bir motorla birlikte gelir. \u00c7al\u0131\u015fma s\u0131ras\u0131nda kola birisi \u00e7arparsa kap\u0131 otomatik olarak s\u0131f\u0131rlan\u0131r. Bu i\u015flev, yayalar\u0131n, \u00f6zellikle \u00e7ocuklar\u0131n \u00e7arpmas\u0131n\u0131, \u00e7arpmas\u0131n\u0131, \u00e7arpmas\u0131n\u0131 vb. etkili bir \u015fekilde \u00f6nler.<\/li>\n<li>Vuru\u015f \u00f6nleme mekanizmas\u0131, kuvvet etkisi ile kar\u015f\u0131la\u015ft\u0131\u011f\u0131nda otomatik olarak s\u0131f\u0131rlan\u0131r<\/li>\n<li>Lobi Turnikeleri G\u00f6vde Malzemesi: 304 paslanmaz \u00e7elik ve toz boyal\u0131<\/li>\n<li>Mekanizman\u0131n g\u00fcvenilirli\u011fi: 5 milyon, hatas\u0131z<\/li>\n<li>Hall Anahtar\u0131 Yerle\u015ftirme kolu, daha hassas<\/li>\n<li>\u00c7al\u0131\u015fma Y\u00f6n\u00fc: \u00c7ift y\u00f6nl\u00fc\/Tek y\u00f6nl\u00fc<\/li>\n<li>Acil durum: kondansat\u00f6r ile elektrik kesildi\u011finde otomatik olarak a\u00e7\u0131l\u0131r<\/li>\n<li>Nem: \u226490%<\/li>\n<li>Kollarda LED \u0131\u015f\u0131klar mevcuttur<\/li>\n<li>Kol akrilik kal\u0131nl\u0131\u011f\u0131: 10 mm<\/li>\n<li>\u00c7al\u0131\u015fma s\u0131cakl\u0131\u011f\u0131: -20\u2103\uff5e60\u2103<\/li>\n<li>\u0130leti\u015fim mesafesi: \u22641200 m<\/li>\n<li>\u0130leti\u015fim arabirimi: RS485<\/li>\n<li>\u00d6zellik: IC\/ID okuyucu, Barkod Okuyucu, Y\u00fcz tan\u0131ma, Parmak izi, di\u011fer eri\u015fim kontrol ekipmanlar\u0131, UPS, vb.<\/li>\n<li>A\u00e7mak i\u00e7in gereken s\u00fcre: 0,2 sn<\/li>\n<li>\u00c7al\u0131\u015fma ortam\u0131: \u0130\u00e7 mekan<\/li>\n<li>Uygulama aral\u0131\u011f\u0131: Topluluk, Fabrika, \u015eantiye, Okul, Tatil Yeri, vb.<\/li>\n<\/ul>\n<p>T\u00fcm g\u00fcvenlik eri\u015fim kontrol\u00fc \u00e7\u00f6z\u00fcm\u00fcn\u00fc sa\u011flayabiliriz. Kendi ge\u00e7i\u015f kontrol sisteminiz varsa, do\u011frudan turnike kap\u0131m\u0131z\u0131 kullanabilirsiniz. E\u011fer yoksa, eksiksiz bir g\u00fcvenlik eri\u015fim kontrol\u00fc \u00e7\u00f6z\u00fcm\u00fc de sa\u011fl\u0131yoruz. Ayr\u0131nt\u0131lar i\u00e7in l\u00fctfen a\u015fa\u011f\u0131daki videoya bak\u0131n.<\/p>\n<p><iframe title=\"Yeni Tasar\u0131m H\u0131zl\u0131 Ge\u00e7i\u015f Turnikesi, Lobi turnikeleri, Ofis turnikesi - MairsTurnstile.com\" src=\"https:\/\/www.youtube.com\/embed\/izk8WuYn4no\" width=\"1150\" height=\"650\" frameborder=\"0\" allowfullscreen=\"allowfullscreen\"><\/iframe><\/p>\n","protected":false},"excerpt":{"rendered":"<p>1. Boyut: 1400*150*1000 mm (\u00f6zelle\u015ftirilebilir)<\/p>\n<p>2. Kulvar Geni\u015fli\u011fi: 600 mm (Standart) 900 mm(Engelli)<\/p>\n<p>3. Kol malzemesi: Akrilik<\/p>\n<p>4. Ge\u00e7i\u015f h\u0131z\u0131: 40 ki\u015fi\/dk<\/p>\n<p>5. G\u00fc\u00e7 kayna\u011f\u0131: 110 V\/220 V 50\/60 Hz<\/p>\n<p>6. F\u0131r\u00e7as\u0131z motor: 40W<\/p>\n<p>7. Kap\u0131 A\u00e7\u0131k Sinyali: Kuru Kontak\/ R\u00f6le<\/p>\n<p>8. S\u00fcr\u00fc\u015f Motoru: 24 V<\/p>\n<p>9. A\u011f\u0131rl\u0131k: 70 kg\/adet<\/p>\n<p><span style=\"color: #0000ff;\"><strong><a style=\"color: #0000ff;\" title=\"Mairs CE Belgeli H\u0131zl\u0131 Ge\u00e7i\u015f Turnikesi\" href=\"http:\/\/mairsturnstile.com\/wp-content\/uploads\/2022\/09\/Mairs-CE-Certificate-Speed-Gate-Turnstile.pdf\" target=\"_blank\" rel=\"noopener noreferrer\">CE Belgeli,<\/a> <a style=\"color: #0000ff;\" title=\"Mairs ISO9001 Sertifikas\u0131\" href=\"http:\/\/mairsturnstile.com\/wp-content\/uploads\/2022\/09\/Mairs-Registration-Certificate-ISO9001.pdf\" target=\"_blank\" rel=\"noopener noreferrer\">ISO9001 Sertifikal\u0131.<\/a><\/strong><\/span><\/p>\n","protected":false},"featured_media":29846,"comment_status":"closed","ping_status":"closed","template":"","meta":{"neve_meta_sidebar":"","neve_meta_container":"","neve_meta_enable_content_width":"off","neve_meta_content_width":0,"neve_meta_title_alignment":"","neve_meta_author_avatar":"","neve_post_elements_order":"","neve_meta_disable_header":"","neve_meta_disable_footer":"","neve_meta_disable_title":"","_ti_tpc_template_sync":false,"_ti_tpc_template_id":""},"product_cat":[1916,1931],"product_tag":[1962,1961,1959,1960],"class_list":["post-30674","product","type-product","status-publish","has-post-thumbnail","hentry","product_cat-guvenlik-turnikeleri","product_cat-hizli-kapilar","product_tag-lobi-guvenlik-turnikeleri","product_tag-lobi-turnikeleri","product_tag-turnike-giris-kapilari","product_tag-turnike-yapmak"],"_links":{"self":[{"href":"https:\/\/mairsturnstile.com\/tr\/wp-json\/wp\/v2\/product\/30674","targetHints":{"allow":["GET"]}}],"collection":[{"href":"https:\/\/mairsturnstile.com\/tr\/wp-json\/wp\/v2\/product"}],"about":[{"href":"https:\/\/mairsturnstile.com\/tr\/wp-json\/wp\/v2\/types\/product"}],"replies":[{"embeddable":true,"href":"https:\/\/mairsturnstile.com\/tr\/wp-json\/wp\/v2\/comments?post=30674"}],"version-history":[{"count":0,"href":"https:\/\/mairsturnstile.com\/tr\/wp-json\/wp\/v2\/product\/30674\/revisions"}],"wp:featuredmedia":[{"embeddable":true,"href":"https:\/\/mairsturnstile.com\/tr\/wp-json\/wp\/v2\/media\/29846"}],"wp:attachment":[{"href":"https:\/\/mairsturnstile.com\/tr\/wp-json\/wp\/v2\/media?parent=30674"}],"wp:term":[{"taxonomy":"product_cat","embeddable":true,"href":"https:\/\/mairsturnstile.com\/tr\/wp-json\/wp\/v2\/product_cat?post=30674"},{"taxonomy":"product_tag","embeddable":true,"href":"https:\/\/mairsturnstile.com\/tr\/wp-json\/wp\/v2\/product_tag?post=30674"}],"curies":[{"name":"wp","href":"https:\/\/api.w.org\/{rel}","templated":true}]}}