{"id":30676,"date":"2022-02-19T22:23:17","date_gmt":"2022-02-19T14:23:17","guid":{"rendered":"https:\/\/mairsturnstile.com\/product\/satilik-tripod-turnike-mt141"},"modified":"2023-10-30T14:54:19","modified_gmt":"2023-10-30T06:54:19","slug":"turnike-price-kenya","status":"publish","type":"product","link":"https:\/\/mairsturnstile.com\/tr\/urun\/turnike-price-kenya","title":{"rendered":"SATILIK TR\u0130POD TURN\u0130KE MT141"},"content":{"rendered":"        <!-- 3D Model html -->\r\n        <div class=\"bp_grand wrapper_20766\">   \r\n        <div class=\"bp_model_parent\">\r\n            <model-viewer class=\"model\" id=\"bp_model_id_20766\" src=\"http:\/\/mairsturnstile.com\/wp-content\/uploads\/2023\/06\/MT141.glb\" alt=\"MT141\" camera-controls  loading=\"auto\" auto-rotate                        >\r\n            <\/model-viewer>\r\n        \r\n            <!-- Button -->\r\n            <svg id=\"openBtn\" width=\"30px\" height=\"30px\" viewBox=\"0 0 16 16\" xmlns=\"http:\/\/www.w3.org\/2000\/svg\" fill=\"#f2f2f2\" class=\"bi bi-arrows-fullscreen model-icon\">\r\n                <path fill-rule=\"evenodd\" d=\"M5.828 10.172a.5.5 0 0 0-.707 0l-4.096 4.096V11.5a.5.5 0 0 0-1 0v3.975a.5.5 0 0 0 .5.5H4.5a.5.5 0 0 0 0-1H1.732l4.096-4.096a.5.5 0 0 0 0-.707zm4.344 0a.5.5 0 0 1 .707 0l4.096 4.096V11.5a.5.5 0 1 1 1 0v3.975a.5.5 0 0 1-.5.5H11.5a.5.5 0 0 1 0-1h2.768l-4.096-4.096a.5.5 0 0 1 0-.707zm0-4.344a.5.5 0 0 0 .707 0l4.096-4.096V4.5a.5.5 0 1 0 1 0V.525a.5.5 0 0 0-.5-.5H11.5a.5.5 0 0 0 0 1h2.768l-4.096 4.096a.5.5 0 0 0 0 .707zm-4.344 0a.5.5 0 0 1-.707 0L1.025 1.732V4.5a.5.5 0 0 1-1 0V.525a.5.5 0 0 1 .5-.5H4.5a.5.5 0 0 1 0 1H1.732l4.096 4.096a.5.5 0 0 1 0 .707z\"\/>\r\n            <\/svg>\r\n        \r\n            <svg id=\"closeBtn\" class=\"model-icon\" width=\"34px\" height=\"34px\" viewBox=\"0 0 24 24\" xmlns=\"http:\/\/www.w3.org\/2000\/svg\">\r\n                <path fill=\"none\" stroke=\"#f2f2f2\" stroke-width=\"2\" d=\"M7,7 L17,17 M7,17 L17,7\"\/>\r\n            <\/svg>\r\n        \r\n        <\/div>\r\n        <\/div> \r\n\r\n        <!-- Model Viewer Style -->\r\n        <style>\r\n            \r\n            .wrapper_20766 .bp_model_parent, #bp_model_id_20766 {\r\n                width: 1150px;\r\n                max-width: 100%;\r\n                                            }\r\n            #bp_model_id_20766 {\r\n                height:700px;\r\n                background-color: #f2f2f2;\r\n            }\r\n            .fullscreen #bp_model_id_20766{\r\n            height: 100%;\r\n            width: 100%;\r\n            }\r\n            .wrapper_20766 .bp_model_parent{\r\n                justify-content: start            }\r\n            model-viewer.model {\r\n                --poster-color: transparent;\r\n            }\r\n        <\/style>\r\n        \r\n        \n<h4>TURN\u0130KE F\u0130YATI KENYA TR\u0130POD TURN\u0130KELER 2 y\u0131l garantili olup, kal\u0131c\u0131 bak\u0131m ve onar\u0131m deste\u011fi ta\u015f\u0131maktad\u0131r.<\/h4>\n<p>Kenya&#8217;daki turnike fiyat\u0131n\u0131 kontrol etmek istiyorsan\u0131z, l\u00fctfen Kenya&#8217;ya her t\u00fcrl\u00fc yaya turnikesi ihra\u00e7 eden Mairs ile ileti\u015fime ge\u00e7in ve Kenya&#8217;daki en iyi turnike fiyat\u0131n\u0131 sunuyoruz.<\/p>\n<p>OEM ve ODM hizmetleri sa\u011flayabiliriz. \u0130htiya\u00e7lar\u0131n\u0131zdan herhangi birine g\u00f6re derin \u00f6zelle\u015ftirmeyi tamamlayabilen deneyimli tasar\u0131mc\u0131lar\u0131m\u0131z var. 3D render, boyutlu \u00e7izimler gibi bir dizi malzemeyi en k\u0131sa s\u00fcrede sa\u011flayaca\u011f\u0131z. IC\/ID kart okuyucular\u0131, parmak izi taray\u0131c\u0131lar\u0131, QR kodu taray\u0131c\u0131lar\u0131, y\u00fcz tan\u0131ma kameralar\u0131 vb. gibi biyometrik cihazlar da sa\u011fl\u0131yoruz. Bu cihazlar\u0131 tam boy turnike kap\u0131s\u0131na entegre etmeniz gerekiyorsa veya herhangi bir sorunuz varsa, l\u00fctfen <a href=\"https:\/\/mairsturnstile.com\/contact\">bizimle ileti\u015fime ge\u00e7in.<\/a><\/p>\n<p><strong>Tripod turnike<\/strong><strong> \u015easi, mekanizma ve her seferinde 120\u00b0 d\u00f6nerek duran veya b\u0131rakan \u00fc\u00e7 blokaj \u00e7ubu\u011fundan olu\u015fan en temel yaya turnike kap\u0131s\u0131 t\u00fcr\u00fcd\u00fcr.<\/strong> Bile\u015fenleri bir \u015fasi, mekanizma, s\u00fcr\u00fcc\u00fc kontrol kart\u0131, motor, limit, y\u00f6n g\u00f6sterge kart\u0131, eri\u015fim kontrol par\u00e7as\u0131, opsiyonel saya\u00e7 vb. i\u00e7erir. Metal \u00e7ubuk (\u00e7ubuk uzunlu\u011fu standart 50cm), blokaj g\u00f6vdesi (fren kolu) olarak uzaysal bir \u00fc\u00e7gen olu\u015fturur. Dayan\u0131kl\u0131 ve deforme olmas\u0131 kolay olmayan 304 veya 316 paslanmaz \u00e7elikten imal edilmi\u015ftir. Engelleme ve serbest b\u0131rakma d\u00f6nd\u00fcrme ile sa\u011flan\u0131r.<\/p>\n<p>Genel olarak, tripod turnikenin \u015fekli, g\u00fczel ve c\u00f6mert, paslanmaz ve dayan\u0131kl\u0131 olan ve d\u0131\u015f kuvvet hasar\u0131na kar\u015f\u0131 koyabilen 304 <a class=\"rank-math-link\" href=\"https:\/\/en.wikipedia.org\/wiki\/Stainless_steel\" target=\"_blank\" rel=\"noopener noreferrer\">paslanmaz \u00e7elik<\/a> plakadan yap\u0131lm\u0131\u015ft\u0131r.<\/p>\n<p>Tripod turnike, mekanizma kontrol modundan mekanik tip, yar\u0131 otomatik tip ve tam otomatik tip olarak ayr\u0131l\u0131r. Formdan dikey tripod turnike ve k\u00f6pr\u00fc tripod turnike olarak ikiye ayr\u0131l\u0131r. Turnike fiyat\u0131 Kenya tripod turnikesi k\u00fc\u00e7\u00fck bir hacme sahiptir ve kurulumu nispeten kolayd\u0131r; K\u00f6pr\u00fc tripod turnike kap\u0131s\u0131 daha uzun bir kanala ve daha y\u00fcksek g\u00fcvenli\u011fe sahiptir.<\/p>\n<p>Tripod turnike, ak\u0131ll\u0131 bir eri\u015fim kontrol sistemi olu\u015fturmak i\u00e7in ak\u0131ll\u0131 kartlar, parmak izleri, barkodlar ve di\u011fer tan\u0131mlama sistemi ekipmanlar\u0131yla birle\u015ftirilebilir; Eri\u015fim kontrol\u00fc, kat\u0131l\u0131m, t\u00fcketim, bilet sat\u0131\u015flar\u0131, ak\u0131m k\u0131s\u0131tlamas\u0131 vb. A\u00e7\u0131k.<\/p>\n<p>Ger\u00e7ek senaryonuza g\u00f6re birka\u00e7 dakika i\u00e7inde sizin i\u00e7in bir render da olu\u015fturabiliriz. Ayr\u0131ca ayr\u0131nt\u0131l\u0131 yerle\u015fim ve \u00e7izimlerin yan\u0131 s\u0131ra kurulum \u00e7izimleri de sa\u011fl\u0131yoruz.<\/p>\n\n        \t\n\t<style type=\"text\/css\">\n\t\t.slider-info-20749.bafg-slider-info .bafg-slider-title {\n\t\t\t\t\t\tfont-size: 22px;\n\t\t\t\t\t\t\n\t\t\t\n\t\t\t\t\t}\n\n\t\t.slider-info-20749.bafg-slider-info .bafg-slider-description {\n\t\t\t\n\t\t\t\n\t\t\t\t\t}\n\n\t\t.slider-info-20749.bafg-slider-info .bafg_slider_readmore_button {\n\t\t\t\n\t\t\t\n\t\t\t\n\t\t\t\n\t\t\t\n\t\t\ttext-align: center;\n\n\t\t\t\n\t\t\t\n\t\t\t\n\t\t\t\n\t\t\t\n\t\t\t\n\t\t\t\t\t}\n\n\t\t.slider-info-20749.bafg-slider-info .bafg_slider_readmore_button:hover {\n\n\t\t\t\n\t\t\t\n\t\t\t\t\t}\n\n\t<\/style>\n\t\n        <div class=\"bafg-twentytwenty-container slider-20749 \" bafg-orientation=\"horizontal\" bafg-default-offset=\"0.5\" bafg-before-label=\"Before\" bafg-after-label=\"After\" bafg-overlay=\"yes\" bafg-move-slider-on-hover=\"yes\" bafg-click-to-move=\"no\">\n              \n            <img decoding=\"async\" class=\"skip-lazy\" src=\"http:\/\/mairsturnstile.com\/wp-content\/uploads\/2023\/06\/turnstile-price-kenya_5.jpg\" alt=\"\" data-skip-lazy title=\"\">\n            <img decoding=\"async\" class=\"skip-lazy\" src=\"http:\/\/mairsturnstile.com\/wp-content\/uploads\/2023\/06\/turnstile-price-kenya_6.jpg\" alt=\"\" data-skip-lazy title=\"\">\n           \n        <\/div>\n\n        \t<div class=\"bafg-slider-info-wraper\">\n\t\t<div style=\"\" class=\"slider-info-20749 bafg-slider-info\">\n\t\t\t\t\t<\/div>\n\t<\/div>\n\t\n        <style type=\"text\/css\">\n            \n        <\/style>\n        \n<ul>\n<li>Tripod turnike, kompakt ve uygun maliyetli bir giri\u015f \u00e7\u00f6z\u00fcm\u00fcd\u00fcr.<\/li>\n<li>Tripod turnike, paslanmaya dayan\u0131kl\u0131, sa\u011flam ve dayan\u0131kl\u0131, tamamen ya\u011fmur ge\u00e7irmez 304 paslanmaz \u00e7elik g\u00f6vdeye sahiptir.<\/li>\n<li>Turnike fiyat\u0131 Kenya tripod turnikesi, hem i\u00e7 hem de d\u0131\u015f mekanlar i\u00e7in monte edilebilir. IP oran\u0131 54<\/li>\n<li>Her t\u00fcrl\u00fc \u00fc\u00e7\u00fcnc\u00fc taraf eri\u015fim kontrol sistemiyle (yani RFID, Parmak \u0130zi, Y\u00fcz, Barkod, IR termometre) kolayca entegre edilebilen uluslararas\u0131 standart bir r\u00f6le \u00e7\u0131k\u0131\u015f\u0131na sahiptir.<\/li>\n<li>Turnike fiyat\u0131 Kenya Tripod turnikesi yar\u0131 otomatik bir turnikedir. Eri\u015fim izni verildi\u011finde kap\u0131y\u0131 a\u00e7mak i\u00e7in kolu hafif\u00e7e itmeniz gerekecektir.<\/li>\n<li>Makul tasar\u0131m ve y\u00fcksek performans, kap\u0131lar\u0131n h\u0131zl\u0131 ve do\u011fru, istikrarl\u0131 ve sessiz hareket etmesini sa\u011flamak i\u00e7indir; d\u00fc\u015f\u00fck g\u00fc\u00e7 t\u00fcketimi, enerji tasarrufu ve \u00e7evre koruma ile.<\/li>\n<li>Uzun servis \u00f6mr\u00fc i\u00e7in dayan\u0131kl\u0131, korozyona dayan\u0131kl\u0131, a\u011f\u0131r hizmet tipi kal\u0131p mekanizmas\u0131<\/li>\n<li>Mekanizma kal\u0131p tasar\u0131m\u0131d\u0131r. T\u00fcm bile\u015fenler hassast\u0131r. Kap\u0131 sisteminin d\u00fc\u015f\u00fck g\u00fcr\u00fclt\u00fc ile sorunsuz \u00e7al\u0131\u015fmas\u0131n\u0131 sa\u011flar. Hidrolik amortis\u00f6r eklenebilir.<\/li>\n<li>Tripod g\u00fcvenlik turnikesinin tasar\u0131m\u0131 ayn\u0131 anda sadece bir ki\u015finin ge\u00e7mesini sa\u011flar.<\/li>\n<li>Mairs, Kenya&#8217;daki en iyi turnike fiyat\u0131n\u0131 sunuyor.<\/li>\n<li>Tek y\u00f6nl\u00fc veya \u00c7ift y\u00f6nl\u00fc bir se\u00e7enektir.<\/li>\n<li>\u00dcstte LED y\u00f6n g\u00f6sterge \u0131\u015f\u0131\u011f\u0131<\/li>\n<li>Otomatik saat fonksiyonu: A\u00e7\u0131k bir sinyal al\u0131nd\u0131\u011f\u0131nda ancak ziyaret\u00e7i belirli bir s\u00fcre i\u00e7inde (varsay\u0131lan 5 saniye) kap\u0131dan ge\u00e7mezse, turnike kolu otomatik olarak kilitlenir.<\/li>\n<li>G\u00fc\u00e7 kesildi\u011finde, yang\u0131n g\u00fcvenli\u011fi gerekliliklerine uygun olarak serbest ge\u00e7i\u015fe izin vermek i\u00e7in tripod turnike kollar\u0131 otomatik olarak a\u015fa\u011f\u0131 inecektir.<\/li>\n<\/ul>\n<p>T\u00fcm g\u00fcvenlik eri\u015fim kontrol\u00fc \u00e7\u00f6z\u00fcm\u00fcn\u00fc sa\u011flayabiliriz. Kendi ge\u00e7i\u015f kontrol sisteminiz varsa, do\u011frudan turnike kap\u0131m\u0131z\u0131 kullanabilirsiniz. E\u011fer yoksa, eksiksiz bir g\u00fcvenlik eri\u015fim kontrol\u00fc \u00e7\u00f6z\u00fcm\u00fc de sa\u011fl\u0131yoruz. Ayr\u0131nt\u0131lar i\u00e7in l\u00fctfen a\u015fa\u011f\u0131daki videoya bak\u0131n.<\/p>\n<p><iframe title=\"Otomatik tripod turnikesi, tripod turnike kap\u0131s\u0131, tripod turnike \u00e7\u00f6z\u00fcm\u00fc - MaersTurnstile\" src=\"https:\/\/www.youtube.com\/embed\/6LIOkb5RGwk\" width=\"1150\" height=\"650\" frameborder=\"0\" allowfullscreen=\"allowfullscreen\"><\/iframe><\/p>\n","protected":false},"excerpt":{"rendered":"<p>1. Boyut: 1400*280*980 mm (\u00f6zelle\u015ftirilebilir)<\/p>\n<p>2. \u015eerit geni\u015fli\u011fi: 550 mm (\u00f6zelle\u015ftirilebilir)<\/p>\n<p>3. Ge\u00e7i\u015f h\u0131z\u0131: 35 ki\u015fi\/dk<\/p>\n<p>4. G\u00fc\u00e7 kayna\u011f\u0131: 110V\/220V 50\/60Hz<\/p>\n<p>5. A\u011f\u0131rl\u0131k: 40 kg<\/p>\n<p>6. Kap\u0131 A\u00e7\u0131k Sinyali: Kuru Kontak\/ R\u00f6le<\/p>\n<p>7. G\u00f6vde Malzemesi: 304 paslanmaz \u00e7elik<\/p>\n<p>8. Mekanizman\u0131n g\u00fcvenilirli\u011fi: 3 milyon, hatas\u0131z<\/p>\n<p>9. Kol malzemesi: 304 paslanmaz \u00e7elik<\/p>\n<p><strong><a title=\"Mairs CE Belgeli Tripod Turnike\" href=\"http:\/\/mairsturnstile.com\/wp-content\/uploads\/2022\/09\/Mairs-CE-Certificate-Tripod-Turnstile.pdf\" target=\"_blank\" rel=\"noopener noreferrer\">CE Belgeli,<\/a> <a title=\"Mairs ISO9001 Sertifikas\u0131\" href=\"http:\/\/mairsturnstile.com\/wp-content\/uploads\/2022\/09\/Mairs-Registration-Certificate-ISO9001.pdf\" target=\"_blank\" rel=\"noopener noreferrer\">ISO9001 Sertifikal\u0131.<\/a><\/strong><\/p>\n","protected":false},"featured_media":29205,"comment_status":"closed","ping_status":"closed","template":"","meta":{"neve_meta_sidebar":"","neve_meta_container":"","neve_meta_enable_content_width":"off","neve_meta_content_width":0,"neve_meta_title_alignment":"","neve_meta_author_avatar":"","neve_post_elements_order":"","neve_meta_disable_header":"","neve_meta_disable_footer":"","neve_meta_disable_title":"","_ti_tpc_template_sync":false,"_ti_tpc_template_id":""},"product_cat":[1916,1942],"product_tag":[1939,1933,1963,1967],"class_list":["post-30676","product","type-product","status-publish","has-post-thumbnail","hentry","product_cat-guvenlik-turnikeleri","product_cat-tripod-turnike","product_tag-bir-turnike-maliyeti-ne-kadar","product_tag-guvenlik-turnikeleri","product_tag-tripod-turnikesi","product_tag-turnike-fiyati-kenya"],"_links":{"self":[{"href":"https:\/\/mairsturnstile.com\/tr\/wp-json\/wp\/v2\/product\/30676","targetHints":{"allow":["GET"]}}],"collection":[{"href":"https:\/\/mairsturnstile.com\/tr\/wp-json\/wp\/v2\/product"}],"about":[{"href":"https:\/\/mairsturnstile.com\/tr\/wp-json\/wp\/v2\/types\/product"}],"replies":[{"embeddable":true,"href":"https:\/\/mairsturnstile.com\/tr\/wp-json\/wp\/v2\/comments?post=30676"}],"version-history":[{"count":0,"href":"https:\/\/mairsturnstile.com\/tr\/wp-json\/wp\/v2\/product\/30676\/revisions"}],"wp:featuredmedia":[{"embeddable":true,"href":"https:\/\/mairsturnstile.com\/tr\/wp-json\/wp\/v2\/media\/29205"}],"wp:attachment":[{"href":"https:\/\/mairsturnstile.com\/tr\/wp-json\/wp\/v2\/media?parent=30676"}],"wp:term":[{"taxonomy":"product_cat","embeddable":true,"href":"https:\/\/mairsturnstile.com\/tr\/wp-json\/wp\/v2\/product_cat?post=30676"},{"taxonomy":"product_tag","embeddable":true,"href":"https:\/\/mairsturnstile.com\/tr\/wp-json\/wp\/v2\/product_tag?post=30676"}],"curies":[{"name":"wp","href":"https:\/\/api.w.org\/{rel}","templated":true}]}}