{"id":30680,"date":"2022-05-02T11:50:56","date_gmt":"2022-05-02T03:50:56","guid":{"rendered":"https:\/\/mairsturnstile.com\/product\/bisiklet-turnikesi-bisiklet-kapili-tam-boy-turnike-mt451-z"},"modified":"2024-10-28T17:21:25","modified_gmt":"2024-10-28T09:21:25","slug":"bisiklet-turnikesi","status":"publish","type":"product","link":"https:\/\/mairsturnstile.com\/tr\/urun\/bisiklet-turnikesi","title":{"rendered":"Bisiklet Turnikesi Bisiklet Kap\u0131l\u0131 Tam Boy Bisiklet Turnikesi"},"content":{"rendered":"        <!-- 3D Model html -->\r\n        <div class=\"bp_grand wrapper_51813\">   \r\n        <div class=\"bp_model_parent\">\r\n            <model-viewer class=\"model\" id=\"bp_model_id_51813\" src=\"http:\/\/mairsturnstile.com\/wp-content\/uploads\/2024\/09\/MT-LX402-Z.glb\" alt=\"MT-LX402-Z\" camera-controls  loading=\"auto\" auto-rotate                        >\r\n            <\/model-viewer>\r\n        \r\n            <!-- Button -->\r\n            <svg id=\"openBtn\" width=\"30px\" height=\"30px\" viewBox=\"0 0 16 16\" xmlns=\"http:\/\/www.w3.org\/2000\/svg\" fill=\"#f2f2f2\" class=\"bi bi-arrows-fullscreen model-icon\">\r\n                <path fill-rule=\"evenodd\" d=\"M5.828 10.172a.5.5 0 0 0-.707 0l-4.096 4.096V11.5a.5.5 0 0 0-1 0v3.975a.5.5 0 0 0 .5.5H4.5a.5.5 0 0 0 0-1H1.732l4.096-4.096a.5.5 0 0 0 0-.707zm4.344 0a.5.5 0 0 1 .707 0l4.096 4.096V11.5a.5.5 0 1 1 1 0v3.975a.5.5 0 0 1-.5.5H11.5a.5.5 0 0 1 0-1h2.768l-4.096-4.096a.5.5 0 0 1 0-.707zm0-4.344a.5.5 0 0 0 .707 0l4.096-4.096V4.5a.5.5 0 1 0 1 0V.525a.5.5 0 0 0-.5-.5H11.5a.5.5 0 0 0 0 1h2.768l-4.096 4.096a.5.5 0 0 0 0 .707zm-4.344 0a.5.5 0 0 1-.707 0L1.025 1.732V4.5a.5.5 0 0 1-1 0V.525a.5.5 0 0 1 .5-.5H4.5a.5.5 0 0 1 0 1H1.732l4.096 4.096a.5.5 0 0 1 0 .707z\"\/>\r\n            <\/svg>\r\n        \r\n            <svg id=\"closeBtn\" class=\"model-icon\" width=\"34px\" height=\"34px\" viewBox=\"0 0 24 24\" xmlns=\"http:\/\/www.w3.org\/2000\/svg\">\r\n                <path fill=\"none\" stroke=\"#f2f2f2\" stroke-width=\"2\" d=\"M7,7 L17,17 M7,17 L17,7\"\/>\r\n            <\/svg>\r\n        \r\n        <\/div>\r\n        <\/div> \r\n\r\n        <!-- Model Viewer Style -->\r\n        <style>\r\n            \r\n            .wrapper_51813 .bp_model_parent, #bp_model_id_51813 {\r\n                width: 1150px;\r\n                max-width: 100%;\r\n                                            }\r\n            #bp_model_id_51813 {\r\n                height:700px;\r\n                background-color: #f9f9f9;\r\n            }\r\n            .fullscreen #bp_model_id_51813{\r\n            height: 100%;\r\n            width: 100%;\r\n            }\r\n            .wrapper_51813 .bp_model_parent{\r\n                justify-content: start            }\r\n            model-viewer.model {\r\n                --poster-color: transparent;\r\n            }\r\n        <\/style>\r\n        \r\n        \n<h3>Bisiklet Turnikesi Bisiklet Kap\u0131l\u0131 Tam Boy Bisiklet Turnikesi 2 y\u0131l garanti ve dayan\u0131kl\u0131 bak\u0131m ve onar\u0131m deste\u011fi ta\u015f\u0131r.<\/h3>\n<p>OEM ve ODM hizmetleri sa\u011flayabiliriz. IC\/ID kart okuyucular\u0131, parmak izi taray\u0131c\u0131lar\u0131, <a href=\"https:\/\/en.wikipedia.org\/wiki\/QR_code\" target=\"_blank\" rel=\"noopener\">QR kodu<\/a> taray\u0131c\u0131lar\u0131, y\u00fcz tan\u0131ma kameralar\u0131 vb. gibi biyometrik cihazlar da sa\u011fl\u0131yoruz. Ayr\u0131ca \u015f\u0131k g\u00f6r\u00fcn\u00fcml\u00fc ve sa\u011flam yap\u0131ya sahip yeni bir tam boy turnike serisi ba\u015flatt\u0131k. L\u00fctfen kontrol edin: <span style=\"color: #0000ff;\"><a style=\"color: #0000ff;\" href=\"https:\/\/mairsturnstile.com\/full-height-series-turnstile\" target=\"_blank\" rel=\"noopener\">tam boy turnike serisi<\/a><\/span> <\/p>\n<p><strong>Bisiklet turnikesi, yayalar ve bisikletler i\u00e7in \u00f6zel olarak tasarlanm\u0131\u015f bir t\u00fcr <a href=\"https:\/\/mairsturnstile.com\/full-height-turnstiles.html\" target=\"_blank\" rel=\"noopener\">tam boy turn<\/a> ike ekipman\u0131d\u0131r. Yayalar bisikletle g\u00fcvenle ge\u00e7ebilir. Yayalar da tek ba\u015f\u0131na ge\u00e7ebilir. Yaya ge\u00e7idi ile bisiklet ge\u00e7idini b\u00fct\u00fcnle\u015ftirir.<\/strong> Yaya yasal kap\u0131 a\u00e7ma sinyalini verdikten sonra, yaya turnikesi engelleme \u00e7ubu\u011fu, yaya ge\u00e7i\u015fini sa\u011flamak i\u00e7in kap\u0131 a\u00e7ma y\u00f6n\u00fcne belirli bir a\u00e7\u0131yla d\u00f6ner. Bisiklet ge\u00e7i\u015fini engelleyen \u00e7ubuk 120 derece d\u00f6nerek a\u00e7\u0131l\u0131r. Yaya, yaya ge\u00e7idi engelleme \u00e7ubu\u011funu hafif\u00e7e ittikten sonra, yaya ge\u00e7idi engelleme \u00e7ubu\u011fu otomatik olarak kap\u0131 a\u00e7ma y\u00f6n\u00fcne d\u00f6ner. \u015easi ve d\u00f6nen engelleme \u00e7ubu\u011fu, kurulum ve nakliye i\u00e7in uygun olan \u00e7\u0131kar\u0131labilir bir yap\u0131ya sahiptir.<\/p>\n<p>Bisiklet turnikesi, g\u00fc\u00e7l\u00fc su ge\u00e7irmez ve toz ge\u00e7irmez \u00f6zelli\u011fe, geni\u015f bir engelleme alan\u0131na sahiptir ve kar\u015f\u0131ya ge\u00e7emez veya t\u0131rmanamaz. Askeri \u00fcsler, devlet gizli birimleri, hapishaneler, fabrikalar, yerle\u015fim yerleri vb. gibi y\u00fcksek g\u00fcvenlik gereksinimleri olan i\u00e7 ve d\u0131\u015f mekanlar i\u00e7in uygundur.<\/p>\n<p>Bisiklet turnikesi, ayn\u0131 anda yaln\u0131zca bir ki\u015fiyi etkili bir \u015fekilde kontrol etmek i\u00e7in mekanik bir kuyruk \u00f6nleyici tasar\u0131m\u0131 benimser.<\/p>\n<p>Tek y\u00f6nde yasal kap\u0131 a\u00e7ma sinyali al\u0131nd\u0131\u011f\u0131nda, izin verilen ge\u00e7i\u015f s\u00fcresi i\u00e7inde, kar\u015f\u0131 y\u00f6nden ge\u00e7ide giren ve turnike \u00e7ubu\u011funu iten yayalar ters ge\u00e7i\u015f olarak kabul edilecek ve bu y\u00f6ndeki turnike \u00e7ubu\u011fu kilitlenerek engellenecektir. ters ge\u00e7itten yayalar.<\/p>\n<p>Kapal\u0131 d\u00f6ng\u00fc geri besleme kontrol sistemi, yasad\u0131\u015f\u0131 \u00e7ubuk \u00e7arp\u0131\u015fmas\u0131 ve ters ge\u00e7i\u015f gibi kanal\u0131n g\u00fcvenli\u011fini tehdit eden davran\u0131\u015flar\u0131 hassas bir \u015fekilde tespit edebilen ve ard\u0131ndan ses ve \u0131\u015f\u0131k \u015feklinde uyar\u0131lar g\u00f6nderebilen fren \u00e7ubu\u011funun hareket durumunu izlemek i\u00e7in kullan\u0131l\u0131r ve ayr\u0131ca di\u011fer g\u00fcvenlik sistemleriyle de ba\u011flant\u0131l\u0131 olabilir.<\/p>\n<p>Bisiklet turnikesi, geli\u015fmi\u015f bir turnike mekanizmas\u0131 yap\u0131s\u0131n\u0131 benimser ve y\u00fcksek kaliteli ithal f\u0131r\u00e7as\u0131z DC motor (hareket \u00e7ekirde\u011fi) ile donat\u0131lm\u0131\u015ft\u0131r, b\u00f6ylece tam boy turnikenin hizmet \u00f6mr\u00fc s\u00fcper uzundur ve performans istikrarl\u0131 ve bak\u0131m gerektirmez .<\/p>\n<p>Geli\u015fmi\u015f motor kontrol teknolojisi: geli\u015fmi\u015f servo kontrol sistemi ve DSP + arm motor kontrol teknolojisi benimsenmi\u015ftir ve motor kontrol algoritmas\u0131, bariyerin do\u011fru kontrol\u00fcn\u00fc ve konumland\u0131r\u0131lmas\u0131n\u0131 ger\u00e7ekle\u015ftirmek i\u00e7in birle\u015ftirilmi\u015ftir.<\/p>\n<p>Ger\u00e7ek senaryonuza g\u00f6re birka\u00e7 dakika i\u00e7inde sizin i\u00e7in bir render da olu\u015fturabiliriz. Ayr\u0131ca ayr\u0131nt\u0131l\u0131 yerle\u015fim ve \u00e7izimlerin yan\u0131 s\u0131ra kurulum \u00e7izimleri de sa\u011fl\u0131yoruz.<\/p>\n\n        \t\n\t<style type=\"text\/css\">\n\t\t.slider-info-52231.bafg-slider-info .bafg-slider-title {\n\t\t\t\t\t\tfont-size: 22px;\n\t\t\t\t\t\t\n\t\t\t\n\t\t\t\t\t}\n\n\t\t.slider-info-52231.bafg-slider-info .bafg-slider-description {\n\t\t\t\n\t\t\t\n\t\t\t\t\t}\n\n\t\t.slider-info-52231.bafg-slider-info .bafg_slider_readmore_button {\n\t\t\t\n\t\t\t\n\t\t\t\n\t\t\t\n\t\t\t\n\t\t\ttext-align: center;\n\n\t\t\t\n\t\t\t\n\t\t\t\n\t\t\t\n\t\t\t\n\t\t\t\n\t\t\t\t\t}\n\n\t\t.slider-info-52231.bafg-slider-info .bafg_slider_readmore_button:hover {\n\n\t\t\t\n\t\t\t\n\t\t\t\t\t}\n\n\t<\/style>\n\t\n        <div class=\"bafg-twentytwenty-container slider-52231 \" bafg-orientation=\"horizontal\" bafg-default-offset=\"0.5\" bafg-before-label=\"Before\" bafg-after-label=\"After\" bafg-overlay=\"yes\" bafg-move-slider-on-hover=\"yes\" bafg-click-to-move=\"no\">\n              \n            <img decoding=\"async\" class=\"skip-lazy\" src=\"http:\/\/mairsturnstile.com\/wp-content\/uploads\/2024\/10\/full-height-bicycle-turnstile-1.jpg\" alt=\"full height bicycle turnstile\" data-skip-lazy title=\"\">\n            <img decoding=\"async\" class=\"skip-lazy\" src=\"http:\/\/mairsturnstile.com\/wp-content\/uploads\/2024\/10\/full-height-bicycle-turnstile.jpg\" alt=\"full height bicycle turnstile\" data-skip-lazy title=\"\">\n           \n        <\/div>\n\n        \t<div class=\"bafg-slider-info-wraper\">\n\t\t<div style=\"\" class=\"slider-info-52231 bafg-slider-info\">\n\t\t\t\t\t<\/div>\n\t<\/div>\n\t\n        <style type=\"text\/css\">\n            \n        <\/style>\n        \n<p>G\u00fc\u00e7 kapatma ve kap\u0131 a\u00e7ma: bisiklet turnikesi geli\u015fmi\u015f bir mekanik yap\u0131ya sahiptir. G\u00fc\u00e7 kesildi\u011finde, engelleme \u00e7ubu\u011fu otomatik olarak a\u00e7\u0131l\u0131r ve serbest\u00e7e itilebilir, bu da insanlar\u0131 tahliye etmek i\u00e7in uygundur. Yani, ge\u00e7en personel i\u00e7in \u00e7ok y\u00f6nl\u00fc ki\u015fisel g\u00fcvenlik korumas\u0131 sa\u011flamak i\u00e7in g\u00fcc\u00fc kapat\u0131n ve kap\u0131y\u0131 a\u00e7\u0131n<\/p>\n<p>Acil kap\u0131 a\u00e7ma: insanlar\u0131n tahliyesini kolayla\u015ft\u0131rmak i\u00e7in turnike \u00e7ubu\u011funun kilidini otomatik olarak a\u00e7an ve serbest\u00e7e iten bir acil durum ka\u00e7\u0131\u015f kontrol cihaz\u0131 ile donat\u0131lm\u0131\u015ft\u0131r.<\/p>\n<p>Elektrik \u00e7arpmas\u0131n\u0131 \u00f6nleme: T\u00fcm elektrikli mod\u00fcller, 24V&#8217;un alt\u0131nda bir g\u00fcvenlik voltaj\u0131 benimser ve yayalar\u0131n elektrik \u00e7arpmas\u0131yla yaralanmas\u0131n\u0131 \u00f6nlemek i\u00e7in art\u0131k ak\u0131m koruyucusu ile donat\u0131lm\u0131\u015ft\u0131r.<\/p>\n<p>Mekanizma: bisiklet turnike kap\u0131s\u0131 f\u0131r\u00e7as\u0131z motorlu otomatik bir kap\u0131d\u0131r<\/p>\n<p>automatic optional)\u0130nsanlar\u0131n eri\u015fimi i\u00e7in yar\u0131 otomatik tam y\u00fckseklik (<\/p>\n<p>Mekanizman\u0131n g\u00fcvenilirli\u011fi: 5 milyon, hatas\u0131z<\/p>\n<p>\u015eok emici i\u00e7in hidrolik amortis\u00f6rl\u00fc mekanizma<\/p>\n<p>D\u00f6nme y\u00f6n\u00fc: \u00c7ift y\u00f6nl\u00fc\/Tek y\u00f6nl\u00fc<\/p>\n<p>Acil durum: Acil durum veya g\u00fc\u00e7 kayna\u011f\u0131n\u0131n izolasyonu durumunda, D\u00f6nen Kap\u0131 Ar\u0131za Korumal\u0131 olarak yap\u0131land\u0131r\u0131labilir, yani serbest\u00e7e d\u00f6ner veya Ar\u0131za Kilitleme<\/p>\n<p>Bisiklet Turnikesi Nemi: \u226495\uff05<\/p>\n<p>\u00c7al\u0131\u015fma s\u0131cakl\u0131\u011f\u0131: -25 \uff5e 60 \u2103<\/p>\n<p>\u0130ste\u011fe Ba\u011fl\u0131 \u00d6zellikler: IC\/ID okuyucu, Barkod Okuyucu, Y\u00fcz tan\u0131ma, Parmak izi, di\u011fer eri\u015fim kontrol ekipman\u0131, UPS, vb.<\/p>\n<p>\u0130leti\u015fim mesafesi: \u22641200 m<\/p>\n<p>\u0130leti\u015fim arabirimi: RS485<\/p>\n<p>Boyut \u00f6zelle\u015ftirilebilir<\/p>\n<p>A\u00e7mak i\u00e7in gereken s\u00fcre: 0,2 sn<\/p>\n<p>\u00c7al\u0131\u015fma ortam\u0131: \u0130\u00e7 mekan veya d\u0131\u015f mekan<\/p>\n<p>Uygulama aral\u0131\u011f\u0131: Topluluk, Fabrika, \u015eantiye, Okul, Tatil yeri, Devlet tesisi, vb.<\/p>\n<p>T\u00fcm g\u00fcvenlik eri\u015fim kontrol\u00fc \u00e7\u00f6z\u00fcm\u00fcn\u00fc sa\u011flayabiliriz. Kendi ge\u00e7i\u015f kontrol sisteminiz varsa, do\u011frudan turnike kap\u0131m\u0131z\u0131 kullanabilirsiniz. E\u011fer yoksa, eksiksiz bir g\u00fcvenlik eri\u015fim kontrol\u00fc \u00e7\u00f6z\u00fcm\u00fc de sa\u011fl\u0131yoruz. Ayr\u0131nt\u0131lar i\u00e7in l\u00fctfen a\u015fa\u011f\u0131daki videoya bak\u0131n.<\/p>\n<p><iframe title=\"YouTube video oynat\u0131c\u0131\" src=\"https:\/\/www.youtube.com\/embed\/XyxFKnS3Br0\" width=\"1150\" height=\"650\" frameborder=\"0\" allowfullscreen=\"allowfullscreen\"><span data-mce-type=\"bookmark\" style=\"display: inline-block; width: 0px; overflow: hidden; line-height: 0;\" class=\"mce_SELRES_start\"><\/span><\/iframe><\/p>\n","protected":false},"excerpt":{"rendered":"<p>1. Boyut: 2630*1500*2350 mm (\u00f6zelle\u015ftirilebilir)<\/p>\n<p>2. \u015eerit Geni\u015fli\u011fi: 650 mm (rotor) 900 mm (bisiklet)<\/p>\n<p>3. Malzeme: 304 paslanmaz \u00e7elik veya 316 paslanmaz \u00e7elik<\/p>\n<p>4. Ge\u00e7i\u015f h\u0131z\u0131: 25 ki\u015fi\/dk<\/p>\n<p>5. G\u00fc\u00e7 kayna\u011f\u0131: 110V\/220V 50\/60hz<\/p>\n<p>6. Tahrik: Yar\u0131 Otomatik Kumandal\u0131<\/p>\n<p>7. Solenoid valf: DC24V<\/p>\n<p>8. Kap\u0131 A\u00e7\u0131k Sinyali: Kuru Kontak\/ R\u00f6le<\/p>\n<p>9. Tahrik: Yar\u0131 Otomatik Kumandal\u0131<\/p>\n<p><strong><a title=\"Mairs CE Belgeli Tam Boy Turnike\" href=\"http:\/\/mairsturnstile.com\/wp-content\/uploads\/2022\/09\/Mairs-CE-Certificate-Full-Height-Turnstile.pdf\" target=\"_blank\" rel=\"noopener noreferrer\">CE Belgeli,<\/a> <a title=\"Mairs ISO9001 Sertifikas\u0131\" href=\"http:\/\/mairsturnstile.com\/wp-content\/uploads\/2022\/09\/Mairs-Registration-Certificate-ISO9001.pdf\" target=\"_blank\" rel=\"noopener noreferrer\">ISO9001 Sertifikal\u0131.<\/a><\/strong><\/p>\n<p><a title=\"Tam Boy Turnike Kurulum K\u0131lavuzu\" href=\"http:\/\/mairsturnstile.com\/wp-content\/uploads\/2023\/09\/Full-height-turnstile-installation-manual.pdf\" target=\"_blank\" rel=\"noopener noreferrer\"><img decoding=\"async\" class=\"alignnone size-full wp-image-11034\" src=\"http:\/\/mairsturnstile.com\/wp-content\/uploads\/2022\/09\/pdf-MairsTurnstile.png\" alt=\"\" width=\"32\" height=\"32\"><strong><span style=\"color: #0000ff;\"> Tam Boy Turnike Kullan\u0131m ve Kurulum K\u0131lavuzu<\/span><\/strong><\/a><\/p>\n","protected":false},"featured_media":56990,"comment_status":"closed","ping_status":"closed","template":"","meta":{"neve_meta_sidebar":"","neve_meta_container":"","neve_meta_enable_content_width":"off","neve_meta_content_width":0,"neve_meta_title_alignment":"","neve_meta_author_avatar":"","neve_post_elements_order":"","neve_meta_disable_header":"","neve_meta_disable_footer":"","neve_meta_disable_title":"","_ti_tpc_template_sync":false,"_ti_tpc_template_id":""},"product_cat":[1916,1973],"product_tag":[1977,1976,1974,1975],"class_list":["post-30680","product","type-product","status-publish","has-post-thumbnail","hentry","product_cat-guvenlik-turnikeleri","product_cat-tam-boy-turnikeler","product_tag-bisiklet-turnikesi","product_tag-donus-tarzi-kapisi","product_tag-tam-boy-turnike-kapisi","product_tag-tam-boy-turnikeler"],"_links":{"self":[{"href":"https:\/\/mairsturnstile.com\/tr\/wp-json\/wp\/v2\/product\/30680","targetHints":{"allow":["GET"]}}],"collection":[{"href":"https:\/\/mairsturnstile.com\/tr\/wp-json\/wp\/v2\/product"}],"about":[{"href":"https:\/\/mairsturnstile.com\/tr\/wp-json\/wp\/v2\/types\/product"}],"replies":[{"embeddable":true,"href":"https:\/\/mairsturnstile.com\/tr\/wp-json\/wp\/v2\/comments?post=30680"}],"version-history":[{"count":0,"href":"https:\/\/mairsturnstile.com\/tr\/wp-json\/wp\/v2\/product\/30680\/revisions"}],"wp:featuredmedia":[{"embeddable":true,"href":"https:\/\/mairsturnstile.com\/tr\/wp-json\/wp\/v2\/media\/56990"}],"wp:attachment":[{"href":"https:\/\/mairsturnstile.com\/tr\/wp-json\/wp\/v2\/media?parent=30680"}],"wp:term":[{"taxonomy":"product_cat","embeddable":true,"href":"https:\/\/mairsturnstile.com\/tr\/wp-json\/wp\/v2\/product_cat?post=30680"},{"taxonomy":"product_tag","embeddable":true,"href":"https:\/\/mairsturnstile.com\/tr\/wp-json\/wp\/v2\/product_tag?post=30680"}],"curies":[{"name":"wp","href":"https:\/\/api.w.org\/{rel}","templated":true}]}}