{"id":33298,"date":"2021-07-12T00:09:36","date_gmt":"2021-07-11T16:09:36","guid":{"rendered":"https:\/\/mairsturnstile.com\/product\/metro-turnikesi-flap-bariyer-turnikesi-mt225"},"modified":"2023-10-30T19:05:37","modified_gmt":"2023-10-30T11:05:37","slug":"metro-turnikesi","status":"publish","type":"product","link":"https:\/\/mairsturnstile.com\/tr\/urun\/metro-turnikesi","title":{"rendered":"Metro Turnikesi Flap Bariyer Turnikesi MT225"},"content":{"rendered":"<p><iframe title=\"Kapakl\u0131 bariyer turnikesi, Kapakl\u0131 bariyer kap\u0131s\u0131, Optik kapakl\u0131 turnike - MaersTurnstile\" src=\"https:\/\/www.youtube.com\/embed\/nK1a72Ax-jQ\" width=\"560\" height=\"315\" frameborder=\"0\" allowfullscreen=\"allowfullscreen\"><span data-mce-type=\"bookmark\" style=\"display: inline-block; width: 0px; overflow: hidden; line-height: 0;\" class=\"mce_SELRES_start\"><\/span><\/iframe><\/p>\n<h4>Metro turnikesi kapakl\u0131 bariyer turnikesi MT225, iki y\u0131l garanti ve dayan\u0131kl\u0131 bak\u0131m ve onar\u0131m deste\u011fi ta\u015f\u0131r.<\/h4>\n<p>OEM ve ODM hizmetleri sa\u011flayabiliriz. \u0130htiya\u00e7lar\u0131n\u0131zdan herhangi birine g\u00f6re derin \u00f6zelle\u015ftirmeyi tamamlayabilen deneyimli tasar\u0131mc\u0131lar\u0131m\u0131z var. 3D render, boyutlu \u00e7izimler gibi bir dizi malzemeyi en k\u0131sa s\u00fcrede sa\u011flayaca\u011f\u0131z. IC\/ID kart okuyucular\u0131, parmak izi taray\u0131c\u0131lar\u0131, QR kodu taray\u0131c\u0131lar\u0131, y\u00fcz tan\u0131ma kameralar\u0131 vb. gibi biyometrik cihazlar da sa\u011fl\u0131yoruz. Bu cihazlar\u0131 tam boy turnike kap\u0131s\u0131na entegre etmeniz gerekiyorsa veya herhangi bir sorunuz varsa, l\u00fctfen <a href=\"https:\/\/mairsturnstile.com\/contact\">bizimle ileti\u015fime ge\u00e7in.<\/a><\/p>\n<p><strong>Metro turnikesi, metro istasyonunun giri\u015f ve \u00e7\u0131k\u0131\u015f\u0131nda, metro bilet kontrol sistemi ile birlikte yolcular\u0131 i\u00e7eri ve d\u0131\u015far\u0131 kontrol etmek i\u00e7in kullan\u0131lan bir t\u00fcr yaya eri\u015fim kontrol y\u00f6netimi turnike kap\u0131s\u0131d\u0131r.<\/strong> Genel olarak kanatl\u0131 bariyer turnikesi metro turnikesi i\u00e7in se\u00e7ilir, \u00e7\u00fcnk\u00fc metro istasyonu yak\u0131n personelin bulundu\u011fu bir yer oldu\u011fundan, yolcu ak\u0131\u015f\u0131 nispeten b\u00fcy\u00fckt\u00fcr ve kanatl\u0131 bariyer turnikesinin trafik h\u0131z\u0131 da nispeten h\u0131zl\u0131d\u0131r.<\/p>\n<p>Metro turnikesi neden daha h\u0131zl\u0131 ge\u00e7iyor, \u00e7\u00fcnk\u00fc genellikle metro turnikesinin kulland\u0131\u011f\u0131 sens\u00f6r, insan v\u00fccudunu daha do\u011fru alg\u0131layabilen z\u0131t bir fotoelektrik sens\u00f6rd\u00fcr. Bir metro turnike kap\u0131s\u0131, insanlar\u0131n giri\u015f ve \u00e7\u0131k\u0131\u015f alg\u0131lamas\u0131n\u0131 ger\u00e7ekle\u015ftirmek i\u00e7in birden fazla grup radyasyon sens\u00f6r\u00fcyle donat\u0131lm\u0131\u015ft\u0131r. It is mainly at the gate entrance, the gate middle, and the gate exit. For accurate sensing, some subway turnstile gates install sensors at different heights of each part.<\/p>\n<p>Ger\u00e7ek senaryonuza g\u00f6re birka\u00e7 dakika i\u00e7inde sizin i\u00e7in bir render da olu\u015fturabiliriz. Ayr\u0131ca ayr\u0131nt\u0131l\u0131 yerle\u015fim planlar\u0131 ve \u00e7izimlerin yan\u0131 s\u0131ra kurulum \u00e7izimleri de sa\u011fl\u0131yoruz.<\/p>\n<h4>Principle of Metro turnstile gate:<\/h4>\n<p>Kap\u0131 giri\u015fine yerle\u015ftirilen sens\u00f6r, insanlar\u0131n kap\u0131y\u0131 i\u015fgal edip etmedi\u011fini alg\u0131lamak i\u00e7in kullan\u0131l\u0131yor. Kart\u0131 sar\u0131 \u00e7izginin d\u0131\u015f\u0131na kayd\u0131r\u0131n, kap\u0131 giri\u015finde nesne yok, sens\u00f6r sinyali normal ve turnike kap\u0131s\u0131 a\u00e7\u0131lacak; Ki\u015fi sar\u0131 \u00e7izgiye girerse kap\u0131 giri\u015findeki sens\u00f6r sinyali de\u011fi\u015fir ve kart\u0131 okutsan\u0131z bile turnike kap\u0131s\u0131 a\u00e7\u0131lmaz. Bu tasar\u0131m\u0131n amac\u0131, kart\u0131n k\u0131sa mesafeden okutulmas\u0131 durumunda turnike kap\u0131s\u0131n\u0131n a\u00e7\u0131l\u0131p kapanmas\u0131n\u0131n olas\u0131 g\u00fcvenlik tehlikelerine neden olmas\u0131n\u0131 ve bilet ka\u00e7ak\u00e7\u0131l\u0131\u011f\u0131n\u0131n \u00f6n\u00fcne ge\u00e7mektir.<\/p>\n<p>Turnike kap\u0131s\u0131 a\u00e7\u0131ld\u0131ktan sonra kap\u0131n\u0131n ikinci k\u0131sm\u0131nda bulunan sens\u00f6rden insan v\u00fccudu ge\u00e7ecektir. Kap\u0131da bir ki\u015fi durdu\u011funda sens\u00f6r ki\u015fiyi alg\u0131lar ve yaralanmay\u0131 \u00f6nlemek i\u00e7in kap\u0131 her zaman a\u00e7\u0131k kal\u0131r.<\/p>\n<p>Ki\u015fi kap\u0131dan ge\u00e7tikten sonra \u00fc\u00e7\u00fcnc\u00fc b\u00f6l\u00fcmdeki kap\u0131 \u00e7\u0131k\u0131\u015f sens\u00f6r\u00fcne gidin. Bu s\u0131rada sens\u00f6r, yans\u0131yan sinyal yoluyla ki\u015fiyi alg\u0131lar ve sinyal kap\u0131ya geri iletilecek ve kap\u0131 kapat\u0131lacakt\u0131r. \u0130ki ki\u015fi kap\u0131y\u0131 zorla ge\u00e7erse ve ilk ki\u015fi \u00f6nce d\u0131\u015far\u0131 \u00e7\u0131karsa, bu durum s\u0131k\u0131\u015fma yaralanmas\u0131na neden olacakt\u0131r.<\/p>\n<p>Metro turnike sens\u00f6r\u00fc teknolojisi, sayma sistemi ile birlikte metro giri\u015finden ge\u00e7en ki\u015fi say\u0131s\u0131n\u0131n istatistiki olarak kullan\u0131labilmektedir. Bu uygulama \u00e7ok \u00f6nemli bir teknolojik at\u0131l\u0131md\u0131r. Therefore, the metro turnstile gate has very high requirements for the stability and reliability of the sensor.<\/p>\n<p>Flap Bariyer Kap\u0131s\u0131 Metro Turnikesi MT225, bir binan\u0131n her alan\u0131na yaln\u0131zca yetkili kullan\u0131c\u0131lar\u0131n eri\u015fmesine izin verilmesini sa\u011flamak i\u00e7in g\u00fcvenilir ve etkili bir y\u00f6ntem sunar. Y\u00f6n g\u00f6stergesi, yayalar\u0131n mevcut duruma eri\u015febildi\u011fini g\u00f6sterdi ve yayalar\u0131 do\u011fru ve sorunsuz ge\u00e7i\u015f konusunda y\u00f6nlendirdi. Bu <a href=\"https:\/\/mairsturnstile.com\/category\/security-turnstiles\/\">g\u00fcvenlik turnikeleri<\/a>, y\u00fcz tan\u0131ma cihazlar\u0131, parmak izleri, QR okuyucular, RFID sistemleri vb. gibi her eri\u015fim kontrol sistemi i\u00e7in son derece entegredir.<\/p>\n<ul>\n<li style=\"list-style-type: none;\">\n<ul>\n<li>Kanatl\u0131 bariyer metro turnikesi, k\u0131s\u0131tl\u0131 alana giren veya \u00e7\u0131kan insanlar\u0131 kontrol etmek i\u00e7in in\u015fa edilmi\u015ftir. Genellikle \u00e7ift y\u00f6nl\u00fc yaya trafi\u011finin yo\u011fun oldu\u011fu yerlerde kullan\u0131l\u0131r.<\/li>\n<li>Kanat bariyer kasas\u0131, \u00e7o\u011fu i\u00e7 mekan ortam\u0131na uyum sa\u011flamak i\u00e7in kesintisiz ve ho\u015f bir giri\u015f sistemi olu\u015fturan f\u0131r\u00e7alanm\u0131\u015f 304 <a href=\"https:\/\/en.wikipedia.org\/wiki\/Stainless_steel\" target=\"_blank\" rel=\"noopener\">paslanmaz \u00e7elikten<\/a> yap\u0131lm\u0131\u015ft\u0131r.<\/li>\n<li>T\u00fcm \u00fc\u00e7\u00fcnc\u00fc taraf kartl\u0131 ge\u00e7i\u015f sistemleriyle entegre edilebilir (\u00f6rn.: RFID eri\u015fim sistemi, D\u00fc\u011fmeye bas, Parmak izi ve s\u0131cakl\u0131k kontroll\u00fc y\u00fcz tan\u0131ma).<\/li>\n<li>Acil bir durumda FlapTurnike kolu ak\u00fc veya kondansat\u00f6re ba\u011flanarak otomatik olarak a\u00e7\u0131larak serbest ge\u00e7i\u015fe izin verir.<\/li>\n<li>OpticalFlap Turnikeler l\u00fcks ve \u015f\u0131k giri\u015f \u00e7\u00f6z\u00fcmleri i\u00e7in uygundur.<\/li>\n<li>Flap turnikesi h\u0131zl\u0131 h\u0131z, uzun \u00f6m\u00fcr, y\u00fcksek performans ve y\u00fcksek \u00e7al\u0131\u015fma g\u00fcvenilirli\u011fine sahiptir.<\/li>\n<li> Yasad\u0131\u015f\u0131 izinsiz giri\u015f ve ters izinsiz giri\u015f durumunda alarm fonksiyonu.<\/li>\n<li>K\u0131z\u0131l\u00f6tesi sens\u00f6r alarm verecek ve yayalar\u0131n s\u0131k\u0131\u015fmas\u0131n\u0131 \u00f6nlemek i\u00e7in LED \u0131\u015f\u0131k yan\u0131p s\u00f6necektir.<\/li>\n<li>Otomatik s\u0131f\u0131rlama fonksiyonu: Bir yolcu gecikme yaparsa kanat kollar\u0131 varsay\u0131lan olarak 5 saniye i\u00e7inde otomatik olarak kapanacakt\u0131r (ayarlanabilir).<\/li>\n<li>Birisi RFID kart\u0131n\u0131 kayd\u0131rmadan i\u00e7eri girmek isterse kanatl\u0131 turnike kilit i\u00e7inde kalacakt\u0131r.<\/li>\n<li>\u00dcst ve \u00f6n direkteki LED y\u00f6n g\u00f6stergesi<\/li>\n<li>Anti-ters fonksiyon, birisi ters y\u00f6nde girmek isterse turnike alarm verir.<\/li>\n<li>Bi-direction or single-direction running are options<\/li>\n<li>\u00c7al\u0131\u015fma s\u0131cakl\u0131\u011f\u0131: -40\u2103~+70\u2103<\/li>\n<li>\u00c7al\u0131\u015fma nemi: %30~%95<\/li>\n<li>\u00c7al\u0131\u015fma ortam\u0131: \u0130\u00e7 mekan<\/li>\n<li>Giri\u015f aray\u00fcz\u00fc: RS485, kuru kontak r\u00f6lesi<\/li>\n<li>Mekanizma: F\u0131r\u00e7al\u0131 motor 35W<\/li>\n<li>K\u0131z\u0131l\u00f6tesi sens\u00f6r: 4 \u00e7ift<\/li>\n<li>MCBF: 5.000.000 D\u00f6ng\u00fc<\/li>\n<li>Uygulama: Otob\u00fcs istasyonlar\u0131, Oteller, H\u00fck\u00fcmet Binalar\u0131, okullar vb.<\/li>\n<\/ul>\n<\/li>\n<\/ul>\n<p>T\u00fcm g\u00fcvenlik eri\u015fim kontrol\u00fc \u00e7\u00f6z\u00fcm\u00fcn\u00fc sa\u011flayabiliriz. Kendi ge\u00e7i\u015f kontrol sisteminiz varsa, do\u011frudan turnike kap\u0131m\u0131z\u0131 kullanabilirsiniz. E\u011fer yoksa, eksiksiz bir g\u00fcvenlik eri\u015fim kontrol\u00fc \u00e7\u00f6z\u00fcm\u00fc de sa\u011fl\u0131yoruz. Ayr\u0131nt\u0131lar i\u00e7in l\u00fctfen a\u015fa\u011f\u0131daki videoya bak\u0131n.<\/p>\n","protected":false},"excerpt":{"rendered":"<p>1. Boyut: 1200*300*980mm (\u00f6zelle\u015ftirilebilir)<\/p>\n<p>2. Malzeme: 1,0 mm SUS 304 \u0130nce \u00c7izgi 400#+\u00dcst Kapak 1,2 mm SUS304<\/p>\n<p>3. Kol malzemesi: PC kart\u0131<\/p>\n<p>4. Ge\u00e7i\u015f Geni\u015fli\u011fi: Standart 550mm (\u00f6zelle\u015ftirilebilir)<\/p>\n<p>5. Passage direction Single directional\/Bi-directional<\/p>\n<p>6. Ge\u00e7i\u015f oran\u0131: 30-35 ki\u015fi\/dakika<\/p>\n<p>7. \u00c7al\u0131\u015fma s\u00fcresi: 0,2 saniye<\/p>\n<p>8. G\u00fc\u00e7 giri\u015fi: AC100-240V,50\/60HZ<\/p>\n<p>9. \u00c7al\u0131\u015fma voltaj\u0131: 24V<\/p>\n<p><span style=\"color: #0000ff;\"><strong><a style=\"color: #0000ff;\" title=\"Mairs CE Belgeli Flap Bariyer Turnike\" href=\"http:\/\/mairsturnstile.com\/wp-content\/uploads\/2022\/09\/Mairs-CE-Certificate-Flap-Barrier-Turnstile.pdf\" target=\"_blank\" rel=\"noopener noreferrer\">CE Belgeli,<\/a> <a style=\"color: #0000ff;\" title=\"Mairs ISO9001 Sertifikas\u0131\" href=\"http:\/\/mairsturnstile.com\/wp-content\/uploads\/2022\/09\/Mairs-Registration-Certificate-ISO9001.pdf\" target=\"_blank\" rel=\"noopener noreferrer\">ISO9001 Sertifikal\u0131.<\/a><\/strong><\/span><\/p>\n","protected":false},"featured_media":62497,"comment_status":"closed","ping_status":"closed","template":"","meta":{"neve_meta_sidebar":"","neve_meta_container":"","neve_meta_enable_content_width":"off","neve_meta_content_width":0,"neve_meta_title_alignment":"","neve_meta_author_avatar":"","neve_post_elements_order":"","neve_meta_disable_header":"","neve_meta_disable_footer":"","neve_meta_disable_title":"","_ti_tpc_template_sync":false,"_ti_tpc_template_id":""},"product_cat":[1916,1954],"product_tag":[2223,2220,2219,2221,1955,2222,2224],"class_list":["post-33298","product","type-product","status-publish","has-post-thumbnail","hentry","product_cat-guvenlik-turnikeleri","product_cat-kanatli-bariyer","product_tag-flap-bariyer-sistemi","product_tag-flap-bariyer-turnike-kapisi","product_tag-kanatli-bariyer","product_tag-kanatli-bariyer-kapisi","product_tag-kanatli-bariyer-turnikesi","product_tag-metro-turnikesi","product_tag-satilik-metro-turnikesi"],"_links":{"self":[{"href":"https:\/\/mairsturnstile.com\/tr\/wp-json\/wp\/v2\/product\/33298","targetHints":{"allow":["GET"]}}],"collection":[{"href":"https:\/\/mairsturnstile.com\/tr\/wp-json\/wp\/v2\/product"}],"about":[{"href":"https:\/\/mairsturnstile.com\/tr\/wp-json\/wp\/v2\/types\/product"}],"replies":[{"embeddable":true,"href":"https:\/\/mairsturnstile.com\/tr\/wp-json\/wp\/v2\/comments?post=33298"}],"version-history":[{"count":0,"href":"https:\/\/mairsturnstile.com\/tr\/wp-json\/wp\/v2\/product\/33298\/revisions"}],"wp:featuredmedia":[{"embeddable":true,"href":"https:\/\/mairsturnstile.com\/tr\/wp-json\/wp\/v2\/media\/62497"}],"wp:attachment":[{"href":"https:\/\/mairsturnstile.com\/tr\/wp-json\/wp\/v2\/media?parent=33298"}],"wp:term":[{"taxonomy":"product_cat","embeddable":true,"href":"https:\/\/mairsturnstile.com\/tr\/wp-json\/wp\/v2\/product_cat?post=33298"},{"taxonomy":"product_tag","embeddable":true,"href":"https:\/\/mairsturnstile.com\/tr\/wp-json\/wp\/v2\/product_tag?post=33298"}],"curies":[{"name":"wp","href":"https:\/\/api.w.org\/{rel}","templated":true}]}}