{"id":33299,"date":"2021-07-12T00:12:32","date_gmt":"2021-07-11T16:12:32","guid":{"rendered":"https:\/\/mairsturnstile.com\/product\/yuksek-hizli-flap-bariyer-biyometrik-turnike-mt252"},"modified":"2023-10-30T19:04:53","modified_gmt":"2023-10-30T11:04:53","slug":"biyometrik-turnike","status":"publish","type":"product","link":"https:\/\/mairsturnstile.com\/tr\/urun\/biyometrik-turnike","title":{"rendered":"Y\u00fcksek H\u0131zl\u0131 Flap Bariyer Biyometrik Turnike MT252"},"content":{"rendered":"        <!-- 3D Model html -->\r\n        <div class=\"bp_grand wrapper_22548\">   \r\n        <div class=\"bp_model_parent\">\r\n            <model-viewer class=\"model\" id=\"bp_model_id_22548\" src=\"http:\/\/mairsturnstile.com\/wp-content\/uploads\/2023\/06\/MT252.glb\" alt=\"MT252\" camera-controls  loading=\"auto\" auto-rotate                        >\r\n            <\/model-viewer>\r\n        \r\n            <!-- Button -->\r\n            <svg id=\"openBtn\" width=\"30px\" height=\"30px\" viewBox=\"0 0 16 16\" xmlns=\"http:\/\/www.w3.org\/2000\/svg\" fill=\"#f2f2f2\" class=\"bi bi-arrows-fullscreen model-icon\">\r\n                <path fill-rule=\"evenodd\" d=\"M5.828 10.172a.5.5 0 0 0-.707 0l-4.096 4.096V11.5a.5.5 0 0 0-1 0v3.975a.5.5 0 0 0 .5.5H4.5a.5.5 0 0 0 0-1H1.732l4.096-4.096a.5.5 0 0 0 0-.707zm4.344 0a.5.5 0 0 1 .707 0l4.096 4.096V11.5a.5.5 0 1 1 1 0v3.975a.5.5 0 0 1-.5.5H11.5a.5.5 0 0 1 0-1h2.768l-4.096-4.096a.5.5 0 0 1 0-.707zm0-4.344a.5.5 0 0 0 .707 0l4.096-4.096V4.5a.5.5 0 1 0 1 0V.525a.5.5 0 0 0-.5-.5H11.5a.5.5 0 0 0 0 1h2.768l-4.096 4.096a.5.5 0 0 0 0 .707zm-4.344 0a.5.5 0 0 1-.707 0L1.025 1.732V4.5a.5.5 0 0 1-1 0V.525a.5.5 0 0 1 .5-.5H4.5a.5.5 0 0 1 0 1H1.732l4.096 4.096a.5.5 0 0 1 0 .707z\"\/>\r\n            <\/svg>\r\n        \r\n            <svg id=\"closeBtn\" class=\"model-icon\" width=\"34px\" height=\"34px\" viewBox=\"0 0 24 24\" xmlns=\"http:\/\/www.w3.org\/2000\/svg\">\r\n                <path fill=\"none\" stroke=\"#f2f2f2\" stroke-width=\"2\" d=\"M7,7 L17,17 M7,17 L17,7\"\/>\r\n            <\/svg>\r\n        \r\n        <\/div>\r\n        <\/div> \r\n\r\n        <!-- Model Viewer Style -->\r\n        <style>\r\n            \r\n            .wrapper_22548 .bp_model_parent, #bp_model_id_22548 {\r\n                width: 1150px;\r\n                max-width: 100%;\r\n                                            }\r\n            #bp_model_id_22548 {\r\n                height:700px;\r\n                background-color: #f2f2f2;\r\n            }\r\n            .fullscreen #bp_model_id_22548{\r\n            height: 100%;\r\n            width: 100%;\r\n            }\r\n            .wrapper_22548 .bp_model_parent{\r\n                justify-content: start            }\r\n            model-viewer.model {\r\n                --poster-color: transparent;\r\n            }\r\n        <\/style>\r\n        \r\n        \n<h4>Flap Bariyer Biyometrik Turnike iki y\u0131l garantilidir ve dayan\u0131kl\u0131 bak\u0131m ve onar\u0131m deste\u011fine sahiptir.<\/h4>\n<p>OEM ve ODM hizmetleri sa\u011flayabiliriz. \u0130htiya\u00e7lar\u0131n\u0131zdan herhangi birine g\u00f6re derin \u00f6zelle\u015ftirmeyi tamamlayabilen deneyimli tasar\u0131mc\u0131lar\u0131m\u0131z var. 3D render, boyutlu \u00e7izimler gibi bir dizi malzemeyi en k\u0131sa s\u00fcrede sa\u011flayaca\u011f\u0131z. IC\/ID kart okuyucular\u0131, parmak izi taray\u0131c\u0131lar\u0131, QR kodu taray\u0131c\u0131lar\u0131, y\u00fcz tan\u0131ma kameralar\u0131 vb. gibi biyometrik cihazlar da sa\u011fl\u0131yoruz. Bu cihazlar\u0131 turnike kap\u0131s\u0131na entegre etmeniz gerekiyorsa veya herhangi bir sorunuz varsa, l\u00fctfen <a href=\"https:\/\/mairsturnstile.com\/contact\">bizimle ileti\u015fime<\/a> ge\u00e7in<\/p>\n<p><strong>Flap Bariyerli Biyometrik Turnike<\/strong>, bir binan\u0131n her alan\u0131na yaln\u0131zca yetkili ki\u015filerin girmesine izin verilmesini sa\u011flamak i\u00e7in etkili ve g\u00fcvenilir bir yol sa\u011flar. Bu, y\u00fcksek hacimli eri\u015fim ve k\u00f6t\u00fc niyetli ko\u015fullarla ba\u015fa \u00e7\u0131kabilen, y\u00fcksek h\u0131zl\u0131 kanatl\u0131 bariyerli biyometrik bir turnikedir.<\/p>\n<p>Kanat <a href=\"https:\/\/mairsturnstile.com\/what-is-flap-barrier.html\">bariyerli<\/a> biyometrik turnike, barkod taray\u0131c\u0131, Token para toplay\u0131c\u0131, zaman ve kat\u0131l\u0131m sistemi, kart toplay\u0131c\u0131, <a href=\"https:\/\/en.wikipedia.org\/wiki\/Biometrics\" target=\"_blank\" rel=\"noopener noreferrer\">biyometrik<\/a> sistemler (parmak izi ve y\u00fcz tan\u0131ma), ESD sistemi ve \u00fccret toplama sistemi gibi ortak 3. taraf eri\u015fim kontrol sistemini kolayca entegre edebilen standart bir elektrik aray\u00fcz\u00fc ile birlikte gelir. En yayg\u0131n g\u00fcvenlik turnikelerinden biridir.<\/p>\n<p>Ger\u00e7ek senaryonuza g\u00f6re birka\u00e7 dakika i\u00e7inde sizin i\u00e7in bir render da olu\u015fturabiliriz. Ayr\u0131ca ayr\u0131nt\u0131l\u0131 yerle\u015fim planlar\u0131 ve \u00e7izimlerin yan\u0131 s\u0131ra kurulum \u00e7izimleri de sa\u011fl\u0131yoruz.<\/p>\n\n        \t\n\t<style type=\"text\/css\">\n\t\t.slider-info-22566.bafg-slider-info .bafg-slider-title {\n\t\t\t\t\t\tfont-size: 22px;\n\t\t\t\t\t\t\n\t\t\t\n\t\t\t\t\t}\n\n\t\t.slider-info-22566.bafg-slider-info .bafg-slider-description {\n\t\t\t\n\t\t\t\n\t\t\t\t\t}\n\n\t\t.slider-info-22566.bafg-slider-info .bafg_slider_readmore_button {\n\t\t\t\n\t\t\t\n\t\t\t\n\t\t\t\n\t\t\t\n\t\t\ttext-align: center;\n\n\t\t\t\n\t\t\t\n\t\t\t\n\t\t\t\n\t\t\t\n\t\t\t\n\t\t\t\t\t}\n\n\t\t.slider-info-22566.bafg-slider-info .bafg_slider_readmore_button:hover {\n\n\t\t\t\n\t\t\t\n\t\t\t\t\t}\n\n\t<\/style>\n\t\n        <div class=\"bafg-twentytwenty-container slider-22566 \" bafg-orientation=\"horizontal\" bafg-default-offset=\"0.5\" bafg-before-label=\"Before\" bafg-after-label=\"After\" bafg-overlay=\"yes\" bafg-move-slider-on-hover=\"yes\" bafg-click-to-move=\"no\">\n              \n            <img decoding=\"async\" class=\"skip-lazy\" src=\"http:\/\/mairsturnstile.com\/wp-content\/uploads\/2023\/06\/biometric-turnstile_4.jpg\" alt=\"\" data-skip-lazy title=\"\">\n            <img decoding=\"async\" class=\"skip-lazy\" src=\"http:\/\/mairsturnstile.com\/wp-content\/uploads\/2023\/06\/biometric-turnstile_5.jpg\" alt=\"\" data-skip-lazy title=\"\">\n           \n        <\/div>\n\n        \t<div class=\"bafg-slider-info-wraper\">\n\t\t<div style=\"\" class=\"slider-info-22566 bafg-slider-info\">\n\t\t\t\t\t<\/div>\n\t<\/div>\n\t\n        <style type=\"text\/css\">\n            \n        <\/style>\n        \n<ul>\n<li><strong>Flap Bariyerli Biyometrik Turnike<\/strong>, k\u0131s\u0131tl\u0131 alanlara giren veya \u00e7\u0131kan ki\u015fileri kontrol etmek i\u00e7in in\u015fa edilmi\u015ftir ve genellikle her iki y\u00f6nde de y\u00fcksek yaya trafi\u011fi ak\u0131\u015f yerleri i\u00e7in kullan\u0131l\u0131r.<\/li>\n<li>Kanatl\u0131 bariyer muhafazas\u0131, \u00e7o\u011fu i\u00e7 ortama uyum sa\u011flamak i\u00e7in kusursuz ve g\u00fczel bir giri\u015f sistemi olu\u015fturan f\u0131r\u00e7alanm\u0131\u015f 304 paslanmaz \u00e7elikten yap\u0131lm\u0131\u015ft\u0131r.<\/li>\n<li>T\u00fcm \u00fc\u00e7\u00fcnc\u00fc taraf kartl\u0131 ge\u00e7i\u015f sistemleriyle entegre edilebilir (\u00f6rn.: RFID eri\u015fim sistemi, D\u00fc\u011fmeye bas, Parmak izi ve s\u0131cakl\u0131k kontroll\u00fc y\u00fcz tan\u0131ma).<\/li>\n<li>Acil bir durumda FlapTurnike kolu ak\u00fc veya kondansat\u00f6re ba\u011flanarak otomatik olarak a\u00e7\u0131larak serbest ge\u00e7i\u015fe izin verir.<\/li>\n<li>OpticalFlap Turnikeler l\u00fcks ve \u015f\u0131k giri\u015f \u00e7\u00f6z\u00fcmleri i\u00e7in uygundur.<\/li>\n<li>Kanatl\u0131 turnike, h\u0131zl\u0131 h\u0131z, uzun \u00f6m\u00fcr, y\u00fcksek performans ve y\u00fcksek \u00e7al\u0131\u015fma g\u00fcvenilirli\u011fi \u00f6zelliklerine sahiptir.<\/li>\n<li>Yasad\u0131\u015f\u0131 izinsiz giri\u015f ve ters izinsiz giri\u015f durumunda alarm fonksiyonu.<\/li>\n<li>K\u0131z\u0131l\u00f6tesi sens\u00f6r alarm verecek ve yayalar\u0131n s\u0131k\u0131\u015fmas\u0131n\u0131 \u00f6nlemek i\u00e7in LED \u0131\u015f\u0131k yan\u0131p s\u00f6necektir.<\/li>\n<li>Otomatik s\u0131f\u0131rlama fonksiyonu: Bir yolcu gecikme yaparsa kanat kollar\u0131 varsay\u0131lan olarak 5 saniye i\u00e7inde otomatik olarak kapanacakt\u0131r (ayarlanabilir).<\/li>\n<li>Birisi RFID kart\u0131n\u0131 kayd\u0131rmadan i\u00e7eri girmek isterse kanatl\u0131 turnike kilit i\u00e7inde kalacakt\u0131r.<\/li>\n<li>\u00dcst ve \u00f6n direkteki LED y\u00f6n g\u00f6stergesi<\/li>\n<li>En yayg\u0131n g\u00fcvenlik turnikelerinden biridir.<\/li>\n<li>Bi-direction or single-direction running are options<\/li>\n<\/ul>\n<p><strong>Teknik parametre:<\/strong><\/p>\n<p>1. Boyut: 1400*300*980mm<br \/>\n2. Malzeme: 1,0 mm SUS 304 \u0130nce \u00c7izgi 400#+\u00dcst Kapak 1,2 mm SUS304<br \/>\n3. Kol malzemesi: PC kart\u0131<br \/>\n4. Ge\u00e7i\u015f Geni\u015fli\u011fi: Standart 550mm<br \/>\n5. Passage direction Single directional\/Bi-directional<br \/>\n6. Ge\u00e7i\u015f oran\u0131: 30-35 ki\u015fi\/dakika<br \/>\n7. \u00c7al\u0131\u015fma s\u00fcresi: 0,2 saniye<br \/>\n8. G\u00fc\u00e7 giri\u015fi: AC100-240V,50\/60HZ<br \/>\n9. \u00c7al\u0131\u015fma voltaj\u0131: 24V<br \/>\n10. Working humidity: 30%~95%<br \/>\n11. \u00c7al\u0131\u015fma s\u0131cakl\u0131\u011f\u0131: -40\u00b0C~+70\u00b0C<br \/>\n12. \u00c7al\u0131\u015fma ortam\u0131: \u0130\u00e7 mekan<br \/>\n13. Giri\u015f aray\u00fcz\u00fc: RS485, kuru kontak r\u00f6lesi<br \/>\n14. Mekanizma: DC F\u0131r\u00e7al\u0131 motor 30W<br \/>\n15. K\u0131z\u0131l\u00f6tesi sens\u00f6r: 4 \u00e7ift<br \/>\n16. MCBF: 3.000.000 D\u00f6ng\u00fc<br \/>\n17. Uygulama: Otob\u00fcs istasyonlar\u0131, K\u00fct\u00fcphaneler, H\u00fck\u00fcmet Binalar\u0131, Fabrikalar, Okullar vb.<\/p>\n<p>T\u00fcm g\u00fcvenlik eri\u015fim kontrol\u00fc \u00e7\u00f6z\u00fcm\u00fcn\u00fc sa\u011flayabiliriz. Kendi ge\u00e7i\u015f kontrol sisteminiz varsa, do\u011frudan turnike kap\u0131m\u0131z\u0131 kullanabilirsiniz. E\u011fer yoksa, eksiksiz bir g\u00fcvenlik eri\u015fim kontrol\u00fc \u00e7\u00f6z\u00fcm\u00fc de sa\u011fl\u0131yoruz. Ayr\u0131nt\u0131lar i\u00e7in l\u00fctfen a\u015fa\u011f\u0131daki videoya bak\u0131n.<\/p>\n<p><iframe title=\"Kapakl\u0131 bariyer turnikesi, Kapakl\u0131 bariyer kap\u0131s\u0131, Optik kapakl\u0131 turnike - MaersTurnstile\" src=\"https:\/\/www.youtube.com\/embed\/nK1a72Ax-jQ\" width=\"1150\" height=\"650\" frameborder=\"0\" allowfullscreen=\"allowfullscreen\"><\/iframe><\/p>\n","protected":false},"excerpt":{"rendered":"<p>1. Boyut: 1200*280*980mm (\u00f6zelle\u015ftirilebilir)<\/p>\n<p>2. Malzeme: 1,0 mm SUS 304 \u0130nce \u00c7izgi 400#+\u00dcst Kapak 1,2 mm SUS304<\/p>\n<p>3. Kol malzemesi: PC kart\u0131<\/p>\n<p>4. Ge\u00e7i\u015f Geni\u015fli\u011fi: Standart 550mm<\/p>\n<p>5. Passage direction Single directional\/Bi-directional<\/p>\n<p>6. Ge\u00e7i\u015f oran\u0131: 30-35 ki\u015fi\/dakika<\/p>\n<p>7. \u00c7al\u0131\u015fma s\u00fcresi: 0,2 saniye<\/p>\n<p>8. G\u00fc\u00e7 giri\u015fi: AC100-240V,50\/60HZ<\/p>\n<p>9. \u00c7al\u0131\u015fma voltaj\u0131: 24V<\/p>\n<p><span style=\"color: #0000ff;\"><strong><a style=\"color: #0000ff;\" title=\"Mairs CE Belgeli Flap Bariyer Turnike\" href=\"http:\/\/mairsturnstile.com\/wp-content\/uploads\/2022\/09\/Mairs-CE-Certificate-Flap-Barrier-Turnstile.pdf\" target=\"_blank\" rel=\"noopener noreferrer\">CE Belgeli,<\/a> <a style=\"color: #0000ff;\" title=\"Mairs ISO9001 Sertifikas\u0131\" href=\"http:\/\/mairsturnstile.com\/wp-content\/uploads\/2022\/09\/Mairs-Registration-Certificate-ISO9001.pdf\" target=\"_blank\" rel=\"noopener noreferrer\">ISO9001 Sertifikal\u0131.<\/a><\/strong><\/span><\/p>\n","protected":false},"featured_media":36895,"comment_status":"closed","ping_status":"closed","template":"","meta":{"neve_meta_sidebar":"","neve_meta_container":"","neve_meta_enable_content_width":"off","neve_meta_content_width":0,"neve_meta_title_alignment":"","neve_meta_author_avatar":"","neve_post_elements_order":"","neve_meta_disable_header":"","neve_meta_disable_footer":"","neve_meta_disable_title":"","_ti_tpc_template_sync":false,"_ti_tpc_template_id":""},"product_cat":[1916,1954],"product_tag":[2226,1926,2223,2225,2219,2221,1955,1948],"class_list":["post-33299","product","type-product","status-publish","has-post-thumbnail","hentry","product_cat-guvenlik-turnikeleri","product_cat-kanatli-bariyer","product_tag-biyometrik-turnike","product_tag-cikis-turnikesi","product_tag-flap-bariyer-sistemi","product_tag-flap-turnike-kapisi","product_tag-kanatli-bariyer","product_tag-kanatli-bariyer-kapisi","product_tag-kanatli-bariyer-turnikesi","product_tag-turnike-bariyer-kapisi"],"_links":{"self":[{"href":"https:\/\/mairsturnstile.com\/tr\/wp-json\/wp\/v2\/product\/33299","targetHints":{"allow":["GET"]}}],"collection":[{"href":"https:\/\/mairsturnstile.com\/tr\/wp-json\/wp\/v2\/product"}],"about":[{"href":"https:\/\/mairsturnstile.com\/tr\/wp-json\/wp\/v2\/types\/product"}],"replies":[{"embeddable":true,"href":"https:\/\/mairsturnstile.com\/tr\/wp-json\/wp\/v2\/comments?post=33299"}],"version-history":[{"count":0,"href":"https:\/\/mairsturnstile.com\/tr\/wp-json\/wp\/v2\/product\/33299\/revisions"}],"wp:featuredmedia":[{"embeddable":true,"href":"https:\/\/mairsturnstile.com\/tr\/wp-json\/wp\/v2\/media\/36895"}],"wp:attachment":[{"href":"https:\/\/mairsturnstile.com\/tr\/wp-json\/wp\/v2\/media?parent=33299"}],"wp:term":[{"taxonomy":"product_cat","embeddable":true,"href":"https:\/\/mairsturnstile.com\/tr\/wp-json\/wp\/v2\/product_cat?post=33299"},{"taxonomy":"product_tag","embeddable":true,"href":"https:\/\/mairsturnstile.com\/tr\/wp-json\/wp\/v2\/product_tag?post=33299"}],"curies":[{"name":"wp","href":"https:\/\/api.w.org\/{rel}","templated":true}]}}