{"id":33301,"date":"2021-07-12T00:18:10","date_gmt":"2021-07-11T16:18:10","guid":{"rendered":"https:\/\/mairsturnstile.com\/product\/parmak-izi-turnike-hiz-kapisi-turnikesi-mt-e316"},"modified":"2023-10-30T18:37:41","modified_gmt":"2023-10-30T10:37:41","slug":"parmak-izi-turnikesi","status":"publish","type":"product","link":"https:\/\/mairsturnstile.com\/tr\/urun\/parmak-izi-turnikesi","title":{"rendered":"Parmak \u0130zi Turnike H\u0131z Kap\u0131s\u0131 Turnikesi MT-E316"},"content":{"rendered":"        <!-- 3D Model html -->\r\n        <div class=\"bp_grand wrapper_26319\">   \r\n        <div class=\"bp_model_parent\">\r\n            <model-viewer class=\"model\" id=\"bp_model_id_26319\" src=\"http:\/\/mairsturnstile.com\/wp-content\/uploads\/2024\/01\/MT-EE316.glb\" alt=\"MT-EE316\" camera-controls  loading=\"auto\" auto-rotate                        >\r\n            <\/model-viewer>\r\n        \r\n            <!-- Button -->\r\n            <svg id=\"openBtn\" width=\"30px\" height=\"30px\" viewBox=\"0 0 16 16\" xmlns=\"http:\/\/www.w3.org\/2000\/svg\" fill=\"#f2f2f2\" class=\"bi bi-arrows-fullscreen model-icon\">\r\n                <path fill-rule=\"evenodd\" d=\"M5.828 10.172a.5.5 0 0 0-.707 0l-4.096 4.096V11.5a.5.5 0 0 0-1 0v3.975a.5.5 0 0 0 .5.5H4.5a.5.5 0 0 0 0-1H1.732l4.096-4.096a.5.5 0 0 0 0-.707zm4.344 0a.5.5 0 0 1 .707 0l4.096 4.096V11.5a.5.5 0 1 1 1 0v3.975a.5.5 0 0 1-.5.5H11.5a.5.5 0 0 1 0-1h2.768l-4.096-4.096a.5.5 0 0 1 0-.707zm0-4.344a.5.5 0 0 0 .707 0l4.096-4.096V4.5a.5.5 0 1 0 1 0V.525a.5.5 0 0 0-.5-.5H11.5a.5.5 0 0 0 0 1h2.768l-4.096 4.096a.5.5 0 0 0 0 .707zm-4.344 0a.5.5 0 0 1-.707 0L1.025 1.732V4.5a.5.5 0 0 1-1 0V.525a.5.5 0 0 1 .5-.5H4.5a.5.5 0 0 1 0 1H1.732l4.096 4.096a.5.5 0 0 1 0 .707z\"\/>\r\n            <\/svg>\r\n        \r\n            <svg id=\"closeBtn\" class=\"model-icon\" width=\"34px\" height=\"34px\" viewBox=\"0 0 24 24\" xmlns=\"http:\/\/www.w3.org\/2000\/svg\">\r\n                <path fill=\"none\" stroke=\"#f2f2f2\" stroke-width=\"2\" d=\"M7,7 L17,17 M7,17 L17,7\"\/>\r\n            <\/svg>\r\n        \r\n        <\/div>\r\n        <\/div> \r\n\r\n        <!-- Model Viewer Style -->\r\n        <style>\r\n            \r\n            .wrapper_26319 .bp_model_parent, #bp_model_id_26319 {\r\n                width: 1150px;\r\n                max-width: 100%;\r\n                                            }\r\n            #bp_model_id_26319 {\r\n                height:700px;\r\n                background-color: #f9f9f9;\r\n            }\r\n            .fullscreen #bp_model_id_26319{\r\n            height: 100%;\r\n            width: 100%;\r\n            }\r\n            .wrapper_26319 .bp_model_parent{\r\n                justify-content: start            }\r\n            model-viewer.model {\r\n                --poster-color: transparent;\r\n            }\r\n        <\/style>\r\n        \r\n        \n<h2>Bu Parmak \u0130zi Turnike Servo Motor H\u0131z Kap\u0131s\u0131 MT-E316, 2 y\u0131l garanti ve dayan\u0131kl\u0131 bak\u0131m ve onar\u0131m deste\u011fi ta\u015f\u0131r.<\/h2>\n<p>OEM ve ODM hizmetleri sa\u011flayabiliriz. \u0130htiya\u00e7lar\u0131n\u0131zdan herhangi birine g\u00f6re derin \u00f6zelle\u015ftirmeyi tamamlayabilen deneyimli tasar\u0131mc\u0131lar\u0131m\u0131z var. 3D render, boyutlu \u00e7izimler gibi bir dizi malzemeyi en k\u0131sa s\u00fcrede sa\u011flayaca\u011f\u0131z.<\/p>\n<p><strong>Parmak \u0130zi Turnike, <a class=\"rank-math-link\" href=\"https:\/\/en.wikipedia.org\/wiki\/Fingerprint\" target=\"_blank\" rel=\"noopener noreferrer\">parmak<\/a> izi do\u011frulamas\u0131 yoluyla yaya eri\u015fim kontrol\u00fcn\u00fcn g\u00fcvenlik y\u00f6netimini ger\u00e7ekle\u015ftirmek i\u00e7in biyometrik parmak izi taray\u0131c\u0131 veya parmak izi okuyucu ile entegre olan bir t\u00fcr ak\u0131ll\u0131 yaya turnike kap\u0131s\u0131d\u0131r. <\/strong>Elbette bu biyometrik parmak izi taray\u0131c\u0131lar\u0131n\u0131 veya parmak izi okuyucular\u0131n\u0131 turnike kap\u0131m\u0131za kolayl\u0131kla entegre edebiliriz. Ayr\u0131ca IC \/ ID kart okuyucular\u0131, parmak izi taray\u0131c\u0131lar\u0131, QR kod taray\u0131c\u0131lar\u0131, y\u00fcz tan\u0131ma kameralar\u0131 vb. gibi biyometrik cihazlar da sa\u011fl\u0131yoruz. <strong>Mairs, parmak izi turnike H\u0131z Kap\u0131s\u0131n\u0131 gereksinimlerinize g\u00f6re \u00f6zelle\u015ftirebilir<\/strong>. Bu cihazlar\u0131 turnike kap\u0131s\u0131na entegre etmeniz gerekiyorsa veya herhangi bir sorunuz varsa, bu parmak izi turnikelerine ihtiyac\u0131n\u0131z varsa, <a href=\"https:\/\/mairsturnstile.com\/contact\">l\u00fctfen bize<\/a> dan\u0131\u015f\u0131n<\/p>\n<p>Parmak izi tan\u0131ma makinesi ayn\u0131 zamanda bir tan\u0131ma y\u00f6ntemidir. T\u0131pk\u0131 \u00fcr\u00fcn resmindeki kart okuyucu gibi, \u00fc\u00e7\u00fcnc\u00fc taraf parmak izi tan\u0131ma makinesi eklenerek veya kart okuyucunun parmak izi makinesi ile de\u011fi\u015ftirilmesiyle parmak izi turnikesi olu\u015fturulabilir.<\/p>\n<p>Parmak izi biyometrik y\u00f6ntemi, yoldan ge\u00e7en ki\u015filerin biyometri\u011fini tespit etmeye y\u00f6neliktir ve g\u00fcvenilirli\u011fi nispeten y\u00fcksektir. RFID kart \/ QR kod tan\u0131mlama ile kar\u015f\u0131la\u015ft\u0131r\u0131ld\u0131\u011f\u0131nda bu harici ortamlar\u0131 ta\u015f\u0131ma zahmetinden kurtar\u0131r. Ancak parmak izinin toplanmas\u0131 kolayd\u0131r ve kamufle edilme olas\u0131l\u0131\u011f\u0131 daha y\u00fcksektir, dolay\u0131s\u0131yla baz\u0131 g\u00fcvenlik a\u00e7\u0131klar\u0131 vard\u0131r. Dahas\u0131, ge\u00e7i\u015fin do\u011frulanmas\u0131 i\u00e7in yayalar\u0131n aktif i\u015fbirli\u011fine ihtiyac\u0131 var.<\/p>\n<h3>Neden parmak izli turnike kullan\u0131lmal\u0131?<\/h3>\n<p>Parmak izi tan\u0131ma, daha \u00f6nce geli\u015ftirilen ve uygulanan bir t\u00fcr biyometrik teknolojidir. En uzun ara\u015ft\u0131rma ve geli\u015ftirme ge\u00e7mi\u015fine sahip biyometrik teknoloji olarak a\u015fa\u011f\u0131daki avantajlara sahiptir:<\/p>\n<p>1. Parmak izi, insan v\u00fccudunun benzersiz bir \u00f6zelli\u011fidir ve karma\u015f\u0131kl\u0131\u011f\u0131, kimlik tespiti i\u00e7in yeterli \u00f6zellikleri sa\u011flamaya yeterlidir;<br \/>\n2. Herkesin parmak izleri olduk\u00e7a sabittir ve de\u011fi\u015ftirilmesi zordur;<br \/>\n3. Easy to obtain fingerprint samples, easy to develop identification system, and strong practicability;<br \/>\n4. Bir ki\u015finin on parmak parmak izleri farkl\u0131d\u0131r, bu da sistemin g\u00fcvenli\u011fini art\u0131rabilir;<br \/>\n5. The storage of fingerprint templates is much less than that of fingerprint images;<br \/>\n6. Parmak izi toplama ba\u015fl\u0131\u011f\u0131 daha minyat\u00fcr ve daha ucuz olabilir.<\/p>\n<p>Ger\u00e7ek senaryonuza g\u00f6re birka\u00e7 dakika i\u00e7inde sizin i\u00e7in bir render da olu\u015fturabiliriz. Ayr\u0131ca ayr\u0131nt\u0131l\u0131 yerle\u015fim ve \u00e7izimlerin yan\u0131 s\u0131ra kurulum \u00e7izimleri de sa\u011fl\u0131yoruz.<\/p>\n\n        \t\n\t<style type=\"text\/css\">\n\t\t.slider-info-26322.bafg-slider-info .bafg-slider-title {\n\t\t\t\t\t\tfont-size: 22px;\n\t\t\t\t\t\t\n\t\t\t\n\t\t\t\t\t}\n\n\t\t.slider-info-26322.bafg-slider-info .bafg-slider-description {\n\t\t\t\n\t\t\t\n\t\t\t\t\t}\n\n\t\t.slider-info-26322.bafg-slider-info .bafg_slider_readmore_button {\n\t\t\t\n\t\t\t\n\t\t\t\n\t\t\t\n\t\t\t\n\t\t\ttext-align: center;\n\n\t\t\t\n\t\t\t\n\t\t\t\n\t\t\t\n\t\t\t\n\t\t\t\n\t\t\t\t\t}\n\n\t\t.slider-info-26322.bafg-slider-info .bafg_slider_readmore_button:hover {\n\n\t\t\t\n\t\t\t\n\t\t\t\t\t}\n\n\t<\/style>\n\t\n        <div class=\"bafg-twentytwenty-container slider-26322 \" bafg-orientation=\"horizontal\" bafg-default-offset=\"0.5\" bafg-before-label=\"Before\" bafg-after-label=\"After\" bafg-overlay=\"yes\" bafg-move-slider-on-hover=\"yes\" bafg-click-to-move=\"no\">\n              \n            <img decoding=\"async\" class=\"skip-lazy\" src=\"http:\/\/mairsturnstile.com\/wp-content\/uploads\/2021\/07\/fingerprint-turnstile-5.jpg\" alt=\"fingerprint turnstile\" data-skip-lazy title=\"\">\n            <img decoding=\"async\" class=\"skip-lazy\" src=\"http:\/\/mairsturnstile.com\/wp-content\/uploads\/2021\/07\/fingerprint-turnstile-6.jpg\" alt=\"fingerprint turnstile\" data-skip-lazy title=\"\">\n           \n        <\/div>\n\n        \t<div class=\"bafg-slider-info-wraper\">\n\t\t<div style=\"\" class=\"slider-info-26322 bafg-slider-info\">\n\t\t\t\t\t<\/div>\n\t<\/div>\n\t\n        <style type=\"text\/css\">\n            \n        <\/style>\n        \n<p>Parmak izlerini okurken kullan\u0131c\u0131lar\u0131n parmaklar\u0131n\u0131 parmak izi toplama ba\u015fl\u0131\u011f\u0131na temas ettirmesi gerekir. Parmak izi toplama ba\u015fl\u0131\u011f\u0131yla do\u011frudan temas, insan biyometri\u011fini okumak i\u00e7in en g\u00fcvenilir y\u00f6ntemdir. Bu ayn\u0131 zamanda parmak izi tan\u0131mlama teknolojisinin pazar\u0131n \u00e7o\u011funu i\u015fgal etmesinin de \u00f6nemli bir nedenidir; Parmak izi tan\u0131ma teknolojisinin \u015fu anda en uygun, g\u00fcvenilir, invaziv olmayan ve ucuz biyometrik teknoloji \u00e7\u00f6z\u00fcm\u00fc oldu\u011fu ve b\u00fcy\u00fck \u00f6l\u00e7ekli uygulamalarda b\u00fcy\u00fck potansiyele sahip oldu\u011fu g\u00f6r\u00fclmektedir.<\/p>\n<p>Parmak \u0130zi Turnike Servo Motor H\u0131z Kap\u0131s\u0131 Otomatik \u0130nce H\u0131zl\u0131 <a href=\"https:\/\/mairsturnstile.com\/speed-gates.html\">H\u0131z Kap\u0131lar\u0131<\/a> g\u00fcvenlik turnikeleri Lobiler i\u00e7in.<\/p>\n<p>Parmak \u0130zi Turnike Servo Motor H\u0131z Kap\u0131s\u0131 MT-E316, Mairs&#8217;in insan v\u00fccudunun ge\u00e7i\u015f durumunu tam olarak alg\u0131layabilen \u00fcst d\u00fczey bir ak\u0131ll\u0131 sal\u0131n\u0131m bariyeri turnike \u00fcr\u00fcn\u00fcd\u00fcr.<\/p>\n<p>Bu parmak izi turnikesi h\u0131z kap\u0131lar\u0131 g\u00f6vde malzemesi, paslanmaya kar\u015f\u0131 dayan\u0131kl\u0131, dayan\u0131kl\u0131 ve y\u00fcksek diren\u00e7li 304 paslanmaz \u00e7eliktir.<\/p>\n<p>Anti-tag after, anti-hit against, RS485 Haberle\u015fme, DC F\u0131r\u00e7as\u0131z motor, Bu parmak izi turnikesi h\u0131z kap\u0131lar\u0131 turnikesi her t\u00fcrl\u00fc <a href=\"https:\/\/en.wikipedia.org\/wiki\/Access_control\" target=\"_blank\" rel=\"noopener noreferrer\">Ge\u00e7i\u015f Kontrol<\/a> Sistemi ile uyumludur.<\/p>\n<p>Bu parmak izi turnike h\u0131zl\u0131 kap\u0131lar\u0131 otob\u00fcs istasyonlar\u0131, limanlar, metrolar, fabrikalar, konaklar, yerle\u015fim alanlar\u0131, oteller, \u015firketler vb. ak\u0131ll\u0131 ak\u0131\u015f kontrol\u00fc gerektiren her yerde yayg\u0131n olarak kullan\u0131lmaktad\u0131r.<\/p>\n<p>Kullan\u0131c\u0131lar\u0131n bak\u0131m\u0131 ve kullan\u0131m\u0131 i\u00e7in uygun olan kendi kendine ar\u0131za kontrol\u00fc ve alarm istemi i\u015flevine sahiptir.<\/p>\n<p>Herhangi bir kontrol sinyali veya d\u00fc\u011fmesi ile ba\u011flanabilir ve tek y\u00f6nl\u00fc ve iki y\u00f6nl\u00fc kontrol\u00fc ger\u00e7ekle\u015ftirmek i\u00e7in herhangi bir kontrol cihaz\u0131 taraf\u0131ndan \u00e7\u0131kar\u0131labilir.<\/p>\n<p>Tek y\u00f6nl\u00fc ve iki y\u00f6nl\u00fc serbest ge\u00e7i\u015f keyfi olarak ayarlanabilir.<\/p>\n<p>Ekipman a\u00e7\u0131ld\u0131\u011f\u0131nda veya yeniden ba\u015flat\u0131ld\u0131\u011f\u0131nda, kullan\u0131c\u0131lar\u0131n bak\u0131m\u0131 ve kullan\u0131m\u0131 i\u00e7in uygun olan ar\u0131za kendi kendini kontrol etme i\u015flevine sahiptir.<\/p>\n<p>Y\u00fcksek yo\u011funluklu trafik \u0131\u015f\u0131\u011f\u0131 durum g\u00f6stergesi. Biri takip ediyorsa, kap\u0131 otomatik olarak ters itme kilitlemeyi ba\u015flatacak ve bir alarm verecektir. Yang\u0131n alarm\u0131 sinyalini ba\u011flay\u0131n.<\/p>\n<p><strong>Teknik parametre:<\/strong><\/p>\n<p>Ge\u00e7i\u015f Geni\u015fli\u011fi: Standart 600 mm maksimum 1200 mm (kol 900 mm&#8217;den fazla oyuktur)<br \/>\n\u00c7al\u0131\u015fma nemi: %30~%95<br \/>\n\u00c7al\u0131\u015fma s\u0131cakl\u0131\u011f\u0131: -40\u2103~+70\u2103<br \/>\n\u00c7al\u0131\u015fma ortam\u0131: \u0130\u00e7 mekan<br \/>\nGiri\u015f aray\u00fcz\u00fc: RS485, Kuru kontak<br \/>\nMekanizma: Servo F\u0131r\u00e7as\u0131z motor 120W<br \/>\nK\u0131z\u0131l\u00f6tesi sens\u00f6r: 6 \u00e7ift<br \/>\nMCBF: 5.000.000 D\u00f6ng\u00fc<br \/>\nUygulama: Ofis Binas\u0131, Oteller, H\u00fck\u00fcmet Binalar\u0131, vb.<\/p>\n<p>T\u00fcm g\u00fcvenlik eri\u015fim kontrol\u00fc \u00e7\u00f6z\u00fcm\u00fcn\u00fc sa\u011flayabiliriz. Kendi ge\u00e7i\u015f kontrol sisteminiz varsa, do\u011frudan turnike kap\u0131m\u0131z\u0131 kullanabilirsiniz. E\u011fer yoksa, eksiksiz bir g\u00fcvenlik eri\u015fim kontrol\u00fc \u00e7\u00f6z\u00fcm\u00fc de sa\u011fl\u0131yoruz. Ayr\u0131nt\u0131lar i\u00e7in l\u00fctfen a\u015fa\u011f\u0131daki videoya bak\u0131n.<\/p>\n<p><iframe title=\"Havaalan\u0131 turnikesi, havaalan\u0131 i\u00e7in h\u0131zl\u0131 kap\u0131 turnikesi, metro istasyonu - MairsTurnstile.com\" src=\"https:\/\/www.youtube.com\/embed\/rR_US2dIKU8\" width=\"1150\" height=\"650\" frameborder=\"0\" allowfullscreen=\"allowfullscreen\"><\/iframe><\/p>\n","protected":false},"excerpt":{"rendered":"<p>1. Boyut: 1500*150*980mm (\u00f6zelle\u015ftirilebilir)<\/p>\n<p>2. Malzeme: 1.2mm F\u0131r\u00e7alanm\u0131\u015f SUS 304<\/p>\n<p>3. Kol malzemesi: 10 mm Akrilik (temperli cam se\u00e7ene\u011fi)<\/p>\n<p>4. Kol Y\u00fcksekli\u011fi: Maksimum 1300 mm (600 mm geni\u015flik dahilinde)<\/p>\n<p>5. Passage direction Single directional\/Bi-directional<\/p>\n<p>6. Ge\u00e7i\u015f oran\u0131: 30-35 ki\u015fi\/dakika<\/p>\n<p>7. \u00c7al\u0131\u015fma s\u00fcresi: 0,2 saniye<\/p>\n<p>8. G\u00fc\u00e7 giri\u015fi: AC100-240V,50\/60HZ<\/p>\n<p>9. \u00c7al\u0131\u015fma voltaj\u0131: 24V<\/p>\n<p><span style=\"color: #0000ff;\"><strong><a style=\"color: #0000ff;\" title=\"Mairs CE Belgeli H\u0131zl\u0131 Ge\u00e7i\u015f Turnikesi\" href=\"http:\/\/mairsturnstile.com\/wp-content\/uploads\/2022\/09\/Mairs-CE-Certificate-Speed-Gate-Turnstile.pdf\" target=\"_blank\" rel=\"noopener noreferrer\">CE Belgeli,<\/a> <a style=\"color: #0000ff;\" title=\"Mairs ISO9001 Sertifikas\u0131\" href=\"http:\/\/mairsturnstile.com\/wp-content\/uploads\/2022\/09\/Mairs-Registration-Certificate-ISO9001.pdf\" target=\"_blank\" rel=\"noopener noreferrer\">ISO9001 Sertifikal\u0131.<\/a><\/strong><\/span><\/p>\n","protected":false},"featured_media":44344,"comment_status":"closed","ping_status":"closed","template":"","meta":{"neve_meta_sidebar":"","neve_meta_container":"","neve_meta_enable_content_width":"off","neve_meta_content_width":0,"neve_meta_title_alignment":"","neve_meta_author_avatar":"","neve_post_elements_order":"","neve_meta_disable_header":"","neve_meta_disable_footer":"","neve_meta_disable_title":"","_ti_tpc_template_sync":false,"_ti_tpc_template_id":""},"product_cat":[1916,1931],"product_tag":[2229,1918,2230,2231],"class_list":["post-33301","product","type-product","status-publish","has-post-thumbnail","hentry","product_cat-guvenlik-turnikeleri","product_cat-hizli-kapilar","product_tag-guvenlik-turnike-kapisi","product_tag-hiz-kapisi-turnikesi","product_tag-parmak-izi-turnikesi","product_tag-satilik-hiz-kapilari"],"_links":{"self":[{"href":"https:\/\/mairsturnstile.com\/tr\/wp-json\/wp\/v2\/product\/33301","targetHints":{"allow":["GET"]}}],"collection":[{"href":"https:\/\/mairsturnstile.com\/tr\/wp-json\/wp\/v2\/product"}],"about":[{"href":"https:\/\/mairsturnstile.com\/tr\/wp-json\/wp\/v2\/types\/product"}],"replies":[{"embeddable":true,"href":"https:\/\/mairsturnstile.com\/tr\/wp-json\/wp\/v2\/comments?post=33301"}],"version-history":[{"count":0,"href":"https:\/\/mairsturnstile.com\/tr\/wp-json\/wp\/v2\/product\/33301\/revisions"}],"wp:featuredmedia":[{"embeddable":true,"href":"https:\/\/mairsturnstile.com\/tr\/wp-json\/wp\/v2\/media\/44344"}],"wp:attachment":[{"href":"https:\/\/mairsturnstile.com\/tr\/wp-json\/wp\/v2\/media?parent=33301"}],"wp:term":[{"taxonomy":"product_cat","embeddable":true,"href":"https:\/\/mairsturnstile.com\/tr\/wp-json\/wp\/v2\/product_cat?post=33301"},{"taxonomy":"product_tag","embeddable":true,"href":"https:\/\/mairsturnstile.com\/tr\/wp-json\/wp\/v2\/product_tag?post=33301"}],"curies":[{"name":"wp","href":"https:\/\/api.w.org\/{rel}","templated":true}]}}