{"id":33302,"date":"2021-07-12T00:20:07","date_gmt":"2021-07-11T16:20:07","guid":{"rendered":"https:\/\/mairsturnstile.com\/product\/toptan-ve-perakende-turnikeler-hizli-gecis-turnikesi-mt325"},"modified":"2024-11-01T11:36:11","modified_gmt":"2024-11-01T03:36:11","slug":"perakende-turnikeler","status":"publish","type":"product","link":"https:\/\/mairsturnstile.com\/tr\/urun\/perakende-turnikeler","title":{"rendered":"Toptan ve Perakende Turnikeler H\u0131zl\u0131 Ge\u00e7i\u015f Turnikesi MT325"},"content":{"rendered":"        <!-- 3D Model html -->\r\n        <div class=\"bp_grand wrapper_23470\">   \r\n        <div class=\"bp_model_parent\">\r\n            <model-viewer class=\"model\" id=\"bp_model_id_23470\" src=\"http:\/\/mairsturnstile.com\/wp-content\/uploads\/2023\/07\/MT325.glb\" alt=\"MT325\" camera-controls  loading=\"auto\" auto-rotate                        >\r\n            <\/model-viewer>\r\n        \r\n            <!-- Button -->\r\n            <svg id=\"openBtn\" width=\"30px\" height=\"30px\" viewBox=\"0 0 16 16\" xmlns=\"http:\/\/www.w3.org\/2000\/svg\" fill=\"#f2f2f2\" class=\"bi bi-arrows-fullscreen model-icon\">\r\n                <path fill-rule=\"evenodd\" d=\"M5.828 10.172a.5.5 0 0 0-.707 0l-4.096 4.096V11.5a.5.5 0 0 0-1 0v3.975a.5.5 0 0 0 .5.5H4.5a.5.5 0 0 0 0-1H1.732l4.096-4.096a.5.5 0 0 0 0-.707zm4.344 0a.5.5 0 0 1 .707 0l4.096 4.096V11.5a.5.5 0 1 1 1 0v3.975a.5.5 0 0 1-.5.5H11.5a.5.5 0 0 1 0-1h2.768l-4.096-4.096a.5.5 0 0 1 0-.707zm0-4.344a.5.5 0 0 0 .707 0l4.096-4.096V4.5a.5.5 0 1 0 1 0V.525a.5.5 0 0 0-.5-.5H11.5a.5.5 0 0 0 0 1h2.768l-4.096 4.096a.5.5 0 0 0 0 .707zm-4.344 0a.5.5 0 0 1-.707 0L1.025 1.732V4.5a.5.5 0 0 1-1 0V.525a.5.5 0 0 1 .5-.5H4.5a.5.5 0 0 1 0 1H1.732l4.096 4.096a.5.5 0 0 1 0 .707z\"\/>\r\n            <\/svg>\r\n        \r\n            <svg id=\"closeBtn\" class=\"model-icon\" width=\"34px\" height=\"34px\" viewBox=\"0 0 24 24\" xmlns=\"http:\/\/www.w3.org\/2000\/svg\">\r\n                <path fill=\"none\" stroke=\"#f2f2f2\" stroke-width=\"2\" d=\"M7,7 L17,17 M7,17 L17,7\"\/>\r\n            <\/svg>\r\n        \r\n        <\/div>\r\n        <\/div> \r\n\r\n        <!-- Model Viewer Style -->\r\n        <style>\r\n            \r\n            .wrapper_23470 .bp_model_parent, #bp_model_id_23470 {\r\n                width: 1150px;\r\n                max-width: 100%;\r\n                                            }\r\n            #bp_model_id_23470 {\r\n                height:700px;\r\n                background-color: #f2f2f2;\r\n            }\r\n            .fullscreen #bp_model_id_23470{\r\n            height: 100%;\r\n            width: 100%;\r\n            }\r\n            .wrapper_23470 .bp_model_parent{\r\n                justify-content: start            }\r\n            model-viewer.model {\r\n                --poster-color: transparent;\r\n            }\r\n        <\/style>\r\n        \r\n        \n<h4><strong><b>Bu Toptan ve Perakende Turnikeler H\u0131zl\u0131 Kap\u0131 Turnike MT328 <\/b><\/strong><strong><b>ta\u015f\u0131r <\/b><\/strong><strong><b>2 y\u0131l garanti ve uzun s\u00fcreli bak\u0131m ve onar\u0131m deste\u011fi.<\/b><\/strong><strong><b> <\/b><\/strong><\/h4>\n<p>Mair, Fastlane optik turnike h\u0131z kap\u0131lar\u0131n\u0131 ihtiya\u00e7lar\u0131n\u0131za g\u00f6re \u00f6zelle\u015ftirebilir. OEM ve ODM hizmetleri sa\u011flayabiliriz. IC\/ID kart okuyucular\u0131, parmak izi taray\u0131c\u0131lar\u0131, QR kodu taray\u0131c\u0131lar\u0131, y\u00fcz tan\u0131ma kameralar\u0131 vb. gibi biyometrik cihazlar da sa\u011fl\u0131yoruz. Bu cihazlar\u0131 tam boy turnike kap\u0131s\u0131na entegre etmeniz gerekiyorsa veya herhangi bir sorunuz varsa, l\u00fctfen <a href=\"https:\/\/mairsturnstile.com\/contact\">bizimle ileti\u015fime<\/a> ge\u00e7in<\/p>\n<p><strong>Perakende Turnikeler H\u0131z Kap\u0131s\u0131 MT328<\/strong> <strong><b>Otomatik \u0130nce H\u0131zl\u0131 <a href=\"https:\/\/mairsturnstile.com\/speed-gates.html\">Kap\u0131lar<\/a><\/b><\/strong><strong><b>lobiler i\u00e7in g\u00fcvenlik turnikeleri.<\/b><\/strong><\/p>\n<p><strong><b>Perakende Turnikeler H\u0131z Kap\u0131s\u0131 Turnikesi MT328, insan v\u00fccudunun ge\u00e7i\u015f durumunu tam olarak alg\u0131layabilen, Maers&#8217;in ileri teknolojiye sahip, ak\u0131ll\u0131, y\u00fcksek h\u0131zl\u0131 kap\u0131 sal\u0131ncak bariyeri turnike \u00fcr\u00fcn\u00fcd\u00fcr.<\/b><\/strong><\/p>\n<p>Bu Fastlane optik perakende turnikeleri h\u0131z kap\u0131lar\u0131 g\u00f6vde malzemesi, paslanmaya kar\u015f\u0131 dayan\u0131kl\u0131, dayan\u0131kl\u0131 ve y\u00fcksek dirence sahip 304 paslanmaz \u00e7eliktir.<\/p>\n<p>Biz fabrika do\u011frudan sat\u0131\u015f yap\u0131yoruz. Ayr\u0131ca m\u00fc\u015fterilerimizin maliyetlerinden tasarruf etmeye de kararl\u0131y\u0131z. D\u00fc\u015f\u00fck maliyet i\u00e7in optimize edilmi\u015f en iyi turnike kap\u0131s\u0131 fiyat\u0131n\u0131 \u00e7evrimi\u00e7i sunmay\u0131 garanti ettik. Bu nedenle sadece en iyi toptan turnike fiyatlar\u0131n\u0131 sunmakla kalm\u0131yoruz, ayn\u0131 zamanda rekabet\u00e7i perakende turnike fiyatlar\u0131 da sa\u011fl\u0131yoruz. Ayn\u0131 zamanda t\u00fcm turnike kap\u0131lar\u0131m\u0131z 2 y\u0131l garanti hizmeti vermektedir. D\u00fcnyam\u0131z\u0131 daha iyi bir yer haline getirmek i\u00e7in y\u00fcksek kaliteli ve uygun maliyetli g\u00fcvenlik eri\u015fim kontrol turnike ekipman\u0131 sa\u011flay\u0131n.<\/p>\n<p>\u0130ster \u015firket ister \u015fah\u0131s olun, ister birden fazla turnike kap\u0131s\u0131 isterseniz de sadece bir turnike kap\u0131s\u0131 istiyorsan\u0131z, size en iyi hizmeti ve en iyi perakende turnike fiyat\u0131n\u0131 sunaca\u011f\u0131z.<\/p>\n<p>Ger\u00e7ek senaryonuza g\u00f6re birka\u00e7 dakika i\u00e7inde sizin i\u00e7in bir render da olu\u015fturabiliriz. Ayr\u0131ca ayr\u0131nt\u0131l\u0131 yerle\u015fim planlar\u0131 ve \u00e7izimlerin yan\u0131 s\u0131ra kurulum \u00e7izimleri de sa\u011fl\u0131yoruz.<\/p>\n\n        \t\n\t<style type=\"text\/css\">\n\t\t.slider-info-23484.bafg-slider-info .bafg-slider-title {\n\t\t\t\t\t\tfont-size: 22px;\n\t\t\t\t\t\t\n\t\t\t\n\t\t\t\t\t}\n\n\t\t.slider-info-23484.bafg-slider-info .bafg-slider-description {\n\t\t\t\n\t\t\t\n\t\t\t\t\t}\n\n\t\t.slider-info-23484.bafg-slider-info .bafg_slider_readmore_button {\n\t\t\t\n\t\t\t\n\t\t\t\n\t\t\t\n\t\t\t\n\t\t\ttext-align: center;\n\n\t\t\t\n\t\t\t\n\t\t\t\n\t\t\t\n\t\t\t\n\t\t\t\n\t\t\t\t\t}\n\n\t\t.slider-info-23484.bafg-slider-info .bafg_slider_readmore_button:hover {\n\n\t\t\t\n\t\t\t\n\t\t\t\t\t}\n\n\t<\/style>\n\t\n        <div class=\"bafg-twentytwenty-container slider-23484 \" bafg-orientation=\"horizontal\" bafg-default-offset=\"0.5\" bafg-before-label=\"Before\" bafg-after-label=\"After\" bafg-overlay=\"yes\" bafg-move-slider-on-hover=\"yes\" bafg-click-to-move=\"no\">\n              \n            <img decoding=\"async\" class=\"skip-lazy\" src=\"http:\/\/mairsturnstile.com\/wp-content\/uploads\/2023\/07\/retail-turnstiles_6.jpg\" alt=\"\" data-skip-lazy title=\"\">\n            <img decoding=\"async\" class=\"skip-lazy\" src=\"http:\/\/mairsturnstile.com\/wp-content\/uploads\/2023\/07\/retail-turnstiles_7.jpg\" alt=\"\" data-skip-lazy title=\"\">\n           \n        <\/div>\n\n        \t<div class=\"bafg-slider-info-wraper\">\n\t\t<div style=\"\" class=\"slider-info-23484 bafg-slider-info\">\n\t\t\t\t\t<\/div>\n\t<\/div>\n\t\n        <style type=\"text\/css\">\n            \n        <\/style>\n        \n<p><strong><b>Anti-tag after, anti-hit against, RS485 Haberle\u015fme, DC F\u0131r\u00e7as\u0131z motor, <\/b><\/strong>Bu h\u0131z kap\u0131s\u0131 turnikesi <strong><b>Her t\u00fcrl\u00fc Ge\u00e7i\u015f <a href=\"https:\/\/en.wikipedia.org\/wiki\/Access_control\" target=\"_blank\" rel=\"noopener noreferrer\">Kontrol<\/a> Sistemi ile uyumlu<\/b><\/strong><strong><b>.<\/b><\/strong><\/p>\n<p>Bu perakende turnikeler h\u0131zl\u0131 kap\u0131lar g\u00fcvenlik turnikeleri otob\u00fcs terminali, limanlar, metrolar, fabrikalar, konaklar, yerle\u015fim alanlar\u0131, oteller, \u015firketler vb. ak\u0131ll\u0131 ak\u0131\u015f kontrol\u00fc gerektiren her yerde yayg\u0131n olarak kullan\u0131lmaktad\u0131r.<\/p>\n<p>Kullan\u0131c\u0131lar\u0131n bak\u0131m\u0131 ve kullan\u0131m\u0131 i\u00e7in uygun olan kendi kendine ar\u0131za kontrol\u00fc ve alarm istemi i\u015flevine sahiptir.<\/p>\n<p>Herhangi bir kontrol sinyali veya d\u00fc\u011fmesi ile ba\u011flanabilir ve tek y\u00f6nl\u00fc ve iki y\u00f6nl\u00fc kontrol\u00fc ger\u00e7ekle\u015ftirmek i\u00e7in herhangi bir kontrol cihaz\u0131 taraf\u0131ndan \u00e7\u0131kar\u0131labilir.<\/p>\n<p>Tek y\u00f6nl\u00fc ve iki y\u00f6nl\u00fc serbest ge\u00e7i\u015f keyfi olarak ayarlanabilir.<\/p>\n<p>Ekipman a\u00e7\u0131ld\u0131\u011f\u0131nda veya yeniden ba\u015flat\u0131ld\u0131\u011f\u0131nda, kullan\u0131c\u0131lar\u0131n bak\u0131m\u0131 ve kullan\u0131m\u0131 i\u00e7in uygun olan ar\u0131za kendi kendini kontrol etme i\u015flevine sahiptir.<\/p>\n<p>Y\u00fcksek yo\u011funluklu trafik \u0131\u015f\u0131\u011f\u0131 durum g\u00f6stergesi. Biri takip ediyorsa, kap\u0131 otomatik olarak ters itme kilitlemeyi ba\u015flatacak ve bir alarm verecektir. Yang\u0131n alarm\u0131 sinyalini ba\u011flay\u0131n.<\/p>\n<p><strong>Teknik parametre:<\/strong><\/p>\n<p>1. Boyut: 1200*185*980mm<br \/>\n2. Malzeme: 1,0 mm SUS 304 \u0130nce \u00c7izgi 400#+\u00dcst Kapak 1,5 mm SUS304<br \/>\n3. Kol malzemesi: Akrilik panel<br \/>\n4. Ge\u00e7i\u015f Geni\u015fli\u011fi: Standart600mm Engelli 900mm<br \/>\n5. Passage direction Single directional\/Bi-directional<br \/>\n6. Ge\u00e7i\u015f oran\u0131: 30-35 ki\u015fi\/dakika<br \/>\n7. \u00c7al\u0131\u015fma s\u00fcresi: 0,2 saniye<br \/>\n8. G\u00fc\u00e7 giri\u015fi: AC100-240V,50\/60HZ<br \/>\n9. \u00c7al\u0131\u015fma voltaj\u0131 24V<br \/>\n10. Working humidity: 30%~95%<br \/>\n11. \u00c7al\u0131\u015fma s\u0131cakl\u0131\u011f\u0131: -10\u00b0C~+70\u00b0C<br \/>\n12. \u00c7al\u0131\u015fma ortam\u0131: \u0130\u00e7 ve d\u0131\u015f mekan<br \/>\n13. Giri\u015f aray\u00fcz\u00fc: RS485, kuru kontak r\u00f6lesi<br \/>\n14. Mekanizma: DC F\u0131r\u00e7as\u0131z motor \u00e7arpma \u00f6nleme mekanizmas\u0131<br \/>\n15. K\u0131z\u0131l\u00f6tesi sens\u00f6r: 4 \u00e7ift<br \/>\n16. MCBF: 3.000.000 D\u00f6ng\u00fc<br \/>\n17. Uygulama: Otob\u00fcs istasyonlar\u0131, K\u00fct\u00fcphaneler, H\u00fck\u00fcmet Binalar\u0131, Fabrikalar, Okullar vb.<\/p>\n<p>T\u00fcm g\u00fcvenlik eri\u015fim kontrol\u00fc \u00e7\u00f6z\u00fcm\u00fcn\u00fc sa\u011flayabiliriz. Kendi ge\u00e7i\u015f kontrol sisteminiz varsa, do\u011frudan turnike kap\u0131m\u0131z\u0131 kullanabilirsiniz. E\u011fer yoksa, eksiksiz bir g\u00fcvenlik eri\u015fim kontrol\u00fc \u00e7\u00f6z\u00fcm\u00fc de sa\u011fl\u0131yoruz. Ayr\u0131nt\u0131lar i\u00e7in l\u00fctfen a\u015fa\u011f\u0131daki videoya bak\u0131n.<\/p>\n<p><iframe title=\"Cam turnikeler, Temperli cam turnikeler, Cam sal\u0131ncak turnike sat\u0131\u015f\u0131 - MairsTurnstile\" src=\"https:\/\/www.youtube.com\/embed\/n6MbKy14gAk\" width=\"1150\" height=\"650\" frameborder=\"0\" allowfullscreen=\"allowfullscreen\"><\/iframe><\/p>\n","protected":false},"excerpt":{"rendered":"<p>1. Boyut: 1200*185*980mm (\u00f6zelle\u015ftirilebilir)<\/p>\n<p>2. Malzeme: 1,0 mm SUS 304 \u0130nce \u00c7izgi 400#+\u00dcst Kapak 1,5 mm SUS304<\/p>\n<p>3. Kol malzemesi: Akrilik panel<\/p>\n<p>4. Ge\u00e7i\u015f Geni\u015fli\u011fi: Standart 600mm Engelli 900mm<\/p>\n<p>5. Passage direction Single directional\/Bi-directional<\/p>\n<p>6. Ge\u00e7i\u015f oran\u0131: 30-35 ki\u015fi\/dakika<\/p>\n<p>7. \u00c7al\u0131\u015fma s\u00fcresi: 0,2 saniye<\/p>\n<p>8. G\u00fc\u00e7 giri\u015fi: AC100-240V,50\/60HZ<\/p>\n<p>9. Giri\u015f aray\u00fcz\u00fc: RS485, kuru kontak r\u00f6lesi<\/p>\n<p><strong><a title=\"Mairs CE Belgeli Sal\u0131ncak Turnike Kap\u0131s\u0131\" href=\"http:\/\/mairsturnstile.com\/wp-content\/uploads\/2022\/09\/Mairs-CE-Certificate-Swing-Turnstile-Gate.pdf\" target=\"_blank\" rel=\"noopener noreferrer\">CE Belgeli,<\/a> <a title=\"Mairs ISO9001 Sertifikas\u0131\" href=\"http:\/\/mairsturnstile.com\/wp-content\/uploads\/2022\/09\/Mairs-Registration-Certificate-ISO9001.pdf\" target=\"_blank\" rel=\"noopener noreferrer\">ISO9001 Sertifikal\u0131.<\/a><\/strong><\/p>\n<p><a title=\"Swing Turnike Bro\u015f\u00fcr\u00fc\" href=\"http:\/\/mairsturnstile.com\/wp-content\/uploads\/2023\/12\/MT325-brochure.pdf\" target=\"_blank\" rel=\"noopener noreferrer\" data-wp-editing=\"1\"><img decoding=\"async\" class=\"alignnone size-full wp-image-11034\" src=\"http:\/\/mairsturnstile.com\/wp-content\/uploads\/2022\/09\/pdf-MairsTurnstile.png\" alt=\"\" width=\"32\" height=\"32\"><strong><span style=\"color: #0000ff;\">MT325 Swing Turnike Bro\u015f\u00fcr\u00fc<\/span><\/strong><\/a><\/p>\n","protected":false},"featured_media":30006,"comment_status":"closed","ping_status":"closed","template":"","meta":{"neve_meta_sidebar":"","neve_meta_container":"","neve_meta_enable_content_width":"off","neve_meta_content_width":0,"neve_meta_title_alignment":"","neve_meta_author_avatar":"","neve_post_elements_order":"","neve_meta_disable_header":"","neve_meta_disable_footer":"","neve_meta_disable_title":"","_ti_tpc_template_sync":false,"_ti_tpc_template_id":""},"product_cat":[1916,1917],"product_tag":[1939,2233,2234,2232,1941],"class_list":["post-33302","product","type-product","status-publish","has-post-thumbnail","hentry","product_cat-guvenlik-turnikeleri","product_cat-salincak-turnike-kapisi","product_tag-bir-turnike-maliyeti-ne-kadar","product_tag-perakende-turnikeler","product_tag-toptan-turnike","product_tag-turnike-kapisi-fiyati","product_tag-turnike-maliyeti"],"_links":{"self":[{"href":"https:\/\/mairsturnstile.com\/tr\/wp-json\/wp\/v2\/product\/33302","targetHints":{"allow":["GET"]}}],"collection":[{"href":"https:\/\/mairsturnstile.com\/tr\/wp-json\/wp\/v2\/product"}],"about":[{"href":"https:\/\/mairsturnstile.com\/tr\/wp-json\/wp\/v2\/types\/product"}],"replies":[{"embeddable":true,"href":"https:\/\/mairsturnstile.com\/tr\/wp-json\/wp\/v2\/comments?post=33302"}],"version-history":[{"count":0,"href":"https:\/\/mairsturnstile.com\/tr\/wp-json\/wp\/v2\/product\/33302\/revisions"}],"wp:featuredmedia":[{"embeddable":true,"href":"https:\/\/mairsturnstile.com\/tr\/wp-json\/wp\/v2\/media\/30006"}],"wp:attachment":[{"href":"https:\/\/mairsturnstile.com\/tr\/wp-json\/wp\/v2\/media?parent=33302"}],"wp:term":[{"taxonomy":"product_cat","embeddable":true,"href":"https:\/\/mairsturnstile.com\/tr\/wp-json\/wp\/v2\/product_cat?post=33302"},{"taxonomy":"product_tag","embeddable":true,"href":"https:\/\/mairsturnstile.com\/tr\/wp-json\/wp\/v2\/product_tag?post=33302"}],"curies":[{"name":"wp","href":"https:\/\/api.w.org\/{rel}","templated":true}]}}