{"id":33304,"date":"2021-11-24T02:36:46","date_gmt":"2021-11-23T18:36:46","guid":{"rendered":"https:\/\/mairsturnstile.com\/product\/tam-boy-tandem-turnike-mt402-2-x"},"modified":"2024-10-28T17:25:09","modified_gmt":"2024-10-28T09:25:09","slug":"tandem-turnike","status":"publish","type":"product","link":"https:\/\/mairsturnstile.com\/tr\/urun\/tandem-turnike","title":{"rendered":"Tam Boy Tandem Turnike MT402-2-X"},"content":{"rendered":"        <!-- 3D Model html -->\r\n        <div class=\"bp_grand wrapper_19980\">   \r\n        <div class=\"bp_model_parent\">\r\n            <model-viewer class=\"model\" id=\"bp_model_id_19980\" src=\"http:\/\/mairsturnstile.com\/wp-content\/uploads\/2023\/06\/MT402-2-B.glb\" alt=\"MT402-2-B\" camera-controls  loading=\"auto\" auto-rotate                        >\r\n            <\/model-viewer>\r\n        \r\n            <!-- Button -->\r\n            <svg id=\"openBtn\" width=\"30px\" height=\"30px\" viewBox=\"0 0 16 16\" xmlns=\"http:\/\/www.w3.org\/2000\/svg\" fill=\"#f2f2f2\" class=\"bi bi-arrows-fullscreen model-icon\">\r\n                <path fill-rule=\"evenodd\" d=\"M5.828 10.172a.5.5 0 0 0-.707 0l-4.096 4.096V11.5a.5.5 0 0 0-1 0v3.975a.5.5 0 0 0 .5.5H4.5a.5.5 0 0 0 0-1H1.732l4.096-4.096a.5.5 0 0 0 0-.707zm4.344 0a.5.5 0 0 1 .707 0l4.096 4.096V11.5a.5.5 0 1 1 1 0v3.975a.5.5 0 0 1-.5.5H11.5a.5.5 0 0 1 0-1h2.768l-4.096-4.096a.5.5 0 0 1 0-.707zm0-4.344a.5.5 0 0 0 .707 0l4.096-4.096V4.5a.5.5 0 1 0 1 0V.525a.5.5 0 0 0-.5-.5H11.5a.5.5 0 0 0 0 1h2.768l-4.096 4.096a.5.5 0 0 0 0 .707zm-4.344 0a.5.5 0 0 1-.707 0L1.025 1.732V4.5a.5.5 0 0 1-1 0V.525a.5.5 0 0 1 .5-.5H4.5a.5.5 0 0 1 0 1H1.732l4.096 4.096a.5.5 0 0 1 0 .707z\"\/>\r\n            <\/svg>\r\n        \r\n            <svg id=\"closeBtn\" class=\"model-icon\" width=\"34px\" height=\"34px\" viewBox=\"0 0 24 24\" xmlns=\"http:\/\/www.w3.org\/2000\/svg\">\r\n                <path fill=\"none\" stroke=\"#f2f2f2\" stroke-width=\"2\" d=\"M7,7 L17,17 M7,17 L17,7\"\/>\r\n            <\/svg>\r\n        \r\n        <\/div>\r\n        <\/div> \r\n\r\n        <!-- Model Viewer Style -->\r\n        <style>\r\n            \r\n            .wrapper_19980 .bp_model_parent, #bp_model_id_19980 {\r\n                width: 1150px;\r\n                max-width: 100%;\r\n                                            }\r\n            #bp_model_id_19980 {\r\n                height:700px;\r\n                background-color: #f2f2f2;\r\n            }\r\n            .fullscreen #bp_model_id_19980{\r\n            height: 100%;\r\n            width: 100%;\r\n            }\r\n            .wrapper_19980 .bp_model_parent{\r\n                justify-content: start            }\r\n            model-viewer.model {\r\n                --poster-color: transparent;\r\n            }\r\n        <\/style>\r\n        \r\n        \n<h2>Tam Boy Tandem Turnike 2 y\u0131l garantili olup, uzun s\u00fcreli bak\u0131m ve onar\u0131m deste\u011fine sahiptir.<\/h2>\n<p>OEM ve ODM hizmetleri sa\u011flayabiliriz. \u0130htiya\u00e7lar\u0131n\u0131zdan herhangi birine g\u00f6re derin \u00f6zelle\u015ftirmeyi tamamlayabilen deneyimli tasar\u0131mc\u0131lar\u0131m\u0131z var. 3D render, boyutlu \u00e7izimler gibi bir dizi malzemeyi en k\u0131sa s\u00fcrede sa\u011flayaca\u011f\u0131z. Ayr\u0131ca \u015f\u0131k g\u00f6r\u00fcn\u00fcml\u00fc ve sa\u011flam yap\u0131ya sahip yeni bir tam boy turnike serisi ba\u015flatt\u0131k. L\u00fctfen kontrol edin: <span style=\"\"><a style=\"\" href=\"\" target=\"\" rel=\"noopener\">tam boy turnike serisi<\/a><\/span> <\/p>\n<p>Tandem turnike, yan yana iki kanaldan olu\u015fan \u00e7ift \u015feritli tam y\u00fckseklikte bir turnikedir veya yan yana birden fazla turnike makinesinden olu\u015fan \u00e7ok kanall\u0131 tam y\u00fckseklikte turnikeler. S\u0131radan bir turnike kap\u0131s\u0131ndan \u00e7ok daha y\u00fcksek ve daha geni\u015f olan ve bariz g\u00fcvenlik avantajlar\u0131na sahip olan, en iyi g\u00fcvenlik performans\u0131na sahip tandem turnike.<\/p>\n<p>\u00d6rne\u011fin, \u00f6zel bir renk i\u00e7in renk, stil, malzeme, boyut vb.&#8217;nin \u00f6zelle\u015ftirilmesi dahil olmak \u00fczere OEM ve ODM hizmetleri sa\u011flayabiliriz, m\u00fc\u015fterinin yaln\u0131zca bize bir Pantone numaras\u0131 sa\u011flamas\u0131 gerekir ve rengi Pantone&#8217;a g\u00f6re ayarlayaca\u011f\u0131z. numaras\u0131 ve ayn\u0131 renge toz p\u00fcsk\u00fcrt\u00fcn. M\u00fc\u015fterinin ODM ihtiyac\u0131 varsa, d\u0131\u015f sat\u0131\u015f olmadan, m\u00fc\u015fterinin g\u00f6r\u00fcn\u00fcm ve beden tercihlerine g\u00f6re bu m\u00fc\u015fteri i\u00e7in bir stil de tasarlayabiliriz. Bu, \u015firketinizin pazardaki tek benzersiz stili olacakt\u0131r.<\/p>\n<p>IC\/ID kart okuyucular\u0131, parmak izi taray\u0131c\u0131lar\u0131, QR kodu taray\u0131c\u0131lar\u0131, y\u00fcz tan\u0131ma kameralar\u0131 vb. gibi biyometrik cihazlar da sa\u011fl\u0131yoruz. Bu cihazlar\u0131 tam boy turnike kap\u0131s\u0131na entegre etmeniz gerekiyorsa veya herhangi bir sorunuz varsa, l\u00fctfen <a href=\"https:\/\/mairsturnstile.com\/contact\" target=\"_blank\" rel=\"noopener\">bizimle ileti\u015fime<\/a> ge\u00e7in<\/p>\n<p>Tam boy tandem turnike kapal\u0131 bir ge\u00e7i\u015f alan\u0131 olu\u015fturabilmekte, kart okutarak ve di\u011fer y\u00f6ntemlerle personel d\u00fczenli ge\u00e7i\u015f yapabilmektedir. Tam boy tandem turnike g\u00f6zetimsiz olabilir ve s\u0131k\u0131 g\u00fcvenlik \u00f6nlemlerinin oldu\u011fu baz\u0131 yerlerde y\u00fcksek uygulama de\u011ferine sahiptir. Tandem turnikesi \u015fase ve 3 veya 4 s\u0131ra d\u00f6ner \u00e7ubuktan olu\u015fur. Bir tripod turnike kap\u0131s\u0131 temelinde geli\u015ftirilmi\u015ftir.<\/p>\n<p>Bu, \u00f6zel i\u015fleme tabi tutulmu\u015f, \u00f6zelle\u015ftirilmi\u015f tam y\u00fckseklikte bir tandem turnikesidir. Temel malzeme 304 paslanmaz \u00e7elik demir plakad\u0131r. Y\u00fczey ultra y\u00fcksek s\u0131cakl\u0131kta pi\u015firme boyas\u0131 ile i\u015flenir. Uzun s\u00fcreli kullan\u0131mdan sonra boya d\u00fc\u015fmeyecek. A\u00e7\u0131k havada kullan\u0131labilir ve renk serbest\u00e7e \u00f6zelle\u015ftirilebilir. T\u0131pk\u0131 bu \u00fcr\u00fcn\u00fcn ki\u015fiselle\u015ftirilmesi gibi, di\u011fer t\u00fcm \u00fcr\u00fcnleri de beden dahil ihtiya\u00e7lar\u0131n\u0131za g\u00f6re ki\u015fiselle\u015ftirebiliyoruz.<\/p>\n<p><strong>Material of full-height turnstile:<\/strong><\/p>\n<p>Tam boy tandem turnike SUS304 paslanmaz \u00e7elikten yap\u0131lm\u0131\u015ft\u0131r. Ak\u0131ll\u0131 yaya eri\u015fim kontrol sistemleri i\u00e7in modern binalar\u0131n farkl\u0131 tarzlar\u0131n\u0131n \u00e7e\u015fitli gereksinimlerini kar\u015f\u0131lamak \u00fczere tasar\u0131m\u0131 geni\u015f bir yelpazede de\u011fi\u015ftirebilen en geli\u015fmi\u015f <a href=\"https:\/\/en.wikipedia.org\/wiki\/Access_control\" target=\"_blank\" rel=\"noopener\">s\u00fcr\u00fc\u015f kontrol<\/a> teknolojisini benimser.<\/p>\n<p><strong><b>Performans \u00f6zellikleri:<\/b><\/strong><\/p>\n<ol>\n<li>Tam y\u00fckseklikte turnike mekanizmas\u0131, makul ve g\u00fcvenilir tasar\u0131m, d\u00fc\u015f\u00fck g\u00fcr\u00fclt\u00fc, istikrarl\u0131 \u00e7al\u0131\u015fma ve uzun hizmet \u00f6mr\u00fc ile benzersiz bir mekanik yap\u0131y\u0131 benimser.<\/li>\n<li>Kuyruklamay\u0131 etkili bir \u015fekilde \u00f6nleyebilir ve insanlar\u0131n trafik h\u0131z\u0131n\u0131 art\u0131rabilir.<\/li>\n<li>Elektrik kesintisinden sonra, mekanik bir mod olu\u015fturmak i\u00e7in kap\u0131n\u0131n kilidi otomatik olarak a\u00e7\u0131lacakt\u0131r ve personel, yang\u0131ndan korunma gereksinimlerini kar\u015f\u0131layarak kendi kendine girip \u00e7\u0131kabilecektir.<\/li>\n<li>Kart kayd\u0131rman\u0131n etkili olup olmad\u0131\u011f\u0131n\u0131 g\u00f6steren LED uyar\u0131 \u0131\u015f\u0131\u011f\u0131.<\/li>\n<li>Otomatik s\u0131f\u0131rlama fonksiyonu vard\u0131r. Kap\u0131 ge\u00e7i\u015f yetkisini ald\u0131ktan sonra personelin belirlenen s\u00fcre i\u00e7erisinde kap\u0131dan ge\u00e7memesi halinde tam boy kap\u0131 otomatik olarak yetkisini iptal ederek ba\u015flang\u0131\u00e7 durumuna d\u00f6necektir.<\/li>\n<li>Su ge\u00e7irmez, g\u00fcne\u015f koruyucu, so\u011fu\u011fa ve y\u00fcksek s\u0131cakl\u0131\u011fa dayan\u0131kl\u0131d\u0131r.<\/li>\n<li>Ki\u015fiselle\u015ftirilmi\u015f bir kurulum aray\u00fcz\u00fcne sahiptir ve IC, kimlik kartlar\u0131 ve di\u011fer ak\u0131ll\u0131 kartlarla uyumludur.<\/li>\n<li>Eri\u015fim kontrol\u00fc, kat\u0131l\u0131m, \u00fccretlendirme ve di\u011fer i\u015flevleri ger\u00e7ekle\u015ftirmek i\u00e7in otomatik tan\u0131mlama sistemine geni\u015fletilebilir.<\/li>\n<li>Uzaktan kontrol ve y\u00f6netim do\u011frudan y\u00f6netim bilgisayar\u0131 arac\u0131l\u0131\u011f\u0131yla ger\u00e7ekle\u015ftirilebilir<\/li>\n<li>Mekanizman\u0131n g\u00fcvenilirli\u011fi: 5 milyon, hatas\u0131z<\/li>\n<li>\u015eok emici i\u00e7in hidrolik amortis\u00f6rl\u00fc mekanizma<\/li>\n<\/ol>\n<p>T\u00fcm g\u00fcvenlik eri\u015fim kontrol\u00fc \u00e7\u00f6z\u00fcm\u00fcn\u00fc sa\u011flayabiliriz. Kendi ge\u00e7i\u015f kontrol sisteminiz varsa, do\u011frudan turnike kap\u0131m\u0131z\u0131 kullanabilirsiniz. E\u011fer elinizde yoksa, eksiksiz bir g\u00fcvenlik eri\u015fim kontrol\u00fc \u00e7\u00f6z\u00fcm\u00fc de sunuyoruz. Ayr\u0131nt\u0131lar i\u00e7in l\u00fctfen a\u015fa\u011f\u0131daki videoya bak\u0131n.<\/p>\n<p><iframe title=\"YouTube video oynat\u0131c\u0131\" src=\"https:\/\/www.youtube.com\/embed\/XyxFKnS3Br0\" width=\"1150\" height=\"650\" frameborder=\"0\" allowfullscreen=\"allowfullscreen\"><span data-mce-type=\"bookmark\" style=\"display: inline-block; width: 0px; overflow: hidden; line-height: 0;\" class=\"mce_SELRES_start\"><\/span><\/iframe><\/p>\n","protected":false},"excerpt":{"rendered":"<p>1. Boyut: 2400 * 1500 * 2310 mm (\u00f6zelle\u015ftirilebilir)<\/p>\n<p>2. \u015eerit Geni\u015fli\u011fi: 650 mm (\u00f6zelle\u015ftirilebilir)<\/p>\n<p>3. Malzeme: 304 paslanmaz \u00e7elik veya 316 paslanmaz \u00e7elik<\/p>\n<p>4. Ge\u00e7i\u015f h\u0131z\u0131: 30 ki\u015fi\/dakika<\/p>\n<p>5. G\u00fc\u00e7 kayna\u011f\u0131: 110V\/220V 50\/60Hz<\/p>\n<p>6. Solenoid: DC24V<\/p>\n<p>7. Kap\u0131 A\u00e7\u0131k Sinyali: Kuru Kontak\/R\u00f6le<\/p>\n<p>8. Mant\u0131k Gerilimi: DC24V<\/p>\n<p>9. Tahrik: Yar\u0131 Otomatik Kumandal\u0131<\/p>\n<p><strong><a title=\"Mairs CE Belgeli Tam Boy Turnike\" href=\"http:\/\/mairsturnstile.com\/wp-content\/uploads\/2022\/09\/Mairs-CE-Certificate-Full-Height-Turnstile.pdf\" target=\"_blank\" rel=\"noopener noreferrer\">CE Belgeli,<\/a> <a title=\"Mairs ISO9001 Sertifikas\u0131\" href=\"http:\/\/mairsturnstile.com\/wp-content\/uploads\/2022\/09\/Mairs-Registration-Certificate-ISO9001.pdf\" target=\"_blank\" rel=\"noopener noreferrer\">ISO9001 Sertifikal\u0131.<\/a><\/strong><\/p>\n<p><a title=\"Tam Boy Turnike Kurulum K\u0131lavuzu\" href=\"http:\/\/mairsturnstile.com\/wp-content\/uploads\/2023\/09\/Full-height-turnstile-installation-manual.pdf\" target=\"_blank\" rel=\"noopener noreferrer\"><img decoding=\"async\" class=\"alignnone size-full wp-image-11034\" src=\"http:\/\/mairsturnstile.com\/wp-content\/uploads\/2022\/09\/pdf-MairsTurnstile.png\" alt=\"\" width=\"32\" height=\"32\"><strong><span style=\"color: #0000ff;\"> Tam Boy Turnike Kullan\u0131m ve Kurulum K\u0131lavuzu<\/span><\/strong><\/a><\/p>\n","protected":false},"featured_media":59617,"comment_status":"closed","ping_status":"closed","template":"","meta":{"neve_meta_sidebar":"","neve_meta_container":"","neve_meta_enable_content_width":"off","neve_meta_content_width":0,"neve_meta_title_alignment":"","neve_meta_author_avatar":"","neve_post_elements_order":"","neve_meta_disable_header":"","neve_meta_disable_footer":"","neve_meta_disable_title":"","_ti_tpc_template_sync":false,"_ti_tpc_template_id":""},"product_cat":[1916,1973],"product_tag":[2240,2239,2242,2241,2243],"class_list":["post-33304","product","type-product","status-publish","has-post-thumbnail","hentry","product_cat-guvenlik-turnikeleri","product_cat-tam-boy-turnikeler","product_tag-full-height-turnstile-with-card-reader-tr","product_tag-tam-boy-turnike","product_tag-tam-yukseklikte-tandem-turnike","product_tag-tandem-turnike","product_tag-tandem-turnike-kapisi"],"_links":{"self":[{"href":"https:\/\/mairsturnstile.com\/tr\/wp-json\/wp\/v2\/product\/33304","targetHints":{"allow":["GET"]}}],"collection":[{"href":"https:\/\/mairsturnstile.com\/tr\/wp-json\/wp\/v2\/product"}],"about":[{"href":"https:\/\/mairsturnstile.com\/tr\/wp-json\/wp\/v2\/types\/product"}],"replies":[{"embeddable":true,"href":"https:\/\/mairsturnstile.com\/tr\/wp-json\/wp\/v2\/comments?post=33304"}],"version-history":[{"count":0,"href":"https:\/\/mairsturnstile.com\/tr\/wp-json\/wp\/v2\/product\/33304\/revisions"}],"wp:featuredmedia":[{"embeddable":true,"href":"https:\/\/mairsturnstile.com\/tr\/wp-json\/wp\/v2\/media\/59617"}],"wp:attachment":[{"href":"https:\/\/mairsturnstile.com\/tr\/wp-json\/wp\/v2\/media?parent=33304"}],"wp:term":[{"taxonomy":"product_cat","embeddable":true,"href":"https:\/\/mairsturnstile.com\/tr\/wp-json\/wp\/v2\/product_cat?post=33304"},{"taxonomy":"product_tag","embeddable":true,"href":"https:\/\/mairsturnstile.com\/tr\/wp-json\/wp\/v2\/product_tag?post=33304"}],"curies":[{"name":"wp","href":"https:\/\/api.w.org\/{rel}","templated":true}]}}