{"id":33305,"date":"2021-11-25T18:20:16","date_gmt":"2021-11-25T10:20:16","guid":{"rendered":"https:\/\/mairsturnstile.com\/product\/supermarket-giris-turnikesi-salincak-turnikesi-mt313"},"modified":"2025-04-07T17:42:12","modified_gmt":"2025-04-07T09:42:12","slug":"supermarket-giris-turnikesi","status":"publish","type":"product","link":"https:\/\/mairsturnstile.com\/tr\/urun\/supermarket-giris-turnikesi","title":{"rendered":"S\u00fcpermarket Giri\u015f Turnikesi Sal\u0131ncak Turnikesi MT313"},"content":{"rendered":"        <!-- 3D Model html -->\r\n        <div class=\"bp_grand wrapper_23461\">   \r\n        <div class=\"bp_model_parent\">\r\n            <model-viewer class=\"model\" id=\"bp_model_id_23461\" src=\"http:\/\/mairsturnstile.com\/wp-content\/uploads\/2024\/11\/mt313.glb\" alt=\"mt313\" camera-controls  loading=\"auto\" auto-rotate                        >\r\n            <\/model-viewer>\r\n        \r\n            <!-- Button -->\r\n            <svg id=\"openBtn\" width=\"30px\" height=\"30px\" viewBox=\"0 0 16 16\" xmlns=\"http:\/\/www.w3.org\/2000\/svg\" fill=\"#f2f2f2\" class=\"bi bi-arrows-fullscreen model-icon\">\r\n                <path fill-rule=\"evenodd\" d=\"M5.828 10.172a.5.5 0 0 0-.707 0l-4.096 4.096V11.5a.5.5 0 0 0-1 0v3.975a.5.5 0 0 0 .5.5H4.5a.5.5 0 0 0 0-1H1.732l4.096-4.096a.5.5 0 0 0 0-.707zm4.344 0a.5.5 0 0 1 .707 0l4.096 4.096V11.5a.5.5 0 1 1 1 0v3.975a.5.5 0 0 1-.5.5H11.5a.5.5 0 0 1 0-1h2.768l-4.096-4.096a.5.5 0 0 1 0-.707zm0-4.344a.5.5 0 0 0 .707 0l4.096-4.096V4.5a.5.5 0 1 0 1 0V.525a.5.5 0 0 0-.5-.5H11.5a.5.5 0 0 0 0 1h2.768l-4.096 4.096a.5.5 0 0 0 0 .707zm-4.344 0a.5.5 0 0 1-.707 0L1.025 1.732V4.5a.5.5 0 0 1-1 0V.525a.5.5 0 0 1 .5-.5H4.5a.5.5 0 0 1 0 1H1.732l4.096 4.096a.5.5 0 0 1 0 .707z\"\/>\r\n            <\/svg>\r\n        \r\n            <svg id=\"closeBtn\" class=\"model-icon\" width=\"34px\" height=\"34px\" viewBox=\"0 0 24 24\" xmlns=\"http:\/\/www.w3.org\/2000\/svg\">\r\n                <path fill=\"none\" stroke=\"#f2f2f2\" stroke-width=\"2\" d=\"M7,7 L17,17 M7,17 L17,7\"\/>\r\n            <\/svg>\r\n        \r\n        <\/div>\r\n        <\/div> \r\n\r\n        <!-- Model Viewer Style -->\r\n        <style>\r\n            \r\n            .wrapper_23461 .bp_model_parent, #bp_model_id_23461 {\r\n                width: 1150px;\r\n                max-width: 100%;\r\n                                            }\r\n            #bp_model_id_23461 {\r\n                height:700px;\r\n                background-color: #f2f2f2;\r\n            }\r\n            .fullscreen #bp_model_id_23461{\r\n            height: 100%;\r\n            width: 100%;\r\n            }\r\n            .wrapper_23461 .bp_model_parent{\r\n                justify-content: start            }\r\n            model-viewer.model {\r\n                --poster-color: transparent;\r\n            }\r\n        <\/style>\r\n        \r\n        \n<h4>S\u00fcpermarket giri\u015f turnikesi 2 y\u0131l garantilidir ve dayan\u0131kl\u0131 bak\u0131m ve onar\u0131m deste\u011fine sahiptir.<\/h4>\n<p>OEM ve ODM hizmetleri sa\u011flayabiliriz. \u0130htiya\u00e7lar\u0131n\u0131zdan herhangi birine g\u00f6re derin \u00f6zelle\u015ftirmeyi tamamlayabilen deneyimli tasar\u0131mc\u0131lar\u0131m\u0131z var. 3D render, boyutlu \u00e7izimler gibi bir dizi malzemeyi en k\u0131sa s\u00fcrede sa\u011flayaca\u011f\u0131z. IC\/ID kart okuyucular\u0131, parmak izi taray\u0131c\u0131lar\u0131, QR kodu taray\u0131c\u0131lar\u0131, y\u00fcz tan\u0131ma kameralar\u0131 vb. gibi biyometrik cihazlar da sa\u011fl\u0131yoruz. Bu cihazlar\u0131 tam boy turnike kap\u0131s\u0131na entegre etmeniz gerekiyorsa veya herhangi bir sorunuz varsa, l\u00fctfen <a href=\"https:\/\/mairsturnstile.com\/contact\" target=\"_blank\" rel=\"noopener\">bizimle ileti\u015fime ge\u00e7in.<\/a><\/p>\n<p><strong>S\u00fcpermarket giri\u015f turnikesi, b\u00fcy\u00fck s\u00fcpermarketlerin ve insans\u0131z s\u00fcpermarketlerin giri\u015f ve \u00e7\u0131k\u0131\u015f\u0131 i\u00e7in \u00f6zel olarak kullan\u0131lan bir t\u00fcr yaya turnike kap\u0131s\u0131d\u0131r.<\/strong> S\u00fcpermarket turnikesinin kanat \u00e7ubu\u011funun uzunlu\u011fu, s\u00fcpermarket giri\u015finin geni\u015fli\u011fine g\u00f6re \u00f6zelle\u015ftirilebilir. Elbette bu s\u00fcpermarket giri\u015f turnikesi ayn\u0131 zamanda giyim ma\u011fazalar\u0131, s\u00fcpermarketler, kuyumcular, al\u0131\u015fveri\u015f merkezleri, kozmetik ma\u011fazalar\u0131, kitap\u00e7\u0131lar vb. yerlerde de kullan\u0131labilir.<\/p>\n<p>S\u00fcpermarket giri\u015f turnikesinin temel amac\u0131 personel <a href=\"https:\/\/en.wikipedia.org\/wiki\/Access_control\" target=\"_blank\" rel=\"noopener\">eri\u015fim kontrol<\/a> y\u00f6netimi, g\u00fcvenlik denetimi ve self servis kasad\u0131r. S\u00fcpermarket halka a\u00e7\u0131k bir yerdir ve herkes t\u00fcketim i\u00e7in girer. S\u0131radan bir m\u00fc\u015fterinin yan\u0131nda eri\u015fim kart\u0131 getirmesi pek m\u00fcmk\u00fcn de\u011fildir. S\u00fcpermarket giri\u015f turnikesi k\u0131z\u0131l\u00f6tesi sens\u00f6re g\u00f6re kap\u0131y\u0131 otomatik olarak a\u00e7acakt\u0131r. Elbette y\u00fcz tan\u0131ma veya QR kod tarama gibi baz\u0131 ek i\u015flevler ger\u00e7ek ihtiya\u00e7lara g\u00f6re \u00f6zelle\u015ftirilebilir.<\/p>\n<p>Bu s\u00fcpermarket giri\u015f turnikesi, manuel alg\u0131lama olmamas\u0131, y\u00fcksek verimlilik, h\u0131zl\u0131, g\u00fcvenli ve iyi hizmet avantajlar\u0131na sahiptir.<\/p>\n<p>Korkuluklu s\u00fcpermarket giri\u015f turnikesi, s\u00fcpermarkete giren insanlar\u0131n ak\u0131\u015f\u0131n\u0131 kontrol etmek ve s\u00fcpermarkete standart ve d\u00fczenli eri\u015fimi sa\u011flamak i\u00e7in uygundur. S\u00fcpermarkete hi\u00e7bir personel girmedi\u011finde, s\u00fcpermarket d\u00f6ner <a href=\"https:\/\/mairsturnstile.com\/swing-turnstile-gate.html\" target=\"_blank\" rel=\"noopener\">turnikesi otomatik<\/a> olarak kilitlenecektir.<\/p>\n<p>Ger\u00e7ek senaryonuza g\u00f6re birka\u00e7 dakika i\u00e7inde sizin i\u00e7in bir render da olu\u015fturabiliriz. Ayr\u0131ca ayr\u0131nt\u0131l\u0131 yerle\u015fim ve \u00e7izimlerin yan\u0131 s\u0131ra kurulum \u00e7izimleri de sa\u011fl\u0131yoruz.<\/p>\n\n        \t\n\t<style type=\"text\/css\">\n\t\t.slider-info-23483.bafg-slider-info .bafg-slider-title {\n\t\t\t\t\t\tfont-size: 22px;\n\t\t\t\t\t\t\n\t\t\t\n\t\t\t\t\t}\n\n\t\t.slider-info-23483.bafg-slider-info .bafg-slider-description {\n\t\t\t\n\t\t\t\n\t\t\t\t\t}\n\n\t\t.slider-info-23483.bafg-slider-info .bafg_slider_readmore_button {\n\t\t\t\n\t\t\t\n\t\t\t\n\t\t\t\n\t\t\t\n\t\t\ttext-align: center;\n\n\t\t\t\n\t\t\t\n\t\t\t\n\t\t\t\n\t\t\t\n\t\t\t\n\t\t\t\t\t}\n\n\t\t.slider-info-23483.bafg-slider-info .bafg_slider_readmore_button:hover {\n\n\t\t\t\n\t\t\t\n\t\t\t\t\t}\n\n\t<\/style>\n\t\n        <div class=\"bafg-twentytwenty-container slider-23483 \" bafg-orientation=\"horizontal\" bafg-default-offset=\"0.5\" bafg-before-label=\"Before\" bafg-after-label=\"After\" bafg-overlay=\"yes\" bafg-move-slider-on-hover=\"yes\" bafg-click-to-move=\"no\">\n              \n            <img decoding=\"async\" class=\"skip-lazy\" src=\"http:\/\/mairsturnstile.com\/wp-content\/uploads\/2023\/07\/supermarket-swing-gate_8.jpg\" alt=\"supermarket swing gate\" data-skip-lazy title=\"\">\n            <img decoding=\"async\" class=\"skip-lazy\" src=\"http:\/\/mairsturnstile.com\/wp-content\/uploads\/2021\/11\/supermarket-entrance-turnstile-4.jpg\" alt=\"supermarket entrance turnstile\" data-skip-lazy title=\"\">\n           \n        <\/div>\n\n        \t<div class=\"bafg-slider-info-wraper\">\n\t\t<div style=\"\" class=\"slider-info-23483 bafg-slider-info\">\n\t\t\t\t\t<\/div>\n\t<\/div>\n\t\n        <style type=\"text\/css\">\n            \n        <\/style>\n        \n<p>S\u00fcpermarket giri\u015f turnikesi genel t\u00fcketim mallar\u0131ndan farkl\u0131d\u0131r. \u0130nsanlar\u0131n ak\u0131n etti\u011fi yere g\u00f6re, bunlar \u00f6zellikle benzersizdir; \u00f6rne\u011fin: personelin \u00fcr\u00fcnleri s\u00fcpermarketin d\u0131\u015f\u0131na ta\u015f\u0131y\u0131p ta\u015f\u0131mad\u0131\u011f\u0131n\u0131 kontrol etmek, kendi kendine al\u0131\u015fveri\u015f yapmak ve insans\u0131z durumlarda kendi kendine \u00f6deme yapmak ve m\u00fc\u015fterilerin al\u0131\u015fveri\u015f masraflar\u0131n\u0131 azaltmak i\u00e7in QR kodlar\u0131n\u0131 taramak. Farkl\u0131 yerlerin farkl\u0131 ihtiya\u00e7lar\u0131na, g\u00f6r\u00fcn\u00fcmlerine ve i\u015flevlerine g\u00f6re, belirli s\u00fcpermarket turnike g\u00fcvenlik \u00e7\u00f6z\u00fcmleri farkl\u0131d\u0131r.<\/p>\n<p>S\u00fcpermarket giri\u015f turnikesi, yeni bir tarza ve zarif bir g\u00f6r\u00fcn\u00fcme sahip, zarif paslanmaz \u00e7elikle cilalanm\u0131\u015ft\u0131r. \u0130nsan ak\u0131\u015f\u0131n\u0131 etkili bir \u015fekilde kontrol edebilir ve s\u0131n\u0131rl\u0131 alan i\u00e7in etkili g\u00fcvenlik korumas\u0131 sa\u011flayabilir.<\/p>\n<p>Mekanizman\u0131n g\u00fcvenilirli\u011fi: 3 milyon, hatas\u0131z<br \/>\nAkrilik bir kol mevcuttur<br \/>\n\u00dcst kapakta LED g\u00f6sterge \u0131\u015f\u0131\u011f\u0131<br \/>\nTek adet veya iki adet bir \u015ferit her ikisi de mevcuttur<br \/>\n\u00c7al\u0131\u015fma Y\u00f6n\u00fc: \u00c7ift y\u00f6nl\u00fc\/Tek y\u00f6nl\u00fc<br \/>\nAcil durum: elektrik kesildi\u011finde otomatik olarak a\u00e7\u0131l\u0131r. Yedek batarya kendi kendine sa\u011flan\u0131r<br \/>\nNem: \u226490\uff05<br \/>\nG\u00f6vde Malzemesi: 304 paslanmaz \u00e7elik<br \/>\n\u00c7al\u0131\u015fma s\u0131cakl\u0131\u011f\u0131: -20 \u2103 \uff5e 60 \u2103<br \/>\n\u0130leti\u015fim mesafesi: \u22641200 m<br \/>\nHaberle\u015fme aray\u00fcz\u00fc: RS485<br \/>\n\u00d6zellik: IC\/ID okuyucu, Barkod Okuyucu, Y\u00fcz tan\u0131ma, Parmak izi, di\u011fer eri\u015fim kontrol ekipmanlar\u0131, UPS, vb.<br \/>\nA\u00e7\u0131l\u0131\u015f i\u00e7in gereken s\u00fcre: 0,2 sn<br \/>\n\u00c7al\u0131\u015fma ortam\u0131: \u0130\u00e7 veya d\u0131\u015f mekan (d\u0131\u015f mekan iste\u011fe ba\u011fl\u0131d\u0131r)<br \/>\nUygulama aral\u0131\u011f\u0131: Topluluk, Fabrika, \u015eantiye, Okul, Tatil yeri vb. <\/p>\n<p>T\u00fcm g\u00fcvenlik eri\u015fim kontrol\u00fc \u00e7\u00f6z\u00fcm\u00fcn\u00fc sa\u011flayabiliriz. Kendi ge\u00e7i\u015f kontrol sisteminiz varsa, do\u011frudan turnike kap\u0131m\u0131z\u0131 kullanabilirsiniz. E\u011fer yoksa, eksiksiz bir g\u00fcvenlik eri\u015fim kontrol\u00fc \u00e7\u00f6z\u00fcm\u00fc de sa\u011fl\u0131yoruz. Ayr\u0131nt\u0131lar i\u00e7in l\u00fctfen a\u015fa\u011f\u0131daki videoya bak\u0131n.<\/p>\n<p><iframe title=\"YouTube video oynat\u0131c\u0131\" src=\"https:\/\/www.youtube.com\/embed\/pHbTZ6CR_E8?si=lDw7vp4FUibCYOOb\" width=\"1150\" height=\"650\" frameborder=\"0\" allowfullscreen=\"allowfullscreen\"><span data-mce-type=\"bookmark\" style=\"display: inline-block; width: 0px; overflow: hidden; line-height: 0;\" class=\"mce_SELRES_start\"><\/span><\/iframe><\/p>\n","protected":false},"excerpt":{"rendered":"<p>1. Boyut: 250*190*980 mm (\u00f6zelle\u015ftirilebilir)<\/p>\n<p>2. Max pass width: 1000 mm (can be customized)<\/p>\n<p>3. Ge\u00e7i\u015f h\u0131z\u0131: 40 ki\u015fi\/dakika<\/p>\n<p>4. G\u00fc\u00e7 kayna\u011f\u0131: 110V\/220V 50\/60Hz<\/p>\n<p>5. S\u00fcr\u00fc\u015f T\u00fcketimi: 20W<\/p>\n<p>6. Kap\u0131 A\u00e7\u0131k Sinyalinde: Kuru Kontak \/ R\u00f6le<\/p>\n<p>7. F\u0131r\u00e7as\u0131z S\u00fcr\u00fc\u015f Motoru: 24V<\/p>\n<p>8. A\u011f\u0131rl\u0131k: 30 kg\/adet<\/p>\n<p>9. Serbest \u00e7\u0131k\u0131\u015f i\u00e7in yayg\u0131n olarak kullan\u0131l\u0131r<\/p>\n<p><span style=\"color: #0000ff;\"><strong><a style=\"color: #0000ff;\" title=\"Mairs CE Belgeli Sal\u0131ncak Turnike Kap\u0131s\u0131\" href=\"http:\/\/mairsturnstile.com\/wp-content\/uploads\/2022\/09\/Mairs-CE-Certificate-Swing-Turnstile-Gate.pdf\" target=\"_blank\" rel=\"noopener noreferrer\">CE Belgeli,<\/a> <a style=\"color: #0000ff;\" title=\"Mairs ISO9001 Sertifikas\u0131\" href=\"http:\/\/mairsturnstile.com\/wp-content\/uploads\/2022\/09\/Mairs-Registration-Certificate-ISO9001.pdf\" target=\"_blank\" rel=\"noopener noreferrer\">ISO9001 Sertifikal\u0131.<\/a><\/strong><\/span><\/p>\n<p><a title=\"S\u00fcpermarket Turnike Bro\u015f\u00fcr\u00fc\" href=\"http:\/\/mairsturnstile.com\/wp-content\/uploads\/2023\/12\/MT313-brochure.pdf\" target=\"_blank\" rel=\"noopener noreferrer\" data-wp-editing=\"1\"><img decoding=\"async\" class=\"alignnone size-full wp-image-11034\" src=\"http:\/\/mairsturnstile.com\/wp-content\/uploads\/2022\/09\/pdf-MairsTurnstile.png\" alt=\"\" width=\"32\" height=\"32\"><strong><span style=\"color: #0000ff;\">MT313 S\u00fcpermarket Turnike Bro\u015f\u00fcr\u00fc<\/span><\/strong><\/a><\/p>\n","protected":false},"featured_media":58010,"comment_status":"closed","ping_status":"closed","template":"","meta":{"neve_meta_sidebar":"","neve_meta_container":"","neve_meta_enable_content_width":"off","neve_meta_content_width":0,"neve_meta_title_alignment":"","neve_meta_author_avatar":"","neve_post_elements_order":"","neve_meta_disable_header":"","neve_meta_disable_footer":"","neve_meta_disable_title":"","_ti_tpc_template_sync":false,"_ti_tpc_template_id":""},"product_cat":[1916,1917],"product_tag":[1939,1926,1922,2245,2244,1932,1941],"class_list":["post-33305","product","type-product","status-publish","has-post-thumbnail","hentry","product_cat-guvenlik-turnikeleri","product_cat-salincak-turnike-kapisi","product_tag-bir-turnike-maliyeti-ne-kadar","product_tag-cikis-turnikesi","product_tag-salincak-turnikesi","product_tag-supermarket-giris-turnikesi","product_tag-supermarket-turnikesi","product_tag-turnike-kapisi","product_tag-turnike-maliyeti"],"_links":{"self":[{"href":"https:\/\/mairsturnstile.com\/tr\/wp-json\/wp\/v2\/product\/33305","targetHints":{"allow":["GET"]}}],"collection":[{"href":"https:\/\/mairsturnstile.com\/tr\/wp-json\/wp\/v2\/product"}],"about":[{"href":"https:\/\/mairsturnstile.com\/tr\/wp-json\/wp\/v2\/types\/product"}],"replies":[{"embeddable":true,"href":"https:\/\/mairsturnstile.com\/tr\/wp-json\/wp\/v2\/comments?post=33305"}],"version-history":[{"count":0,"href":"https:\/\/mairsturnstile.com\/tr\/wp-json\/wp\/v2\/product\/33305\/revisions"}],"wp:featuredmedia":[{"embeddable":true,"href":"https:\/\/mairsturnstile.com\/tr\/wp-json\/wp\/v2\/media\/58010"}],"wp:attachment":[{"href":"https:\/\/mairsturnstile.com\/tr\/wp-json\/wp\/v2\/media?parent=33305"}],"wp:term":[{"taxonomy":"product_cat","embeddable":true,"href":"https:\/\/mairsturnstile.com\/tr\/wp-json\/wp\/v2\/product_cat?post=33305"},{"taxonomy":"product_tag","embeddable":true,"href":"https:\/\/mairsturnstile.com\/tr\/wp-json\/wp\/v2\/product_tag?post=33305"}],"curies":[{"name":"wp","href":"https:\/\/api.w.org\/{rel}","templated":true}]}}