{"id":33306,"date":"2021-11-25T18:23:24","date_gmt":"2021-11-25T10:23:24","guid":{"rendered":"https:\/\/mairsturnstile.com\/product\/bel-yuksek-turnikeler-tripod-turnikeler-mt125"},"modified":"2023-10-30T18:33:20","modified_gmt":"2023-10-30T10:33:20","slug":"bel-yuksekliginde-turnikeler","status":"publish","type":"product","link":"https:\/\/mairsturnstile.com\/tr\/urun\/bel-yuksekliginde-turnikeler","title":{"rendered":"Bel Y\u00fcksek Turnikeler Tripod Turnikeler MT125"},"content":{"rendered":"        <!-- 3D Model html -->\r\n        <div class=\"bp_grand wrapper_20728\">   \r\n        <div class=\"bp_model_parent\">\r\n            <model-viewer class=\"model\" id=\"bp_model_id_20728\" src=\"http:\/\/mairsturnstile.com\/wp-content\/uploads\/2023\/06\/MT125.glb\" alt=\"MT125\" camera-controls  loading=\"auto\" auto-rotate                        >\r\n            <\/model-viewer>\r\n        \r\n            <!-- Button -->\r\n            <svg id=\"openBtn\" width=\"30px\" height=\"30px\" viewBox=\"0 0 16 16\" xmlns=\"http:\/\/www.w3.org\/2000\/svg\" fill=\"#f2f2f2\" class=\"bi bi-arrows-fullscreen model-icon\">\r\n                <path fill-rule=\"evenodd\" d=\"M5.828 10.172a.5.5 0 0 0-.707 0l-4.096 4.096V11.5a.5.5 0 0 0-1 0v3.975a.5.5 0 0 0 .5.5H4.5a.5.5 0 0 0 0-1H1.732l4.096-4.096a.5.5 0 0 0 0-.707zm4.344 0a.5.5 0 0 1 .707 0l4.096 4.096V11.5a.5.5 0 1 1 1 0v3.975a.5.5 0 0 1-.5.5H11.5a.5.5 0 0 1 0-1h2.768l-4.096-4.096a.5.5 0 0 1 0-.707zm0-4.344a.5.5 0 0 0 .707 0l4.096-4.096V4.5a.5.5 0 1 0 1 0V.525a.5.5 0 0 0-.5-.5H11.5a.5.5 0 0 0 0 1h2.768l-4.096 4.096a.5.5 0 0 0 0 .707zm-4.344 0a.5.5 0 0 1-.707 0L1.025 1.732V4.5a.5.5 0 0 1-1 0V.525a.5.5 0 0 1 .5-.5H4.5a.5.5 0 0 1 0 1H1.732l4.096 4.096a.5.5 0 0 1 0 .707z\"\/>\r\n            <\/svg>\r\n        \r\n            <svg id=\"closeBtn\" class=\"model-icon\" width=\"34px\" height=\"34px\" viewBox=\"0 0 24 24\" xmlns=\"http:\/\/www.w3.org\/2000\/svg\">\r\n                <path fill=\"none\" stroke=\"#f2f2f2\" stroke-width=\"2\" d=\"M7,7 L17,17 M7,17 L17,7\"\/>\r\n            <\/svg>\r\n        \r\n        <\/div>\r\n        <\/div> \r\n\r\n        <!-- Model Viewer Style -->\r\n        <style>\r\n            \r\n            .wrapper_20728 .bp_model_parent, #bp_model_id_20728 {\r\n                width: 1150px;\r\n                max-width: 100%;\r\n                                            }\r\n            #bp_model_id_20728 {\r\n                height:700px;\r\n                background-color: #f2f2f2;\r\n            }\r\n            .fullscreen #bp_model_id_20728{\r\n            height: 100%;\r\n            width: 100%;\r\n            }\r\n            .wrapper_20728 .bp_model_parent{\r\n                justify-content: start            }\r\n            model-viewer.model {\r\n                --poster-color: transparent;\r\n            }\r\n        <\/style>\r\n        \r\n        \n<h3>Bel y\u00fcksek turnikeleri MT125 2 y\u0131l garantilidir ve uzun \u00f6m\u00fcrl\u00fc bak\u0131m ve onar\u0131m deste\u011fine sahiptir.<\/h3>\n<p>OEM ve ODM hizmetleri sa\u011flayabiliriz. \u0130htiya\u00e7lar\u0131n\u0131zdan herhangi birine g\u00f6re derin \u00f6zelle\u015ftirmeyi tamamlayabilen deneyimli tasar\u0131mc\u0131lar\u0131m\u0131z var. 3D render, boyutlu \u00e7izimler gibi bir dizi malzemeyi en k\u0131sa s\u00fcrede sa\u011flayaca\u011f\u0131z. IC\/ID kart okuyucular\u0131, parmak izi taray\u0131c\u0131lar\u0131, QR kodu taray\u0131c\u0131lar\u0131, y\u00fcz tan\u0131ma kameralar\u0131 vb. gibi biyometrik cihazlar da sa\u011fl\u0131yoruz. Bu cihazlar\u0131 tam boy turnike kap\u0131s\u0131na entegre etmeniz gerekiyorsa veya herhangi bir sorunuz varsa, l\u00fctfen <a href=\"https:\/\/mairsturnstile.com\/contact\">bizimle ileti\u015fime ge\u00e7in.<\/a><\/p>\n<p><strong>Bel y\u00fcksekli\u011findeki turnikeler, y\u00fcksekli\u011fi normal insanlar\u0131n bel y\u00fcksekli\u011fine ula\u015fan bir t\u00fcr yaya <a href=\"https:\/\/mairsturnstile.com\/product\/tripod-security-gate\">tripod turnike kap\u0131s\u0131d\u0131r<\/a>. Tripod turnike kap\u0131s\u0131na e\u015fde\u011fer oldu\u011funu da anlayabilirsiniz. Bir tripod turnike kap\u0131s\u0131n\u0131n \u00e7e\u015fitli \u00f6zelliklerine sahiptir. Bel y\u00fcksek turnikeler, dayan\u0131kl\u0131 ve kolay deforme olmayan 304 veya 316 paslanmaz \u00e7elikten imal edilmi\u015ftir. Engelleme ve serbest b\u0131rakma d\u00f6nd\u00fcrme ile sa\u011flan\u0131r.<\/strong><\/p>\n<p>Bu bel y\u00fcksek turnike ihtiyac\u0131n\u0131z olan \u015fey de\u011filse, daha fazla bel y\u00fcksek turnike stili se\u00e7mek i\u00e7in tripod turnikeler sayfam\u0131za t\u0131klayabilirsiniz. Elbette ihtiya\u00e7lar\u0131n\u0131z\u0131 kar\u015f\u0131layabilecek daha fazla ve daha g\u00fczel g\u00f6r\u00fcn\u00fcml\u00fc bel y\u00fcksek turnikelerimiz var. Ayr\u0131ca ger\u00e7ek ihtiya\u00e7lar\u0131n\u0131za g\u00f6re \u00f6zel boyut ve g\u00f6r\u00fcn\u00fcmdeki \u00fcr\u00fcnleri de \u00f6zelle\u015ftirebiliriz.<\/p>\n<p>Bel y\u00fcksek turnikeler sitenizin kanal geni\u015fli\u011fine ve fiili durumuna g\u00f6re de \u00f6zelle\u015ftirilebilir. Site kanal\u0131n\u0131z\u0131n b\u00f6yle \u00f6zel bir bel y\u00fcksek turnikesine ihtiyac\u0131 varsa veya bel y\u00fcksek turnikesinin nas\u0131l se\u00e7ilece\u011fini bilmiyorsan\u0131z, l\u00fctfen bizimle ileti\u015fime ge\u00e7mekten \u00e7ekinmeyin, size y\u00fcksek kaliteli bel y\u00fcksek turnikesini sa\u011flayaca\u011f\u0131z. Y\u00fcksek turnike ve maliyetlerinizden tasarruf etmek i\u00e7in en uygun g\u00fcvenlik turnike \u00e7\u00f6z\u00fcm\u00fc.<\/p>\n<p>Bel y\u00fcksek turnikeleri, ak\u0131ll\u0131 bir eri\u015fim kontrol sistemi olu\u015fturmak i\u00e7in ak\u0131ll\u0131 kartlar, parmak izleri, barkodlar ve di\u011fer tan\u0131mlama sistemi ekipmanlar\u0131yla birle\u015ftirilebilir; Eri\u015fim kontrol\u00fc, kat\u0131l\u0131m, t\u00fcketim, bilet sat\u0131\u015f\u0131, mevcut k\u0131s\u0131tlama ve benzeri i\u015flevleri ger\u00e7ekle\u015ftirebilen ak\u0131ll\u0131 bir eri\u015fim kontrol y\u00f6netim sistemi olu\u015fturmak i\u00e7in bir bilgisayar, eri\u015fim kontrol\u00fc, kat\u0131l\u0131m, \u00fccret y\u00f6netimi, bilet sistemi ve di\u011fer yaz\u0131l\u0131mlarla birle\u015ftirilir. A\u00e7\u0131k.<\/p>\n<p>Elbette, bel y\u00fcksekli\u011findeki turnikeler, esas olarak yaya turnike kap\u0131s\u0131n\u0131n y\u00fcksekli\u011fini ifade eden <a href=\"https:\/\/mairsturnstile.com\/full-height-turnstiles.html\">tam boy turn<\/a>ikeye kar\u015f\u0131l\u0131k gelir. Genel olarak, bel y\u00fcksekli\u011finde bir turnike genellikle topluluk m\u00fclkiyeti y\u00f6netimi i\u00e7in kullan\u0131l\u0131r ve tam y\u00fckseklikte bir turnike kap\u0131s\u0131 genellikle \u015fantiyeler, hapishaneler, i\u015fletmeler, kurumlar, tren istasyonlar\u0131, otob\u00fcs istasyonlar\u0131, havaalanlar\u0131 ve y\u00fcksek g\u00fcvenlik gereksinimleri olan di\u011fer yerler i\u00e7in kullan\u0131l\u0131r. durumlar.<\/p>\n<p>Bel y\u00fcksekli\u011findeki turnikelerin \u015fekli, g\u00fczel ve c\u00f6mert, paslanmaz ve dayan\u0131kl\u0131 olan ve d\u0131\u015f kuvvet hasar\u0131na kar\u015f\u0131 koyabilen 304 <a class=\"rank-math-link\" href=\"https:\/\/en.wikipedia.org\/wiki\/Stainless_steel\" target=\"_blank\" rel=\"noopener noreferrer\">paslanmaz \u00e7elik<\/a> plakadan yap\u0131lm\u0131\u015ft\u0131r.<\/p>\n<p>Ger\u00e7ek senaryonuza g\u00f6re birka\u00e7 dakika i\u00e7inde sizin i\u00e7in bir render da olu\u015fturabiliriz. Ayr\u0131ca ayr\u0131nt\u0131l\u0131 yerle\u015fim ve \u00e7izimlerin yan\u0131 s\u0131ra kurulum \u00e7izimleri de sa\u011fl\u0131yoruz.<\/p>\n\n        \t\n\t<style type=\"text\/css\">\n\t\t.slider-info-20741.bafg-slider-info .bafg-slider-title {\n\t\t\t\t\t\tfont-size: 22px;\n\t\t\t\t\t\t\n\t\t\t\n\t\t\t\t\t}\n\n\t\t.slider-info-20741.bafg-slider-info .bafg-slider-description {\n\t\t\t\n\t\t\t\n\t\t\t\t\t}\n\n\t\t.slider-info-20741.bafg-slider-info .bafg_slider_readmore_button {\n\t\t\t\n\t\t\t\n\t\t\t\n\t\t\t\n\t\t\t\n\t\t\ttext-align: center;\n\n\t\t\t\n\t\t\t\n\t\t\t\n\t\t\t\n\t\t\t\n\t\t\t\n\t\t\t\t\t}\n\n\t\t.slider-info-20741.bafg-slider-info .bafg_slider_readmore_button:hover {\n\n\t\t\t\n\t\t\t\n\t\t\t\t\t}\n\n\t<\/style>\n\t\n        <div class=\"bafg-twentytwenty-container slider-20741 \" bafg-orientation=\"horizontal\" bafg-default-offset=\"0.5\" bafg-before-label=\"Before\" bafg-after-label=\"After\" bafg-overlay=\"yes\" bafg-move-slider-on-hover=\"yes\" bafg-click-to-move=\"no\">\n              \n            <img decoding=\"async\" class=\"skip-lazy\" src=\"http:\/\/mairsturnstile.com\/wp-content\/uploads\/2023\/06\/waist-high-turnstiles_4.jpg\" alt=\"\" data-skip-lazy title=\"\">\n            <img decoding=\"async\" class=\"skip-lazy\" src=\"http:\/\/mairsturnstile.com\/wp-content\/uploads\/2023\/06\/waist-high-turnstiles_5.jpg\" alt=\"\" data-skip-lazy title=\"\">\n           \n        <\/div>\n\n        \t<div class=\"bafg-slider-info-wraper\">\n\t\t<div style=\"\" class=\"slider-info-20741 bafg-slider-info\">\n\t\t\t\t\t<\/div>\n\t<\/div>\n\t\n        <style type=\"text\/css\">\n            \n        <\/style>\n        \n<p>Solenoid valf: DC24V \u00b1%5<br \/>\nKol Uzunlu\u011fu: 510 mm<br \/>\nD\u00f6nme y\u00f6n\u00fc: \u00c7ift y\u00f6nl\u00fc\/Tek y\u00f6nl\u00fc<br \/>\nAcil Durum: Elektrik kesildi\u011finde kol otomatik olarak d\u00fc\u015fer.<br \/>\n\u00c7al\u0131\u015fma gerilimi: DC 24V \u00b1%5<br \/>\nG\u00f6sterge \u0131\u015f\u0131\u011f\u0131n\u0131n voltaj\u0131: DC12V \u00b1%5(standart)<br \/>\nMekanizman\u0131n g\u00fcvenilirli\u011fi: 3 milyon, hatas\u0131z<br \/>\n\u00c7al\u0131\u015fma s\u0131cakl\u0131\u011f\u0131: -30\u2103\uff5e60\u2103<br \/>\nNem: %5\uff5e%90<br \/>\nSu ge\u00e7irmez: IP56<br \/>\n\u00d6zellik: IC\/ID okuyucu, Barkod Okuyucu, Y\u00fcz tan\u0131ma, Parmak izi, di\u011fer eri\u015fim kontrol ekipmanlar\u0131, UPS, vb.<br \/>\nA\u00e7mak i\u00e7in gereken s\u00fcre: 0,2 sn<br \/>\n\u00c7al\u0131\u015fma ortam\u0131: Kapal\u0131 veya a\u00e7\u0131k<br \/>\nUygulama aral\u0131\u011f\u0131: Topluluk, Fabrika, \u015eantiye, Okul, Tatil Yeri, vb.<\/p>\n<p><iframe title=\"Otomatik tripod turnikesi, tripod turnike kap\u0131s\u0131, tripod turnike \u00e7\u00f6z\u00fcm\u00fc - MaersTurnstile\" src=\"https:\/\/www.youtube.com\/embed\/6LIOkb5RGwk\" width=\"1150\" height=\"650\" frameborder=\"0\" allowfullscreen=\"allowfullscreen\"><\/iframe><\/p>\n","protected":false},"excerpt":{"rendered":"<p>1. Boyut: 1400*280*980 mm (\u00f6zelle\u015ftirilebilir)<\/p>\n<p>2. \u015eerit geni\u015fli\u011fi: 550 mm (\u00f6zelle\u015ftirilebilir)<\/p>\n<p>3. Ge\u00e7i\u015f h\u0131z\u0131: 35 ki\u015fi\/dk<\/p>\n<p>4. G\u00fc\u00e7 kayna\u011f\u0131: 110V\/220V 50\/60Hz<\/p>\n<p>5. A\u011f\u0131rl\u0131k: 45 kg<\/p>\n<p>6. Giri\u015f: Kuru Kontak R\u00f6lesi<\/p>\n<p>7. 24V solenoid<\/p>\n<p>8. G\u00f6vde Malzemesi: 304 paslanmaz \u00e7elik ve Akrilik \u00fcst kapak<\/p>\n<p>9. Operasyon yolu: yar\u0131 otomatik<\/p>\n<p><strong><a title=\"Mairs CE Belgeli Tripod Turnike\" href=\"http:\/\/mairsturnstile.com\/wp-content\/uploads\/2022\/09\/Mairs-CE-Certificate-Tripod-Turnstile.pdf\" target=\"_blank\" rel=\"noopener noreferrer\">CE Belgeli,<\/a> <a title=\"Mairs ISO9001 Sertifikas\u0131\" href=\"http:\/\/mairsturnstile.com\/wp-content\/uploads\/2022\/09\/Mairs-Registration-Certificate-ISO9001.pdf\" target=\"_blank\" rel=\"noopener noreferrer\">ISO9001 Sertifikal\u0131.<\/a><\/strong><\/p>\n","protected":false},"featured_media":29886,"comment_status":"closed","ping_status":"closed","template":"","meta":{"neve_meta_sidebar":"","neve_meta_container":"","neve_meta_enable_content_width":"off","neve_meta_content_width":0,"neve_meta_title_alignment":"","neve_meta_author_avatar":"","neve_post_elements_order":"","neve_meta_disable_header":"","neve_meta_disable_footer":"","neve_meta_disable_title":"","_ti_tpc_template_sync":false,"_ti_tpc_template_id":""},"product_cat":[1916,1942],"product_tag":[2246,2247,2248,1939,1943,1963,1941],"class_list":["post-33306","product","type-product","status-publish","has-post-thumbnail","hentry","product_cat-guvenlik-turnikeleri","product_cat-tripod-turnike","product_tag-bel-yuksek-turnike","product_tag-bel-yuksek-turnike-fiyati","product_tag-bel-yuksek-turnikeler","product_tag-bir-turnike-maliyeti-ne-kadar","product_tag-tripod-turnike-kapisi","product_tag-tripod-turnikesi","product_tag-turnike-maliyeti"],"_links":{"self":[{"href":"https:\/\/mairsturnstile.com\/tr\/wp-json\/wp\/v2\/product\/33306","targetHints":{"allow":["GET"]}}],"collection":[{"href":"https:\/\/mairsturnstile.com\/tr\/wp-json\/wp\/v2\/product"}],"about":[{"href":"https:\/\/mairsturnstile.com\/tr\/wp-json\/wp\/v2\/types\/product"}],"replies":[{"embeddable":true,"href":"https:\/\/mairsturnstile.com\/tr\/wp-json\/wp\/v2\/comments?post=33306"}],"version-history":[{"count":0,"href":"https:\/\/mairsturnstile.com\/tr\/wp-json\/wp\/v2\/product\/33306\/revisions"}],"wp:featuredmedia":[{"embeddable":true,"href":"https:\/\/mairsturnstile.com\/tr\/wp-json\/wp\/v2\/media\/29886"}],"wp:attachment":[{"href":"https:\/\/mairsturnstile.com\/tr\/wp-json\/wp\/v2\/media?parent=33306"}],"wp:term":[{"taxonomy":"product_cat","embeddable":true,"href":"https:\/\/mairsturnstile.com\/tr\/wp-json\/wp\/v2\/product_cat?post=33306"},{"taxonomy":"product_tag","embeddable":true,"href":"https:\/\/mairsturnstile.com\/tr\/wp-json\/wp\/v2\/product_tag?post=33306"}],"curies":[{"name":"wp","href":"https:\/\/api.w.org\/{rel}","templated":true}]}}