{"id":33307,"date":"2022-01-06T18:03:48","date_gmt":"2022-01-06T10:03:48","guid":{"rendered":"https:\/\/mairsturnstile.com\/product\/yuksek-guvenlikli-tam-vucut-turnike-kapisi-mt405"},"modified":"2026-05-06T15:22:12","modified_gmt":"2026-05-06T07:22:12","slug":"tam-vucut-turnikesi","status":"publish","type":"product","link":"https:\/\/mairsturnstile.com\/tr\/urun\/tam-vucut-turnikesi","title":{"rendered":"Y\u00fcksek G\u00fcvenlikli Tam V\u00fccut Turnike Kap\u0131s\u0131 MT405"},"content":{"rendered":"        <!-- 3D Model html -->\r\n        <div class=\"bp_grand wrapper_19988\">   \r\n        <div class=\"bp_model_parent\">\r\n            <model-viewer class=\"model\" id=\"bp_model_id_19988\" src=\"http:\/\/mairsturnstile.com\/wp-content\/uploads\/2023\/06\/MT405.glb\" alt=\"MT405\" camera-controls  loading=\"auto\" auto-rotate                        >\r\n            <\/model-viewer>\r\n        \r\n            <!-- Button -->\r\n            <svg id=\"openBtn\" width=\"30px\" height=\"30px\" viewBox=\"0 0 16 16\" xmlns=\"http:\/\/www.w3.org\/2000\/svg\" fill=\"#f2f2f2\" class=\"bi bi-arrows-fullscreen model-icon\">\r\n                <path fill-rule=\"evenodd\" d=\"M5.828 10.172a.5.5 0 0 0-.707 0l-4.096 4.096V11.5a.5.5 0 0 0-1 0v3.975a.5.5 0 0 0 .5.5H4.5a.5.5 0 0 0 0-1H1.732l4.096-4.096a.5.5 0 0 0 0-.707zm4.344 0a.5.5 0 0 1 .707 0l4.096 4.096V11.5a.5.5 0 1 1 1 0v3.975a.5.5 0 0 1-.5.5H11.5a.5.5 0 0 1 0-1h2.768l-4.096-4.096a.5.5 0 0 1 0-.707zm0-4.344a.5.5 0 0 0 .707 0l4.096-4.096V4.5a.5.5 0 1 0 1 0V.525a.5.5 0 0 0-.5-.5H11.5a.5.5 0 0 0 0 1h2.768l-4.096 4.096a.5.5 0 0 0 0 .707zm-4.344 0a.5.5 0 0 1-.707 0L1.025 1.732V4.5a.5.5 0 0 1-1 0V.525a.5.5 0 0 1 .5-.5H4.5a.5.5 0 0 1 0 1H1.732l4.096 4.096a.5.5 0 0 1 0 .707z\"\/>\r\n            <\/svg>\r\n        \r\n            <svg id=\"closeBtn\" class=\"model-icon\" width=\"34px\" height=\"34px\" viewBox=\"0 0 24 24\" xmlns=\"http:\/\/www.w3.org\/2000\/svg\">\r\n                <path fill=\"none\" stroke=\"#f2f2f2\" stroke-width=\"2\" d=\"M7,7 L17,17 M7,17 L17,7\"\/>\r\n            <\/svg>\r\n        \r\n        <\/div>\r\n        <\/div> \r\n\r\n        <!-- Model Viewer Style -->\r\n        <style>\r\n            \r\n            .wrapper_19988 .bp_model_parent, #bp_model_id_19988 {\r\n                width: 1150px;\r\n                max-width: 100%;\r\n                                            }\r\n            #bp_model_id_19988 {\r\n                height:700px;\r\n                background-color: #f2f2f2;\r\n            }\r\n            .fullscreen #bp_model_id_19988{\r\n            height: 100%;\r\n            width: 100%;\r\n            }\r\n            .wrapper_19988 .bp_model_parent{\r\n                justify-content: start            }\r\n            model-viewer.model {\r\n                --poster-color: transparent;\r\n            }\r\n        <\/style>\r\n        \r\n        \n<h3>Y\u00fcksek G\u00fcvenlikli Tam G\u00f6vde Turnike Yuvarlak tip y\u00fcksek g\u00fcvenlikli tam boy tam g\u00f6vde turnikesi 2 y\u0131l garantili olup uzun \u00f6m\u00fcrl\u00fc bak\u0131m ve onar\u0131m deste\u011fi ta\u015f\u0131r.<\/h3>\n<p>Full Height Security with Unique Architectural Design, Our full body turnstile features a patented curved body and anti-climb grille. 2.1m height, premium 304 stainless steel, and silent operation. Ideal for high-risk facilities. 15 Million Cycles, Zero Maintenance, Engineered for 24\/7 use. This full body turnstile combines a unique aerodynamic housing with tamper-proof locks. IP66 rated for outdoor. Full Body Turnstile with Anti-Tailgating, 100% Physical Barrier, Ensure one person per entry. Our full body turnstile features unique wave-shaped grilles, biometric-ready integration, and CE certification. Download catalog.        <\/p>\n<p>OEM ve ODM hizmetleri sa\u011flayabiliriz. \u0130htiya\u00e7lar\u0131n\u0131zdan herhangi birine g\u00f6re derin \u00f6zelle\u015ftirmeyi tamamlayabilen deneyimli tasar\u0131mc\u0131lar\u0131m\u0131z var. 3D render, boyutlu \u00e7izimler gibi bir dizi malzemeyi en k\u0131sa s\u00fcrede sa\u011flayaca\u011f\u0131z. IC\/ID kart okuyucular\u0131, parmak izi taray\u0131c\u0131lar\u0131, <a href=\"https:\/\/en.wikipedia.org\/wiki\/QR_code\" target=\"_blank\" rel=\"noopener\">QR kodu<\/a> taray\u0131c\u0131lar\u0131, y\u00fcz tan\u0131ma kameralar\u0131 vb. gibi biyometrik cihazlar da sa\u011fl\u0131yoruz. Bu cihazlar\u0131 tam boy tam g\u00f6vde turnike kap\u0131s\u0131na entegre etmeniz gerekiyorsa veya herhangi bir sorunuz varsa, l\u00fctfen <a href=\"https:\/\/mairsturnstile.com\/contact\" target=\"_blank\" rel=\"noopener\">bizimle ileti\u015fime<\/a> ge\u00e7in<\/p>\n<p>Ayr\u0131ca \u015f\u0131k g\u00f6r\u00fcn\u00fcml\u00fc ve sa\u011flam yap\u0131ya sahip yeni bir tam boy turnike serisi ba\u015flatt\u0131k. L\u00fctfen kontrol edin: <span style=\"color: #0000ff;\"><a style=\"color: #0000ff;\" href=\"https:\/\/mairsturnstile.com\/full-height-series-turnstile\" target=\"_blank\" rel=\"noopener\">tam boy turnike serisi<\/a><\/span> <\/p>\n<p><strong>Tam g\u00f6vdeli turnike kap\u0131s\u0131, en g\u00fc\u00e7l\u00fc g\u00fcvenlik performans\u0131na sahip olan tam boy ve y\u00fckseklikte engelleme \u00e7ubu\u011funa sahip bir t\u00fcr turnike bariyer kap\u0131s\u0131d\u0131r.<\/strong> Engelleme g\u00f6vdesinin y\u00fcksekli\u011fine g\u00f6re, ba\u015fka bir <a href=\"https:\/\/mairsturnstile.com\/product\/half-height-turnstile\" target=\"_blank\" rel=\"noopener\">yar\u0131m y\u00fckseklik turn<\/a>ikesi vard\u0131r.<\/p>\n<p>Bu tam g\u00f6vde turnikesi bir b\u00fct\u00fcn olarak g\u00fczel ve dayan\u0131kl\u0131d\u0131r. Tel \u00e7ekildikten sonra paslanmak kolay de\u011fildir. Generally, 20-35 people can pass through one minute at a time, and 60 people can pass through one minute in case of evacuation. \u0130leti\u015fim aray\u00fcz\u00fc RS485 \/ RS232&#8217;yi destekler; TCP \/ IP aray\u00fcz\u00fc (\u00f6zelle\u015ftirilebilir). Kurumsal kamp\u00fcsler i\u00e7in \u015f\u0131k ve modern tasar\u0131m. Tam boy turnikemizle fark yarat\u0131n \u2013 sadece bir bariyer de\u011fil, bir tasar\u0131m ifadesi. Patentli yuvarlak k\u00f6\u015feler, parmak izi b\u0131rakmayan kaplama, \u00f6zel RAL renkleri. <\/p>\n<p>\u0130\u00e7 mekan <a href=\"https:\/\/mairsturnstile.com\/category\/swing-turnstile-gate\" target=\"_blank\" rel=\"noopener\">d\u00f6ner turnike kap\u0131s\u0131<\/a>, <a href=\"https:\/\/mairsturnstile.com\/what-is-flap-barrier.html\" target=\"_blank\" rel=\"noopener\">kanatl\u0131 bariyer kap\u0131s\u0131<\/a> ve di\u011fer turnike ekipmanlar\u0131 ile kar\u015f\u0131la\u015ft\u0131r\u0131ld\u0131\u011f\u0131nda, d\u0131\u015f ortamda kullan\u0131lan bu tam g\u00f6vdeli turnike kap\u0131s\u0131, g\u00f6r\u00fcn\u00fcm ve i\u015flev a\u00e7\u0131s\u0131ndan b\u00fcy\u00fck avantajlara sahiptir. 2,1 metre y\u00fcksekli\u011finde ve kendine \u00f6zg\u00fc \u0131zgara deseniyle t\u0131rmanmay\u0131 etkili bir \u015fekilde engeller. Tam g\u00f6vdeli d\u00f6ner kap\u0131m\u0131z, kurcalamaya kar\u015f\u0131 dayan\u0131kl\u0131 vidalara ve benzersiz bir dalga desenine sahiptir. 304 veya 316 paslanmaz \u00e7elik se\u00e7enekleriyle mevcuttur.  <\/p>\n<p>Tam boy turnike, yetkisiz ki\u015filerin kart okutma veya y\u00fcz tan\u0131ma sistemiyle giri\u015fini engelleyebilir ve ayr\u0131ca yetkisiz ki\u015filerin delme ve t\u0131rmanma giri\u015fimlerini de \u00f6nleyebilir. A\u015f\u0131r\u0131 ko\u015fullar i\u00e7in IP66 hava ko\u015fullar\u0131na dayan\u0131kl\u0131d\u0131r.<br \/>\n-40\u00b0C ile +70\u00b0C aras\u0131nda \u00e7al\u0131\u015f\u0131r. Tam boy turnikemiz, denizcilik s\u0131n\u0131f\u0131 316 paslanmaz \u00e7elik ve benzersiz kendi kendini temizleyen bir rotor kullan\u0131r. Stadyumlar, hapishaneler ve veri merkezleri i\u00e7in m\u00fckemmeldir. Gizli Kablo Y\u00f6netimi Tasar\u0131m\u0131, Tam g\u00f6vdeli turnikemiz, y\u00fcz\/parmak izi okuyucular\u0131n\u0131 sorunsuz bir \u015fekilde entegre eder. Patentli dahili kablo kanallar\u0131, temiz ve estetik g\u00f6r\u00fcn\u00fcm\u00fc korur. Fabrika do\u011frudan fiyat\u0131.      <\/p>\n<p>Bu sayede, yerle\u015fim b\u00f6lgesinin g\u00fcvenlik y\u00f6netimini g\u00fc\u00e7lendirerek, topluluk ortam\u0131n\u0131n ve personelin g\u00fcvenli\u011fini sa\u011flayabilir. Yerden Tasarruf Sa\u011flayan Tam G\u00f6vdeli Turnike | Dar Alanlar \u0130\u00e7in Kompakt Mod\u00fcler Tasar\u0131m, Hacimli geleneksel \u00fcnitelerin aksine, tam boyutlu turnikemiz minimum ayak iziyle benzersiz, aerodinamik bir g\u00f6vde sunar. \u00dccretsiz yerinde de\u011ferlendirme. <\/p>\n<p>Ger\u00e7ek senaryonuza g\u00f6re birka\u00e7 dakika i\u00e7inde sizin i\u00e7in bir render da olu\u015fturabiliriz. Ayr\u0131ca ayr\u0131nt\u0131l\u0131 yerle\u015fim ve \u00e7izimlerin yan\u0131 s\u0131ra kurulum \u00e7izimleri de sa\u011fl\u0131yoruz.<\/p>\n\n        \t\n\t<style type=\"text\/css\">\n\t\t.slider-info-21845.bafg-slider-info .bafg-slider-title {\n\t\t\t\t\t\tfont-size: 22px;\n\t\t\t\t\t\t\n\t\t\t\n\t\t\t\t\t}\n\n\t\t.slider-info-21845.bafg-slider-info .bafg-slider-description {\n\t\t\t\n\t\t\t\n\t\t\t\t\t}\n\n\t\t.slider-info-21845.bafg-slider-info .bafg_slider_readmore_button {\n\t\t\t\n\t\t\t\n\t\t\t\n\t\t\t\n\t\t\t\n\t\t\ttext-align: center;\n\n\t\t\t\n\t\t\t\n\t\t\t\n\t\t\t\n\t\t\t\n\t\t\t\n\t\t\t\t\t}\n\n\t\t.slider-info-21845.bafg-slider-info .bafg_slider_readmore_button:hover {\n\n\t\t\t\n\t\t\t\n\t\t\t\t\t}\n\n\t<\/style>\n\t\n        <div class=\"bafg-twentytwenty-container slider-21845 \" bafg-orientation=\"horizontal\" bafg-default-offset=\"0.5\" bafg-before-label=\"Before\" bafg-after-label=\"After\" bafg-overlay=\"yes\" bafg-move-slider-on-hover=\"yes\" bafg-click-to-move=\"no\">\n              \n            <img decoding=\"async\" class=\"skip-lazy\" src=\"http:\/\/mairsturnstile.com\/wp-content\/uploads\/2023\/06\/full-height-turnstiles_7.jpg\" alt=\"\" data-skip-lazy title=\"\">\n            <img decoding=\"async\" class=\"skip-lazy\" src=\"http:\/\/mairsturnstile.com\/wp-content\/uploads\/2023\/06\/full-body-turnstile.jpg\" alt=\"\" data-skip-lazy title=\"\">\n           \n        <\/div>\n\n        \t<div class=\"bafg-slider-info-wraper\">\n\t\t<div style=\"\" class=\"slider-info-21845 bafg-slider-info\">\n\t\t\t\t\t<\/div>\n\t<\/div>\n\t\n        <style type=\"text\/css\">\n            \n        <\/style>\n        \n<p>Mekanizman\u0131n g\u00fcvenilirli\u011fi: 5 milyon, ar\u0131zas\u0131z<br \/>\n\u015eok emici hidrolik amortis\u00f6rl\u00fc mekanizma<br \/>\nTahrik: Yar\u0131 otomatik<br \/>\nKol uzunlu\u011fu: 600 mm<br \/>\nD\u00f6nme y\u00f6n\u00fc: \u00c7ift y\u00f6nl\u00fc<br \/>\nAcil durum: Acil bir durumda veya g\u00fc\u00e7 kayna\u011f\u0131n\u0131n kesilmesi durumunda, d\u00f6ner kap\u0131 ar\u0131za emniyetli (fail-safe) yani serbest\u00e7e d\u00f6ner veya ar\u0131za kilitlemeli (fail-Lock) olarak yap\u0131land\u0131r\u0131labilir.<br \/>\nNem: \u2264%95<\/p>\n<p>Working temperature:-25\u2103\uff5e60\u2103<br \/>\nOptional Feature: IC\/ID reader, Barcode Reader, Face recognition, Fingerprint, other access control equipment, UPS, etc<br \/>\nCommunication distance: \u22641200 m<br \/>\nCommunication interface: RS485<br \/>\nThe time needed for opening: 0.2 s<br \/>\nWorking environment: Indoors or outdoors<br \/>\nAnti tailgating: the turnstile will stay in the lock when open around 60degree(3arms) or 45degree(4 arms) so the gate cannot run in the reverse direction to prevent tail-gating<br \/>\nApplication range: Community, Factory, Construction site, School, Place of the resort, etc<\/p>\n<p>T\u00fcm g\u00fcvenlik eri\u015fim kontrol\u00fc \u00e7\u00f6z\u00fcm\u00fcn\u00fc sa\u011flayabiliriz. Kendi ge\u00e7i\u015f kontrol sisteminiz varsa, do\u011frudan turnike kap\u0131m\u0131z\u0131 kullanabilirsiniz. E\u011fer elinizde yoksa, eksiksiz bir g\u00fcvenlik eri\u015fim kontrol\u00fc \u00e7\u00f6z\u00fcm\u00fc de sunuyoruz. Ayr\u0131nt\u0131lar i\u00e7in l\u00fctfen a\u015fa\u011f\u0131daki videoya bak\u0131n.<\/p>\n<p><iframe title=\"YouTube video oynat\u0131c\u0131\" src=\"https:\/\/www.youtube.com\/embed\/v7QQMtt97e0?si=BNRilLDK3xC6Q5x-\" width=\"1150\" height=\"650\" frameborder=\"0\" allowfullscreen=\"allowfullscreen\"><span data-mce-type=\"bookmark\" style=\"display: inline-block; width: 0px; overflow: hidden; line-height: 0;\" class=\"mce_SELRES_start\"><\/span><\/iframe><\/p>\n","protected":false},"excerpt":{"rendered":"<p>1. Boyut: 1500*1500*2200 mm (\u00f6zelle\u015ftirilebilir)<\/p>\n<p>2. \u015eerit Geni\u015fli\u011fi: Yakla\u015f\u0131k 650mm (\u00f6zelle\u015ftirilebilir)<\/p>\n<p>3. Ge\u00e7i\u015f h\u0131z\u0131: 30 ki\u015fi\/dk<\/p>\n<p>4. G\u00fc\u00e7 kayna\u011f\u0131: 110V\/220V 50\/60Hz<\/p>\n<p>5. Solenoid: DC24V<\/p>\n<p>6. Kap\u0131 A\u00e7\u0131k Sinyali: Kuru Kontak\/ R\u00f6le<\/p>\n<p>7. Mant\u0131k Gerilimi: DC24V<\/p>\n<p>8. G\u00f6vde Malzemesi: 304 paslanmaz \u00e7elik veya 316 paslanmaz \u00e7elik<\/p>\n<p>9. D\u00f6n\u00fc\u015f y\u00f6n\u00fc: \u00c7ift y\u00f6nl\u00fc<\/p>\n<p><span style=\"color: #000000;\"><strong><a style=\"color: #000000;\" title=\"Mairs CE Belgeli Tam Boy Turnike\" href=\"http:\/\/mairsturnstile.com\/wp-content\/uploads\/2022\/09\/Mairs-CE-Certificate-Full-Height-Turnstile.pdf\" target=\"_blank\" rel=\"noopener noreferrer\">CE Belgeli,<\/a> <a style=\"color: #000000;\" title=\"Mairs ISO9001 Sertifikas\u0131\" href=\"http:\/\/mairsturnstile.com\/wp-content\/uploads\/2022\/09\/Mairs-Registration-Certificate-ISO9001.pdf\" target=\"_blank\" rel=\"noopener noreferrer\">ISO9001 Sertifikal\u0131.<\/a><\/strong><\/span><\/p>\n<p><a title=\"Tam G\u00f6vde Turnike Bro\u015f\u00fcr\u00fc\" href=\"http:\/\/mairsturnstile.com\/wp-content\/uploads\/2023\/12\/MT405-brochure.pdf\" target=\"_blank\" rel=\"noopener noreferrer\"><span style=\"color: #fcaf3b;\"><strong>Download MT405 Full Body Turnstile Brochure<\/strong><\/span><\/a><\/p>\n<p><a title=\"Tam Boy Turnike Kurulum K\u0131lavuzu\" href=\"http:\/\/mairsturnstile.com\/wp-content\/uploads\/2023\/09\/Full-height-turnstile-installation-manual.pdf\" target=\"_blank\" rel=\"noopener noreferrer\"><strong><span style=\"color: #fcaf3b;\">Download Full Height Turnstile User &#038; Installation Manual<\/span><\/strong><\/a><\/p>\n","protected":false},"featured_media":28020,"comment_status":"closed","ping_status":"closed","template":"","meta":{"neve_meta_sidebar":"","neve_meta_container":"","neve_meta_enable_content_width":"off","neve_meta_content_width":0,"neve_meta_title_alignment":"","neve_meta_author_avatar":"","neve_post_elements_order":"","neve_meta_disable_header":"","neve_meta_disable_footer":"","neve_meta_disable_title":"","_ti_tpc_template_sync":false,"_ti_tpc_template_id":""},"product_cat":[1973],"product_tag":[2249,2240,1975,2250,2251,1944],"class_list":["post-33307","product","type-product","status-publish","has-post-thumbnail","hentry","product_cat-tam-boy-turnikeler","product_tag-cinde-tam-boy-turnike-kapisi","product_tag-full-height-turnstile-with-card-reader-tr","product_tag-tam-boy-turnikeler","product_tag-tam-vucut-turnikesi","product_tag-turnike-guvenlik-cozumu","product_tag-turnike-veya-turnike"],"_links":{"self":[{"href":"https:\/\/mairsturnstile.com\/tr\/wp-json\/wp\/v2\/product\/33307","targetHints":{"allow":["GET"]}}],"collection":[{"href":"https:\/\/mairsturnstile.com\/tr\/wp-json\/wp\/v2\/product"}],"about":[{"href":"https:\/\/mairsturnstile.com\/tr\/wp-json\/wp\/v2\/types\/product"}],"replies":[{"embeddable":true,"href":"https:\/\/mairsturnstile.com\/tr\/wp-json\/wp\/v2\/comments?post=33307"}],"version-history":[{"count":1,"href":"https:\/\/mairsturnstile.com\/tr\/wp-json\/wp\/v2\/product\/33307\/revisions"}],"predecessor-version":[{"id":72619,"href":"https:\/\/mairsturnstile.com\/tr\/wp-json\/wp\/v2\/product\/33307\/revisions\/72619"}],"wp:featuredmedia":[{"embeddable":true,"href":"https:\/\/mairsturnstile.com\/tr\/wp-json\/wp\/v2\/media\/28020"}],"wp:attachment":[{"href":"https:\/\/mairsturnstile.com\/tr\/wp-json\/wp\/v2\/media?parent=33307"}],"wp:term":[{"taxonomy":"product_cat","embeddable":true,"href":"https:\/\/mairsturnstile.com\/tr\/wp-json\/wp\/v2\/product_cat?post=33307"},{"taxonomy":"product_tag","embeddable":true,"href":"https:\/\/mairsturnstile.com\/tr\/wp-json\/wp\/v2\/product_tag?post=33307"}],"curies":[{"name":"wp","href":"https:\/\/api.w.org\/{rel}","templated":true}]}}