{"id":33308,"date":"2022-02-17T18:25:21","date_gmt":"2022-02-17T10:25:21","guid":{"rendered":"https:\/\/mairsturnstile.com\/product\/guvenlik-turnikeleri-aluminyum-alasimli-hiz-kapilari-mt-l363"},"modified":"2022-02-17T18:25:21","modified_gmt":"2022-02-17T10:25:21","slug":"guvenlik-turnikeleri","status":"publish","type":"product","link":"https:\/\/mairsturnstile.com\/tr\/urun\/guvenlik-turnikeleri","title":{"rendered":"G\u00fcvenlik Turnikeleri Al\u00fcminyum Ala\u015f\u0131ml\u0131 H\u0131z Kap\u0131lar\u0131 MT-L363"},"content":{"rendered":"<p><iframe title=\"YouTube video oynat\u0131c\u0131\" src=\"https:\/\/www.youtube.com\/embed\/9pBxTPosnpw\" width=\"920\" height=\"517\" frameborder=\"0\" allowfullscreen=\"allowfullscreen\"><span data-mce-type=\"bookmark\" style=\"display: inline-block; width: 0px; overflow: hidden; line-height: 0;\" class=\"mce_SELRES_start\"><\/span><\/iframe><\/p>\n<h4><strong>G\u00fcvenlik Turnikeleri Al\u00fcminyum Ala\u015f\u0131ml\u0131 H\u0131z Kap\u0131lar\u0131 2 y\u0131l garantilidir ve dayan\u0131kl\u0131 bak\u0131m ve onar\u0131m deste\u011fine sahiptir. <\/strong><\/h4>\n<p>OEM ve ODM hizmetleri sa\u011flayabiliriz. IC\/ID kart okuyucular\u0131, parmak izi taray\u0131c\u0131lar\u0131, QR kodu taray\u0131c\u0131lar\u0131, y\u00fcz tan\u0131ma kameralar\u0131 vb. gibi biyometrik cihazlar da sa\u011fl\u0131yoruz. Bu cihazlar\u0131 lobi g\u00fcvenlik turnike kap\u0131s\u0131na entegre etmeniz gerekiyorsa veya herhangi bir sorunuz varsa, l\u00fctfen <a href=\"https:\/\/mairsturnstile.com\/contact\">bizimle ileti\u015fime<\/a> ge\u00e7in<\/p>\n<p><strong>G\u00fcvenlik turnikeleri, personel giri\u015f \u00e7\u0131k\u0131\u015f\u0131n\u0131n kontrol edilmesi gereken yerlerde yayg\u0131n olarak kullan\u0131lan bir t\u00fcr yaya g\u00fcvenli\u011fi <a href=\"https:\/\/en.wikipedia.org\/wiki\/Access_control\" target=\"_blank\" rel=\"noopener\">ge\u00e7i\u015f kontrol<\/a> ekipman\u0131d\u0131r. G\u00fcvenlik turnike ekipman\u0131, yaya ge\u00e7i\u015finin ve \u00e7evrenin g\u00fcvenlik performans\u0131n\u0131 b\u00fcy\u00fck \u00f6l\u00e7\u00fcde art\u0131r\u0131r ve yayalar\u0131n g\u00fcvenlik duygusunu art\u0131r\u0131r.<\/strong><\/p>\n<p>G\u00fcvenlik turnikelerinin temel i\u015flevi, yayalar\u0131n ve \u00e7evrenin g\u00fcvenli\u011fini sa\u011flayacak \u015fekilde yayalar\u0131n ge\u00e7i\u015ften d\u00fczenli bir \u015fekilde ge\u00e7mesini sa\u011flamakt\u0131r.<\/p>\n<p>G\u00fcvenlik turnikeleri genellikle <a href=\"https:\/\/mairsturnstile.com\/category\/tripod-turnstile\">tripod turnike<\/a>, <a href=\"https:\/\/mairsturnstile.com\/swing-turnstile-gate.html\">sal\u0131ncak turnike<\/a>, <a href=\"https:\/\/mairsturnstile.com\/what-is-flap-barrier.html\">flap bariyer turnike<\/a>, <a href=\"https:\/\/mairsturnstile.com\/full-height-turnstiles.html\">tam boy turnike<\/a>, <a href=\"https:\/\/mairsturnstile.com\/product\/sliding-turnstile\">kayar turnike<\/a>, <a href=\"https:\/\/mairsturnstile.com\/speed-gates.html\">h\u0131z kap\u0131lar\u0131 olarak ayr\u0131l\u0131r<\/a>, daha fazla ayr\u0131nt\u0131 kontrol etmek istiyorsan\u0131z, l\u00fctfen makalemizi kontrol edin: <a href=\"https:\/\/mairsturnstile.com\/types-of-turnstiles.html\">turnike t\u00fcrleri.<\/a><\/p>\n<p>G\u00fcvenlik Turnikeleri H\u0131zl\u0131 Kap\u0131lar MT-L363 ayn\u0131 zamanda bir t\u00fcr H\u0131zl\u0131 kap\u0131d\u0131r. H\u0131z kap\u0131lar\u0131, daha h\u0131zl\u0131 trafik h\u0131z\u0131na, \u00e7al\u0131\u015fma h\u0131z\u0131na, daha do\u011fru konumland\u0131rma fonksiyonuna ve d\u00f6ner turnike kap\u0131s\u0131na g\u00f6re daha kararl\u0131 \u00e7al\u0131\u015fmaya sahip bir t\u00fcr yaya eri\u015fim kontrol\u00fc turnike kap\u0131s\u0131d\u0131r. Sal\u0131ncak turnike kap\u0131s\u0131n\u0131n geli\u015ftirilmi\u015f bir \u00fcr\u00fcn\u00fc olarak d\u00fc\u015f\u00fcn\u00fclebilir. H\u0131z kap\u0131lar\u0131 daha iyi bir f\u0131r\u00e7as\u0131z DC veya servo motor entegre mekanizmas\u0131n\u0131 benimser; insan v\u00fccudunun ge\u00e7i\u015fini tam olarak alg\u0131layabilen son derece ak\u0131ll\u0131 bir yaya eri\u015fim kontrol y\u00f6netim ekipman\u0131d\u0131r, bu nedenle g\u00fcvenli, g\u00fcvenilir, h\u0131zl\u0131 ve verimlidir.<\/p>\n<p>H\u0131zl\u0131 kap\u0131 g\u00fcvenlik turnikesi y\u00fcksek maliyetli bir performansa sahiptir. \u00dcst d\u00fczey ticari durumlarda, binalar\u0131n lobilerinde, tren istasyonlar\u0131nda, metro istasyonlar\u0131nda, do\u011fal noktalarda vb. yayg\u0131n olarak kullan\u0131l\u0131r.<\/p>\n<p>H\u0131zl\u0131 kap\u0131 g\u00fcvenlik turnikesi, h\u0131zl\u0131 yan\u0131t h\u0131z\u0131, s\u00fcper sessiz, moda g\u00f6r\u00fcn\u00fcm\u00fc, \u00e7arp\u0131\u015fma \u00f6nleme, otomatik s\u0131f\u0131rlama, haf\u0131za fonksiyonu, uzaktan kumanda, sesli komut fonksiyonu vb. \u00f6zelliklere sahiptir.<\/p>\n<p>Bu h\u0131zl\u0131 kap\u0131 turnikesi, IC kartlar\u0131, kimlik kartlar\u0131, barkod kartlar\u0131, parmak izi kart okuyucular\u0131, y\u00fcz tan\u0131ma kameralar\u0131 ve di\u011fer biyometrik cihazlarla uyumlu olabilir ve personel i\u00e7in uygar ve d\u00fczenli eri\u015fim sa\u011flar; \u00c7al\u0131\u015fanlar\u0131n eri\u015fim haklar\u0131n\u0131 etkin bir \u015fekilde y\u00f6netmek. Ak\u0131ll\u0131 eri\u015fim kontrol\u00fc y\u00f6netimine ihtiya\u00e7 duyan binalar\u0131n, istasyonlar\u0131n, iskelelerin, metrolar\u0131n, fabrikalar\u0131n, ofis binalar\u0131n\u0131n, otellerin, kul\u00fcplerin, ak\u0131ll\u0131 topluluklar\u0131n, i\u015fletmelerin ve di\u011fer yerlerin lobilerinde yayg\u0131n olarak kullan\u0131labilir.<\/p>\n<h4><strong>Teknik parametre:<\/strong><\/h4>\n<p>Boyut ve malzeme kal\u0131nl\u0131\u011f\u0131 \u00f6zelle\u015ftirilebilir<\/p>\n<p>Muhafaza Malzemesi: So\u011fuk haddelenmi\u015f sac ve al\u00fcminyum ala\u015f\u0131m\u0131;<\/p>\n<p>Al\u00fcminyum ala\u015f\u0131m\u0131 \u00e7e\u015fitli renklere oksitlenebilir<\/p>\n<p>Mekanizman\u0131n g\u00fcvenilirli\u011fi: 3 milyon-5 milyon, hatas\u0131z<\/p>\n<p>\u00c7al\u0131\u015fma Y\u00f6n\u00fc: \u00c7ift y\u00f6nl\u00fc\/Tek y\u00f6nl\u00fc<\/p>\n<p>Acil durum: kondansat\u00f6r ile elektrik kesildi\u011finde otomatik olarak a\u00e7\u0131l\u0131r<\/p>\n<p>Nem: \u2264%90 Yo\u011fu\u015fma Yok<\/p>\n<p>\u00c7al\u0131\u015fma s\u0131cakl\u0131\u011f\u0131: -25\u00b0C~70\u00b0C<\/p>\n<p>\u0130leti\u015fim mesafesi: \u22641200 m<\/p>\n<p>\u0130leti\u015fim arabirimi: RS485<\/p>\n<p>\u00d6zellik: IC\/ID okuyucu, Barkod Okuyucu, Y\u00fcz tan\u0131ma, Parmak izi, di\u011fer eri\u015fim kontrol ekipmanlar\u0131, UPS, vb.<\/p>\n<p>A\u00e7mak i\u00e7in gereken s\u00fcre: 0,2 sn<\/p>\n<p>\u00c7al\u0131\u015fma ortam\u0131: \u0130\u00e7 mekan<\/p>\n<p>Uygulama aral\u0131\u011f\u0131: Topluluk, Ofis Binas\u0131, Okul, Tatil yerinin yeri vb.<\/p>\n<p><img fetchpriority=\"high\" decoding=\"async\" class=\"alignnone size-full wp-image-5655\" src=\"http:\/\/mairsturnstile.com\/wp-content\/uploads\/2022\/05\/speed-gates-turnstile-dimension-L363.jpg\" alt=\"\" width=\"1024\" height=\"913\" title=\"\"><img decoding=\"async\" class=\"alignnone size-full wp-image-5716\" src=\"http:\/\/mairsturnstile.com\/wp-content\/uploads\/2022\/05\/speed-gates-cases.jpg\" alt=\"\" width=\"1024\" height=\"1100\" title=\"\"><img decoding=\"async\" class=\"alignnone size-full wp-image-5625\" src=\"http:\/\/mairsturnstile.com\/wp-content\/uploads\/2022\/05\/turnstile-gate-access-control-system.png\" alt=\"turnike kap\u0131s\u0131 eri\u015fim kontrol sistemi\" width=\"1024\" height=\"900\" title=\"\"><img loading=\"lazy\" decoding=\"async\" class=\"alignnone size-full wp-image-5617\" src=\"http:\/\/mairsturnstile.com\/wp-content\/uploads\/2022\/05\/packing-of-turnstile-gate.jpg\" alt=\"turnike kap\u0131s\u0131 paketi\" width=\"1024\" height=\"900\" title=\"\"><\/p>\n","protected":false},"excerpt":{"rendered":"<p>1. Boyut: 1500*120*1000 mm (\u00f6zelle\u015ftirilebilir)<\/p>\n<p>2. \u015eerit Geni\u015fli\u011fi: 600 mm (Standart) 1000 mm (Maks.)<\/p>\n<p>3. Kol malzemesi: 10 mm Akrilik<\/p>\n<p>4. Ge\u00e7i\u015f h\u0131z\u0131: 40 ki\u015fi\/dk<\/p>\n<p>5. G\u00fc\u00e7 kayna\u011f\u0131: 110V\/220V 50\/60hz<\/p>\n<p>6. Mekanizma: F\u0131r\u00e7as\u0131z motor<\/p>\n<p>7. Kap\u0131 A\u00e7\u0131k Sinyali: 12V Kuru Kontak<\/p>\n<p>8. S\u00fcr\u00fc\u015f Motoru: 24V<\/p>\n<p>9. A\u011f\u0131rl\u0131k: 90 kg\/adet<\/p>\n<p><span style=\"color: #0000ff;\"><strong><a style=\"color: #0000ff;\" title=\"Mairs CE Belgeli H\u0131zl\u0131 Ge\u00e7i\u015f Turnikesi\" href=\"http:\/\/mairsturnstile.com\/wp-content\/uploads\/2022\/09\/Mairs-CE-Certificate-Speed-Gate-Turnstile.pdf\" target=\"_blank\" rel=\"noopener noreferrer\">CE Belgeli,<\/a> <a style=\"color: #0000ff;\" title=\"Mairs ISO9001 Sertifikas\u0131\" href=\"http:\/\/mairsturnstile.com\/wp-content\/uploads\/2022\/09\/Mairs-Registration-Certificate-ISO9001.pdf\" target=\"_blank\" rel=\"noopener noreferrer\">ISO9001 Sertifikal\u0131.<\/a><\/strong><\/span><\/p>\n","protected":false},"featured_media":59468,"comment_status":"closed","ping_status":"closed","template":"","meta":{"neve_meta_sidebar":"","neve_meta_container":"","neve_meta_enable_content_width":"off","neve_meta_content_width":0,"neve_meta_title_alignment":"","neve_meta_author_avatar":"","neve_post_elements_order":"","neve_meta_disable_header":"","neve_meta_disable_footer":"","neve_meta_disable_title":"","_ti_tpc_template_sync":false,"_ti_tpc_template_id":""},"product_cat":[1916,1931],"product_tag":[2229,1933,1919,1918,1959],"class_list":["post-33308","product","type-product","status-publish","has-post-thumbnail","hentry","product_cat-guvenlik-turnikeleri","product_cat-hizli-kapilar","product_tag-guvenlik-turnike-kapisi","product_tag-guvenlik-turnikeleri","product_tag-hiz-kapilari","product_tag-hiz-kapisi-turnikesi","product_tag-turnike-giris-kapilari"],"_links":{"self":[{"href":"https:\/\/mairsturnstile.com\/tr\/wp-json\/wp\/v2\/product\/33308","targetHints":{"allow":["GET"]}}],"collection":[{"href":"https:\/\/mairsturnstile.com\/tr\/wp-json\/wp\/v2\/product"}],"about":[{"href":"https:\/\/mairsturnstile.com\/tr\/wp-json\/wp\/v2\/types\/product"}],"replies":[{"embeddable":true,"href":"https:\/\/mairsturnstile.com\/tr\/wp-json\/wp\/v2\/comments?post=33308"}],"version-history":[{"count":0,"href":"https:\/\/mairsturnstile.com\/tr\/wp-json\/wp\/v2\/product\/33308\/revisions"}],"wp:featuredmedia":[{"embeddable":true,"href":"https:\/\/mairsturnstile.com\/tr\/wp-json\/wp\/v2\/media\/59468"}],"wp:attachment":[{"href":"https:\/\/mairsturnstile.com\/tr\/wp-json\/wp\/v2\/media?parent=33308"}],"wp:term":[{"taxonomy":"product_cat","embeddable":true,"href":"https:\/\/mairsturnstile.com\/tr\/wp-json\/wp\/v2\/product_cat?post=33308"},{"taxonomy":"product_tag","embeddable":true,"href":"https:\/\/mairsturnstile.com\/tr\/wp-json\/wp\/v2\/product_tag?post=33308"}],"curies":[{"name":"wp","href":"https:\/\/api.w.org\/{rel}","templated":true}]}}