{"id":33325,"date":"2020-09-13T17:27:42","date_gmt":"2020-09-13T09:27:42","guid":{"rendered":"https:\/\/mairsturnstile.com\/product\/swing-cam-optik-turnikeler-mt345"},"modified":"2024-11-01T11:36:59","modified_gmt":"2024-11-01T03:36:59","slug":"optik-turnikeler","status":"publish","type":"product","link":"https:\/\/mairsturnstile.com\/tr\/urun\/optik-turnikeler","title":{"rendered":"SWING CAM OPT\u0130K TURN\u0130KELER MT345"},"content":{"rendered":"        <!-- 3D Model html -->\r\n        <div class=\"bp_grand wrapper_23475\">   \r\n        <div class=\"bp_model_parent\">\r\n            <model-viewer class=\"model\" id=\"bp_model_id_23475\" src=\"http:\/\/mairsturnstile.com\/wp-content\/uploads\/2023\/06\/MT345.glb\" alt=\"MT345\" camera-controls  loading=\"auto\" auto-rotate                        >\r\n            <\/model-viewer>\r\n        \r\n            <!-- Button -->\r\n            <svg id=\"openBtn\" width=\"30px\" height=\"30px\" viewBox=\"0 0 16 16\" xmlns=\"http:\/\/www.w3.org\/2000\/svg\" fill=\"#f2f2f2\" class=\"bi bi-arrows-fullscreen model-icon\">\r\n                <path fill-rule=\"evenodd\" d=\"M5.828 10.172a.5.5 0 0 0-.707 0l-4.096 4.096V11.5a.5.5 0 0 0-1 0v3.975a.5.5 0 0 0 .5.5H4.5a.5.5 0 0 0 0-1H1.732l4.096-4.096a.5.5 0 0 0 0-.707zm4.344 0a.5.5 0 0 1 .707 0l4.096 4.096V11.5a.5.5 0 1 1 1 0v3.975a.5.5 0 0 1-.5.5H11.5a.5.5 0 0 1 0-1h2.768l-4.096-4.096a.5.5 0 0 1 0-.707zm0-4.344a.5.5 0 0 0 .707 0l4.096-4.096V4.5a.5.5 0 1 0 1 0V.525a.5.5 0 0 0-.5-.5H11.5a.5.5 0 0 0 0 1h2.768l-4.096 4.096a.5.5 0 0 0 0 .707zm-4.344 0a.5.5 0 0 1-.707 0L1.025 1.732V4.5a.5.5 0 0 1-1 0V.525a.5.5 0 0 1 .5-.5H4.5a.5.5 0 0 1 0 1H1.732l4.096 4.096a.5.5 0 0 1 0 .707z\"\/>\r\n            <\/svg>\r\n        \r\n            <svg id=\"closeBtn\" class=\"model-icon\" width=\"34px\" height=\"34px\" viewBox=\"0 0 24 24\" xmlns=\"http:\/\/www.w3.org\/2000\/svg\">\r\n                <path fill=\"none\" stroke=\"#f2f2f2\" stroke-width=\"2\" d=\"M7,7 L17,17 M7,17 L17,7\"\/>\r\n            <\/svg>\r\n        \r\n        <\/div>\r\n        <\/div> \r\n\r\n        <!-- Model Viewer Style -->\r\n        <style>\r\n            \r\n            .wrapper_23475 .bp_model_parent, #bp_model_id_23475 {\r\n                width: 1150px;\r\n                max-width: 100%;\r\n                                            }\r\n            #bp_model_id_23475 {\r\n                height:700px;\r\n                background-color: #f2f2f2;\r\n            }\r\n            .fullscreen #bp_model_id_23475{\r\n            height: 100%;\r\n            width: 100%;\r\n            }\r\n            .wrapper_23475 .bp_model_parent{\r\n                justify-content: start            }\r\n            model-viewer.model {\r\n                --poster-color: transparent;\r\n            }\r\n        <\/style>\r\n        \r\n        \n<h2>OPT\u0130K TURN\u0130KELER 2 y\u0131l garantilidir ve uzun \u00f6m\u00fcrl\u00fc bak\u0131m ve onar\u0131m deste\u011fine sahiptir.<\/h2>\n<p>OEM ve ODM hizmetleri sa\u011flayabiliriz. \u0130htiya\u00e7lar\u0131n\u0131zdan herhangi birine g\u00f6re derin \u00f6zelle\u015ftirmeyi tamamlayabilen deneyimli tasar\u0131mc\u0131lar\u0131m\u0131z var. 3D render, boyutlu \u00e7izimler gibi bir dizi malzemeyi en k\u0131sa s\u00fcrede sa\u011flayaca\u011f\u0131z. IC\/ID kart okuyucular\u0131, parmak izi taray\u0131c\u0131lar\u0131, QR kodu taray\u0131c\u0131lar\u0131, y\u00fcz tan\u0131ma kameralar\u0131 vb. gibi biyometrik cihazlar da sa\u011fl\u0131yoruz. Bu cihazlar\u0131 tam boy turnike kap\u0131s\u0131na entegre etmeniz gerekiyorsa veya herhangi bir sorunuz varsa, l\u00fctfen <a href=\"https:\/\/mairsturnstile.com\/contact\">bizimle ileti\u015fime ge\u00e7in.<\/a><\/p>\n<p><strong>Optik turnike, alg\u0131lama \u0131\u015f\u0131nlar\u0131 matrisini i\u00e7eren \u00e7ok say\u0131da sens\u00f6r i\u00e7eren sens\u00f6rler taraf\u0131ndan kontrol edilen bir t\u00fcr g\u00fcvenlik turnikesidir.<\/strong> Ge\u00e7i\u015f \u015feridi sens\u00f6rlerin mant\u0131\u011f\u0131 ile kontrol edilecektir. Yaln\u0131zca optik turnike kap\u0131s\u0131 a\u00e7\u0131k sinyali ald\u0131\u011f\u0131nda ge\u00e7ide eri\u015fim \u00fccretsizdir. De\u011filse, sens\u00f6r alarm\u0131 tetikleyecektir. Optik bir turnike, bagaj kap\u0131s\u0131n\u0131n kapat\u0131lmas\u0131n\u0131 etkili bir \u015fekilde \u00f6nleyebilir. Birisi ge\u00e7erli kartla eri\u015fim sa\u011flarsa alarm g\u00fcvenlik g\u00f6revlilerini uyaracakt\u0131r. A\u00e7\u0131k bir g\u00f6r\u00fcn\u00fcme sahip olmak i\u00e7in alan\u0131n\u0131za ihtiyac\u0131n\u0131z varsa, optik turnikeler m\u00fckemmel se\u00e7eneklerdir. Giri\u015f s\u00fcrecini h\u0131zland\u0131rabilir. Her iki y\u00f6nde de ko\u015fabilirler.<\/p>\n<p>Optik turnikeler taraf\u0131ndan yayg\u0131n olarak kullan\u0131lan sens\u00f6r, insan v\u00fccudunu daha do\u011fru alg\u0131layabilen z\u0131t bir fotoelektrik sens\u00f6rd\u00fcr. Optik bir turnike kap\u0131s\u0131, insanlar\u0131n giri\u015f ve \u00e7\u0131k\u0131\u015f alg\u0131lamas\u0131n\u0131 ger\u00e7ekle\u015ftirmek i\u00e7in birden fazla grup radyasyon sens\u00f6r\u00fcyle donat\u0131lm\u0131\u015ft\u0131r. Esas olarak kap\u0131 giri\u015finde, kanat \u00e7ubu\u011funun sekt\u00f6r\u00fc ve kap\u0131 \u00e7\u0131k\u0131\u015f\u0131ndad\u0131r. Do\u011fru alg\u0131lama i\u00e7in, baz\u0131 optik turnike kap\u0131lar\u0131, her par\u00e7an\u0131n farkl\u0131 y\u00fcksekliklerine sens\u00f6rler yerle\u015ftirir.<\/p>\n<p>Bu <strong>Optik Turnike<\/strong>, ince bir d\u00f6ner turnike kap\u0131s\u0131d\u0131r. Standart r\u00f6le ve RS485 aray\u00fcz\u00fc, RFID kart sistemi, <a href=\"https:\/\/en.wikipedia.org\/wiki\/Facial_recognition\" target=\"_blank\" rel=\"noopener\">Y\u00fcz tan\u0131ma<\/a>, s\u0131cakl\u0131k kontrol sistemi, Jetonla \u00e7al\u0131\u015fan sistem, Barkod Sistemi, ESD Test Cihaz\u0131 Eri\u015fim Kontrol\u00fc gibi t\u00fcm eri\u015fim kontrol sistemleriyle uyumlu olmas\u0131n\u0131 sa\u011flar. <a href=\"https:\/\/mairsturnstile.com\/category\/swing-turnstile-gate\">Swing turnike kap\u0131s\u0131<\/a> kompakt ve uygun maliyetli bir giri\u015f \u00e7\u00f6z\u00fcm\u00fcd\u00fcr.<\/p>\n<p>Ger\u00e7ek senaryonuza g\u00f6re birka\u00e7 dakika i\u00e7inde sizin i\u00e7in bir render da olu\u015fturabiliriz. Ayr\u0131ca ayr\u0131nt\u0131l\u0131 yerle\u015fim ve \u00e7izimlerin yan\u0131 s\u0131ra kurulum \u00e7izimleri de sa\u011fl\u0131yoruz.<\/p>\n\n        \t\n\t<style type=\"text\/css\">\n\t\t.slider-info-23486.bafg-slider-info .bafg-slider-title {\n\t\t\t\t\t\tfont-size: 22px;\n\t\t\t\t\t\t\n\t\t\t\n\t\t\t\t\t}\n\n\t\t.slider-info-23486.bafg-slider-info .bafg-slider-description {\n\t\t\t\n\t\t\t\n\t\t\t\t\t}\n\n\t\t.slider-info-23486.bafg-slider-info .bafg_slider_readmore_button {\n\t\t\t\n\t\t\t\n\t\t\t\n\t\t\t\n\t\t\t\n\t\t\ttext-align: center;\n\n\t\t\t\n\t\t\t\n\t\t\t\n\t\t\t\n\t\t\t\n\t\t\t\n\t\t\t\t\t}\n\n\t\t.slider-info-23486.bafg-slider-info .bafg_slider_readmore_button:hover {\n\n\t\t\t\n\t\t\t\n\t\t\t\t\t}\n\n\t<\/style>\n\t\n        <div class=\"bafg-twentytwenty-container slider-23486 \" bafg-orientation=\"horizontal\" bafg-default-offset=\"0.5\" bafg-before-label=\"Before\" bafg-after-label=\"After\" bafg-overlay=\"yes\" bafg-move-slider-on-hover=\"yes\" bafg-click-to-move=\"no\">\n              \n            <img decoding=\"async\" class=\"skip-lazy\" src=\"http:\/\/mairsturnstile.com\/wp-content\/uploads\/2023\/06\/optical-turnstiles_4.jpg\" alt=\"\" data-skip-lazy title=\"\">\n            <img decoding=\"async\" class=\"skip-lazy\" src=\"http:\/\/mairsturnstile.com\/wp-content\/uploads\/2023\/06\/optical-turnstiles_5.jpg\" alt=\"\" data-skip-lazy title=\"\">\n           \n        <\/div>\n\n        \t<div class=\"bafg-slider-info-wraper\">\n\t\t<div style=\"\" class=\"slider-info-23486 bafg-slider-info\">\n\t\t\t\t\t<\/div>\n\t<\/div>\n\t\n        <style type=\"text\/css\">\n            \n        <\/style>\n        \n<p>T\u00fcm sal\u0131ncak optik turnike modelleri, h\u0131zl\u0131 kap\u0131lar, ger\u00e7ek gereksinimlerinize g\u00f6re \u00f6zelle\u015ftirilebilir. Baz\u0131 d\u00f6ner turnike kap\u0131s\u0131 ve <a href=\"https:\/\/mairsturnstile.com\/product\/sliding-turnstile\">kayar kap\u0131 turnikesi<\/a> modelleri 900 mm ge\u00e7i\u015f geni\u015fli\u011fine de sahip olabilir. <span style=\"font-style: inherit; font-weight: inherit;\">Ge\u00e7i\u015f Kontrol Yaya G\u00fcvenlik Turnike Kap\u0131lar\u0131 Cam Optik Turnikeler H\u0131z Kap\u0131s\u0131.<\/span><\/p>\n<ul>\n<li>Acil durumlarda elektri\u011fi kesti\u011finizde, yang\u0131n g\u00fcvenli\u011fi gerekliliklerine uygun olarak Slim swing cam optik turnikeler otomatik olarak a\u00e7\u0131larak serbest ge\u00e7i\u015fe olanak sa\u011flar. Ama bir pil ile gelmelidir. \u0130hracata gelince, pil hassast\u0131r, de\u011fi\u015ftirmek i\u00e7in kondansat\u00f6r\u00fc kullanabiliriz<\/li>\n<li>Optik Turnikeler l\u00fcks ve \u00fcst d\u00fczey giri\u015f \u00e7\u00f6z\u00fcmleri i\u00e7in uygundur.<\/li>\n<li>T\u00fcm sistem sorunsuz, d\u00fc\u015f\u00fck g\u00fcr\u00fclt\u00fcl\u00fc ve y\u00fcksek h\u0131zda \u00e7al\u0131\u015f\u0131r.<\/li>\n<li>Alarm fonksiyonu, yasad\u0131\u015f\u0131 bir izinsiz giri\u015f ve ters izinsiz giri\u015f varsa, kap\u0131 alarm verir ve kap\u0131 kilitlenir.<\/li>\n<li>Toplam 5 \u00e7ift k\u0131z\u0131l\u00f6tesi sens\u00f6r vard\u0131r Orta sens\u00f6r, yayalar\u0131n s\u0131k\u0131\u015fmas\u0131n\u0131 \u00f6nlemek i\u00e7indir.<\/li>\n<li>Kuyruk \u00f6nleme i\u015flevi, bir ki\u015fi ayn\u0131 anda ge\u00e7ebilir. Birisi \u00f6ndekilerin pe\u015finden ko\u015farsa, kap\u0131 alarm verecektir.<\/li>\n<li>LED g\u00f6stergesi. K\u0131z\u0131l ha\u00e7 ve ye\u015fil ok. Ayr\u0131ca \u00f6n direk \u00fczerinde led g\u00f6stergeler bulunmaktad\u0131r. Kollara led \u0131\u015f\u0131k eklenebilir.<\/li>\n<li>\u00c7ift y\u00f6nl\u00fc eri\u015fim, daha fazla kap\u0131 ihtiyac\u0131n\u0131 azalt\u0131r. Tekerlekli sandalye i\u00e7in uygundur, al\u0131\u015fveri\u015f arabas\u0131 ge\u00e7i\u015f verimlili\u011fini art\u0131r\u0131r.<\/li>\n<li>Otomatik s\u0131f\u0131rlama i\u015flevi. Ki\u015filer \u00f6nceden ayarlanan s\u00fcre i\u00e7inde (varsay\u0131lan s\u00fcre 5 saniyedir) ge\u00e7mezse, sistem kullan\u0131c\u0131n\u0131n yetkisini iptal eder ve otomatik olarak kapan\u0131r.<\/li>\n<li>\u00c7arpma \u00f6nleyici, Kelep\u00e7e \u00f6nleyici, Optik turnikeler f\u0131r\u00e7as\u0131z motora sahiptir. \u00c7al\u0131\u015fma s\u0131ras\u0131nda kola birisi \u00e7arparsa kap\u0131 otomatik olarak s\u0131f\u0131rlan\u0131r. Bu i\u015flev, yayalar\u0131n \u00f6zellikle \u00e7ocuklar\u0131n \u00e7arpmas\u0131n\u0131, \u00e7arpmas\u0131n\u0131, \u00e7arpmas\u0131n\u0131 vb. etkili bir \u015fekilde \u00f6nler.<\/li>\n<\/ul>\n<p>T\u00fcm g\u00fcvenlik eri\u015fim kontrol\u00fc \u00e7\u00f6z\u00fcm\u00fcn\u00fc sa\u011flayabiliriz. Kendi ge\u00e7i\u015f kontrol sisteminiz varsa, do\u011frudan turnike kap\u0131m\u0131z\u0131 kullanabilirsiniz. E\u011fer yoksa, eksiksiz bir g\u00fcvenlik eri\u015fim kontrol\u00fc \u00e7\u00f6z\u00fcm\u00fc de sa\u011fl\u0131yoruz. Ayr\u0131nt\u0131lar i\u00e7in l\u00fctfen a\u015fa\u011f\u0131daki videoya bak\u0131n.<\/p>\n<p><iframe title=\"Optik Swing Turnike, Swing bariyer turnikesi, Swing Turnike - MairsTurnstile\" src=\"https:\/\/www.youtube.com\/embed\/hdoBSoM85u4\" width=\"1150\" height=\"650\" frameborder=\"0\" allowfullscreen=\"allowfullscreen\"><\/iframe><\/p>\n","protected":false},"excerpt":{"rendered":"<p>1. Boyut: 1400*180*980 mm (\u00f6zelle\u015ftirilebilir)<\/p>\n<p>2. Kulvar Geni\u015fli\u011fi: 600 mm (Standart) 900 mm(Engelli)<\/p>\n<p>3. Silah malzemesi: Akrilik<\/p>\n<p>4. Ge\u00e7i\u015f h\u0131z\u0131: 40 ki\u015fi\/dk<\/p>\n<p>5. G\u00fc\u00e7 kayna\u011f\u0131: 110 V\/220 V 50\/60 Hz<\/p>\n<p>6. F\u0131r\u00e7as\u0131z motor<\/p>\n<p>7. Kap\u0131 A\u00e7\u0131k Sinyali: Kuru Kontak\/ R\u00f6le<\/p>\n<p>8. Cam turnike S\u00fcr\u00fc\u015f Motoru: 24 V<\/p>\n<p>9. Boyut ve malzeme kal\u0131nl\u0131\u011f\u0131 \u00f6zelle\u015ftirilebilir<\/p>\n<p><strong><a title=\"Mairs CE Belgeli Sal\u0131ncak Turnike Kap\u0131s\u0131\" href=\"http:\/\/mairsturnstile.com\/wp-content\/uploads\/2022\/09\/Mairs-CE-Certificate-Swing-Turnstile-Gate.pdf\" target=\"_blank\" rel=\"noopener noreferrer\">CE Belgeli,<\/a> <a title=\"Mairs ISO9001 Sertifikas\u0131\" href=\"http:\/\/mairsturnstile.com\/wp-content\/uploads\/2022\/09\/Mairs-Registration-Certificate-ISO9001.pdf\" target=\"_blank\" rel=\"noopener noreferrer\">ISO9001 Sertifikal\u0131.<\/a><\/strong><\/p>\n<p><a title=\"Optical Turnstiles Brochure\" href=\"http:\/\/mairsturnstile.com\/wp-content\/uploads\/2023\/12\/MT345-brochure.pdf\" target=\"_blank\" rel=\"noopener noreferrer\"><img decoding=\"async\" class=\"alignnone size-full wp-image-11034\" src=\"http:\/\/mairsturnstile.com\/wp-content\/uploads\/2022\/09\/pdf-MairsTurnstile.png\" alt=\"\" width=\"32\" height=\"32\"><span style=\"color: #0000ff;\"><strong>MT345 Optik Turnike Bro\u015f\u00fcr\u00fc<\/strong><\/span><\/a><\/p>\n","protected":false},"featured_media":62362,"comment_status":"closed","ping_status":"closed","template":"","meta":{"neve_meta_sidebar":"","neve_meta_container":"","neve_meta_enable_content_width":"off","neve_meta_content_width":0,"neve_meta_title_alignment":"","neve_meta_author_avatar":"","neve_post_elements_order":"","neve_meta_disable_header":"","neve_meta_disable_footer":"","neve_meta_disable_title":"","_ti_tpc_template_sync":false,"_ti_tpc_template_id":""},"product_cat":[1916,1917],"product_tag":[1939,1923,1924,1922,1941],"class_list":["post-33325","product","type-product","status-publish","has-post-thumbnail","hentry","product_cat-guvenlik-turnikeleri","product_cat-salincak-turnike-kapisi","product_tag-bir-turnike-maliyeti-ne-kadar","product_tag-optik-turnike","product_tag-optik-turnikeler","product_tag-salincak-turnikesi","product_tag-turnike-maliyeti"],"_links":{"self":[{"href":"https:\/\/mairsturnstile.com\/tr\/wp-json\/wp\/v2\/product\/33325","targetHints":{"allow":["GET"]}}],"collection":[{"href":"https:\/\/mairsturnstile.com\/tr\/wp-json\/wp\/v2\/product"}],"about":[{"href":"https:\/\/mairsturnstile.com\/tr\/wp-json\/wp\/v2\/types\/product"}],"replies":[{"embeddable":true,"href":"https:\/\/mairsturnstile.com\/tr\/wp-json\/wp\/v2\/comments?post=33325"}],"version-history":[{"count":0,"href":"https:\/\/mairsturnstile.com\/tr\/wp-json\/wp\/v2\/product\/33325\/revisions"}],"wp:featuredmedia":[{"embeddable":true,"href":"https:\/\/mairsturnstile.com\/tr\/wp-json\/wp\/v2\/media\/62362"}],"wp:attachment":[{"href":"https:\/\/mairsturnstile.com\/tr\/wp-json\/wp\/v2\/media?parent=33325"}],"wp:term":[{"taxonomy":"product_cat","embeddable":true,"href":"https:\/\/mairsturnstile.com\/tr\/wp-json\/wp\/v2\/product_cat?post=33325"},{"taxonomy":"product_tag","embeddable":true,"href":"https:\/\/mairsturnstile.com\/tr\/wp-json\/wp\/v2\/product_tag?post=33325"}],"curies":[{"name":"wp","href":"https:\/\/api.w.org\/{rel}","templated":true}]}}