{"id":33327,"date":"2020-09-13T17:47:27","date_gmt":"2020-09-13T09:47:27","guid":{"rendered":"https:\/\/mairsturnstile.com\/product\/portatif-turnike-tripod-turnike-kapisi-mt122"},"modified":"2024-11-03T13:27:28","modified_gmt":"2024-11-03T05:27:28","slug":"tasinabilir-turnike","status":"publish","type":"product","link":"https:\/\/mairsturnstile.com\/tr\/urun\/tasinabilir-turnike","title":{"rendered":"PORTATIF TURNIKE PORTATIF TRIPOD TURNIKE"},"content":{"rendered":"        <!-- 3D Model html -->\r\n        <div class=\"bp_grand wrapper_25995\">   \r\n        <div class=\"bp_model_parent\">\r\n            <model-viewer class=\"model\" id=\"bp_model_id_25995\" src=\"http:\/\/mairsturnstile.com\/wp-content\/uploads\/2024\/10\/portable-turnstile.glb\" alt=\"portable turnstile\" camera-controls  loading=\"auto\" auto-rotate                        >\r\n            <\/model-viewer>\r\n        \r\n            <!-- Button -->\r\n            <svg id=\"openBtn\" width=\"30px\" height=\"30px\" viewBox=\"0 0 16 16\" xmlns=\"http:\/\/www.w3.org\/2000\/svg\" fill=\"#f2f2f2\" class=\"bi bi-arrows-fullscreen model-icon\">\r\n                <path fill-rule=\"evenodd\" d=\"M5.828 10.172a.5.5 0 0 0-.707 0l-4.096 4.096V11.5a.5.5 0 0 0-1 0v3.975a.5.5 0 0 0 .5.5H4.5a.5.5 0 0 0 0-1H1.732l4.096-4.096a.5.5 0 0 0 0-.707zm4.344 0a.5.5 0 0 1 .707 0l4.096 4.096V11.5a.5.5 0 1 1 1 0v3.975a.5.5 0 0 1-.5.5H11.5a.5.5 0 0 1 0-1h2.768l-4.096-4.096a.5.5 0 0 1 0-.707zm0-4.344a.5.5 0 0 0 .707 0l4.096-4.096V4.5a.5.5 0 1 0 1 0V.525a.5.5 0 0 0-.5-.5H11.5a.5.5 0 0 0 0 1h2.768l-4.096 4.096a.5.5 0 0 0 0 .707zm-4.344 0a.5.5 0 0 1-.707 0L1.025 1.732V4.5a.5.5 0 0 1-1 0V.525a.5.5 0 0 1 .5-.5H4.5a.5.5 0 0 1 0 1H1.732l4.096 4.096a.5.5 0 0 1 0 .707z\"\/>\r\n            <\/svg>\r\n        \r\n            <svg id=\"closeBtn\" class=\"model-icon\" width=\"34px\" height=\"34px\" viewBox=\"0 0 24 24\" xmlns=\"http:\/\/www.w3.org\/2000\/svg\">\r\n                <path fill=\"none\" stroke=\"#f2f2f2\" stroke-width=\"2\" d=\"M7,7 L17,17 M7,17 L17,7\"\/>\r\n            <\/svg>\r\n        \r\n        <\/div>\r\n        <\/div> \r\n\r\n        <!-- Model Viewer Style -->\r\n        <style>\r\n            \r\n            .wrapper_25995 .bp_model_parent, #bp_model_id_25995 {\r\n                width: 1150px;\r\n                max-width: 100%;\r\n                                            }\r\n            #bp_model_id_25995 {\r\n                height:700px;\r\n                background-color: #f9f9f9;\r\n            }\r\n            .fullscreen #bp_model_id_25995{\r\n            height: 100%;\r\n            width: 100%;\r\n            }\r\n            .wrapper_25995 .bp_model_parent{\r\n                justify-content: start            }\r\n            model-viewer.model {\r\n                --poster-color: transparent;\r\n            }\r\n        <\/style>\r\n        \r\n        \n<h2>PORTABLE TURNSTILE TRIPOD TURNSTILE GATE carries a 2-year warranty and durable maintenance and repair support.<\/h2>\n<p>Ta\u015f\u0131nabilir turnike, yaya trafi\u011fini kontrol etmek ve eri\u015fim noktalar\u0131n\u0131 y\u00f6netmek i\u00e7in kullan\u0131labilen, hareketli bir taban \u00fczerine monte edilmi\u015f s\u0131radan bir turnike kap\u0131s\u0131ndan olu\u015fan hareketli bir yaya turnike kap\u0131s\u0131d\u0131r. Hareketli taban d\u00f6rt tekerlek ile donat\u0131lm\u0131\u015ft\u0131r. Tekerlekler ayarlanabilir. Portatif turnikenin hareket etmesi gerekti\u011finde tekerlekler a\u015fa\u011f\u0131 do\u011fru ayarlanarak portatif turnikenin istenilen yere itilmesi sa\u011flan\u0131r. Sabitlendi\u011finde tekerlekler geri \u00e7ekilebilir, portatif turnike sabitlenebilir ve normal \u015fekilde kullan\u0131labilir. Portatif bir turnike modaya uygun, hareketlidir ve \u00f6zelle\u015ftirilebilir.<\/p>\n<p>Taban plakas\u0131 genellikle ge\u00e7i\u015f s\u0131ras\u0131nda kaymay\u0131 \u00f6nlemek i\u00e7in kaymay\u0131 \u00f6nleyici dokuya sahip 201 paslanmaz \u00e7elikten yap\u0131lm\u0131\u015ft\u0131r. Tekrar kullan\u0131labildi\u011fi i\u00e7in bir yerin art\u0131k ihtiyac\u0131 kalmad\u0131\u011f\u0131nda portatif turnikeye ihtiya\u00e7 duyulan ba\u015fka bir yere ge\u00e7ebilirsiniz. \u00c7o\u011fu kiral\u0131k, ya da baz\u0131 spor etkinlikleri, konserler vb. Avantajlar\u0131 hareketlilik ve ta\u015f\u0131nabilirliktir. Ta\u015f\u0131nabilir turnike ekonomik ve pratiktir, \u00e7ok \u00e7e\u015fitli yerlere uygulanabilir ve \u00e7o\u011funlukla tek y\u00f6nl\u00fc yerlerde izinsiz olarak kullan\u0131l\u0131r. Uygun kurulum ve uzun servis \u00f6mr\u00fc.<\/p>\n<p>Ger\u00e7ek senaryonuza g\u00f6re birka\u00e7 dakika i\u00e7inde sizin i\u00e7in bir render da olu\u015fturabiliriz. Ayr\u0131ca ayr\u0131nt\u0131l\u0131 yerle\u015fim planlar\u0131 ve \u00e7izimlerin yan\u0131 s\u0131ra kurulum \u00e7izimleri de sa\u011fl\u0131yoruz.<\/p>\n\n        \t\n\t<style type=\"text\/css\">\n\t\t.slider-info-25996.bafg-slider-info .bafg-slider-title {\n\t\t\t\t\t\tfont-size: 22px;\n\t\t\t\t\t\t\n\t\t\t\n\t\t\t\t\t}\n\n\t\t.slider-info-25996.bafg-slider-info .bafg-slider-description {\n\t\t\t\n\t\t\t\n\t\t\t\t\t}\n\n\t\t.slider-info-25996.bafg-slider-info .bafg_slider_readmore_button {\n\t\t\t\n\t\t\t\n\t\t\t\n\t\t\t\n\t\t\t\n\t\t\ttext-align: center;\n\n\t\t\t\n\t\t\t\n\t\t\t\n\t\t\t\n\t\t\t\n\t\t\t\n\t\t\t\t\t}\n\n\t\t.slider-info-25996.bafg-slider-info .bafg_slider_readmore_button:hover {\n\n\t\t\t\n\t\t\t\n\t\t\t\t\t}\n\n\t<\/style>\n\t\n        <div class=\"bafg-twentytwenty-container slider-25996 \" bafg-orientation=\"horizontal\" bafg-default-offset=\"0.5\" bafg-before-label=\"Before\" bafg-after-label=\"After\" bafg-overlay=\"yes\" bafg-move-slider-on-hover=\"yes\" bafg-click-to-move=\"no\">\n              \n            <img decoding=\"async\" class=\"skip-lazy\" src=\"http:\/\/mairsturnstile.com\/wp-content\/uploads\/2020\/09\/portable-turnstile-7.jpg\" alt=\"portable turnstile\" data-skip-lazy title=\"\">\n            <img decoding=\"async\" class=\"skip-lazy\" src=\"http:\/\/mairsturnstile.com\/wp-content\/uploads\/2020\/09\/portable-turnstile-8.jpg\" alt=\"portable turnstile\" data-skip-lazy title=\"\">\n           \n        <\/div>\n\n        \t<div class=\"bafg-slider-info-wraper\">\n\t\t<div style=\"\" class=\"slider-info-25996 bafg-slider-info\">\n\t\t\t\t\t<\/div>\n\t<\/div>\n\t\n        <style type=\"text\/css\">\n            \n        <\/style>\n        \n<p>Temel olarak, \u00fcr\u00fcnlerimizin t\u00fcm modelleri bu portatif turnikeye d\u00f6n\u00fc\u015ft\u00fcr\u00fclebilir, ancak genellikle \u00e7o\u011fu m\u00fc\u015fteri <a href=\"https:\/\/mairsturnstile.com\/tripod-turnstile.html\" target=\"_blank\" rel=\"noopener\">tripod turnikesini<\/a>, <a href=\"https:\/\/mairsturnstile.com\/what-is-flap-barrier.html\" target=\"_blank\" rel=\"noopener\">kanatl\u0131 bariyer turnikesini<\/a> veya <a href=\"https:\/\/mairsturnstile.com\/swing-turnstile-gate.html\" target=\"_blank\" rel=\"noopener\">sal\u0131ncak turnikesini se\u00e7ecektir<\/a>. Ba\u015fka ihtiya\u00e7lar\u0131n\u0131z varsa bunlar\u0131 da ihtiya\u00e7lar\u0131n\u0131za g\u00f6re \u00f6zelle\u015ftirebiliriz. Toplumun geli\u015fmesi, bilim ve teknolojinin ilerlemesi ve insanlar\u0131n halka a\u00e7\u0131k alanlar\u0131n g\u00fcvenli\u011fine daha fazla \u00f6nem vermesiyle birlikte MairsTurnstile, bu t\u00fcr ta\u015f\u0131nabilir \u00fcr\u00fcnlerin giderek daha yayg\u0131n olarak kullan\u0131laca\u011f\u0131na inan\u0131yordu.<\/p>\n<p>Portatif turnikeler genellikle baz\u0131 ge\u00e7ici yerlerde kullan\u0131ld\u0131\u011f\u0131ndan dolay\u0131 ge\u00e7ici turnike olarak da adland\u0131r\u0131lmaktad\u0131r. Genellikle delme ve tellemenin sak\u0131ncal\u0131 oldu\u011fu veya m\u00fclk y\u00f6netiminin zemine zarar vermesine izin vermedi\u011fi yerlerde veya baz\u0131 konserler, performans sahneleri gibi k\u0131sa s\u00fcreli\u011fine eri\u015fim kontrol y\u00f6netim ekipmanlar\u0131na ihtiya\u00e7 duyulan ge\u00e7ici yerlerde kullan\u0131l\u0131r. vb. elbette hareket kabiliyeti nedeniyle farkl\u0131 yerlerde kullanmaya devam edebiliriz. Bu da bir\u00e7ok insan\u0131n buna ihtiya\u00e7 duymas\u0131n\u0131n \u00f6nemli bir nedenidir. Bu nedenle baz\u0131 yerlerde insanlar ge\u00e7ici turnike \u00e7a\u011f\u0131rmaya daha istekli oluyor.<\/p>\n<p>Asl\u0131nda, s\u0131radan normal \u00fcr\u00fcnlerde paslanmaz \u00e7elik bir taban plakas\u0131na ta\u015f\u0131nabilir bir turnike eklenir. Elbette s\u0131radan bir turnike kap\u0131s\u0131n\u0131n \u00f6l\u00e7\u00fclerine g\u00f6re imal edilmesi gerekmektedir. Ayr\u0131ca taban\u0131 kanal geni\u015fli\u011finize veya di\u011fer ihtiya\u00e7lar\u0131n\u0131za g\u00f6re de \u00f6zelle\u015ftirebiliriz. Taban plakam\u0131z sa\u011flaml\u0131\u011f\u0131ndan emin olmak i\u00e7in say\u0131s\u0131z kez test edilmi\u015ftir. Kullan\u0131m kapsam\u0131n\u0131n \u00f6tesinde a\u011f\u0131rl\u0131k ta\u015f\u0131yabilir.<\/p>\n<p>A\u015fa\u011f\u0131daki videoda \u00fcr\u00fcn testi, taban plakas\u0131 testi ve hatta 2-3 yeti\u015fkinin hi\u00e7 sallanmadan \u00fczerine atlamas\u0131 gibi \u00fcr\u00fcn\u00fcn her detay\u0131n\u0131 g\u00f6rebilirsiniz, bu da yeterli a\u011f\u0131rl\u0131\u011f\u0131 ta\u015f\u0131yabildi\u011fini kan\u0131tlamaya yeterlidir. Taban plakas\u0131 ve portatif turnike kap\u0131s\u0131n\u0131n montaj\u0131 da olduk\u00e7a basittir. Genellikle bir yeti\u015fkinin birka\u00e7 dakika i\u00e7inde kolayl\u0131kla tamamlayabildi\u011fi, son olarak \u00fcr\u00fcnlerin paketlenmesi ve teslimat\u0131 da yap\u0131lmaktad\u0131r.<\/p>\n<p>Elbette videodaki \u00fcr\u00fcn hareketli kanatl\u0131 bariyer turnikesidir ve \u00e7al\u0131\u015fma prensibi hareketli tripod turnike kap\u0131s\u0131 ile ayn\u0131d\u0131r. Videodaki bu \u00fcr\u00fcne ihtiyac\u0131n\u0131z varsa l\u00fctfen ba\u015fka bir \u00fcr\u00fcne g\u00f6z at\u0131n: <a href=\"https:\/\/mairsturnstile.com\/product\/mobile-turnstile\" target=\"_blank\" rel=\"noopener\">Flap bariyer turnikesi mobil turnike<\/a><\/p>\n<p><span style=\"font-weight: 400;\"><span style=\"font-style: inherit; font-weight: inherit;\">Ta\u015f\u0131nabilir tripod turnike kap\u0131s\u0131, tesislerinizi koruman\u0131n klasik ve g\u00fcvenli bir yolunu temsil eder. Tripod turnikesi \u00e7e\u015fitli i\u00e7 ve d\u0131\u015f ortam uygulamalar\u0131nda kullan\u0131lmaktad\u0131r. Ofis binalar\u0131 ve di\u011fer ilgili binalara ekonomik bir se\u00e7enek olarak m\u00fckemmel uyum sa\u011flarlar. <\/span><\/span><span style=\"font-weight: 400;\"><span style=\"font-style: inherit; font-weight: inherit;\">uygulamalar.<\/span><\/span><\/p>\n<ul>\n<li>Portatif turnike tripod turnike kompakt ve uygun maliyetli giri\u015f \u00e7\u00f6z\u00fcmleridir.<\/li>\n<li>Hareketli tripod turnikesi, paslanmaya kar\u015f\u0131 dayan\u0131kl\u0131, sa\u011flam ve dayan\u0131kl\u0131 olan tamamen ya\u011fmur ge\u00e7irmez 304 paslanmaz \u00e7elik g\u00f6vdeye sahiptir.<\/li>\n<li>Portatif turnike hem i\u00e7 hem de d\u0131\u015f mekanlara monte edilebilir. IP oran\u0131 54&#8217;t\u00fcr.<\/li>\n<li>Her t\u00fcrl\u00fc 3. parti ge\u00e7i\u015f kontrol sistemlerine (RFID, Parmak \u0130zi, <a href=\"https:\/\/en.wikipedia.org\/wiki\/Facial_recognition\" target=\"_blank\" rel=\"noopener\">Y\u00fcz Tan\u0131ma<\/a>, Barkod, IR termometre gibi) kolayl\u0131kla entegre edilebilecek uluslararas\u0131 standartta r\u00f6le \u00e7\u0131k\u0131\u015f\u0131na sahiptir.<\/li>\n<li>Ta\u015f\u0131nabilir tripod turnikesi yar\u0131 otomatiktir. Eri\u015fim izni verildi\u011finde kap\u0131y\u0131 a\u00e7mak i\u00e7in kolu hafif\u00e7e itmeniz gerekecektir.<\/li>\n<li>Makul tasar\u0131m ve y\u00fcksek performans, kap\u0131lar\u0131n h\u0131zl\u0131 ve do\u011fru, istikrarl\u0131 ve sessiz hareket edebilmesini sa\u011flamak i\u00e7indir; d\u00fc\u015f\u00fck g\u00fc\u00e7 t\u00fcketimi, enerji tasarrufu ve \u00e7evre koruma ile.<\/li>\n<li>Uzun servis \u00f6mr\u00fc i\u00e7in dayan\u0131kl\u0131, korozyona dayan\u0131kl\u0131, a\u011f\u0131r hizmet tipi kal\u0131p mekanizmas\u0131<\/li>\n<li>Mekanizma kal\u0131p tasar\u0131m\u0131d\u0131r. T\u00fcm bile\u015fenler hassast\u0131r. Kap\u0131 sisteminin d\u00fc\u015f\u00fck g\u00fcr\u00fclt\u00fc ile sorunsuz \u00e7al\u0131\u015fmas\u0131n\u0131 sa\u011flar. Hidrolik amortis\u00f6r eklenebilir.<\/li>\n<li>Tripod turnike tasar\u0131m\u0131 ayn\u0131 anda sadece bir ki\u015finin ge\u00e7mesini sa\u011flar.<\/li>\n<li>Tek y\u00f6nl\u00fc veya \u00c7ift y\u00f6nl\u00fc bir se\u00e7enektir.<\/li>\n<li>\u00dcstte LED y\u00f6n g\u00f6sterge \u0131\u015f\u0131\u011f\u0131<\/li>\n<li>Otomatik saat fonksiyonu: A\u00e7\u0131k bir sinyal al\u0131nd\u0131\u011f\u0131nda ancak ziyaret\u00e7i belirli bir s\u00fcre i\u00e7inde (varsay\u0131lan 5 saniye) kap\u0131dan ge\u00e7mezse, turnike kolu otomatik olarak kilitlenir.<\/li>\n<li>Elektrik kesildi\u011finde tripod turnike kollar\u0131, yang\u0131n g\u00fcvenli\u011fi gerekliliklerine uygun olarak serbest ge\u00e7i\u015fe izin vermek i\u00e7in otomatik olarak a\u015fa\u011f\u0131 inecektir.<\/li>\n<\/ul>\n<p>T\u00fcm g\u00fcvenlik eri\u015fim kontrol\u00fc \u00e7\u00f6z\u00fcm\u00fcn\u00fc sa\u011flayabiliriz. Kendi ge\u00e7i\u015f kontrol sisteminiz varsa, do\u011frudan turnike kap\u0131m\u0131z\u0131 kullanabilirsiniz. E\u011fer yoksa, eksiksiz bir g\u00fcvenlik eri\u015fim kontrol\u00fc \u00e7\u00f6z\u00fcm\u00fc de sa\u011fl\u0131yoruz. Ayr\u0131nt\u0131lar i\u00e7in l\u00fctfen a\u015fa\u011f\u0131daki videoya bak\u0131n.<\/p>\n","protected":false},"excerpt":{"rendered":"<p>1. Boyut: 500*290*980 mm (\u00f6zelle\u015ftirilebilir)<\/p>\n<p>2. \u015eerit geni\u015fli\u011fi: 550 mm (\u00f6zelle\u015ftirilebilir)<\/p>\n<p>3. Ge\u00e7i\u015f h\u0131z\u0131: 35 ki\u015fi\/dk<\/p>\n<p>4. G\u00fc\u00e7 kayna\u011f\u0131: 110V\/220V 50\/60hz<\/p>\n<p>5. A\u011f\u0131rl\u0131k: 40 kg<\/p>\n<p>6. Kap\u0131 A\u00e7\u0131k Sinyali: Kuru Kontak\/ R\u00f6le<\/p>\n<p>7. G\u00f6vde Malzemesi: 304 paslanmaz \u00e7elik<\/p>\n<p>8. Mekanizman\u0131n g\u00fcvenilirli\u011fi: 3 milyon, hatas\u0131z<\/p>\n<p>9. Operasyon yolu: yar\u0131 otomatik<\/p>\n<p><strong><a title=\"Mairs CE Belgeli Tripod Turnike\" href=\"http:\/\/mairsturnstile.com\/wp-content\/uploads\/2022\/09\/Mairs-CE-Certificate-Tripod-Turnstile.pdf\" target=\"_blank\" rel=\"noopener noreferrer\">CE Belgeli,<\/a> <a title=\"Mairs ISO9001 Sertifikas\u0131\" href=\"http:\/\/mairsturnstile.com\/wp-content\/uploads\/2022\/09\/Mairs-Registration-Certificate-ISO9001.pdf\" target=\"_blank\" rel=\"noopener noreferrer\">ISO9001 Sertifikal\u0131.<\/a><\/strong><\/p>\n","protected":false},"featured_media":56779,"comment_status":"closed","ping_status":"closed","template":"","meta":{"neve_meta_sidebar":"","neve_meta_container":"","neve_meta_enable_content_width":"off","neve_meta_content_width":0,"neve_meta_title_alignment":"","neve_meta_author_avatar":"","neve_post_elements_order":"","neve_meta_disable_header":"","neve_meta_disable_footer":"","neve_meta_disable_title":"","_ti_tpc_template_sync":false,"_ti_tpc_template_id":""},"product_cat":[1916,1942],"product_tag":[2514,2296,2294,2295,1963,2293],"class_list":["post-33327","product","type-product","status-publish","has-post-thumbnail","hentry","product_cat-guvenlik-turnikeleri","product_cat-tripod-turnike","product_tag-mobil-turnike","product_tag-tasinabilir-guvenlik-turnikeleri","product_tag-tasinabilir-turnike","product_tag-tasinabilir-turnikeler","product_tag-tripod-turnikesi","product_tag-turnike-erisim-kontrolu"],"_links":{"self":[{"href":"https:\/\/mairsturnstile.com\/tr\/wp-json\/wp\/v2\/product\/33327","targetHints":{"allow":["GET"]}}],"collection":[{"href":"https:\/\/mairsturnstile.com\/tr\/wp-json\/wp\/v2\/product"}],"about":[{"href":"https:\/\/mairsturnstile.com\/tr\/wp-json\/wp\/v2\/types\/product"}],"replies":[{"embeddable":true,"href":"https:\/\/mairsturnstile.com\/tr\/wp-json\/wp\/v2\/comments?post=33327"}],"version-history":[{"count":0,"href":"https:\/\/mairsturnstile.com\/tr\/wp-json\/wp\/v2\/product\/33327\/revisions"}],"wp:featuredmedia":[{"embeddable":true,"href":"https:\/\/mairsturnstile.com\/tr\/wp-json\/wp\/v2\/media\/56779"}],"wp:attachment":[{"href":"https:\/\/mairsturnstile.com\/tr\/wp-json\/wp\/v2\/media?parent=33327"}],"wp:term":[{"taxonomy":"product_cat","embeddable":true,"href":"https:\/\/mairsturnstile.com\/tr\/wp-json\/wp\/v2\/product_cat?post=33327"},{"taxonomy":"product_tag","embeddable":true,"href":"https:\/\/mairsturnstile.com\/tr\/wp-json\/wp\/v2\/product_tag?post=33327"}],"curies":[{"name":"wp","href":"https:\/\/api.w.org\/{rel}","templated":true}]}}