{"id":33329,"date":"2020-09-13T17:51:00","date_gmt":"2020-09-13T09:51:00","guid":{"rendered":"https:\/\/mairsturnstile.com\/product\/tripod-guvenlik-kapilari-mt121"},"modified":"2023-10-31T15:48:09","modified_gmt":"2023-10-31T07:48:09","slug":"tripod-turnike-malezya-fiyat","status":"publish","type":"product","link":"https:\/\/mairsturnstile.com\/tr\/urun\/tripod-turnike-malezya-fiyat","title":{"rendered":"TR\u0130POD G\u00dcVENL\u0130K KAPILARI MT121"},"content":{"rendered":"        <!-- 3D Model html -->\r\n        <div class=\"bp_grand wrapper_20725\">   \r\n        <div class=\"bp_model_parent\">\r\n            <model-viewer class=\"model\" id=\"bp_model_id_20725\" src=\"http:\/\/mairsturnstile.com\/wp-content\/uploads\/2023\/06\/MT121.glb\" alt=\"MT121\" camera-controls  loading=\"auto\" auto-rotate                        >\r\n            <\/model-viewer>\r\n        \r\n            <!-- Button -->\r\n            <svg id=\"openBtn\" width=\"30px\" height=\"30px\" viewBox=\"0 0 16 16\" xmlns=\"http:\/\/www.w3.org\/2000\/svg\" fill=\"#f2f2f2\" class=\"bi bi-arrows-fullscreen model-icon\">\r\n                <path fill-rule=\"evenodd\" d=\"M5.828 10.172a.5.5 0 0 0-.707 0l-4.096 4.096V11.5a.5.5 0 0 0-1 0v3.975a.5.5 0 0 0 .5.5H4.5a.5.5 0 0 0 0-1H1.732l4.096-4.096a.5.5 0 0 0 0-.707zm4.344 0a.5.5 0 0 1 .707 0l4.096 4.096V11.5a.5.5 0 1 1 1 0v3.975a.5.5 0 0 1-.5.5H11.5a.5.5 0 0 1 0-1h2.768l-4.096-4.096a.5.5 0 0 1 0-.707zm0-4.344a.5.5 0 0 0 .707 0l4.096-4.096V4.5a.5.5 0 1 0 1 0V.525a.5.5 0 0 0-.5-.5H11.5a.5.5 0 0 0 0 1h2.768l-4.096 4.096a.5.5 0 0 0 0 .707zm-4.344 0a.5.5 0 0 1-.707 0L1.025 1.732V4.5a.5.5 0 0 1-1 0V.525a.5.5 0 0 1 .5-.5H4.5a.5.5 0 0 1 0 1H1.732l4.096 4.096a.5.5 0 0 1 0 .707z\"\/>\r\n            <\/svg>\r\n        \r\n            <svg id=\"closeBtn\" class=\"model-icon\" width=\"34px\" height=\"34px\" viewBox=\"0 0 24 24\" xmlns=\"http:\/\/www.w3.org\/2000\/svg\">\r\n                <path fill=\"none\" stroke=\"#f2f2f2\" stroke-width=\"2\" d=\"M7,7 L17,17 M7,17 L17,7\"\/>\r\n            <\/svg>\r\n        \r\n        <\/div>\r\n        <\/div> \r\n\r\n        <!-- Model Viewer Style -->\r\n        <style>\r\n            \r\n            .wrapper_20725 .bp_model_parent, #bp_model_id_20725 {\r\n                width: 1150px;\r\n                max-width: 100%;\r\n                                            }\r\n            #bp_model_id_20725 {\r\n                height:700px;\r\n                background-color: #f2f2f2;\r\n            }\r\n            .fullscreen #bp_model_id_20725{\r\n            height: 100%;\r\n            width: 100%;\r\n            }\r\n            .wrapper_20725 .bp_model_parent{\r\n                justify-content: start            }\r\n            model-viewer.model {\r\n                --poster-color: transparent;\r\n            }\r\n        <\/style>\r\n        \r\n        \n<h4>TR\u0130POD TURN\u0130KE MALEZYA F\u0130YATI 2 y\u0131l garantilidir ve dayan\u0131kl\u0131 bak\u0131m ve onar\u0131m deste\u011fi ta\u015f\u0131r.<\/h4>\n<p>OEM ve ODM hizmetleri sa\u011flayabiliriz. \u0130htiya\u00e7lar\u0131n\u0131zdan herhangi birine g\u00f6re derin \u00f6zelle\u015ftirmeyi tamamlayabilen deneyimli tasar\u0131mc\u0131lar\u0131m\u0131z var. 3D render, boyutlu \u00e7izimler gibi bir dizi malzemeyi en k\u0131sa s\u00fcrede sa\u011flayaca\u011f\u0131z. IC\/ID kart okuyucular\u0131, parmak izi taray\u0131c\u0131lar\u0131, QR kodu taray\u0131c\u0131lar\u0131, y\u00fcz tan\u0131ma kameralar\u0131 vb. gibi biyometrik cihazlar da sa\u011fl\u0131yoruz. Bu cihazlar\u0131 tam boy turnike kap\u0131s\u0131na entegre etmeniz gerekiyorsa veya herhangi bir sorunuz varsa, l\u00fctfen <a href=\"https:\/\/mairsturnstile.com\/contact\">bizimle ileti\u015fime ge\u00e7in.<\/a><\/p>\n<p><a href=\"https:\/\/mairsturnstile.com\/category\/tripod-turnstile\">Tripod turnikesi,<\/a> bir binan\u0131n her alan\u0131na yaln\u0131zca yetkili kullan\u0131c\u0131lar\u0131n eri\u015fmesine izin verilmesini sa\u011flamak i\u00e7in g\u00fcvenilir ve etkili bir y\u00f6ntem sunar. Bu <strong>tripod turnike Malezya fiyat\u0131<\/strong>, y\u00fcksek hacimli trafi\u011fi ve korkun\u00e7 ko\u015fullar\u0131 idare etmesi kolay olan son derece verimlidir. Ucuz bir fiyata en iyi kalite ile tripod g\u00fcvenlik kap\u0131lar\u0131 turnike. Mairs en iyi tripod turnike Malezya fiyat\u0131n\u0131 sunuyor.<\/p>\n<p>Ger\u00e7ek senaryonuza g\u00f6re birka\u00e7 dakika i\u00e7inde sizin i\u00e7in bir render da olu\u015fturabiliriz. Ayr\u0131ca ayr\u0131nt\u0131l\u0131 yerle\u015fim ve \u00e7izimlerin yan\u0131 s\u0131ra kurulum \u00e7izimleri de sa\u011fl\u0131yoruz.<\/p>\n\n        \t\n\t<style type=\"text\/css\">\n\t\t.slider-info-20746.bafg-slider-info .bafg-slider-title {\n\t\t\t\t\t\tfont-size: 22px;\n\t\t\t\t\t\t\n\t\t\t\n\t\t\t\t\t}\n\n\t\t.slider-info-20746.bafg-slider-info .bafg-slider-description {\n\t\t\t\n\t\t\t\n\t\t\t\t\t}\n\n\t\t.slider-info-20746.bafg-slider-info .bafg_slider_readmore_button {\n\t\t\t\n\t\t\t\n\t\t\t\n\t\t\t\n\t\t\t\n\t\t\ttext-align: center;\n\n\t\t\t\n\t\t\t\n\t\t\t\n\t\t\t\n\t\t\t\n\t\t\t\n\t\t\t\t\t}\n\n\t\t.slider-info-20746.bafg-slider-info .bafg_slider_readmore_button:hover {\n\n\t\t\t\n\t\t\t\n\t\t\t\t\t}\n\n\t<\/style>\n\t\n        <div class=\"bafg-twentytwenty-container slider-20746 \" bafg-orientation=\"horizontal\" bafg-default-offset=\"0.5\" bafg-before-label=\"Before\" bafg-after-label=\"After\" bafg-overlay=\"yes\" bafg-move-slider-on-hover=\"yes\" bafg-click-to-move=\"no\">\n              \n            <img decoding=\"async\" class=\"skip-lazy\" src=\"http:\/\/mairsturnstile.com\/wp-content\/uploads\/2023\/06\/tripod-turnstile-malaysia-price_4.jpg\" alt=\"\" data-skip-lazy title=\"\">\n            <img decoding=\"async\" class=\"skip-lazy\" src=\"http:\/\/mairsturnstile.com\/wp-content\/uploads\/2023\/06\/tripod-turnstile-malaysia-price_5.jpg\" alt=\"\" data-skip-lazy title=\"\">\n           \n        <\/div>\n\n        \t<div class=\"bafg-slider-info-wraper\">\n\t\t<div style=\"\" class=\"slider-info-20746 bafg-slider-info\">\n\t\t\t\t\t<\/div>\n\t<\/div>\n\t\n        <style type=\"text\/css\">\n            \n        <\/style>\n        \n<ul>\n<li>Tripod turnike Malezya fiyat\u0131 kompakt ve uygun maliyetli bir giri\u015f \u00e7\u00f6z\u00fcm\u00fcd\u00fcr.<\/li>\n<li>Tripod g\u00fcvenlik kap\u0131lar\u0131 turnikesi, paslanmaya kar\u015f\u0131 dayan\u0131kl\u0131, sa\u011flam ve dayan\u0131kl\u0131 olan tamamen ya\u011fmur ge\u00e7irmez 304 <a href=\"https:\/\/en.wikipedia.org\/wiki\/Stainless_steel\" target=\"_blank\" rel=\"noopener\">paslanmaz \u00e7elik<\/a> g\u00f6vdeye sahiptir.<\/li>\n<li>Tripod turnikeler hem i\u00e7 hem de d\u0131\u015f mekanlara monte edilebilir. IP oran\u0131 54<\/li>\n<li>Her t\u00fcrl\u00fc \u00fc\u00e7\u00fcnc\u00fc taraf ge\u00e7i\u015f kontrol sistemleriyle (\u00f6rne\u011fin RFID, Parmak \u0130zi, Y\u00fcz tan\u0131ma, Barkod, K\u0131z\u0131l\u00f6tesi termometre) kolayca entegre edilebilen uluslararas\u0131 standart bir r\u00f6le \u00e7\u0131k\u0131\u015f\u0131na sahiptir.<\/li>\n<li>Tripod g\u00fcvenlik kap\u0131lar\u0131 yar\u0131 otomatiktir. Eri\u015fim izni verildi\u011finde kap\u0131y\u0131 a\u00e7mak i\u00e7in kolu hafif\u00e7e itmeniz gerekecektir.<\/li>\n<li>Makul tasar\u0131m ve y\u00fcksek performans, kap\u0131lar\u0131n h\u0131zl\u0131 ve do\u011fru, istikrarl\u0131 ve sessiz hareket etmesini sa\u011flamak i\u00e7indir; d\u00fc\u015f\u00fck g\u00fc\u00e7 t\u00fcketimi, enerji tasarrufu ve \u00e7evre koruma ile.<\/li>\n<li>Uzun servis \u00f6mr\u00fc i\u00e7in dayan\u0131kl\u0131, korozyona dayan\u0131kl\u0131, a\u011f\u0131r hizmet tipi kal\u0131p mekanizmas\u0131<\/li>\n<li>Mekanizma kal\u0131p tasar\u0131m\u0131d\u0131r. T\u00fcm bile\u015fenler hassast\u0131r. Kap\u0131 sisteminin d\u00fc\u015f\u00fck g\u00fcr\u00fclt\u00fc ile sorunsuz \u00e7al\u0131\u015fmas\u0131n\u0131 sa\u011flar. Hidrolik amortis\u00f6r eklenebilir.<\/li>\n<li>Tripod turnike tasar\u0131m\u0131 ayn\u0131 anda sadece bir ki\u015finin ge\u00e7mesini sa\u011flar.<\/li>\n<li>Eri\u015fim kontrol\u00fc i\u00e7in uygun fiyatl\u0131 tripod turnike Malezya fiyat\u0131.<\/li>\n<li>Tek y\u00f6nl\u00fc veya \u00c7ift y\u00f6nl\u00fc bir se\u00e7enektir.<\/li>\n<li>Uygun fiyatl\u0131 tripod turnike Malezya fiyat\u0131.<\/li>\n<li>\u00dcstte LED y\u00f6n g\u00f6sterge \u0131\u015f\u0131\u011f\u0131<\/li>\n<li>Otomatik saat fonksiyonu: A\u00e7\u0131k bir sinyal al\u0131nd\u0131\u011f\u0131nda ancak ziyaret\u00e7i belirli bir s\u00fcre i\u00e7inde (varsay\u0131lan 5 saniye) kap\u0131dan ge\u00e7mezse, turnike kolu otomatik olarak kilitlenir.<\/li>\n<\/ul>\n<p>Elektrik kesildi\u011finde tripod turnike kollar\u0131, yang\u0131n g\u00fcvenli\u011fi gerekliliklerine uygun olarak serbest ge\u00e7i\u015fe izin vermek i\u00e7in otomatik olarak a\u015fa\u011f\u0131 inecektir.<\/p>\n<p>T\u00fcm g\u00fcvenlik eri\u015fim kontrol\u00fc \u00e7\u00f6z\u00fcm\u00fcn\u00fc sa\u011flayabiliriz. Kendi ge\u00e7i\u015f kontrol sisteminiz varsa, do\u011frudan turnike kap\u0131m\u0131z\u0131 kullanabilirsiniz. E\u011fer yoksa, eksiksiz bir g\u00fcvenlik eri\u015fim kontrol\u00fc \u00e7\u00f6z\u00fcm\u00fc de sa\u011fl\u0131yoruz. Ayr\u0131nt\u0131lar i\u00e7in l\u00fctfen a\u015fa\u011f\u0131daki videoya bak\u0131n.<\/p>\n<p><iframe title=\"YouTube video oynat\u0131c\u0131\" src=\"https:\/\/www.youtube.com\/embed\/YQdplb9BbzA?si=31nr5SKIwupn_R2B\" width=\"1150\" height=\"650\" frameborder=\"0\" allowfullscreen=\"allowfullscreen\"><span data-mce-type=\"bookmark\" style=\"display: inline-block; width: 0px; overflow: hidden; line-height: 0;\" class=\"mce_SELRES_start\"><\/span><\/iframe><\/p>\n","protected":false},"excerpt":{"rendered":"<p>1. Boyut: 1200*280*980 mm (\u00f6zelle\u015ftirilebilir)<\/p>\n<p>2. \u015eerit geni\u015fli\u011fi: 550 mm (\u00f6zelle\u015ftirilebilir)<\/p>\n<p>3. Ge\u00e7i\u015f h\u0131z\u0131: 35 ki\u015fi\/dk<\/p>\n<p>4. G\u00fc\u00e7 kayna\u011f\u0131: 110V\/220V<\/p>\n<p>5. A\u011f\u0131rl\u0131k: 55 kg<\/p>\n<p>6. Kap\u0131 A\u00e7\u0131k Sinyali: Kuru Kontak\/ R\u00f6le<\/p>\n<p>7. 24V solenoid<\/p>\n<p>8. Mekanizman\u0131n g\u00fcvenilirli\u011fi: 3 milyon, hatas\u0131z<\/p>\n<p>9. Operasyon yolu: yar\u0131 otomatik<\/p>\n<p><span style=\"color: #0000ff;\"><strong><a style=\"color: #0000ff;\" title=\"Mairs CE Belgeli Tripod Turnike 121\" href=\"http:\/\/mairsturnstile.com\/wp-content\/uploads\/2022\/09\/Mairs-CE-Certificate-MT121.pdf\" target=\"_blank\" rel=\"noopener noreferrer\">CE Belgeli,<\/a> <a style=\"color: #0000ff;\" title=\"Mairs ISO9001 Sertifikas\u0131\" href=\"http:\/\/mairsturnstile.com\/wp-content\/uploads\/2022\/09\/Mairs-Registration-Certificate-ISO9001.pdf\" target=\"_blank\" rel=\"noopener noreferrer\">ISO9001 Sertifikal\u0131.<\/a><\/strong><\/span><\/p>\n","protected":false},"featured_media":29174,"comment_status":"closed","ping_status":"closed","template":"","meta":{"neve_meta_sidebar":"","neve_meta_container":"","neve_meta_enable_content_width":"off","neve_meta_content_width":0,"neve_meta_title_alignment":"","neve_meta_author_avatar":"","neve_post_elements_order":"","neve_meta_disable_header":"","neve_meta_disable_footer":"","neve_meta_disable_title":"","_ti_tpc_template_sync":false,"_ti_tpc_template_id":""},"product_cat":[1916,1942],"product_tag":[1943,2302,2301,1963,2300,2299],"class_list":["post-33329","product","type-product","status-publish","has-post-thumbnail","hentry","product_cat-guvenlik-turnikeleri","product_cat-tripod-turnike","product_tag-tripod-turnike-kapisi","product_tag-tripod-turnike-malezya","product_tag-tripod-turnike-malezya-fiyati","product_tag-tripod-turnikesi","product_tag-turnike-fiyati-malezya","product_tag-turnike-kapisi-malezya"],"_links":{"self":[{"href":"https:\/\/mairsturnstile.com\/tr\/wp-json\/wp\/v2\/product\/33329","targetHints":{"allow":["GET"]}}],"collection":[{"href":"https:\/\/mairsturnstile.com\/tr\/wp-json\/wp\/v2\/product"}],"about":[{"href":"https:\/\/mairsturnstile.com\/tr\/wp-json\/wp\/v2\/types\/product"}],"replies":[{"embeddable":true,"href":"https:\/\/mairsturnstile.com\/tr\/wp-json\/wp\/v2\/comments?post=33329"}],"version-history":[{"count":0,"href":"https:\/\/mairsturnstile.com\/tr\/wp-json\/wp\/v2\/product\/33329\/revisions"}],"wp:featuredmedia":[{"embeddable":true,"href":"https:\/\/mairsturnstile.com\/tr\/wp-json\/wp\/v2\/media\/29174"}],"wp:attachment":[{"href":"https:\/\/mairsturnstile.com\/tr\/wp-json\/wp\/v2\/media?parent=33329"}],"wp:term":[{"taxonomy":"product_cat","embeddable":true,"href":"https:\/\/mairsturnstile.com\/tr\/wp-json\/wp\/v2\/product_cat?post=33329"},{"taxonomy":"product_tag","embeddable":true,"href":"https:\/\/mairsturnstile.com\/tr\/wp-json\/wp\/v2\/product_tag?post=33329"}],"curies":[{"name":"wp","href":"https:\/\/api.w.org\/{rel}","templated":true}]}}