{"id":33333,"date":"2020-09-13T17:59:07","date_gmt":"2020-09-13T09:59:07","guid":{"rendered":"https:\/\/mairsturnstile.com\/product\/tripod-erisim-kontrol-sistemi-turnike-mt152"},"modified":"2023-10-31T15:45:57","modified_gmt":"2023-10-31T07:45:57","slug":"tripod-erisim-kontrol-sistemi","status":"publish","type":"product","link":"https:\/\/mairsturnstile.com\/tr\/urun\/tripod-erisim-kontrol-sistemi","title":{"rendered":"TR\u0130POD ER\u0130\u015e\u0130M KONTROL S\u0130STEM\u0130 TURN\u0130KE MT152"},"content":{"rendered":"        <!-- 3D Model html -->\r\n        <div class=\"bp_grand wrapper_20730\">   \r\n        <div class=\"bp_model_parent\">\r\n            <model-viewer class=\"model\" id=\"bp_model_id_20730\" src=\"http:\/\/mairsturnstile.com\/wp-content\/uploads\/2023\/06\/MT152.glb\" alt=\"MT152\" camera-controls  loading=\"auto\" auto-rotate                        >\r\n            <\/model-viewer>\r\n        \r\n            <!-- Button -->\r\n            <svg id=\"openBtn\" width=\"30px\" height=\"30px\" viewBox=\"0 0 16 16\" xmlns=\"http:\/\/www.w3.org\/2000\/svg\" fill=\"#f2f2f2\" class=\"bi bi-arrows-fullscreen model-icon\">\r\n                <path fill-rule=\"evenodd\" d=\"M5.828 10.172a.5.5 0 0 0-.707 0l-4.096 4.096V11.5a.5.5 0 0 0-1 0v3.975a.5.5 0 0 0 .5.5H4.5a.5.5 0 0 0 0-1H1.732l4.096-4.096a.5.5 0 0 0 0-.707zm4.344 0a.5.5 0 0 1 .707 0l4.096 4.096V11.5a.5.5 0 1 1 1 0v3.975a.5.5 0 0 1-.5.5H11.5a.5.5 0 0 1 0-1h2.768l-4.096-4.096a.5.5 0 0 1 0-.707zm0-4.344a.5.5 0 0 0 .707 0l4.096-4.096V4.5a.5.5 0 1 0 1 0V.525a.5.5 0 0 0-.5-.5H11.5a.5.5 0 0 0 0 1h2.768l-4.096 4.096a.5.5 0 0 0 0 .707zm-4.344 0a.5.5 0 0 1-.707 0L1.025 1.732V4.5a.5.5 0 0 1-1 0V.525a.5.5 0 0 1 .5-.5H4.5a.5.5 0 0 1 0 1H1.732l4.096 4.096a.5.5 0 0 1 0 .707z\"\/>\r\n            <\/svg>\r\n        \r\n            <svg id=\"closeBtn\" class=\"model-icon\" width=\"34px\" height=\"34px\" viewBox=\"0 0 24 24\" xmlns=\"http:\/\/www.w3.org\/2000\/svg\">\r\n                <path fill=\"none\" stroke=\"#f2f2f2\" stroke-width=\"2\" d=\"M7,7 L17,17 M7,17 L17,7\"\/>\r\n            <\/svg>\r\n        \r\n        <\/div>\r\n        <\/div> \r\n\r\n        <!-- Model Viewer Style -->\r\n        <style>\r\n            \r\n            .wrapper_20730 .bp_model_parent, #bp_model_id_20730 {\r\n                width: 1150px;\r\n                max-width: 100%;\r\n                                            }\r\n            #bp_model_id_20730 {\r\n                height:700px;\r\n                background-color: #f2f2f2;\r\n            }\r\n            .fullscreen #bp_model_id_20730{\r\n            height: 100%;\r\n            width: 100%;\r\n            }\r\n            .wrapper_20730 .bp_model_parent{\r\n                justify-content: start            }\r\n            model-viewer.model {\r\n                --poster-color: transparent;\r\n            }\r\n        <\/style>\r\n        \r\n        \n<h4>TR\u0130POD ER\u0130\u015e\u0130M KONTROL S\u0130STEM\u0130 TURN\u0130KES\u0130 2 y\u0131l garantili olup, uzun s\u00fcreli bak\u0131m ve onar\u0131m deste\u011fine sahiptir.<\/h4>\n<p>OEM ve ODM hizmetleri sa\u011flayabiliriz. \u0130htiya\u00e7lar\u0131n\u0131zdan herhangi birine g\u00f6re derin \u00f6zelle\u015ftirmeyi tamamlayabilen deneyimli tasar\u0131mc\u0131lar\u0131m\u0131z var. 3D render, boyutlu \u00e7izimler gibi bir dizi malzemeyi en k\u0131sa s\u00fcrede sa\u011flayaca\u011f\u0131z. IC\/ID kart okuyucular\u0131, parmak izi taray\u0131c\u0131lar\u0131, QR kodu taray\u0131c\u0131lar\u0131, y\u00fcz tan\u0131ma kameralar\u0131 vb. gibi biyometrik cihazlar da sa\u011fl\u0131yoruz. Bu cihazlar\u0131 tam boy turnike kap\u0131s\u0131na entegre etmeniz gerekiyorsa veya herhangi bir sorunuz varsa, l\u00fctfen <a href=\"https:\/\/mairsturnstile.com\/contact\">bizimle ileti\u015fime ge\u00e7in.<\/a><\/p>\n<p><a href=\"https:\/\/mairsturnstile.com\/category\/tripod-turnstile\">Tripod Turnike,<\/a> bir binan\u0131n her alan\u0131na yaln\u0131zca yetkili kullan\u0131c\u0131lar\u0131n eri\u015fmesine izin verilmesini sa\u011flamak i\u00e7in g\u00fcvenilir ve verimli bir y\u00f6ntem sunar.<\/p>\n<p>Ger\u00e7ek senaryonuza g\u00f6re birka\u00e7 dakika i\u00e7inde sizin i\u00e7in bir render da olu\u015fturabiliriz. Ayr\u0131ca ayr\u0131nt\u0131l\u0131 yerle\u015fim ve \u00e7izimlerin yan\u0131 s\u0131ra kurulum \u00e7izimleri de sa\u011fl\u0131yoruz.<\/p>\n\n        \t\n\t<style type=\"text\/css\">\n\t\t.slider-info-20744.bafg-slider-info .bafg-slider-title {\n\t\t\t\t\t\tfont-size: 22px;\n\t\t\t\t\t\t\n\t\t\t\n\t\t\t\t\t}\n\n\t\t.slider-info-20744.bafg-slider-info .bafg-slider-description {\n\t\t\t\n\t\t\t\n\t\t\t\t\t}\n\n\t\t.slider-info-20744.bafg-slider-info .bafg_slider_readmore_button {\n\t\t\t\n\t\t\t\n\t\t\t\n\t\t\t\n\t\t\t\n\t\t\ttext-align: center;\n\n\t\t\t\n\t\t\t\n\t\t\t\n\t\t\t\n\t\t\t\n\t\t\t\n\t\t\t\t\t}\n\n\t\t.slider-info-20744.bafg-slider-info .bafg_slider_readmore_button:hover {\n\n\t\t\t\n\t\t\t\n\t\t\t\t\t}\n\n\t<\/style>\n\t\n        <div class=\"bafg-twentytwenty-container slider-20744 \" bafg-orientation=\"horizontal\" bafg-default-offset=\"0.5\" bafg-before-label=\"Before\" bafg-after-label=\"After\" bafg-overlay=\"yes\" bafg-move-slider-on-hover=\"yes\" bafg-click-to-move=\"no\">\n              \n            <img decoding=\"async\" class=\"skip-lazy\" src=\"http:\/\/mairsturnstile.com\/wp-content\/uploads\/2020\/09\/tripod-access-control-system-4.jpg\" alt=\"tripod access control system\" data-skip-lazy title=\"\">\n            <img decoding=\"async\" class=\"skip-lazy\" src=\"http:\/\/mairsturnstile.com\/wp-content\/uploads\/2020\/09\/tripod-access-control-system-5.jpg\" alt=\"tripod access control system\" data-skip-lazy title=\"\">\n           \n        <\/div>\n\n        \t<div class=\"bafg-slider-info-wraper\">\n\t\t<div style=\"\" class=\"slider-info-20744 bafg-slider-info\">\n\t\t\t\t\t<\/div>\n\t<\/div>\n\t\n        <style type=\"text\/css\">\n            \n        <\/style>\n        \n<ul>\n<li>Tripod eri\u015fim kontrol sistemi turnikeleri kompakt ve uygun maliyetli giri\u015f \u00e7\u00f6z\u00fcmleridir.<\/li>\n<li>The tripod access control system turnstile has fully rainproofed 304 stainless steel housing, which is rust-resistant, solid, durable.<\/li>\n<li>Tripod turnikeler hem i\u00e7 hem de d\u0131\u015f mekanlara monte edilebilir. IP oran\u0131 54<\/li>\n<li>Her t\u00fcrl\u00fc \u00fc\u00e7\u00fcnc\u00fc taraf ge\u00e7i\u015f kontrol sistemleriyle (\u00f6rne\u011fin RFID, Parmak \u0130zi, Y\u00fcz tan\u0131ma<a href=\"https:\/\/en.wikipedia.org\/wiki\/Barcode\" target=\"_blank\" rel=\"noopener\">, Barkod<\/a>, K\u0131z\u0131l\u00f6tesi termometre) kolayca entegre edilebilen uluslararas\u0131 standart bir r\u00f6le \u00e7\u0131k\u0131\u015f\u0131na sahiptir.<\/li>\n<li>Kap\u0131 yar\u0131 otomatiktir. Eri\u015fim izni verildi\u011finde kap\u0131y\u0131 a\u00e7mak i\u00e7in kolu hafif\u00e7e itmeniz gerekecektir.<\/li>\n<li>Makul tasar\u0131m ve y\u00fcksek performans, kap\u0131lar\u0131n h\u0131zl\u0131 ve do\u011fru, istikrarl\u0131 ve sessiz hareket etmesini sa\u011flamak i\u00e7indir; d\u00fc\u015f\u00fck g\u00fc\u00e7 t\u00fcketimi, enerji tasarrufu ve \u00e7evre koruma ile.<\/li>\n<li>Uzun servis \u00f6mr\u00fc i\u00e7in dayan\u0131kl\u0131, korozyona dayan\u0131kl\u0131, a\u011f\u0131r hizmet tipi kal\u0131p mekanizmas\u0131<\/li>\n<li>Mekanizma kal\u0131p tasar\u0131m\u0131d\u0131r. T\u00fcm bile\u015fenler hassast\u0131r ve. Kap\u0131 sisteminin d\u00fc\u015f\u00fck g\u00fcr\u00fclt\u00fc ile sorunsuz \u00e7al\u0131\u015fmas\u0131n\u0131 sa\u011flar. Hidrolik amortis\u00f6r eklenebilir.<\/li>\n<li>Tripod turnike tasar\u0131m\u0131 ayn\u0131 anda sadece bir ki\u015finin ge\u00e7mesini sa\u011flar.<\/li>\n<li>Mekanizman\u0131n g\u00fcvenilirli\u011fi: 3 milyon, hatas\u0131z<\/li>\n<li>Tek y\u00f6nl\u00fc veya \u00c7ift y\u00f6nl\u00fc bir se\u00e7enektir.<\/li>\n<li>\u00dcstte LED y\u00f6n g\u00f6sterge \u0131\u015f\u0131\u011f\u0131<\/li>\n<li>Otomatik saat fonksiyonu: A\u00e7\u0131k bir sinyal al\u0131nd\u0131\u011f\u0131nda ancak ziyaret\u00e7i belirli bir s\u00fcre i\u00e7inde (varsay\u0131lan 5 saniye) kap\u0131dan ge\u00e7mezse, turnike kolu otomatik olarak kilitlenir.<\/li>\n<li>G\u00fc\u00e7 kapat\u0131ld\u0131\u011f\u0131nda tripod turnike kollar\u0131, yang\u0131n g\u00fcvenli\u011fi gerekliliklerine uygun olarak serbest ge\u00e7i\u015fe izin vermek i\u00e7in otomatik olarak a\u015fa\u011f\u0131 inecektir.<\/li>\n<\/ul>\n<p><iframe title=\"Otomatik tripod turnikesi, tripod turnike kap\u0131s\u0131, tripod turnike \u00e7\u00f6z\u00fcm\u00fc - MaersTurnstile\" src=\"https:\/\/www.youtube.com\/embed\/6LIOkb5RGwk\" width=\"1150\" height=\"650\" frameborder=\"0\" allowfullscreen=\"allowfullscreen\"><\/iframe><\/p>\n","protected":false},"excerpt":{"rendered":"<p>1. Boyut: 1400*280*980 mm (\u00f6zelle\u015ftirilebilir)<\/p>\n<p>2. \u015eerit geni\u015fli\u011fi: 550 mm (\u00f6zelle\u015ftirilebilir)<\/p>\n<p>3. Ge\u00e7i\u015f h\u0131z\u0131: 35 ki\u015fi\/dk<\/p>\n<p>4. G\u00fc\u00e7 kayna\u011f\u0131: 110V\/220V 50\/60Hz<\/p>\n<p>5. Tripod eri\u015fim kontrol sistemi A\u011f\u0131rl\u0131k: 60 kg<\/p>\n<p>6. Kap\u0131 A\u00e7\u0131k Sinyali: Kuru Kontak\/ R\u00f6le<\/p>\n<p>7. Kol koruyucu k\u0131l\u0131f eklenebilir<\/p>\n<p>8. \u015eok emici i\u00e7in hidrolik amortis\u00f6rl\u00fc mekanizma<\/p>\n<p>9. \u00c7al\u0131\u015fma yolu: Yar\u0131 otomatik<\/p>\n<p><strong><a title=\"Mairs CE Belgeli Tripod Turnike\" href=\"http:\/\/mairsturnstile.com\/wp-content\/uploads\/2022\/09\/Mairs-CE-Certificate-Tripod-Turnstile.pdf\" target=\"_blank\" rel=\"noopener noreferrer\">CE Belgeli,<\/a> <a title=\"Mairs ISO9001 Sertifikas\u0131\" href=\"http:\/\/mairsturnstile.com\/wp-content\/uploads\/2022\/09\/Mairs-Registration-Certificate-ISO9001.pdf\" target=\"_blank\" rel=\"noopener noreferrer\">ISO9001 Sertifikal\u0131.<\/a><\/strong><\/p>\n","protected":false},"featured_media":59730,"comment_status":"closed","ping_status":"closed","template":"","meta":{"neve_meta_sidebar":"","neve_meta_container":"","neve_meta_enable_content_width":"off","neve_meta_content_width":0,"neve_meta_title_alignment":"","neve_meta_author_avatar":"","neve_post_elements_order":"","neve_meta_disable_header":"","neve_meta_disable_footer":"","neve_meta_disable_title":"","_ti_tpc_template_sync":false,"_ti_tpc_template_id":""},"product_cat":[1916,1942],"product_tag":[2315,2314,2316,2227,2317],"class_list":["post-33333","product","type-product","status-publish","has-post-thumbnail","hentry","product_cat-guvenlik-turnikeleri","product_cat-tripod-turnike","product_tag-tripod-erisim-kontrol-sistemi","product_tag-tripod-erisim-kontrolu","product_tag-tripod-erisim-sistemi","product_tag-turnike-erisim-kontrol-sistemi","product_tag-turnike-gecis-kontrol-guvenlik-sistemleri"],"_links":{"self":[{"href":"https:\/\/mairsturnstile.com\/tr\/wp-json\/wp\/v2\/product\/33333","targetHints":{"allow":["GET"]}}],"collection":[{"href":"https:\/\/mairsturnstile.com\/tr\/wp-json\/wp\/v2\/product"}],"about":[{"href":"https:\/\/mairsturnstile.com\/tr\/wp-json\/wp\/v2\/types\/product"}],"replies":[{"embeddable":true,"href":"https:\/\/mairsturnstile.com\/tr\/wp-json\/wp\/v2\/comments?post=33333"}],"version-history":[{"count":0,"href":"https:\/\/mairsturnstile.com\/tr\/wp-json\/wp\/v2\/product\/33333\/revisions"}],"wp:featuredmedia":[{"embeddable":true,"href":"https:\/\/mairsturnstile.com\/tr\/wp-json\/wp\/v2\/media\/59730"}],"wp:attachment":[{"href":"https:\/\/mairsturnstile.com\/tr\/wp-json\/wp\/v2\/media?parent=33333"}],"wp:term":[{"taxonomy":"product_cat","embeddable":true,"href":"https:\/\/mairsturnstile.com\/tr\/wp-json\/wp\/v2\/product_cat?post=33333"},{"taxonomy":"product_tag","embeddable":true,"href":"https:\/\/mairsturnstile.com\/tr\/wp-json\/wp\/v2\/product_tag?post=33333"}],"curies":[{"name":"wp","href":"https:\/\/api.w.org\/{rel}","templated":true}]}}