{"id":33337,"date":"2021-05-12T16:34:32","date_gmt":"2021-05-12T08:34:32","guid":{"rendered":"https:\/\/mairsturnstile.com\/product\/satilik-hiz-kapisi-turnike-hiz-kapilari-mt-a308"},"modified":"2023-11-01T10:46:33","modified_gmt":"2023-11-01T02:46:33","slug":"hizli-kapilar-irlanda","status":"publish","type":"product","link":"https:\/\/mairsturnstile.com\/tr\/urun\/hizli-kapilar-irlanda","title":{"rendered":"Sat\u0131l\u0131k H\u0131z Kap\u0131s\u0131 Turnike H\u0131z Kap\u0131lar\u0131 MT-A308"},"content":{"rendered":"        <!-- 3D Model html -->\r\n        <div class=\"bp_grand wrapper_24282\">   \r\n        <div class=\"bp_model_parent\">\r\n            <model-viewer class=\"model\" id=\"bp_model_id_24282\" src=\"http:\/\/mairsturnstile.com\/wp-content\/uploads\/2023\/06\/MT-A308.glb\" alt=\"MT-A308\" camera-controls  loading=\"auto\" auto-rotate                        >\r\n            <\/model-viewer>\r\n        \r\n            <!-- Button -->\r\n            <svg id=\"openBtn\" width=\"30px\" height=\"30px\" viewBox=\"0 0 16 16\" xmlns=\"http:\/\/www.w3.org\/2000\/svg\" fill=\"#f2f2f2\" class=\"bi bi-arrows-fullscreen model-icon\">\r\n                <path fill-rule=\"evenodd\" d=\"M5.828 10.172a.5.5 0 0 0-.707 0l-4.096 4.096V11.5a.5.5 0 0 0-1 0v3.975a.5.5 0 0 0 .5.5H4.5a.5.5 0 0 0 0-1H1.732l4.096-4.096a.5.5 0 0 0 0-.707zm4.344 0a.5.5 0 0 1 .707 0l4.096 4.096V11.5a.5.5 0 1 1 1 0v3.975a.5.5 0 0 1-.5.5H11.5a.5.5 0 0 1 0-1h2.768l-4.096-4.096a.5.5 0 0 1 0-.707zm0-4.344a.5.5 0 0 0 .707 0l4.096-4.096V4.5a.5.5 0 1 0 1 0V.525a.5.5 0 0 0-.5-.5H11.5a.5.5 0 0 0 0 1h2.768l-4.096 4.096a.5.5 0 0 0 0 .707zm-4.344 0a.5.5 0 0 1-.707 0L1.025 1.732V4.5a.5.5 0 0 1-1 0V.525a.5.5 0 0 1 .5-.5H4.5a.5.5 0 0 1 0 1H1.732l4.096 4.096a.5.5 0 0 1 0 .707z\"\/>\r\n            <\/svg>\r\n        \r\n            <svg id=\"closeBtn\" class=\"model-icon\" width=\"34px\" height=\"34px\" viewBox=\"0 0 24 24\" xmlns=\"http:\/\/www.w3.org\/2000\/svg\">\r\n                <path fill=\"none\" stroke=\"#f2f2f2\" stroke-width=\"2\" d=\"M7,7 L17,17 M7,17 L17,7\"\/>\r\n            <\/svg>\r\n        \r\n        <\/div>\r\n        <\/div> \r\n\r\n        <!-- Model Viewer Style -->\r\n        <style>\r\n            \r\n            .wrapper_24282 .bp_model_parent, #bp_model_id_24282 {\r\n                width: 1150px;\r\n                max-width: 100%;\r\n                                            }\r\n            #bp_model_id_24282 {\r\n                height:700px;\r\n                background-color: #f2f2f2;\r\n            }\r\n            .fullscreen #bp_model_id_24282{\r\n            height: 100%;\r\n            width: 100%;\r\n            }\r\n            .wrapper_24282 .bp_model_parent{\r\n                justify-content: start            }\r\n            model-viewer.model {\r\n                --poster-color: transparent;\r\n            }\r\n        <\/style>\r\n        \r\n        \n<h4><strong><b>BU \u00dcST D\u00dcZEY HIZLI KAPILAR \u0130rlanda Lobiler i\u00e7in Turnike <\/b><\/strong><strong><b>ta\u015f\u0131r<\/b><\/strong><strong><b> 2 y\u0131l garanti ve uzun s\u00fcreli bak\u0131m ve onar\u0131m deste\u011fi.<\/b><\/strong><strong><b> <\/b><\/strong><\/h4>\n<p>OEM ve ODM hizmetleri sa\u011flayabiliriz. \u0130htiya\u00e7lar\u0131n\u0131zdan herhangi birine g\u00f6re derin \u00f6zelle\u015ftirmeyi tamamlayabilen deneyimli tasar\u0131mc\u0131lar\u0131m\u0131z var. 3D render, boyutlu \u00e7izimler gibi bir dizi malzemeyi en k\u0131sa s\u00fcrede sa\u011flayaca\u011f\u0131z. IC\/ID kart okuyucular\u0131, parmak izi taray\u0131c\u0131lar\u0131, QR kodu taray\u0131c\u0131lar\u0131, y\u00fcz tan\u0131ma kameralar\u0131 vb. gibi biyometrik cihazlar da sa\u011fl\u0131yoruz.<\/p>\n<h4><strong><b>Maers, Speed Gates Ireland&#8217;\u0131 ihtiya\u00e7lar\u0131n\u0131za g\u00f6re \u00f6zelle\u015ftirebilir. IC\/ID kart okuyucular\u0131, parmak izi taray\u0131c\u0131lar\u0131, QR kodu taray\u0131c\u0131lar\u0131, y\u00fcz tan\u0131ma kameralar\u0131 vb. gibi biyometrik cihazlar da sa\u011fl\u0131yoruz. <a href=\"https:\/\/mairsturnstile.com\/speed-gate-turnstile.html\">H\u0131zl\u0131 kap\u0131 turnikesi <\/a><\/b><\/strong><strong>\u00fcreticiler &#8211; Mairs, en kaliteli h\u0131zl\u0131 kap\u0131 \u0130rlanda d\u00f6ner turnikesini uygun fiyata sunuyor.<\/strong><\/h4>\n<p>Bu Speed Gates \u0130rlanda, Servo motorla daha h\u0131zl\u0131 a\u00e7\u0131lma h\u0131z\u0131na sahip, pazara zaman\u0131nda yan\u0131t veren bir Mod\u00fcler okuyucu paneli kullan\u0131r ve daha g\u00fc\u00e7l\u00fc arka kap\u0131 alg\u0131lamas\u0131 i\u00e7in 10 \u00e7ift k\u0131z\u0131l\u00f6tesi sens\u00f6r kullan\u0131l\u0131r.<\/p>\n<p>Kabuk malzemesi SUS304 paslanmaz \u00e7eliktir, Daha y\u00fcksek dayan\u0131kl\u0131l\u0131\u011fa sahiptir ve daha uzun bir \u00fcr\u00fcn \u00f6mr\u00fcne sahiptir, De\u011fi\u015ftirmesi kolayd\u0131r ve kurulumu kolayd\u0131r &#8211; RFID, <a href=\"https:\/\/en.wikipedia.org\/wiki\/Fingerprint\" target=\"_blank\" rel=\"noopener\">parmak izi<\/a>, y\u00fcz vb.<\/p>\n<p>\u0130ki y\u00f6nl\u00fc \u00e7al\u0131\u015fma kontrol\u00fc, \u0130ki y\u00f6nl\u00fc led kanal g\u00f6stergesi, Kolay kurulum ve bak\u0131m, \u00c7e\u015fitli opsiyonel paneller ve elektrik kesintisi veya acil durumlarda \u00fccretsiz eri\u015fim sa\u011flayan Acil Durum modu bulunmaktad\u0131r.<\/p>\n<p>Ticari binalar\u0131n lobileri, metrolar, havaalanlar\u0131, g\u00fcmr\u00fckler, sergi salonlar\u0131, h\u00fck\u00fcmet binalar\u0131, finans kurumlar\u0131, kul\u00fcpler ve di\u011fer \u00fcst d\u00fczey i\u00e7 mekan uygulamalar\u0131 i\u00e7in uygundur.<\/p>\n<p>Ger\u00e7ek senaryonuza g\u00f6re birka\u00e7 dakika i\u00e7inde sizin i\u00e7in bir render da olu\u015fturabiliriz. Ayr\u0131ca ayr\u0131nt\u0131l\u0131 yerle\u015fim ve \u00e7izimlerin yan\u0131 s\u0131ra kurulum \u00e7izimleri de sa\u011fl\u0131yoruz.<\/p>\n\n        \t\n\t<style type=\"text\/css\">\n\t\t.slider-info-24286.bafg-slider-info .bafg-slider-title {\n\t\t\t\t\t\tfont-size: 22px;\n\t\t\t\t\t\t\n\t\t\t\n\t\t\t\t\t}\n\n\t\t.slider-info-24286.bafg-slider-info .bafg-slider-description {\n\t\t\t\n\t\t\t\n\t\t\t\t\t}\n\n\t\t.slider-info-24286.bafg-slider-info .bafg_slider_readmore_button {\n\t\t\t\n\t\t\t\n\t\t\t\n\t\t\t\n\t\t\t\n\t\t\ttext-align: center;\n\n\t\t\t\n\t\t\t\n\t\t\t\n\t\t\t\n\t\t\t\n\t\t\t\n\t\t\t\t\t}\n\n\t\t.slider-info-24286.bafg-slider-info .bafg_slider_readmore_button:hover {\n\n\t\t\t\n\t\t\t\n\t\t\t\t\t}\n\n\t<\/style>\n\t\n        <div class=\"bafg-twentytwenty-container slider-24286 \" bafg-orientation=\"horizontal\" bafg-default-offset=\"0.5\" bafg-before-label=\"Before\" bafg-after-label=\"After\" bafg-overlay=\"yes\" bafg-move-slider-on-hover=\"yes\" bafg-click-to-move=\"no\">\n              \n            <img decoding=\"async\" class=\"skip-lazy\" src=\"http:\/\/mairsturnstile.com\/wp-content\/uploads\/2023\/06\/speed-gates-ireland_9.jpg\" alt=\"\" data-skip-lazy title=\"\">\n            <img decoding=\"async\" class=\"skip-lazy\" src=\"http:\/\/mairsturnstile.com\/wp-content\/uploads\/2023\/06\/speed-gates-ireland_10.jpg\" alt=\"\" data-skip-lazy title=\"\">\n           \n        <\/div>\n\n        \t<div class=\"bafg-slider-info-wraper\">\n\t\t<div style=\"\" class=\"slider-info-24286 bafg-slider-info\">\n\t\t\t\t\t<\/div>\n\t<\/div>\n\t\n        <style type=\"text\/css\">\n            \n        <\/style>\n        \n<p>Speed Gates \u0130rlanda \u00c7al\u0131\u015fma voltaj\u0131: 24V<\/p>\n<p>\u00c7al\u0131\u015fma nemi: %30~%95<\/p>\n<p>\u00c7al\u0131\u015fma s\u0131cakl\u0131\u011f\u0131: -40\u2103~+70\u2103<\/p>\n<p>Giri\u015f aray\u00fcz\u00fc: RS485, Kuru kontak<\/p>\n<p>Mekanizma: Servo F\u0131r\u00e7as\u0131z motor<\/p>\n<p>K\u0131z\u0131l\u00f6tesi sens\u00f6r: 6 \u00e7ift<\/p>\n<p>MCBF: 5.000.000 D\u00f6ng\u00fc<\/p>\n<p>\u00d6zellik: Kol y\u00fcksekli\u011fi \u00f6zelle\u015ftirilebilir<\/p>\n<p>Uygulama: Havaalanlar\u0131, Oteller, H\u00fck\u00fcmet Binalar\u0131, vb.<\/p>\n<p>T\u00fcm g\u00fcvenlik eri\u015fim kontrol\u00fc \u00e7\u00f6z\u00fcm\u00fcn\u00fc sa\u011flayabiliriz. Kendi ge\u00e7i\u015f kontrol sisteminiz varsa, do\u011frudan turnike kap\u0131m\u0131z\u0131 kullanabilirsiniz. E\u011fer yoksa, eksiksiz bir g\u00fcvenlik eri\u015fim kontrol\u00fc \u00e7\u00f6z\u00fcm\u00fc de sa\u011fl\u0131yoruz. Ayr\u0131nt\u0131lar i\u00e7in l\u00fctfen a\u015fa\u011f\u0131daki videoya bak\u0131n.<\/p>\n<p><iframe title=\"Yeni Tasar\u0131m H\u0131zl\u0131 Ge\u00e7i\u015f Turnikesi, Lobi turnikeleri, Ofis turnikesi - MairsTurnstile.com\" src=\"https:\/\/www.youtube.com\/embed\/izk8WuYn4no\" width=\"1150\" height=\"650\" frameborder=\"0\" allowfullscreen=\"allowfullscreen\"><\/iframe><\/p>\n","protected":false},"excerpt":{"rendered":"<p>1. Boyut: 1500*120*980 mm (\u00f6zelle\u015ftirilebilir)<\/p>\n<p>2. Malzeme: 2.0mm ithal SUS Cilas\u0131 400 # Kar hatt\u0131 ve Mermer \u00dcst kapak<\/p>\n<p>3. Kol malzemesi: 10mm Akrilik<\/p>\n<p>4. Ge\u00e7i\u015f Geni\u015fli\u011fi: 600- 900mm<\/p>\n<p>5. Ge\u00e7i\u015f y\u00f6n\u00fc: Tek y\u00f6nl\u00fc\/\u00c7ift y\u00f6nl\u00fc<\/p>\n<p>6. Ge\u00e7i\u015f oran\u0131: 30-35 ki\u015fi\/dakika<\/p>\n<p>7. \u00c7al\u0131\u015fma s\u00fcresi: 0,2 saniye<\/p>\n<p>8. G\u00fc\u00e7 giri\u015fi: AC100-240V,50\/60HZ<\/p>\n<p>9. \u00c7al\u0131\u015fma ortam\u0131: \u0130\u00e7 mekan<\/p>\n<p><span style=\"color: #0000ff;\"><strong><a style=\"color: #0000ff;\" title=\"Mairs CE Belgeli H\u0131zl\u0131 Ge\u00e7i\u015f Turnikesi\" href=\"http:\/\/mairsturnstile.com\/wp-content\/uploads\/2022\/09\/Mairs-CE-Certificate-Speed-Gate-Turnstile.pdf\" target=\"_blank\" rel=\"noopener noreferrer\">CE Belgeli,<\/a> <a style=\"color: #0000ff;\" title=\"Mairs ISO9001 Sertifikas\u0131\" href=\"http:\/\/mairsturnstile.com\/wp-content\/uploads\/2022\/09\/Mairs-Registration-Certificate-ISO9001.pdf\" target=\"_blank\" rel=\"noopener noreferrer\">ISO9001 Sertifikal\u0131.<\/a><\/strong><\/span><\/p>\n","protected":false},"featured_media":29753,"comment_status":"closed","ping_status":"closed","template":"","meta":{"neve_meta_sidebar":"","neve_meta_container":"","neve_meta_enable_content_width":"off","neve_meta_content_width":0,"neve_meta_title_alignment":"","neve_meta_author_avatar":"","neve_post_elements_order":"","neve_meta_disable_header":"","neve_meta_disable_footer":"","neve_meta_disable_title":"","_ti_tpc_template_sync":false,"_ti_tpc_template_id":""},"product_cat":[1916,1931],"product_tag":[1919,2327,2326,2231,1959],"class_list":["post-33337","product","type-product","status-publish","has-post-thumbnail","hentry","product_cat-guvenlik-turnikeleri","product_cat-hizli-kapilar","product_tag-hiz-kapilari","product_tag-hizli-kapilar-irlanda","product_tag-ofis-turnikesi","product_tag-satilik-hiz-kapilari","product_tag-turnike-giris-kapilari"],"_links":{"self":[{"href":"https:\/\/mairsturnstile.com\/tr\/wp-json\/wp\/v2\/product\/33337","targetHints":{"allow":["GET"]}}],"collection":[{"href":"https:\/\/mairsturnstile.com\/tr\/wp-json\/wp\/v2\/product"}],"about":[{"href":"https:\/\/mairsturnstile.com\/tr\/wp-json\/wp\/v2\/types\/product"}],"replies":[{"embeddable":true,"href":"https:\/\/mairsturnstile.com\/tr\/wp-json\/wp\/v2\/comments?post=33337"}],"version-history":[{"count":0,"href":"https:\/\/mairsturnstile.com\/tr\/wp-json\/wp\/v2\/product\/33337\/revisions"}],"wp:featuredmedia":[{"embeddable":true,"href":"https:\/\/mairsturnstile.com\/tr\/wp-json\/wp\/v2\/media\/29753"}],"wp:attachment":[{"href":"https:\/\/mairsturnstile.com\/tr\/wp-json\/wp\/v2\/media?parent=33337"}],"wp:term":[{"taxonomy":"product_cat","embeddable":true,"href":"https:\/\/mairsturnstile.com\/tr\/wp-json\/wp\/v2\/product_cat?post=33337"},{"taxonomy":"product_tag","embeddable":true,"href":"https:\/\/mairsturnstile.com\/tr\/wp-json\/wp\/v2\/product_tag?post=33337"}],"curies":[{"name":"wp","href":"https:\/\/api.w.org\/{rel}","templated":true}]}}