{"id":33338,"date":"2021-05-12T17:21:20","date_gmt":"2021-05-12T09:21:20","guid":{"rendered":"https:\/\/mairsturnstile.com\/product\/servo-motor-hiz-seritleri-hiz-kapilari-mt364"},"modified":"2023-11-01T10:45:54","modified_gmt":"2023-11-01T02:45:54","slug":"hiz-kapilari-uk","status":"publish","type":"product","link":"https:\/\/mairsturnstile.com\/tr\/urun\/hiz-kapilari-uk","title":{"rendered":"Servo Motor H\u0131z \u015feritleri H\u0131z Kap\u0131lar\u0131 MT364"},"content":{"rendered":"        <!-- 3D Model html -->\r\n        <div class=\"bp_grand wrapper_24273\">   \r\n        <div class=\"bp_model_parent\">\r\n            <model-viewer class=\"model\" id=\"bp_model_id_24273\" src=\"http:\/\/mairsturnstile.com\/wp-content\/uploads\/2023\/06\/MT364.glb\" alt=\"MT364\" camera-controls  loading=\"auto\" auto-rotate                        >\r\n            <\/model-viewer>\r\n        \r\n            <!-- Button -->\r\n            <svg id=\"openBtn\" width=\"30px\" height=\"30px\" viewBox=\"0 0 16 16\" xmlns=\"http:\/\/www.w3.org\/2000\/svg\" fill=\"#f2f2f2\" class=\"bi bi-arrows-fullscreen model-icon\">\r\n                <path fill-rule=\"evenodd\" d=\"M5.828 10.172a.5.5 0 0 0-.707 0l-4.096 4.096V11.5a.5.5 0 0 0-1 0v3.975a.5.5 0 0 0 .5.5H4.5a.5.5 0 0 0 0-1H1.732l4.096-4.096a.5.5 0 0 0 0-.707zm4.344 0a.5.5 0 0 1 .707 0l4.096 4.096V11.5a.5.5 0 1 1 1 0v3.975a.5.5 0 0 1-.5.5H11.5a.5.5 0 0 1 0-1h2.768l-4.096-4.096a.5.5 0 0 1 0-.707zm0-4.344a.5.5 0 0 0 .707 0l4.096-4.096V4.5a.5.5 0 1 0 1 0V.525a.5.5 0 0 0-.5-.5H11.5a.5.5 0 0 0 0 1h2.768l-4.096 4.096a.5.5 0 0 0 0 .707zm-4.344 0a.5.5 0 0 1-.707 0L1.025 1.732V4.5a.5.5 0 0 1-1 0V.525a.5.5 0 0 1 .5-.5H4.5a.5.5 0 0 1 0 1H1.732l4.096 4.096a.5.5 0 0 1 0 .707z\"\/>\r\n            <\/svg>\r\n        \r\n            <svg id=\"closeBtn\" class=\"model-icon\" width=\"34px\" height=\"34px\" viewBox=\"0 0 24 24\" xmlns=\"http:\/\/www.w3.org\/2000\/svg\">\r\n                <path fill=\"none\" stroke=\"#f2f2f2\" stroke-width=\"2\" d=\"M7,7 L17,17 M7,17 L17,7\"\/>\r\n            <\/svg>\r\n        \r\n        <\/div>\r\n        <\/div> \r\n\r\n        <!-- Model Viewer Style -->\r\n        <style>\r\n            \r\n            .wrapper_24273 .bp_model_parent, #bp_model_id_24273 {\r\n                width: 1150px;\r\n                max-width: 100%;\r\n                                            }\r\n            #bp_model_id_24273 {\r\n                height:700px;\r\n                background-color: #f2f2f2;\r\n            }\r\n            .fullscreen #bp_model_id_24273{\r\n            height: 100%;\r\n            width: 100%;\r\n            }\r\n            .wrapper_24273 .bp_model_parent{\r\n                justify-content: start            }\r\n            model-viewer.model {\r\n                --poster-color: transparent;\r\n            }\r\n        <\/style>\r\n        \r\n        \n<h4><strong><b>HIZLI GE\u00c7\u0130TLER \u0130ngiltere, HIZLI \u015eER\u0130TLER \u0130ngiltere ta\u015f\u0131r <\/b><\/strong><strong><b>2 y\u0131l garanti ve uzun s\u00fcreli bak\u0131m ve onar\u0131m deste\u011fi.<\/b><\/strong><strong><b> <\/b><\/strong><\/h4>\n<p>OEM ve ODM hizmetleri sa\u011flayabiliriz. \u0130htiya\u00e7lar\u0131n\u0131zdan herhangi birine g\u00f6re derin \u00f6zelle\u015ftirmeyi tamamlayabilen deneyimli tasar\u0131mc\u0131lar\u0131m\u0131z var. 3D render, boyutlu \u00e7izimler gibi bir dizi malzemeyi en k\u0131sa s\u00fcrede sa\u011flayaca\u011f\u0131z.<\/p>\n<h4><strong><b>Mairs, SPEED GATES UK&#8217;i ihtiya\u00e7lar\u0131n\u0131za g\u00f6re \u00f6zelle\u015ftirebilir. IC\/ID kart okuyucular\u0131, parmak izi taray\u0131c\u0131lar\u0131, QR kodu taray\u0131c\u0131lar\u0131, y\u00fcz tan\u0131ma kameralar\u0131 vb. gibi biyometrik cihazlar da sa\u011fl\u0131yoruz.<\/b><\/strong><\/h4>\n<p><strong><b>HIZLI KAPILAR \u0130NGILTERE <\/b><\/strong><strong><b>Otomatik \u0130nce H\u0131zl\u0131 <a href=\"https:\/\/mairsturnstile.com\/speed-gates.html\">H\u0131z Kap\u0131lar\u0131<\/a> H\u0131z \u015eeritleri<\/b><\/strong><strong><b>g\u00fcvenlik turnikeleri, lobiler i\u00e7in \u0130ngiltere&#8217;ye HIZLI GE\u00c7\u0130TLER HIZLI \u015eER\u0130TLER ihra\u00e7 ediyoruz.<\/b><\/strong><\/p>\n<p><strong><b>BU HIZLI KAPILAR UK MT-A307, insan v\u00fccudunun ge\u00e7i\u015f durumunu tam olarak alg\u0131layabilen, Maers&#8217;in \u00fcst d\u00fczey ak\u0131ll\u0131 d\u00f6ner turnike g\u00fcvenlik kap\u0131lar\u0131 \u00fcr\u00fcn\u00fcd\u00fcr. <\/b><\/strong><\/p>\n<p>Bu h\u0131z kap\u0131lar\u0131n\u0131n g\u00f6vde malzemesi paslanmaya kar\u015f\u0131 dayan\u0131kl\u0131 ve y\u00fcksek diren\u00e7li olan 304 <a href=\"https:\/\/en.wikipedia.org\/wiki\/Stainless_steel\" target=\"_blank\" rel=\"noopener\">paslanmaz \u00e7eliktir<\/a>. Kol y\u00fcksekli\u011fi \u00f6zelle\u015ftirilebilir<\/p>\n<p>Bu h\u0131zl\u0131 kap\u0131 turnikesi, IC kartlar\u0131, kimlik kartlar\u0131, barkod kartlar\u0131, parmak izi kart okuyucular\u0131, y\u00fcz tan\u0131ma kameralar\u0131 ve di\u011fer biyometrik cihazlarla uyumlu olabilir ve personel i\u00e7in uygar ve d\u00fczenli eri\u015fim sa\u011flar; \u00c7al\u0131\u015fanlar\u0131n eri\u015fim haklar\u0131n\u0131 etkin bir \u015fekilde y\u00f6netmek. Binalar\u0131n lobilerinde, metrolarda, havalimanlar\u0131nda, g\u00fcmr\u00fcklerde, sergi salonlar\u0131nda, h\u00fck\u00fcmet binalar\u0131nda, finans kurumlar\u0131nda, kul\u00fcplerde ve di\u011fer \u00fcst d\u00fczey i\u00e7 mekan uygulamalar\u0131nda yayg\u0131n olarak kullan\u0131labilir.<\/p>\n<p>Ger\u00e7ek senaryonuza g\u00f6re birka\u00e7 dakika i\u00e7inde sizin i\u00e7in bir render da olu\u015fturabiliriz. Ayr\u0131ca ayr\u0131nt\u0131l\u0131 yerle\u015fim planlar\u0131 ve \u00e7izimlerin yan\u0131 s\u0131ra kurulum \u00e7izimleri de sa\u011fl\u0131yoruz.<\/p>\n\n        \t\n\t<style type=\"text\/css\">\n\t\t.slider-info-24293.bafg-slider-info .bafg-slider-title {\n\t\t\t\t\t\tfont-size: 22px;\n\t\t\t\t\t\t\n\t\t\t\n\t\t\t\t\t}\n\n\t\t.slider-info-24293.bafg-slider-info .bafg-slider-description {\n\t\t\t\n\t\t\t\n\t\t\t\t\t}\n\n\t\t.slider-info-24293.bafg-slider-info .bafg_slider_readmore_button {\n\t\t\t\n\t\t\t\n\t\t\t\n\t\t\t\n\t\t\t\n\t\t\ttext-align: center;\n\n\t\t\t\n\t\t\t\n\t\t\t\n\t\t\t\n\t\t\t\n\t\t\t\n\t\t\t\t\t}\n\n\t\t.slider-info-24293.bafg-slider-info .bafg_slider_readmore_button:hover {\n\n\t\t\t\n\t\t\t\n\t\t\t\t\t}\n\n\t<\/style>\n\t\n        <div class=\"bafg-twentytwenty-container slider-24293 \" bafg-orientation=\"horizontal\" bafg-default-offset=\"0.5\" bafg-before-label=\"Before\" bafg-after-label=\"After\" bafg-overlay=\"yes\" bafg-move-slider-on-hover=\"yes\" bafg-click-to-move=\"no\">\n              \n            <img decoding=\"async\" class=\"skip-lazy\" src=\"http:\/\/mairsturnstile.com\/wp-content\/uploads\/2023\/07\/speed-gates-uk_4.jpg\" alt=\"speed gates uk\" data-skip-lazy title=\"\">\n            <img decoding=\"async\" class=\"skip-lazy\" src=\"http:\/\/mairsturnstile.com\/wp-content\/uploads\/2023\/07\/speed-gates-uk_5.jpg\" alt=\"speed gates uk\" data-skip-lazy title=\"\">\n           \n        <\/div>\n\n        \t<div class=\"bafg-slider-info-wraper\">\n\t\t<div style=\"\" class=\"slider-info-24293 bafg-slider-info\">\n\t\t\t\t\t<\/div>\n\t<\/div>\n\t\n        <style type=\"text\/css\">\n            \n        <\/style>\n        \n<ol>\n<li>Boyut: 1500*100*980mm<\/li>\n<li>Malzeme: 1,5 mm ithal SUS304; Polonya 400# Kar hatt\u0131<\/li>\n<li>Silah malzemesi: 10mm Akrilik<\/li>\n<li>Ge\u00e7i\u015f Geni\u015fli\u011fi: 600mm -900mm<\/li>\n<li>Ge\u00e7i\u015f y\u00f6n\u00fc: Tek y\u00f6nl\u00fc\/\u00c7ift y\u00f6nl\u00fc<\/li>\n<li>Ge\u00e7i\u015f oran\u0131: 30-35 ki\u015fi\/dakika<\/li>\n<li>\u00c7al\u0131\u015fma s\u00fcresi: 0,2 saniye<\/li>\n<li>G\u00fc\u00e7 giri\u015fi: AC100-240V,50\/60HZ<\/li>\n<li>H\u0131z kap\u0131lar\u0131 \u0130ngiltere \u00c7al\u0131\u015fma voltaj\u0131: 24V<\/li>\n<li>\u00c7al\u0131\u015fma nemi: %30~%95<\/li>\n<li>\u00c7al\u0131\u015fma s\u0131cakl\u0131\u011f\u0131: -40\u2103~+70\u2103<\/li>\n<li>\u00c7al\u0131\u015fma ortam\u0131: \u0130\u00e7 mekan<\/li>\n<li>Giri\u015f aray\u00fcz\u00fc: RS485, Kuru kontak<\/li>\n<li>Mekanizma: F\u0131r\u00e7as\u0131z servo motor+Debriyaj<\/li>\n<li>K\u0131z\u0131l\u00f6tesi sens\u00f6r: 6 \u00e7ift<\/li>\n<li>MCBF: 5.000.000 D\u00f6ng\u00fc<\/li>\n<li>\u00d6zellik: Kol y\u00fcksekli\u011fi \u00f6zelle\u015ftirilebilir<\/li>\n<li>Uygulama: Havaalanlar\u0131, Oteller, H\u00fck\u00fcmet Binalar\u0131, vb.<\/li>\n<\/ol>\n<p>T\u00fcm g\u00fcvenlik eri\u015fim kontrol\u00fc \u00e7\u00f6z\u00fcm\u00fcn\u00fc sa\u011flayabiliriz. Kendi ge\u00e7i\u015f kontrol sisteminiz varsa, do\u011frudan turnike kap\u0131m\u0131z\u0131 kullanabilirsiniz. E\u011fer yoksa, eksiksiz bir g\u00fcvenlik eri\u015fim kontrol\u00fc \u00e7\u00f6z\u00fcm\u00fc de sa\u011fl\u0131yoruz. Ayr\u0131nt\u0131lar i\u00e7in l\u00fctfen a\u015fa\u011f\u0131daki videoya bak\u0131n.<\/p>\n<p><iframe title=\"Havaalan\u0131 turnikesi, havaalan\u0131 i\u00e7in h\u0131zl\u0131 kap\u0131 turnikesi, metro istasyonu - MairsTurnstile.com\" src=\"https:\/\/www.youtube.com\/embed\/rR_US2dIKU8\" width=\"1150\" height=\"650\" frameborder=\"0\" allowfullscreen=\"allowfullscreen\"><\/iframe><\/p>\n","protected":false},"excerpt":{"rendered":"<p>1. Boyut: 1400*130*980 mm (\u00f6zelle\u015ftirilebilir)<\/p>\n<p>2. Malzeme: 1.5mm ithal SUS304; Polonya 400# Kar hatt\u0131<\/p>\n<p>3. Kol malzemesi: 10mm Akrilik<\/p>\n<p>4. Ge\u00e7i\u015f Geni\u015fli\u011fi: 600mm -900mm<\/p>\n<p>5. Ge\u00e7i\u015f y\u00f6n\u00fc: Tek y\u00f6nl\u00fc\/\u00c7ift y\u00f6nl\u00fc<\/p>\n<p>6. Ge\u00e7i\u015f oran\u0131: 30-35 ki\u015fi\/dakika<\/p>\n<p>7. \u00c7al\u0131\u015fma s\u00fcresi: 0,2 saniye<\/p>\n<p>8. G\u00fc\u00e7 giri\u015fi: AC100-240V,50\/60HZ<\/p>\n<p>9. Giri\u015f aray\u00fcz\u00fc: RS485, Kuru kontak<\/p>\n<p><span style=\"color: #0000ff;\"><strong><a style=\"color: #0000ff;\" title=\"Mairs CE Belgeli H\u0131zl\u0131 Ge\u00e7i\u015f Turnikesi\" href=\"http:\/\/mairsturnstile.com\/wp-content\/uploads\/2022\/09\/Mairs-CE-Certificate-Speed-Gate-Turnstile.pdf\" target=\"_blank\" rel=\"noopener noreferrer\">CE Belgeli,<\/a> <a style=\"color: #0000ff;\" title=\"Mairs ISO9001 Sertifikas\u0131\" href=\"http:\/\/mairsturnstile.com\/wp-content\/uploads\/2022\/09\/Mairs-Registration-Certificate-ISO9001.pdf\" target=\"_blank\" rel=\"noopener noreferrer\">ISO9001 Sertifikal\u0131.<\/a><\/strong><\/span><\/p>\n","protected":false},"featured_media":29944,"comment_status":"closed","ping_status":"closed","template":"","meta":{"neve_meta_sidebar":"","neve_meta_container":"","neve_meta_enable_content_width":"off","neve_meta_content_width":0,"neve_meta_title_alignment":"","neve_meta_author_avatar":"","neve_post_elements_order":"","neve_meta_disable_header":"","neve_meta_disable_footer":"","neve_meta_disable_title":"","_ti_tpc_template_sync":false,"_ti_tpc_template_id":""},"product_cat":[1916,1931],"product_tag":[1935,1919,1921,2328,2231],"class_list":["post-33338","product","type-product","status-publish","has-post-thumbnail","hentry","product_cat-guvenlik-turnikeleri","product_cat-hizli-kapilar","product_tag-barkot-okuyuculu-turnike-kapisi","product_tag-hiz-kapilari","product_tag-hiz-kapilari-nedir","product_tag-hizli-kapilar-ingiltere","product_tag-satilik-hiz-kapilari"],"_links":{"self":[{"href":"https:\/\/mairsturnstile.com\/tr\/wp-json\/wp\/v2\/product\/33338","targetHints":{"allow":["GET"]}}],"collection":[{"href":"https:\/\/mairsturnstile.com\/tr\/wp-json\/wp\/v2\/product"}],"about":[{"href":"https:\/\/mairsturnstile.com\/tr\/wp-json\/wp\/v2\/types\/product"}],"replies":[{"embeddable":true,"href":"https:\/\/mairsturnstile.com\/tr\/wp-json\/wp\/v2\/comments?post=33338"}],"version-history":[{"count":0,"href":"https:\/\/mairsturnstile.com\/tr\/wp-json\/wp\/v2\/product\/33338\/revisions"}],"wp:featuredmedia":[{"embeddable":true,"href":"https:\/\/mairsturnstile.com\/tr\/wp-json\/wp\/v2\/media\/29944"}],"wp:attachment":[{"href":"https:\/\/mairsturnstile.com\/tr\/wp-json\/wp\/v2\/media?parent=33338"}],"wp:term":[{"taxonomy":"product_cat","embeddable":true,"href":"https:\/\/mairsturnstile.com\/tr\/wp-json\/wp\/v2\/product_cat?post=33338"},{"taxonomy":"product_tag","embeddable":true,"href":"https:\/\/mairsturnstile.com\/tr\/wp-json\/wp\/v2\/product_tag?post=33338"}],"curies":[{"name":"wp","href":"https:\/\/api.w.org\/{rel}","templated":true}]}}