{"id":33340,"date":"2021-05-12T18:25:53","date_gmt":"2021-05-12T10:25:53","guid":{"rendered":"https:\/\/mairsturnstile.com\/product\/satilik-dis-mekan-guvenlik-turnikeleri-hiz-kapilari-mt-359w"},"modified":"2023-11-01T10:44:39","modified_gmt":"2023-11-01T02:44:39","slug":"hizli-kapilar-fiyat","status":"publish","type":"product","link":"https:\/\/mairsturnstile.com\/tr\/urun\/hizli-kapilar-fiyat","title":{"rendered":"Sat\u0131l\u0131k D\u0131\u015f Mekan G\u00fcvenlik Turnikeleri H\u0131z Kap\u0131lar\u0131 MT-359W"},"content":{"rendered":"        <!-- 3D Model html -->\r\n        <div class=\"bp_grand wrapper_26318\">   \r\n        <div class=\"bp_model_parent\">\r\n            <model-viewer class=\"model\" id=\"bp_model_id_26318\" src=\"http:\/\/mairsturnstile.com\/wp-content\/uploads\/2021\/05\/MT-359W.glb\" alt=\"MT-359W\" camera-controls  loading=\"auto\" auto-rotate                        >\r\n            <\/model-viewer>\r\n        \r\n            <!-- Button -->\r\n            <svg id=\"openBtn\" width=\"30px\" height=\"30px\" viewBox=\"0 0 16 16\" xmlns=\"http:\/\/www.w3.org\/2000\/svg\" fill=\"#f2f2f2\" class=\"bi bi-arrows-fullscreen model-icon\">\r\n                <path fill-rule=\"evenodd\" d=\"M5.828 10.172a.5.5 0 0 0-.707 0l-4.096 4.096V11.5a.5.5 0 0 0-1 0v3.975a.5.5 0 0 0 .5.5H4.5a.5.5 0 0 0 0-1H1.732l4.096-4.096a.5.5 0 0 0 0-.707zm4.344 0a.5.5 0 0 1 .707 0l4.096 4.096V11.5a.5.5 0 1 1 1 0v3.975a.5.5 0 0 1-.5.5H11.5a.5.5 0 0 1 0-1h2.768l-4.096-4.096a.5.5 0 0 1 0-.707zm0-4.344a.5.5 0 0 0 .707 0l4.096-4.096V4.5a.5.5 0 1 0 1 0V.525a.5.5 0 0 0-.5-.5H11.5a.5.5 0 0 0 0 1h2.768l-4.096 4.096a.5.5 0 0 0 0 .707zm-4.344 0a.5.5 0 0 1-.707 0L1.025 1.732V4.5a.5.5 0 0 1-1 0V.525a.5.5 0 0 1 .5-.5H4.5a.5.5 0 0 1 0 1H1.732l4.096 4.096a.5.5 0 0 1 0 .707z\"\/>\r\n            <\/svg>\r\n        \r\n            <svg id=\"closeBtn\" class=\"model-icon\" width=\"34px\" height=\"34px\" viewBox=\"0 0 24 24\" xmlns=\"http:\/\/www.w3.org\/2000\/svg\">\r\n                <path fill=\"none\" stroke=\"#f2f2f2\" stroke-width=\"2\" d=\"M7,7 L17,17 M7,17 L17,7\"\/>\r\n            <\/svg>\r\n        \r\n        <\/div>\r\n        <\/div> \r\n\r\n        <!-- Model Viewer Style -->\r\n        <style>\r\n            \r\n            .wrapper_26318 .bp_model_parent, #bp_model_id_26318 {\r\n                width: 1150px;\r\n                max-width: 100%;\r\n                                            }\r\n            #bp_model_id_26318 {\r\n                height:700px;\r\n                background-color: #f9f9f9;\r\n            }\r\n            .fullscreen #bp_model_id_26318{\r\n            height: 100%;\r\n            width: 100%;\r\n            }\r\n            .wrapper_26318 .bp_model_parent{\r\n                justify-content: start            }\r\n            model-viewer.model {\r\n                --poster-color: transparent;\r\n            }\r\n        <\/style>\r\n        \r\n        \n<h4><strong><b>Mairs, This Fastlane&#8217;den EN \u0130Y\u0130 HIZLI GE\u00c7\u0130T F\u0130YATI <\/b><\/strong><strong><b>H\u0131z Kap\u0131lar\u0131<\/b><\/strong><strong><b> H\u0131z \u015eeritleri <\/b><\/strong><strong><b>ta\u015f\u0131r <\/b><\/strong><strong><b>2 y\u0131l garanti ve uzun s\u00fcreli bak\u0131m ve onar\u0131m deste\u011fi.<\/b><\/strong><\/h4>\n<p>Mairs, h\u0131z kap\u0131lar\u0131n\u0131 ihtiya\u00e7lar\u0131n\u0131za g\u00f6re \u00f6zelle\u015ftirebilir. \u0130htiya\u00e7lar\u0131n\u0131zdan herhangi birine g\u00f6re derin \u00f6zelle\u015ftirmeyi tamamlayabilen deneyimli tasar\u0131mc\u0131lar\u0131m\u0131z var. 3D render, boyutlu \u00e7izimler gibi bir dizi malzemeyi en k\u0131sa s\u00fcrede sa\u011flayaca\u011f\u0131z. IC\/ID kart okuyucular\u0131, parmak izi taray\u0131c\u0131lar\u0131, QR kodu taray\u0131c\u0131lar\u0131, y\u00fcz tan\u0131ma kameralar\u0131 vb. gibi biyometrik cihazlar da sa\u011fl\u0131yoruz.<\/p>\n<p>Fastlane H\u0131zl\u0131 kap\u0131lar fiyat d\u0131\u015f mekan g\u00fcvenlik turnikeleri <strong><b>Otomatik \u0130nce H\u0131zl\u0131 Kap\u0131lar <\/b><\/strong><strong><b>G\u00fcvenlik Turnikeleri.<\/b><\/strong><\/p>\n<h4><strong><b> \u00c7al\u0131\u015fma ortam\u0131: \u0130\u00e7 ve d\u0131\u015f mekan.<\/b><\/strong><\/h4>\n<p><strong><b>HIZ KAPILARI FI\u0307YATLANDIRILMI\u015e \u015eERI\u0307TLER <\/b><\/strong><strong><b>o <\/b><\/strong><strong><b>Mairs&#8217;in insan v\u00fccudunun ge\u00e7i\u015f durumunu tam olarak alg\u0131layabilen \u00fcst d\u00fczey bir ak\u0131ll\u0131 d\u00f6ner turnike kap\u0131s\u0131 \u00fcr\u00fcn\u00fcd\u00fcr. <\/b><\/strong> <\/p>\n<p>Bu h\u0131zl\u0131 kap\u0131 g\u00f6vde malzemesi, paslanmaya kar\u015f\u0131 dayan\u0131kl\u0131, dayan\u0131kl\u0131 ve y\u00fcksek diren\u00e7li 304 paslanmaz \u00e7eliktir.<\/p>\n<p><strong><b>Anti-tag after, anti-hit against, RS485 Haberle\u015fme, DC F\u0131r\u00e7as\u0131z motor, <\/b><\/strong>Bu <a href=\"https:\/\/mairsturnstile.com\/product\/security-speed-gates\">g\u00fcvenlik h\u0131z kap\u0131s\u0131<\/a> turnikesi <strong><b>Her t\u00fcrl\u00fc Ge\u00e7i\u015f Kontrol sistemleri ile uyumlu<\/b><\/strong><strong><b>.<\/b><\/strong><\/p>\n<p>BU HIZ KAPILARI F\u0130YAT HIZ \u015feridi, MaersTurnstile&#8217;\u0131n yeni y\u00fcksek kaliteli s\u0131cak sat\u0131\u015f \u00fcr\u00fcnlerinden biridir.<\/p>\n<p>Ger\u00e7ek senaryonuza g\u00f6re birka\u00e7 dakika i\u00e7inde sizin i\u00e7in bir render da olu\u015fturabiliriz. Ayr\u0131ca ayr\u0131nt\u0131l\u0131 yerle\u015fim ve \u00e7izimlerin yan\u0131 s\u0131ra kurulum \u00e7izimleri de sa\u011fl\u0131yoruz.<\/p>\n\n        \t\n\t<style type=\"text\/css\">\n\t\t.slider-info-24285.bafg-slider-info .bafg-slider-title {\n\t\t\t\t\t\tfont-size: 22px;\n\t\t\t\t\t\t\n\t\t\t\n\t\t\t\t\t}\n\n\t\t.slider-info-24285.bafg-slider-info .bafg-slider-description {\n\t\t\t\n\t\t\t\n\t\t\t\t\t}\n\n\t\t.slider-info-24285.bafg-slider-info .bafg_slider_readmore_button {\n\t\t\t\n\t\t\t\n\t\t\t\n\t\t\t\n\t\t\t\n\t\t\ttext-align: center;\n\n\t\t\t\n\t\t\t\n\t\t\t\n\t\t\t\n\t\t\t\n\t\t\t\n\t\t\t\t\t}\n\n\t\t.slider-info-24285.bafg-slider-info .bafg_slider_readmore_button:hover {\n\n\t\t\t\n\t\t\t\n\t\t\t\t\t}\n\n\t<\/style>\n\t\n        <div class=\"bafg-twentytwenty-container slider-24285 \" bafg-orientation=\"horizontal\" bafg-default-offset=\"0.5\" bafg-before-label=\"Before\" bafg-after-label=\"After\" bafg-overlay=\"yes\" bafg-move-slider-on-hover=\"yes\" bafg-click-to-move=\"no\">\n              \n            <img decoding=\"async\" class=\"skip-lazy\" src=\"http:\/\/mairsturnstile.com\/wp-content\/uploads\/2021\/05\/speed-gate-price-7.jpg\" alt=\"speed gate price\" data-skip-lazy title=\"\">\n            <img decoding=\"async\" class=\"skip-lazy\" src=\"http:\/\/mairsturnstile.com\/wp-content\/uploads\/2021\/05\/speed-gate-price-8.jpg\" alt=\"speed gate price\" data-skip-lazy title=\"\">\n           \n        <\/div>\n\n        \t<div class=\"bafg-slider-info-wraper\">\n\t\t<div style=\"\" class=\"slider-info-24285 bafg-slider-info\">\n\t\t\t\t\t<\/div>\n\t<\/div>\n\t\n        <style type=\"text\/css\">\n            \n        <\/style>\n        \n<p>\u00dcst\u00fcn teknolojisi, kapsaml\u0131 i\u015flevleri ve y\u00fcksek g\u00fcvenilirli\u011fi ile \u00fcst d\u00fczey topluluklar, ak\u0131ll\u0131 binalar, oteller, metro istasyonlar\u0131 ve spor salonlar\u0131 gibi \u00fcst d\u00fczey mekanlara uygulanabilir.<\/p>\n<p>Sal\u0131ncak korkulu\u011fumuz, <a href=\"https:\/\/en.wikipedia.org\/wiki\/Access_control\" target=\"_blank\" rel=\"noopener\">eri\u015fim kontrol\u00fcn\u00fcn<\/a> ak\u0131ll\u0131 y\u00f6netimini ger\u00e7ekle\u015ftirmek i\u00e7in modern bir ak\u0131ll\u0131 y\u00f6netim sistemi ile entegre edilebilir.<\/p>\n<p>Sal\u0131ncak korkuluklar\u0131 silindirik sal\u0131ncak korkuluklar\u0131 ve K\u00f6pr\u00fc sal\u0131ncak korkuluklar\u0131 olarak ikiye ayr\u0131labilir.<\/p>\n<p>Kompakt mekanik ve elektriksel tasar\u0131m, benzersiz tahrik ve kendinden kilitlemeli mekanizma<\/p>\n<p>Otomatik ar\u0131za tespiti. Uygun fiyatl\u0131 h\u0131zl\u0131 kap\u0131 fiyat\u0131 \u00e7evrimi\u00e7i.<\/p>\n<p>Giri\u015f aray\u00fcz\u00fc kuru kontak ve anahtar sinyali ba\u011flant\u0131s\u0131 i\u00e7in kullan\u0131labilir<\/p>\n<p>Ayarlanabilir otomatik gecikmeli kapanma<\/p>\n<p>G\u00fcvenli ge\u00e7i\u015f i\u00e7in k\u0131z\u0131l\u00f6tesi fotosel<\/p>\n<p>Yetkisiz giri\u015f ve giri\u015f yok alarmlar\u0131<\/p>\n<p>Otomatik olarak a\u00e7ma ve kapatma<\/p>\n<p>G\u00fc\u00e7 kapal\u0131yken \u00fccretsiz eri\u015fim<\/p>\n<p>Ayarlanabilir giri\u015f y\u00f6n\u00fc<\/p>\n<p>Acil durum aray\u00fcz\u00fc sa\u011flay\u0131n<\/p>\n<p>Yolcular\u0131n girmesi i\u00e7in trafik \u0131\u015f\u0131klar\u0131<\/p>\n<p>\u00c7al\u0131\u015fma s\u0131cakl\u0131\u011f\u0131: \uff0d25\u00b0C \uff5e 70\u00b0C<\/p>\n<p>Ge\u00e7i\u015f h\u0131z\u0131: 35p\/dak<\/p>\n<p>Maksimum g\u00fc\u00e7 t\u00fcketimi: 120W<\/p>\n<p>Kol Y\u00fcksekli\u011fi: Yerden 1300mm \u00f6zelle\u015ftirilmi\u015f<\/p>\n<p>\u0130leti\u015fim Aray\u00fcz\u00fc: RS485\/R\u00f6le sinyali<\/p>\n<p>MCBF: 5.000.000 D\u00f6ng\u00fc<\/p>\n<p>Uygulama: Havaalanlar\u0131, Oteller, H\u00fck\u00fcmet Binalar\u0131, vb.<\/p>\n<p>T\u00fcm g\u00fcvenlik eri\u015fim kontrol\u00fc \u00e7\u00f6z\u00fcm\u00fcn\u00fc sa\u011flayabiliriz. Kendi ge\u00e7i\u015f kontrol sisteminiz varsa, do\u011frudan turnike kap\u0131m\u0131z\u0131 kullanabilirsiniz. E\u011fer yoksa, eksiksiz bir g\u00fcvenlik eri\u015fim kontrol\u00fc \u00e7\u00f6z\u00fcm\u00fc de sa\u011fl\u0131yoruz. Ayr\u0131nt\u0131lar i\u00e7in l\u00fctfen a\u015fa\u011f\u0131daki videoya bak\u0131n.<\/p>\n<p><iframe title=\"Yeni Tasar\u0131m H\u0131zl\u0131 Ge\u00e7i\u015f Turnikesi, Lobi turnikeleri, Ofis turnikesi - MairsTurnstile.com\" src=\"https:\/\/www.youtube.com\/embed\/izk8WuYn4no\" width=\"1150\" height=\"650\" frameborder=\"0\" allowfullscreen=\"allowfullscreen\"><\/iframe><\/p>\n","protected":false},"excerpt":{"rendered":"<p>1. Boyut: 1500x150x980mm (\u00f6zelle\u015ftirilebilir)<\/p>\n<p>2. Besleme Gerilimi: 110V-240V, 50HZ\/60Hz<\/p>\n<p>3. Working Voltage: DC24V<\/p>\n<p>4. Ba\u011f\u0131l nem: \u226495%, Yo\u011fu\u015fma Yok<\/p>\n<p>5. Kilit a\u00e7ma s\u00fcresi: 0,2s<\/p>\n<p>6. Malzeme: 304 paslanmaz \u00e7elik<\/p>\n<p>7. Silah malzemesi: 10mm akrilik<\/p>\n<p>8. Motor: F\u0131r\u00e7as\u0131z Servo Motor<\/p>\n<p>9. Ge\u00e7i\u015f geni\u015fli\u011fi: 600 mm standart 900 mm engelli<\/p>\n<p><span style=\"color: #0000ff;\"><strong><a style=\"color: #0000ff;\" title=\"Mairs CE Belgeli H\u0131zl\u0131 Ge\u00e7i\u015f Turnikesi\" href=\"http:\/\/mairsturnstile.com\/wp-content\/uploads\/2022\/09\/Mairs-CE-Certificate-Speed-Gate-Turnstile.pdf\" target=\"_blank\" rel=\"noopener noreferrer\">CE Belgeli,<\/a> <a style=\"color: #0000ff;\" title=\"Mairs ISO9001 Sertifikas\u0131\" href=\"http:\/\/mairsturnstile.com\/wp-content\/uploads\/2022\/09\/Mairs-Registration-Certificate-ISO9001.pdf\" target=\"_blank\" rel=\"noopener noreferrer\">ISO9001 Sertifikal\u0131.<\/a><\/strong><\/span><\/p>\n","protected":false},"featured_media":65892,"comment_status":"closed","ping_status":"closed","template":"","meta":{"neve_meta_sidebar":"","neve_meta_container":"","neve_meta_enable_content_width":"off","neve_meta_content_width":0,"neve_meta_title_alignment":"","neve_meta_author_avatar":"","neve_post_elements_order":"","neve_meta_disable_header":"","neve_meta_disable_footer":"","neve_meta_disable_title":"","_ti_tpc_template_sync":false,"_ti_tpc_template_id":""},"product_cat":[1916,1931],"product_tag":[1939,1919,2329,2325,2331,2231,2330,1941],"class_list":["post-33340","product","type-product","status-publish","has-post-thumbnail","hentry","product_cat-guvenlik-turnikeleri","product_cat-hizli-kapilar","product_tag-bir-turnike-maliyeti-ne-kadar","product_tag-hiz-kapilari","product_tag-hiz-kapilari-fiyati","product_tag-hiz-seritleri","product_tag-hizli-kapi-fiyati","product_tag-satilik-hiz-kapilari","product_tag-satilik-hizli-kapi","product_tag-turnike-maliyeti"],"_links":{"self":[{"href":"https:\/\/mairsturnstile.com\/tr\/wp-json\/wp\/v2\/product\/33340","targetHints":{"allow":["GET"]}}],"collection":[{"href":"https:\/\/mairsturnstile.com\/tr\/wp-json\/wp\/v2\/product"}],"about":[{"href":"https:\/\/mairsturnstile.com\/tr\/wp-json\/wp\/v2\/types\/product"}],"replies":[{"embeddable":true,"href":"https:\/\/mairsturnstile.com\/tr\/wp-json\/wp\/v2\/comments?post=33340"}],"version-history":[{"count":0,"href":"https:\/\/mairsturnstile.com\/tr\/wp-json\/wp\/v2\/product\/33340\/revisions"}],"wp:featuredmedia":[{"embeddable":true,"href":"https:\/\/mairsturnstile.com\/tr\/wp-json\/wp\/v2\/media\/65892"}],"wp:attachment":[{"href":"https:\/\/mairsturnstile.com\/tr\/wp-json\/wp\/v2\/media?parent=33340"}],"wp:term":[{"taxonomy":"product_cat","embeddable":true,"href":"https:\/\/mairsturnstile.com\/tr\/wp-json\/wp\/v2\/product_cat?post=33340"},{"taxonomy":"product_tag","embeddable":true,"href":"https:\/\/mairsturnstile.com\/tr\/wp-json\/wp\/v2\/product_tag?post=33340"}],"curies":[{"name":"wp","href":"https:\/\/api.w.org\/{rel}","templated":true}]}}