{"id":34326,"date":"2020-09-13T00:27:25","date_gmt":"2020-09-12T16:27:25","guid":{"rendered":"https:\/\/mairsturnstile.com\/product\/flap-bariyer-turnike-mobil-turnike-mt253"},"modified":"2023-11-01T19:47:02","modified_gmt":"2023-11-01T11:47:02","slug":"mobil-turnike","status":"publish","type":"product","link":"https:\/\/mairsturnstile.com\/tr\/urun\/mobil-turnike","title":{"rendered":"FLAP BAR\u0130YER TURN\u0130KE MOB\u0130L TURN\u0130KE MT253"},"content":{"rendered":"<p data-format=\"%title% %sep% %sitename%\" data-empty-title=\"Click to enter custom title\">        <!-- 3D Model html -->\r\n        <div class=\"bp_grand wrapper_22555\">   \r\n        <div class=\"bp_model_parent\">\r\n            <model-viewer class=\"model\" id=\"bp_model_id_22555\" src=\"http:\/\/mairsturnstile.com\/wp-content\/uploads\/2023\/06\/MT259.glb\" alt=\"MT259\" camera-controls  loading=\"auto\" auto-rotate                        >\r\n            <\/model-viewer>\r\n        \r\n            <!-- Button -->\r\n            <svg id=\"openBtn\" width=\"30px\" height=\"30px\" viewBox=\"0 0 16 16\" xmlns=\"http:\/\/www.w3.org\/2000\/svg\" fill=\"#f2f2f2\" class=\"bi bi-arrows-fullscreen model-icon\">\r\n                <path fill-rule=\"evenodd\" d=\"M5.828 10.172a.5.5 0 0 0-.707 0l-4.096 4.096V11.5a.5.5 0 0 0-1 0v3.975a.5.5 0 0 0 .5.5H4.5a.5.5 0 0 0 0-1H1.732l4.096-4.096a.5.5 0 0 0 0-.707zm4.344 0a.5.5 0 0 1 .707 0l4.096 4.096V11.5a.5.5 0 1 1 1 0v3.975a.5.5 0 0 1-.5.5H11.5a.5.5 0 0 1 0-1h2.768l-4.096-4.096a.5.5 0 0 1 0-.707zm0-4.344a.5.5 0 0 0 .707 0l4.096-4.096V4.5a.5.5 0 1 0 1 0V.525a.5.5 0 0 0-.5-.5H11.5a.5.5 0 0 0 0 1h2.768l-4.096 4.096a.5.5 0 0 0 0 .707zm-4.344 0a.5.5 0 0 1-.707 0L1.025 1.732V4.5a.5.5 0 0 1-1 0V.525a.5.5 0 0 1 .5-.5H4.5a.5.5 0 0 1 0 1H1.732l4.096 4.096a.5.5 0 0 1 0 .707z\"\/>\r\n            <\/svg>\r\n        \r\n            <svg id=\"closeBtn\" class=\"model-icon\" width=\"34px\" height=\"34px\" viewBox=\"0 0 24 24\" xmlns=\"http:\/\/www.w3.org\/2000\/svg\">\r\n                <path fill=\"none\" stroke=\"#f2f2f2\" stroke-width=\"2\" d=\"M7,7 L17,17 M7,17 L17,7\"\/>\r\n            <\/svg>\r\n        \r\n        <\/div>\r\n        <\/div> \r\n\r\n        <!-- Model Viewer Style -->\r\n        <style>\r\n            \r\n            .wrapper_22555 .bp_model_parent, #bp_model_id_22555 {\r\n                width: 1150px;\r\n                max-width: 100%;\r\n                                            }\r\n            #bp_model_id_22555 {\r\n                height:700px;\r\n                background-color: #f2f2f2;\r\n            }\r\n            .fullscreen #bp_model_id_22555{\r\n            height: 100%;\r\n            width: 100%;\r\n            }\r\n            .wrapper_22555 .bp_model_parent{\r\n                justify-content: start            }\r\n            model-viewer.model {\r\n                --poster-color: transparent;\r\n            }\r\n        <\/style>\r\n        \r\n        <\/p>\n<h4 class=\"serp-title\" data-format=\"%title% %sep% %sitename%\" data-empty-title=\"Click to enter custom title\">Mobil turnike kapakl\u0131 bariyer turnikesi 2 y\u0131l garantili ve dayan\u0131kl\u0131 bak\u0131m ve onar\u0131m deste\u011fi ta\u015f\u0131r.<\/h4>\n<p data-format=\"%title% %sep% %sitename%\" data-empty-title=\"Click to enter custom title\">OEM ve ODM hizmetleri sa\u011flayabiliriz. \u0130htiya\u00e7lar\u0131n\u0131zdan herhangi birine g\u00f6re derin \u00f6zelle\u015ftirmeyi tamamlayabilen deneyimli tasar\u0131mc\u0131lar\u0131m\u0131z var. 3D render, boyutlu \u00e7izimler gibi bir dizi malzemeyi en k\u0131sa s\u00fcrede sa\u011flayaca\u011f\u0131z. Mobil turnike kap\u0131lar\u0131m\u0131z ger\u00e7ek ihtiya\u00e7lar\u0131n\u0131za g\u00f6re \u00f6zelle\u015ftirilebilir. Mobil turnikeyi ve bu \u00f6zel i\u015flevleri \u00f6zelle\u015ftirmeniz gerekiyorsa, l\u00fctfen <a href=\"https:\/\/mairsturnstile.com\/contact\">bizimle ileti\u015fime<\/a> ge\u00e7in. IC\/ID kart okuyucular\u0131, parmak izi taray\u0131c\u0131lar\u0131, QR kodu taray\u0131c\u0131lar\u0131, y\u00fcz tan\u0131ma kameralar\u0131 vb. gibi biyometrik cihazlar da sa\u011fl\u0131yoruz.<\/p>\n<p><strong>Mobil turnike, baz\u0131 eri\u015fim kontrol y\u00f6netimi i\u015flevlerini ger\u00e7ekle\u015ftirmek i\u00e7in cep telefonunun NFC ba\u011flant\u0131s\u0131na turnike kap\u0131s\u0131na g\u00fcvenebilen bir t\u00fcr yaya turnike kap\u0131s\u0131d\u0131r. Turnike kap\u0131s\u0131, mobil bir turnike olu\u015fturmak i\u00e7in ilgili NFC sistemi ve NFC kart okuyucu ile birle\u015ftirilir.<\/strong> Yaya turnike kap\u0131s\u0131, cep telefonunu tarayarak kap\u0131 a\u00e7ma ve ge\u00e7i\u015fini ger\u00e7ekle\u015ftirmek i\u00e7in cep telefonu NFC fonksiyonunu, kart\u0131 okuttuktan sonra \u00e7al\u0131\u015fanlar\u0131n kat\u0131l\u0131m fonksiyonunu ve cep telefonu t\u00fcketimini kayd\u0131rma fonksiyonunu birbirine ba\u011flar.<\/p>\n<p>En kullan\u0131\u015fl\u0131 mobil \u0130nternet \u00fcr\u00fcn\u00fc olan end\u00fcstri, di\u011fer \u00fcr\u00fcnlerle e\u015fle\u015ftirilen cep telefonlar\u0131n\u0131n i\u015flevi konusunda baz\u0131 pratik geli\u015ftirmeler yap\u0131yor. Yaya turnike kap\u0131s\u0131, kap\u0131n\u0131n a\u00e7\u0131lmas\u0131n\u0131 ve cep telefonlar\u0131n\u0131n taranmas\u0131n\u0131n ge\u00e7i\u015fini ger\u00e7ekle\u015ftirmek i\u00e7in cep telefonlar\u0131n\u0131n NFC i\u015flevini birbirine ba\u011flar. Bu ger\u00e7ekten kullan\u0131\u015fl\u0131 ve pratik bir teknik bulu\u015f.<\/p>\n<p>\u015eu anda, yaya turnike kap\u0131s\u0131 yerle\u015fim alanlar\u0131nda, \u015fantiyelerde, ofis binalar\u0131nda, do\u011fal noktalarda ve di\u011fer yerlerde yayg\u0131n olarak kullan\u0131lmaktad\u0131r, ancak IC kart\u0131 genellikle turnike kap\u0131s\u0131n\u0131 veya parmak izi taray\u0131c\u0131s\u0131n\u0131 a\u00e7mak i\u00e7in kullan\u0131l\u0131r. NFC&#8217;nin h\u0131zla geli\u015fmesi nedeniyle mobil turnike de \u00f6zellikle fabrika \u00e7al\u0131\u015fanlar\u0131 ve uzun s\u00fcre cep telefonu kullanan ki\u015filer i\u00e7in yayg\u0131n olarak kullan\u0131lmaktad\u0131r. NFC \u00e7ipi bulunan cep telefonunu \u00e7\u0131kar\u0131p kart okuyucu cihaz\u0131n\u0131 Ge\u00e7i\u015fi ger\u00e7ekle\u015ftirmek i\u00e7in turnike kap\u0131s\u0131.<\/p>\n<h4 style=\"font-weight: 400;\"><span style=\"font-style: inherit; font-weight: inherit;\">En \u0130yi Kalite mobil turnike eri\u015fim kontrol\u00fc flap bariyer turnikesi <\/span><span style=\"font-style: inherit; font-weight: inherit;\">Eri\u015fim Kontrol Sistemi i\u00e7in.<\/span><\/h4>\n<p>Ger\u00e7ek senaryonuza g\u00f6re birka\u00e7 dakika i\u00e7inde sizin i\u00e7in bir render da olu\u015fturabiliriz. Ayr\u0131ca ayr\u0131nt\u0131l\u0131 yerle\u015fim ve \u00e7izimlerin yan\u0131 s\u0131ra kurulum \u00e7izimleri de sa\u011fl\u0131yoruz.<\/p>\n\n        \t\n\t<style type=\"text\/css\">\n\t\t.slider-info-22564.bafg-slider-info .bafg-slider-title {\n\t\t\t\t\t\tfont-size: 22px;\n\t\t\t\t\t\t\n\t\t\t\n\t\t\t\t\t}\n\n\t\t.slider-info-22564.bafg-slider-info .bafg-slider-description {\n\t\t\t\n\t\t\t\n\t\t\t\t\t}\n\n\t\t.slider-info-22564.bafg-slider-info .bafg_slider_readmore_button {\n\t\t\t\n\t\t\t\n\t\t\t\n\t\t\t\n\t\t\t\n\t\t\ttext-align: center;\n\n\t\t\t\n\t\t\t\n\t\t\t\n\t\t\t\n\t\t\t\n\t\t\t\n\t\t\t\t\t}\n\n\t\t.slider-info-22564.bafg-slider-info .bafg_slider_readmore_button:hover {\n\n\t\t\t\n\t\t\t\n\t\t\t\t\t}\n\n\t<\/style>\n\t\n        <div class=\"bafg-twentytwenty-container slider-22564 \" bafg-orientation=\"horizontal\" bafg-default-offset=\"0.5\" bafg-before-label=\"Before\" bafg-after-label=\"After\" bafg-overlay=\"yes\" bafg-move-slider-on-hover=\"yes\" bafg-click-to-move=\"no\">\n              \n            <img decoding=\"async\" class=\"skip-lazy\" src=\"http:\/\/mairsturnstile.com\/wp-content\/uploads\/2023\/06\/mobile-turnstile_4.jpg\" alt=\"\" data-skip-lazy title=\"\">\n            <img decoding=\"async\" class=\"skip-lazy\" src=\"http:\/\/mairsturnstile.com\/wp-content\/uploads\/2023\/06\/mobile-turnstile_5.jpg\" alt=\"\" data-skip-lazy title=\"\">\n           \n        <\/div>\n\n        \t<div class=\"bafg-slider-info-wraper\">\n\t\t<div style=\"\" class=\"slider-info-22564 bafg-slider-info\">\n\t\t\t\t\t<\/div>\n\t<\/div>\n\t\n        <style type=\"text\/css\">\n            \n        <\/style>\n        \n<p data-format=\"%title% %sep% %sitename%\" data-empty-title=\"Click to enter custom title\"><span style=\"font-weight: 400;\"><span style=\"font-style: inherit; font-weight: inherit;\">Mobil turnike kapakl\u0131 bariyer kap\u0131s\u0131, izlenen herhangi bir giri\u015fte g\u00fcvenlik personeline paha bi\u00e7ilmez yard\u0131m sa\u011flayan herhangi bir <a href=\"https:\/\/en.wikipedia.org\/wiki\/Access_control\" target=\"_blank\" rel=\"noopener\">eri\u015fim kontrol<\/a> sistemi ile birlikte kurulan bir yaya bariyeridir. <\/span><\/span><span style=\"font-weight: 400;\"><span style=\"font-style: inherit; font-weight: inherit;\"><a href=\"https:\/\/mairsturnstile.com\/what-is-flap-barrier.html\">Flap bariyer<\/a> ge\u00e7i\u015f kontrol sistemleri, y\u00fcksek s\u0131n\u0131f topluluklar\u0131n, ak\u0131ll\u0131 binalar\u0131n, lojmanlar\u0131n, metro istasyonlar\u0131n\u0131n ve farkl\u0131 \u00fcst d\u00fczey mekanlar\u0131n giri\u015flerinde yaya sirk\u00fclasyon kontrol\u00fc i\u00e7in etkili ara\u00e7lar sunar.<\/span><\/span><\/p>\n<ul>\n<li>Turnike eri\u015fim kontrol kanat bariyeri, k\u0131s\u0131tl\u0131 alana giren veya \u00e7\u0131kan ki\u015fileri kontrol etmek i\u00e7in yap\u0131lm\u0131\u015ft\u0131r. Genellikle \u00e7ift y\u00f6nl\u00fc yaya trafi\u011finin yo\u011fun oldu\u011fu yerlerde kullan\u0131l\u0131r.<\/li>\n<li>Kanatl\u0131 bariyer muhafazas\u0131, \u00e7o\u011fu i\u00e7 ortama uyum sa\u011flamak i\u00e7in kusursuz ve g\u00fczel bir giri\u015f sistemi olu\u015fturan f\u0131r\u00e7alanm\u0131\u015f 304 paslanmaz \u00e7elikten yap\u0131lm\u0131\u015ft\u0131r.<\/li>\n<li>T\u00fcm \u00fc\u00e7\u00fcnc\u00fc taraf kartl\u0131 ge\u00e7i\u015f sistemleriyle entegre edilebilir (\u00f6rn.: RFID eri\u015fim sistemi, D\u00fc\u011fmeye bas, Parmak izi ve s\u0131cakl\u0131k kontroll\u00fc y\u00fcz tan\u0131ma).<\/li>\n<li>Acil bir durumda FlapTurnike kolu ak\u00fc veya kondansat\u00f6re ba\u011flanarak otomatik olarak a\u00e7\u0131larak serbest ge\u00e7i\u015fe izin verir.<\/li>\n<li>Optik turnike ge\u00e7i\u015f kontrol flap bariyerleri l\u00fcks ve \u015f\u0131k giri\u015f \u00e7\u00f6z\u00fcmleri i\u00e7in uygundur.<\/li>\n<li>Kanatl\u0131 turnike, h\u0131zl\u0131 h\u0131z, uzun \u00f6m\u00fcr, y\u00fcksek performans ve y\u00fcksek \u00e7al\u0131\u015fma g\u00fcvenilirli\u011fi \u00f6zelliklerine sahiptir.<\/li>\n<li> Yasad\u0131\u015f\u0131 izinsiz giri\u015f ve ters izinsiz giri\u015f durumunda alarm fonksiyonu.<\/li>\n<li>K\u0131z\u0131l\u00f6tesi sens\u00f6r alarm verecek ve yayalar\u0131n s\u0131k\u0131\u015fmas\u0131n\u0131 \u00f6nlemek i\u00e7in LED \u0131\u015f\u0131k yan\u0131p s\u00f6necektir.<\/li>\n<li>Otomatik s\u0131f\u0131rlama fonksiyonu: Bir yolcu gecikme yaparsa kanat kollar\u0131 varsay\u0131lan olarak 5 saniye i\u00e7inde otomatik olarak kapanacakt\u0131r (ayarlanabilir).<\/li>\n<li>Birisi RFID kart\u0131n\u0131 kayd\u0131rmadan i\u00e7eri girmek isterse kanatl\u0131 turnike kilit i\u00e7inde kalacakt\u0131r.<\/li>\n<li>\u00dcst ve \u00f6n direklerdeki LED y\u00f6n g\u00f6stergesi.<\/li>\n<li>Anti-ters fonksiyon, birisi ters y\u00f6nde girmek isterse turnike alarm verir.<\/li>\n<li>\u00c7ift y\u00f6nl\u00fc veya tek y\u00f6nl\u00fc \u00e7al\u0131\u015ft\u0131rma se\u00e7eneklerdir.<\/li>\n<\/ul>\n<p>T\u00fcm g\u00fcvenlik eri\u015fim kontrol\u00fc \u00e7\u00f6z\u00fcm\u00fcn\u00fc sa\u011flayabiliriz. Kendi ge\u00e7i\u015f kontrol sisteminiz varsa, do\u011frudan turnike kap\u0131m\u0131z\u0131 kullanabilirsiniz. E\u011fer yoksa, eksiksiz bir g\u00fcvenlik eri\u015fim kontrol\u00fc \u00e7\u00f6z\u00fcm\u00fc de sa\u011fl\u0131yoruz. Ayr\u0131nt\u0131lar i\u00e7in l\u00fctfen a\u015fa\u011f\u0131daki videoya bak\u0131n.<\/p>\n<p><iframe title=\"Kapakl\u0131 bariyer turnikesi, Kapakl\u0131 bariyer kap\u0131s\u0131, Optik kapakl\u0131 turnike - MaersTurnstile\" src=\"https:\/\/www.youtube.com\/embed\/nK1a72Ax-jQ\" width=\"1150\" height=\"650\" frameborder=\"0\" allowfullscreen=\"allowfullscreen\"><\/iframe><\/p>\n","protected":false},"excerpt":{"rendered":"<p>1. Boyut: 1400*300*980 mm (\u00f6zelle\u015ftirilebilir)<\/p>\n<p>2. \u015eerit geni\u015fli\u011fi: 550 mm (\u00f6zelle\u015ftirilebilir)<\/p>\n<p>3. Ge\u00e7i\u015f h\u0131z\u0131: 40 ki\u015fi\/dakika<\/p>\n<p>4. G\u00fc\u00e7 kayna\u011f\u0131: 110 V\/220 V 50\/60 Hz<\/p>\n<p>5. S\u00fcr\u00fc\u015f Motoru: 20 W<\/p>\n<p>6. Kap\u0131 A\u00e7\u0131k Sinyali: Kuru Kontak\/ R\u00f6le<\/p>\n<p>7. S\u00fcr\u00fc\u015f Motoru: DC24V<\/p>\n<p>8. Kapakl\u0131 bariyer kap\u0131s\u0131 A\u011f\u0131rl\u0131k: 70 kg\/adet<\/p>\n<p>9. Mekanizman\u0131n g\u00fcvenilirli\u011fi: 3 milyon, hatas\u0131z<\/p>\n<p><span style=\"color: #0000ff;\"><strong><a style=\"color: #0000ff;\" title=\"Mairs CE Belgeli Flap Bariyer Turnike\" href=\"http:\/\/mairsturnstile.com\/wp-content\/uploads\/2022\/09\/Mairs-CE-Certificate-Flap-Barrier-Turnstile.pdf\" target=\"_blank\" rel=\"noopener noreferrer\">CE Belgeli,<\/a> <a style=\"color: #0000ff;\" title=\"Mairs ISO9001 Sertifikas\u0131\" href=\"http:\/\/mairsturnstile.com\/wp-content\/uploads\/2022\/09\/Mairs-Registration-Certificate-ISO9001.pdf\" target=\"_blank\" rel=\"noopener noreferrer\">ISO9001 Sertifikal\u0131.<\/a><\/strong><\/span><\/p>\n","protected":false},"featured_media":29376,"comment_status":"closed","ping_status":"closed","template":"","meta":{"neve_meta_sidebar":"","neve_meta_container":"","neve_meta_enable_content_width":"off","neve_meta_content_width":0,"neve_meta_title_alignment":"","neve_meta_author_avatar":"","neve_post_elements_order":"","neve_meta_disable_header":"","neve_meta_disable_footer":"","neve_meta_disable_title":"","_ti_tpc_template_sync":false,"_ti_tpc_template_id":""},"product_cat":[1916,1954],"product_tag":[1926,2223,2225,2221,1955,2513,2514,2515],"class_list":["post-34326","product","type-product","status-publish","has-post-thumbnail","hentry","product_cat-guvenlik-turnikeleri","product_cat-kanatli-bariyer","product_tag-cikis-turnikesi","product_tag-flap-bariyer-sistemi","product_tag-flap-turnike-kapisi","product_tag-kanatli-bariyer-kapisi","product_tag-kanatli-bariyer-turnikesi","product_tag-kapakli-turnike","product_tag-mobil-turnike","product_tag-mobil-turnikeler"],"_links":{"self":[{"href":"https:\/\/mairsturnstile.com\/tr\/wp-json\/wp\/v2\/product\/34326","targetHints":{"allow":["GET"]}}],"collection":[{"href":"https:\/\/mairsturnstile.com\/tr\/wp-json\/wp\/v2\/product"}],"about":[{"href":"https:\/\/mairsturnstile.com\/tr\/wp-json\/wp\/v2\/types\/product"}],"replies":[{"embeddable":true,"href":"https:\/\/mairsturnstile.com\/tr\/wp-json\/wp\/v2\/comments?post=34326"}],"version-history":[{"count":0,"href":"https:\/\/mairsturnstile.com\/tr\/wp-json\/wp\/v2\/product\/34326\/revisions"}],"wp:featuredmedia":[{"embeddable":true,"href":"https:\/\/mairsturnstile.com\/tr\/wp-json\/wp\/v2\/media\/29376"}],"wp:attachment":[{"href":"https:\/\/mairsturnstile.com\/tr\/wp-json\/wp\/v2\/media?parent=34326"}],"wp:term":[{"taxonomy":"product_cat","embeddable":true,"href":"https:\/\/mairsturnstile.com\/tr\/wp-json\/wp\/v2\/product_cat?post=34326"},{"taxonomy":"product_tag","embeddable":true,"href":"https:\/\/mairsturnstile.com\/tr\/wp-json\/wp\/v2\/product_tag?post=34326"}],"curies":[{"name":"wp","href":"https:\/\/api.w.org\/{rel}","templated":true}]}}