{"id":34327,"date":"2020-09-13T00:31:47","date_gmt":"2020-09-12T16:31:47","guid":{"rendered":"https:\/\/mairsturnstile.com\/product\/flap-bariyer-otomatik-turnikeler-mt246"},"modified":"2024-10-31T17:55:16","modified_gmt":"2024-10-31T09:55:16","slug":"otomatik-turnikeler","status":"publish","type":"product","link":"https:\/\/mairsturnstile.com\/tr\/urun\/otomatik-turnikeler","title":{"rendered":"FLAP BAR\u0130YER OTOMAT\u0130K TURN\u0130KELER MT246"},"content":{"rendered":"        <!-- 3D Model html -->\r\n        <div class=\"bp_grand wrapper_27681\">   \r\n        <div class=\"bp_model_parent\">\r\n            <model-viewer class=\"model\" id=\"bp_model_id_27681\" src=\"http:\/\/mairsturnstile.com\/wp-content\/uploads\/2023\/08\/MT246.glb\" alt=\"MT246\" camera-controls  loading=\"auto\" auto-rotate                        >\r\n            <\/model-viewer>\r\n        \r\n            <!-- Button -->\r\n            <svg id=\"openBtn\" width=\"30px\" height=\"30px\" viewBox=\"0 0 16 16\" xmlns=\"http:\/\/www.w3.org\/2000\/svg\" fill=\"#f2f2f2\" class=\"bi bi-arrows-fullscreen model-icon\">\r\n                <path fill-rule=\"evenodd\" d=\"M5.828 10.172a.5.5 0 0 0-.707 0l-4.096 4.096V11.5a.5.5 0 0 0-1 0v3.975a.5.5 0 0 0 .5.5H4.5a.5.5 0 0 0 0-1H1.732l4.096-4.096a.5.5 0 0 0 0-.707zm4.344 0a.5.5 0 0 1 .707 0l4.096 4.096V11.5a.5.5 0 1 1 1 0v3.975a.5.5 0 0 1-.5.5H11.5a.5.5 0 0 1 0-1h2.768l-4.096-4.096a.5.5 0 0 1 0-.707zm0-4.344a.5.5 0 0 0 .707 0l4.096-4.096V4.5a.5.5 0 1 0 1 0V.525a.5.5 0 0 0-.5-.5H11.5a.5.5 0 0 0 0 1h2.768l-4.096 4.096a.5.5 0 0 0 0 .707zm-4.344 0a.5.5 0 0 1-.707 0L1.025 1.732V4.5a.5.5 0 0 1-1 0V.525a.5.5 0 0 1 .5-.5H4.5a.5.5 0 0 1 0 1H1.732l4.096 4.096a.5.5 0 0 1 0 .707z\"\/>\r\n            <\/svg>\r\n        \r\n            <svg id=\"closeBtn\" class=\"model-icon\" width=\"34px\" height=\"34px\" viewBox=\"0 0 24 24\" xmlns=\"http:\/\/www.w3.org\/2000\/svg\">\r\n                <path fill=\"none\" stroke=\"#f2f2f2\" stroke-width=\"2\" d=\"M7,7 L17,17 M7,17 L17,7\"\/>\r\n            <\/svg>\r\n        \r\n        <\/div>\r\n        <\/div> \r\n\r\n        <!-- Model Viewer Style -->\r\n        <style>\r\n            \r\n            .wrapper_27681 .bp_model_parent, #bp_model_id_27681 {\r\n                width: 1150px;\r\n                max-width: 100%;\r\n                                            }\r\n            #bp_model_id_27681 {\r\n                height:700px;\r\n                background-color: #f9f9f9;\r\n            }\r\n            .fullscreen #bp_model_id_27681{\r\n            height: 100%;\r\n            width: 100%;\r\n            }\r\n            .wrapper_27681 .bp_model_parent{\r\n                justify-content: start            }\r\n            model-viewer.model {\r\n                --poster-color: transparent;\r\n            }\r\n        <\/style>\r\n        \r\n        \n<h2><strong>FLAP BAR\u0130YER OTOMAT\u0130K TURST\u0130LLER <\/strong>2 y\u0131l garantili ve dayan\u0131kl\u0131 bak\u0131m ve onar\u0131m deste\u011fine sahiptir.<\/h2>\n<p>OEM ve ODM hizmetleri sa\u011flayabiliriz. IC\/ID kart okuyucular\u0131, parmak izi taray\u0131c\u0131lar\u0131, QR kodu taray\u0131c\u0131lar\u0131, y\u00fcz tan\u0131ma kameralar\u0131 vb. gibi biyometrik cihazlar da sa\u011fl\u0131yoruz.<\/p>\n<h3>Otomatik turnikeler nelerdir?<\/h3>\n<p><strong>Otomatik turnikeler (otomatik turnikeler), bir motor taraf\u0131ndan \u00e7al\u0131\u015ft\u0131r\u0131lan bir t\u00fcr yaya turnike kap\u0131s\u0131 ekipman\u0131d\u0131r. Elektrikli turnikeler de denir. Manuel turnike kap\u0131s\u0131 ile kar\u015f\u0131la\u015ft\u0131r\u0131ld\u0131\u011f\u0131nda, otomatik turnike kap\u0131s\u0131n\u0131n t\u00fcm \u00e7al\u0131\u015fmas\u0131 motor taraf\u0131ndan tahrik edilir ve otomatik turnike kap\u0131s\u0131 daha y\u00fcksek g\u00fcvenlik fakt\u00f6r\u00fcne ve g\u00fcvenilirli\u011fe sahiptir.<\/strong> Otomatik turnikeler, profesyonel ve g\u00fczel g\u00f6r\u00fcn\u00fcml\u00fc tasar\u0131m, h\u0131zl\u0131 ge\u00e7i\u015f, yasa d\u0131\u015f\u0131 kullan\u0131c\u0131 alarmlar\u0131 vb. avantajlara sahiptir. Turnike kap\u0131lar\u0131m\u0131z\u0131n \u00e7o\u011fu tam otomatik turnikelerdir. Otomatik turnikelerin herhangi bir modeline ihtiyac\u0131n\u0131z varsa, l\u00fctfen <a href=\"https:\/\/mairsturnstile.com\/contact\">bizimle ileti\u015fime<\/a> ge\u00e7in<\/p>\n<h3>Otomatik turnikeler Prensibi:<\/h3>\n<p>Elbette otomatik turnikeler bir motorla donat\u0131lacak. Kullan\u0131c\u0131 eri\u015fim yetkisini ald\u0131ktan sonra motor, kilidi a\u00e7mak i\u00e7in fren \u00e7ubu\u011funu yakla\u015f\u0131k 15\u00b0 d\u00f6nd\u00fcrerek yoldan ge\u00e7en ki\u015finin ge\u00e7mesini sa\u011flar. Yoldan ge\u00e7en ki\u015fi fren \u00e7ubu\u011funa dokundu\u011funda, turnike makinesi yoldan ge\u00e7en ki\u015finin ge\u00e7mek istedi\u011fini hissedecektir, b\u00f6ylece ana kontrol\u00f6r, fren \u00e7ubu\u011funun tekrar d\u00f6nmesi i\u00e7in motoru kontrol ederek y\u00fcr\u00fcte\u00e7lerin ge\u00e7i\u015f y\u00f6n\u00fc boyunca sorunsuz bir \u015fekilde ge\u00e7mesini sa\u011flar.<\/p>\n<p>Kap\u0131 kolu 120\u00b0 d\u00f6nd\u00fc\u011f\u00fcnde turnike kap\u0131s\u0131n\u0131n aktarma sistemi otomatik olarak kilitlenecek ve ge\u00e7i\u015f y\u00f6n\u00fcndeki saya\u00e7 otomatik olarak 1 artacakt\u0131r. Ayn\u0131 zamanda, bir elektrik kesintisinden sonra otomatik \u00e7ubuk d\u00fc\u015f\u00fc\u015f\u00fcn\u00fc ger\u00e7ekle\u015ftirebilir ve motordaki g\u00fc\u00e7, kullan\u0131m i\u00e7in \u00e7ok uygun olan, g\u00fc\u00e7 a\u00e7\u0131ld\u0131ktan sonra otomatik \u00e7ubuk y\u00fcklemesini ger\u00e7ekle\u015ftirmek i\u00e7in kap\u0131 \u00e7ubu\u011funu d\u00f6nd\u00fcrmeye y\u00f6nlendirir.<\/p>\n<p>Ger\u00e7ek senaryonuza g\u00f6re birka\u00e7 dakika i\u00e7inde sizin i\u00e7in bir render da olu\u015fturabiliriz. Ayr\u0131ca ayr\u0131nt\u0131l\u0131 yerle\u015fim planlar\u0131 ve \u00e7izimlerin yan\u0131 s\u0131ra kurulum \u00e7izimleri de sa\u011fl\u0131yoruz.<\/p>\n\n        \t\n\t<style type=\"text\/css\">\n\t\t.slider-info-27682.bafg-slider-info .bafg-slider-title {\n\t\t\t\t\t\tfont-size: 22px;\n\t\t\t\t\t\t\n\t\t\t\n\t\t\t\t\t}\n\n\t\t.slider-info-27682.bafg-slider-info .bafg-slider-description {\n\t\t\t\n\t\t\t\n\t\t\t\t\t}\n\n\t\t.slider-info-27682.bafg-slider-info .bafg_slider_readmore_button {\n\t\t\t\n\t\t\t\n\t\t\t\n\t\t\t\n\t\t\t\n\t\t\ttext-align: center;\n\n\t\t\t\n\t\t\t\n\t\t\t\n\t\t\t\n\t\t\t\n\t\t\t\n\t\t\t\t\t}\n\n\t\t.slider-info-27682.bafg-slider-info .bafg_slider_readmore_button:hover {\n\n\t\t\t\n\t\t\t\n\t\t\t\t\t}\n\n\t<\/style>\n\t\n        <div class=\"bafg-twentytwenty-container slider-27682 \" bafg-orientation=\"horizontal\" bafg-default-offset=\"0.5\" bafg-before-label=\"Before\" bafg-after-label=\"After\" bafg-overlay=\"yes\" bafg-move-slider-on-hover=\"yes\" bafg-click-to-move=\"no\">\n              \n            <img decoding=\"async\" class=\"skip-lazy\" src=\"http:\/\/mairsturnstile.com\/wp-content\/uploads\/2023\/08\/automated-turnstiles_4.jpg\" alt=\"\" data-skip-lazy title=\"\">\n            <img decoding=\"async\" class=\"skip-lazy\" src=\"http:\/\/mairsturnstile.com\/wp-content\/uploads\/2023\/08\/automated-turnstiles_5.jpg\" alt=\"\" data-skip-lazy title=\"\">\n           \n        <\/div>\n\n        \t<div class=\"bafg-slider-info-wraper\">\n\t\t<div style=\"\" class=\"slider-info-27682 bafg-slider-info\">\n\t\t\t\t\t<\/div>\n\t<\/div>\n\t\n        <style type=\"text\/css\">\n            \n        <\/style>\n        \n<p>Flap bariyerli otomatik turnike kap\u0131lar\u0131 metro istasyonlar\u0131, stadyumlar, fabrikalar veya ticari binalar i\u00e7in ideal bir \u00e7\u00f6z\u00fcmd\u00fcr. <a href=\"https:\/\/mairsturnstile.com\/what-is-flap-barrier.html\">Flap bariyer<\/a>, personel ve ziyaret\u00e7ilerin izlenmesine yard\u0131mc\u0131 olmak i\u00e7in binalar\u0131n veya \u015fantiyelerin giri\u015f ve \u00e7\u0131k\u0131\u015flar\u0131nda iyi bir \u015fekilde benimsenmi\u015ftir. Kanat<strong> bariyerli otomatik turnike kap\u0131s\u0131ndan<\/strong> yaln\u0131zca yetkili kullan\u0131c\u0131lar belirli alanlara eri\u015febilir. Esneklik se\u00e7enekleri i\u00e7in <a href=\"https:\/\/en.wikipedia.org\/wiki\/Radio-frequency_identification\" target=\"_blank\" rel=\"noopener\">RFID<\/a>, parmak izi do\u011frulama, s\u0131cakl\u0131k kontroll\u00fc y\u00fcz tan\u0131ma ve damar do\u011frulama teknolojileri mevcuttur.<\/p>\n<ul>\n<li>Flap bariyerli otomatik turnikeler, k\u0131s\u0131tl\u0131 alana giren veya \u00e7\u0131kan ki\u015fileri kontrol etmek i\u00e7in in\u015fa edilmi\u015ftir. Genellikle \u00e7ift y\u00f6nl\u00fc yaya trafi\u011finin yo\u011fun oldu\u011fu yerlerde kullan\u0131l\u0131r.<\/li>\n<li>Kanatl\u0131 bariyer otomatik turnike kasas\u0131, \u00e7o\u011fu i\u00e7 mekan ortam\u0131na uyum sa\u011flayacak kusursuz ve ho\u015f bir giri\u015f sistemi olu\u015fturan f\u0131r\u00e7alanm\u0131\u015f 304 paslanmaz \u00e7elikten yap\u0131lm\u0131\u015ft\u0131r.<\/li>\n<li>T\u00fcm \u00fc\u00e7\u00fcnc\u00fc taraf kartl\u0131 ge\u00e7i\u015f sistemleriyle entegre edilebilir (\u00f6rn.: RFID eri\u015fim sistemi, D\u00fc\u011fmeye bas, Parmak izi ve s\u0131cakl\u0131k kontroll\u00fc y\u00fcz tan\u0131ma).<\/li>\n<li>Acil bir durumda Kayar Turnike kolu ak\u00fc veya kondansat\u00f6re ba\u011flanarak otomatik olarak a\u00e7\u0131larak serbest ge\u00e7i\u015fe olanak sa\u011flar.<\/li>\n<li>Optik Flap bariyerli otomatik Turnikeler l\u00fcks ve zarif giri\u015f \u00e7\u00f6z\u00fcmleri i\u00e7in uygundur.<\/li>\n<li>Kayar turnike, h\u0131zl\u0131 h\u0131z, uzun \u00f6m\u00fcr, y\u00fcksek performans ve y\u00fcksek \u00e7al\u0131\u015fma g\u00fcvenilirli\u011fi sunar<\/li>\n<li> Yasad\u0131\u015f\u0131 izinsiz giri\u015f ve ters izinsiz giri\u015f durumunda alarm fonksiyonu.<\/li>\n<li>K\u0131z\u0131l\u00f6tesi sens\u00f6r alarm verecek ve yayalar\u0131n s\u0131k\u0131\u015fmas\u0131n\u0131 \u00f6nlemek i\u00e7in LED \u0131\u015f\u0131k yan\u0131p s\u00f6necektir.<\/li>\n<li>Otomatik s\u0131f\u0131rlama i\u015flevi: Bir yolcunun gecikmesi durumunda, s\u00fcrg\u00fcl\u00fc kollar varsay\u0131lan olarak 5 saniye i\u00e7inde otomatik olarak kapanacakt\u0131r (ayarlanabilir).<\/li>\n<li>Birisi RFID kart\u0131n\u0131 kayd\u0131rmadan i\u00e7eri girmek isterse kanatl\u0131 bariyer turnikeleri kilit i\u00e7inde kalacakt\u0131r.<\/li>\n<li>\u00dcst ve \u00f6n direk \u00fczerinde bir LED y\u00f6n g\u00f6stergesi<\/li>\n<li>Anti-ters fonksiyon, birisi ters y\u00f6nde girmek isterse turnike alarm verir.<\/li>\n<li>Bi-direction or single-direction running are options<\/li>\n<\/ul>\n<p>T\u00fcm g\u00fcvenlik eri\u015fim kontrol\u00fc \u00e7\u00f6z\u00fcm\u00fcn\u00fc sa\u011flayabiliriz. Kendi ge\u00e7i\u015f kontrol sisteminiz varsa, do\u011frudan turnike kap\u0131m\u0131z\u0131 kullanabilirsiniz. E\u011fer yoksa, eksiksiz bir g\u00fcvenlik eri\u015fim kontrol\u00fc \u00e7\u00f6z\u00fcm\u00fc de sa\u011fl\u0131yoruz. Ayr\u0131nt\u0131lar i\u00e7in l\u00fctfen a\u015fa\u011f\u0131daki videoya bak\u0131n.<\/p>\n<p><iframe title=\"Kayar turnike, Kayar kap\u0131 turnikesi, S\u00fcper zorunlu tam y\u00fckseklikte kayar turnike - MaersTurnstile\" src=\"https:\/\/www.youtube.com\/embed\/NWiaz1Su7BI\" width=\"1150\" height=\"650\" frameborder=\"0\" allowfullscreen=\"allowfullscreen\"><\/iframe><\/p>\n","protected":false},"excerpt":{"rendered":"<p>1. Boyut: 1400*350*1000 mm (\u00f6zelle\u015ftirilebilir)<\/p>\n<p>2. \u015eerit geni\u015fli\u011fi: 600 mm (\u00f6zelle\u015ftirilebilir)<\/p>\n<p>3. Ge\u00e7i\u015f h\u0131z\u0131: 40 ki\u015fi\/dakika<\/p>\n<p>4. G\u00fc\u00e7 kayna\u011f\u0131: 110 V\/220 V 50\/60 Hz<\/p>\n<p>5. S\u00fcr\u00fc\u015f Motoru: 30 W\/40 W<\/p>\n<p>6. Kap\u0131 A\u00e7\u0131k Sinyali: Kuru Kontak\/ R\u00f6le<\/p>\n<p>7. S\u00fcr\u00fc\u015f Motoru: DC24V<\/p>\n<p>8. Kapakl\u0131 bariyer turnikeleri A\u011f\u0131rl\u0131k: 70 kg\/adet<\/p>\n<p>9. Kol y\u00fcksekli\u011fi: 1200 mm (\u00f6zelle\u015ftirilebilir)<\/p>\n<p><span style=\"color: #0000ff;\"><strong><a style=\"color: #0000ff;\" title=\"Mairs CE Belgeli Flap Bariyer Turnike\" href=\"http:\/\/mairsturnstile.com\/wp-content\/uploads\/2022\/09\/Mairs-CE-Certificate-Flap-Barrier-Turnstile.pdf\" target=\"_blank\" rel=\"noopener noreferrer\">CE Belgeli,<\/a> <a style=\"color: #0000ff;\" title=\"Mairs ISO9001 Sertifikas\u0131\" href=\"http:\/\/mairsturnstile.com\/wp-content\/uploads\/2022\/09\/Mairs-Registration-Certificate-ISO9001.pdf\" target=\"_blank\" rel=\"noopener noreferrer\">ISO9001 Sertifikal\u0131.<\/a><\/strong><\/span><\/p>\n","protected":false},"featured_media":30076,"comment_status":"closed","ping_status":"closed","template":"","meta":{"neve_meta_sidebar":"","neve_meta_container":"","neve_meta_enable_content_width":"off","neve_meta_content_width":0,"neve_meta_title_alignment":"","neve_meta_author_avatar":"","neve_post_elements_order":"","neve_meta_disable_header":"","neve_meta_disable_footer":"","neve_meta_disable_title":"","_ti_tpc_template_sync":false,"_ti_tpc_template_id":""},"product_cat":[1916,1937],"product_tag":[2516,2220,2221,1955,1964,1934,1959],"class_list":["post-34327","product","type-product","status-publish","has-post-thumbnail","hentry","product_cat-guvenlik-turnikeleri","product_cat-kayar-turnike","product_tag-automated-turnstiles-tr","product_tag-flap-bariyer-turnike-kapisi","product_tag-kanatli-bariyer-kapisi","product_tag-kanatli-bariyer-turnikesi","product_tag-otomatik-turnike","product_tag-spor-salonu-turnikeleri","product_tag-turnike-giris-kapilari"],"_links":{"self":[{"href":"https:\/\/mairsturnstile.com\/tr\/wp-json\/wp\/v2\/product\/34327","targetHints":{"allow":["GET"]}}],"collection":[{"href":"https:\/\/mairsturnstile.com\/tr\/wp-json\/wp\/v2\/product"}],"about":[{"href":"https:\/\/mairsturnstile.com\/tr\/wp-json\/wp\/v2\/types\/product"}],"replies":[{"embeddable":true,"href":"https:\/\/mairsturnstile.com\/tr\/wp-json\/wp\/v2\/comments?post=34327"}],"version-history":[{"count":0,"href":"https:\/\/mairsturnstile.com\/tr\/wp-json\/wp\/v2\/product\/34327\/revisions"}],"wp:featuredmedia":[{"embeddable":true,"href":"https:\/\/mairsturnstile.com\/tr\/wp-json\/wp\/v2\/media\/30076"}],"wp:attachment":[{"href":"https:\/\/mairsturnstile.com\/tr\/wp-json\/wp\/v2\/media?parent=34327"}],"wp:term":[{"taxonomy":"product_cat","embeddable":true,"href":"https:\/\/mairsturnstile.com\/tr\/wp-json\/wp\/v2\/product_cat?post=34327"},{"taxonomy":"product_tag","embeddable":true,"href":"https:\/\/mairsturnstile.com\/tr\/wp-json\/wp\/v2\/product_tag?post=34327"}],"curies":[{"name":"wp","href":"https:\/\/api.w.org\/{rel}","templated":true}]}}