{"id":34328,"date":"2020-09-13T00:43:09","date_gmt":"2020-09-12T16:43:09","guid":{"rendered":"https:\/\/mairsturnstile.com\/product\/flap-bariyer-fiyati-flap-bariyer-kapisi-mt245"},"modified":"2024-10-31T17:54:31","modified_gmt":"2024-10-31T09:54:31","slug":"uygun-fiyatli-klape-bariyer-fiyat","status":"publish","type":"product","link":"https:\/\/mairsturnstile.com\/tr\/urun\/uygun-fiyatli-klape-bariyer-fiyat","title":{"rendered":"KAPAKLI BARIYER S\u00dcRG\u00dcL\u00dc TURNIKE KAPISI MT227"},"content":{"rendered":"        <!-- 3D Model html -->\r\n        <div class=\"bp_grand wrapper_37928\">   \r\n        <div class=\"bp_model_parent\">\r\n            <model-viewer class=\"model\" id=\"bp_model_id_37928\" src=\"http:\/\/mairsturnstile.com\/wp-content\/uploads\/2023\/11\/MT227.glb\" alt=\"MT227\" camera-controls  loading=\"auto\" auto-rotate                        >\r\n            <\/model-viewer>\r\n        \r\n            <!-- Button -->\r\n            <svg id=\"openBtn\" width=\"30px\" height=\"30px\" viewBox=\"0 0 16 16\" xmlns=\"http:\/\/www.w3.org\/2000\/svg\" fill=\"#f2f2f2\" class=\"bi bi-arrows-fullscreen model-icon\">\r\n                <path fill-rule=\"evenodd\" d=\"M5.828 10.172a.5.5 0 0 0-.707 0l-4.096 4.096V11.5a.5.5 0 0 0-1 0v3.975a.5.5 0 0 0 .5.5H4.5a.5.5 0 0 0 0-1H1.732l4.096-4.096a.5.5 0 0 0 0-.707zm4.344 0a.5.5 0 0 1 .707 0l4.096 4.096V11.5a.5.5 0 1 1 1 0v3.975a.5.5 0 0 1-.5.5H11.5a.5.5 0 0 1 0-1h2.768l-4.096-4.096a.5.5 0 0 1 0-.707zm0-4.344a.5.5 0 0 0 .707 0l4.096-4.096V4.5a.5.5 0 1 0 1 0V.525a.5.5 0 0 0-.5-.5H11.5a.5.5 0 0 0 0 1h2.768l-4.096 4.096a.5.5 0 0 0 0 .707zm-4.344 0a.5.5 0 0 1-.707 0L1.025 1.732V4.5a.5.5 0 0 1-1 0V.525a.5.5 0 0 1 .5-.5H4.5a.5.5 0 0 1 0 1H1.732l4.096 4.096a.5.5 0 0 1 0 .707z\"\/>\r\n            <\/svg>\r\n        \r\n            <svg id=\"closeBtn\" class=\"model-icon\" width=\"34px\" height=\"34px\" viewBox=\"0 0 24 24\" xmlns=\"http:\/\/www.w3.org\/2000\/svg\">\r\n                <path fill=\"none\" stroke=\"#f2f2f2\" stroke-width=\"2\" d=\"M7,7 L17,17 M7,17 L17,7\"\/>\r\n            <\/svg>\r\n        \r\n        <\/div>\r\n        <\/div> \r\n\r\n        <!-- Model Viewer Style -->\r\n        <style>\r\n            \r\n            .wrapper_37928 .bp_model_parent, #bp_model_id_37928 {\r\n                width: 1150px;\r\n                max-width: 100%;\r\n                                            }\r\n            #bp_model_id_37928 {\r\n                height:700px;\r\n                background-color: #f9f9f9;\r\n            }\r\n            .fullscreen #bp_model_id_37928{\r\n            height: 100%;\r\n            width: 100%;\r\n            }\r\n            .wrapper_37928 .bp_model_parent{\r\n                justify-content: start            }\r\n            model-viewer.model {\r\n                --poster-color: transparent;\r\n            }\r\n        <\/style>\r\n        \r\n        \n<h4>FLAP BAR\u0130YER S\u00dcRG\u00dcL\u00dc TURN\u0130KE TURN\u0130KE iki y\u0131l garanti ve dayan\u0131kl\u0131 bak\u0131m ve onar\u0131m deste\u011fi ta\u015f\u0131r.<\/h4>\n<p>OEM ve ODM hizmetleri sa\u011flayabiliriz. Farkl\u0131 d\u0131\u015f tasar\u0131m ve konfig\u00fcrasyon \u015femalar\u0131na g\u00f6re normal kapakl\u0131 bariyer fiyat\u0131 600 ABD Dolar\u0131 ile 800 ABD Dolar\u0131 aras\u0131ndad\u0131r.<\/p>\n<p>Kayar turnike kap\u0131s\u0131, zarif bir d\u0131\u015f tasar\u0131ma ve en iyi sessiz etkiye sahip \u00fcst d\u00fczey bir eri\u015fim kontrol\u00fc turnike kap\u0131s\u0131d\u0131r. Bu s\u00fcrg\u00fcl\u00fc turnike kap\u0131s\u0131, spor salonlar\u0131, ofis binalar\u0131, otel lobileri gibi y\u00fcksek rak\u0131ml\u0131 yerlerde yayg\u0131n olarak kullan\u0131lmaktad\u0131r. Bu Meteor serisi s\u00fcrg\u00fcl\u00fc turnike kap\u0131s\u0131 m\u00fc\u015fteriler taraf\u0131ndan olduk\u00e7a ra\u011fbet g\u00f6rmektedir ve \u015f\u0131k ve dokulu d\u0131\u015f tasar\u0131m\u0131 Meteor unsurlar\u0131n\u0131 i\u00e7ermekte ve t\u00fcm s\u00fcrg\u00fcl\u00fc turnike kap\u0131s\u0131n\u0131n \u00e7evreyle m\u00fckemmel bir \u015fekilde b\u00fct\u00fcnle\u015fmi\u015f g\u00f6r\u00fcnmesini sa\u011flamaktad\u0131r. Kayar turnike kap\u0131s\u0131 ekonomiktir ve kanatl\u0131 bariyer kap\u0131s\u0131 en yumu\u015fak ge\u00e7i\u015f h\u0131z\u0131na sahiptir. Kayar turnike kap\u0131s\u0131, \u00f6zellikle yaya<a href=\"https:\/\/en.wikipedia.org\/wiki\/Access_control\" target=\"_blank\" rel=\"noopener\"> ge\u00e7i\u015f kontrol\u00fc <\/a>ve \u00e7e\u015fitli yerler i\u00e7in orta d\u00fczey g\u00fcvenlik hedeflenerek tasarlanm\u0131\u015ft\u0131r.  <\/p>\n<p>  Sens\u00f6rler arac\u0131l\u0131\u011f\u0131yla geli\u015fmi\u015f eri\u015fim g\u00fcvenli\u011fi sa\u011flayan <a href=\"https:\/\/mairsturnstile.com\/what-is-flap-barrier.html\" target=\"_blank\" rel=\"noopener\">flap bariyer kap\u0131s\u0131<\/a>, daha y\u00fcksek g\u00fcvenlik, zarif tasar\u0131m ve k\u00fc\u00e7\u00fck g\u00fcr\u00fclt\u00fcl\u00fc \u00e7al\u0131\u015fma, kararl\u0131 ve sorunsuz \u00e7al\u0131\u015fma, uzun kullan\u0131m \u00f6mr\u00fc gibi harika \u00f6zelliklere sahiptir.<\/p>\n<p>Ger\u00e7ek senaryonuza g\u00f6re birka\u00e7 dakika i\u00e7inde sizin i\u00e7in bir render da olu\u015fturabiliriz. Ayr\u0131ca ayr\u0131nt\u0131l\u0131 yerle\u015fim planlar\u0131 ve \u00e7izimlerin yan\u0131 s\u0131ra kurulum \u00e7izimleri de sa\u011fl\u0131yoruz.<\/p>\n\n        \t\n\t<style type=\"text\/css\">\n\t\t.slider-info-37926.bafg-slider-info .bafg-slider-title {\n\t\t\t\t\t\tfont-size: 22px;\n\t\t\t\t\t\t\n\t\t\t\n\t\t\t\t\t}\n\n\t\t.slider-info-37926.bafg-slider-info .bafg-slider-description {\n\t\t\t\n\t\t\t\n\t\t\t\t\t}\n\n\t\t.slider-info-37926.bafg-slider-info .bafg_slider_readmore_button {\n\t\t\t\n\t\t\t\n\t\t\t\n\t\t\t\n\t\t\t\n\t\t\ttext-align: center;\n\n\t\t\t\n\t\t\t\n\t\t\t\n\t\t\t\n\t\t\t\n\t\t\t\n\t\t\t\t\t}\n\n\t\t.slider-info-37926.bafg-slider-info .bafg_slider_readmore_button:hover {\n\n\t\t\t\n\t\t\t\n\t\t\t\t\t}\n\n\t<\/style>\n\t\n        <div class=\"bafg-twentytwenty-container slider-37926 \" bafg-orientation=\"horizontal\" bafg-default-offset=\"0.5\" bafg-before-label=\"Before\" bafg-after-label=\"After\" bafg-overlay=\"yes\" bafg-move-slider-on-hover=\"yes\" bafg-click-to-move=\"no\">\n              \n            <img decoding=\"async\" class=\"skip-lazy\" src=\"http:\/\/mairsturnstile.com\/wp-content\/uploads\/2024\/07\/new-sliding-turnstile_1.jpg\" alt=\"\" data-skip-lazy title=\"\">\n            <img decoding=\"async\" class=\"skip-lazy\" src=\"http:\/\/mairsturnstile.com\/wp-content\/uploads\/2024\/07\/new-sliding-turnstile.jpg\" alt=\"\" data-skip-lazy title=\"\">\n           \n        <\/div>\n\n        \t<div class=\"bafg-slider-info-wraper\">\n\t\t<div style=\"\" class=\"slider-info-37926 bafg-slider-info\">\n\t\t\t\t\t<\/div>\n\t<\/div>\n\t\n        <style type=\"text\/css\">\n            \n        <\/style>\n        \n<ul>\n<li>K\u0131s\u0131tl\u0131 alana giren veya \u00e7\u0131kan ki\u015fileri kontrol etmek i\u00e7in s\u00fcrg\u00fcl\u00fc bir turnike kap\u0131s\u0131 in\u015fa edilmi\u015ftir. Genellikle \u00e7ift y\u00f6nl\u00fc yaya trafi\u011finin yo\u011fun oldu\u011fu yerlerde kullan\u0131l\u0131r.<\/li>\n<li>Kayar bariyer kasas\u0131, \u00e7o\u011fu i\u00e7 mekan ortam\u0131na uyum sa\u011flamak i\u00e7in kesintisiz ve ho\u015f bir giri\u015f sistemi olu\u015fturan f\u0131r\u00e7alanm\u0131\u015f 304 paslanmaz \u00e7elikten yap\u0131lm\u0131\u015ft\u0131r.<\/li>\n<li>T\u00fcm \u00fc\u00e7\u00fcnc\u00fc taraf kartl\u0131 ge\u00e7i\u015f sistemleriyle entegre edilebilir (\u00f6rn.: RFID eri\u015fim sistemi, D\u00fc\u011fmeye bas, Parmak izi ve s\u0131cakl\u0131k kontroll\u00fc y\u00fcz tan\u0131ma).<\/li>\n<li>Acil durumlarda, s\u00fcrg\u00fcl\u00fc turnike kap\u0131 kolu, serbest ge\u00e7i\u015fe izin vermek i\u00e7in ak\u00fc veya kapasit\u00f6r ile ba\u011flant\u0131 kurarak otomatik olarak a\u00e7\u0131lacakt\u0131r.<\/li>\n<li>Optik s\u00fcrg\u00fcl\u00fc turnikeler l\u00fcks ve zarif giri\u015f \u00e7\u00f6z\u00fcmleri i\u00e7in uygundur.<\/li>\n<li>Kayar kap\u0131l\u0131 turnike, y\u00fcksek h\u0131z, uzun \u00f6m\u00fcr, y\u00fcksek performans ve y\u00fcksek \u00e7al\u0131\u015fma g\u00fcvenilirli\u011fi \u00f6zelliklerine sahiptir<\/li>\n<li>Yasad\u0131\u015f\u0131 izinsiz giri\u015f ve ters izinsiz giri\u015f durumunda alarm fonksiyonu.<\/li>\n<li>K\u0131z\u0131l\u00f6tesi sens\u00f6r alarm verecek ve yayalar\u0131n s\u0131k\u0131\u015fmas\u0131n\u0131 \u00f6nlemek i\u00e7in LED \u0131\u015f\u0131k yan\u0131p s\u00f6necektir.<\/li>\n<li>Otomatik s\u0131f\u0131rlama i\u015flevi: Bir yolcunun gecikmesi durumunda, s\u00fcrg\u00fcl\u00fc kollar varsay\u0131lan olarak 5 saniye i\u00e7inde otomatik olarak kapanacakt\u0131r (ayarlanabilir).<\/li>\n<li>Birisi RFID kart\u0131n\u0131 kayd\u0131rmadan i\u00e7eri girmek isterse s\u00fcrg\u00fcl\u00fc turnike kilitli kalacakt\u0131r.<\/li>\n<li>\u00dcst ve \u00f6n direkte LED y\u00f6n g\u00f6stergesi.<\/li>\n<li>Uygun fiyatl\u0131 flap bariyer fiyat\u0131.<\/li>\n<li>Muhafaza Malzemesi: 304 paslanmaz \u00e7elik<\/li>\n<li>Anti-ters fonksiyon, birisi ters y\u00f6nde girmek isterse turnike alarm verir.<\/li>\n<li>Bi-direction or single-direction running are options<\/li>\n<\/ul>\n<p>T\u00fcm g\u00fcvenlik eri\u015fim kontrol\u00fc \u00e7\u00f6z\u00fcm\u00fcn\u00fc sa\u011flayabiliriz. Kendi ge\u00e7i\u015f kontrol sisteminiz varsa, do\u011frudan turnike kap\u0131m\u0131z\u0131 kullanabilirsiniz. E\u011fer yoksa, eksiksiz bir g\u00fcvenlik eri\u015fim kontrol\u00fc \u00e7\u00f6z\u00fcm\u00fc de sa\u011fl\u0131yoruz. Ayr\u0131nt\u0131lar i\u00e7in l\u00fctfen a\u015fa\u011f\u0131daki videoya bak\u0131n.<\/p>\n<p><iframe title=\"Kayar turnike, Kayar kap\u0131 turnikesi, S\u00fcper zorunlu tam y\u00fckseklikte kayar turnike - MaersTurnstile\" src=\"https:\/\/www.youtube.com\/embed\/NWiaz1Su7BI\" width=\"1150\" height=\"650\" frameborder=\"0\" allowfullscreen=\"allowfullscreen\"><\/iframe><\/p>\n","protected":false},"excerpt":{"rendered":"<p>1. Boyut: 1400*350*1000 mm (\u00f6zelle\u015ftirilebilir)<\/p>\n<p>2. \u015eerit geni\u015fli\u011fi: 600 mm (\u00f6zelle\u015ftirilebilir)<\/p>\n<p>3. Ge\u00e7i\u015f h\u0131z\u0131: 40 ki\u015fi\/dakika<\/p>\n<p>4. G\u00fc\u00e7 kayna\u011f\u0131: 110 V\/220 V 50\/60 Hz<\/p>\n<p>5. S\u00fcr\u00fc\u015f Motoru: 30 W\/40 W<\/p>\n<p>6. Kap\u0131 A\u00e7\u0131k Sinyali: Kuru Kontak\/ R\u00f6le<\/p>\n<p>7. S\u00fcr\u00fc\u015f Motoru: DC24V<\/p>\n<p>8. Kapakl\u0131 bariyer fiyat turnikesi A\u011f\u0131rl\u0131k: 70 kg\/adet<\/p>\n<p>9. Kol y\u00fcksekli\u011fi: 1200 mm<\/p>\n<p><span style=\"color: #0000ff;\"><strong><a style=\"color: #0000ff;\" title=\"Mairs CE Belgeli Flap Bariyer Turnike\" href=\"http:\/\/mairsturnstile.com\/wp-content\/uploads\/2022\/09\/Mairs-CE-Certificate-Flap-Barrier-Turnstile.pdf\" target=\"_blank\" rel=\"noopener noreferrer\">CE Belgeli,<\/a> <a style=\"color: #0000ff;\" title=\"Mairs ISO9001 Sertifikas\u0131\" href=\"http:\/\/mairsturnstile.com\/wp-content\/uploads\/2022\/09\/Mairs-Registration-Certificate-ISO9001.pdf\" target=\"_blank\" rel=\"noopener noreferrer\">ISO9001 Sertifikal\u0131.<\/a><\/strong><\/span><\/p>\n<p><a title=\"S\u00fcrg\u00fcl\u00fc Turnike Kap\u0131s\u0131 Bro\u015f\u00fcr\u00fc\" href=\"http:\/\/mairsturnstile.com\/wp-content\/uploads\/2024\/03\/Sliding-turnstile-MT227-brochure.pdf\" target=\"  rel=\" rel=\"noopener\"><img decoding=\"async\" class=\"alignnone size-full wp-image-11034\" src=\"http:\/\/mairsturnstile.com\/wp-content\/uploads\/2022\/09\/pdf-MairsTurnstile.png\" alt=\"\" width=\"32\" height=\"32\"><span style=\"color: #0000ff;\"><strong>Kayar Turnike Kap\u0131s\u0131 MT227 Bro\u015f\u00fcr\u00fc<\/strong><\/span><\/a><\/p>\n","protected":false},"featured_media":58854,"comment_status":"closed","ping_status":"closed","template":"","meta":{"neve_meta_sidebar":"","neve_meta_container":"","neve_meta_enable_content_width":"off","neve_meta_content_width":0,"neve_meta_title_alignment":"","neve_meta_author_avatar":"","neve_post_elements_order":"","neve_meta_disable_header":"","neve_meta_disable_footer":"","neve_meta_disable_title":"","_ti_tpc_template_sync":false,"_ti_tpc_template_id":""},"product_cat":[1916,1937],"product_tag":[1939,3270,3269,1934,2523,2521,1952,1941],"class_list":["post-34328","product","type-product","status-publish","has-post-thumbnail","hentry","product_cat-guvenlik-turnikeleri","product_cat-kayar-turnike","product_tag-bir-turnike-maliyeti-ne-kadar","product_tag-kapakli-bariyer-kayar-turnike","product_tag-kayar-turnike-kapisi","product_tag-spor-salonu-turnikeleri","product_tag-surgulu-kapi-turnikesi","product_tag-surgulu-turnike","product_tag-tam-boy-kayar-turnike","product_tag-turnike-maliyeti"],"_links":{"self":[{"href":"https:\/\/mairsturnstile.com\/tr\/wp-json\/wp\/v2\/product\/34328","targetHints":{"allow":["GET"]}}],"collection":[{"href":"https:\/\/mairsturnstile.com\/tr\/wp-json\/wp\/v2\/product"}],"about":[{"href":"https:\/\/mairsturnstile.com\/tr\/wp-json\/wp\/v2\/types\/product"}],"replies":[{"embeddable":true,"href":"https:\/\/mairsturnstile.com\/tr\/wp-json\/wp\/v2\/comments?post=34328"}],"version-history":[{"count":0,"href":"https:\/\/mairsturnstile.com\/tr\/wp-json\/wp\/v2\/product\/34328\/revisions"}],"wp:featuredmedia":[{"embeddable":true,"href":"https:\/\/mairsturnstile.com\/tr\/wp-json\/wp\/v2\/media\/58854"}],"wp:attachment":[{"href":"https:\/\/mairsturnstile.com\/tr\/wp-json\/wp\/v2\/media?parent=34328"}],"wp:term":[{"taxonomy":"product_cat","embeddable":true,"href":"https:\/\/mairsturnstile.com\/tr\/wp-json\/wp\/v2\/product_cat?post=34328"},{"taxonomy":"product_tag","embeddable":true,"href":"https:\/\/mairsturnstile.com\/tr\/wp-json\/wp\/v2\/product_tag?post=34328"}],"curies":[{"name":"wp","href":"https:\/\/api.w.org\/{rel}","templated":true}]}}