{"id":34329,"date":"2020-09-13T00:48:49","date_gmt":"2020-09-12T16:48:49","guid":{"rendered":"https:\/\/mairsturnstile.com\/product\/super-sessiz-tam-yukseklik-surgulu-turnike-mt247"},"modified":"2024-10-31T17:51:34","modified_gmt":"2024-10-31T09:51:34","slug":"surgulu-turnike","status":"publish","type":"product","link":"https:\/\/mairsturnstile.com\/tr\/urun\/surgulu-turnike","title":{"rendered":"YEN\u0130 TASARIM TAM Y\u00dcKSEK S\u00dcRG\u00dcL\u00dc TURN\u0130KE MT237-P"},"content":{"rendered":"        <!-- 3D Model html -->\r\n        <div class=\"bp_grand wrapper_37634\">   \r\n        <div class=\"bp_model_parent\">\r\n            <model-viewer class=\"model\" id=\"bp_model_id_37634\" src=\"http:\/\/mairsturnstile.com\/wp-content\/uploads\/2023\/11\/MT237-p.glb\" alt=\"MT237-p\" camera-controls  loading=\"auto\" auto-rotate                        >\r\n            <\/model-viewer>\r\n        \r\n            <!-- Button -->\r\n            <svg id=\"openBtn\" width=\"30px\" height=\"30px\" viewBox=\"0 0 16 16\" xmlns=\"http:\/\/www.w3.org\/2000\/svg\" fill=\"#f2f2f2\" class=\"bi bi-arrows-fullscreen model-icon\">\r\n                <path fill-rule=\"evenodd\" d=\"M5.828 10.172a.5.5 0 0 0-.707 0l-4.096 4.096V11.5a.5.5 0 0 0-1 0v3.975a.5.5 0 0 0 .5.5H4.5a.5.5 0 0 0 0-1H1.732l4.096-4.096a.5.5 0 0 0 0-.707zm4.344 0a.5.5 0 0 1 .707 0l4.096 4.096V11.5a.5.5 0 1 1 1 0v3.975a.5.5 0 0 1-.5.5H11.5a.5.5 0 0 1 0-1h2.768l-4.096-4.096a.5.5 0 0 1 0-.707zm0-4.344a.5.5 0 0 0 .707 0l4.096-4.096V4.5a.5.5 0 1 0 1 0V.525a.5.5 0 0 0-.5-.5H11.5a.5.5 0 0 0 0 1h2.768l-4.096 4.096a.5.5 0 0 0 0 .707zm-4.344 0a.5.5 0 0 1-.707 0L1.025 1.732V4.5a.5.5 0 0 1-1 0V.525a.5.5 0 0 1 .5-.5H4.5a.5.5 0 0 1 0 1H1.732l4.096 4.096a.5.5 0 0 1 0 .707z\"\/>\r\n            <\/svg>\r\n        \r\n            <svg id=\"closeBtn\" class=\"model-icon\" width=\"34px\" height=\"34px\" viewBox=\"0 0 24 24\" xmlns=\"http:\/\/www.w3.org\/2000\/svg\">\r\n                <path fill=\"none\" stroke=\"#f2f2f2\" stroke-width=\"2\" d=\"M7,7 L17,17 M7,17 L17,7\"\/>\r\n            <\/svg>\r\n        \r\n        <\/div>\r\n        <\/div> \r\n\r\n        <!-- Model Viewer Style -->\r\n        <style>\r\n            \r\n            .wrapper_37634 .bp_model_parent, #bp_model_id_37634 {\r\n                width: 1150px;\r\n                max-width: 100%;\r\n                                            }\r\n            #bp_model_id_37634 {\r\n                height:700px;\r\n                background-color: #f9f9f9;\r\n            }\r\n            .fullscreen #bp_model_id_37634{\r\n            height: 100%;\r\n            width: 100%;\r\n            }\r\n            .wrapper_37634 .bp_model_parent{\r\n                justify-content: start            }\r\n            model-viewer.model {\r\n                --poster-color: transparent;\r\n            }\r\n        <\/style>\r\n        \r\n        \n<h2>S\u00fcper sessiz tam boy kayar turnike, kayar turnike bariyer kap\u0131s\u0131, sat\u0131l\u0131k kayar kap\u0131 turnikesi.<\/h2>\n<h4>TAM Y\u00dcKSEKL\u0130KTE S\u00dcRG\u00dcL\u00dc KAPI TURN\u0130KES\u0130 2 y\u0131l garantili olup, uzun s\u00fcreli bak\u0131m ve onar\u0131m deste\u011fine sahiptir.<\/h4>\n<p><strong>Kayar turnike, kap\u0131y\u0131 a\u00e7mak ve kapatmak i\u00e7in iki b\u00f6lmenin ayn\u0131 veya farkl\u0131 y\u00f6nlerde paralel do\u011frusal hareketine dayanan bir t\u00fcr yaya eri\u015fim kontrol\u00fc turnike kap\u0131s\u0131d\u0131r.<\/strong> <a href=\"https:\/\/mairsturnstile.com\/product\/automated-turnstiles\" target=\"_blank\" rel=\"noopener\">Kayar turnike<\/a>, d\u00fc\u011fmeler, kart kayd\u0131rma ve uzaktan kumanda ile manuel olarak veya y\u00fcz tan\u0131ma ve insan v\u00fccudu ind\u00fcksiyonu ile tam otomatik olarak a\u00e7\u0131l\u0131p kapat\u0131labilen bir elektrik kontroll\u00fc otomatik turnike kap\u0131s\u0131d\u0131r. \u015eu anda, yaya eri\u015fimini kontrol etmek i\u00e7in \u00f6zel olarak kullan\u0131lan \u00e7e\u015fitli yerle\u015fim alanlar\u0131n\u0131n, i\u015fletmelerin, fabrikalar\u0131n ve di\u011fer yerlerin giri\u015f kap\u0131lar\u0131nda yayg\u0131n olarak kullan\u0131lmaktad\u0131r.<\/p>\n<p>Kayar turnike, cayd\u0131rmak veya serbest b\u0131rakmak i\u00e7in uzat\u0131l\u0131p geri \u00e7ekilebilen bir \u015fasi ve iki hareketli kap\u0131 kanad\u0131ndan olu\u015fur. Bu yeni tasar\u0131ml\u0131 tam y\u00fckseklikte s\u00fcrg\u00fcl\u00fc turnike MT237-P, en yeni tasar\u0131m\u0131 ve g\u00fczel \u015fekli benimser. Kayar kap\u0131 turnikesinin uygulama se\u00e7imi sitenin b\u00fcy\u00fckl\u00fc\u011f\u00fcne ve alan\u0131na g\u00f6re belirlenir. Kap\u0131 kanad\u0131, d\u00f6ner turnike kap\u0131s\u0131 ve flap bariyer turnikesinden daha y\u00fcksektir. Genellikle 1,6m y\u00fcksekli\u011finde olacak \u015fekilde tasarlanm\u0131\u015ft\u0131r. Kanal geni\u015fli\u011fi, d\u00f6ner turnike kap\u0131s\u0131 kanal\u0131yla ayn\u0131d\u0131r. 0,55 M geni\u015flik tek ki\u015finin ge\u00e7i\u015f amac\u0131na ula\u015fmas\u0131 i\u00e7in yeterlidir.<\/p>\n<p>Baz\u0131 devlet kurumlar\u0131 ve birimleri veya g\u00fc\u00e7l\u00fc gizlilik ve y\u00fcksek g\u00fcvenlik gereksinimleri olan yerler i\u00e7in, kayar turnike, daha kat\u0131 eri\u015fim y\u00f6netimi ve daha g\u00fc\u00e7l\u00fc g\u00fcvenlik \u00f6nlemlerine sahip olan ana eri\u015fim kontrol y\u00f6netim ekipman\u0131 olarak se\u00e7ilebilir. G\u00fcvenlik \u00f6nlemleri esas olarak tasar\u0131m\u0131na yans\u0131t\u0131lm\u0131\u015ft\u0131r. Kayar kol, delme ve t\u0131rmanmay\u0131 \u00f6nlemek i\u00e7in nispeten y\u00fcksektir ve ana malzeme akrilik camd\u0131r. Bu kanal\u0131n vizyonu s\u0131n\u0131rl\u0131 olmayacakt\u0131r. Ofis binas\u0131n\u0131n hol\u00fcne yerle\u015ftirilmi\u015f ve tamam\u0131 hala \u015feffaf ve parlak.<\/p>\n<p>Kayar bariyer turnikesi, tripod turnike kap\u0131s\u0131ndan, d\u00f6ner turnike kap\u0131s\u0131ndan ve kanatl\u0131 bariyer kap\u0131s\u0131ndan farkl\u0131d\u0131r. Yayg\u0131n olarak kullan\u0131lmayan ve giri\u015f \u00e7\u0131k\u0131\u015f\u0131n\u0131n kesinlikle engellenmesi gereken bir t\u00fcr yaya turnike kap\u0131s\u0131 ekipman\u0131d\u0131r. Her iki taraftaki engelleme bariyeri \u00e7eviri tipi oldu\u011fundan ve otomatik kontrol\u00fc benimsedi\u011finden, insanlar\u0131 kolayca kesmez. Y\u00fcksek engelleme bariyerinin tasar\u0131m\u0131 izinsiz ge\u00e7i\u015f ve t\u0131rmanma olas\u0131l\u0131\u011f\u0131n\u0131 \u00f6nler, dolay\u0131s\u0131yla y\u00fcksek g\u00fcvenlik bunun en \u00f6nemli i\u015faretidir. Engelleme bariyeri incedir ve g\u00fcvenlik a\u00e7\u0131s\u0131ndan daha g\u00fc\u00e7lendirilmi\u015f, emniyetli ve esnek olan iki kap\u0131 \u015feklinde yap\u0131labilir.<\/p>\n<p>\u00c7o\u011funlukla \u00fcst d\u00fczey ofis binalar\u0131, grup i\u015fletmeleri, i\u015f binalar\u0131n\u0131n koridorlar\u0131 veya asans\u00f6r salonlar\u0131, merdivenler vb. gibi g\u00fcvenlik verimlili\u011finin iyile\u015ftirilmesi gereken sahnelerde kullan\u0131l\u0131r.<\/p>\n<p>Ger\u00e7ek senaryonuza g\u00f6re birka\u00e7 dakika i\u00e7inde sizin i\u00e7in bir render da olu\u015fturabiliriz. Ayr\u0131ca ayr\u0131nt\u0131l\u0131 yerle\u015fim planlar\u0131 ve \u00e7izimlerin yan\u0131 s\u0131ra kurulum \u00e7izimleri de sa\u011fl\u0131yoruz.<\/p>\n\n        \t\n\t<style type=\"text\/css\">\n\t\t.slider-info-37633.bafg-slider-info .bafg-slider-title {\n\t\t\t\t\t\tfont-size: 22px;\n\t\t\t\t\t\t\n\t\t\t\n\t\t\t\t\t}\n\n\t\t.slider-info-37633.bafg-slider-info .bafg-slider-description {\n\t\t\t\n\t\t\t\n\t\t\t\t\t}\n\n\t\t.slider-info-37633.bafg-slider-info .bafg_slider_readmore_button {\n\t\t\t\n\t\t\t\n\t\t\t\n\t\t\t\n\t\t\t\n\t\t\ttext-align: center;\n\n\t\t\t\n\t\t\t\n\t\t\t\n\t\t\t\n\t\t\t\n\t\t\t\n\t\t\t\t\t}\n\n\t\t.slider-info-37633.bafg-slider-info .bafg_slider_readmore_button:hover {\n\n\t\t\t\n\t\t\t\n\t\t\t\t\t}\n\n\t<\/style>\n\t\n        <div class=\"bafg-twentytwenty-container slider-37633 \" bafg-orientation=\"horizontal\" bafg-default-offset=\"0.5\" bafg-before-label=\"Before\" bafg-after-label=\"After\" bafg-overlay=\"yes\" bafg-move-slider-on-hover=\"yes\" bafg-click-to-move=\"no\">\n              \n            <img decoding=\"async\" class=\"skip-lazy\" src=\"http:\/\/mairsturnstile.com\/wp-content\/uploads\/2024\/10\/sliding-turnstile-7.jpg\" alt=\"sliding turnstile\" data-skip-lazy title=\"\">\n            <img decoding=\"async\" class=\"skip-lazy\" src=\"http:\/\/mairsturnstile.com\/wp-content\/uploads\/2020\/09\/sliding-turnstile-5-1.jpg\" alt=\"sliding turnstile\" data-skip-lazy title=\"\">\n           \n        <\/div>\n\n        \t<div class=\"bafg-slider-info-wraper\">\n\t\t<div style=\"\" class=\"slider-info-37633 bafg-slider-info\">\n\t\t\t\t\t<\/div>\n\t<\/div>\n\t\n        <style type=\"text\/css\">\n            \n        <\/style>\n        \n<p><strong>Kullan\u0131m \u00f6nlemleri:<\/strong><\/p>\n<p>Kayar bariyerli turnike kullan\u0131m\u0131nda ge\u00e7en personel &#8220;kart\u0131n sar\u0131 \u00e7izgi d\u0131\u015f\u0131na kayd\u0131r\u0131lmas\u0131 veya anlams\u0131z kimlik tespiti, takip ve ters ge\u00e7i\u015f yap\u0131lmamas\u0131&#8221; ge\u00e7i\u015f prensibine uyacakt\u0131r.<\/p>\n<p>Not: Yayalar kartlar\u0131n\u0131 ge\u00e7idin d\u0131\u015f k\u0131sm\u0131ndaki sar\u0131 \u00e7izginin d\u0131\u015f\u0131na do\u011fru kayd\u0131r\u0131rlar. Ge\u00e7erli bir karttan ayn\u0131 anda yaln\u0131zca bir ki\u015fi ge\u00e7ebilir. Arkadan gelen yayalar\u0131n kartlar\u0131n\u0131 okutmadan takip etmeleri ve kar\u015f\u0131 y\u00f6nden ge\u00e7meleri yasakt\u0131r. &#8220;.<\/p>\n<p>Kayar bariyer turnike kullan\u0131m\u0131 s\u0131ras\u0131nda g\u00fcnl\u00fck temizlik ve bak\u0131ma dikkat edin. D\u00fczenli denetim, ekipman\u0131n ya\u015flanmas\u0131n\u0131 etkili bir \u015fekilde \u00f6nleyebilir ve zaman\u0131nda bak\u0131m, ekipman\u0131n servis \u00f6mr\u00fcn\u00fc etkili bir \u015fekilde uzatabilir. Kayar bariyerli turnikenin pratik uygulamas\u0131nda g\u00f6r\u00fcn\u00fcm ve fonksiyon iste\u011fe g\u00f6re \u00f6zelle\u015ftirilebilir.<\/p>\n<p>OEM ve ODM hizmetleri sa\u011flayabiliriz. IC\/ID kart okuyucular\u0131, parmak izi taray\u0131c\u0131lar\u0131, QR kodu taray\u0131c\u0131lar\u0131, y\u00fcz tan\u0131ma kameralar\u0131 vb. gibi biyometrik cihazlar da sa\u011fl\u0131yoruz. Bu cihazlar\u0131 turnike kap\u0131s\u0131na entegre etmeniz gerekiyorsa veya herhangi bir sorunuz varsa, l\u00fctfen <a href=\"https:\/\/mairsturnstile.com\/contact\" target=\"_blank\" rel=\"noopener\">bizimle ileti\u015fime<\/a> ge\u00e7in<\/p>\n<p>\u0130lk video, ultra sessiz ve g\u00fczel g\u00f6r\u00fcnen s\u0131radan bir kayar turnikedir. A\u015fa\u011f\u0131daki video \u00f6zelle\u015ftirilmi\u015f kayar turnikedir. Kayar turnikenin boyutu veya g\u00f6r\u00fcn\u00fcm\u00fc ne olursa olsun m\u00fc\u015fterilerin ger\u00e7ek ihtiya\u00e7lar\u0131na g\u00f6re \u00f6zelle\u015ftirilir. Benzer bir kayar turnikeyi \u00f6zelle\u015ftirmeniz gerekiyorsa bizimle de ileti\u015fime ge\u00e7ebilirsiniz.<\/p>\n<p><strong>S\u00dcRG\u00dcL\u00dc KAPI TURN\u0130KES\u0130<\/strong> \u015f\u0131k tasar\u0131m\u0131, y\u00fcksek h\u0131z\u0131, y\u00fcksek g\u00fcvenli\u011fi, az g\u00fcr\u00fclt\u00fcl\u00fc \u00e7al\u0131\u015fmas\u0131, d\u00fczg\u00fcn \u00e7al\u0131\u015fmas\u0131 ve uzun \u00f6mr\u00fc ile \u00f6ne \u00e7\u0131k\u0131yor. <a href=\"https:\/\/en.wikipedia.org\/wiki\/Facial_recognition\" target=\"_blank\" rel=\"noopener\">Y\u00fcz tan\u0131ma<\/a> s\u0131cakl\u0131k taray\u0131c\u0131lar\u0131, parmak izi eri\u015fim kontrol\u00fc, QR sistemleri, ESD eri\u015fim kontrol\u00fc RFID vb. ile uyumlu olacak \u015fekilde son derece entegre edilmi\u015ftir. H\u0131zl\u0131 kanat <a href=\"https:\/\/mairsturnstile.com\/what-is-flap-barrier.html\" target=\"_blank\" rel=\"noopener\">bariyeri<\/a> olan d\u00f6ner b\u00f6lme, g\u00fc\u00e7 kapal\u0131yken otomatik olarak a\u00e7\u0131l\u0131r ve yang\u0131n \/ acil \u00e7\u0131k\u0131\u015f gereksinimleri i\u00e7in ge\u00e7i\u015f i\u00e7in serbest kal\u0131r.<\/p>\n<ul>\n<li><strong>KAYAR D\u00d6NER K\u0130L\u0130T, <\/strong>k\u0131s\u0131tl\u0131 alana giren veya \u00e7\u0131kan ki\u015fileri kontrol etmek i\u00e7in in\u015fa edilmi\u015ftir. Genellikle \u00e7ift y\u00f6nl\u00fc yaya trafi\u011finin yo\u011fun oldu\u011fu yerlerde kullan\u0131l\u0131r.<\/li>\n<li>Kayar bariyerli turnike kap\u0131s\u0131 kasas\u0131, \u00e7o\u011fu i\u00e7 mekan ortam\u0131na uyum sa\u011flayacak kusursuz ve ho\u015f bir giri\u015f sistemi olu\u015fturan f\u0131r\u00e7alanm\u0131\u015f 304 paslanmaz \u00e7elikten yap\u0131lm\u0131\u015ft\u0131r.<\/li>\n<li>T\u00fcm \u00fc\u00e7\u00fcnc\u00fc taraf kartl\u0131 ge\u00e7i\u015f sistemleriyle entegre edilebilir (\u00f6rn.: RFID eri\u015fim sistemi, D\u00fc\u011fmeye bas, Parmak izi ve s\u0131cakl\u0131k kontroll\u00fc y\u00fcz tan\u0131ma).<\/li>\n<li>Acil bir durumda Kayar Turnike kolu ak\u00fc veya kondansat\u00f6re ba\u011flanarak otomatik olarak a\u00e7\u0131larak serbest ge\u00e7i\u015fe olanak sa\u011flar.<\/li>\n<li>Optik kayar turnike l\u00fcks ve \u015f\u0131k giri\u015f \u00e7\u00f6z\u00fcmleri i\u00e7in uygundur.<\/li>\n<li>Kayar kap\u0131 turnikesi h\u0131zl\u0131 h\u0131z, uzun \u00f6m\u00fcr, y\u00fcksek performans ve y\u00fcksek \u00e7al\u0131\u015fma g\u00fcvenilirli\u011fine sahiptir.<\/li>\n<li> Yasad\u0131\u015f\u0131 izinsiz giri\u015f ve ters izinsiz giri\u015f durumunda alarm fonksiyonu.<\/li>\n<li>K\u0131z\u0131l\u00f6tesi sens\u00f6r alarm verecek ve yayalar\u0131n s\u0131k\u0131\u015fmas\u0131n\u0131 \u00f6nlemek i\u00e7in LED \u0131\u015f\u0131k yan\u0131p s\u00f6necektir.<\/li>\n<li>Otomatik s\u0131f\u0131rlama i\u015flevi: Bir yolcunun gecikmesi durumunda, s\u00fcrg\u00fcl\u00fc kollar varsay\u0131lan olarak 5 saniye i\u00e7inde otomatik olarak kapanacakt\u0131r (ayarlanabilir).<\/li>\n<li>Birisi RFID kart\u0131n\u0131 kayd\u0131rmadan i\u00e7eri girmek isterse s\u00fcrg\u00fcl\u00fc kap\u0131 turnikesi kilitte kalacakt\u0131r.<\/li>\n<li>\u00dcst ve \u00f6n direk \u00fczerinde bir LED y\u00f6n g\u00f6stergesi<\/li>\n<li>Muhafaza Malzemesi: 304 paslanmaz \u00e7elik<\/li>\n<li>Anti-ters fonksiyon, birisi ters y\u00f6nde girmek isterse turnike alarm verir.<\/li>\n<li>Bi-direction or single-direction running are options<\/li>\n<\/ul>\n<p>T\u00fcm g\u00fcvenlik eri\u015fim kontrol\u00fc \u00e7\u00f6z\u00fcm\u00fcn\u00fc sa\u011flayabiliriz. Kendi ge\u00e7i\u015f kontrol sisteminiz varsa, do\u011frudan turnike kap\u0131m\u0131z\u0131 kullanabilirsiniz. E\u011fer yoksa, eksiksiz bir g\u00fcvenlik eri\u015fim kontrol\u00fc \u00e7\u00f6z\u00fcm\u00fc de sa\u011fl\u0131yoruz. Ayr\u0131nt\u0131lar i\u00e7in l\u00fctfen a\u015fa\u011f\u0131daki videoya bak\u0131n.<\/p>\n<p><iframe title=\"Kayar turnike, Kayar kap\u0131 turnikesi, S\u00fcper zorunlu tam y\u00fckseklikte kayar turnike - MaersTurnstile\" src=\"https:\/\/www.youtube.com\/embed\/NWiaz1Su7BI\" width=\"1150\" height=\"650\" frameborder=\"0\" allowfullscreen=\"allowfullscreen\"><\/iframe><\/p>\n","protected":false},"excerpt":{"rendered":"<p>1. Boyut: 1420*340*1000 mm (\u00f6zelle\u015ftirilebilir)<\/p>\n<p>2. \u015eerit geni\u015fli\u011fi: 600 mm (standart) 900 mm(Engelli)<\/p>\n<p>3. Ge\u00e7i\u015f h\u0131z\u0131: 40 ki\u015fi\/dakika<\/p>\n<p>4. G\u00fc\u00e7 kayna\u011f\u0131: 110 V\/220 V 50\/60 Hz<\/p>\n<p>5. S\u00fcr\u00fc\u015f Motoru: 90 W<\/p>\n<p>6. Giri\u015f: Kuru Kontak<\/p>\n<p>7. S\u00fcr\u00fc\u015f Motoru: DC24V<\/p>\n<p>8. Turnike bariyer kap\u0131s\u0131 A\u011f\u0131rl\u0131k: 70 kg\/adet<\/p>\n<p>9. Kol y\u00fcksekli\u011fi 1800 mm (\u00f6zelle\u015ftirilebilir)<\/p>\n<p><span style=\"color: #0000ff;\"><strong><a style=\"color: #0000ff;\" title=\"Mairs CE Belgeli Flap Bariyer Turnike\" href=\"http:\/\/mairsturnstile.com\/wp-content\/uploads\/2022\/09\/Mairs-CE-Certificate-Flap-Barrier-Turnstile.pdf\" target=\"_blank\" rel=\"noopener noreferrer\">CE Belgeli,<\/a> <a style=\"color: #0000ff;\" title=\"Mairs ISO9001 Sertifikas\u0131\" href=\"http:\/\/mairsturnstile.com\/wp-content\/uploads\/2022\/09\/Mairs-Registration-Certificate-ISO9001.pdf\" target=\"_blank\" rel=\"noopener noreferrer\">ISO9001 Sertifikal\u0131.<\/a><\/strong><\/span><\/p>\n<p><a title=\"S\u00fcrg\u00fcl\u00fc Turnike Kap\u0131s\u0131 Bro\u015f\u00fcr\u00fc\" href=\"http:\/\/mairsturnstile.com\/wp-content\/uploads\/2024\/03\/Sliding-turnstile-MT237-P-brochure.pdf\" target=\"  rel=\" rel=\"noopener\"><img decoding=\"async\" class=\"alignnone size-full wp-image-11034\" src=\"http:\/\/mairsturnstile.com\/wp-content\/uploads\/2022\/09\/pdf-MairsTurnstile.png\" alt=\"\" width=\"32\" height=\"32\"><span style=\"color: #0000ff;\"><strong>S\u00fcrg\u00fcl\u00fc Turnike Kap\u0131s\u0131 MT237-P Bro\u015f\u00fcr<\/strong><\/span><\/a><\/p>\n","protected":false},"featured_media":37569,"comment_status":"closed","ping_status":"closed","template":"","meta":{"neve_meta_sidebar":"","neve_meta_container":"","neve_meta_enable_content_width":"off","neve_meta_content_width":0,"neve_meta_title_alignment":"","neve_meta_author_avatar":"","neve_post_elements_order":"","neve_meta_disable_header":"","neve_meta_disable_footer":"","neve_meta_disable_title":"","_ti_tpc_template_sync":false,"_ti_tpc_template_id":""},"product_cat":[1916,1937],"product_tag":[2520,1926,2238,1934,2523,2521,2522,1952],"class_list":["post-34329","product","type-product","status-publish","has-post-thumbnail","hentry","product_cat-guvenlik-turnikeleri","product_cat-kayar-turnike","product_tag-cam-turnike","product_tag-cikis-turnikesi","product_tag-glass-turnstiles-tr","product_tag-spor-salonu-turnikeleri","product_tag-surgulu-kapi-turnikesi","product_tag-surgulu-turnike","product_tag-surgulu-turnike-bariyer-kapisi","product_tag-tam-boy-kayar-turnike"],"_links":{"self":[{"href":"https:\/\/mairsturnstile.com\/tr\/wp-json\/wp\/v2\/product\/34329","targetHints":{"allow":["GET"]}}],"collection":[{"href":"https:\/\/mairsturnstile.com\/tr\/wp-json\/wp\/v2\/product"}],"about":[{"href":"https:\/\/mairsturnstile.com\/tr\/wp-json\/wp\/v2\/types\/product"}],"replies":[{"embeddable":true,"href":"https:\/\/mairsturnstile.com\/tr\/wp-json\/wp\/v2\/comments?post=34329"}],"version-history":[{"count":0,"href":"https:\/\/mairsturnstile.com\/tr\/wp-json\/wp\/v2\/product\/34329\/revisions"}],"wp:featuredmedia":[{"embeddable":true,"href":"https:\/\/mairsturnstile.com\/tr\/wp-json\/wp\/v2\/media\/37569"}],"wp:attachment":[{"href":"https:\/\/mairsturnstile.com\/tr\/wp-json\/wp\/v2\/media?parent=34329"}],"wp:term":[{"taxonomy":"product_cat","embeddable":true,"href":"https:\/\/mairsturnstile.com\/tr\/wp-json\/wp\/v2\/product_cat?post=34329"},{"taxonomy":"product_tag","embeddable":true,"href":"https:\/\/mairsturnstile.com\/tr\/wp-json\/wp\/v2\/product_tag?post=34329"}],"curies":[{"name":"wp","href":"https:\/\/api.w.org\/{rel}","templated":true}]}}