{"id":34331,"date":"2020-09-13T16:55:31","date_gmt":"2020-09-13T08:55:31","guid":{"rendered":"https:\/\/mairsturnstile.com\/product\/dis-ve-ic-mekan-icin-dis-turnike-mt343"},"modified":"2024-11-01T11:44:19","modified_gmt":"2024-11-01T03:44:19","slug":"dis-turnike","status":"publish","type":"product","link":"https:\/\/mairsturnstile.com\/tr\/urun\/dis-turnike","title":{"rendered":"DI\u015e MEKAN \u0130\u00c7\u0130N DI\u015e TURN\u0130KE KAPISI MT343"},"content":{"rendered":"        <!-- 3D Model html -->\r\n        <div class=\"bp_grand wrapper_23474\">   \r\n        <div class=\"bp_model_parent\">\r\n            <model-viewer class=\"model\" id=\"bp_model_id_23474\" src=\"http:\/\/mairsturnstile.com\/wp-content\/uploads\/2025\/08\/MT343.glb\" alt=\"MT343\" camera-controls  loading=\"auto\" auto-rotate                        >\r\n            <\/model-viewer>\r\n        \r\n            <!-- Button -->\r\n            <svg id=\"openBtn\" width=\"30px\" height=\"30px\" viewBox=\"0 0 16 16\" xmlns=\"http:\/\/www.w3.org\/2000\/svg\" fill=\"#f2f2f2\" class=\"bi bi-arrows-fullscreen model-icon\">\r\n                <path fill-rule=\"evenodd\" d=\"M5.828 10.172a.5.5 0 0 0-.707 0l-4.096 4.096V11.5a.5.5 0 0 0-1 0v3.975a.5.5 0 0 0 .5.5H4.5a.5.5 0 0 0 0-1H1.732l4.096-4.096a.5.5 0 0 0 0-.707zm4.344 0a.5.5 0 0 1 .707 0l4.096 4.096V11.5a.5.5 0 1 1 1 0v3.975a.5.5 0 0 1-.5.5H11.5a.5.5 0 0 1 0-1h2.768l-4.096-4.096a.5.5 0 0 1 0-.707zm0-4.344a.5.5 0 0 0 .707 0l4.096-4.096V4.5a.5.5 0 1 0 1 0V.525a.5.5 0 0 0-.5-.5H11.5a.5.5 0 0 0 0 1h2.768l-4.096 4.096a.5.5 0 0 0 0 .707zm-4.344 0a.5.5 0 0 1-.707 0L1.025 1.732V4.5a.5.5 0 0 1-1 0V.525a.5.5 0 0 1 .5-.5H4.5a.5.5 0 0 1 0 1H1.732l4.096 4.096a.5.5 0 0 1 0 .707z\"\/>\r\n            <\/svg>\r\n        \r\n            <svg id=\"closeBtn\" class=\"model-icon\" width=\"34px\" height=\"34px\" viewBox=\"0 0 24 24\" xmlns=\"http:\/\/www.w3.org\/2000\/svg\">\r\n                <path fill=\"none\" stroke=\"#f2f2f2\" stroke-width=\"2\" d=\"M7,7 L17,17 M7,17 L17,7\"\/>\r\n            <\/svg>\r\n        \r\n        <\/div>\r\n        <\/div> \r\n\r\n        <!-- Model Viewer Style -->\r\n        <style>\r\n            \r\n            .wrapper_23474 .bp_model_parent, #bp_model_id_23474 {\r\n                width: 1150px;\r\n                max-width: 100%;\r\n                                            }\r\n            #bp_model_id_23474 {\r\n                height:700px;\r\n                background-color: #f2f2f2;\r\n            }\r\n            .fullscreen #bp_model_id_23474{\r\n            height: 100%;\r\n            width: 100%;\r\n            }\r\n            .wrapper_23474 .bp_model_parent{\r\n                justify-content: start            }\r\n            model-viewer.model {\r\n                --poster-color: transparent;\r\n            }\r\n        <\/style>\r\n        \r\n        \n<h4>Bu d\u0131\u015f mekan turnikesi 2 y\u0131l garantilidir ve dayan\u0131kl\u0131 bak\u0131m ve onar\u0131m deste\u011fine sahiptir.<\/h4>\n<p>OEM ve ODM hizmetleri sa\u011flayabiliriz. \u0130htiya\u00e7lar\u0131n\u0131zdan herhangi birine g\u00f6re derin \u00f6zelle\u015ftirmeyi tamamlayabilen deneyimli tasar\u0131mc\u0131lar\u0131m\u0131z var. 3D render, boyutlu \u00e7izimler gibi bir dizi malzemeyi en k\u0131sa s\u00fcrede sa\u011flayaca\u011f\u0131z. IC\/ID kart okuyucular\u0131, parmak izi taray\u0131c\u0131lar\u0131, QR kodu taray\u0131c\u0131lar\u0131, y\u00fcz tan\u0131ma kameralar\u0131 vb. gibi biyometrik cihazlar da sa\u011fl\u0131yoruz.<\/p>\n<p><strong>D\u0131\u015f mekan turnikesi, i\u00e7 mekan turnikesinden farkl\u0131 olarak d\u0131\u015f mekanlarda kullan\u0131labilen bir t\u00fcr yaya <a class=\"rank-math-link\" href=\"https:\/\/en.wikipedia.org\/wiki\/Access_control\" target=\"_blank\" rel=\"noopener noreferrer\">eri\u015fim kontrol <\/a>turnike kap\u0131s\u0131d\u0131r, su ge\u00e7irmez ve s\u0131zd\u0131rmaz bir i\u015fleve sahiptir ve \u00e7e\u015fitli zorlu d\u0131\u015f ortamlarda kullan\u0131labilir. <\/strong>Esas olarak toz ge\u00e7irmez ve su ge\u00e7irmez, insanlar ve ara\u00e7lar taraf\u0131ndan payla\u015f\u0131lan, \u015fiddet kar\u015f\u0131t\u0131 ve g\u00fcne\u015f \u0131\u015f\u0131\u011f\u0131 kar\u015f\u0131t\u0131 parazitlere yans\u0131r. D\u0131\u015f mekan turnike makinelerine \u00e7e\u015fitli tipte turnikeler<a href=\"https:\/\/mairsturnstile.com\/tripod-turnstile.html\">(tripod turnike kap\u0131s\u0131<\/a>, <a class=\"rank-math-link\" href=\"https:\/\/mairsturnstile.com\/swing-turnstile-gate.html\">d\u00f6ner turnike kap\u0131s\u0131<\/a>, <a class=\"rank-math-link\" href=\"https:\/\/mairsturnstile.com\/what-is-flap-barrier.html\">kanatl\u0131 bariyer kap\u0131s\u0131<\/a>, <a class=\"rank-math-link\" href=\"https:\/\/mairsturnstile.com\/product\/sliding-turnstile\">kayar turnike,<\/a> <a href=\"https:\/\/mairsturnstile.com\/full-height-turnstiles.html\">tam boy turn<\/a>ikeler, vb.<\/p>\n<p>Herhangi bir d\u0131\u015f mekan turnikesine ihtiyac\u0131n\u0131z varsa veya hangi tarz turnike kap\u0131lar\u0131n\u0131n d\u0131\u015f mekan turnikelerine d\u00f6n\u00fc\u015ft\u00fcr\u00fclebilece\u011fini bilmiyorsan\u0131z, l\u00fctfen bizimle do\u011frudan konu\u015fmak veya <a href=\"https:\/\/mairsturnstile.com\/contact\">bize sormak<\/a> i\u00e7in sol alt k\u00f6\u015fedeki \u00e7evrimi\u00e7i sohbet d\u00fc\u011fmesine t\u0131klay\u0131n<\/p>\n<p>Mair&#8217;in d\u0131\u015f mekan turnikeleri genellikle 304 paslanmaz \u00e7elikten yap\u0131l\u0131r. Tabii ki, \u00fcr\u00fcn malzemeleri i\u00e7in daha y\u00fcksek gereksinimleriniz varsa, bizden \u00f6zel 316 paslanmaz \u00e7elik malzemeleri de \u00f6zelle\u015ftirmemizi isteyebilirsiniz. 304 ve 316 paslanmaz \u00e7elik olarak s\u0131n\u0131fland\u0131r\u0131l\u0131r. \u00d6z\u00fcnde hi\u00e7bir fark yoktur. Paslanmaz \u00e7eliktirler ancak alt b\u00f6l\u00fcmlerde farkl\u0131l\u0131klar vard\u0131r.<\/p>\n<p>316&#8217;n\u0131n kalitesi 304&#8217;ten daha y\u00fcksektir. 304 baz\u0131nda Mo elementi ile 316 \u00e7eli\u011fi eklenir, Bu element paslanmaz \u00e7eli\u011fin korozyon ve a\u015f\u0131nma direncini b\u00fcy\u00fck \u00f6l\u00e7\u00fcde art\u0131r\u0131r. Elbette 316 paslanmaz \u00e7elik biraz daha pahal\u0131d\u0131r. Dubai, BAE ve Riyad, Suudi Arabistan&#8217;da, daha zorlu hava ko\u015fullar\u0131na ve ortamlara uyum sa\u011flamak i\u00e7in \u00f6zel olarak \u00f6zelle\u015ftirilmi\u015f 316 paslanmaz \u00e7elik tam boy turnikelere sahip m\u00fc\u015fterilerimiz var.<\/p>\n<p>D\u0131\u015f mekan turnikesi \u00e7o\u011funlukla i\u015fletme birimlerinin, end\u00fcstriyel tesis alanlar\u0131n\u0131n ve \u00fcst d\u00fczey yerle\u015fim alanlar\u0131n\u0131n kap\u0131lar\u0131nda kullan\u0131lmaktad\u0131r. Yar\u0131 a\u00e7\u0131k ve tam a\u00e7\u0131k hava mevcuttur. Turnike makinesinin d\u0131\u015f mekanlarda normal kullan\u0131m\u0131 nas\u0131l sa\u011flan\u0131r? En \u00f6nemlisi turnike makinesinin su ge\u00e7irmez hale getirilmesidir.<\/p>\n<p>Ger\u00e7ek senaryonuza g\u00f6re birka\u00e7 dakika i\u00e7inde sizin i\u00e7in bir render da olu\u015fturabiliriz. Ayr\u0131ca ayr\u0131nt\u0131l\u0131 yerle\u015fim ve \u00e7izimlerin yan\u0131 s\u0131ra kurulum \u00e7izimleri de sa\u011fl\u0131yoruz.<\/p>\n\n        \t\n\t<style type=\"text\/css\">\n\t\t.slider-info-23485.bafg-slider-info .bafg-slider-title {\n\t\t\t\t\t\tfont-size: 22px;\n\t\t\t\t\t\t\n\t\t\t\n\t\t\t\t\t}\n\n\t\t.slider-info-23485.bafg-slider-info .bafg-slider-description {\n\t\t\t\n\t\t\t\n\t\t\t\t\t}\n\n\t\t.slider-info-23485.bafg-slider-info .bafg_slider_readmore_button {\n\t\t\t\n\t\t\t\n\t\t\t\n\t\t\t\n\t\t\t\n\t\t\ttext-align: center;\n\n\t\t\t\n\t\t\t\n\t\t\t\n\t\t\t\n\t\t\t\n\t\t\t\n\t\t\t\t\t}\n\n\t\t.slider-info-23485.bafg-slider-info .bafg_slider_readmore_button:hover {\n\n\t\t\t\n\t\t\t\n\t\t\t\t\t}\n\n\t<\/style>\n\t\n        <div class=\"bafg-twentytwenty-container slider-23485 \" bafg-orientation=\"horizontal\" bafg-default-offset=\"0.5\" bafg-before-label=\"Before\" bafg-after-label=\"After\" bafg-overlay=\"yes\" bafg-move-slider-on-hover=\"yes\" bafg-click-to-move=\"no\">\n              \n            <img decoding=\"async\" class=\"skip-lazy\" src=\"http:\/\/mairsturnstile.com\/wp-content\/uploads\/2020\/09\/outdoor-turnstile-8.jpg\" alt=\"outdoor turnstile\" data-skip-lazy title=\"\">\n            <img decoding=\"async\" class=\"skip-lazy\" src=\"http:\/\/mairsturnstile.com\/wp-content\/uploads\/2020\/09\/outdoor-turnstile-7.jpg\" alt=\"outdoor turnstile\" data-skip-lazy title=\"\">\n           \n        <\/div>\n\n        \t<div class=\"bafg-slider-info-wraper\">\n\t\t<div style=\"\" class=\"slider-info-23485 bafg-slider-info\">\n\t\t\t\t\t<\/div>\n\t<\/div>\n\t\n        <style type=\"text\/css\">\n            \n        <\/style>\n        \n<p>D\u0131\u015f mekan turnikesi s\u0131kl\u0131kla ya\u011fmurla kar\u015f\u0131la\u015f\u0131r. Bu nedenle d\u0131\u015f mekan turnikelerinin su direncinin iyi olmas\u0131 gerekir. Di\u011fer y\u00f6nlerden, kurulum sahas\u0131n\u0131n \u00e7evresel gereksinimlerine g\u00f6re, d\u0131\u015f mekan turnikesinin y\u00fcksek s\u0131cakl\u0131k direnci, so\u011fu\u011fa dayan\u0131kl\u0131l\u0131k, g\u00fcne\u015f \u0131\u015f\u0131\u011f\u0131na m\u00fcdahale direnci, yo\u011fu\u015fma direnci vb. gibi belirli yeteneklere sahip olmas\u0131 gerekir.<\/p>\n<p><span style=\"font-weight: 400;\"><span style=\"font-style: inherit; font-weight: inherit;\">SUS 304 <a href=\"https:\/\/en.wikipedia.org\/wiki\/Stainless_steel\" target=\"_blank\" rel=\"noopener\">paslanmaz \u00e7elik<\/a> g\u00fcvenlik sal\u0131ncak bariyer turnikemiz bisiklet, tekerlekli sandalye, motosiklet, el arabas\u0131, bagaj vb. i\u00e7in 1100 mm&#8217;ye kadar geni\u015f \u015ferit sa\u011flar. <\/span><\/span><span style=\"font-style: inherit; font-weight: inherit;\">Daire giri\u015fi i\u00e7in SUS 304 paslanmaz \u00e7elik turnike su ge\u00e7irmez d\u0131\u015f sal\u0131ncak turnikesi. Daha \u00e7ok i\u015fletme birimlerinin kap\u0131lar\u0131nda, end\u00fcstriyel tesis alanlar\u0131nda ve \u00fcst d\u00fczey yerle\u015fim alanlar\u0131nda kullan\u0131lmaktad\u0131r.<\/span><\/p>\n<ul>\n<li>Genellikle \u00e7ift y\u00f6nl\u00fc \u00e7al\u0131\u015fan y\u00fcksek trafik ak\u0131\u015f\u0131na sahip yerlerde uygulanan, y\u00fcksek trafik h\u0131z\u0131na sahip d\u0131\u015f mekan d\u00f6ner turnike kap\u0131s\u0131.<\/li>\n<li>Kasa, ince dokulu 304 paslanmaz \u00e7elikten yap\u0131lm\u0131\u015ft\u0131r ve \u00e7o\u011fu i\u00e7 mekan ortam\u0131na uyacak \u015fekilde kusursuz ve zarif bir eri\u015fim noktas\u0131 olu\u015fturur.<\/li>\n<li>Bu d\u0131\u015f turnike, uluslararas\u0131 standart RS485 ve r\u00f6lelerle birlikte gelir; bu da onu sekt\u00f6rdeki mevcut t\u00fcm yaz\u0131l\u0131mlarla ve RFID sistemleri, Barkod sistemleri, Y\u00fcz tan\u0131ma sistemleri, parmak izi sistemleri vb. gibi neredeyse t\u00fcm eri\u015fim kontrolleriyle geni\u015f \u00f6l\u00e7\u00fcde uyumlu hale getirir.<\/li>\n<li>Acil durumlarda elektri\u011fi kesin ve \u0130nce d\u00f6ner turnike kap\u0131s\u0131, yang\u0131n g\u00fcvenli\u011fi gerekliliklerine uygun olarak serbest ge\u00e7i\u015fe izin vermek i\u00e7in otomatik olarak a\u00e7\u0131lacakt\u0131r. Ama bir pil ile gelmelidir. \u0130hracata gelince, pil hassast\u0131r, de\u011fi\u015ftirmek i\u00e7in kondansat\u00f6r\u00fc kullanabiliriz<\/li>\n<li>D\u0131\u015f turnike l\u00fcks ve \u00fcst d\u00fczey giri\u015f \u00e7\u00f6z\u00fcmleri i\u00e7in uygundur.<\/li>\n<li>T\u00fcm sistem sorunsuz, d\u00fc\u015f\u00fck g\u00fcr\u00fclt\u00fcl\u00fc ve y\u00fcksek h\u0131zda \u00e7al\u0131\u015f\u0131r.<\/li>\n<li>Sal\u0131ncak kolu kal\u0131nl\u0131\u011f\u0131: 10 mm<\/li>\n<li>Alarm fonksiyonu, yasa d\u0131\u015f\u0131 bir izinsiz giri\u015f veya ters izinsiz giri\u015f durumunda, kap\u0131 alarm verir ve kap\u0131 kilitlenir.<\/li>\n<li>Toplam 5 \u00e7ift k\u0131z\u0131l\u00f6tesi sens\u00f6r vard\u0131r. Orta sens\u00f6rler yayalar\u0131n s\u0131k\u0131\u015fmas\u0131n\u0131 \u00f6nlemek i\u00e7indir.<\/li>\n<li>Kuyruk \u00f6nleme i\u015flevi, bir ki\u015fi ayn\u0131 anda ge\u00e7ebilir. Birisi \u00f6ndekilerin pe\u015finden ko\u015farsa, kap\u0131 alarm verecektir.<\/li>\n<li>LED g\u00f6stergesi. K\u0131z\u0131l ha\u00e7 ve ye\u015fil ok. Ayr\u0131ca \u00f6n direk \u00fczerinde led g\u00f6stergeler bulunmaktad\u0131r. Kollara led \u0131\u015f\u0131k eklenebilir.<\/li>\n<li>\u00c7ift y\u00f6nl\u00fc eri\u015fim, daha fazla kap\u0131 ihtiyac\u0131n\u0131 azalt\u0131r. Ge\u00e7i\u015f verimlili\u011fini art\u0131ran tekerlekli sandalye, al\u0131\u015fveri\u015f arabas\u0131 i\u00e7in uygundur.<\/li>\n<li>Otomatik s\u0131f\u0131rlama i\u015flevi. Ki\u015filer \u00f6nceden ayarlanm\u0131\u015f s\u00fcre i\u00e7inde (varsay\u0131lan s\u00fcre 5 saniyedir) ge\u00e7erse, sistem kullan\u0131c\u0131n\u0131n yetkisini iptal edecek ve otomatik olarak kapanacakt\u0131r.<\/li>\n<li>Anti-bump, Anti-kelep\u00e7e, d\u0131\u015f turnike kap\u0131s\u0131 \u00e7al\u0131\u015fma s\u0131ras\u0131nda f\u0131r\u00e7as\u0131z olarak gelir, e\u011fer birisi kola \u00e7arparsa, d\u0131\u015f turnike kap\u0131s\u0131 otomatik olarak s\u0131f\u0131rlan\u0131r. Bu i\u015flev, yayalar\u0131n, \u00f6zellikle \u00e7ocuklar\u0131n \u00e7arpmas\u0131n\u0131, \u00e7arpmas\u0131n\u0131, \u00e7arpmas\u0131n\u0131 vb. etkili bir \u015fekilde \u00f6nler.<\/li>\n<\/ul>\n<p>T\u00fcm g\u00fcvenlik eri\u015fim kontrol\u00fc \u00e7\u00f6z\u00fcm\u00fcn\u00fc sa\u011flayabiliriz. Kendi ge\u00e7i\u015f kontrol sisteminiz varsa, do\u011frudan turnike kap\u0131m\u0131z\u0131 kullanabilirsiniz. E\u011fer yoksa, eksiksiz bir g\u00fcvenlik eri\u015fim kontrol\u00fc \u00e7\u00f6z\u00fcm\u00fc de sa\u011fl\u0131yoruz. Ayr\u0131nt\u0131lar i\u00e7in l\u00fctfen a\u015fa\u011f\u0131daki videoya bak\u0131n.<\/p>\n<p><iframe title=\"Optik Swing Turnike, Swing bariyer turnikesi, Swing Turnike - MairsTurnstile\" src=\"https:\/\/www.youtube.com\/embed\/hdoBSoM85u4\" width=\"1150\" height=\"650\" frameborder=\"0\" allowfullscreen=\"allowfullscreen\"><\/iframe><\/p>\n","protected":false},"excerpt":{"rendered":"<p>1. Boyut: 1400*180*1000 mm (\u00f6zelle\u015ftirilebilir)<\/p>\n<p>2. \u015eerit Geni\u015fli\u011fi: 600 mm (Standart) 900mm(Engelli)<\/p>\n<p>3. Silah malzemesi: Akrilik<\/p>\n<p>4. Ge\u00e7i\u015f h\u0131z\u0131: 40 ki\u015fi\/dak<\/p>\n<p>5. G\u00fc\u00e7 kayna\u011f\u0131: 110V\/220V 50\/60hz<\/p>\n<p>6. F\u0131r\u00e7as\u0131z motor<\/p>\n<p>7. Kap\u0131 A\u00e7\u0131k Sinyali: Kuru Kontak\/ R\u00f6le<\/p>\n<p>8. Turnike S\u00fcr\u00fc\u015f Motoru: 24 V<\/p>\n<p>9. B\u00fcfe \u00fczerindeki LED iste\u011fe ba\u011fl\u0131d\u0131r<\/p>\n<p><strong><a title=\"Mairs CE Belgeli Sal\u0131ncak Turnike Kap\u0131s\u0131\" href=\"http:\/\/mairsturnstile.com\/wp-content\/uploads\/2022\/09\/Mairs-CE-Certificate-Swing-Turnstile-Gate.pdf\" target=\"_blank\" rel=\"noopener noreferrer\">CE Belgeli,<\/a> <a title=\"Mairs ISO9001 Sertifikas\u0131\" href=\"http:\/\/mairsturnstile.com\/wp-content\/uploads\/2022\/09\/Mairs-Registration-Certificate-ISO9001.pdf\" target=\"_blank\" rel=\"noopener noreferrer\">ISO9001 Sertifikal\u0131.<\/a><\/strong><\/p>\n<p><a title=\"D\u0131\u015f Mekan Turnike Bro\u015f\u00fcr\u00fc\" href=\"http:\/\/mairsturnstile.com\/wp-content\/uploads\/2023\/12\/MT343-brochure.pdf\" target=\"_blank\" rel=\"noopener noreferrer\"><img decoding=\"async\" class=\"alignnone size-full wp-image-11034\" src=\"http:\/\/mairsturnstile.com\/wp-content\/uploads\/2022\/09\/pdf-MairsTurnstile.png\" alt=\"\" width=\"32\" height=\"32\"><span style=\"color: #0000ff;\"><strong>MT343 D\u0131\u015f Mekan Turnike Bro\u015f\u00fcr\u00fc<\/strong><\/span><\/a><\/p>\n","protected":false},"featured_media":65731,"comment_status":"closed","ping_status":"closed","template":"","meta":{"neve_meta_sidebar":"","neve_meta_container":"","neve_meta_enable_content_width":"off","neve_meta_content_width":0,"neve_meta_title_alignment":"","neve_meta_author_avatar":"","neve_post_elements_order":"","neve_meta_disable_header":"","neve_meta_disable_footer":"","neve_meta_disable_title":"","_ti_tpc_template_sync":false,"_ti_tpc_template_id":""},"product_cat":[1916,1917],"product_tag":[2528,2529,2527,2530,1922,1932],"class_list":["post-34331","product","type-product","status-publish","has-post-thumbnail","hentry","product_cat-guvenlik-turnikeleri","product_cat-salincak-turnike-kapisi","product_tag-acik-turnike","product_tag-acik-turnikeler","product_tag-dis-mekan-guvenlik-turnikeleri","product_tag-dis-turnike","product_tag-salincak-turnikesi","product_tag-turnike-kapisi"],"_links":{"self":[{"href":"https:\/\/mairsturnstile.com\/tr\/wp-json\/wp\/v2\/product\/34331","targetHints":{"allow":["GET"]}}],"collection":[{"href":"https:\/\/mairsturnstile.com\/tr\/wp-json\/wp\/v2\/product"}],"about":[{"href":"https:\/\/mairsturnstile.com\/tr\/wp-json\/wp\/v2\/types\/product"}],"replies":[{"embeddable":true,"href":"https:\/\/mairsturnstile.com\/tr\/wp-json\/wp\/v2\/comments?post=34331"}],"version-history":[{"count":0,"href":"https:\/\/mairsturnstile.com\/tr\/wp-json\/wp\/v2\/product\/34331\/revisions"}],"wp:featuredmedia":[{"embeddable":true,"href":"https:\/\/mairsturnstile.com\/tr\/wp-json\/wp\/v2\/media\/65731"}],"wp:attachment":[{"href":"https:\/\/mairsturnstile.com\/tr\/wp-json\/wp\/v2\/media?parent=34331"}],"wp:term":[{"taxonomy":"product_cat","embeddable":true,"href":"https:\/\/mairsturnstile.com\/tr\/wp-json\/wp\/v2\/product_cat?post=34331"},{"taxonomy":"product_tag","embeddable":true,"href":"https:\/\/mairsturnstile.com\/tr\/wp-json\/wp\/v2\/product_tag?post=34331"}],"curies":[{"name":"wp","href":"https:\/\/api.w.org\/{rel}","templated":true}]}}