{"id":34334,"date":"2020-09-13T17:03:22","date_gmt":"2020-09-13T09:03:22","guid":{"rendered":"https:\/\/mairsturnstile.com\/product\/fastlane-optik-turnike-hiz-kapisi-mt352"},"modified":"2023-11-01T10:48:50","modified_gmt":"2023-11-01T02:48:50","slug":"turnike-ureticisi-kanada","status":"publish","type":"product","link":"https:\/\/mairsturnstile.com\/tr\/urun\/turnike-ureticisi-kanada","title":{"rendered":"FASTLANE OPT\u0130K TURN\u0130KE HIZ KAPISI MT352"},"content":{"rendered":"        <!-- 3D Model html -->\r\n        <div class=\"bp_grand wrapper_24276\">   \r\n        <div class=\"bp_model_parent\">\r\n            <model-viewer class=\"model\" id=\"bp_model_id_24276\" src=\"http:\/\/mairsturnstile.com\/wp-content\/uploads\/2023\/06\/MT367.glb\" alt=\"MT367\" camera-controls  loading=\"auto\" auto-rotate                        >\r\n            <\/model-viewer>\r\n        \r\n            <!-- Button -->\r\n            <svg id=\"openBtn\" width=\"30px\" height=\"30px\" viewBox=\"0 0 16 16\" xmlns=\"http:\/\/www.w3.org\/2000\/svg\" fill=\"#f2f2f2\" class=\"bi bi-arrows-fullscreen model-icon\">\r\n                <path fill-rule=\"evenodd\" d=\"M5.828 10.172a.5.5 0 0 0-.707 0l-4.096 4.096V11.5a.5.5 0 0 0-1 0v3.975a.5.5 0 0 0 .5.5H4.5a.5.5 0 0 0 0-1H1.732l4.096-4.096a.5.5 0 0 0 0-.707zm4.344 0a.5.5 0 0 1 .707 0l4.096 4.096V11.5a.5.5 0 1 1 1 0v3.975a.5.5 0 0 1-.5.5H11.5a.5.5 0 0 1 0-1h2.768l-4.096-4.096a.5.5 0 0 1 0-.707zm0-4.344a.5.5 0 0 0 .707 0l4.096-4.096V4.5a.5.5 0 1 0 1 0V.525a.5.5 0 0 0-.5-.5H11.5a.5.5 0 0 0 0 1h2.768l-4.096 4.096a.5.5 0 0 0 0 .707zm-4.344 0a.5.5 0 0 1-.707 0L1.025 1.732V4.5a.5.5 0 0 1-1 0V.525a.5.5 0 0 1 .5-.5H4.5a.5.5 0 0 1 0 1H1.732l4.096 4.096a.5.5 0 0 1 0 .707z\"\/>\r\n            <\/svg>\r\n        \r\n            <svg id=\"closeBtn\" class=\"model-icon\" width=\"34px\" height=\"34px\" viewBox=\"0 0 24 24\" xmlns=\"http:\/\/www.w3.org\/2000\/svg\">\r\n                <path fill=\"none\" stroke=\"#f2f2f2\" stroke-width=\"2\" d=\"M7,7 L17,17 M7,17 L17,7\"\/>\r\n            <\/svg>\r\n        \r\n        <\/div>\r\n        <\/div> \r\n\r\n        <!-- Model Viewer Style -->\r\n        <style>\r\n            \r\n            .wrapper_24276 .bp_model_parent, #bp_model_id_24276 {\r\n                width: 1150px;\r\n                max-width: 100%;\r\n                                            }\r\n            #bp_model_id_24276 {\r\n                height:700px;\r\n                background-color: #f2f2f2;\r\n            }\r\n            .fullscreen #bp_model_id_24276{\r\n            height: 100%;\r\n            width: 100%;\r\n            }\r\n            .wrapper_24276 .bp_model_parent{\r\n                justify-content: start            }\r\n            model-viewer.model {\r\n                --poster-color: transparent;\r\n            }\r\n        <\/style>\r\n        \r\n        \n<h4>TURN\u0130KE \u00dcRET\u0130C\u0130S\u0130 KANADA EN \u0130Y\u0130 TURN\u0130KELER\u0130 SUNAR KAPI 2 y\u0131l garantilidir ve dayan\u0131kl\u0131 bak\u0131m ve onar\u0131m deste\u011fi ta\u015f\u0131r.<\/h4>\n<p>OEM ve ODM hizmetleri sa\u011flayabiliriz. \u0130htiya\u00e7lar\u0131n\u0131zdan herhangi birine g\u00f6re derin \u00f6zelle\u015ftirmeyi tamamlayabilen deneyimli tasar\u0131mc\u0131lar\u0131m\u0131z var. 3D render, boyutlu \u00e7izimler gibi bir dizi malzemeyi en k\u0131sa s\u00fcrede sa\u011flayaca\u011f\u0131z. IC\/ID kart okuyucular\u0131, parmak izi taray\u0131c\u0131lar\u0131, QR kodu taray\u0131c\u0131lar\u0131, y\u00fcz tan\u0131ma kameralar\u0131 vb. gibi biyometrik cihazlar da sa\u011fl\u0131yoruz.<\/p>\n<p>Turnike \u00fcreticisi Kanada&#8217;n\u0131n Fastlane optik turnike kap\u0131s\u0131, \u015f\u0131k ve zarif tasar\u0131ml\u0131 bir kap\u0131d\u0131r. \u0130nsanlar\u0131n k\u0131s\u0131tl\u0131 alana girip \u00e7\u0131kmas\u0131n\u0131 kontrol eder.<\/p>\n<p>G\u00f6vde y\u00fcksek kaliteli f\u0131r\u00e7alanm\u0131\u015f 304 <a href=\"https:\/\/en.wikipedia.org\/wiki\/Stainless_steel\" target=\"_blank\" rel=\"noopener\">paslanmaz \u00e7eliktir<\/a>. Mekanizma, boyutu k\u00fc\u00e7\u00fcltmek i\u00e7in en son teknolojiyi kullan\u0131r ancak y\u00fcksek performans sa\u011flar.<\/p>\n<p>Ayr\u0131ca \u00fcnl\u00fc marka DC f\u0131r\u00e7as\u0131z motor ve geli\u015fmi\u015f sens\u00f6rle donat\u0131lm\u0131\u015ft\u0131r.<\/p>\n<p>Tercihinize veya ihtiyac\u0131n\u0131za g\u00f6re \u015ferit geni\u015fli\u011fi 600-900 mm&#8217;ye ayarlanabilmektedir. 600 mm standart eri\u015fimdir. 900mm engelli eri\u015fimine uygundur.<\/p>\n<p><a href=\"https:\/\/mairsturnstile.com\/category\/swing-turnstile-gate\">Sal\u0131ncak turnike kap\u0131s\u0131<\/a>, y\u00fcksek hassasiyette ge\u00e7i\u015f g\u00fcvenli\u011fini sa\u011flamak i\u00e7in 6 \u00e7ift k\u0131z\u0131l\u00f6tesi sens\u00f6rle birlikte gelir.<\/p>\n<p>Her t\u00fcrl\u00fc 3. parti ge\u00e7i\u015f kontrol sistemlerine (RFID, Parmak \u0130zi, Y\u00fcz, Barkod, IR termometre) kolayl\u0131kla entegre edilebilecek standart r\u00f6le \u00e7\u0131k\u0131\u015f\u0131na sahiptir.<\/p>\n<p>Ger\u00e7ek senaryonuza g\u00f6re birka\u00e7 dakika i\u00e7inde sizin i\u00e7in bir render da olu\u015fturabiliriz. Ayr\u0131ca ayr\u0131nt\u0131l\u0131 yerle\u015fim ve \u00e7izimlerin yan\u0131 s\u0131ra kurulum \u00e7izimleri de sa\u011fl\u0131yoruz.<\/p>\n\n        \t\n\t<style type=\"text\/css\">\n\t\t.slider-info-24290.bafg-slider-info .bafg-slider-title {\n\t\t\t\t\t\tfont-size: 22px;\n\t\t\t\t\t\t\n\t\t\t\n\t\t\t\t\t}\n\n\t\t.slider-info-24290.bafg-slider-info .bafg-slider-description {\n\t\t\t\n\t\t\t\n\t\t\t\t\t}\n\n\t\t.slider-info-24290.bafg-slider-info .bafg_slider_readmore_button {\n\t\t\t\n\t\t\t\n\t\t\t\n\t\t\t\n\t\t\t\n\t\t\ttext-align: center;\n\n\t\t\t\n\t\t\t\n\t\t\t\n\t\t\t\n\t\t\t\n\t\t\t\n\t\t\t\t\t}\n\n\t\t.slider-info-24290.bafg-slider-info .bafg_slider_readmore_button:hover {\n\n\t\t\t\n\t\t\t\n\t\t\t\t\t}\n\n\t<\/style>\n\t\n        <div class=\"bafg-twentytwenty-container slider-24290 \" bafg-orientation=\"horizontal\" bafg-default-offset=\"0.5\" bafg-before-label=\"Before\" bafg-after-label=\"After\" bafg-overlay=\"yes\" bafg-move-slider-on-hover=\"yes\" bafg-click-to-move=\"no\">\n              \n            <img decoding=\"async\" class=\"skip-lazy\" src=\"http:\/\/mairsturnstile.com\/wp-content\/uploads\/2023\/06\/turnstile-manufacturer-canada_4.jpg\" alt=\"\" data-skip-lazy title=\"\">\n            <img decoding=\"async\" class=\"skip-lazy\" src=\"http:\/\/mairsturnstile.com\/wp-content\/uploads\/2023\/06\/turnstile-manufacturer-canada_5.jpg\" alt=\"\" data-skip-lazy title=\"\">\n           \n        <\/div>\n\n        \t<div class=\"bafg-slider-info-wraper\">\n\t\t<div style=\"\" class=\"slider-info-24290 bafg-slider-info\">\n\t\t\t\t\t<\/div>\n\t<\/div>\n\t\n        <style type=\"text\/css\">\n            \n        <\/style>\n        \n<p>Profesyonel turnike \u00fcreticisi Kanada en ucuz turnike kap\u0131s\u0131n\u0131 sunmaktad\u0131r. Mairs, Kanada&#8217;ya en kaliteli turnike kap\u0131lar\u0131n\u0131 ihra\u00e7 ediyor. Kanada turnike \u00fcreticisi ar\u0131yorsan\u0131z, Kanada&#8217;da uygun turnike kap\u0131s\u0131 fiyat\u0131 ar\u0131yorsan\u0131z l\u00fctfen bizimle ileti\u015fime ge\u00e7in.<\/p>\n<p>Makul tasar\u0131m ve y\u00fcksek konfig\u00fcrasyon, kap\u0131lar\u0131n do\u011fru ve sessiz hareket etmesini sa\u011flar. D\u00fc\u015f\u00fck g\u00fc\u00e7 t\u00fcketimi, enerji tasarrufu ve \u00e7evre dostudur.<\/p>\n<ul>\n<li>Acil durumlarda elektri\u011fin kesilmesi durumunda Fastlane optik turnikeler otomatik olarak a\u00e7\u0131larak yang\u0131n g\u00fcvenli\u011fi gerekliliklerine uygun olarak serbest ge\u00e7i\u015fe olanak sa\u011flar. Ama bir pil ile gelmelidir. \u0130hracata gelince, pil hassast\u0131r, onu de\u011fi\u015ftirmek i\u00e7in kapasit\u00f6r kullanabiliriz.<\/li>\n<li>Turnike \u00fcreticisi Kanada&#8217;n\u0131n Fastlane Turnike kap\u0131s\u0131 l\u00fcks ve \u00fcst d\u00fczey giri\u015f \u00e7\u00f6z\u00fcmleri i\u00e7in uygundur.<\/li>\n<li>T\u00fcm sistem sorunsuz, d\u00fc\u015f\u00fck g\u00fcr\u00fclt\u00fcl\u00fc ve y\u00fcksek h\u0131zda \u00e7al\u0131\u015f\u0131r.<\/li>\n<li>Profesyonel turnike \u00fcreticisi Kanada.<\/li>\n<li>Alarm fonksiyonu, yasa d\u0131\u015f\u0131 bir sald\u0131r\u0131 veya ters sald\u0131r\u0131 varsa, kap\u0131 alarm verir ve kap\u0131 kilitlenir.<\/li>\n<li>Toplamda 6 \u00e7ift k\u0131z\u0131l\u00f6tesi sens\u00f6r bulunmaktad\u0131r. Ortadaki sens\u00f6r yayalar\u0131n s\u0131k\u0131\u015fmas\u0131n\u0131 \u00f6nlemek i\u00e7indir.<\/li>\n<li>Kuyruk \u00f6nleme i\u015flevi, bir ki\u015fi ayn\u0131 anda ge\u00e7ebilir. Birisi \u00f6ndekilerin pe\u015finden ko\u015farsa, kap\u0131 alarm verecektir.<\/li>\n<li>LED g\u00f6stergesi. K\u0131z\u0131l ha\u00e7 ve ye\u015fil ok. Ayr\u0131ca \u00f6n direk \u00fczerinde led g\u00f6stergeler bulunmaktad\u0131r. Kollara led \u0131\u015f\u0131k eklenebilir.<\/li>\n<li>\u00c7ift y\u00f6nl\u00fc eri\u015fim, daha fazla kap\u0131 ihtiyac\u0131n\u0131 azalt\u0131r. Ge\u00e7i\u015f verimlili\u011fini art\u0131ran tekerlekli sandalye ve al\u0131\u015fveri\u015f arabas\u0131 i\u00e7in uygundur.<\/li>\n<li>Otomatik s\u0131f\u0131rlama i\u015flevi. Ki\u015filer \u00f6nceden ayarlanm\u0131\u015f s\u00fcre i\u00e7inde (varsay\u0131lan s\u00fcre 5 saniyedir) ge\u00e7erse, sistem kullan\u0131c\u0131n\u0131n yetkisini iptal edecek ve otomatik olarak kapanacakt\u0131r.<\/li>\n<li>Darbe \u00f6nleyici, Kelep\u00e7e \u00f6nleyici, Kap\u0131lar f\u0131r\u00e7as\u0131z bir motorla birlikte gelir. \u00c7al\u0131\u015fma s\u0131ras\u0131nda kola birisi \u00e7arparsa kap\u0131 otomatik olarak s\u0131f\u0131rlan\u0131r. Bu i\u015flev, yayalar\u0131n, \u00f6zellikle \u00e7ocuklar\u0131n \u00e7arpmas\u0131n\u0131, \u00e7arpmas\u0131n\u0131, \u00e7arpmas\u0131n\u0131 vb. etkili bir \u015fekilde \u00f6nler.<\/li>\n<\/ul>\n<p>T\u00fcm g\u00fcvenlik eri\u015fim kontrol\u00fc \u00e7\u00f6z\u00fcm\u00fcn\u00fc sa\u011flayabiliriz. Kendi ge\u00e7i\u015f kontrol sisteminiz varsa, do\u011frudan turnike kap\u0131m\u0131z\u0131 kullanabilirsiniz. E\u011fer yoksa, eksiksiz bir g\u00fcvenlik eri\u015fim kontrol\u00fc \u00e7\u00f6z\u00fcm\u00fc de sa\u011fl\u0131yoruz. Ayr\u0131nt\u0131lar i\u00e7in l\u00fctfen a\u015fa\u011f\u0131daki videoya bak\u0131n.<\/p>\n<p><iframe title=\"Lobi \u0130\u00e7in G\u00fcvenlik H\u0131zl\u0131 Kap\u0131 Turnikeleri - MairsTurnstile\" src=\"https:\/\/www.youtube.com\/embed\/YtM3u6fUNIM\" width=\"1150\" height=\"650\" frameborder=\"0\" allowfullscreen=\"allowfullscreen\"><\/iframe><\/p>\n","protected":false},"excerpt":{"rendered":"<p>1. Boyut: 1500*120*980 mm (\u00f6zelle\u015ftirilebilir)<\/p>\n<p>2. Kulvar Geni\u015fli\u011fi: 600 mm (Standart) 900 mm(Engelli)<\/p>\n<p>3. Kol malzemesi: Akrilik<\/p>\n<p>4. Ge\u00e7i\u015f h\u0131z\u0131: 40 ki\u015fi\/dk<\/p>\n<p>5. G\u00fc\u00e7 kayna\u011f\u0131: 110 V\/220 V 50\/60 Hz<\/p>\n<p>6. F\u0131r\u00e7as\u0131z motor<\/p>\n<p>7. Kap\u0131 A\u00e7\u0131k Sinyali: Kuru Kontak\/ R\u00f6le<\/p>\n<p>8. Fastlane optik turnikeler S\u00fcr\u00fc\u015f Motoru: 24V<\/p>\n<p>9. Malzeme Kal\u0131nl\u0131\u011f\u0131: 1,5 mm g\u00f6vde ve 2 mm \u00fcst kapak<\/p>\n<p><span style=\"color: #0000ff;\"><strong><a style=\"color: #0000ff;\" title=\"Mairs CE Belgeli H\u0131zl\u0131 Ge\u00e7i\u015f Turnikesi\" href=\"http:\/\/mairsturnstile.com\/wp-content\/uploads\/2022\/09\/Mairs-CE-Certificate-Speed-Gate-Turnstile.pdf\" target=\"_blank\" rel=\"noopener noreferrer\">CE Belgeli,<\/a> <a style=\"color: #0000ff;\" title=\"Mairs ISO9001 Sertifikas\u0131\" href=\"http:\/\/mairsturnstile.com\/wp-content\/uploads\/2022\/09\/Mairs-Registration-Certificate-ISO9001.pdf\" target=\"_blank\" rel=\"noopener noreferrer\">ISO9001 Sertifikal\u0131.<\/a><\/strong><\/span><\/p>\n","protected":false},"featured_media":60072,"comment_status":"closed","ping_status":"closed","template":"","meta":{"neve_meta_sidebar":"","neve_meta_container":"","neve_meta_enable_content_width":"off","neve_meta_content_width":0,"neve_meta_title_alignment":"","neve_meta_author_avatar":"","neve_post_elements_order":"","neve_meta_disable_header":"","neve_meta_disable_footer":"","neve_meta_disable_title":"","_ti_tpc_template_sync":false,"_ti_tpc_template_id":""},"product_cat":[1916,1931],"product_tag":[1933,2325,2326,2227,2535,2534],"class_list":["post-34334","product","type-product","status-publish","has-post-thumbnail","hentry","product_cat-guvenlik-turnikeleri","product_cat-hizli-kapilar","product_tag-guvenlik-turnikeleri","product_tag-hiz-seritleri","product_tag-ofis-turnikesi","product_tag-turnike-erisim-kontrol-sistemi","product_tag-turnike-kapisi-kanada","product_tag-turnike-ureticisi-kanada"],"_links":{"self":[{"href":"https:\/\/mairsturnstile.com\/tr\/wp-json\/wp\/v2\/product\/34334","targetHints":{"allow":["GET"]}}],"collection":[{"href":"https:\/\/mairsturnstile.com\/tr\/wp-json\/wp\/v2\/product"}],"about":[{"href":"https:\/\/mairsturnstile.com\/tr\/wp-json\/wp\/v2\/types\/product"}],"replies":[{"embeddable":true,"href":"https:\/\/mairsturnstile.com\/tr\/wp-json\/wp\/v2\/comments?post=34334"}],"version-history":[{"count":0,"href":"https:\/\/mairsturnstile.com\/tr\/wp-json\/wp\/v2\/product\/34334\/revisions"}],"wp:featuredmedia":[{"embeddable":true,"href":"https:\/\/mairsturnstile.com\/tr\/wp-json\/wp\/v2\/media\/60072"}],"wp:attachment":[{"href":"https:\/\/mairsturnstile.com\/tr\/wp-json\/wp\/v2\/media?parent=34334"}],"wp:term":[{"taxonomy":"product_cat","embeddable":true,"href":"https:\/\/mairsturnstile.com\/tr\/wp-json\/wp\/v2\/product_cat?post=34334"},{"taxonomy":"product_tag","embeddable":true,"href":"https:\/\/mairsturnstile.com\/tr\/wp-json\/wp\/v2\/product_tag?post=34334"}],"curies":[{"name":"wp","href":"https:\/\/api.w.org\/{rel}","templated":true}]}}