{"id":34336,"date":"2020-09-13T17:06:48","date_gmt":"2020-09-13T09:06:48","guid":{"rendered":"https:\/\/mairsturnstile.com\/product\/tam-yuksek-engelli-turnike-mt451-c"},"modified":"2026-05-06T14:44:53","modified_gmt":"2026-05-06T06:44:53","slug":"engelli-turnikesi","status":"publish","type":"product","link":"https:\/\/mairsturnstile.com\/tr\/urun\/engelli-turnikesi","title":{"rendered":"TAM BOY HANDI\u0307KAP TURNI\u0307KESI\u0307"},"content":{"rendered":"        <!-- 3D Model html -->\r\n        <div class=\"bp_grand wrapper_51818\">   \r\n        <div class=\"bp_model_parent\">\r\n            <model-viewer class=\"model\" id=\"bp_model_id_51818\" src=\"http:\/\/mairsturnstile.com\/wp-content\/uploads\/2024\/09\/MT-XW400C.glb\" alt=\"MT-XW400C\" camera-controls  loading=\"auto\" auto-rotate                        >\r\n            <\/model-viewer>\r\n        \r\n            <!-- Button -->\r\n            <svg id=\"openBtn\" width=\"30px\" height=\"30px\" viewBox=\"0 0 16 16\" xmlns=\"http:\/\/www.w3.org\/2000\/svg\" fill=\"#f2f2f2\" class=\"bi bi-arrows-fullscreen model-icon\">\r\n                <path fill-rule=\"evenodd\" d=\"M5.828 10.172a.5.5 0 0 0-.707 0l-4.096 4.096V11.5a.5.5 0 0 0-1 0v3.975a.5.5 0 0 0 .5.5H4.5a.5.5 0 0 0 0-1H1.732l4.096-4.096a.5.5 0 0 0 0-.707zm4.344 0a.5.5 0 0 1 .707 0l4.096 4.096V11.5a.5.5 0 1 1 1 0v3.975a.5.5 0 0 1-.5.5H11.5a.5.5 0 0 1 0-1h2.768l-4.096-4.096a.5.5 0 0 1 0-.707zm0-4.344a.5.5 0 0 0 .707 0l4.096-4.096V4.5a.5.5 0 1 0 1 0V.525a.5.5 0 0 0-.5-.5H11.5a.5.5 0 0 0 0 1h2.768l-4.096 4.096a.5.5 0 0 0 0 .707zm-4.344 0a.5.5 0 0 1-.707 0L1.025 1.732V4.5a.5.5 0 0 1-1 0V.525a.5.5 0 0 1 .5-.5H4.5a.5.5 0 0 1 0 1H1.732l4.096 4.096a.5.5 0 0 1 0 .707z\"\/>\r\n            <\/svg>\r\n        \r\n            <svg id=\"closeBtn\" class=\"model-icon\" width=\"34px\" height=\"34px\" viewBox=\"0 0 24 24\" xmlns=\"http:\/\/www.w3.org\/2000\/svg\">\r\n                <path fill=\"none\" stroke=\"#f2f2f2\" stroke-width=\"2\" d=\"M7,7 L17,17 M7,17 L17,7\"\/>\r\n            <\/svg>\r\n        \r\n        <\/div>\r\n        <\/div> \r\n\r\n        <!-- Model Viewer Style -->\r\n        <style>\r\n            \r\n            .wrapper_51818 .bp_model_parent, #bp_model_id_51818 {\r\n                width: 1150px;\r\n                max-width: 100%;\r\n                                            }\r\n            #bp_model_id_51818 {\r\n                height:700px;\r\n                background-color: #f9f9f9;\r\n            }\r\n            .fullscreen #bp_model_id_51818{\r\n            height: 100%;\r\n            width: 100%;\r\n            }\r\n            .wrapper_51818 .bp_model_parent{\r\n                justify-content: start            }\r\n            model-viewer.model {\r\n                --poster-color: transparent;\r\n            }\r\n        <\/style>\r\n        \r\n        \n<h4>ENGELL\u0130 TURN\u0130KE KAPISI 2 y\u0131l garantili olup, uzun s\u00fcreli bak\u0131m ve onar\u0131m deste\u011fine sahiptir.<\/h4>\n<p> Engelli Turnikesi, Tekerlekli Sandalye Eri\u015fimi \u0130\u00e7in ADA Uyumlu Tam Boy Engelli Turnikesi, Benzersiz tasar\u0131ml\u0131 engelli turnikemizi ke\u015ffedin. Tekerlekli sandalye eri\u015fimi i\u00e7in ADA uyumlu geni\u015f \u015ferit, birinci s\u0131n\u0131f paslanmaz \u00e7elik kaplama ile tam boy g\u00fcvenlik. Engelli Turnikesi \u00dcreticisi, Tekerlekli Sandalye Dostu Tasar\u0131ml\u0131 Tam Boy ADA Kap\u0131s\u0131, Engelli turnikemiz tekerlekli sandalye ve bebek arabas\u0131 eri\u015fimi i\u00e7in 91 cm geni\u015fli\u011finde bir ge\u00e7i\u015fe sahiptir. Benzersiz g\u00f6r\u00fcn\u00fcm, y\u00fcksek g\u00fcvenlik ve 304 paslanmaz \u00e7elik yap\u0131. Yerden Tasarruf Sa\u011flayan Engelli Turnikesi, S\u0131n\u0131rl\u0131 Alanlar \u0130\u00e7in Kompakt Tam Boy Tasar\u0131m, Hacimli geleneksel \u00fcnitelerin aksine, engelli turnikemiz 81 cm tekerlekli sandalye eri\u015fim \u015feridi ile benzersiz, aerodinamik bir g\u00f6vdeye sahiptir. Ofis lobileri ve konut kompleksleri i\u00e7in m\u00fckemmeldir.     <\/p>\n<p>OEM ve ODM hizmetleri sa\u011flayabiliriz. \u0130htiya\u00e7lar\u0131n\u0131zdan herhangi birine g\u00f6re derin \u00f6zelle\u015ftirmeyi tamamlayabilen deneyimli tasar\u0131mc\u0131lar\u0131m\u0131z var. 3D render, boyutlu \u00e7izimler gibi bir dizi malzemeyi en k\u0131sa s\u00fcrede sa\u011flayaca\u011f\u0131z. Herhangi bir \u00f6zel ihtiyac\u0131n\u0131z varsa ve \u00fcr\u00fcn\u00fc \u00f6zelle\u015ftirmeniz gerekiyorsa, yaln\u0131zca ilgili resim ve parametreleri sa\u011flaman\u0131z gerekir. IC\/ID kart okuyucular\u0131, parmak izi taray\u0131c\u0131lar\u0131, QR kodu taray\u0131c\u0131lar\u0131, y\u00fcz tan\u0131ma kameralar\u0131 vb. gibi biyometrik cihazlar da sa\u011fl\u0131yoruz. D\u0131\u015f Mekan Kullan\u0131m\u0131 \u0130\u00e7in En \u0130yi Engelli Turnikesi, Hava Ko\u015fullar\u0131na Dayan\u0131kl\u0131, ADA Uyumlu Eri\u015fim Kontrol\u00fc, Engelli turnikemiz IP66 derecesi ve korozyona dayan\u0131kl\u0131 316 paslanmaz \u00e7elik ile zorlu ortamlar i\u00e7in \u00fcretilmi\u015ftir. Stadyumlar ve halka a\u00e7\u0131k mekanlar i\u00e7in benzersiz estetik tasar\u0131m. <\/p>\n<p>Ayr\u0131ca \u015f\u0131k g\u00f6r\u00fcn\u00fcml\u00fc ve sa\u011flam yap\u0131ya sahip yeni bir tam boy turnike serisi ba\u015flatt\u0131k. L\u00fctfen kontrol edin: <span style=\"color: #0000ff;\"><a style=\"color: #0000ff;\" href=\"https:\/\/mairsturnstile.com\/full-height-series-turnstile\" target=\"_blank\" rel=\"noopener\">tam boy turnike serisi<\/a><\/span> <\/p>\n<p><strong>Engelli turnikesi, engelli tekerlekli sandalye eri\u015fim kontrol\u00fc i\u00e7in kullan\u0131lan, \u015ferit geni\u015fli\u011fi en az 900 mm olmas\u0131 gereken bir t\u00fcr yaya turnike kap\u0131s\u0131d\u0131r. Engelli turnikesi genellikle engelli, engelli ki\u015filer i\u00e7in tasarlanm\u0131\u015f olup engellilerin seyahatini kolayla\u015ft\u0131rmaktad\u0131r.<\/strong> Engelliler ve tekerlekli sandalyeliler rahatl\u0131kla ge\u00e7ebilir. Engelli turnikesi, geleneksel kapakl\u0131 bariyer turnikesi ve tripod turnikesinden farkl\u0131d\u0131r. Eri\u015fim kanat plakas\u0131 ve bloklama \u00e7ubu\u011fu gibi fiziksel yollarla k\u0131s\u0131tlanmamaktad\u0131r. Engelli turnikesinin hareket prensibi yoktur, sadece end\u00fcktif tan\u0131ma fonksiyonu vard\u0131r.<\/p>\n<p>Combine high security with accessibility. Our handicap turnstile features a retractable arm or companion swing gate for wheelchairs. Request a quote. Perfect for disabled users. Our handicap turnstile uses facial recognition \u2013 no cards or fingerprints. Contactless, hygienic &#038; accessible. Smooth operation for all. Our handicap turnstile features a servo motor with adjustable opening force. Meets ADA guidelines. Handciap Turnstile Factory Direct, Customizable Colors and Finish Available, Save with factory pricing on our handicap turnstile. RAL color customization, powder coated finish, and 316 marine grade stainless steel options. Get a quote in 24 hours.           <\/p>\n<p>Ger\u00e7ek ihtiya\u00e7lar\u0131n\u0131za g\u00f6re \u00f6zelle\u015ftirilebilen bir\u00e7ok engelli turnike stili vard\u0131r. T\u00fcm d\u00f6ner turnike kap\u0131lar\u0131m\u0131z ve h\u0131zl\u0131 ge\u00e7i\u015f kap\u0131lar\u0131m\u0131z engelli ve engellilere \u00f6zel olarak tasarlanabilmektedir. T\u00fcm d\u00f6ner turnike modelleri ve h\u0131zl\u0131 ge\u00e7i\u015f kap\u0131lar\u0131 engelli eri\u015fimi i\u00e7in kullan\u0131labilir. \u00c7ift geri \u00e7ekilebilir kanatl\u0131 bariyer ve s\u00fcrg\u00fcl\u00fc kap\u0131 turnikesinin baz\u0131 modelleri de 900mm ge\u00e7i\u015f geni\u015fli\u011fine sahip olabilir. ADA (Engelli Amerikal\u0131lar Yasas\u0131) ile uyumludur. Herhangi bir handikap turnikesine ihtiyac\u0131n\u0131z varsa, l\u00fctfen <a href=\"https:\/\/mairsturnstile.com\/contact\">bize<\/a> dan\u0131\u015f\u0131n<\/p>\n<p>Bu ADA turnikesi veya engelli turnikesi \u00fcr\u00fcn\u00fc hakk\u0131nda, yerinde kurulum ortam\u0131 veya saha ve saha eri\u015fim gereksinimleri nedeniyle bir\u00e7ok m\u00fc\u015fteri ADA turnikesinin yaln\u0131zca basit versiyonuna ihtiya\u00e7 duyabilir. Bu konuda herhangi bir ihtiyac\u0131n\u0131z varsa, \u00f6zelle\u015ftirmek i\u00e7in bizimle de ileti\u015fime ge\u00e7ebilirsiniz. \u00d6rne\u011fin, tam y\u00fckseklikte d\u00f6ner turnike kap\u0131s\u0131n\u0131n a\u015fa\u011f\u0131daki iki basit versiyonu m\u00fc\u015fterilerimiz taraf\u0131ndan \u00f6zelle\u015ftirilmi\u015ftir. Bu tam y\u00fckseklikte d\u00f6ner turnike, tam y\u00fckseklikte turnikelerin bisiklet ve tekerlekli sandalyelerden ge\u00e7ememesi sorununu \u00e7\u00f6zmektedir. Sallan\u0131r turnike kap\u0131s\u0131n\u0131n basit versiyonu tamamen bisiklet veya engelli ge\u00e7i\u015fine uygun olarak tasarlanm\u0131\u015ft\u0131r.<\/p>\n<p>Ger\u00e7ek senaryonuza g\u00f6re birka\u00e7 dakika i\u00e7inde sizin i\u00e7in bir render da olu\u015fturabiliriz. Ayr\u0131ca ayr\u0131nt\u0131l\u0131 yerle\u015fim ve \u00e7izimlerin yan\u0131 s\u0131ra kurulum \u00e7izimleri de sa\u011fl\u0131yoruz.<\/p>\n\n        \t\n\t<style type=\"text\/css\">\n\t\t.slider-info-53264.bafg-slider-info .bafg-slider-title {\n\t\t\t\t\t\tfont-size: 22px;\n\t\t\t\t\t\t\n\t\t\t\n\t\t\t\t\t}\n\n\t\t.slider-info-53264.bafg-slider-info .bafg-slider-description {\n\t\t\t\n\t\t\t\n\t\t\t\t\t}\n\n\t\t.slider-info-53264.bafg-slider-info .bafg_slider_readmore_button {\n\t\t\t\n\t\t\t\n\t\t\t\n\t\t\t\n\t\t\t\n\t\t\ttext-align: center;\n\n\t\t\t\n\t\t\t\n\t\t\t\n\t\t\t\n\t\t\t\n\t\t\t\n\t\t\t\t\t}\n\n\t\t.slider-info-53264.bafg-slider-info .bafg_slider_readmore_button:hover {\n\n\t\t\t\n\t\t\t\n\t\t\t\t\t}\n\n\t<\/style>\n\t\n        <div class=\"bafg-twentytwenty-container slider-53264 \" bafg-orientation=\"horizontal\" bafg-default-offset=\"0.5\" bafg-before-label=\"Before\" bafg-after-label=\"After\" bafg-overlay=\"yes\" bafg-move-slider-on-hover=\"yes\" bafg-click-to-move=\"no\">\n              \n            <img decoding=\"async\" class=\"skip-lazy\" src=\"http:\/\/mairsturnstile.com\/wp-content\/uploads\/2024\/09\/xw-series-full-height-handicap-turnstile-XW400-C.jpg\" alt=\"\" data-skip-lazy title=\"\">\n            <img decoding=\"async\" class=\"skip-lazy\" src=\"http:\/\/mairsturnstile.com\/wp-content\/uploads\/2024\/09\/xw-series-full-height-handicap-turnstile-XW400-C-1.jpg\" alt=\"\" data-skip-lazy title=\"\">\n           \n        <\/div>\n\n        \t<div class=\"bafg-slider-info-wraper\">\n\t\t<div style=\"\" class=\"slider-info-53264 bafg-slider-info\">\n\t\t\t\t\t<\/div>\n\t<\/div>\n\t\n        <style type=\"text\/css\">\n            \n        <\/style>\n        \n<p>\u00dcr\u00fcn\u00fcn \u00fcst kapa\u011f\u0131nda trafik \u0131\u015f\u0131\u011f\u0131 mevcut olup, m\u00fc\u015fterinin ihtiyac\u0131na g\u00f6re LED trafik \u0131\u015f\u0131\u011f\u0131 yap\u0131lm\u0131\u015ft\u0131r. Herhangi bir OEM veya ODM&#8217;nin ihtiya\u00e7lar\u0131n\u0131 kar\u015f\u0131layabiliriz.<\/p>\n<p>Engelli turnikesi, ekipman\u0131n i\u00e7inden ge\u00e7erken personelin yasa d\u0131\u015f\u0131 kimli\u011fini h\u0131zl\u0131 ve do\u011fru bir \u015fekilde de\u011ferlendirebilir, alarm sinyalleri verebilir ve foto\u011fraf \u00e7ekebilir. Ayr\u0131ca eri\u015fim kontrol sistemi, \u015f\u00fcpheli eri\u015fim kay\u0131tlar\u0131n\u0131 veya \u015f\u00fcpheli personel bilgilerini hassas zaman dilimlerinde taramak i\u00e7in g\u00f6r\u00fcnt\u00fc kar\u015f\u0131la\u015ft\u0131rma teknolojisini kullanabilir.<\/p>\n<p>Engelli turnikesi, RFID teknolojisi ve k\u0131z\u0131l\u00f6tesi teknolojisi sayesinde kanal i\u00e7inde ve d\u0131\u015f\u0131nda insan ve e\u015fya olup olmad\u0131\u011f\u0131n\u0131 yarg\u0131lar, uzun mesafe kablosuz veri toplama teknolojisi ile birlikte kanala giren ve \u00e7\u0131kan ki\u015filerin ve e\u015fyalar\u0131n me\u015fruiyetini yarg\u0131lar ve onlara hat\u0131rlatma yapar. sesli ve g\u00f6rsel g\u00f6stergelerle sa\u011flan\u0131r.<\/p>\n<p>Engelli turnikesi uzun mesafe kablosuz veri toplama teknolojisi ile karakterize edilir. Kanala giren ve \u00e7\u0131kan personelin aktif olarak kimlik belgelerini g\u00f6stermesine gerek yoktur, sadece kanal \u00fczerinden kimlik bilgilerini ve me\u015fruiyetini bilmeleri yeterlidir.<\/p>\n<p>Engelli turnike kap\u0131s\u0131 bir \u015fasi ve bir elektrik kontrol mod\u00fcl\u00fcnden olu\u015fur. Turnike kap\u0131s\u0131 kontrol anakart\u0131, engellilerin ge\u00e7i\u015f i\u015flemlerini k\u0131z\u0131l\u00f6tesi dedekt\u00f6r arac\u0131l\u0131\u011f\u0131yla alg\u0131lar ve engelli\/engelli ki\u015filerin yasal izinle ge\u00e7i\u015f yapmas\u0131n\u0131 sa\u011flar; Bir yayan\u0131n izinsiz olarak ge\u00e7ide girmesi durumunda sesli ve g\u00f6rsel alarm devreye girerek yayan\u0131n izinsiz ge\u00e7i\u015fine izin verilmedi\u011fini bildirecektir.<\/p>\n<p style=\"font-weight: 400;\">Ofis binas\u0131 i\u00e7in Engelli Turnike Eri\u015fim Kontrol\u00fc Y\u00fcz Tan\u0131ma RFID turnikesi. Standart sinyal giri\u015f aray\u00fczleri genellikle RS485 \/ RS232 veya \u00e7e\u015fitli \u00fc\u00e7\u00fcnc\u00fc taraf yaz\u0131l\u0131mlarla, biyometrik ekipmanlarla ve eri\u015fim kontrol denetleyicileriyle entegre olabilen TCP \/ IP aray\u00fcz\u00fc gibi yap\u0131land\u0131r\u0131l\u0131r. \u0130\u015f binalar\u0131, ofis binalar\u0131, sergi salonlar\u0131 vb. gibi \u00e7e\u015fitli i\u00e7 mekan etkinlikleri i\u00e7in uygundur.<\/p>\n<p>Tam boy turnike kap\u0131s\u0131 handikap turnikesi, k\u0131s\u0131tl\u0131 alana giren veya \u00e7\u0131kan ki\u015fileri kontrol eder. G\u00f6vde y\u00fcksek kaliteli f\u0131r\u00e7alanm\u0131\u015f 304 paslanmaz \u00e7eliktir. Mekanizma, boyutu k\u00fc\u00e7\u00fcltmek i\u00e7in en son teknolojiyi kullan\u0131r ancak y\u00fcksek performans sa\u011flar. Ayr\u0131ca \u00fcnl\u00fc marka DC f\u0131r\u00e7as\u0131z motor ve geli\u015fmi\u015f sens\u00f6rle donat\u0131lm\u0131\u015ft\u0131r. <a href=\"https:\/\/mairsturnstile.com\/swing-turnstile-gate.html\" target=\"_blank\" rel=\"noopener\">Sal\u0131ncak turnikesi<\/a>, her t\u00fcrl\u00fc \u00fc\u00e7\u00fcnc\u00fc taraf eri\u015fim kontrol sistemiyle (yani RFID, Parmak \u0130zi, Y\u00fcz, Barkod, IR <a href=\"https:\/\/en.wikipedia.org\/wiki\/Thermometer\" target=\"_blank\" rel=\"noopener\">termometre<\/a>) kolayca entegre edilebilen standart bir r\u00f6le \u00e7\u0131k\u0131\u015f\u0131na sahiptir. \u00c7ok \u015feritli kurulumu kolayd\u0131r. Mairs, en iyi engelli turnike kap\u0131s\u0131n\u0131 \u00e7evrimi\u00e7i olarak en ucuz fiyata sunuyor. Engelli bireylere, engellilere ve engellilere y\u00f6nelik engelli turnikesi.<\/p>\n<ul>\n<li style=\"list-style-type: none;\">\n<ul>\n<li>Acil durumlarda elektrik kesildi\u011finde engelli turnikesi otomatik olarak a\u00e7\u0131larak yang\u0131n g\u00fcvenli\u011fi \u015fartlar\u0131na uygun olarak serbest ge\u00e7i\u015fe olanak sa\u011flayacakt\u0131r. Ama bir pil ile gelmelidir. \u0130hracata gelince, pil hassast\u0131r, onu de\u011fi\u015ftirmek i\u00e7in kapasit\u00f6r kullanabiliriz.<\/li>\n<li>Engellilere y\u00f6nelik tam boy turnike kap\u0131s\u0131 l\u00fcks ve \u00fcst d\u00fczey giri\u015f \u00e7\u00f6z\u00fcmleri i\u00e7in uygundur.<\/li>\n<li>T\u00fcm sistem sorunsuz, d\u00fc\u015f\u00fck g\u00fcr\u00fclt\u00fcl\u00fc ve y\u00fcksek h\u0131zda \u00e7al\u0131\u015f\u0131r.<\/li>\n<li>Alarm fonksiyonu, yasad\u0131\u015f\u0131 bir izinsiz giri\u015f ve ters izinsiz giri\u015f varsa, kap\u0131 alarm verir ve kap\u0131 kilitlenir.<\/li>\n<li>Toplamda 6 \u00e7ift k\u0131z\u0131l\u00f6tesi sens\u00f6r bulunmaktad\u0131r. Ortadaki sens\u00f6r yayalar\u0131n s\u0131k\u0131\u015fmas\u0131n\u0131 \u00f6nlemek i\u00e7indir.<\/li>\n<li>Kuyruk \u00f6nleme i\u015flevi, bir ki\u015fi ayn\u0131 anda ge\u00e7ebilir. Birisi \u00f6ndekilerin pe\u015finden ko\u015farsa, kap\u0131 alarm verecektir.<\/li>\n<li>LED g\u00f6stergesi. K\u0131z\u0131l ha\u00e7 ve ye\u015fil ok. Ayr\u0131ca \u00f6n direk \u00fczerinde led g\u00f6stergeler bulunmaktad\u0131r. Kollara led \u0131\u015f\u0131k eklenebilir.<\/li>\n<li>\u00c7ift y\u00f6nl\u00fc eri\u015fim, daha fazla kap\u0131 ihtiyac\u0131n\u0131 azalt\u0131r. Tekerlekli sandalye i\u00e7in uygundur, al\u0131\u015fveri\u015f arabas\u0131 ge\u00e7i\u015f verimlili\u011fini art\u0131r\u0131r.<\/li>\n<li>Otomatik s\u0131f\u0131rlama i\u015flevi. Ki\u015filer \u00f6nceden ayarlanan s\u00fcre i\u00e7inde (varsay\u0131lan s\u00fcre 5 saniyedir) ge\u00e7mezse, sistem kullan\u0131c\u0131n\u0131n yetkisini iptal eder ve otomatik olarak kapan\u0131r.<\/li>\n<li>Darbe \u00f6nleyici, Kelep\u00e7e \u00f6nleyici, Kap\u0131lar f\u0131r\u00e7as\u0131z bir motorla birlikte gelir. \u00c7al\u0131\u015fma s\u0131ras\u0131nda kola birisi \u00e7arparsa kap\u0131 otomatik olarak s\u0131f\u0131rlan\u0131r. Bu i\u015flev, yayalar\u0131n \u00f6zellikle \u00e7ocuklar\u0131n \u00e7arpmas\u0131n\u0131, \u00e7arpmas\u0131n\u0131, \u00e7arpmas\u0131n\u0131 vb. etkili bir \u015fekilde \u00f6nler.<\/li>\n<li>Mekanizma: Engelli kap\u0131s\u0131 F\u0131r\u00e7as\u0131z motorlu otomatik bir kap\u0131d\u0131r<\/li>\n<li> D\u00fczenli eri\u015fim i\u00e7in yar\u0131 otomatik tam y\u00fckseklikte (otomatik iste\u011fe ba\u011fl\u0131)<\/li>\n<li>D\u00f6nme y\u00f6n\u00fc: \u00c7ift y\u00f6nl\u00fc\/Tek y\u00f6nl\u00fc<\/li>\n<li>Acil durum: Acil durum veya g\u00fc\u00e7 kayna\u011f\u0131n\u0131n izolasyonu durumunda, D\u00f6nen Kap\u0131 Ar\u0131za Korumal\u0131 olarak yap\u0131land\u0131r\u0131labilir, yani serbest\u00e7e d\u00f6ner veya Ar\u0131za Kilitleme<\/li>\n<li>Nem: \u226495%<\/li>\n<li>Tahrik: Yar\u0131 Otomatik Kumandal\u0131<\/li>\n<li>\u00c7al\u0131\u015fma s\u0131cakl\u0131\u011f\u0131: -25 \uff5e 60 \u2103<\/li>\n<li>\u0130ste\u011fe Ba\u011fl\u0131 \u00d6zellik: IC\/ID okuyucu, Barkod Okuyucu, Y\u00fcz tan\u0131ma, Parmak izi, di\u011fer eri\u015fim kontrol ekipmanlar\u0131, UPS, vb.<\/li>\n<li>\u0130leti\u015fim mesafesi: \u22641200 m<\/li>\n<li>\u0130leti\u015fim arabirimi: RS485<\/li>\n<li>A\u00e7mak i\u00e7in gereken s\u00fcre: 0,2 sn<\/li>\n<li>\u00c7al\u0131\u015fma ortam\u0131: \u0130\u00e7 mekan veya d\u0131\u015f mekan<\/li>\n<li>Uygulama aral\u0131\u011f\u0131: Topluluk, Fabrika, \u015eantiye, Okul, Tatil yeri, Devlet tesisi, vb.<\/li>\n<\/ul>\n<\/li>\n<\/ul>\n<p>T\u00fcm g\u00fcvenlik eri\u015fim kontrol\u00fc \u00e7\u00f6z\u00fcm\u00fcn\u00fc sa\u011flayabiliriz. Kendi ge\u00e7i\u015f kontrol sisteminiz varsa, do\u011frudan turnike kap\u0131m\u0131z\u0131 kullanabilirsiniz. E\u011fer yoksa, eksiksiz bir g\u00fcvenlik eri\u015fim kontrol\u00fc \u00e7\u00f6z\u00fcm\u00fc de sa\u011fl\u0131yoruz. Ayr\u0131nt\u0131lar i\u00e7in l\u00fctfen a\u015fa\u011f\u0131daki videoya bak\u0131n.<\/p>\n<p><iframe title=\"YouTube video oynat\u0131c\u0131\" src=\"https:\/\/www.youtube.com\/embed\/Gl9Rl2PVJVQ?si=cuTX95KQ3zFpweRt&#038;start=1\" width=\"1150\" height=\"650\" frameborder=\"0\" allowfullscreen=\"allowfullscreen\"><span data-mce-type=\"bookmark\" style=\"display: inline-block; width: 0px; overflow: hidden; line-height: 0;\" class=\"mce_SELRES_start\"><\/span><\/iframe><\/p>\n","protected":false},"excerpt":{"rendered":"<p>1. Boyut: 2650 * 1500 * 2200 mm (\u00f6zelle\u015ftirilebilir)<\/p>\n<p>2. \u015eerit Geni\u015fli\u011fi: 650 mm(rotor) 900mm(engelli)<\/p>\n<p>3. Malzeme: 304 paslanmaz \u00e7elik veya 316 paslanmaz \u00e7elik<\/p>\n<p>4. Ge\u00e7i\u015f h\u0131z\u0131: 25 ki\u015fi\/dk<\/p>\n<p>5. G\u00fc\u00e7 kayna\u011f\u0131: 110V\/220V 50\/60hz<\/p>\n<p>6. Solenoid valf: DC24V<\/p>\n<p>7. Kap\u0131 A\u00e7\u0131k Sinyali: Kuru Kontak\/ R\u00f6le<\/p>\n<p>8. Mekanizman\u0131n g\u00fcvenilirli\u011fi: 5 milyon, hatas\u0131z<\/p>\n<p>9. \u015eok emici i\u00e7in hidrolik amortis\u00f6rl\u00fc mekanizma<\/p>\n<p><span style=\"color: #000000;\"><strong><a style=\"color: #000000;\" title=\"Mairs CE Belgeli Tam Boy Turnike\" href=\"http:\/\/mairsturnstile.com\/wp-content\/uploads\/2022\/09\/Mairs-CE-Certificate-Full-Height-Turnstile.pdf\" target=\"_blank\" rel=\"noopener noreferrer\">CE Belgeli,<\/a> <a style=\"color: #000000;\" title=\"Mairs ISO9001 Sertifikas\u0131\" href=\"http:\/\/mairsturnstile.com\/wp-content\/uploads\/2022\/09\/Mairs-Registration-Certificate-ISO9001.pdf\" target=\"_blank\" rel=\"noopener noreferrer\">ISO9001 Sertifikal\u0131.<\/a><\/strong><\/span><\/p>\n<p><a title=\"Tam Boy Turnike Kurulum K\u0131lavuzu\" href=\"http:\/\/mairsturnstile.com\/wp-content\/uploads\/2023\/09\/Full-height-turnstile-installation-manual.pdf\" target=\"_blank\" rel=\"noopener noreferrer\"><strong><span style=\"color: #fcaf3b;\">Download Full Height Turnstile User &#038; Installation Manual<\/span><\/strong><\/a><\/p>\n<p><a title=\"XW Series Full Hegiht Turnstile\" href=\"https:\/\/mairsturnstile-online.com\/flipbook\/xw-series-full-height-turnstile\" target=\"_blank\" rel=\"noopener noreferrer\"><span style=\"color: #fcaf3b;\"><strong>Download XW Series Full Hegiht Turnstile<\/strong><\/span><\/a><\/p>\n","protected":false},"featured_media":56880,"comment_status":"closed","ping_status":"closed","template":"","meta":{"neve_meta_sidebar":"","neve_meta_container":"","neve_meta_enable_content_width":"off","neve_meta_content_width":0,"neve_meta_title_alignment":"","neve_meta_author_avatar":"","neve_post_elements_order":"","neve_meta_disable_header":"","neve_meta_disable_footer":"","neve_meta_disable_title":"","_ti_tpc_template_sync":false,"_ti_tpc_template_id":""},"product_cat":[1916,1973],"product_tag":[2540,2539,2541,2538],"class_list":["post-34336","product","type-product","status-publish","has-post-thumbnail","hentry","product_cat-guvenlik-turnikeleri","product_cat-tam-boy-turnikeler","product_tag-ada-turnikesi","product_tag-engelli-turnike-kapisi","product_tag-engelli-turnikesi-tr","product_tag-engelli-turnikesi"],"_links":{"self":[{"href":"https:\/\/mairsturnstile.com\/tr\/wp-json\/wp\/v2\/product\/34336","targetHints":{"allow":["GET"]}}],"collection":[{"href":"https:\/\/mairsturnstile.com\/tr\/wp-json\/wp\/v2\/product"}],"about":[{"href":"https:\/\/mairsturnstile.com\/tr\/wp-json\/wp\/v2\/types\/product"}],"replies":[{"embeddable":true,"href":"https:\/\/mairsturnstile.com\/tr\/wp-json\/wp\/v2\/comments?post=34336"}],"version-history":[{"count":1,"href":"https:\/\/mairsturnstile.com\/tr\/wp-json\/wp\/v2\/product\/34336\/revisions"}],"predecessor-version":[{"id":72614,"href":"https:\/\/mairsturnstile.com\/tr\/wp-json\/wp\/v2\/product\/34336\/revisions\/72614"}],"wp:featuredmedia":[{"embeddable":true,"href":"https:\/\/mairsturnstile.com\/tr\/wp-json\/wp\/v2\/media\/56880"}],"wp:attachment":[{"href":"https:\/\/mairsturnstile.com\/tr\/wp-json\/wp\/v2\/media?parent=34336"}],"wp:term":[{"taxonomy":"product_cat","embeddable":true,"href":"https:\/\/mairsturnstile.com\/tr\/wp-json\/wp\/v2\/product_cat?post=34336"},{"taxonomy":"product_tag","embeddable":true,"href":"https:\/\/mairsturnstile.com\/tr\/wp-json\/wp\/v2\/product_tag?post=34336"}],"curies":[{"name":"wp","href":"https:\/\/api.w.org\/{rel}","templated":true}]}}