{"id":34337,"date":"2020-09-13T17:08:32","date_gmt":"2020-09-13T09:08:32","guid":{"rendered":"https:\/\/mairsturnstile.com\/product\/cam-guvenlik-turnikeleri-mt357-l"},"modified":"2023-11-01T10:47:57","modified_gmt":"2023-11-01T02:47:57","slug":"cam-turnikeler","status":"publish","type":"product","link":"https:\/\/mairsturnstile.com\/tr\/urun\/cam-turnikeler","title":{"rendered":"CAM G\u00dcVENL\u0130K TURN\u0130KELER\u0130 MT357-L"},"content":{"rendered":"        <!-- 3D Model html -->\r\n        <div class=\"bp_grand wrapper_24278\">   \r\n        <div class=\"bp_model_parent\">\r\n            <model-viewer class=\"model\" id=\"bp_model_id_24278\" src=\"http:\/\/mairsturnstile.com\/wp-content\/uploads\/2023\/07\/MT369.glb\" alt=\"MT369\" camera-controls  loading=\"auto\" auto-rotate                        >\r\n            <\/model-viewer>\r\n        \r\n            <!-- Button -->\r\n            <svg id=\"openBtn\" width=\"30px\" height=\"30px\" viewBox=\"0 0 16 16\" xmlns=\"http:\/\/www.w3.org\/2000\/svg\" fill=\"#f2f2f2\" class=\"bi bi-arrows-fullscreen model-icon\">\r\n                <path fill-rule=\"evenodd\" d=\"M5.828 10.172a.5.5 0 0 0-.707 0l-4.096 4.096V11.5a.5.5 0 0 0-1 0v3.975a.5.5 0 0 0 .5.5H4.5a.5.5 0 0 0 0-1H1.732l4.096-4.096a.5.5 0 0 0 0-.707zm4.344 0a.5.5 0 0 1 .707 0l4.096 4.096V11.5a.5.5 0 1 1 1 0v3.975a.5.5 0 0 1-.5.5H11.5a.5.5 0 0 1 0-1h2.768l-4.096-4.096a.5.5 0 0 1 0-.707zm0-4.344a.5.5 0 0 0 .707 0l4.096-4.096V4.5a.5.5 0 1 0 1 0V.525a.5.5 0 0 0-.5-.5H11.5a.5.5 0 0 0 0 1h2.768l-4.096 4.096a.5.5 0 0 0 0 .707zm-4.344 0a.5.5 0 0 1-.707 0L1.025 1.732V4.5a.5.5 0 0 1-1 0V.525a.5.5 0 0 1 .5-.5H4.5a.5.5 0 0 1 0 1H1.732l4.096 4.096a.5.5 0 0 1 0 .707z\"\/>\r\n            <\/svg>\r\n        \r\n            <svg id=\"closeBtn\" class=\"model-icon\" width=\"34px\" height=\"34px\" viewBox=\"0 0 24 24\" xmlns=\"http:\/\/www.w3.org\/2000\/svg\">\r\n                <path fill=\"none\" stroke=\"#f2f2f2\" stroke-width=\"2\" d=\"M7,7 L17,17 M7,17 L17,7\"\/>\r\n            <\/svg>\r\n        \r\n        <\/div>\r\n        <\/div> \r\n\r\n        <!-- Model Viewer Style -->\r\n        <style>\r\n            \r\n            .wrapper_24278 .bp_model_parent, #bp_model_id_24278 {\r\n                width: 1150px;\r\n                max-width: 100%;\r\n                                            }\r\n            #bp_model_id_24278 {\r\n                height:700px;\r\n                background-color: #f2f2f2;\r\n            }\r\n            .fullscreen #bp_model_id_24278{\r\n            height: 100%;\r\n            width: 100%;\r\n            }\r\n            .wrapper_24278 .bp_model_parent{\r\n                justify-content: start            }\r\n            model-viewer.model {\r\n                --poster-color: transparent;\r\n            }\r\n        <\/style>\r\n        \r\n        \n<h4>CAM TURN\u0130KELER CAM G\u00dcVENL\u0130K TURN\u0130KELER\u0130 2 y\u0131l garantili olup, uzun s\u00fcreli bak\u0131m ve onar\u0131m deste\u011fine sahiptir.<\/h4>\n<p>OEM ve ODM hizmetleri sa\u011flayabiliriz. \u0130htiya\u00e7lar\u0131n\u0131zdan herhangi birine g\u00f6re derin \u00f6zelle\u015ftirmeyi tamamlayabilen deneyimli tasar\u0131mc\u0131lar\u0131m\u0131z var. 3D render, boyutlu \u00e7izimler gibi bir dizi malzemeyi en k\u0131sa s\u00fcrede sa\u011flayaca\u011f\u0131z. IC\/ID kart okuyucular\u0131, parmak izi taray\u0131c\u0131lar\u0131, QR kodu taray\u0131c\u0131lar\u0131, y\u00fcz tan\u0131ma kameralar\u0131 vb. gibi biyometrik cihazlar da sa\u011fl\u0131yoruz.<\/p>\n<p><strong>Cam turnikeler, blokaj g\u00f6vdesi cam malzemeden yap\u0131lm\u0131\u015f bir t\u00fcr yaya turnike kap\u0131s\u0131d\u0131r.<\/strong> Cam turnikeler genellikle ofis binalar\u0131nda, bina salonlar\u0131nda ve insan ak\u0131\u015f\u0131n\u0131 kontrol etmesi gereken di\u011fer ge\u00e7itlerde kullan\u0131l\u0131r.<\/p>\n<p>Giri\u015f ve \u00e7\u0131k\u0131\u015ftaki yayalar\u0131 etkin bir \u015fekilde kontrol edip y\u00f6netmekle kalmaz, ayn\u0131 zamanda binan\u0131n esteti\u011fini de art\u0131rarak t\u00fcm ortam\u0131n \u00fcst d\u00fczey, atmosferik ve konforlu g\u00f6r\u00fcnmesini sa\u011flar. Estetik ve ta\u015f\u0131ma a\u00e7\u0131s\u0131ndan cam turnikenin blokaj g\u00f6vdesi y\u00fcksek kalite akrilikten de yap\u0131labilir.<\/p>\n<p><a href=\"https:\/\/mairsturnstile.com\/swing-turnstile-gate.html\">Sal\u0131ncak turnike kap\u0131s\u0131<\/a>, makine, elektronik, mikro i\u015flemci kontrol\u00fc ve kimlik tan\u0131mlama ile zarif bir \u015fekilde entegre edilmi\u015ftir ve kart okuyucu tan\u0131mlama ekipman\u0131n\u0131n kullan\u0131m\u0131 i\u00e7in kolayl\u0131k sa\u011flar. Geni\u015f \u015feritli d\u00f6ner bariyer turnikesi, bir binan\u0131n her alan\u0131na yaln\u0131zca yetkili kullan\u0131c\u0131lar\u0131n eri\u015fmesine izin verilmesini sa\u011flamak i\u00e7in g\u00fcvenilir ve etkili bir y\u00f6ntem sunar.<\/p>\n<p>Ger\u00e7ek senaryonuza g\u00f6re birka\u00e7 dakika i\u00e7inde sizin i\u00e7in bir render da olu\u015fturabiliriz. Ayr\u0131ca ayr\u0131nt\u0131l\u0131 yerle\u015fim planlar\u0131 ve \u00e7izimlerin yan\u0131 s\u0131ra kurulum \u00e7izimleri de sa\u011fl\u0131yoruz.<\/p>\n\n        \t\n\t<style type=\"text\/css\">\n\t\t.slider-info-24292.bafg-slider-info .bafg-slider-title {\n\t\t\t\t\t\tfont-size: 22px;\n\t\t\t\t\t\t\n\t\t\t\n\t\t\t\t\t}\n\n\t\t.slider-info-24292.bafg-slider-info .bafg-slider-description {\n\t\t\t\n\t\t\t\n\t\t\t\t\t}\n\n\t\t.slider-info-24292.bafg-slider-info .bafg_slider_readmore_button {\n\t\t\t\n\t\t\t\n\t\t\t\n\t\t\t\n\t\t\t\n\t\t\ttext-align: center;\n\n\t\t\t\n\t\t\t\n\t\t\t\n\t\t\t\n\t\t\t\n\t\t\t\n\t\t\t\t\t}\n\n\t\t.slider-info-24292.bafg-slider-info .bafg_slider_readmore_button:hover {\n\n\t\t\t\n\t\t\t\n\t\t\t\t\t}\n\n\t<\/style>\n\t\n        <div class=\"bafg-twentytwenty-container slider-24292 \" bafg-orientation=\"horizontal\" bafg-default-offset=\"0.5\" bafg-before-label=\"Before\" bafg-after-label=\"After\" bafg-overlay=\"yes\" bafg-move-slider-on-hover=\"yes\" bafg-click-to-move=\"no\">\n              \n            <img decoding=\"async\" class=\"skip-lazy\" src=\"http:\/\/mairsturnstile.com\/wp-content\/uploads\/2023\/07\/glass-turnstiles_4.jpg\" alt=\"\" data-skip-lazy title=\"\">\n            <img decoding=\"async\" class=\"skip-lazy\" src=\"http:\/\/mairsturnstile.com\/wp-content\/uploads\/2023\/07\/glass-turnstiles_5.jpg\" alt=\"\" data-skip-lazy title=\"\">\n           \n        <\/div>\n\n        \t<div class=\"bafg-slider-info-wraper\">\n\t\t<div style=\"\" class=\"slider-info-24292 bafg-slider-info\">\n\t\t\t\t\t<\/div>\n\t<\/div>\n\t\n        <style type=\"text\/css\">\n            \n        <\/style>\n        \n<ul>\n<li>Cam turnikeler genellikle trafik ak\u0131\u015f\u0131n\u0131n yo\u011fun oldu\u011fu yerlerde \u00e7ift y\u00f6nl\u00fc \u00e7al\u0131\u015fan olarak uygulanan y\u00fcksek h\u0131zl\u0131 ge\u00e7i\u015f kap\u0131s\u0131d\u0131r.<\/li>\n<li>Cam turnikelerin \u015fasisi, \u00e7o\u011fu i\u00e7 mekan ortam\u0131na uyum sa\u011flayacak kusursuz ve zarif bir eri\u015fim noktas\u0131 olu\u015fturan, ince dokulu 304 paslanmaz \u00e7elikten yap\u0131lm\u0131\u015ft\u0131r.<\/li>\n<li>Bu cam turnikeler uluslararas\u0131 standart RS485 ve r\u00f6le ile birlikte gelir, bu da onlar\u0131 sekt\u00f6rdeki mevcut t\u00fcm yaz\u0131l\u0131mlarla ve RFID sistemleri, Barkod sistemleri, Y\u00fcz tan\u0131ma sistemleri, parmak izi sistemleri vb. gibi neredeyse t\u00fcm <a href=\"https:\/\/en.wikipedia.org\/wiki\/Access_control\" target=\"_blank\" rel=\"noopener\">eri\u015fim kontrolleriyle<\/a> geni\u015f \u00f6l\u00e7\u00fcde uyumlu hale getirir.<\/li>\n<li>Acil bir durumda elektri\u011fi kesin ve Slim turnike otomatik olarak a\u00e7\u0131larak yang\u0131n g\u00fcvenli\u011fi gerekliliklerine uygun serbest ge\u00e7i\u015fe izin verecektir. Ama bir pil ile gelmelidir. \u0130hracata gelince, pil hassast\u0131r, de\u011fi\u015ftirmek i\u00e7in kondansat\u00f6r\u00fc kullanabiliriz<\/li>\n<li>Cam Turnikeler l\u00fcks ve \u00fcst d\u00fczey giri\u015f \u00e7\u00f6z\u00fcmleri i\u00e7in uygundur.<\/li>\n<li>T\u00fcm sistem sorunsuz, d\u00fc\u015f\u00fck g\u00fcr\u00fclt\u00fcl\u00fc ve y\u00fcksek h\u0131zda \u00e7al\u0131\u015f\u0131r.<\/li>\n<li>\u0130leti\u015fim arabirimi: RS485<\/li>\n<li>Alarm fonksiyonu, yasa d\u0131\u015f\u0131 bir sald\u0131r\u0131 veya ters sald\u0131r\u0131 varsa, kap\u0131 alarm verir ve kap\u0131 kilitlenir.<\/li>\n<li>Toplamda 5 \u00e7ift k\u0131z\u0131l\u00f6tesi sens\u00f6r bulunmaktad\u0131r. Ortadaki sens\u00f6rler yayalar\u0131n s\u0131k\u0131\u015fmas\u0131n\u0131 \u00f6nlemek i\u00e7indir.<\/li>\n<li>Kuyruk \u00f6nleme i\u015flevi, bir ki\u015fi ayn\u0131 anda ge\u00e7ebilir. Birisi \u00f6ndekilerin pe\u015finden ko\u015farsa, kap\u0131 alarm verecektir.<\/li>\n<li>LED g\u00f6stergesi. K\u0131z\u0131l ha\u00e7 ve ye\u015fil ok. Ayr\u0131ca \u00f6n direk \u00fczerinde led g\u00f6stergeler bulunmaktad\u0131r. Kollara led \u0131\u015f\u0131k eklenebilir.<\/li>\n<li>\u00c7ift y\u00f6nl\u00fc eri\u015fim, daha fazla kap\u0131 ihtiyac\u0131n\u0131 azalt\u0131r. Ge\u00e7i\u015f verimlili\u011fini art\u0131ran tekerlekli sandalye, al\u0131\u015fveri\u015f arabas\u0131 i\u00e7in uygundur.<\/li>\n<\/ul>\n<p>T\u00fcm g\u00fcvenlik eri\u015fim kontrol\u00fc \u00e7\u00f6z\u00fcm\u00fcn\u00fc sa\u011flayabiliriz. Kendi ge\u00e7i\u015f kontrol sisteminiz varsa, do\u011frudan turnike kap\u0131m\u0131z\u0131 kullanabilirsiniz. E\u011fer yoksa, eksiksiz bir g\u00fcvenlik eri\u015fim kontrol\u00fc \u00e7\u00f6z\u00fcm\u00fc de sa\u011fl\u0131yoruz. Ayr\u0131nt\u0131lar i\u00e7in l\u00fctfen a\u015fa\u011f\u0131daki videoya bak\u0131n.<\/p>\n<p><iframe title=\"Yeni Tasar\u0131m H\u0131zl\u0131 Ge\u00e7i\u015f Turnikesi, Lobi turnikeleri, Ofis turnikesi - MairsTurnstile.com\" src=\"https:\/\/www.youtube.com\/embed\/izk8WuYn4no\" width=\"1150\" height=\"650\" frameborder=\"0\" allowfullscreen=\"allowfullscreen\"><\/iframe><\/p>\n","protected":false},"excerpt":{"rendered":"<p>1. Boyut: 1400*120*980 mm (\u00f6zelle\u015ftirilebilir)<\/p>\n<p>2. Kulvar Geni\u015fli\u011fi: 600 mm (Standart) 900 mm(Engelli)<\/p>\n<p>3. Kol malzemesi: Akrilik<\/p>\n<p>4. Ge\u00e7i\u015f h\u0131z\u0131: 40 ki\u015fi\/dk<\/p>\n<p>5. G\u00fc\u00e7 kayna\u011f\u0131: 110 V\/220 V 50\/60 Hz<\/p>\n<p>6. F\u0131r\u00e7as\u0131z motor: 40W<\/p>\n<p>7. Kap\u0131 A\u00e7\u0131k Sinyali: Kuru Kontak\/ R\u00f6le<\/p>\n<p>8. Cam g\u00fcvenlik turnikeleri S\u00fcr\u00fc\u015f Motoru: 24V<\/p>\n<p>9. Kollarda LED \u0131\u015f\u0131klar mevcuttur<\/p>\n<p><span style=\"color: #008080;\"><strong><a style=\"color: #008080;\" title=\"Mairs CE Belgeli Sal\u0131ncak Turnike Kap\u0131s\u0131\" href=\"http:\/\/mairsturnstile.com\/wp-content\/uploads\/2022\/09\/Mairs-CE-Certificate-Swing-Turnstile-Gate.pdf\" target=\"_blank\" rel=\"noopener noreferrer\">CE Belgeli,<\/a> <a style=\"color: #008080;\" title=\"Mairs ISO9001 Sertifikas\u0131\" href=\"http:\/\/mairsturnstile.com\/wp-content\/uploads\/2022\/09\/Mairs-Registration-Certificate-ISO9001.pdf\" target=\"_blank\" rel=\"noopener noreferrer\">ISO9001 Sertifikal\u0131.<\/a><\/strong><\/span><\/p>\n","protected":false},"featured_media":29802,"comment_status":"closed","ping_status":"closed","template":"","meta":{"neve_meta_sidebar":"","neve_meta_container":"","neve_meta_enable_content_width":"off","neve_meta_content_width":0,"neve_meta_title_alignment":"","neve_meta_author_avatar":"","neve_post_elements_order":"","neve_meta_disable_header":"","neve_meta_disable_footer":"","neve_meta_disable_title":"","_ti_tpc_template_sync":false,"_ti_tpc_template_id":""},"product_cat":[1916,1931],"product_tag":[2542,2520,2235,2238,2229,2531],"class_list":["post-34337","product","type-product","status-publish","has-post-thumbnail","hentry","product_cat-guvenlik-turnikeleri","product_cat-hizli-kapilar","product_tag-cam-guvenlik-turnikeleri","product_tag-cam-turnike","product_tag-cam-turnike-kapilari","product_tag-glass-turnstiles-tr","product_tag-guvenlik-turnike-kapisi","product_tag-kutuphane-turnikeleri"],"_links":{"self":[{"href":"https:\/\/mairsturnstile.com\/tr\/wp-json\/wp\/v2\/product\/34337","targetHints":{"allow":["GET"]}}],"collection":[{"href":"https:\/\/mairsturnstile.com\/tr\/wp-json\/wp\/v2\/product"}],"about":[{"href":"https:\/\/mairsturnstile.com\/tr\/wp-json\/wp\/v2\/types\/product"}],"replies":[{"embeddable":true,"href":"https:\/\/mairsturnstile.com\/tr\/wp-json\/wp\/v2\/comments?post=34337"}],"version-history":[{"count":0,"href":"https:\/\/mairsturnstile.com\/tr\/wp-json\/wp\/v2\/product\/34337\/revisions"}],"wp:featuredmedia":[{"embeddable":true,"href":"https:\/\/mairsturnstile.com\/tr\/wp-json\/wp\/v2\/media\/29802"}],"wp:attachment":[{"href":"https:\/\/mairsturnstile.com\/tr\/wp-json\/wp\/v2\/media?parent=34337"}],"wp:term":[{"taxonomy":"product_cat","embeddable":true,"href":"https:\/\/mairsturnstile.com\/tr\/wp-json\/wp\/v2\/product_cat?post=34337"},{"taxonomy":"product_tag","embeddable":true,"href":"https:\/\/mairsturnstile.com\/tr\/wp-json\/wp\/v2\/product_tag?post=34337"}],"curies":[{"name":"wp","href":"https:\/\/api.w.org\/{rel}","templated":true}]}}