{"id":34339,"date":"2020-09-13T17:11:37","date_gmt":"2020-09-13T09:11:37","guid":{"rendered":"https:\/\/mairsturnstile.com\/product\/kart-okuyuculu-turnike-kapisi-mt346"},"modified":"2024-11-01T11:43:18","modified_gmt":"2024-11-01T03:43:18","slug":"kart-okuyuculu-turnike-kapisi-fiyati","status":"publish","type":"product","link":"https:\/\/mairsturnstile.com\/tr\/urun\/kart-okuyuculu-turnike-kapisi-fiyati","title":{"rendered":"KART OKUYUCULU TURN\u0130KE KAPISI MT346"},"content":{"rendered":"        <!-- 3D Model html -->\r\n        <div class=\"bp_grand wrapper_25605\">   \r\n        <div class=\"bp_model_parent\">\r\n            <model-viewer class=\"model\" id=\"bp_model_id_25605\" src=\"http:\/\/mairsturnstile.com\/wp-content\/uploads\/2023\/07\/MT346.glb\" alt=\"MT346\" camera-controls  loading=\"auto\" auto-rotate                        >\r\n            <\/model-viewer>\r\n        \r\n            <!-- Button -->\r\n            <svg id=\"openBtn\" width=\"30px\" height=\"30px\" viewBox=\"0 0 16 16\" xmlns=\"http:\/\/www.w3.org\/2000\/svg\" fill=\"#f2f2f2\" class=\"bi bi-arrows-fullscreen model-icon\">\r\n                <path fill-rule=\"evenodd\" d=\"M5.828 10.172a.5.5 0 0 0-.707 0l-4.096 4.096V11.5a.5.5 0 0 0-1 0v3.975a.5.5 0 0 0 .5.5H4.5a.5.5 0 0 0 0-1H1.732l4.096-4.096a.5.5 0 0 0 0-.707zm4.344 0a.5.5 0 0 1 .707 0l4.096 4.096V11.5a.5.5 0 1 1 1 0v3.975a.5.5 0 0 1-.5.5H11.5a.5.5 0 0 1 0-1h2.768l-4.096-4.096a.5.5 0 0 1 0-.707zm0-4.344a.5.5 0 0 0 .707 0l4.096-4.096V4.5a.5.5 0 1 0 1 0V.525a.5.5 0 0 0-.5-.5H11.5a.5.5 0 0 0 0 1h2.768l-4.096 4.096a.5.5 0 0 0 0 .707zm-4.344 0a.5.5 0 0 1-.707 0L1.025 1.732V4.5a.5.5 0 0 1-1 0V.525a.5.5 0 0 1 .5-.5H4.5a.5.5 0 0 1 0 1H1.732l4.096 4.096a.5.5 0 0 1 0 .707z\"\/>\r\n            <\/svg>\r\n        \r\n            <svg id=\"closeBtn\" class=\"model-icon\" width=\"34px\" height=\"34px\" viewBox=\"0 0 24 24\" xmlns=\"http:\/\/www.w3.org\/2000\/svg\">\r\n                <path fill=\"none\" stroke=\"#f2f2f2\" stroke-width=\"2\" d=\"M7,7 L17,17 M7,17 L17,7\"\/>\r\n            <\/svg>\r\n        \r\n        <\/div>\r\n        <\/div> \r\n\r\n        <!-- Model Viewer Style -->\r\n        <style>\r\n            \r\n            .wrapper_25605 .bp_model_parent, #bp_model_id_25605 {\r\n                width: 1150px;\r\n                max-width: 100%;\r\n                                            }\r\n            #bp_model_id_25605 {\r\n                height:700px;\r\n                background-color: #f9f9f9;\r\n            }\r\n            .fullscreen #bp_model_id_25605{\r\n            height: 100%;\r\n            width: 100%;\r\n            }\r\n            .wrapper_25605 .bp_model_parent{\r\n                justify-content: start            }\r\n            model-viewer.model {\r\n                --poster-color: transparent;\r\n            }\r\n        <\/style>\r\n        \r\n        \n<h4>KART OKUYUCU F\u0130YATLI TURN\u0130KE KAPISI 2 y\u0131l garantili ve uzun \u00f6m\u00fcrl\u00fc bak\u0131m onar\u0131m deste\u011fi ta\u015f\u0131r.<\/h4>\n<p>OEM ve ODM hizmetleri sa\u011flayabiliriz. IC\/ID kart okuyucular\u0131, parmak izi taray\u0131c\u0131lar\u0131, QR kodu taray\u0131c\u0131lar\u0131, y\u00fcz tan\u0131ma kameralar\u0131 vb. gibi biyometrik cihazlar da sa\u011fl\u0131yoruz.<\/p>\n<p>G\u00fcvenlik turnikesi <a href=\"https:\/\/mairsturnstile.com\/swing-turnstile-gate.html\">d\u00f6ner turnike kap\u0131s\u0131<\/a>, k\u00f6t\u00fc ko\u015fullarda kullan\u0131labilen paslanmaz \u00e7elik bir kol ile birlikte gelen ince bir otomatik bariyer turnikesidir. \u015eerit geni\u015fli\u011fi 1100 mm&#8217;ye ula\u015fabilir ve bu da bisiklet eri\u015fim kontrol\u00fc i\u00e7in kullan\u0131labilir. Mekanizma darbelere kar\u015f\u0131 korumal\u0131d\u0131r. Birisi kola vurursa manuel olarak orijinal konumuna geri d\u00f6nebilir. Mairs, kart okuyucu fiyat\u0131yla en iyi turnike kap\u0131s\u0131n\u0131 sunuyor.<\/p>\n<p>Ger\u00e7ek senaryonuza g\u00f6re birka\u00e7 dakika i\u00e7inde sizin i\u00e7in bir render da olu\u015fturabiliriz. Ayr\u0131ca ayr\u0131nt\u0131l\u0131 yerle\u015fim planlar\u0131 ve \u00e7izimlerin yan\u0131 s\u0131ra kurulum \u00e7izimleri de sa\u011fl\u0131yoruz.<\/p>\n\n        \t\n\t<style type=\"text\/css\">\n\t\t.slider-info-25612.bafg-slider-info .bafg-slider-title {\n\t\t\t\t\t\tfont-size: 22px;\n\t\t\t\t\t\t\n\t\t\t\n\t\t\t\t\t}\n\n\t\t.slider-info-25612.bafg-slider-info .bafg-slider-description {\n\t\t\t\n\t\t\t\n\t\t\t\t\t}\n\n\t\t.slider-info-25612.bafg-slider-info .bafg_slider_readmore_button {\n\t\t\t\n\t\t\t\n\t\t\t\n\t\t\t\n\t\t\t\n\t\t\ttext-align: center;\n\n\t\t\t\n\t\t\t\n\t\t\t\n\t\t\t\n\t\t\t\n\t\t\t\n\t\t\t\t\t}\n\n\t\t.slider-info-25612.bafg-slider-info .bafg_slider_readmore_button:hover {\n\n\t\t\t\n\t\t\t\n\t\t\t\t\t}\n\n\t<\/style>\n\t\n        <div class=\"bafg-twentytwenty-container slider-25612 \" bafg-orientation=\"horizontal\" bafg-default-offset=\"0.5\" bafg-before-label=\"Before\" bafg-after-label=\"After\" bafg-overlay=\"yes\" bafg-move-slider-on-hover=\"yes\" bafg-click-to-move=\"no\">\n              \n            <img decoding=\"async\" class=\"skip-lazy\" src=\"http:\/\/mairsturnstile.com\/wp-content\/uploads\/2023\/07\/turnstile-gate-with-card-reader-price_4.jpg\" alt=\"\" data-skip-lazy title=\"\">\n            <img decoding=\"async\" class=\"skip-lazy\" src=\"http:\/\/mairsturnstile.com\/wp-content\/uploads\/2023\/07\/turnstile-gate-with-card-reader-price_5.jpg\" alt=\"\" data-skip-lazy title=\"\">\n           \n        <\/div>\n\n        \t<div class=\"bafg-slider-info-wraper\">\n\t\t<div style=\"\" class=\"slider-info-25612 bafg-slider-info\">\n\t\t\t\t\t<\/div>\n\t<\/div>\n\t\n        <style type=\"text\/css\">\n            \n        <\/style>\n        \n<ul>\n<li>Kart okuyuculu turnike kap\u0131s\u0131 fiyat\u0131, genellikle \u00e7ift y\u00f6nl\u00fc \u00e7al\u0131\u015fan trafik ak\u0131\u015f\u0131n\u0131n yo\u011fun oldu\u011fu yerlerde uygulanan y\u00fcksek h\u0131zl\u0131 g\u00fcvenlikli bir turnike kap\u0131s\u0131d\u0131r.<\/li>\n<li>\u015easi, \u00e7o\u011fu i\u00e7 mekan ortam\u0131na uyacak \u015fekilde kusursuz ve zarif bir eri\u015fim noktas\u0131 olu\u015fturan ince dokulu 304 <a href=\"https:\/\/en.wikipedia.org\/wiki\/Stainless_steel\" target=\"_blank\" rel=\"noopener\">paslanmaz \u00e7elikten<\/a> yap\u0131lm\u0131\u015ft\u0131r.<\/li>\n<li>Kart okuyucu fiyat\u0131na sahip bu d\u00f6ner turnike kap\u0131s\u0131, uluslararas\u0131 standart RS485 ve r\u00f6lelerle birlikte gelir; bu da onu sekt\u00f6rdeki mevcut t\u00fcm yaz\u0131l\u0131mlarla ve RFID sistemleri, Barkod sistemleri, Y\u00fcz tan\u0131ma sistemleri, parmak izi sistemleri vb. gibi neredeyse t\u00fcm eri\u015fim kontrol\u00fcyle geni\u015f \u00f6l\u00e7\u00fcde uyumlu hale getirir.<\/li>\n<li>Acil durumlarda elektri\u011fi kesin ve ofis turnikesi yang\u0131n g\u00fcvenli\u011fi gerekliliklerine uygun olarak serbest ge\u00e7i\u015fe izin verecek \u015fekilde otomatik olarak a\u00e7\u0131lacakt\u0131r. Ama bir pil ile gelmelidir. \u0130hracata gelince, pil hassast\u0131r, onu de\u011fi\u015ftirmek i\u00e7in kapasit\u00f6r kullanabiliriz.<\/li>\n<li>Ofis turnikesi l\u00fcks ve \u00fcst d\u00fczey giri\u015f \u00e7\u00f6z\u00fcmleri i\u00e7in uygundur.<\/li>\n<li>T\u00fcm sistem sorunsuz, d\u00fc\u015f\u00fck g\u00fcr\u00fclt\u00fcl\u00fc ve y\u00fcksek h\u0131zda \u00e7al\u0131\u015f\u0131r.<\/li>\n<li>Kart okuyucu fiyat\u0131 ile en iyi turnike kap\u0131s\u0131.<\/li>\n<li>\u0130leti\u015fim arabirimi: RS485<\/li>\n<li>Alarm fonksiyonu, yasa d\u0131\u015f\u0131 bir sald\u0131r\u0131 veya ters sald\u0131r\u0131 varsa, kap\u0131 alarm verir ve kap\u0131 kilitlenir.<\/li>\n<li>Toplamda 5 \u00e7ift k\u0131z\u0131l\u00f6tesi sens\u00f6r bulunmaktad\u0131r. Ortadaki sens\u00f6rler yayalar\u0131n s\u0131k\u0131\u015fmas\u0131n\u0131 \u00f6nlemek i\u00e7indir.<\/li>\n<li>Kuyruk \u00f6nleme i\u015flevi, bir ki\u015fi ayn\u0131 anda ge\u00e7ebilir. Birisi \u00f6ndekilerin pe\u015finden ko\u015farsa turnike kap\u0131s\u0131 alarm verecek<\/li>\n<li>LED g\u00f6stergesi. K\u0131z\u0131l ha\u00e7 ve ye\u015fil ok. Ayr\u0131ca \u00f6n direk \u00fczerinde led g\u00f6stergeler bulunmaktad\u0131r. Kollara led \u0131\u015f\u0131k eklenebilir.<\/li>\n<li>\u00c7ift y\u00f6nl\u00fc eri\u015fim, daha fazla kap\u0131 ihtiyac\u0131n\u0131 azalt\u0131r. Ge\u00e7i\u015f verimlili\u011fini art\u0131ran tekerlekli sandalye ve al\u0131\u015fveri\u015f arabas\u0131 i\u00e7in uygundur.<\/li>\n<li>Otomatik s\u0131f\u0131rlama i\u015flevi. Ki\u015filer \u00f6nceden ayarlanan s\u00fcre i\u00e7inde ge\u00e7erse (varsay\u0131lan s\u00fcre 5 saniyedir), sistem kullan\u0131c\u0131n\u0131n yetkisini iptal eder ve otomatik olarak kapan\u0131r.<\/li>\n<li>Darbe \u00f6nleyici, Kelep\u00e7e \u00f6nleyici, Kap\u0131lar f\u0131r\u00e7as\u0131z olarak gelir \u00c7al\u0131\u015fma s\u0131ras\u0131nda birisi kola \u00e7arparsa, kap\u0131 otomatik olarak s\u0131f\u0131rlan\u0131r. Bu i\u015flev, yayalar\u0131n, \u00f6zellikle \u00e7ocuklar\u0131n \u00e7arpmas\u0131n\u0131, \u00e7arpmas\u0131n\u0131, \u00e7arpmas\u0131n\u0131 vb. etkili bir \u015fekilde \u00f6nler. Maliyetinizden tasarruf etmek i\u00e7in kart okuyucu fiyat\u0131na sahip uygun fiyatl\u0131 turnike kap\u0131s\u0131.<\/li>\n<\/ul>\n<p>T\u00fcm g\u00fcvenlik eri\u015fim kontrol\u00fc \u00e7\u00f6z\u00fcm\u00fcn\u00fc sa\u011flayabiliriz. Kendi ge\u00e7i\u015f kontrol sisteminiz varsa, do\u011frudan turnike kap\u0131m\u0131z\u0131 kullanabilirsiniz. E\u011fer yoksa, eksiksiz bir g\u00fcvenlik eri\u015fim kontrol\u00fc \u00e7\u00f6z\u00fcm\u00fc de sa\u011fl\u0131yoruz. Ayr\u0131nt\u0131lar i\u00e7in l\u00fctfen a\u015fa\u011f\u0131daki videoya bak\u0131n.<\/p>\n<p><iframe title=\"Optik Swing Turnike, Swing bariyer turnikesi, Swing Turnike - MairsTurnstile\" src=\"https:\/\/www.youtube.com\/embed\/hdoBSoM85u4\" width=\"1150\" height=\"650\" frameborder=\"0\" allowfullscreen=\"allowfullscreen\"><\/iframe><\/p>\n","protected":false},"excerpt":{"rendered":"<p>1. Boyut: 1400*180*1000 mm (\u00f6zelle\u015ftirilebilir)<\/p>\n<p>2. Kulvar Geni\u015fli\u011fi: 600 mm (Standart) 900 mm(Engelli)<\/p>\n<p>3. Kol malzemesi: 304 paslanmaz \u00e7elik<\/p>\n<p>4. Ge\u00e7i\u015f h\u0131z\u0131: 40 ki\u015fi\/dk<\/p>\n<p>5. G\u00fc\u00e7 kayna\u011f\u0131: 110 V\/220 V 50\/60 Hz<\/p>\n<p>6. F\u0131r\u00e7as\u0131z motor: 40 W<\/p>\n<p>7. Kap\u0131 A\u00e7\u0131k Sinyali: Kuru Kontak\/ R\u00f6le<\/p>\n<p>8. Ofis turnikesi S\u00fcr\u00fc\u015f Motoru: 24 V<\/p>\n<p>9. Maksimum \u015eerit geni\u015fli\u011fi: 1600 mm<\/p>\n<p><strong><a title=\"Mairs CE Belgeli Sal\u0131ncak Turnike Kap\u0131s\u0131\" href=\"http:\/\/mairsturnstile.com\/wp-content\/uploads\/2022\/09\/Mairs-CE-Certificate-Swing-Turnstile-Gate.pdf\" target=\"_blank\" rel=\"noopener noreferrer\">CE Belgeli,<\/a> <a title=\"Mairs ISO9001 Sertifikas\u0131\" href=\"http:\/\/mairsturnstile.com\/wp-content\/uploads\/2022\/09\/Mairs-Registration-Certificate-ISO9001.pdf\" target=\"_blank\" rel=\"noopener noreferrer\">ISO9001 Sertifikal\u0131.<\/a><\/strong><\/p>\n<p><a title=\"Optik Swing Turnike Bro\u015f\u00fcr\u00fc\" href=\"http:\/\/mairsturnstile.com\/wp-content\/uploads\/2023\/12\/MT346-brochure.pdf\" target=\"_blank\" rel=\"noopener noreferrer\"><img decoding=\"async\" class=\"alignnone size-full wp-image-11034\" src=\"http:\/\/mairsturnstile.com\/wp-content\/uploads\/2022\/09\/pdf-MairsTurnstile.png\" alt=\"\" width=\"32\" height=\"32\"><span style=\"color: #0000ff;\"><strong>MT346 Optik Sal\u0131ncak Turntile Bro\u015f\u00fcr\u00fc<\/strong><\/span><\/a><\/p>\n","protected":false},"featured_media":29880,"comment_status":"closed","ping_status":"closed","template":"","meta":{"neve_meta_sidebar":"","neve_meta_container":"","neve_meta_enable_content_width":"off","neve_meta_content_width":0,"neve_meta_title_alignment":"","neve_meta_author_avatar":"","neve_post_elements_order":"","neve_meta_disable_header":"","neve_meta_disable_footer":"","neve_meta_disable_title":"","_ti_tpc_template_sync":false,"_ti_tpc_template_id":""},"product_cat":[1916,1917],"product_tag":[1926,2546,2547,2524,1922],"class_list":["post-34339","product","type-product","status-publish","has-post-thumbnail","hentry","product_cat-guvenlik-turnikeleri","product_cat-salincak-turnike-kapisi","product_tag-cikis-turnikesi","product_tag-kart-okuyuculu-turnike-kapisi","product_tag-kart-okuyuculu-turnike-kapisi-fiyati","product_tag-salincak-turnike-kapisi","product_tag-salincak-turnikesi"],"_links":{"self":[{"href":"https:\/\/mairsturnstile.com\/tr\/wp-json\/wp\/v2\/product\/34339","targetHints":{"allow":["GET"]}}],"collection":[{"href":"https:\/\/mairsturnstile.com\/tr\/wp-json\/wp\/v2\/product"}],"about":[{"href":"https:\/\/mairsturnstile.com\/tr\/wp-json\/wp\/v2\/types\/product"}],"replies":[{"embeddable":true,"href":"https:\/\/mairsturnstile.com\/tr\/wp-json\/wp\/v2\/comments?post=34339"}],"version-history":[{"count":0,"href":"https:\/\/mairsturnstile.com\/tr\/wp-json\/wp\/v2\/product\/34339\/revisions"}],"wp:featuredmedia":[{"embeddable":true,"href":"https:\/\/mairsturnstile.com\/tr\/wp-json\/wp\/v2\/media\/29880"}],"wp:attachment":[{"href":"https:\/\/mairsturnstile.com\/tr\/wp-json\/wp\/v2\/media?parent=34339"}],"wp:term":[{"taxonomy":"product_cat","embeddable":true,"href":"https:\/\/mairsturnstile.com\/tr\/wp-json\/wp\/v2\/product_cat?post=34339"},{"taxonomy":"product_tag","embeddable":true,"href":"https:\/\/mairsturnstile.com\/tr\/wp-json\/wp\/v2\/product_tag?post=34339"}],"curies":[{"name":"wp","href":"https:\/\/api.w.org\/{rel}","templated":true}]}}