{"id":34341,"date":"2020-09-13T17:14:29","date_gmt":"2020-09-13T09:14:29","guid":{"rendered":"https:\/\/mairsturnstile.com\/product\/servo-motor-yaya-salincak-kapisi-mt310"},"modified":"2025-04-07T18:04:17","modified_gmt":"2025-04-07T10:04:17","slug":"yaya-kapisi","status":"publish","type":"product","link":"https:\/\/mairsturnstile.com\/tr\/urun\/yaya-kapisi","title":{"rendered":"SERVO MOTOR YAYA SALINCAK KAPISI MT310"},"content":{"rendered":"        <!-- 3D Model html -->\r\n        <div class=\"bp_grand wrapper_25053\">   \r\n        <div class=\"bp_model_parent\">\r\n            <model-viewer class=\"model\" id=\"bp_model_id_25053\" src=\"http:\/\/mairsturnstile.com\/wp-content\/uploads\/2024\/05\/MT310-B-\u706f\u5e26\u52a0\u9ad8\u52a0\u4eba\u8138.glb\" alt=\"MT310-B \u706f\u5e26\u52a0\u9ad8\u52a0\u4eba\u8138\" camera-controls  loading=\"auto\" auto-rotate                        >\r\n            <\/model-viewer>\r\n        \r\n            <!-- Button -->\r\n            <svg id=\"openBtn\" width=\"30px\" height=\"30px\" viewBox=\"0 0 16 16\" xmlns=\"http:\/\/www.w3.org\/2000\/svg\" fill=\"#f2f2f2\" class=\"bi bi-arrows-fullscreen model-icon\">\r\n                <path fill-rule=\"evenodd\" d=\"M5.828 10.172a.5.5 0 0 0-.707 0l-4.096 4.096V11.5a.5.5 0 0 0-1 0v3.975a.5.5 0 0 0 .5.5H4.5a.5.5 0 0 0 0-1H1.732l4.096-4.096a.5.5 0 0 0 0-.707zm4.344 0a.5.5 0 0 1 .707 0l4.096 4.096V11.5a.5.5 0 1 1 1 0v3.975a.5.5 0 0 1-.5.5H11.5a.5.5 0 0 1 0-1h2.768l-4.096-4.096a.5.5 0 0 1 0-.707zm0-4.344a.5.5 0 0 0 .707 0l4.096-4.096V4.5a.5.5 0 1 0 1 0V.525a.5.5 0 0 0-.5-.5H11.5a.5.5 0 0 0 0 1h2.768l-4.096 4.096a.5.5 0 0 0 0 .707zm-4.344 0a.5.5 0 0 1-.707 0L1.025 1.732V4.5a.5.5 0 0 1-1 0V.525a.5.5 0 0 1 .5-.5H4.5a.5.5 0 0 1 0 1H1.732l4.096 4.096a.5.5 0 0 1 0 .707z\"\/>\r\n            <\/svg>\r\n        \r\n            <svg id=\"closeBtn\" class=\"model-icon\" width=\"34px\" height=\"34px\" viewBox=\"0 0 24 24\" xmlns=\"http:\/\/www.w3.org\/2000\/svg\">\r\n                <path fill=\"none\" stroke=\"#f2f2f2\" stroke-width=\"2\" d=\"M7,7 L17,17 M7,17 L17,7\"\/>\r\n            <\/svg>\r\n        \r\n        <\/div>\r\n        <\/div> \r\n\r\n        <!-- Model Viewer Style -->\r\n        <style>\r\n            \r\n            .wrapper_25053 .bp_model_parent, #bp_model_id_25053 {\r\n                width: 1150px;\r\n                max-width: 100%;\r\n                                            }\r\n            #bp_model_id_25053 {\r\n                height:700px;\r\n                background-color: #f9f9f9;\r\n            }\r\n            .fullscreen #bp_model_id_25053{\r\n            height: 100%;\r\n            width: 100%;\r\n            }\r\n            .wrapper_25053 .bp_model_parent{\r\n                justify-content: start            }\r\n            model-viewer.model {\r\n                --poster-color: transparent;\r\n            }\r\n        <\/style>\r\n        \r\n        \n<h4>Servo motor silindir h\u0131z kap\u0131lar\u0131 MT310, 2 y\u0131l garanti ve dayan\u0131kl\u0131 bak\u0131m ve onar\u0131m deste\u011fi ta\u015f\u0131r.<\/h4>\n<p>OEM ve ODM hizmetleri sa\u011flayabiliriz. Bu \u00e7\u0131k\u0131\u015f turnike kap\u0131lar\u0131n\u0131 ihtiya\u00e7lar\u0131n\u0131za g\u00f6re de \u00f6zelle\u015ftirebiliriz. \u00d6rne\u011fin \u00f6zel kanal geni\u015fli\u011fini \u00f6zelle\u015ftirebiliriz. IC\/ID kart okuyucular\u0131, parmak izi taray\u0131c\u0131lar\u0131, QR kodu taray\u0131c\u0131lar\u0131, y\u00fcz tan\u0131ma kameralar\u0131 vb. gibi biyometrik cihazlar da sa\u011fl\u0131yoruz. Bu cihazlar\u0131 tam boy turnike kap\u0131s\u0131na entegre etmeniz gerekiyorsa veya herhangi bir sorunuz varsa, l\u00fctfen <a href=\"https:\/\/mairsturnstile.com\/contact\" target=\"_blank\" rel=\"noopener\">bizimle ileti\u015fime<\/a> ge\u00e7in<\/p>\n<p><strong><b>Silindir h\u0131z kap\u0131lar\u0131, genellikle acil durum veya engelli ge\u00e7i\u015flerinde kullan\u0131lan bir t\u00fcr k\u00fc\u00e7\u00fck ve zarif tasar\u0131ml\u0131 h\u0131z kap\u0131s\u0131 turnike kap\u0131s\u0131d\u0131r.<\/b><\/strong><strong> Baz\u0131 yerlerde yo\u011fun trafik ak\u0131\u015f\u0131 var. Trafik t\u0131kan\u0131kl\u0131\u011f\u0131n\u0131 \u00f6nlemek i\u00e7in giri\u015f \u015feridini ve \u00e7\u0131k\u0131\u015f \u015feridini ayr\u0131 ayarlayabilirsiniz. Yani bu yaya sal\u0131ncak kap\u0131s\u0131 turnikesi tek y\u00f6nl\u00fc \u00e7al\u0131\u015fabilir. Ayr\u0131ca engelli tekerlekli sandalyeleri ve engelli yaya eri\u015fim kontrol\u00fc i\u00e7in de kullan\u0131labilir.<\/strong><\/p>\n<p>SERVO MOTOR silindir h\u0131z kap\u0131lar\u0131 \u00e7ok pop\u00fcler yaya h\u0131z kap\u0131s\u0131 turnikeleridir. Bir\u00e7ok m\u00fc\u015fteri bunu \u00e7ok seviyor ve g\u00fczel, basit, c\u00f6mert g\u00f6r\u00fcn\u00fcm\u00fc ve s\u00fcper y\u00fcksek maliyetli performans\u0131 nedeniyle yayg\u0131n olarak kullan\u0131l\u0131yor. Yaya silindir h\u0131z kap\u0131lar\u0131, performans\u0131na tam anlam\u0131yla katk\u0131da bulunabilecek benzersiz bir servo motor kullan\u0131r.   Bu \u00e7\u0131k\u0131\u015f turnike kap\u0131lar\u0131n\u0131 m\u00fc\u015fterilerin gereksinimlerine g\u00f6re de \u00f6zelle\u015ftirebiliriz. \u00d6rne\u011fin \u00f6zel kanal geni\u015fli\u011fini \u00f6zelle\u015ftirebiliriz. Mairs&#8217;in bu g\u00fczel elektronik turnike kap\u0131lar\u0131 \u00e7o\u011funlukla s\u00fcpermarketlerde, depolarda, bina lobilerinde ve di\u011fer ofis binalar\u0131nda kullan\u0131labilir.<\/p>\n<p>Turnike \u00fcreticilerinden <a href=\"https:\/\/mairsturnstile.com\/category\/security-turnstiles\/\" target=\"_blank\" rel=\"noopener\">g\u00fcvenlik turnikeleri<\/a> kap\u0131s\u0131 -Mairs ideal bir yaya eri\u015fim y\u00f6netimi \u00fcr\u00fcn\u00fcd\u00fcr. Silindirik h\u0131z kap\u0131s\u0131, \u00f6zellikle bagajl\u0131 ve engelli yolcular i\u00e7in Fastlane sa\u011flar. Esas olarak \u00fcst d\u00fczey konut binalar\u0131nda, ma\u011fazalarda, s\u00fcpermarketlerde, depolarda vb. kullan\u0131l\u0131r. Servo motor ile birlikte geldi\u011fi i\u00e7in silindirik h\u0131z kap\u0131s\u0131 kol uzunlu\u011fu di\u011fer h\u0131z kap\u0131lar\u0131na g\u00f6re \u00e7ok daha geni\u015ftir.<\/p>\n<p>Ger\u00e7ek senaryonuza g\u00f6re birka\u00e7 dakika i\u00e7inde sizin i\u00e7in bir render da olu\u015fturabiliriz. Ayr\u0131ca ayr\u0131nt\u0131l\u0131 yerle\u015fim planlar\u0131 ve \u00e7izimlerin yan\u0131 s\u0131ra kurulum \u00e7izimleri de sa\u011fl\u0131yoruz.<\/p>\n\n        \t\n\t<style type=\"text\/css\">\n\t\t.slider-info-25609.bafg-slider-info .bafg-slider-title {\n\t\t\t\t\t\tfont-size: 22px;\n\t\t\t\t\t\t\n\t\t\t\n\t\t\t\t\t}\n\n\t\t.slider-info-25609.bafg-slider-info .bafg-slider-description {\n\t\t\t\n\t\t\t\n\t\t\t\t\t}\n\n\t\t.slider-info-25609.bafg-slider-info .bafg_slider_readmore_button {\n\t\t\t\n\t\t\t\n\t\t\t\n\t\t\t\n\t\t\t\n\t\t\ttext-align: center;\n\n\t\t\t\n\t\t\t\n\t\t\t\n\t\t\t\n\t\t\t\n\t\t\t\n\t\t\t\t\t}\n\n\t\t.slider-info-25609.bafg-slider-info .bafg_slider_readmore_button:hover {\n\n\t\t\t\n\t\t\t\n\t\t\t\t\t}\n\n\t<\/style>\n\t\n        <div class=\"bafg-twentytwenty-container slider-25609 \" bafg-orientation=\"horizontal\" bafg-default-offset=\"0.5\" bafg-before-label=\"Before\" bafg-after-label=\"After\" bafg-overlay=\"yes\" bafg-move-slider-on-hover=\"yes\" bafg-click-to-move=\"no\">\n              \n            <img decoding=\"async\" class=\"skip-lazy\" src=\"http:\/\/mairsturnstile.com\/wp-content\/uploads\/2023\/07\/pedestrian-swing-gate_4.jpg\" alt=\"\" data-skip-lazy title=\"\">\n            <img decoding=\"async\" class=\"skip-lazy\" src=\"http:\/\/mairsturnstile.com\/wp-content\/uploads\/2023\/07\/pedestrian-swing-gate_5.jpg\" alt=\"\" data-skip-lazy title=\"\">\n           \n        <\/div>\n\n        \t<div class=\"bafg-slider-info-wraper\">\n\t\t<div style=\"\" class=\"slider-info-25609 bafg-slider-info\">\n\t\t\t\t\t<\/div>\n\t<\/div>\n\t\n        <style type=\"text\/css\">\n            \n        <\/style>\n        \n<p>Bu yaya silindir h\u0131z kap\u0131lar\u0131, \u00e7o\u011funlukla s\u00fcpermarketlerde, depolarda, yaya ge\u00e7itlerinde, bina salonlar\u0131nda, ofislerde ve di\u011fer yerlerde kullan\u0131lan pop\u00fcler bir d\u00f6ner turnike kap\u0131s\u0131d\u0131r. Video hakk\u0131nda esas olarak bu d\u00f6ner turnikenin boyutuna ve sal\u0131n\u0131m koluna yans\u0131yan iki farkl\u0131 tipte \u00f6zelle\u015ftirilmi\u015f yaya sal\u0131n\u0131m bariyeri kap\u0131s\u0131 g\u00f6sterilmektedir. \u0130ki \u00fcr\u00fcn\u00fcn d\u00f6ner kollar\u0131n\u0131n farkl\u0131 oldu\u011fu g\u00f6r\u00fclmekte olup bunlar akrilik veya metal blokaj \u00e7ubuklar\u0131 \u015feklinde olabilmektedir.<\/p>\n<p>M\u00fc\u015fterilerimizin \u00e7o\u011fu da bu silindirik h\u0131z kap\u0131s\u0131n\u0131n dayan\u0131kl\u0131, g\u00fczel ve uygun maliyetli oldu\u011funu bildirdi. Benzer bir yaya sal\u0131n\u0131m kap\u0131s\u0131n\u0131 \u00f6zelle\u015ftirmeniz gerekiyorsa, l\u00fctfen bizimle ileti\u015fime ge\u00e7mekten \u00e7ekinmeyin. Bu sal\u0131ncak turnikesini akrilik engelleme \u00e7ubuklar\u0131yla kontrol etmek istiyorsan\u0131z l\u00fctfen a\u015fa\u011f\u0131daki videoyu kontrol edin:<\/p>\n<ul>\n<li>Acil bir durumda, l\u00fctfen g\u00fcc\u00fc kesin, silindir h\u0131z kap\u0131lar\u0131 yang\u0131n g\u00fcvenli\u011fi gerekliliklerine uygun olarak serbest ge\u00e7i\u015fe izin vermek i\u00e7in otomatik olarak a\u00e7\u0131lacakt\u0131r.<\/li>\n<li><a href=\"https:\/\/en.wikipedia.org\/wiki\/Optical_turnstile\" target=\"_blank\" rel=\"noopener\">Optik turnike<\/a> acil \u00e7\u0131k\u0131\u015flar i\u00e7in yayg\u0131n olarak kullan\u0131lmaktad\u0131r.<\/li>\n<li>T\u00fcm sistem d\u00fc\u015f\u00fck g\u00fcr\u00fclt\u00fcyle sorunsuz \u00e7al\u0131\u015f\u0131r.<\/li>\n<li>Sorunsuz ve y\u00fcksek performansla \u00e7al\u0131\u015fan y\u00fcksek g\u00fc\u00e7l\u00fc servo motorla birlikte gelir.<\/li>\n<li>Silindir h\u0131z kap\u0131lar\u0131 kolu 500 mm temperli cam veya 800 mm akrilik kol olabilir.<\/li>\n<li>Akrilik kol kullan\u0131ld\u0131\u011f\u0131nda kollarda LED \u0131\u015f\u0131klar mevcuttur.<\/li>\n<li>Silindir h\u0131z kap\u0131lar\u0131 a\u00e7\u0131k sinyali: Kuru Kontak \/ R\u00f6le<\/li>\n<li>Tasar\u0131m k\u00fc\u00e7\u00fck ve zariftir ve ofis binas\u0131 lobilerinde yayg\u0131n olarak kullan\u0131lmaktad\u0131r.<\/li>\n<li>\u015eerit durumunu g\u00f6stermek i\u00e7in kola LED \u0131\u015f\u0131k eklenebilir.<\/li>\n<li>\u00c7ift y\u00f6nl\u00fc eri\u015fim, daha fazla kap\u0131 ihtiyac\u0131n\u0131 azalt\u0131r. Ge\u00e7i\u015f verimlili\u011fini art\u0131ran tekerlekli sandalye ve al\u0131\u015fveri\u015f arabas\u0131 i\u00e7in uygundur.<\/li>\n<li>Otomatik s\u0131f\u0131rlama i\u015flevi. Ki\u015filerin belirlenen s\u00fcre i\u00e7erisinde (varsay\u0131lan s\u00fcre 5 saniyedir) ge\u00e7memesi durumunda sistem kullan\u0131c\u0131n\u0131n yetkisini iptal edecek ve otomatik olarak kapanacakt\u0131r.<\/li>\n<\/ul>\n<p>T\u00fcm g\u00fcvenlik eri\u015fim kontrol\u00fc \u00e7\u00f6z\u00fcm\u00fcn\u00fc sa\u011flayabiliriz. Kendi ge\u00e7i\u015f kontrol sisteminiz varsa, do\u011frudan turnike kap\u0131m\u0131z\u0131 kullanabilirsiniz. E\u011fer yoksa, eksiksiz bir g\u00fcvenlik eri\u015fim kontrol\u00fc \u00e7\u00f6z\u00fcm\u00fc de sa\u011fl\u0131yoruz. Ayr\u0131nt\u0131lar i\u00e7in l\u00fctfen a\u015fa\u011f\u0131daki videoya bak\u0131n.<\/p>\n<p><iframe title=\"YouTube video oynat\u0131c\u0131\" src=\"https:\/\/www.youtube.com\/embed\/Z69v4_4BlEA?si=IwoZ07dF4lXe-bmN\" width=\"1150\" height=\"650\" frameborder=\"0\" allowfullscreen=\"allowfullscreen\"><span data-mce-type=\"bookmark\" style=\"display: inline-block; width: 0px; overflow: hidden; line-height: 0;\" class=\"mce_SELRES_start\"><\/span><\/iframe><\/p>\n","protected":false},"excerpt":{"rendered":"<p>1. Boyut: 168*1000 mm (\u00f6zelle\u015ftirilebilir)<\/p>\n<p>2. Standart \u015ferit geni\u015fli\u011fi: 600 mm (\u00f6zelle\u015ftirilebilir)<\/p>\n<p>3. Servo motor<\/p>\n<p>4. G\u00fc\u00e7 kayna\u011f\u0131: 110 V\/220 V 50\/60 Hz<\/p>\n<p>5. Silah malzemesi: Akrilik veya temperli cam<\/p>\n<p>6. Kol uzunlu\u011fu: Akrilik-800 mm veya temperli cam-500 mm<\/p>\n<p>7. S\u00fcr\u00fc\u015f Motoru: 24 V<\/p>\n<p>8. Turnike giri\u015f kap\u0131lar\u0131 A\u011f\u0131rl\u0131k: 30 kg\/adet<\/p>\n<p>9. G\u00f6vde Malzemesi: 304 paslanmaz \u00e7elik<\/p>\n<p><span style=\"color: #0000ff;\"><strong><a style=\"color: #0000ff;\" title=\"Mairs CE Belgeli Yaya Sal\u0131ncak Kap\u0131s\u0131\" href=\"http:\/\/mairsturnstile.com\/wp-content\/uploads\/2022\/09\/Mairs-CE-Certificate-MT310.pdf\" target=\"_blank\" rel=\"noopener noreferrer\">CE Belgeli,<\/a> <a style=\"color: #0000ff;\" title=\"Mairs ISO9001 Sertifikas\u0131\" href=\"http:\/\/mairsturnstile.com\/wp-content\/uploads\/2022\/09\/Mairs-Registration-Certificate-ISO9001.pdf\" target=\"_blank\" rel=\"noopener noreferrer\">ISO9001 Sertifikal\u0131.<\/a><\/strong><\/span><\/p>\n<p><a title=\"Servo motorlu yaya kap\u0131s\u0131\" href=\"http:\/\/mairsturnstile.com\/wp-content\/uploads\/2023\/12\/MT310-brochure.pdf\" target=\"_blank\" rel=\"noopener noreferrer\" data-wp-editing=\"1\"><img decoding=\"async\" class=\"alignnone size-full wp-image-11034\" src=\"http:\/\/mairsturnstile.com\/wp-content\/uploads\/2022\/09\/pdf-MairsTurnstile.png\" alt=\"\" width=\"32\" height=\"32\"><strong><span style=\"color: #0000ff;\">MT310 Servo Motorlu Yaya Kap\u0131s\u0131 Bro\u015f\u00fcr\u00fc<\/span><\/strong><\/a><\/p>\n","protected":false},"featured_media":58084,"comment_status":"closed","ping_status":"closed","template":"","meta":{"neve_meta_sidebar":"","neve_meta_container":"","neve_meta_enable_content_width":"off","neve_meta_content_width":0,"neve_meta_title_alignment":"","neve_meta_author_avatar":"","neve_post_elements_order":"","neve_meta_disable_header":"","neve_meta_disable_footer":"","neve_meta_disable_title":"","_ti_tpc_template_sync":false,"_ti_tpc_template_id":""},"product_cat":[1916,1917],"product_tag":[1926,1923,1925,2524,1922,3282,3283,1932,2551],"class_list":["post-34341","product","type-product","status-publish","has-post-thumbnail","hentry","product_cat-guvenlik-turnikeleri","product_cat-salincak-turnike-kapisi","product_tag-cikis-turnikesi","product_tag-optik-turnike","product_tag-optik-turnike-kapisi","product_tag-salincak-turnike-kapisi","product_tag-salincak-turnikesi","product_tag-silindir-hiz-kapilari","product_tag-silindirik-hiz-kapisi","product_tag-turnike-kapisi","product_tag-yaya-salincak-kapisi"],"_links":{"self":[{"href":"https:\/\/mairsturnstile.com\/tr\/wp-json\/wp\/v2\/product\/34341","targetHints":{"allow":["GET"]}}],"collection":[{"href":"https:\/\/mairsturnstile.com\/tr\/wp-json\/wp\/v2\/product"}],"about":[{"href":"https:\/\/mairsturnstile.com\/tr\/wp-json\/wp\/v2\/types\/product"}],"replies":[{"embeddable":true,"href":"https:\/\/mairsturnstile.com\/tr\/wp-json\/wp\/v2\/comments?post=34341"}],"version-history":[{"count":0,"href":"https:\/\/mairsturnstile.com\/tr\/wp-json\/wp\/v2\/product\/34341\/revisions"}],"wp:featuredmedia":[{"embeddable":true,"href":"https:\/\/mairsturnstile.com\/tr\/wp-json\/wp\/v2\/media\/58084"}],"wp:attachment":[{"href":"https:\/\/mairsturnstile.com\/tr\/wp-json\/wp\/v2\/media?parent=34341"}],"wp:term":[{"taxonomy":"product_cat","embeddable":true,"href":"https:\/\/mairsturnstile.com\/tr\/wp-json\/wp\/v2\/product_cat?post=34341"},{"taxonomy":"product_tag","embeddable":true,"href":"https:\/\/mairsturnstile.com\/tr\/wp-json\/wp\/v2\/product_tag?post=34341"}],"curies":[{"name":"wp","href":"https:\/\/api.w.org\/{rel}","templated":true}]}}